{"id":1548,"date":"2017-02-01T15:00:53","date_gmt":"2017-02-01T15:00:53","guid":{"rendered":"http:\/\/moverdb.com\/?page_id=1548"},"modified":"2026-01-08T15:20:43","modified_gmt":"2026-01-08T15:20:43","slug":"sirva","status":"publish","type":"page","link":"https:\/\/moverdb.com\/de\/sirva\/","title":{"rendered":"SIRVA - Internationaler Umzug &amp; Relocation Bewertungen"},"content":{"rendered":"<p>SIRVA ist ein weltweit t\u00e4tiges Umzugsunternehmen mit Hauptsitz in <a href=\"https:\/\/moverdb.com\/de\/moving-to-the-united-states\/moving-to-illinois\/\" data-internallinksmanager029f6b8e52c=\"401\" title=\"Umzug nach Illinois? 2026 Lebenshaltungskosten &amp; Umzugstipps\">Illinois<\/a>. Es bietet seinen Firmen- und Privatkunden eine Vielzahl von Umzugsdienstleistungen an. Diese sind im Folgenden zusammen mit einem Unternehmensprofil und Bewertungen aufgef\u00fchrt.<\/p>\n<p><strong>Internationaler Umzug<\/strong><\/p>\n<ul>\n<li> Weltweites Netzwerk von Umzugsressourcen<\/li>\n<li> Verfolgen Sie Ihre Sendung 24\/7<\/li>\n<li> Hausbesichtigung zur Ermittlung des Verpackungsbedarfs usw.<\/li>\n<li> Versicherung abgeschlossen<\/li>\n<li> Der pers\u00f6nliche Koordinator hilft bei der Erstellung der erforderlichen Unterlagen<\/li>\n<li> Verpacken und Verladen<\/li>\n<li> Zollabfertigung<\/li>\n<li> Lieferung und Auspacken<\/li>\n<li> Englisch sprechende Crewleiter stehen Ihnen bei der Auslieferung zur Seite<\/li>\n<li> Alle Gegenst\u00e4nde werden sorgf\u00e4ltig ausgeladen, mit Ihrer Inventarliste abgeglichen und in die richtigen R\u00e4ume gebracht.<\/li>\n<li> Zerbrechliche Gegenst\u00e4nde, wie Glas und <a href=\"https:\/\/moverdb.com\/de\/moving-to-china\/\" data-internallinksmanager029f6b8e52c=\"357\" title=\"Umzug nach China? 2026 Lebenshaltungskosten &amp; Umzugstipps\">china<\/a>wird auf ebenen Fl\u00e4chen ausgepackt<\/li>\n<li> Alle Verpackungsmaterialien und Abf\u00e4lle werden schnell aus Ihrer Wohnung entfernt<\/li>\n<\/ul>\n<p><strong>Umzugsdienste f\u00fcr Unternehmen<\/strong><\/p>\n<ul>\n<li> Dienstleistungen zur Eingew\u00f6hnung<\/li>\n<li> Visum und Arbeitserlaubnis<\/li>\n<li> Schule und Wohnungssuche<\/li>\n<li> Kulturelle Informationen<\/li>\n<li> Unterst\u00fctzung des Partners\/Ehegatten<\/li>\n<li> Spezialisierte Verpackung<\/li>\n<\/ul>\n<p><strong>Umzugsdienste<\/strong><\/p>\n<ul>\n<li> Umzug eines Haushalts<\/li>\n<li> Umzug des Unternehmens<\/li>\n<li> Lokaler Umzug<\/li>\n<li> Zwischenstaatlicher Umzug<\/li>\n<li> Internationaler Umzug<\/li>\n<li> Pers\u00f6nlicher Umzugsplan<\/li>\n<\/ul>\n<h2>SIRVA Unternehmensprofil<\/h2>\n<p>Sirva Inc. wurde 1997 gegr\u00fcndet und ist ein Unternehmen, das Umzugsdienstleistungen f\u00fcr Unternehmen und Privatpersonen anbietet. Das Unternehmen ist in mehr als 170 L\u00e4ndern in \u00fcber 1.400 St\u00e4dten t\u00e4tig und zu seinen nordamerikanischen Marken geh\u00f6ren <a href=\"https:\/\/moverdb.com\/de\/allied-van-lines\/\">Allied Van Lines<\/a> und <a href=\"https:\/\/moverdb.com\/de\/nord-amerikanische-van-lines\/\">North American Van Lines<\/a>.<\/p>\n<p>Sirva f\u00fchrt j\u00e4hrlich rund 385.000 Umz\u00fcge in 43 L\u00e4ndern der Welt durch. Darunter sind sowohl Firmenkunden als auch Milit\u00e4r- und Regierungsangeh\u00f6rige.<\/p>\n<p>Sirva verf\u00fcgt \u00fcber die folgenden Akkreditierungen und Mitgliedschaften:<\/p>\n<ul>\n<li> <a href=\"https:\/\/moverdb.com\/de\/ich-bin\/\">Internationaler Verband der M\u00f6belspediteure<\/a> (<a href=\"https:\/\/moverdb.com\/de\/iam\/\" data-internallinksmanager029f6b8e52c=\"23\" title=\"International Association of Movers (IAM) erkl\u00e4rt\">IAM<\/a>)<\/li>\n<\/ul>\n<h2>SIRVA-Bewertungen<\/h2>\n<p><strong>Positiv:<\/strong><\/p>\n<ul>\n<li> <em>\"Mein Mann und ich hatten eine wunderbare Erfahrung mit der Sirva-Hypothek f\u00fcr unseren k\u00fcrzlichen Umzug.<\/em> Karlee \u00fcber <a href=\"https:\/\/www.reputada.com\/company\/sirva.com\" target=\"_blank\" rel=\"noopener\">Reputada<\/a>.\n<\/ul>\n<p><strong>Negativ:<\/strong><\/p>\n<ul>\n<li> <em>\"Damit meine Antwort nicht als eine Art \"Verleumdung\" angesehen wird, werde ich mich bem\u00fchen, nur zu schildern, was geschehen ist, und versuchen, so wenig enthusiastische Worte zu benutzen, wie man vern\u00fcnftigerweise erwarten kann. <\/em> - Lilaora \u00fcber <a href=\"https:\/\/www.trulia.com\/voices\/Home_Selling\/Has_anyone_dealt_with_a_relocation_firm_called_SIR-29232\" target=\"_blank\" rel=\"noopener\">Trulia<\/a>.\n<\/ul>\n<p>F\u00fcr SIRVA-Marken sollten Sie auch lesen <a href=\"https:\/\/moverdb.com\/de\/allied-van-lines\/\">Allied Van Lines Bewertungen<\/a> und <a href=\"https:\/\/moverdb.com\/de\/nord-amerikanische-van-lines\/\">North American Van Lines Bewertungen<\/a>.<\/p>\n<div itemprop=\"review\" itemscope itemtype=\"http:\/\/schema.org\/Review\">\n<span itemprop=\"author\" itemscope=\"\" itemtype=\"http:\/\/schema.org\/Organization\"><span itemprop=\"name\">MoverDB.com<\/span><\/span> Online Website \u00dcberpr\u00fcfung f\u00fcr <span itemprop=\"itemreviewed\" itemscope=\"\" itemtype=\"http:\/\/schema.org\/Brand\"><span itemprop=\"name\">SIRVA<\/span><\/span>:<\/p>\n<ol>\n<li> Klare Kontaktangaben auf der Website (einschlie\u00dflich Telefonnummer): <strong>Ja<\/strong><\/li>\n<li> Leicht zu bekommen <a href=\"https:\/\/moverdb.com\/de\/zitate\/\">Angebote f\u00fcr internationale Umz\u00fcge<\/a>? (Online-Formular f\u00fcr Kostenvoranschl\u00e4ge): <strong>Ja<\/strong><\/li>\n<li> Klare Informationen auf der Website: <strong>Ja,<\/strong> Auf der Website sind alle angebotenen Dienstleistungen \u00fcbersichtlich dargestellt.<\/li>\n<li> Mitgliedschaft in international anerkannten Umzugsorganisationen: <strong>Ja<\/strong>(allerdings nur IAM)<\/li>\n<li> Liste der Kunden und\/oder Zeugnisse von fr\u00fcheren Kunden. <strong>Ja,<\/strong> Sie haben einen Abschnitt mit Fallstudien auf ihrer Website. Es gibt jedoch nur eine begrenzte Anzahl von Bewertungen aus dem Internet, die meisten sind neutral oder negativ.<\/li>\n<\/ol>\n<div itemprop=\"reviewRating\" itemscope itemtype=\"http:\/\/schema.org\/Rating\"><meta itemprop=\"worstRating\" content = \"0\" \/><meta itemprop=\"bestRating\" content=\"5\" \/><meta itemprop=\"ratingValue\" content=\"4.5\"><\/div>\n<p><strong>Gesamtbewertung: 4.5\/5<\/strong><br \/>\n<strong>Datum der \u00dcberpr\u00fcfung:<\/strong> <span itemprop=\"datePublished\" content=\"2016-02-01\">01\/02\/2017<\/span>\n<\/div>\n<p>Lesen Sie mehr \u00fcber <a href=\"https:\/\/moverdb.com\/de\/umzugsunternehmen\/\">internationale Umzugsunternehmen<\/a> und unsere <a href=\"https:\/\/moverdb.com\/de\/bewertungen\/\">\u00dcberpr\u00fcfungsprozess<\/a>.<\/p>\n<p><strong>Website:<\/strong> <a href=\"https:\/\/www.sirva.com\/\" target=\"_blank\" rel=\"noopener\">https:\/\/www.sirva.com\/<\/a> <\/p>","protected":false},"excerpt":{"rendered":"<p>SIRVA is a global relocation company with its head office in Illinois. It offers its corporate and individual clients a variety of moving services. These are listed below together with a company profile and reviews. International Moving Worldwide network of moving resources Track your shipment 24\/7 House survey to ascertain packing requirements etc Insurance arranged [&hellip;]<\/p>\n","protected":false},"author":1,"featured_media":0,"parent":0,"menu_order":0,"comment_status":"closed","ping_status":"closed","template":"","meta":{"_genesis_hide_title":false,"_genesis_hide_breadcrumbs":false,"_genesis_hide_singular_image":false,"_genesis_hide_footer_widgets":false,"_genesis_custom_body_class":"","_genesis_custom_post_class":"","_genesis_layout":"","footnotes":""},"class_list":{"0":"post-1548","1":"page","2":"type-page","3":"status-publish","5":"entry"},"_links":{"self":[{"href":"https:\/\/moverdb.com\/de\/wp-json\/wp\/v2\/pages\/1548","targetHints":{"allow":["GET"]}}],"collection":[{"href":"https:\/\/moverdb.com\/de\/wp-json\/wp\/v2\/pages"}],"about":[{"href":"https:\/\/moverdb.com\/de\/wp-json\/wp\/v2\/types\/page"}],"author":[{"embeddable":true,"href":"https:\/\/moverdb.com\/de\/wp-json\/wp\/v2\/users\/1"}],"replies":[{"embeddable":true,"href":"https:\/\/moverdb.com\/de\/wp-json\/wp\/v2\/comments?post=1548"}],"version-history":[{"count":5,"href":"https:\/\/moverdb.com\/de\/wp-json\/wp\/v2\/pages\/1548\/revisions"}],"predecessor-version":[{"id":6239,"href":"https:\/\/moverdb.com\/de\/wp-json\/wp\/v2\/pages\/1548\/revisions\/6239"}],"wp:attachment":[{"href":"https:\/\/moverdb.com\/de\/wp-json\/wp\/v2\/media?parent=1548"}],"curies":[{"name":"wp","href":"https:\/\/api.w.org\/{rel}","templated":true}]}}