{"id":1542,"date":"2017-02-01T16:45:14","date_gmt":"2017-02-01T16:45:14","guid":{"rendered":"http:\/\/moverdb.com\/?page_id=1542"},"modified":"2026-01-08T15:30:38","modified_gmt":"2026-01-08T15:30:38","slug":"vip-transport","status":"publish","type":"page","link":"https:\/\/moverdb.com\/de\/vip-transport\/","title":{"rendered":"VIP Transport - Internationaler Umzug Bewertungen"},"content":{"rendered":"<p>Die Hauptgesch\u00e4ftsstelle von VIP Transport befindet sich in Corona, CA. Das Unternehmen bietet seinen Kunden eine Vielzahl von Umzugsdienstleistungen an, die im Folgenden zusammen mit einem Unternehmensprofil und Bewertungen aufgef\u00fchrt sind.<\/p>\n<p><strong>Internationale Umz\u00fcge<\/strong><\/p>\n<p>Dienstleistungen vor der Zuweisung<\/p>\n<ul>\n<li>Visa- und Einwanderungsdienste<\/li>\n<li>Vorschau auf die Reise und Orientierung im Gebiet<\/li>\n<li>Informationen zu Land und Kultur<\/li>\n<\/ul>\n<p>Umzugsdienste<\/p>\n<ul>\n<li>Planung vor dem Umzug<\/li>\n<li>Transport von Hab und Gut<\/li>\n<li>Management des Umzugs<\/li>\n<li>Sendungsverfolgung<\/li>\n<\/ul>\n<p>Dienstleistungen f\u00fcr internationale Reiseziele<\/p>\n<ul>\n<li>Kulturelle und sprachliche Ausbildung<\/li>\n<li>Schulische Unterst\u00fctzung<\/li>\n<li>Unterst\u00fctzung des Partners\/Ehepartners<\/li>\n<li>Eingew\u00f6hnung in den Dienst<\/li>\n<li>Unterst\u00fctzung bei der Abreise<\/li>\n<\/ul>\n<p>Schutzdienste<\/p>\n<ul>\n<li>Gewichtsmultiplikator<\/li>\n<li>Hochwertige Best\u00e4nde<\/li>\n<li>Aufgeschl\u00fcsseltes bewertetes Inventar<\/li>\n<\/ul>\n<p>Hilfe beim Wohnen<\/p>\n<ul>\n<li>Dienstleistungen zur Wohnungssuche<\/li>\n<li>Vor\u00fcbergehende Unterbringung<\/li>\n<li>Verwaltung von Immobilien und Mietverh\u00e4ltnissen<\/li>\n<\/ul>\n<p><strong>Hausumz\u00fcge<\/strong><\/p>\n<ul>\n<li>Lokale, internationale und Langstrecken-Umz\u00fcge<\/li>\n<li>Lagerung und klimatisierte Lagerung<\/li>\n<li>Ma\u00dfgeschneiderte Verpackungen<\/li>\n<li>Einpacken und Auspacken<\/li>\n<li>Auto-Transport<\/li>\n<li>Anschluss von Netzwerk, PC und Theater<\/li>\n<li>Dienstleistungen im Immobilienbereich<\/li>\n<li>Dienstleistungen mit wei\u00dfem Handschuh<\/li>\n<\/ul>\n<p><strong>Unternehmensumzug<\/strong><\/p>\n<ul>\n<li>Pers\u00f6nlicher Koordinator<\/li>\n<li>Von T\u00fcr zu T\u00fcr<\/li>\n<li>Kompletter Service beim Einpacken und Auspacken<\/li>\n<li>Lang- und kurzfristige Lagerung<\/li>\n<li>Umfassende Berichte und Kostenverfolgung<\/li>\n<li>Gestaffelte Dienstleistungsangebote<\/li>\n<li>Flexible Dienstleistungen f\u00fcr Ausgaben auf der Grundlage von Zulagen<\/li>\n<li>Individuelle Willkommensflyer<\/li>\n<li>Online-Verfolgung<\/li>\n<li>Dedizierter Kundenbetreuer exklusiv f\u00fcr Mitarbeiter<\/li>\n<li>Vor\u00fcbergehende Unterbringung<\/li>\n<\/ul>\n<p><strong>Spezialisierte Dienstleistungen<\/strong><\/p>\n<ul>\n<li>Weinumzug und Versanddienstleistungen<\/li>\n<li>Ma\u00dfgeschneiderte Verpackungen<\/li>\n<li>Wei\u00dfe-Handschuh-Service<\/li>\n<li>Hochwertige Sammlerst\u00fccke<\/li>\n<li>Transport von medizinischem Material<\/li>\n<li>Elektronik und Robotik<\/li>\n<li>Gastgewerbe und Gesundheitswesen<\/li>\n<li>Musik und Unterhaltung<\/li>\n<li>Logistik in der Luft- und Raumfahrt<\/li>\n<li>Umsiedlung von Sportlern und Sportteams<\/li>\n<li>Dienst auf den Hawaii-Inseln<\/li>\n<li>Laborumzug<\/li>\n<li>Sch\u00f6ne K\u00fcnste und Antiquit\u00e4ten<\/li>\n<li>Milit\u00e4r und GSA<\/li>\n<li>Umz\u00fcge von Universit\u00e4ten und Hochschulen<\/li>\n<\/ul>\n<p><strong>Logistik<\/strong><\/p>\n<ul>\n<li>Logistik\/ LTL\/ Lkw-Ladung<\/li>\n<li>Lagerhaltung und Vertrieb<\/li>\n<li>F\u00e4higkeiten der Flotte<\/li>\n<li>Dienstleistungen auf Messen<\/li>\n<li>Kommerzielle Verlagerung<\/li>\n<li>Flachbett-Dienste<\/li>\n<li>Rigging-Dienste<\/li>\n<li><a href=\"https:\/\/moverdb.com\/de\/container-shipping\/\" data-internallinksmanager029f6b8e52c=\"3\" title=\"Chart der internationalen Containerschifffahrtsraten: April 2026\">Internationaler Versand<\/a><\/li>\n<\/ul>\n<p><strong>Lagerung<\/strong><\/p>\n<ul>\n<li>Lang- und Kurzfristig<\/li>\n<li>Klimatisiert mit minimaler UV-Beleuchtung<\/li>\n<li>Private Weinlagerung<\/li>\n<li>24-Stunden-Sicherheit<\/li>\n<li>Strenge Brand-, Alarm- und Sicherheitspr\u00fcfungen<\/li>\n<li>Private klimatisierte R\u00e4ume mit gesichertem Code-Eingangssystem verf\u00fcgbar<\/li>\n<\/ul>\n<h2>VIP Transport Unternehmensprofil<\/h2>\n<p>VIP Transport ist Teil der UniGroup, der Muttergesellschaft von <a href=\"https:\/\/moverdb.com\/de\/mayflower-transit\/\">Mayflower Transit<\/a> und <a href=\"https:\/\/moverdb.com\/de\/united-van-lines\/\">Vereinigte Van Lines<\/a>. Das 1982 gegr\u00fcndete Unternehmen bef\u00f6rdert weltweit Personen und G\u00fcter und st\u00fctzt sich dabei auf das Agenturnetz der UniGroup. <\/p>\n<p>In der <a href=\"https:\/\/moverdb.com\/de\/moving-to-the-united-states\/\" data-internallinksmanager029f6b8e52c=\"94\" title=\"Umzug in die Vereinigten Staaten? 2026 Lebenshaltungskosten &amp; Umzugstipps\">Vereinigte Staaten<\/a> allein stehen 1.100 Agenten zur Verf\u00fcgung, international sind es \u00fcber 1.350 Agenten. VIP Transport hat auch Zugang zu 46 Millionen Quadratmetern Lagerfl\u00e4che, von denen 7 Millionen klimatisiert sind.<\/p>\n<p>VIP Transport verf\u00fcgt \u00fcber einen spezialisierten Fuhrpark mit klimatisierten Anh\u00e4ngern, generatorbetriebenen Labortransportern und Tiefladern mit speziellen Ladem\u00f6glichkeiten. Das Unternehmen verfolgt ein strenges Umweltprogramm, um seinen \u00f6kologischen Fu\u00dfabdruck zu minimieren.<br \/>\nVIP Transport hat die folgenden Akkreditierungen und Mitgliedschaften:<\/p>\n<ul>\n<li> <a href=\"https:\/\/moverdb.com\/de\/amsa\/\">Amerikanische Vereinigung f\u00fcr Umzug und Lagerung<\/a> (<a href=\"https:\/\/moverdb.com\/de\/amsa\/\" data-internallinksmanager029f6b8e52c=\"5\" title=\"American Moving &amp; Storage Association (AMSA) erkl\u00e4rt\">AMSA<\/a>)<\/li>\n<li> <a href=\"https:\/\/moverdb.com\/de\/rim-promover\/\">ProMover<\/a><\/li>\n<li> Better Business Bureau (BBB) A+<\/li>\n<li> WBENC-zertifiziert<\/li>\n<li> ISO 9001<\/li>\n<\/ul>\n<h2>VIP Transport Bewertungen<\/h2>\n<p><strong>Positiv:<\/strong><\/p>\n<ul>\n<li> <em>\"Die <a href=\"https:\/\/moverdb.com\/de\/umziehen-nach-los-angeles\/\">Los Angeles<\/a> Die Clippers und VIP Transport haben im Laufe der Jahre eine wunderbare Beziehung aufgebaut. Sie waren immer bereit, uns bei den Umz\u00fcgen mehrerer Schl\u00fcsselspieler zu unterst\u00fctzen, ohne dass sich einer der Spieler beschwert h\u00e4tte.\"<\/em> - \u00fcber <a href=\"http:\/\/www.viptransport.com\/testimonials\/\" target=\"_blank\" rel=\"noopener\">Firmenzeugnis<\/a> Seite.<\/li>\n<li> <em>\"Diese Jungs bekommen eine 10 von 10.  Von der ersten Kontaktaufnahme bis zur Fertigstellung des Auftrags erhielten wir einen \"A-1-Service\".  \"<\/em> - Robert \u00fcber <a href=\"https:\/\/www.yelp.com\/biz\/vip-transport-corona-6?hrid=nuC3r_2wy6HRLOm4owqitg&#038;utm_campaign=www_review_share_popup&#038;utm_medium=copy_link&#038;utm_source=(direct)\" target=\"_blank\" rel=\"noopener\">Yelp<\/a><\/li>\n<li> <em>\"Ich hatte eine tolle Erfahrung mit VIP!\"<\/em> - Michelle \u00fcber <a href=\"https:\/\/www.mymovingreviews.com\/movers\/vip-transport-781#53376\" target=\"_blank\" rel=\"noopener\">MyMovingReviews<\/a><\/li>\n<\/ul>\n<p><strong>Negativ:<\/strong><\/p>\n<ul>\n<li><em>\"Ich w\u00fcnschte, ich k\u00f6nnte ihnen null Sterne geben.\"<\/em> - Nancy T. \u00fcber <a href=\"https:\/\/www.yelp.com\/biz\/vip-transport-corona-6?hrid=DvJSu2LKWnFvj2WuqZXtoQ&#038;utm_campaign=www_review_share_popup&#038;utm_medium=copy_link&#038;utm_source=(direct)\" target=\"_blank\" rel=\"noopener\">Yelp<\/a><\/li>\n<li> <em>\"Ich habe mich f\u00fcr Mayflower\/VIP Transport wegen des Vertreters entschieden, der einen Kostenvoranschlag vor Ort gemacht hat. Seine Erkl\u00e4rungen machten im Vergleich zu anderen Kostenvoranschl\u00e4gen am meisten Sinn f\u00fcr mich. Wie sich jedoch herausstellte, lag seine Gewichtssch\u00e4tzung um 6.000 Pfund \u00fcber meinem tats\u00e4chlichen Gewicht.\"<\/em> - Ruthie \u00fcber <a href=\"https:\/\/www.mymovingreviews.com\/movers\/vip-transport-781#50382\" target=\"_blank\" rel=\"noopener\">MyMovingReviews<\/a><\/li>\n<\/ul>\n<div itemprop=\"review\" itemscope itemtype=\"http:\/\/schema.org\/Review\">\n<span itemprop=\"author\" itemscope=\"\" itemtype=\"http:\/\/schema.org\/Organization\"><span itemprop=\"name\">MoverDB.com<\/span><\/span> Online Website \u00dcberpr\u00fcfung f\u00fcr <span itemprop=\"itemreviewed\" itemscope=\"\" itemtype=\"http:\/\/schema.org\/Brand\"><span itemprop=\"name\">VIP-Transport<\/span><\/span>:<\/p>\n<ol>\n<li> Klare Kontaktangaben auf der Website (einschlie\u00dflich Telefonnummer): <strong>Ja<\/strong><\/li>\n<li> Leicht zu bekommen <a href=\"https:\/\/moverdb.com\/de\/zitate\/\">Angebote f\u00fcr internationale Umz\u00fcge<\/a>? (Online-Formular f\u00fcr Kostenvoranschl\u00e4ge): <strong>Ja<\/strong><\/li>\n<li> Klare Informationen auf der Website: <strong>Ja,<\/strong> Die Website enth\u00e4lt viele detaillierte Informationen zum Umzug.<\/li>\n<li> Mitgliedschaft in international anerkannten Umzugsorganisationen: <strong>Ja<\/strong>(siehe oben)<\/li>\n<li> Liste der Kunden und\/oder Zeugnisse von fr\u00fcheren Kunden. <strong>Ja,<\/strong> Auf ihrer Website finden sich viele positive Kundenstimmen, und auch an anderer Stelle im Internet werden sie \u00fcberwiegend positiv bewertet.<\/li>\n<\/ol>\n<div itemprop=\"reviewRating\" itemscope itemtype=\"http:\/\/schema.org\/Rating\"><meta itemprop=\"worstRating\" content = \"0\" \/><meta itemprop=\"bestRating\" content=\"5\" \/><meta itemprop=\"ratingValue\" content=\"5\"><\/div>\n<p><strong>Gesamtbewertung: 5\/5<\/strong><br \/>\n<strong>Datum der \u00dcberpr\u00fcfung:<\/strong> <span itemprop=\"datePublished\" content=\"2017-02-01\">01\/02\/2017<\/span>\n<\/div>\n<p>Lesen Sie mehr \u00fcber <a href=\"https:\/\/moverdb.com\/de\/umzugsunternehmen\/\">internationale Umzugsunternehmen<\/a> und unsere <a href=\"https:\/\/moverdb.com\/de\/bewertungen\/\">\u00dcberpr\u00fcfungsprozess<\/a>.<\/p>\n<p><strong>Websites:<\/strong> <a href=\"http:\/\/www.viptransport.com\/\" target=\"_blank\" rel=\"noopener\">http:\/\/www.viptransport.com\/<\/a><\/p>","protected":false},"excerpt":{"rendered":"<p>VIP Transport&#8217;s head office is in Corona, CA. The company offers its clients a variety of moving services which are listed below, together with a company profile and reviews. International Moves Pre-assignment Services Visa and immigration services Preview trip and area orientation Country and culture information Moving Services Pre-move planning Transportation of belongings Managing the [&hellip;]<\/p>\n","protected":false},"author":1,"featured_media":0,"parent":0,"menu_order":0,"comment_status":"closed","ping_status":"closed","template":"","meta":{"_genesis_hide_title":false,"_genesis_hide_breadcrumbs":false,"_genesis_hide_singular_image":false,"_genesis_hide_footer_widgets":false,"_genesis_custom_body_class":"","_genesis_custom_post_class":"","_genesis_layout":"","footnotes":""},"class_list":{"0":"post-1542","1":"page","2":"type-page","3":"status-publish","5":"entry"},"_links":{"self":[{"href":"https:\/\/moverdb.com\/de\/wp-json\/wp\/v2\/pages\/1542","targetHints":{"allow":["GET"]}}],"collection":[{"href":"https:\/\/moverdb.com\/de\/wp-json\/wp\/v2\/pages"}],"about":[{"href":"https:\/\/moverdb.com\/de\/wp-json\/wp\/v2\/types\/page"}],"author":[{"embeddable":true,"href":"https:\/\/moverdb.com\/de\/wp-json\/wp\/v2\/users\/1"}],"replies":[{"embeddable":true,"href":"https:\/\/moverdb.com\/de\/wp-json\/wp\/v2\/comments?post=1542"}],"version-history":[{"count":5,"href":"https:\/\/moverdb.com\/de\/wp-json\/wp\/v2\/pages\/1542\/revisions"}],"predecessor-version":[{"id":6250,"href":"https:\/\/moverdb.com\/de\/wp-json\/wp\/v2\/pages\/1542\/revisions\/6250"}],"wp:attachment":[{"href":"https:\/\/moverdb.com\/de\/wp-json\/wp\/v2\/media?parent=1542"}],"curies":[{"name":"wp","href":"https:\/\/api.w.org\/{rel}","templated":true}]}}