{"id":1540,"date":"2017-02-26T17:21:37","date_gmt":"2017-02-26T17:21:37","guid":{"rendered":"http:\/\/moverdb.com\/?page_id=1540"},"modified":"2026-01-08T15:20:37","modified_gmt":"2026-01-08T15:20:37","slug":"royal-hawaiian-movers","status":"publish","type":"page","link":"https:\/\/moverdb.com\/de\/royal-hawaiian-movers\/","title":{"rendered":"Royal Hawaiian Movers - Internationaler Umzug Bewertungen"},"content":{"rendered":"<p>Royal Hawaiian Movers bietet seinen Kunden verschiedene Umz\u00fcge vor Ort, zwischen den Inseln und auf dem Festland an. Ihre Dienstleistungen sind unten aufgef\u00fchrt, zusammen mit einem Unternehmensprofil und Bewertungen.<\/p>\n<p><strong>Internationale Umz\u00fcge, Festlandumz\u00fcge und Umz\u00fcge zwischen Inseln<\/strong><\/p>\n<ul>\n<li> Von T\u00fcr zu T\u00fcr<\/li>\n<li >Kompletter Verpackungsservice, nur zerbrechliche Gegenst\u00e4nde oder DIY-Verpackung<\/li>\n<li> Demontage und Wiedermontage von M\u00f6beln<\/li>\n<li> IT-Umzug und -Einrichtung<\/li>\n<li> Auspackservice<\/li>\n<li> Lang- und kurzfristige Lagerung arrangiert<\/li>\n<li> Luftfracht oder Seefracht<\/li>\n<li> Versicherung abgeschlossen<\/li>\n<\/ul>\n<p><strong>Lokale und milit\u00e4rische Umz\u00fcge<\/strong><\/p>\n<ul>\n<li> Von T\u00fcr zu T\u00fcr<\/li>\n<li> Verpackungsmaterial wird gestellt<\/li>\n<li> Lang- und kurzfristige Lagerung<\/li>\n<li> Full-Service-Verpackung oder DIY-Verpackung verf\u00fcgbar<\/li>\n<li> Demontage und Wiedermontage von M\u00f6beln<\/li>\n<li> Auspackservice<\/li>\n<li> Versicherung abgeschlossen<\/li>\n<\/ul>\n<p><strong>Spezialit\u00e4t Umzugsdienste<\/strong><\/p>\n<ul>\n<li> Schwere Maschinen<\/li>\n<li> Medizinische Umzugsdienste<\/li>\n<li> \u00dcberdimensionierte Ger\u00e4te<\/li>\n<\/ul>\n<p><strong>Einrichtung<\/strong><\/p>\n<ul>\n<li> Hotel<\/li>\n<li> FF&amp;E (M\u00f6bel, Einrichtungsgegenst\u00e4nde und Ausr\u00fcstung)<\/li>\n<li> B\u00fcro<\/li>\n<li> Spezialit\u00e4t<\/li>\n<\/ul>\n<h2>Royal Hawaiian Movers Unternehmensprofil<\/h2>\n<p>Royal Hawaiian Movers wurde 1982 von Richard L. DeWitt gegr\u00fcndet. Das Unternehmen begann mit einem B\u00fcro in Honolulu, das dem Milit\u00e4r auf der Insel Oahu diente. Auch heute noch bildet das Milit\u00e4r den Kern von Royal Hawaiian Movers. In den sp\u00e4ten 1980er Jahren beschloss das Unternehmen, zu expandieren und in das Speditions- und Frachtgesch\u00e4ft einzusteigen. Heute verf\u00fcgt das Unternehmen \u00fcber eine Flotte von \u00fcber 60 Umzugsfahrzeugen.<\/p>\n<p>Royal Hawaiian Movers hat seitdem sein Gesch\u00e4ft auf Wohn-, Gesch\u00e4fts- und Milit\u00e4rumz\u00fcge auf lokaler Ebene, zwischen den Inseln und international ausgeweitet. Die DeWitt-Unternehmensgruppe bewegt seit \u00fcber 80 Jahren Menschen und Unternehmen rund um den Globus, und Royal Hawaiian Movers genie\u00dft es, das im Laufe der Jahrzehnte erworbene Know-how weiterzugeben. <\/p>\n<p>Ihr Ethos ist es, vertrauensvolle Beziehungen zu ihren Kunden aufzubauen, damit sie bei jedem Umzug wiederkommen.<\/p>\n<p>Royal Hawaiian Movers hat die folgenden Akkreditierungen und Mitgliedschaften:<\/p>\n<ul>\n<li> <a href=\"https:\/\/moverdb.com\/de\/rim-promover\/\">AMSA Pro Movers<\/a><\/li>\n<li> Zertifizierte Umzugsberater<\/li>\n<li> Zertifizierte Fahrer f\u00fcr gef\u00e4hrliche Materialien<\/li>\n<li> Personalausweis f\u00fcr Transportarbeiter<\/li>\n<li> Better Business Bureau (BBB)<\/li>\n<li> DeWitt Move Worldwide - ein Mitglied der <a href=\"https:\/\/moverdb.com\/de\/ich-bin\/\">IAM<\/a><\/li>\n<li> DOT-Lizenz #227698<\/li>\n<li> DOT-Lizenz f\u00fcr Kraftverkehrsunternehmen #165352<\/li>\n<li> DOT <a href=\"https:\/\/moverdb.com\/de\/freight-forwarder\/\" data-internallinksmanager029f6b8e52c=\"17\" title=\"Leitfaden f\u00fcr internationale Kosten und Unternehmen f\u00fcr Spediteure und NVOCC\">Spediteur<\/a> Lizenz #003549<\/li>\n<\/ul>\n<h2>Royal Hawaiian Movers Bewertungen<\/h2>\n<p><strong>Positiv:<\/strong><\/p>\n<ul>\n<li> <em>\"Umzug von Honolulu nach <a href=\"https:\/\/moverdb.com\/de\/moving-to-the-united-states\/moving-to-california\/\" data-internallinksmanager029f6b8e52c=\"330\" title=\"Umzug nach Kalifornien? 2026 Lebenshaltungskosten &amp; Umzugstipps\">Kalifornien<\/a>das milit\u00e4rische Set <a href=\"https:\/\/moverdb.com\/de\/moving-to-the-united-states\/\" data-internallinksmanager029f6b8e52c=\"94\" title=\"Umzug in die Vereinigten Staaten? 2026 Lebenshaltungskosten &amp; Umzugstipps\">us<\/a> mit Royal Hawaiian Movers... ***AMAZING*** Kundenservice.... Sie waren informativ, zuvorkommend, sauber und effizient. Royal Hawaiian Movers ist alles, was Sie f\u00fcr Ihren Umzug und Versand Probleme brauchen!!!\"<\/em> - Kelly G <a href=\"http:\/\/royalhawaiianmovers.com\/our-difference\/what-customers-say\/\" target=\"_blank\" rel=\"noopener\">Kundenreferenz<\/a><\/li>\n<li> <em>\"Professionell und mit gro\u00dfer Sorgfalt um meine Sachen gek\u00fcmmert. Ich bin auf das Festland umgezogen... aber sie haben mir den Umzug erleichtert. <a href=\"https:\/\/moverdb.com\/de\/moving-to-the-united-states\/moving-to-hawaii\/\" data-internallinksmanager029f6b8e52c=\"403\" title=\"Umzug nach Hawaii? 2026 Lebenshaltungskosten &amp; Umzugstipps\">Hawaii<\/a>.\"<\/em> - Robin \u00fcber <a href=\"https:\/\/www.facebook.com\/pg\/RoyalHawaiianMV\/reviews\/\" target=\"_blank\" rel=\"noopener\">Facebook<\/a><\/li>\n<li> <em>\"Alles in allem w\u00fcrde ich sie aufgrund des Preises und der Qualit\u00e4t der Dienstleistung weiterempfehlen.<\/em> - Ryan \u00fcber <a href=\"https:\/\/www.yelp.com\/biz\/royal-hawaiian-movers-honolulu-2?hrid=ClTUD764MZQoXt6f0DBLoA&#038;utm_campaign=www_review_share_popup&#038;utm_medium=copy_link&#038;utm_source=(direct)\" target=\"_blank\" rel=\"noopener\">Yelp<\/a><\/li>\n<\/ul>\n<p><strong>Negativ:<\/strong><\/p>\n<ul>\n<li> <em>\"Es tut mir leid, sagen zu m\u00fcssen, dass Royal Hawaiian Mover schreckliche M\u00f6belpacker sind! Sie haben unsere Sachen kaputt gemacht und einige Sachen meiner Gro\u00dfeltern sind verschwunden.\"<\/em> - Sharon \u00fcber <a href=\"https:\/\/www.facebook.com\/pg\/RoyalHawaiianMV\/reviews\/\" target=\"_blank\" rel=\"noopener\">Facebook<\/a><\/li>\n<li> <em>\"Sie haben uns im Eiltempo verpackt und dabei eine miserable Arbeit geleistet. Ein Haufen unserer Sachen kam kaputt und v\u00f6llig ruiniert an.\"<\/em> - Meghan \u00fcber <a href=\"https:\/\/www.yelp.com\/biz\/royal-hawaiian-movers-honolulu-2?hrid=2GCVIxDDbA41_6OusJ2KIQ&#038;utm_campaign=www_review_share_popup&#038;utm_medium=copy_link&#038;utm_source=(direct)\" target=\"_blank\" rel=\"noopener\">Yelp<\/a><\/li>\n<\/ul>\n<div itemprop=\"review\" itemscope itemtype=\"http:\/\/schema.org\/Review\">\n<span itemprop=\"author\" itemscope=\"\" itemtype=\"http:\/\/schema.org\/Organization\"><span itemprop=\"name\">MoverDB.com<\/span><\/span> Online Website \u00dcberpr\u00fcfung f\u00fcr <span itemprop=\"itemreviewed\" itemscope=\"\" itemtype=\"http:\/\/schema.org\/Brand\"><span itemprop=\"name\">Royal Hawaiian Umzugsunternehmen<\/span><\/span>:<\/p>\n<ol>\n<li> Klare Kontaktangaben auf der Website (einschlie\u00dflich Telefonnummer): <strong>Ja<\/strong><\/li>\n<li> Leicht zu bekommen <a href=\"https:\/\/moverdb.com\/de\/zitate\/\">Angebote f\u00fcr internationale Umz\u00fcge<\/a>? (Online-Formular f\u00fcr Kostenvoranschl\u00e4ge): <strong>Ja<\/strong><\/li>\n<li> Klare Informationen auf der Website: <strong>Ja,<\/strong> skizziert alle Dienstleistungen, ohne jedoch zu sehr ins Detail zu gehen.<\/li>\n<li> Mitgliedschaft in international anerkannten Umzugsorganisationen: <strong>Ja<\/strong>(siehe oben)<\/li>\n<li> Liste der Kunden und\/oder Zeugnisse von fr\u00fcheren Kunden: <strong>Ja,<\/strong> und obwohl es ein paar negative Bewertungen im Internet gibt, sind die j\u00fcngsten Bewertungen \u00fcberwiegend positiv.<\/li>\n<\/ol>\n<div itemprop=\"reviewRating\" itemscope itemtype=\"http:\/\/schema.org\/Rating\"><meta itemprop=\"worstRating\" content = \"0\" \/><meta itemprop=\"bestRating\" content=\"5\" \/><meta itemprop=\"ratingValue\" content=\"4.5\"><\/div>\n<p><strong>Gesamtbewertung: 4.5\/5<\/strong><br \/>\n<strong>Datum der \u00dcberpr\u00fcfung:<\/strong> <span itemprop=\"datePublished\" content=\"2017-02-26\">26\/02\/2017<\/span>\n<\/div>\n<p>Lesen Sie mehr \u00fcber <a href=\"https:\/\/moverdb.com\/de\/umzugsunternehmen\/\">internationale Umzugsunternehmen<\/a> und unsere <a href=\"https:\/\/moverdb.com\/de\/bewertungen\/\">\u00dcberpr\u00fcfungsprozess<\/a>.<\/p>\n<p><strong>Website:<\/strong> <a href=\"http:\/\/royalhawaiianmovers.com\/\" target=\"_blank\" rel=\"noopener\">http:\/\/royalhawaiianmovers.com\/<\/a><\/p>","protected":false},"excerpt":{"rendered":"<p>Royal Hawaiian Movers offers its customers various local, inter island and mainland moves. Their services are listed below, together with a company profile and reviews. International, Mainland and Inter Island Moves Door to door Full packing service, fragile items only or DIY packing Disassembly and reassembly of furniture IT removal and set up Unpacking service [&hellip;]<\/p>\n","protected":false},"author":1,"featured_media":0,"parent":0,"menu_order":0,"comment_status":"closed","ping_status":"closed","template":"","meta":{"_genesis_hide_title":false,"_genesis_hide_breadcrumbs":false,"_genesis_hide_singular_image":false,"_genesis_hide_footer_widgets":false,"_genesis_custom_body_class":"","_genesis_custom_post_class":"","_genesis_layout":"","footnotes":""},"class_list":{"0":"post-1540","1":"page","2":"type-page","3":"status-publish","5":"entry"},"_links":{"self":[{"href":"https:\/\/moverdb.com\/de\/wp-json\/wp\/v2\/pages\/1540","targetHints":{"allow":["GET"]}}],"collection":[{"href":"https:\/\/moverdb.com\/de\/wp-json\/wp\/v2\/pages"}],"about":[{"href":"https:\/\/moverdb.com\/de\/wp-json\/wp\/v2\/types\/page"}],"author":[{"embeddable":true,"href":"https:\/\/moverdb.com\/de\/wp-json\/wp\/v2\/users\/1"}],"replies":[{"embeddable":true,"href":"https:\/\/moverdb.com\/de\/wp-json\/wp\/v2\/comments?post=1540"}],"version-history":[{"count":7,"href":"https:\/\/moverdb.com\/de\/wp-json\/wp\/v2\/pages\/1540\/revisions"}],"predecessor-version":[{"id":6234,"href":"https:\/\/moverdb.com\/de\/wp-json\/wp\/v2\/pages\/1540\/revisions\/6234"}],"wp:attachment":[{"href":"https:\/\/moverdb.com\/de\/wp-json\/wp\/v2\/media?parent=1540"}],"curies":[{"name":"wp","href":"https:\/\/api.w.org\/{rel}","templated":true}]}}