{"id":1538,"date":"2017-02-23T08:47:51","date_gmt":"2017-02-23T08:47:51","guid":{"rendered":"http:\/\/moverdb.com\/?page_id=1538"},"modified":"2026-01-08T15:20:39","modified_gmt":"2026-01-08T15:20:39","slug":"siedeln","status":"publish","type":"page","link":"https:\/\/moverdb.com\/de\/settelen\/","title":{"rendered":"Settelen - Internationale Umz\u00fcge &amp; Umzugsbewertungen"},"content":{"rendered":"<p>Settelen ist ein Schweizer Unternehmen mit Sitz in <a href=\"https:\/\/moverdb.com\/de\/moving-to-basel\/\" data-internallinksmanager029f6b8e52c=\"263\" title=\"Umzug nach Basel? 2026 Lebenshaltungskosten &amp; Umzugstipps\">Basel<\/a>. Sie bietet ihren Kunden eine Reihe von Umzugsdienstleistungen an, die im Folgenden zusammen mit einem Unternehmensprofil und Bewertungen aufgef\u00fchrt sind.<\/p>\n<p><strong>Internationaler Umzug und Umz\u00fcge<\/strong><\/p>\n<ul>\n<li> Engagierter Umzugskoordinator<\/li>\n<li> Von T\u00fcr zu T\u00fcr<\/li>\n<li> Kompletter Verpackungsservice, nur zerbrechliche Gegenst\u00e4nde oder DIY-Verpackung<\/li>\n<li> Demontage und Wiedermontage von M\u00f6beln usw.<\/li>\n<li> Ma\u00dfgeschneiderte Kisten<\/li>\n<li> Umzugsgesch\u00e4ft f\u00fcr Verpackungsbedarf<\/li>\n<li> Vollst\u00e4ndiger Auspackservice verf\u00fcgbar<\/li>\n<li> Unterst\u00fctzung bei Zoll und Dokumentation<\/li>\n<li> Versicherung abgeschlossen<\/li>\n<li> Kurz- und Langzeitlagerung<\/li>\n<\/ul>\n<p><strong>Umz\u00fcge im Nah- und Fernverkehr<\/strong><\/p>\n<ul>\n<li> Engagierter Umzugskoordinator<\/li>\n<li> Von T\u00fcr zu T\u00fcr<\/li>\n<li> Vollst\u00e4ndiger Verpackungsservice bei Bedarf verf\u00fcgbar<\/li>\n<li> Demontage und Wiedermontage von M\u00f6beln usw.<\/li>\n<li> Vollst\u00e4ndiger Auspackservice bei Bedarf m\u00f6glich<\/li>\n<li> Versicherung abgeschlossen<\/li>\n<li> Kurz- und Langzeitlagerung m\u00f6glich<\/li>\n<li> Vollst\u00e4ndig ausgestatteter Umzugsladen f\u00fcr alle Verpackungsartikel<\/li>\n<\/ul>\n<p><strong>Gesch\u00e4ftliche Umz\u00fcge<\/strong><\/p>\n<ul>\n<li> Engagiertes Umzugsteam<\/li>\n<li> Von T\u00fcr zu T\u00fcr<\/li>\n<li> Au\u00dferhalb der Gesch\u00e4ftszeiten, um Betriebsunterbrechungen zu vermeiden<\/li>\n<li> Demontage und Wiedermontage von M\u00f6beln<\/li>\n<li> IT-Entfernung und Neuinstallation<\/li>\n<li> Vollst\u00e4ndiger Verpackungsservice oder Teilverpackungsservice<\/li>\n<li> Versicherung abgeschlossen<\/li>\n<li> Kurz- und Langzeitlagerung m\u00f6glich<\/li>\n<li> Spezialisierte Verpackungen<\/li>\n<li> Umz\u00fcge von Schwermaschinen<\/li>\n<li> Externer Aufzug<\/li>\n<\/ul>\n<p><strong>Besondere Umz\u00fcge<\/strong><\/p>\n<ul>\n<li> Messen und Ausstellungen<\/li>\n<li> Kunst und Antiquit\u00e4ten<\/li>\n<li> Schwere Maschinen<\/li>\n<li> Zerbrechliche Waren<\/li>\n<li> Klaviere und andere Musikinstrumente<\/li>\n<li> Waren exportieren<\/li>\n<\/ul>\n<p><strong>Sondertransport<\/strong><\/p>\n<ul>\n<li> F\u00fcr schwere, ungew\u00f6hnliche Gegenst\u00e4nde und Orte<\/li>\n<li> Logistik und Organisation<\/li>\n<li> Wahl des Fahrzeugs<\/li>\n<li> Kartierung einer Route<\/li>\n<li> Erlangung der erforderlichen Genehmigungen<\/li>\n<\/ul>\n<p><strong>Lagerung<\/strong><\/p>\n<ul>\n<li> Container aus Holz<\/li>\n<li> 24\/7 Sicherheit<\/li>\n<li> Regelm\u00e4\u00dfige Kontrollen der Container<\/li>\n<li> Sonderverpackung und -verpackung m\u00f6glich<\/li>\n<\/ul>\n<p><strong>Settelen Autovermietung<\/strong><\/p>\n<ul>\n<li> Personenkraftwagen<\/li>\n<li> Lieferwagen und Pickups<\/li>\n<li> Minibusse<\/li>\n<li> Fahrzeuge mit besonderer Zweckbestimmung<\/li>\n<\/ul>\n<h2>Settelen Firmenprofil<\/h2>\n<p>Die Settelen AG hat ihren Sitz in Basel, <a href=\"https:\/\/moverdb.com\/de\/moving-to-switzerland\/\" data-internallinksmanager029f6b8e52c=\"327\" title=\"Umzug in die Schweiz? 2026 Lebenshaltungskosten &amp; Umzugstipps\">Schweiz<\/a>. Dieses Unternehmen in Privatbesitz wurde 1883 gegr\u00fcndet. Sein Hauptgesch\u00e4ft ist der Transport und die Logistik, mit Nebeninteressen in den Bereichen Fahrzeugvermietung, Busreisen und Wartung und Reparatur von Kraftfahrzeugen.<\/p>\n<p>Settelen organisiert internationale, Fern- und Ortsumz\u00fcge f\u00fcr Privatpersonen und Unternehmen.<\/p>\n<p>Settelen verf\u00fcgt \u00fcber die folgenden Akkreditierungen und Zugeh\u00f6rigkeiten:<\/p>\n<ul>\n<li> <a href=\"https:\/\/moverdb.com\/de\/fidi-faim\/\">Verband der internationalen Umzugsunternehmen<\/a> (<a href=\"https:\/\/moverdb.com\/de\/fidi-faim\/\" data-internallinksmanager029f6b8e52c=\"16\" title=\"FIDI &amp; FAIM (FIDI Accredited International Mover) Erl\u00e4utert\">FIDI<\/a>)<\/li>\n<li> Schweizerischer Verband f\u00fcr Strassenverkehr (ASTAG)<\/li>\n<li> AGVS<\/li>\n<\/ul>\n<h2>Settelen Unternehmen Bewertungen<\/h2>\n<p>F\u00fcr Settelen gibt es derzeit keine Bewertungen in englischer Sprache, obwohl es bei Google Reviews 4,1 Sterne erh\u00e4lt.<\/p>\n<div itemprop=\"review\" itemscope itemtype=\"http:\/\/schema.org\/Review\">\n<span itemprop=\"author\" itemscope=\"\" itemtype=\"http:\/\/schema.org\/Organization\"><span itemprop=\"name\">MoverDB.com<\/span><\/span> Online Website \u00dcberpr\u00fcfung f\u00fcr <span itemprop=\"itemreviewed\" itemscope=\"\" itemtype=\"http:\/\/schema.org\/Brand\"><span itemprop=\"name\">Settelen<\/span><\/span>:<\/p>\n<ol>\n<li> Klare Kontaktangaben auf der Website (einschlie\u00dflich Telefonnummer): <strong>Ja<\/strong><\/li>\n<li> Leicht zu bekommen <a href=\"https:\/\/moverdb.com\/de\/zitate\/\">Angebote f\u00fcr internationale Umz\u00fcge<\/a>? (Online-Formular f\u00fcr Kostenvoranschl\u00e4ge): <strong>Ja<\/strong><\/li>\n<li> Klare Informationen auf der Website: <strong>Begrenzt<\/strong> Auf der Website werden die Dienstleistungen aufgef\u00fchrt, aber dar\u00fcber hinaus gibt es nicht viele Einzelheiten.<\/li>\n<li> Mitgliedschaft in international anerkannten Umzugsorganisationen: <strong>Ja<\/strong>(siehe oben)<\/li>\n<li> Liste der Kunden und\/oder Zeugnisse von fr\u00fcheren Kunden: <strong>Nein,<\/strong> und es gibt nur wenige Informationen \u00fcber sie, die anderswo verf\u00fcgbar sind.<\/li>\n<\/ol>\n<div itemprop=\"reviewRating\" itemscope itemtype=\"http:\/\/schema.org\/Rating\"><meta itemprop=\"worstRating\" content = \"0\" \/><meta itemprop=\"bestRating\" content=\"5\" \/><meta itemprop=\"ratingValue\" content=\"4\"><\/div>\n<p><strong>Gesamtbewertung: 4\/5<\/strong><br \/>\n<strong>Datum der \u00dcberpr\u00fcfung:<\/strong> <span itemprop=\"datePublished\" content=\"2017-02-23\">23\/02\/2017<\/span>\n<\/div>\n<p>Lesen Sie mehr \u00fcber <a href=\"https:\/\/moverdb.com\/de\/umzugsunternehmen\/\">internationale Umzugsunternehmen<\/a> und unsere <a href=\"https:\/\/moverdb.com\/de\/bewertungen\/\">\u00dcberpr\u00fcfungsprozess<\/a>.<\/p>\n<p><strong>Websites:<\/strong> <a href=\"http:\/\/www.settelen.ch\/\" target=\"_blank\" rel=\"noopener\">http:\/\/www.settelen.ch\/<\/a><\/p>","protected":false},"excerpt":{"rendered":"<p>Settelen is Swiss company based in Basel. It offers its customers a range of moving services which are listed below, together with a company profile and reviews. International Moving &#038; Removals Dedicated move coordinator Door to door Full packing service, fragile items only or DIY packing Disassembly and reassembly of furniture etc Customised crates Removal [&hellip;]<\/p>\n","protected":false},"author":1,"featured_media":0,"parent":0,"menu_order":0,"comment_status":"closed","ping_status":"closed","template":"","meta":{"_genesis_hide_title":false,"_genesis_hide_breadcrumbs":false,"_genesis_hide_singular_image":false,"_genesis_hide_footer_widgets":false,"_genesis_custom_body_class":"","_genesis_custom_post_class":"","_genesis_layout":"","footnotes":""},"class_list":{"0":"post-1538","1":"page","2":"type-page","3":"status-publish","5":"entry"},"_links":{"self":[{"href":"https:\/\/moverdb.com\/de\/wp-json\/wp\/v2\/pages\/1538","targetHints":{"allow":["GET"]}}],"collection":[{"href":"https:\/\/moverdb.com\/de\/wp-json\/wp\/v2\/pages"}],"about":[{"href":"https:\/\/moverdb.com\/de\/wp-json\/wp\/v2\/types\/page"}],"author":[{"embeddable":true,"href":"https:\/\/moverdb.com\/de\/wp-json\/wp\/v2\/users\/1"}],"replies":[{"embeddable":true,"href":"https:\/\/moverdb.com\/de\/wp-json\/wp\/v2\/comments?post=1538"}],"version-history":[{"count":3,"href":"https:\/\/moverdb.com\/de\/wp-json\/wp\/v2\/pages\/1538\/revisions"}],"predecessor-version":[{"id":6236,"href":"https:\/\/moverdb.com\/de\/wp-json\/wp\/v2\/pages\/1538\/revisions\/6236"}],"wp:attachment":[{"href":"https:\/\/moverdb.com\/de\/wp-json\/wp\/v2\/media?parent=1538"}],"curies":[{"name":"wp","href":"https:\/\/api.w.org\/{rel}","templated":true}]}}