{"id":1536,"date":"2017-07-10T10:48:14","date_gmt":"2017-07-10T10:48:14","guid":{"rendered":"http:\/\/moverdb.com\/?page_id=1536"},"modified":"2026-01-08T15:20:49","modified_gmt":"2026-01-08T15:20:49","slug":"teletrans","status":"publish","type":"page","link":"https:\/\/moverdb.com\/de\/teletrans\/","title":{"rendered":"Teletrans - Internationale Umz\u00fcge und Umzugsbewertungen"},"content":{"rendered":"<p>Teletrans hat seinen Sitz in Attika <a href=\"https:\/\/moverdb.com\/de\/moving-to-greece\/\" data-internallinksmanager029f6b8e52c=\"353\" title=\"Umzug nach Griechenland? 2026 Lebenshaltungskosten &amp; Umzugstipps\">Griechenland<\/a>. Es handelt sich um ein Umzugs- und Relocation-Unternehmen, das seinen Kunden eine breite Palette von Dienstleistungen anbietet. Diese sind unten aufgef\u00fchrt, zusammen mit einem Unternehmensprofil und Bewertungen.<\/p>\n<p><strong>Internationale Umz\u00fcge<\/strong><\/p>\n<ul>\n<li> Engagierter Umzugsmanager<\/li>\n<li> Full-Service-Verpackung, Teilverpackung oder DIY-Verpackung<\/li>\n<li> Kurz- und Langzeitlagerung m\u00f6glich<\/li>\n<li> Demontage und Wiedermontage von M\u00f6beln<\/li>\n<li> Land-, See- oder Lufttransfer<\/li>\n<li> Unterst\u00fctzung bei Zoll und Dokumentation<\/li>\n<li> Auspackservice verf\u00fcgbar<\/li>\n<li> Beseitigung von Tr\u00fcmmern<\/li>\n<\/ul>\n<p><strong>Umzugsdienste<\/strong><\/p>\n<ul>\n<li> Zeitplan der Reise<\/li>\n<li> Ticketbuchung und Hotelreservierung<\/li>\n<li> Informationen \u00fcber das Verfahren zur Ausstellung eines VISA f\u00fcr das Bestimmungsland<\/li>\n<li> Informationen \u00fcber Schulen<\/li>\n<li> Informationen zur Unterbringung<\/li>\n<li> Informationen zur Verbringung von Haustieren<\/li>\n<li> Feststellung des vor\u00fcbergehenden Aufenthalts<\/li>\n<li> Vermittlung von Sprachkursen vor Ort<\/li>\n<li> Vorschl\u00e4ge zur Unterhaltung und zum Kennenlernen der Region, z. B. Besuch von Museen und Sehensw\u00fcrdigkeiten, kulturelle Veranstaltungen, Ausfl\u00fcge usw.<\/li>\n<li>Unterst\u00fctzung beim Einzug (Elektriker, Klempner, Reinigungsdienste usw.)<\/li>\n<\/ul>\n<p><strong>Firmenumzug<\/strong><\/p>\n<ul>\n<li>Inspektion und Planung<\/li>\n<li>Verpacken<\/li>\n<li>Lagerung<\/li>\n<li>Zollabfertigung, falls erforderlich<\/li>\n<li>Versicherung<\/li>\n<li>Lieferung und Auspacken am Bestimmungsort<\/li>\n<\/ul>\n<p><strong>Besondere Bewegungen<\/strong><\/p>\n<ul>\n<li>Milit\u00e4rische Ausr\u00fcstung und Fahrzeuge<\/li>\n<li>Schwere Maschinen<\/li>\n<li>\u00dcbergro\u00dfe und \u00fcbersch\u00fcssige Fracht<\/li>\n<li>Kunstwerke in ma\u00dfgefertigten Kisten<\/li>\n<li>Bildungseinrichtungen<\/li>\n<li>Heilb\u00e4der und Fitnessstudios<\/li>\n<\/ul>\n<p><strong>Ausstellungen<\/strong><\/p>\n<ul>\n<li>Verpackung von Ausstellungsmaterial<\/li>\n<li>Vorbereitung der Dokumentation f\u00fcr den Export<\/li>\n<li>Ermittlung der geeignetsten Versandart<\/li>\n<li>Lieferung<\/li>\n<li>Installation des Ausstellungsmaterials<\/li>\n<li>Umpacken des Materials und Versand an den Ursprungsort<\/li>\n<\/ul>\n<p><strong>Lagerung<\/strong><\/p>\n<ul>\n<li>Lang- und Kurzfristig<\/li>\n<li>24\/7 \u00dcberwachung<\/li>\n<li>Klimatisiert verf\u00fcgbar<\/li>\n<\/ul>\n<h2>Teletrans Unternehmensprofil<\/h2>\n<p>Teletrans wurde 1979 von Ria Stergiopoulou in Attika, Griechenland, mit dem Ziel gegr\u00fcndet, Menschen und G\u00fcter in Griechenland zu bef\u00f6rdern. Heute ist das Unternehmen einer der f\u00fchrenden griechischen Anbieter von Personen-, Unternehmens- und Kunsttransporten in der ganzen Welt.<\/p>\n<p>Teletrans verf\u00fcgt \u00fcber eine eigene Fahrzeugflotte, die von Mitarbeitern des Unternehmens gefahren wird. Au\u00dferdem verf\u00fcgt das Unternehmen \u00fcber eine hochmoderne Lagereinrichtung in Attika, in der auch die empfindlichsten G\u00fcter vor und nach dem Versand gelagert werden k\u00f6nnen. Teletrans verf\u00fcgt \u00fcber ein sorgf\u00e4ltig ausgew\u00e4hltes Netz von Agenten, die sie bei Transporten in und aus Griechenland unterst\u00fctzen.<\/p>\n<p>Teletrans ist bestrebt, seinen \u00f6kologischen Fu\u00dfabdruck zu verringern und w\u00e4hlt bewusst recycelte Verpackungsmaterialien. Au\u00dferdem nutzt das Unternehmen nach M\u00f6glichkeit Solarenergie. Das Unternehmen hat jetzt ein B\u00fcro in Br\u00fcssel er\u00f6ffnet, das ebenfalls umweltfreundliche Praktiken anwendet.<\/p>\n<p>Teletrans verf\u00fcgt \u00fcber die folgenden Akkreditierungen und Mitgliedschaften:<\/p>\n<ul>\n<li>EN ISO 9001:2008<\/li>\n<li><a href=\"https:\/\/moverdb.com\/de\/ich-bin\/\" target=\"_blank\" rel=\"noopener\">Internationaler Verband der M\u00f6belspediteure<\/a> (<a href=\"https:\/\/moverdb.com\/de\/iam\/\" data-internallinksmanager029f6b8e52c=\"23\" title=\"International Association of Movers (IAM) erkl\u00e4rt\">IAM<\/a>)<\/li>\n<li><a href=\"https:\/\/moverdb.com\/de\/fedemac\/\" target=\"_blank\" rel=\"noopener\">F\u00f6deration der europ\u00e4ischen Spediteure<\/a> (<a href=\"https:\/\/moverdb.com\/de\/fedemac\/\" data-internallinksmanager029f6b8e52c=\"15\" title=\"F\u00f6deration der europ\u00e4ischen Spediteure (FEDEMAC) erkl\u00e4rt\">FEDEMAC<\/a>)<\/li>\n<li>Verband der Speditions- und Logistikunternehmen in Griechenland (SYNDDEL)<\/li>\n<\/ul>\n<h2>Teletrans-Bewertungen<\/h2>\n<p>Zum Zeitpunkt der Erstellung dieses Berichts konnten wir keine positiven oder negativen Bewertungen f\u00fcr Teletrans in englischer Sprache finden. <\/p>\n<div itemprop=\"review\" itemscope itemtype=\"http:\/\/schema.org\/Review\">\n<span itemprop=\"author\" itemscope=\"\" itemtype=\"http:\/\/schema.org\/Organization\"><span itemprop=\"name\">MoverDB.com<\/span><\/span> Online Website \u00dcberpr\u00fcfung f\u00fcr <span itemprop=\"itemreviewed\" itemscope=\"\" itemtype=\"http:\/\/schema.org\/Brand\"><span itemprop=\"name\">Teletrans<\/span><\/span>:<\/p>\n<ol>\n<li> Klare Kontaktangaben auf der Website (einschlie\u00dflich Telefonnummer): <strong>Ja<\/strong><\/li>\n<li> Leicht zu bekommen <a href=\"https:\/\/moverdb.com\/de\/zitate\/\">Angebote f\u00fcr internationale Umz\u00fcge<\/a>? (Online-Formular f\u00fcr Kostenvoranschl\u00e4ge): <strong>Ja<\/strong><\/li>\n<li> Klare Informationen auf der Website: <strong>Ja,<\/strong> Die Website ist \u00fcbersichtlich und einigerma\u00dfen informativ.<\/li>\n<li> Mitgliedschaft in international anerkannten Umzugsorganisationen: <strong>Ja<\/strong>(siehe oben)<\/li>\n<li> Liste der Kunden und\/oder Zeugnisse von fr\u00fcheren Kunden. <strong>Nein,<\/strong>Es gibt zwar eine Liste von Kunden, aber keine Erfahrungsberichte oder Bewertungen von Kunden.<\/li>\n<\/ol>\n<div itemprop=\"reviewRating\" itemscope itemtype=\"http:\/\/schema.org\/Rating\"><meta itemprop=\"worstRating\" content = \"0\" \/><meta itemprop=\"bestRating\" content=\"5\" \/><meta itemprop=\"ratingValue\" content=\"4.5\"><\/div>\n<p><strong>Gesamtbewertung: 4.5\/5<\/strong><br \/>\n<strong>Datum der \u00dcberpr\u00fcfung:<\/strong> <span itemprop=\"datePublished\" content=\"2017-07-10\">10\/07\/2017<\/span>\n<\/div>\n<p>Lesen Sie mehr \u00fcber <a href=\"https:\/\/moverdb.com\/de\/umzugsunternehmen\/\">internationale Umzugsunternehmen<\/a> und unsere <a href=\"https:\/\/moverdb.com\/de\/bewertungen\/\">\u00dcberpr\u00fcfungsprozess erkl\u00e4rt<\/a>.<\/p>\n<p><strong>Website:<\/strong> <a href=\"http:\/\/www.teletranseu.com\/\" target=\"_blank\" rel=\"noopener\">http:\/\/www.teletranseu.com\/<\/a><\/p>","protected":false},"excerpt":{"rendered":"<p>Teletrans is located in Attica Greece. It is a moving and relocation company that offers its clients a wide range of services. These are listed below, together with a company profile and reviews. International Moves Dedicated move manager Full service packing, partial packing or DIY packing Short and long term storage available Disassembly and reassembly [&hellip;]<\/p>\n","protected":false},"author":1,"featured_media":0,"parent":0,"menu_order":0,"comment_status":"closed","ping_status":"closed","template":"","meta":{"_genesis_hide_title":false,"_genesis_hide_breadcrumbs":false,"_genesis_hide_singular_image":false,"_genesis_hide_footer_widgets":false,"_genesis_custom_body_class":"","_genesis_custom_post_class":"","_genesis_layout":"","footnotes":""},"class_list":{"0":"post-1536","1":"page","2":"type-page","3":"status-publish","5":"entry"},"_links":{"self":[{"href":"https:\/\/moverdb.com\/de\/wp-json\/wp\/v2\/pages\/1536","targetHints":{"allow":["GET"]}}],"collection":[{"href":"https:\/\/moverdb.com\/de\/wp-json\/wp\/v2\/pages"}],"about":[{"href":"https:\/\/moverdb.com\/de\/wp-json\/wp\/v2\/types\/page"}],"author":[{"embeddable":true,"href":"https:\/\/moverdb.com\/de\/wp-json\/wp\/v2\/users\/1"}],"replies":[{"embeddable":true,"href":"https:\/\/moverdb.com\/de\/wp-json\/wp\/v2\/comments?post=1536"}],"version-history":[{"count":4,"href":"https:\/\/moverdb.com\/de\/wp-json\/wp\/v2\/pages\/1536\/revisions"}],"predecessor-version":[{"id":6244,"href":"https:\/\/moverdb.com\/de\/wp-json\/wp\/v2\/pages\/1536\/revisions\/6244"}],"wp:attachment":[{"href":"https:\/\/moverdb.com\/de\/wp-json\/wp\/v2\/media?parent=1536"}],"curies":[{"name":"wp","href":"https:\/\/api.w.org\/{rel}","templated":true}]}}