{"id":1528,"date":"2017-02-01T16:05:53","date_gmt":"2017-02-01T16:05:53","guid":{"rendered":"http:\/\/moverdb.com\/?page_id=1528"},"modified":"2026-01-08T15:20:40","modified_gmt":"2026-01-08T15:20:40","slug":"shipco-transport","status":"publish","type":"page","link":"https:\/\/moverdb.com\/de\/shipco-transport\/","title":{"rendered":"Shipco Transport - Internationale Umz\u00fcge Bewertungen"},"content":{"rendered":"<p>Shipco Transport bietet See- und Luftfrachtdienste f\u00fcr professionelle Umzugsunternehmen, nicht f\u00fcr Privatpersonen, an. Die Dienstleistungen des Unternehmens sind unten aufgef\u00fchrt, zusammen mit einem Unternehmensprofil und Bewertungen.<\/p>\n<p><strong>Internationaler Verkehr von Haushaltswaren<\/strong><\/p>\n<ul>\n<li> <a href=\"https:\/\/moverdb.com\/de\/containerschifffahrt\/\">Internationale Containerschifffahrt<\/a><\/li>\n<li>Durch professionelle Umzugsunternehmen<\/li>\n<li>Durch professionelle Umzugsunternehmen<\/li>\n<li>LCL<\/li>\n<li>FCL<\/li>\n<li>Luftfracht<\/li>\n<li>Abholung vom Lager des Verpackers m\u00f6glich<\/li>\n<\/ul>\n<p><strong>Seefracht LCL<\/strong><\/p>\n<ul>\n<li>Garantiert neutrale, direkte und intakte Konsolidierungen mit minimalem Frachtumschlag<\/li>\n<li>Engagierter Kundenservice mit ma\u00dfgeschneiderten L\u00f6sungen<\/li>\n<li>Erstklassige Fluggesellschaften und wettbewerbsf\u00e4hige Tarife in Verbindung mit weltweiten Echtzeit-Fahrpl\u00e4nen<\/li>\n<\/ul>\n<p><strong>Seefracht FCL<\/strong><\/p>\n<ul>\n<li> Vielf\u00e4ltige Dienstleistungen durch mehr als 40 Seetransportvertr\u00e4ge<\/li>\n<li> Fl\u00e4chendeckende Abdeckung des Landtransports in den <a href=\"https:\/\/moverdb.com\/de\/moving-to-the-united-states\/\" data-internallinksmanager029f6b8e52c=\"94\" title=\"Umzug in die Vereinigten Staaten? 2026 Lebenshaltungskosten &amp; Umzugstipps\">US<\/a> aus \u00fcber 44.000 Postleitzahlen<\/li>\n<li> Schnelle Bearbeitung von Tarifen f\u00fcr T\u00fcren, Rampen und <a href=\"https:\/\/moverdb.com\/de\/top-49-container-ports\/\" data-internallinksmanager029f6b8e52c=\"80\" title=\"Top 49 der gr\u00f6\u00dften und verkehrsreichsten Containerh\u00e4fen im Jahr 2025\">Hafen<\/a> Dienstleistungen. Tausende von Routings innerhalb weniger Augenblicke<\/li>\n<\/ul>\n<p><strong>Meeresprojekte und Spezialfracht<\/strong><\/p>\n<ul>\n<li>Break Bulk, RoRo, Out of Gauge &amp; Reefer Service<\/li>\n<li>Bundesweite Bef\u00f6rderung von \u00fcbergro\u00dfen G\u00fctern, Genehmigungsladungen und Containern<\/li>\n<li>Verladen, Verpacken &amp; Pallen<\/li>\n<li>Wettbewerbsf\u00e4hige Preise durch unser ausgedehntes Netzwerk von See- und Luftfrachtf\u00fchrern, Lagerh\u00e4usern, Speditionen und Kranunternehmen<\/li>\n<li>Split\/Full Air Charters &amp; OAG-Sendungen<\/li>\n<\/ul>\n<p><strong>Luftfracht<\/strong><\/p>\n<ul>\n<li>Vertr\u00e4ge mit mehr als 100 Fluggesellschaften<\/li>\n<li>Abholung<\/li>\n<li>Lagerhaltung<\/li>\n<li>Etikettierungs- und Dokumentationsdienste<\/li>\n<li>Weiterverfolgung von Bestellungen<\/li>\n<\/ul>\n<h2>Shipco Transport Unternehmensprofil<\/h2>\n<p>Shipco Transport Inc ist eine Tochtergesellschaft der Scan Group A\/S, Kopenhagen, und wurde im September 1988 in <a href=\"https:\/\/moverdb.com\/de\/umzug-nach-nyc\/\">New York City<\/a>. Sie ist eine f\u00fchrende <a href=\"https:\/\/moverdb.com\/de\/spediteur\/\">NVOCC<\/a>. Urspr\u00fcnglich war das Unternehmen f\u00fcr den Empfang von FCL-Fracht aus Asien zust\u00e4ndig. Heute ist das Unternehmen vor allem als LCL-Konsolidierer t\u00e4tig.<\/p>\n<p>Heute hat Shipco \u00fcber 75 Niederlassungen in 30 L\u00e4ndern weltweit und besch\u00e4ftigt \u00fcber 2.200 Mitarbeiter. Shipco bietet seinen Kunden LCL- und FCL-Seefracht- und Luftfrachtdienste an.<\/p>\n<p>Shipco Transport verf\u00fcgt \u00fcber die folgenden Akkreditierungen und Mitgliedschaften: -<\/p>\n<ul>\n<li><a href=\"https:\/\/moverdb.com\/de\/ich-bin\/\" target=\"_blank\" rel=\"noopener\">Internationaler Verband der M\u00f6belspediteure<\/a> (<a href=\"https:\/\/moverdb.com\/de\/iam\/\" data-internallinksmanager029f6b8e52c=\"23\" title=\"International Association of Movers (IAM) erkl\u00e4rt\">IAM<\/a>)<\/li>\n<li>Scan-Group<\/li>\n<li>Weltweite Allianz (WWA)<\/li>\n<li>Luftfracht-Gruppe<\/li>\n<\/ul>\n<h2>Shipco Transport Bewertungen<\/h2>\n<p><strong>Positiv:<\/strong><\/p>\n<ul>\n<li><em>\"Ich habe alles, was ich besa\u00df, von San Diego nach <a href=\"https:\/\/moverdb.com\/de\/moving-companies\/moving-companies-honduras\/\" data-internallinksmanager029f6b8e52c=\"233\" title=\"2 beste internationale Umzugsunternehmen in Honduras\">Honduras<\/a>Shipco war gro\u00dfartig.\" <\/em>Madison K. \u00fcber <a href=\"https:\/\/www.yelp.co.uk\/biz\/shipco-transport-long-beach?hrid=hfrOGEwsoHzhivf1ODT9DQ&#038;utm_campaign=www_review_share_popup&#038;utm_medium=copy_link&#038;utm_source=(direct)\" target=\"_blank\" rel=\"noopener\">Yelp<\/a>.\n<li><em>\"Wirklich guter Service. \u00dcberhaupt keine Probleme.\"<\/em> - Dawn C \u00fcber <a href=\"https:\/\/www.tryfleet.com\/freight-forwarder-profile\/shipco-transport-inc\" target=\"_blank\" rel=\"noopener\">Flotte<\/a><\/li>\n<\/ul>\n<p><strong>Negativ:<\/strong><\/p>\n<ul>\n<li><em>\"Das schlechteste Unternehmen, mit dem ich je zu tun hatte. Hielt meine Sendung 2 Wochen lang zur\u00fcck, obwohl sie vollst\u00e4ndig bezahlt war und wollte die Sendung nicht freigeben.\" <\/em>Houman M \u00fcber <a href=\"https:\/\/www.yelp.co.uk\/biz\/shipco-transport-long-beach?hrid=0lZOxg3aNnePXUGvOv7fxw&#038;utm_campaign=www_review_share_popup&#038;utm_medium=copy_link&#038;utm_source=(direct)\" target=\"_blank\" rel=\"noopener\">Yelp<\/a><\/li>\n<\/ul>\n<div itemprop=\"review\" itemscope itemtype=\"http:\/\/schema.org\/Review\">\n<span itemprop=\"author\" itemscope=\"\" itemtype=\"http:\/\/schema.org\/Organization\"><span itemprop=\"name\">MoverDB.com<\/span><\/span> Online Website \u00dcberpr\u00fcfung f\u00fcr <span itemprop=\"itemreviewed\" itemscope=\"\" itemtype=\"http:\/\/schema.org\/Brand\"><span itemprop=\"name\">Shipco Transport<\/span><\/span>:<\/p>\n<ol>\n<li> Klare Kontaktangaben auf der Website (einschlie\u00dflich Telefonnummer): <strong>Ja<\/strong><\/li>\n<li> Leicht zu bekommen <a href=\"https:\/\/moverdb.com\/de\/zitate\/\">Angebote f\u00fcr internationale Umz\u00fcge<\/a>? (Online-Formular f\u00fcr Kostenvoranschl\u00e4ge): <strong>Ja<\/strong><\/li>\n<li> Klare Informationen auf der Website: <strong>Ja,<\/strong> Auf der Website sind alle Fracht- und Versanddienste aufgef\u00fchrt.<\/li>\n<li> Mitgliedschaft in international anerkannten Umzugsorganisationen: <strong>Ja<\/strong>(siehe oben)<\/li>\n<li> Liste der Kunden und\/oder Zeugnisse von fr\u00fcheren Kunden. <strong>Nein,<\/strong> nicht auf ihrer Website, aber sie haben im Allgemeinen positive Bewertungen.<\/li>\n<\/ol>\n<div itemprop=\"reviewRating\" itemscope itemtype=\"http:\/\/schema.org\/Rating\"><meta itemprop=\"worstRating\" content = \"0\" \/><meta itemprop=\"bestRating\" content=\"5\" \/><meta itemprop=\"ratingValue\" content=\"4\"><\/div>\n<p><strong>Gesamtbewertung: 4\/5<\/strong><br \/>\n<strong>Datum der \u00dcberpr\u00fcfung:<\/strong> <span itemprop=\"datePublished\" content=\"2017-02-01\">01\/02\/2017<\/span>\n<\/div>\n<p>Lesen Sie mehr \u00fcber <a href=\"https:\/\/moverdb.com\/de\/umzugsunternehmen\/\">internationale Umzugsunternehmen<\/a>, <a href=\"https:\/\/moverdb.com\/de\/reedereien\/\">Containerschifffahrtsunternehmen<\/a> und unsere <a href=\"https:\/\/moverdb.com\/de\/bewertungen\/\">\u00dcberpr\u00fcfungsprozess<\/a>.<\/p>\n<p><strong>Website:<\/strong> <a href=\"https:\/\/www.shipco.com\/\" target=\"_blank\" rel=\"noopener\">https:\/\/www.shipco.com\/<\/a><\/p>","protected":false},"excerpt":{"rendered":"<p>Shipco Transport offers ocean and air freight services to professional household goods movers and relocation companies, not individuals. Its services are listed below, together with a company profile and reviews. International Movement of Household Goods International container shipping Through professional household goods movers Through professional relocation companies LCL FCL Airfreight Collection from packer&#8217;s warehouse available [&hellip;]<\/p>\n","protected":false},"author":1,"featured_media":0,"parent":0,"menu_order":0,"comment_status":"closed","ping_status":"closed","template":"","meta":{"_genesis_hide_title":false,"_genesis_hide_breadcrumbs":false,"_genesis_hide_singular_image":false,"_genesis_hide_footer_widgets":false,"_genesis_custom_body_class":"","_genesis_custom_post_class":"","_genesis_layout":"","footnotes":""},"class_list":{"0":"post-1528","1":"page","2":"type-page","3":"status-publish","5":"entry"},"_links":{"self":[{"href":"https:\/\/moverdb.com\/de\/wp-json\/wp\/v2\/pages\/1528","targetHints":{"allow":["GET"]}}],"collection":[{"href":"https:\/\/moverdb.com\/de\/wp-json\/wp\/v2\/pages"}],"about":[{"href":"https:\/\/moverdb.com\/de\/wp-json\/wp\/v2\/types\/page"}],"author":[{"embeddable":true,"href":"https:\/\/moverdb.com\/de\/wp-json\/wp\/v2\/users\/1"}],"replies":[{"embeddable":true,"href":"https:\/\/moverdb.com\/de\/wp-json\/wp\/v2\/comments?post=1528"}],"version-history":[{"count":7,"href":"https:\/\/moverdb.com\/de\/wp-json\/wp\/v2\/pages\/1528\/revisions"}],"predecessor-version":[{"id":6237,"href":"https:\/\/moverdb.com\/de\/wp-json\/wp\/v2\/pages\/1528\/revisions\/6237"}],"wp:attachment":[{"href":"https:\/\/moverdb.com\/de\/wp-json\/wp\/v2\/media?parent=1528"}],"curies":[{"name":"wp","href":"https:\/\/api.w.org\/{rel}","templated":true}]}}