{"id":14390,"date":"2023-11-08T15:56:30","date_gmt":"2023-11-08T15:56:30","guid":{"rendered":"https:\/\/moverdb.com\/freight-forwarder\/freight-forwarding-uk\/pontypool-freight-forwarder\/"},"modified":"2026-01-08T14:52:16","modified_gmt":"2026-01-08T14:52:16","slug":"pontypool-freight-forwarder","status":"publish","type":"page","link":"https:\/\/moverdb.com\/de\/freight-forwarder\/freight-forwarding-uk\/pontypool-freight-forwarder\/","title":{"rendered":"1 Beste Pontypool Speditionsunternehmen (2024)"},"content":{"rendered":"<p>Im Folgenden werden die 1 <em>\"Beste\"<\/em> Speditionsunternehmen in Pontypool aus 1.<\/p>\n<p>Wenn Sie mehr dar\u00fcber erfahren m\u00f6chten, wie wir die Besten ausgew\u00e4hlt haben, konsultieren Sie bitte unseren FAQ-Bereich am Ende.<\/p>\n<p><em>Bitte beachten Sie, dass die folgenden Auflistungen in keiner bestimmten Reihenfolge stehen und wir keine Empfehlung f\u00fcr ein bestimmtes Unternehmen abgeben.<\/em><\/p>\n<h2>L\u00f6sungen f\u00fcr die G\u00fcterverkehrslogistik<\/h2>\n<p><img decoding=\"async\" src=\"https:\/\/moverdb.com\/wp-content\/uploads\/AF1QipNQ3vzrUc4bAQ-xfDZQk9n0gwB30l2Ue76CTmz0w408-h306-k-no.jpg\" alt='L\u00f6sungen f\u00fcr die G\u00fcterverkehrslogistik' class=\"aligncenter\"><\/p>\n<p><strong>Beschreibung des Unternehmens: <\/strong>FLS ist einer der f\u00c3?hrenden digitalen Spediteure im Vereinigten K\u00c3\u00b6nigreich und im Bereich Lieferkettenmanagement.<\/p>\n<p> FLS bietet logistische L\u00c3\u00b6sungen an, die sich aus der Erfahrung und dem Fachwissen in den Bereichen Betriebs-, Lieferketten- und Frachtlogistik ableiten \u00e2\u20ac\" mit dem obersten Unternehmensziel, die Transportleistungen unserer Kunden zu verbessern und gleichzeitig die Kosten zu senken.<\/p>\n<p>FLS verf\u00fcgt \u00fcber ein ausgedehntes globales Netzwerk von bevorzugten Lieferanten und Qualit\u00e4tstransporteuren, was bedeutet, dass Sie von einer verbesserten Verf\u00fcgbarkeit, Sicherheit, garantierten Service-Levels, gr\u00f6\u00dferer Flexibilit\u00e4t, R\u00fcckverfolgbarkeit und zeitdefinierten Lieferungen profitieren.<\/p>\n<p>FLS bietet eine Reihe von Dienstleistungen an, die allen Anforderungen der Kunden an die Frachtabwicklung gerecht werden, von gelegentlichen Transporten bis hin zu Zollabfertigungen und einer kompletten, ausgelagerten Transportmanagementl\u00f6sung vor Ort.<\/p>\n<p><strong>Zus\u00e4tzliche Dienstleistungen:<\/strong><\/p>\n<p>Kurierdienst<\/p>\n<p>Zollmakler<\/p>\n<p>Zollberater<\/p>\n<p>Zustelldienst<\/p>\n<p>Logistikdienstleistung<\/p>\n<p>Transportdienstleistung<\/p>\n<p>Transportunternehmen<\/p>\n<p><strong>Adresse:<\/strong> Skewfields, Lower Mill, Pontypool NP4 0XZ<\/p>\n<p><a href=\"http:\/\/www.freightlogisticssolutions.co.uk\/\" target=\"_new\" rel=\"noopener\">Website von Freight Logistics Solutions<\/a><\/p>\n<p><strong>Bewertung: <\/strong>4.1<br \/> <strong>Anzahl der Bewertungen:<\/strong> 33<br \/><a href=\"https:\/\/www.google.co.uk\/maps?cid=7228317167136296428&#038;hl=en&#038;gl=GB\" target=\"_new\" rel=\"noopener\">Bewertungen lesen<\/a><\/p>\n<h2>Wie wir die besten Speditionsunternehmen in Pontypool ausgew\u00e4hlt haben<\/h2>\n<p>Wir begannen mit einem Datensatz von 1 Pontypool Speditionsunternehmen, die wir \u00fcber Google Maps finden konnten, und schr\u00e4nkten die Auswahl auf die besten 1 ein.<\/p>\n<p>Zu diesem Zweck haben wir alle Unternehmen entfernt, die:<\/p>\n<ul>\n<li> Hatte keine Website<\/li>\n<li> Hatte keine Bewertungen<\/li>\n<li> eine durchschnittliche Bewertung von weniger als 2,0 haben<\/li>\n<\/ul>\n<p>Wenn wir zu diesem Zeitpunkt 17 oder weniger Spediteure hatten, haben wir sie alle aufgelistet.<\/p>\n<p>F\u00fcr St\u00e4dte, in denen mehr als 17 Spediteure \u00fcbrig blieben, nahmen wir weitere \u00c4nderungen vor, indem wir entweder die erforderliche Bewertungsnote erh\u00f6hten (z. B. von mindestens 2,0 auf 4,0) und\/oder die Mindestanzahl der erforderlichen Bewertungen erh\u00f6hten (z. B. von mindestens einer Bewertung auf mindestens 10).<\/p>\n<p>Bitte beachten Sie, dass wir nur Bewertungsdaten von Google Maps und nicht von anderen Websites Dritter verwendet haben.<\/p>\n<p>Weitere St\u00e4dte:<\/p>\n<p><a href=\"https:\/\/moverdb.com\/de\/spediteur\/freight-forwarding-uk\/stourbridge-freight-forwarder\/\">Stourbridge Spediteur<\/a><br \/><a href=\"https:\/\/moverdb.com\/de\/spediteur\/freight-forwarding-uk\/bourne-end-freight-forwarder\/\">Bourne End Spediteur<\/a><br \/><a href=\"https:\/\/moverdb.com\/de\/spediteur\/freight-forwarding-uk\/hartlepool-freight-forwarder\/\">Hartlepool Spediteur<\/a><br \/><a href=\"https:\/\/moverdb.com\/de\/spediteur\/freight-forwarding-uk\/dudley-freight-forwarder\/\">Dudley Spediteur<\/a><br \/><a href=\"https:\/\/moverdb.com\/de\/spediteur\/freight-forwarding-uk\/andover-freight-forwarder\/\">Andover Spediteur<\/a><\/p>","protected":false},"excerpt":{"rendered":"<p>Below we look at the 1 &#8220;best&#8221; Freight Forwarding companies in Pontypool out of 1. To learn more about how we chose the best please consult our FAQ section at the end. Please not the following listings are in no particular order and we are not making any recommendations for any particular company. Freight Logistics [&hellip;]<\/p>\n","protected":false},"author":1,"featured_media":0,"parent":13427,"menu_order":0,"comment_status":"open","ping_status":"open","template":"","meta":{"_genesis_hide_title":false,"_genesis_hide_breadcrumbs":false,"_genesis_hide_singular_image":false,"_genesis_hide_footer_widgets":false,"_genesis_custom_body_class":"","_genesis_custom_post_class":"","_genesis_layout":"","footnotes":""},"class_list":{"0":"post-14390","1":"page","2":"type-page","3":"status-publish","5":"entry"},"_links":{"self":[{"href":"https:\/\/moverdb.com\/de\/wp-json\/wp\/v2\/pages\/14390","targetHints":{"allow":["GET"]}}],"collection":[{"href":"https:\/\/moverdb.com\/de\/wp-json\/wp\/v2\/pages"}],"about":[{"href":"https:\/\/moverdb.com\/de\/wp-json\/wp\/v2\/types\/page"}],"author":[{"embeddable":true,"href":"https:\/\/moverdb.com\/de\/wp-json\/wp\/v2\/users\/1"}],"replies":[{"embeddable":true,"href":"https:\/\/moverdb.com\/de\/wp-json\/wp\/v2\/comments?post=14390"}],"version-history":[{"count":1,"href":"https:\/\/moverdb.com\/de\/wp-json\/wp\/v2\/pages\/14390\/revisions"}],"predecessor-version":[{"id":15618,"href":"https:\/\/moverdb.com\/de\/wp-json\/wp\/v2\/pages\/14390\/revisions\/15618"}],"up":[{"embeddable":true,"href":"https:\/\/moverdb.com\/de\/wp-json\/wp\/v2\/pages\/13427"}],"wp:attachment":[{"href":"https:\/\/moverdb.com\/de\/wp-json\/wp\/v2\/media?parent=14390"}],"curies":[{"name":"wp","href":"https:\/\/api.w.org\/{rel}","templated":true}]}}