{"id":14310,"date":"2023-11-08T15:55:55","date_gmt":"2023-11-08T15:55:55","guid":{"rendered":"https:\/\/moverdb.com\/freight-forwarder\/freight-forwarding-uk\/welshpool-freight-forwarder\/"},"modified":"2026-01-08T14:55:08","modified_gmt":"2026-01-08T14:55:08","slug":"welshpool-freight-forwarder","status":"publish","type":"page","link":"https:\/\/moverdb.com\/de\/freight-forwarder\/freight-forwarding-uk\/welshpool-freight-forwarder\/","title":{"rendered":"1 Beste Welshpooler Speditionsunternehmen (2024)"},"content":{"rendered":"<p>Im Folgenden werden die 1 <em>\"Beste\"<\/em> Speditionsunternehmen in Welshpool von 1.<\/p>\n<p>Wenn Sie mehr dar\u00fcber erfahren m\u00f6chten, wie wir die Besten ausgew\u00e4hlt haben, konsultieren Sie bitte unseren FAQ-Bereich am Ende.<\/p>\n<p><em>Bitte beachten Sie, dass die folgenden Auflistungen in keiner bestimmten Reihenfolge stehen und wir keine Empfehlung f\u00fcr ein bestimmtes Unternehmen abgeben.<\/em><\/p>\n<h2>Geschwindigkeit Welshpool<\/h2>\n<p><img decoding=\"async\" src=\"https:\/\/moverdb.com\/wp-content\/uploads\/AF1QipOzg_sElNWysokd26B2XSv98Xv5ObX40EGTXtsTw408-h306-k-no.jpg\" alt='Geschwindigkeit Welshpool' class=\"aligncenter\"><\/p>\n<p><strong>Beschreibung des Unternehmens: <\/strong>Keine bereitgestellt<\/p>\n<p><strong>Zus\u00e4tzliche Dienstleistungen:<\/strong><\/p>\n<p>Vertriebsservice<\/p>\n<p><strong>Adresse:<\/strong> Der Steinbruch von Buttington, Buttington, Welshpool SY21 8SZ<\/p>\n<p><a href=\"http:\/\/www.speedwelshpool.com\/\" target=\"_new\" rel=\"noopener\">Speed Welshpool Website<\/a><\/p>\n<p><strong>Bewertung: <\/strong>3.8<br \/> <strong>Anzahl der Bewertungen:<\/strong> 31<br \/><a href=\"https:\/\/www.google.co.uk\/maps?cid=17570970104641388131&#038;hl=en&#038;gl=GB\" target=\"_new\" rel=\"noopener\">Bewertungen lesen<\/a><\/p>\n<h2>Wie wir die besten Welshpooler Speditionsunternehmen ausgew\u00e4hlt haben<\/h2>\n<p>Wir begannen mit einem Datensatz von 1 Welshpooler Speditionsunternehmen, die wir \u00fcber Google Maps finden konnten, und schr\u00e4nkten die Auswahl auf die besten 1 ein.<\/p>\n<p>Zu diesem Zweck haben wir alle Unternehmen entfernt, die:<\/p>\n<ul>\n<li> Hatte keine Website<\/li>\n<li> Hatte keine Bewertungen<\/li>\n<li> eine durchschnittliche Bewertung von weniger als 2,0 haben<\/li>\n<\/ul>\n<p>Wenn wir zu diesem Zeitpunkt 17 oder weniger Spediteure hatten, haben wir sie alle aufgelistet.<\/p>\n<p>F\u00fcr St\u00e4dte, in denen mehr als 17 Spediteure \u00fcbrig blieben, nahmen wir weitere \u00c4nderungen vor, indem wir entweder die erforderliche Bewertungsnote erh\u00f6hten (z. B. von mindestens 2,0 auf 4,0) und\/oder die Mindestanzahl der erforderlichen Bewertungen erh\u00f6hten (z. B. von mindestens einer Bewertung auf mindestens 10).<\/p>\n<p>Bitte beachten Sie, dass wir nur Bewertungsdaten von Google Maps und nicht von anderen Websites Dritter verwendet haben.<\/p>\n<p>Weitere St\u00e4dte:<\/p>\n<p><a href=\"https:\/\/moverdb.com\/de\/spediteur\/freight-forwarding-uk\/croydon-freight-forwarder\/\">Croydon Spediteur<\/a><br \/><a href=\"https:\/\/moverdb.com\/de\/spediteur\/freight-forwarding-uk\/westcliff-on-sea-freight-forwarder\/\">Westcliff-on-Sea Spediteur<\/a><br \/><a href=\"https:\/\/moverdb.com\/de\/spediteur\/freight-forwarding-uk\/cullompton-freight-forwarder\/\">Cullompton Spediteur<\/a><br \/><a href=\"https:\/\/moverdb.com\/de\/spediteur\/freight-forwarding-uk\/willenhall-freight-forwarder\/\">Willenhall Spediteur<\/a><br \/><a href=\"https:\/\/moverdb.com\/de\/spediteur\/freight-forwarding-uk\/neath-freight-forwarder\/\">Neath Spediteur<\/a><\/p>","protected":false},"excerpt":{"rendered":"<p>Below we look at the 1 &#8220;best&#8221; Freight Forwarding companies in Welshpool out of 1. To learn more about how we chose the best please consult our FAQ section at the end. Please not the following listings are in no particular order and we are not making any recommendations for any particular company. Speed Welshpool [&hellip;]<\/p>\n","protected":false},"author":1,"featured_media":0,"parent":13427,"menu_order":0,"comment_status":"open","ping_status":"open","template":"","meta":{"_genesis_hide_title":false,"_genesis_hide_breadcrumbs":false,"_genesis_hide_singular_image":false,"_genesis_hide_footer_widgets":false,"_genesis_custom_body_class":"","_genesis_custom_post_class":"","_genesis_layout":"","footnotes":""},"class_list":{"0":"post-14310","1":"page","2":"type-page","3":"status-publish","5":"entry"},"_links":{"self":[{"href":"https:\/\/moverdb.com\/de\/wp-json\/wp\/v2\/pages\/14310","targetHints":{"allow":["GET"]}}],"collection":[{"href":"https:\/\/moverdb.com\/de\/wp-json\/wp\/v2\/pages"}],"about":[{"href":"https:\/\/moverdb.com\/de\/wp-json\/wp\/v2\/types\/page"}],"author":[{"embeddable":true,"href":"https:\/\/moverdb.com\/de\/wp-json\/wp\/v2\/users\/1"}],"replies":[{"embeddable":true,"href":"https:\/\/moverdb.com\/de\/wp-json\/wp\/v2\/comments?post=14310"}],"version-history":[{"count":1,"href":"https:\/\/moverdb.com\/de\/wp-json\/wp\/v2\/pages\/14310\/revisions"}],"predecessor-version":[{"id":15664,"href":"https:\/\/moverdb.com\/de\/wp-json\/wp\/v2\/pages\/14310\/revisions\/15664"}],"up":[{"embeddable":true,"href":"https:\/\/moverdb.com\/de\/wp-json\/wp\/v2\/pages\/13427"}],"wp:attachment":[{"href":"https:\/\/moverdb.com\/de\/wp-json\/wp\/v2\/media?parent=14310"}],"curies":[{"name":"wp","href":"https:\/\/api.w.org\/{rel}","templated":true}]}}