{"id":14260,"date":"2023-11-08T15:55:37","date_gmt":"2023-11-08T15:55:37","guid":{"rendered":"https:\/\/moverdb.com\/freight-forwarder\/freight-forwarding-uk\/selby-freight-forwarder\/"},"modified":"2026-01-08T14:54:38","modified_gmt":"2026-01-08T14:54:38","slug":"selby-freight-forwarder","status":"publish","type":"page","link":"https:\/\/moverdb.com\/de\/freight-forwarder\/freight-forwarding-uk\/selby-freight-forwarder\/","title":{"rendered":"1 Beste Selby-Speditionsunternehmen (2024)"},"content":{"rendered":"<p>Im Folgenden werden die 1 <em>\"Beste\"<\/em> Speditionsunternehmen in Selby von 2.<\/p>\n<p>Wenn Sie mehr dar\u00fcber erfahren m\u00f6chten, wie wir die Besten ausgew\u00e4hlt haben, konsultieren Sie bitte unseren FAQ-Bereich am Ende.<\/p>\n<p><em>Bitte beachten Sie, dass die folgenden Auflistungen in keiner bestimmten Reihenfolge stehen und wir keine Empfehlung f\u00fcr ein bestimmtes Unternehmen abgeben.<\/em><\/p>\n<h2>Viking Shipping Services Ltd.<\/h2>\n<p><img decoding=\"async\" src=\"https:\/\/moverdb.com\/wp-content\/uploads\/AF1QipOvQOtrB8FRd503q_NOQf0X8anWwfc8aZVOnZpmw513-h240-k-no.jpg\" alt='Viking Shipping Services Ltd.' class=\"aligncenter\"><\/p>\n<p><strong>Beschreibung des Unternehmens: <\/strong>Viking Shipping Services Ltd wurde in den 1940er Jahren mit dem Ziel gegr\u00fcndet, einen umfassenden Speditions- und Frachtumschlagdienst anzubieten.<\/p>\n<p> Mit Sitz in Selby, direkt an der M62 in North Yorkshire, ist Viking Shipping strategisch g\u00fcnstig gelegen, um eine Reihe von Dienstleistungen f\u00fcr Fracht, die sowohl auf dem Land- als auch auf dem Seeweg ankommt, zu erm\u00f6glichen.<\/p>\n<p> Mit einem 40.000 Quadratfu\u00df gro\u00dfen Lager und einem Team erfahrener Lagermitarbeiter hat Viking Shipping ein flexibles Konzept f\u00fcr den Umschlag von Sch\u00fcttgut, Pulver, Fl\u00fcssigkeiten und konventioneller palettierter und loser Ladung entwickelt und bietet einen Lager-, Bestandskontroll- und landesweiten Verteilungsservice.<\/p>\n<p><strong>Zus\u00e4tzliche Dienstleistungen:<\/strong><\/p>\n<p>Lieferfirma<\/p>\n<p><strong>Adresse:<\/strong> Der G\u00fcterbahnhof, Ousegate, Selby YO8 8BL<\/p>\n<p><a href=\"http:\/\/www.vikingshipping.co.uk\/\" target=\"_new\" rel=\"noopener\">Viking Shipping Services Ltd Website<\/a><\/p>\n<p><strong>Bewertung: <\/strong>4.4<br \/> <strong>Anzahl der Bewertungen:<\/strong> 30<br \/><a href=\"https:\/\/www.google.co.uk\/maps?cid=1529009490495546714&#038;hl=en&#038;gl=GB\" target=\"_new\" rel=\"noopener\">Bewertungen lesen<\/a><\/p>\n<h2>Wie wir die besten Speditionsunternehmen in Selby ausgew\u00e4hlt haben<\/h2>\n<p>Wir begannen mit einem Datensatz von 2 Speditionsunternehmen in Selby, die wir \u00fcber Google Maps finden konnten, und schr\u00e4nkten die Auswahl auf das beste ein.<\/p>\n<p>Zu diesem Zweck haben wir alle Unternehmen entfernt, die:<\/p>\n<ul>\n<li> Hatte keine Website<\/li>\n<li> Hatte keine Bewertungen<\/li>\n<li> eine durchschnittliche Bewertung von weniger als 2,0 haben<\/li>\n<\/ul>\n<p>Wenn wir zu diesem Zeitpunkt 17 oder weniger Spediteure hatten, haben wir sie alle aufgelistet.<\/p>\n<p>F\u00fcr St\u00e4dte, in denen mehr als 17 Spediteure \u00fcbrig blieben, nahmen wir weitere \u00c4nderungen vor, indem wir entweder die erforderliche Bewertungsnote erh\u00f6hten (z. B. von mindestens 2,0 auf 4,0) und\/oder die Mindestanzahl der erforderlichen Bewertungen erh\u00f6hten (z. B. von mindestens einer Bewertung auf mindestens 10).<\/p>\n<p>Bitte beachten Sie, dass wir nur Bewertungsdaten von Google Maps und nicht von anderen Websites Dritter verwendet haben.<\/p>\n<p>Weitere St\u00e4dte:<\/p>\n<p><a href=\"https:\/\/moverdb.com\/de\/spediteur\/freight-forwarding-uk\/cookstown-freight-forwarder\/\">Cookstown Spediteur<\/a><br \/><a href=\"https:\/\/moverdb.com\/de\/spediteur\/freight-forwarding-uk\/goole-freight-forwarder\/\">Goole Spediteur<\/a><br \/><a href=\"https:\/\/moverdb.com\/de\/spediteur\/freight-forwarding-uk\/ludlow-freight-forwarder\/\">Ludlow Spediteur<\/a><br \/><a href=\"https:\/\/moverdb.com\/de\/spediteur\/freight-forwarding-uk\/skipton-freight-forwarder\/\">Skipton Spediteur<\/a><br \/><a href=\"https:\/\/moverdb.com\/de\/spediteur\/freight-forwarding-uk\/corby-freight-forwarder\/\">Corby Spediteur<\/a><\/p>","protected":false},"excerpt":{"rendered":"<p>Below we look at the 1 &#8220;best&#8221; Freight Forwarding companies in Selby out of 2. To learn more about how we chose the best please consult our FAQ section at the end. Please not the following listings are in no particular order and we are not making any recommendations for any particular company. Viking Shipping [&hellip;]<\/p>\n","protected":false},"author":1,"featured_media":0,"parent":13427,"menu_order":0,"comment_status":"open","ping_status":"open","template":"","meta":{"_genesis_hide_title":false,"_genesis_hide_breadcrumbs":false,"_genesis_hide_singular_image":false,"_genesis_hide_footer_widgets":false,"_genesis_custom_body_class":"","_genesis_custom_post_class":"","_genesis_layout":"","footnotes":""},"class_list":{"0":"post-14260","1":"page","2":"type-page","3":"status-publish","5":"entry"},"_links":{"self":[{"href":"https:\/\/moverdb.com\/de\/wp-json\/wp\/v2\/pages\/14260","targetHints":{"allow":["GET"]}}],"collection":[{"href":"https:\/\/moverdb.com\/de\/wp-json\/wp\/v2\/pages"}],"about":[{"href":"https:\/\/moverdb.com\/de\/wp-json\/wp\/v2\/types\/page"}],"author":[{"embeddable":true,"href":"https:\/\/moverdb.com\/de\/wp-json\/wp\/v2\/users\/1"}],"replies":[{"embeddable":true,"href":"https:\/\/moverdb.com\/de\/wp-json\/wp\/v2\/comments?post=14260"}],"version-history":[{"count":1,"href":"https:\/\/moverdb.com\/de\/wp-json\/wp\/v2\/pages\/14260\/revisions"}],"predecessor-version":[{"id":15634,"href":"https:\/\/moverdb.com\/de\/wp-json\/wp\/v2\/pages\/14260\/revisions\/15634"}],"up":[{"embeddable":true,"href":"https:\/\/moverdb.com\/de\/wp-json\/wp\/v2\/pages\/13427"}],"wp:attachment":[{"href":"https:\/\/moverdb.com\/de\/wp-json\/wp\/v2\/media?parent=14260"}],"curies":[{"name":"wp","href":"https:\/\/api.w.org\/{rel}","templated":true}]}}