{"id":14174,"date":"2023-11-08T15:55:01","date_gmt":"2023-11-08T15:55:01","guid":{"rendered":"https:\/\/moverdb.com\/freight-forwarder\/freight-forwarding-uk\/sale-freight-forwarder\/"},"modified":"2026-01-08T14:58:29","modified_gmt":"2026-01-08T14:58:29","slug":"sale-freight-forwarder","status":"publish","type":"page","link":"https:\/\/moverdb.com\/de\/freight-forwarder\/freight-forwarding-uk\/sale-freight-forwarder\/","title":{"rendered":"2 Best Sale Speditionsunternehmen (2024)"},"content":{"rendered":"<p>Nachfolgend betrachten wir die 2 <em>\"Beste\"<\/em> Speditionsunternehmen in Sale von 3.<\/p>\n<p>Wenn Sie mehr dar\u00fcber erfahren m\u00f6chten, wie wir die Besten ausgew\u00e4hlt haben, konsultieren Sie bitte unseren FAQ-Bereich am Ende.<\/p>\n<p><em>Bitte beachten Sie, dass die folgenden Auflistungen in keiner bestimmten Reihenfolge stehen und wir keine Empfehlung f\u00fcr ein bestimmtes Unternehmen abgeben.<\/em><\/p>\n<h2>LK Shipping UK LTD<\/h2>\n<p><img decoding=\"async\" src=\"https:\/\/moverdb.com\/wp-content\/uploads\/AF1QipN4q5M3f3YnnvKiRsukiMsuTiRp0w4PT4AVyWGMw602-h240-k-no.jpg\" alt='LK Shipping UK LTD' class=\"aligncenter\"><\/p>\n<p><strong>Beschreibung des Unternehmens: <\/strong>LK Schifffahrt <a href=\"https:\/\/moverdb.com\/de\/moving-to-the-uk\/\" data-internallinksmanager029f6b8e52c=\"93\" title=\"Umzug in das Vereinigte K\u00f6nigreich? 2026 Lebenshaltungskosten &amp; Umzugstipps\">UK<\/a> LTD ist ein Speditionsunternehmen, das Frachtdienste von Gro\u00dfbritannien nach Sri Lanka anbietet.<\/p>\n<p> Unser oberstes Ziel ist es, unseren gesch\u00e4tzten Kunden einen hervorragenden, professionellen und effizienten Service zu bieten.<\/p>\n<p> Unsere T\u00e4tigkeit erstreckt sich auch auf unsere srilankische Gemeinschaft, die am anderen Ende von Aberdeen in Schottland bis Point Pedro in Jaffna in Sri Lanka lebt.<\/p>\n<p> Wir sind stolz, sagen zu k\u00f6nnen, dass unser Team auch w\u00e4hrend der Abriegelung der Welt sein Bestes gegeben hat, um den Betrieb reibungslos und ohne Schluckauf abzuwickeln.<\/p>\n<p> Ungeachtet der verschiedenen Schwierigkeiten, mit denen wir jeden Tag im Zusammenhang mit unserer T\u00e4tigkeit konfrontiert werden, nehmen wir unsere Arbeit sehr ernst und betrachten sie als eine Dienstleistung, die wir f\u00fcr unsere gesch\u00e4tzten Kunden erbringen, denn es ist IHRE LIEFERUNG, UNSERE LEIDENSCHAFT.<\/p>\n<p>.<\/p>\n<p>.<\/p>\n<p><strong>Zus\u00e4tzliche Dienstleistungen:<\/strong><\/p>\n<p>Nicht aufgelistet<\/p>\n<p><strong>Adresse:<\/strong> 289 Norris Rd, Sale M33 2UN<\/p>\n<p><a href=\"https:\/\/www.lkshipping.co.uk\/\" target=\"_new\" rel=\"noopener\">LK Shipping UK LTD Website<\/a><\/p>\n<p><strong>Bewertung: <\/strong>4.7<br \/> <strong>Anzahl der Bewertungen:<\/strong> 86<br \/><a href=\"https:\/\/www.google.co.uk\/maps?cid=14364698465914922896&#038;hl=en&#038;gl=GB\" target=\"_new\" rel=\"noopener\">Bewertungen lesen<\/a><\/p>\n<h2>M &amp; W Freight Ltd<\/h2>\n<p><img decoding=\"async\" src=\"https:\/\/moverdb.com\/wp-content\/uploads\/thumbnailpanoidOqvFBOtvNBt6aiATYCnIyAcb_clientsearch.gws-prod.gpsw408h240yaw41.jpg\" alt='M &amp; W Freight Ltd' class=\"aligncenter\"><\/p>\n<p><strong>Beschreibung des Unternehmens: <\/strong>Keine bereitgestellt<\/p>\n<p><strong>Zus\u00e4tzliche Dienstleistungen:<\/strong><\/p>\n<p>Nicht aufgelistet<\/p>\n<p><strong>Adresse:<\/strong> Mirwell House, Carrington Ln., Sale M33 5NL<\/p>\n<p><a href=\"http:\/\/www.mwfreight.co.uk\/\" target=\"_new\" rel=\"noopener\">M &amp; W Freight Ltd Website<\/a><\/p>\n<p><strong>Bewertung: <\/strong>5<br \/> <strong>Anzahl der Bewertungen:<\/strong> 2<br \/><a href=\"https:\/\/www.google.co.uk\/maps?cid=4026578439507615308&#038;hl=en&#038;gl=GB\" target=\"_new\" rel=\"noopener\">Bewertungen lesen<\/a><\/p>\n<h2>Wie wir die besten Sale-Spediteure ausgew\u00e4hlt haben<\/h2>\n<p>Wir begannen mit einem Datensatz von 3 Speditionsunternehmen aus dem Bereich Sale, die wir \u00fcber Google Maps finden konnten, und schr\u00e4nkten die Auswahl auf die besten 2 ein.<\/p>\n<p>Zu diesem Zweck haben wir alle Unternehmen entfernt, die:<\/p>\n<ul>\n<li> Hatte keine Website<\/li>\n<li> Hatte keine Bewertungen<\/li>\n<li> eine durchschnittliche Bewertung von weniger als 2,0 haben<\/li>\n<\/ul>\n<p>Wenn wir zu diesem Zeitpunkt 17 oder weniger Spediteure hatten, haben wir sie alle aufgelistet.<\/p>\n<p>F\u00fcr St\u00e4dte, in denen mehr als 17 Spediteure \u00fcbrig blieben, nahmen wir weitere \u00c4nderungen vor, indem wir entweder die erforderliche Bewertungsnote erh\u00f6hten (z. B. von mindestens 2,0 auf 4,0) und\/oder die Mindestanzahl der erforderlichen Bewertungen erh\u00f6hten (z. B. von mindestens einer Bewertung auf mindestens 10).<\/p>\n<p>Bitte beachten Sie, dass wir nur Bewertungsdaten von Google Maps und nicht von anderen Websites Dritter verwendet haben.<\/p>\n<p>Weitere St\u00e4dte:<\/p>\n<p><a href=\"https:\/\/moverdb.com\/de\/spediteur\/freight-forwarding-uk\/salford-freight-forwarder\/\">Salford Spediteur<\/a><br \/><a href=\"https:\/\/moverdb.com\/de\/spediteur\/freight-forwarding-uk\/lichfield-freight-forwarder\/\">Lichfield Spediteur<\/a><br \/><a href=\"https:\/\/moverdb.com\/de\/spediteur\/freight-forwarding-uk\/castlederg-freight-forwarder\/\">Castlederg Spediteur<\/a><br \/><a href=\"https:\/\/moverdb.com\/de\/spediteur\/freight-forwarding-uk\/great-blakenham-freight-forwarder\/\">Gro\u00df Blakenham Spediteur<\/a><br \/><a href=\"https:\/\/moverdb.com\/de\/spediteur\/freight-forwarding-uk\/bexleyheath-freight-forwarder\/\">Bexleyheath Spediteur<\/a><\/p>","protected":false},"excerpt":{"rendered":"<p>Below we look at the 2 &#8220;best&#8221; Freight Forwarding companies in Sale out of 3. To learn more about how we chose the best please consult our FAQ section at the end. Please not the following listings are in no particular order and we are not making any recommendations for any particular company. LK Shipping [&hellip;]<\/p>\n","protected":false},"author":1,"featured_media":0,"parent":13427,"menu_order":0,"comment_status":"open","ping_status":"open","template":"","meta":{"_genesis_hide_title":false,"_genesis_hide_breadcrumbs":false,"_genesis_hide_singular_image":false,"_genesis_hide_footer_widgets":false,"_genesis_custom_body_class":"","_genesis_custom_post_class":"","_genesis_layout":"","footnotes":""},"class_list":{"0":"post-14174","1":"page","2":"type-page","3":"status-publish","5":"entry"},"_links":{"self":[{"href":"https:\/\/moverdb.com\/de\/wp-json\/wp\/v2\/pages\/14174","targetHints":{"allow":["GET"]}}],"collection":[{"href":"https:\/\/moverdb.com\/de\/wp-json\/wp\/v2\/pages"}],"about":[{"href":"https:\/\/moverdb.com\/de\/wp-json\/wp\/v2\/types\/page"}],"author":[{"embeddable":true,"href":"https:\/\/moverdb.com\/de\/wp-json\/wp\/v2\/users\/1"}],"replies":[{"embeddable":true,"href":"https:\/\/moverdb.com\/de\/wp-json\/wp\/v2\/comments?post=14174"}],"version-history":[{"count":1,"href":"https:\/\/moverdb.com\/de\/wp-json\/wp\/v2\/pages\/14174\/revisions"}],"predecessor-version":[{"id":15743,"href":"https:\/\/moverdb.com\/de\/wp-json\/wp\/v2\/pages\/14174\/revisions\/15743"}],"up":[{"embeddable":true,"href":"https:\/\/moverdb.com\/de\/wp-json\/wp\/v2\/pages\/13427"}],"wp:attachment":[{"href":"https:\/\/moverdb.com\/de\/wp-json\/wp\/v2\/media?parent=14174"}],"curies":[{"name":"wp","href":"https:\/\/api.w.org\/{rel}","templated":true}]}}