{"id":14168,"date":"2023-11-08T15:55:01","date_gmt":"2023-11-08T15:55:01","guid":{"rendered":"https:\/\/moverdb.com\/freight-forwarder\/freight-forwarding-uk\/runcorn-freight-forwarder\/"},"modified":"2026-01-08T14:58:28","modified_gmt":"2026-01-08T14:58:28","slug":"runcorn-freight-forwarder","status":"publish","type":"page","link":"https:\/\/moverdb.com\/de\/freight-forwarder\/freight-forwarding-uk\/runcorn-freight-forwarder\/","title":{"rendered":"2 Beste Speditionsunternehmen in Runcorn (2024)"},"content":{"rendered":"<p>Nachfolgend betrachten wir die 2 <em>\"Beste\"<\/em> Speditionsunternehmen in Runcorn von 2.<\/p>\n<p>Wenn Sie mehr dar\u00fcber erfahren m\u00f6chten, wie wir die Besten ausgew\u00e4hlt haben, konsultieren Sie bitte unseren FAQ-Bereich am Ende.<\/p>\n<p><em>Bitte beachten Sie, dass die folgenden Auflistungen in keiner bestimmten Reihenfolge stehen und wir keine Empfehlung f\u00fcr ein bestimmtes Unternehmen abgeben.<\/em><\/p>\n<h2>Maltacourt GmbH<\/h2>\n<p><img decoding=\"async\" src=\"https:\/\/moverdb.com\/wp-content\/uploads\/AF1QipNwLw1ucsSegmiMM1IV0FoX_N7FfFwKNLnngOyQw491-h240-k-no.jpg\" alt='Maltacourt GmbH' class=\"aligncenter\"><\/p>\n<p><strong>Beschreibung des Unternehmens: <\/strong>Maltacourt sind ein <a href=\"https:\/\/moverdb.com\/de\/container-shipping\/\" data-internallinksmanager029f6b8e52c=\"3\" title=\"Chart der internationalen Containerschifffahrtsraten: April 2026\">internationaler Versand<\/a> und Speditionsunternehmen, spezialisiert auf Luftfracht, Seefracht, Import-Export und Stra\u00dfenfracht.<\/p>\n<p> Von ihrem derzeitigen <a href=\"https:\/\/moverdb.com\/de\/moving-to-the-uk\/\" data-internallinksmanager029f6b8e52c=\"93\" title=\"Umzug in das Vereinigte K\u00f6nigreich? 2026 Lebenshaltungskosten &amp; Umzugstipps\">UK<\/a> und internationalen Standorten kombiniert das Unternehmen einen einzigartigen Ansatz in Bezug auf Menschen, Prozesse und Technologie, um die verschiedenen Gesch\u00c3?ftsbereiche seiner Kunden auf unvergleichliche Weise zu verstehen und so langfristige Beziehungen aufzubauen, die auf Vertrauen, Servicequalit\u00c3?t und Wertsch\u00c3\u00b6pfung basieren.<\/p>\n<p><strong>Zus\u00e4tzliche Dienstleistungen:<\/strong><\/p>\n<p>Zollmakler<\/p>\n<p><strong>Adresse:<\/strong> The Heath Business &amp; Technical Park, Runcorn WA7 4QX<\/p>\n<p><a href=\"http:\/\/www.maltacourt.com\/\" target=\"_new\" rel=\"noopener\">Maltacourt Ltd Website<\/a><\/p>\n<p><strong>Bewertung: <\/strong>4<br \/> <strong>Anzahl der Bewertungen:<\/strong> 4<br \/><a href=\"https:\/\/www.google.co.uk\/maps?cid=17055878549425519914&#038;hl=en&#038;gl=GB\" target=\"_new\" rel=\"noopener\">Bewertungen lesen<\/a><\/p>\n<h2>Newbreed Freight Ltd<\/h2>\n<p><img decoding=\"async\" src=\"https:\/\/moverdb.com\/wp-content\/uploads\/thumbnailpanoiddHCDYKZy-Yym38zoiJifjwcb_clientsearch.gws-prod.gpsw408h240yaw216.jpg\" alt='Newbreed Freight Ltd' class=\"aligncenter\"><\/p>\n<p><strong>Beschreibung des Unternehmens: <\/strong>Keine bereitgestellt<\/p>\n<p><strong>Zus\u00e4tzliche Dienstleistungen:<\/strong><\/p>\n<p>Lieferfirma<\/p>\n<p><strong>Adresse:<\/strong> Monks Way, 10 Abbots Park, Preston Brook, Cheshire, Runcorn WA7 3GH<\/p>\n<p><a href=\"http:\/\/www.newbreed.co.uk\/\" target=\"_new\" rel=\"noopener\">Website von Newbreed Freight Ltd<\/a><\/p>\n<p><strong>Bewertung: <\/strong>5<br \/> <strong>Anzahl der Bewertungen:<\/strong> 1<br \/><a href=\"https:\/\/www.google.co.uk\/maps?cid=16772994532082885998&#038;hl=en&#038;gl=GB\" target=\"_new\" rel=\"noopener\">Bewertungen lesen<\/a><\/p>\n<h2>Wie wir die besten Speditionsunternehmen in Runcorn ausgew\u00e4hlt haben<\/h2>\n<p>Wir begannen mit einem Datensatz von 2 Speditionsunternehmen aus Runcorn, die wir \u00fcber Google Maps finden konnten, und schr\u00e4nkten die Auswahl auf die besten 2 ein.<\/p>\n<p>Zu diesem Zweck haben wir alle Unternehmen entfernt, die:<\/p>\n<ul>\n<li> Hatte keine Website<\/li>\n<li> Hatte keine Bewertungen<\/li>\n<li> eine durchschnittliche Bewertung von weniger als 2,0 haben<\/li>\n<\/ul>\n<p>Wenn wir zu diesem Zeitpunkt 17 oder weniger Spediteure hatten, haben wir sie alle aufgelistet.<\/p>\n<p>F\u00fcr St\u00e4dte, in denen mehr als 17 Spediteure \u00fcbrig blieben, nahmen wir weitere \u00c4nderungen vor, indem wir entweder die erforderliche Bewertungsnote erh\u00f6hten (z. B. von mindestens 2,0 auf 4,0) und\/oder die Mindestanzahl der erforderlichen Bewertungen erh\u00f6hten (z. B. von mindestens einer Bewertung auf mindestens 10).<\/p>\n<p>Bitte beachten Sie, dass wir nur Bewertungsdaten von Google Maps und nicht von anderen Websites Dritter verwendet haben.<\/p>\n<p>Weitere St\u00e4dte:<\/p>\n<p><a href=\"https:\/\/moverdb.com\/de\/spediteur\/freight-forwarding-uk\/manningtree-freight-forwarder\/\">Manningtree Spediteur<\/a><br \/><a href=\"https:\/\/moverdb.com\/de\/spediteur\/freight-forwarding-uk\/sale-freight-forwarder\/\">Verkauf Spediteur<\/a><br \/><a href=\"https:\/\/moverdb.com\/de\/spediteur\/freight-forwarding-uk\/salford-freight-forwarder\/\">Salford Spediteur<\/a><br \/><a href=\"https:\/\/moverdb.com\/de\/spediteur\/freight-forwarding-uk\/lichfield-freight-forwarder\/\">Lichfield Spediteur<\/a><br \/><a href=\"https:\/\/moverdb.com\/de\/spediteur\/freight-forwarding-uk\/castlederg-freight-forwarder\/\">Castlederg Spediteur<\/a><\/p>","protected":false},"excerpt":{"rendered":"<p>Below we look at the 2 &#8220;best&#8221; Freight Forwarding companies in Runcorn out of 2. To learn more about how we chose the best please consult our FAQ section at the end. Please not the following listings are in no particular order and we are not making any recommendations for any particular company. Maltacourt Ltd [&hellip;]<\/p>\n","protected":false},"author":1,"featured_media":0,"parent":13427,"menu_order":0,"comment_status":"open","ping_status":"open","template":"","meta":{"_genesis_hide_title":false,"_genesis_hide_breadcrumbs":false,"_genesis_hide_singular_image":false,"_genesis_hide_footer_widgets":false,"_genesis_custom_body_class":"","_genesis_custom_post_class":"","_genesis_layout":"","footnotes":""},"class_list":{"0":"post-14168","1":"page","2":"type-page","3":"status-publish","5":"entry"},"_links":{"self":[{"href":"https:\/\/moverdb.com\/de\/wp-json\/wp\/v2\/pages\/14168","targetHints":{"allow":["GET"]}}],"collection":[{"href":"https:\/\/moverdb.com\/de\/wp-json\/wp\/v2\/pages"}],"about":[{"href":"https:\/\/moverdb.com\/de\/wp-json\/wp\/v2\/types\/page"}],"author":[{"embeddable":true,"href":"https:\/\/moverdb.com\/de\/wp-json\/wp\/v2\/users\/1"}],"replies":[{"embeddable":true,"href":"https:\/\/moverdb.com\/de\/wp-json\/wp\/v2\/comments?post=14168"}],"version-history":[{"count":1,"href":"https:\/\/moverdb.com\/de\/wp-json\/wp\/v2\/pages\/14168\/revisions"}],"predecessor-version":[{"id":15742,"href":"https:\/\/moverdb.com\/de\/wp-json\/wp\/v2\/pages\/14168\/revisions\/15742"}],"up":[{"embeddable":true,"href":"https:\/\/moverdb.com\/de\/wp-json\/wp\/v2\/pages\/13427"}],"wp:attachment":[{"href":"https:\/\/moverdb.com\/de\/wp-json\/wp\/v2\/media?parent=14168"}],"curies":[{"name":"wp","href":"https:\/\/api.w.org\/{rel}","templated":true}]}}