{"id":14165,"date":"2023-11-08T15:55:01","date_gmt":"2023-11-08T15:55:01","guid":{"rendered":"https:\/\/moverdb.com\/freight-forwarder\/freight-forwarding-uk\/widnes-freight-forwarder\/"},"modified":"2026-01-08T14:58:44","modified_gmt":"2026-01-08T14:58:44","slug":"widnes-freight-forwarder","status":"publish","type":"page","link":"https:\/\/moverdb.com\/de\/freight-forwarder\/freight-forwarding-uk\/widnes-freight-forwarder\/","title":{"rendered":"2 Beste Widnes Speditionsunternehmen (2024)"},"content":{"rendered":"<p>Nachfolgend betrachten wir die 2 <em>\"Beste\"<\/em> Speditionsunternehmen in Widnes von 3.<\/p>\n<p>Wenn Sie mehr dar\u00fcber erfahren m\u00f6chten, wie wir die Besten ausgew\u00e4hlt haben, konsultieren Sie bitte unseren FAQ-Bereich am Ende.<\/p>\n<p><em>Bitte beachten Sie, dass die folgenden Auflistungen in keiner bestimmten Reihenfolge stehen und wir keine Empfehlung f\u00fcr ein bestimmtes Unternehmen abgeben.<\/em><\/p>\n<h2>Karl Schmidt UK Ltd.<\/h2>\n<p><img decoding=\"async\" src=\"https:\/\/moverdb.com\/wp-content\/uploads\/AF1QipPUkvBvpcLEOcDqeeu02zsv64jFbNwGzY-7BTAmw408-h272-k-no.jpg\" alt='Karl Schmidt UK Ltd.' class=\"aligncenter\"><\/p>\n<p><strong>Beschreibung des Unternehmens: <\/strong>Das Familienunternehmen SCHMIDT hat sich zu einem der f\u00fchrenden Dienstleister f\u00fcr Bulk-Logistik in ganz Europa entwickelt.<\/p>\n<p> 2.500 Mitarbeiter an 49 Standorten weltweit bieten unseren Kunden und Auftraggebern umfassenden Service aus einer Hand beim Transport, der Lagerung und dem Umschlag von Sch\u00fcttg\u00fctern.<\/p>\n<p> Dar\u00fcber hinaus ist die SCHMIDT-Gruppe im Bau von Logistikanlagen f\u00fcr frei flie\u00dfende Sch\u00fcttg\u00fcter t\u00e4tig.<\/p>\n<p>T\u00e4glich bearbeitet die SCHMIDT-Gruppe mehr als 1000 Transportauftr\u00e4ge.<\/p>\n<p> Hinzu kommen Lagerbestellungen und kundenspezifische Spezialauftr\u00e4ge.<\/p>\n<p> Unsere eigene, hochmoderne Speditionssoftware unterst\u00fctzt Anwender aus verschiedenen beteiligten Bereichen.<\/p>\n<p><strong>Zus\u00e4tzliche Dienstleistungen:<\/strong><\/p>\n<p>Lagerhaus<\/p>\n<p><strong>Adresse:<\/strong> Suite B3 Simms Cross Business Hub, Widnes Rd, Widnes WA8 6AX<\/p>\n<p><a href=\"https:\/\/www.schmidt-heilbronn.de\/en\/\" target=\"_new\" rel=\"noopener\">Karl Schmidt UK Ltd Website<\/a><\/p>\n<p><strong>Bewertung: <\/strong>5<br \/> <strong>Anzahl der Bewertungen:<\/strong> 5<br \/><a href=\"https:\/\/www.google.co.uk\/maps?cid=14068972481427444696&#038;hl=en&#038;gl=GB\" target=\"_new\" rel=\"noopener\">Bewertungen lesen<\/a><\/p>\n<h2>Hales Fracht Widnes<\/h2>\n<p><img decoding=\"async\" src=\"https:\/\/moverdb.com\/wp-content\/uploads\/AF1QipNCEv__6AbTqebw_YX-A0nbPAg7smXwxvelC8aPw408-h331-k-no.jpg\" alt='Hales Fracht Widnes' class=\"aligncenter\"><\/p>\n<p><strong>Beschreibung des Unternehmens: <\/strong>Mit \u00fcber 40 Jahren Erfahrung in den Bereichen Spedition, Logistik und Palettenlieferung von und nach dem <a href=\"https:\/\/moverdb.com\/de\/moving-to-the-uk\/\" data-internallinksmanager029f6b8e52c=\"93\" title=\"Umzug in das Vereinigte K\u00f6nigreich? 2026 Lebenshaltungskosten &amp; Umzugstipps\">UK<\/a>, <a href=\"https:\/\/moverdb.com\/de\/moving-to-ireland\/\" data-internallinksmanager029f6b8e52c=\"320\" title=\"Umzug nach Irland? 2026 Lebenshaltungskosten &amp; Umzugstipps\">Irland<\/a> und seit kurzem auch in Europa, sind unsere Mitarbeiter und unser Service in puncto Schnelligkeit, Service und Zuverl\u00e4ssigkeit unschlagbar.<\/p>\n<p><strong>Zus\u00e4tzliche Dienstleistungen:<\/strong><\/p>\n<p>Logistikdienstleistung<\/p>\n<p>Transportdienstleistung<\/p>\n<p><strong>Adresse:<\/strong> Industriegebiet Gorsey, Johnson's Ln, Widnes WA8 0SJ<\/p>\n<p><a href=\"http:\/\/www.halesfreight.com\/\" target=\"_new\" rel=\"noopener\">Hales Freight Widnes Website<\/a><\/p>\n<p><strong>Bewertung: <\/strong>4.6<br \/> <strong>Anzahl der Bewertungen:<\/strong> 13<br \/><a href=\"https:\/\/www.google.co.uk\/maps?cid=244323813118790683&#038;hl=en&#038;gl=GB\" target=\"_new\" rel=\"noopener\">Bewertungen lesen<\/a><\/p>\n<h2>Wie wir die besten Speditionsunternehmen in Widnes ausgew\u00e4hlt haben<\/h2>\n<p>Wir begannen mit einem Datensatz von 3 Speditionsunternehmen aus Widnes, die wir \u00fcber Google Maps finden konnten, und schr\u00e4nkten die Auswahl auf die besten 2 ein.<\/p>\n<p>Zu diesem Zweck haben wir alle Unternehmen entfernt, die:<\/p>\n<ul>\n<li> Hatte keine Website<\/li>\n<li> Hatte keine Bewertungen<\/li>\n<li> eine durchschnittliche Bewertung von weniger als 2,0 haben<\/li>\n<\/ul>\n<p>Wenn wir zu diesem Zeitpunkt 17 oder weniger Spediteure hatten, haben wir sie alle aufgelistet.<\/p>\n<p>F\u00fcr St\u00e4dte, in denen mehr als 17 Spediteure \u00fcbrig blieben, nahmen wir weitere \u00c4nderungen vor, indem wir entweder die erforderliche Bewertungsnote erh\u00f6hten (z. B. von mindestens 2,0 auf 4,0) und\/oder die Mindestanzahl der erforderlichen Bewertungen erh\u00f6hten (z. B. von mindestens einer Bewertung auf mindestens 10).<\/p>\n<p>Bitte beachten Sie, dass wir nur Bewertungsdaten von Google Maps und nicht von anderen Websites Dritter verwendet haben.<\/p>\n<p>Weitere St\u00e4dte:<\/p>\n<p><a href=\"https:\/\/moverdb.com\/de\/spediteur\/freight-forwarding-uk\/runcorn-freight-forwarder\/\">Runcorn Spediteur<\/a><br \/><a href=\"https:\/\/moverdb.com\/de\/spediteur\/freight-forwarding-uk\/manningtree-freight-forwarder\/\">Manningtree Spediteur<\/a><br \/><a href=\"https:\/\/moverdb.com\/de\/spediteur\/freight-forwarding-uk\/sale-freight-forwarder\/\">Verkauf Spediteur<\/a><br \/><a href=\"https:\/\/moverdb.com\/de\/spediteur\/freight-forwarding-uk\/salford-freight-forwarder\/\">Salford Spediteur<\/a><br \/><a href=\"https:\/\/moverdb.com\/de\/spediteur\/freight-forwarding-uk\/lichfield-freight-forwarder\/\">Lichfield Spediteur<\/a><\/p>","protected":false},"excerpt":{"rendered":"<p>Below we look at the 2 &#8220;best&#8221; Freight Forwarding companies in Widnes out of 3. To learn more about how we chose the best please consult our FAQ section at the end. Please not the following listings are in no particular order and we are not making any recommendations for any particular company. Karl Schmidt [&hellip;]<\/p>\n","protected":false},"author":1,"featured_media":0,"parent":13427,"menu_order":0,"comment_status":"open","ping_status":"open","template":"","meta":{"_genesis_hide_title":false,"_genesis_hide_breadcrumbs":false,"_genesis_hide_singular_image":false,"_genesis_hide_footer_widgets":false,"_genesis_custom_body_class":"","_genesis_custom_post_class":"","_genesis_layout":"","footnotes":""},"class_list":{"0":"post-14165","1":"page","2":"type-page","3":"status-publish","5":"entry"},"_links":{"self":[{"href":"https:\/\/moverdb.com\/de\/wp-json\/wp\/v2\/pages\/14165","targetHints":{"allow":["GET"]}}],"collection":[{"href":"https:\/\/moverdb.com\/de\/wp-json\/wp\/v2\/pages"}],"about":[{"href":"https:\/\/moverdb.com\/de\/wp-json\/wp\/v2\/types\/page"}],"author":[{"embeddable":true,"href":"https:\/\/moverdb.com\/de\/wp-json\/wp\/v2\/users\/1"}],"replies":[{"embeddable":true,"href":"https:\/\/moverdb.com\/de\/wp-json\/wp\/v2\/comments?post=14165"}],"version-history":[{"count":1,"href":"https:\/\/moverdb.com\/de\/wp-json\/wp\/v2\/pages\/14165\/revisions"}],"predecessor-version":[{"id":15757,"href":"https:\/\/moverdb.com\/de\/wp-json\/wp\/v2\/pages\/14165\/revisions\/15757"}],"up":[{"embeddable":true,"href":"https:\/\/moverdb.com\/de\/wp-json\/wp\/v2\/pages\/13427"}],"wp:attachment":[{"href":"https:\/\/moverdb.com\/de\/wp-json\/wp\/v2\/media?parent=14165"}],"curies":[{"name":"wp","href":"https:\/\/api.w.org\/{rel}","templated":true}]}}