{"id":14162,"date":"2023-11-08T15:55:01","date_gmt":"2023-11-08T15:55:01","guid":{"rendered":"https:\/\/moverdb.com\/freight-forwarder\/freight-forwarding-uk\/brentford-freight-forwarder\/"},"modified":"2026-01-08T14:55:56","modified_gmt":"2026-01-08T14:55:56","slug":"brentford-freight-forwarder","status":"publish","type":"page","link":"https:\/\/moverdb.com\/de\/freight-forwarder\/freight-forwarding-uk\/brentford-freight-forwarder\/","title":{"rendered":"2 Beste Brentford Speditionsunternehmen (2024)"},"content":{"rendered":"<p>Nachfolgend betrachten wir die 2 <em>\"Beste\"<\/em> Speditionsunternehmen in Brentford von 4.<\/p>\n<p>Wenn Sie mehr dar\u00fcber erfahren m\u00f6chten, wie wir die Besten ausgew\u00e4hlt haben, konsultieren Sie bitte unseren FAQ-Bereich am Ende.<\/p>\n<p><em>Bitte beachten Sie, dass die folgenden Auflistungen in keiner bestimmten Reihenfolge stehen und wir keine Empfehlung f\u00fcr ein bestimmtes Unternehmen abgeben.<\/em><\/p>\n<h2>Eleven International Freight Forwarding Limited<\/h2>\n<p><img decoding=\"async\" src=\"https:\/\/moverdb.com\/wp-content\/uploads\/thumbnailpanoidVmY36SRKjmuDT4ozLKoqXAcb_clientsearch.gws-prod.gpsw408h240yaw321.jpg\" alt='Eleven International Freight Forwarding Limited' class=\"aligncenter\"><\/p>\n<p><strong>Beschreibung des Unternehmens: <\/strong>Eleven International Freight Forwarding Ltd.<\/p>\n<p> Ihr erfahrener Partner in der Logistik.<\/p>\n<p>\u00e2\u20ac'<br \/>\nWir bieten erstklassige Speditionsdienstleistungen in den <a href=\"https:\/\/moverdb.com\/de\/moving-to-the-uk\/\" data-internallinksmanager029f6b8e52c=\"93\" title=\"Umzug in das Vereinigte K\u00f6nigreich? 2026 Lebenshaltungskosten &amp; Umzugstipps\">UK<\/a> und Europa.<\/p>\n<p> Wir glauben, dass jeder Kunde das bestm\u00f6gliche Erlebnis verdient.<\/p>\n<p>\u00e2\u20ac'<br \/>\nWir bieten unseren Kunden einen kostenlosen Kostenvoranschlag an.<\/p>\n<p> Da wir von unseren Tarifen so \u00fcberzeugt sind, berechnen wir keine versteckten Geb\u00fchren oder Zusatzkosten.<\/p>\n<p>\u00e2\u20ac'<br \/>\nUnser Unternehmen basiert auf Integrit\u00e4t, harter Arbeit und Entschlossenheit.<\/p>\n<p> Wir sind stolz auf unsere F\u00e4higkeit, alle Aspekte des nationalen und internationalen G\u00fctertransports zu bew\u00e4ltigen.<\/p>\n<p><strong>Zus\u00e4tzliche Dienstleistungen:<\/strong><\/p>\n<p>Umzugsservice<\/p>\n<p>Transport-Begleitdienst<\/p>\n<p>Lagerhaus<\/p>\n<p><strong>Adresse:<\/strong> 1000 Great West Rd, Brentford TW8 9HH<\/p>\n<p><a href=\"http:\/\/eleven-transport.co.uk\/\" target=\"_new\" rel=\"noopener\">Website von Eleven International Freight Forwarding Limited<\/a><\/p>\n<p><strong>Bewertung: <\/strong>3.6<br \/> <strong>Anzahl der Bewertungen:<\/strong> 14<br \/><a href=\"https:\/\/www.google.co.uk\/maps?cid=9761716854989961092&#038;hl=en&#038;gl=GB\" target=\"_new\" rel=\"noopener\">Bewertungen lesen<\/a><\/p>\n<h2>Zoll und Fracht<\/h2>\n<p><img decoding=\"async\" src=\"https:\/\/moverdb.com\/wp-content\/uploads\/AF1QipPWvBCIA2t-qRJkVoRfgvCYtFs36Sg1ht4zKmStw534-h240-k-no.jpg\" alt='Zoll und Fracht' class=\"aligncenter\"><\/p>\n<p><strong>Beschreibung des Unternehmens: <\/strong>Customs &amp; Freight bietet H\u00e4ndlern, die Waren aus\/nach L\u00e4ndern au\u00dferhalb des Vereinigten K\u00f6nigreichs importieren und\/oder exportieren, einen professionellen Service in den Bereichen globale Handelsberatung, Zollabfertigung und Frachtweiterleitung.<\/p>\n<p>Das Unternehmen ist ein digitales und menschliches Unternehmen, das sich der Zollabwicklung und der Speditionsbranche mit Expertenblick und einer technischen Gesch\u00e4ftsperspektive n\u00e4hert.<\/p>\n<p> Sie setzt Fachwissen und neue Technologien ein, um ihren Kunden eine hervorragende Servicequalit\u00e4t zu bieten.<\/p>\n<p><strong>Zus\u00e4tzliche Dienstleistungen:<\/strong><\/p>\n<p>Lieferant von Containern<\/p>\n<p>Zollmakler<\/p>\n<p>Versicherungsmakler<\/p>\n<p>Berater f\u00fcr internationalen Handel<\/p>\n<p><strong>Adresse:<\/strong> 981 Great West Rd, Brentford TW8 9DN<\/p>\n<p><a href=\"http:\/\/www.customsandfreight.com\/\" target=\"_new\" rel=\"noopener\">Website Zoll &amp; Fracht<\/a><\/p>\n<p><strong>Bewertung: <\/strong>5<br \/> <strong>Anzahl der Bewertungen:<\/strong> 1<br \/><a href=\"https:\/\/www.google.co.uk\/maps?cid=13007949798119682037&#038;hl=en&#038;gl=GB\" target=\"_new\" rel=\"noopener\">Bewertungen lesen<\/a><\/p>\n<h2>Wie wir die besten Brentford-Spediteure ausgew\u00e4hlt haben<\/h2>\n<p>Wir begannen mit einem Datensatz von 4 Brentford-Speditionen, die wir \u00fcber Google Maps finden konnten, und schr\u00e4nkten die Auswahl auf die besten 2 ein.<\/p>\n<p>Zu diesem Zweck haben wir alle Unternehmen entfernt, die:<\/p>\n<ul>\n<li> Hatte keine Website<\/li>\n<li> Hatte keine Bewertungen<\/li>\n<li> eine durchschnittliche Bewertung von weniger als 2,0 haben<\/li>\n<\/ul>\n<p>Wenn wir zu diesem Zeitpunkt 17 oder weniger Spediteure hatten, haben wir sie alle aufgelistet.<\/p>\n<p>F\u00fcr St\u00e4dte, in denen mehr als 17 Spediteure \u00fcbrig blieben, nahmen wir weitere \u00c4nderungen vor, indem wir entweder die erforderliche Bewertungsnote erh\u00f6hten (z. B. von mindestens 2,0 auf 4,0) und\/oder die Mindestanzahl der erforderlichen Bewertungen erh\u00f6hten (z. B. von mindestens einer Bewertung auf mindestens 10).<\/p>\n<p>Bitte beachten Sie, dass wir nur Bewertungsdaten von Google Maps und nicht von anderen Websites Dritter verwendet haben.<\/p>\n<p>Weitere St\u00e4dte:<\/p>\n<p><a href=\"https:\/\/moverdb.com\/de\/spediteur\/freight-forwarding-uk\/widnes-freight-forwarder\/\">Widnes Spediteur<\/a><br \/><a href=\"https:\/\/moverdb.com\/de\/spediteur\/freight-forwarding-uk\/runcorn-freight-forwarder\/\">Runcorn Spediteur<\/a><br \/><a href=\"https:\/\/moverdb.com\/de\/spediteur\/freight-forwarding-uk\/manningtree-freight-forwarder\/\">Manningtree Spediteur<\/a><br \/><a href=\"https:\/\/moverdb.com\/de\/spediteur\/freight-forwarding-uk\/sale-freight-forwarder\/\">Verkauf Spediteur<\/a><br \/><a href=\"https:\/\/moverdb.com\/de\/spediteur\/freight-forwarding-uk\/salford-freight-forwarder\/\">Salford Spediteur<\/a><\/p>","protected":false},"excerpt":{"rendered":"<p>Below we look at the 2 &#8220;best&#8221; Freight Forwarding companies in Brentford out of 4. To learn more about how we chose the best please consult our FAQ section at the end. Please not the following listings are in no particular order and we are not making any recommendations for any particular company. Eleven International [&hellip;]<\/p>\n","protected":false},"author":1,"featured_media":0,"parent":13427,"menu_order":0,"comment_status":"open","ping_status":"open","template":"","meta":{"_genesis_hide_title":false,"_genesis_hide_breadcrumbs":false,"_genesis_hide_singular_image":false,"_genesis_hide_footer_widgets":false,"_genesis_custom_body_class":"","_genesis_custom_post_class":"","_genesis_layout":"","footnotes":""},"class_list":{"0":"post-14162","1":"page","2":"type-page","3":"status-publish","5":"entry"},"_links":{"self":[{"href":"https:\/\/moverdb.com\/de\/wp-json\/wp\/v2\/pages\/14162","targetHints":{"allow":["GET"]}}],"collection":[{"href":"https:\/\/moverdb.com\/de\/wp-json\/wp\/v2\/pages"}],"about":[{"href":"https:\/\/moverdb.com\/de\/wp-json\/wp\/v2\/types\/page"}],"author":[{"embeddable":true,"href":"https:\/\/moverdb.com\/de\/wp-json\/wp\/v2\/users\/1"}],"replies":[{"embeddable":true,"href":"https:\/\/moverdb.com\/de\/wp-json\/wp\/v2\/comments?post=14162"}],"version-history":[{"count":1,"href":"https:\/\/moverdb.com\/de\/wp-json\/wp\/v2\/pages\/14162\/revisions"}],"predecessor-version":[{"id":15706,"href":"https:\/\/moverdb.com\/de\/wp-json\/wp\/v2\/pages\/14162\/revisions\/15706"}],"up":[{"embeddable":true,"href":"https:\/\/moverdb.com\/de\/wp-json\/wp\/v2\/pages\/13427"}],"wp:attachment":[{"href":"https:\/\/moverdb.com\/de\/wp-json\/wp\/v2\/media?parent=14162"}],"curies":[{"name":"wp","href":"https:\/\/api.w.org\/{rel}","templated":true}]}}