{"id":14154,"date":"2023-11-08T15:55:01","date_gmt":"2023-11-08T15:55:01","guid":{"rendered":"https:\/\/moverdb.com\/freight-forwarder\/freight-forwarding-uk\/watford-freight-forwarder\/"},"modified":"2026-01-08T14:58:42","modified_gmt":"2026-01-08T14:58:42","slug":"watford-freight-forwarder","status":"publish","type":"page","link":"https:\/\/moverdb.com\/de\/freight-forwarder\/freight-forwarding-uk\/watford-freight-forwarder\/","title":{"rendered":"2 Beste Watford Speditionsunternehmen (2024)"},"content":{"rendered":"<p>Nachfolgend betrachten wir die 2 <em>\"Beste\"<\/em> Speditionsunternehmen in Watford von 5.<\/p>\n<p>Wenn Sie mehr dar\u00fcber erfahren m\u00f6chten, wie wir die Besten ausgew\u00e4hlt haben, konsultieren Sie bitte unseren FAQ-Bereich am Ende.<\/p>\n<p><em>Bitte beachten Sie, dass die folgenden Auflistungen in keiner bestimmten Reihenfolge stehen und wir keine Empfehlung f\u00fcr ein bestimmtes Unternehmen abgeben.<\/em><\/p>\n<h2>PFE Express Ltd Luftfracht<\/h2>\n<p><img decoding=\"async\" src=\"https:\/\/moverdb.com\/wp-content\/uploads\/thumbnailpanoid6Z88ijra7aClEJMpSfTEKwcb_clientsearch.gws-prod.gpsw408h240yaw182.jpg\" alt='PFE Express Ltd Luftfracht' class=\"aligncenter\"><\/p>\n<p><strong>Beschreibung des Unternehmens: <\/strong>Unser auf Luftfracht spezialisiertes B\u00fcro f\u00fchrt Import- und Export-Luftfrachtdienste durch und nutzt dabei unsere eigenen ERTS- und Zolllagereinrichtungen.<\/p>\n<p>Unsere Partnerschaft mit unserem globalen Airline-Netzwerk bietet garantierte Kapazit\u00e4ten mit allen gro\u00dfen Fluggesellschaften auf allen Strecken weltweit.<\/p>\n<p>Ganz gleich, ob Sie dringende Muster, gro\u00dfe, h\u00e4ufige Sendungen oder eine verz\u00f6gerte Produktion transportieren wollen, wir k\u00f6nnen Ihnen helfen.<\/p>\n<p><strong>Zus\u00e4tzliche Dienstleistungen:<\/strong><\/p>\n<p>Nicht aufgelistet<\/p>\n<p><strong>Adresse:<\/strong> Einheit 38, Metro Centre, Tolpits Ln, Northwood, Watford WD18 9SD<\/p>\n<p><a href=\"http:\/\/www.pfe.express\/\" target=\"_new\" rel=\"noopener\">PFE Express Ltd Luftfracht Website<\/a><\/p>\n<p><strong>Bewertung: <\/strong>5<br \/> <strong>Anzahl der Bewertungen:<\/strong> 1<br \/><a href=\"https:\/\/www.google.co.uk\/maps?cid=4909670748065708817&#038;hl=en&#038;gl=GB\" target=\"_new\" rel=\"noopener\">Bewertungen lesen<\/a><\/p>\n<h2>Auto Kenya Ltd<\/h2>\n<p><img decoding=\"async\" src=\"https:\/\/moverdb.com\/wp-content\/uploads\/AF1QipM18eOb6otMEnsfpelcj8Q5RQ8xd_KOenRRABx4w648-h240-k-no.jpg\" alt='Auto Kenya Ltd' class=\"aligncenter\"><\/p>\n<p><strong>Beschreibung des Unternehmens: <\/strong>Auto <a href=\"https:\/\/moverdb.com\/de\/moving-companies\/moving-companies-kenya\/\" data-internallinksmanager029f6b8e52c=\"305\" title=\"Die 4 besten internationalen Umzugsunternehmen in Kenia\">Kenia<\/a> Spezialisiert auf den Versand von Fahrzeugen aus den <a href=\"https:\/\/moverdb.com\/de\/moving-to-the-uk\/\" data-internallinksmanager029f6b8e52c=\"93\" title=\"Umzug in das Vereinigte K\u00f6nigreich? 2026 Lebenshaltungskosten &amp; Umzugstipps\">UK<\/a> nach Mombasa und Dar Es Salaam im Dienste von Kenia, Uganda, Tansania und S\u00fcdsudan.<\/p>\n<p> Wir bieten einen problemlosen Versandservice und arrangieren die Abholung in ganz Gro\u00dfbritannien, Inspektionen vor der Verschiffung, Seeversicherung und Versand.<\/p>\n<p><strong>Zus\u00e4tzliche Dienstleistungen:<\/strong><\/p>\n<p>Versanddienst<\/p>\n<p><strong>Adresse:<\/strong> Century Court, 5, Tolpits Ln, Northwood, Watford WD18 9PX<\/p>\n<p><a href=\"https:\/\/www.auto-kenya.com\/\" target=\"_new\" rel=\"noopener\">Auto Kenya Ltd Website<\/a><\/p>\n<p><strong>Bewertung: <\/strong>4.9<br \/> <strong>Anzahl der Bewertungen:<\/strong> 78<br \/><a href=\"https:\/\/www.google.co.uk\/maps?cid=16378406071416492863&#038;hl=en&#038;gl=GB\" target=\"_new\" rel=\"noopener\">Bewertungen lesen<\/a><\/p>\n<h2>Wie wir die besten Watford-Spediteure ausgew\u00e4hlt haben<\/h2>\n<p>Wir begannen mit einem Datensatz von 5 Speditionsunternehmen in Watford, die wir \u00fcber Google Maps finden konnten, und schr\u00e4nkten die Auswahl auf die besten 2 ein.<\/p>\n<p>Zu diesem Zweck haben wir alle Unternehmen entfernt, die:<\/p>\n<ul>\n<li> Hatte keine Website<\/li>\n<li> Hatte keine Bewertungen<\/li>\n<li> eine durchschnittliche Bewertung von weniger als 2,0 haben<\/li>\n<\/ul>\n<p>Wenn wir zu diesem Zeitpunkt 17 oder weniger Spediteure hatten, haben wir sie alle aufgelistet.<\/p>\n<p>F\u00fcr St\u00e4dte, in denen mehr als 17 Spediteure \u00fcbrig blieben, nahmen wir weitere \u00c4nderungen vor, indem wir entweder die erforderliche Bewertungsnote erh\u00f6hten (z. B. von mindestens 2,0 auf 4,0) und\/oder die Mindestanzahl der erforderlichen Bewertungen erh\u00f6hten (z. B. von mindestens einer Bewertung auf mindestens 10).<\/p>\n<p>Bitte beachten Sie, dass wir nur Bewertungsdaten von Google Maps und nicht von anderen Websites Dritter verwendet haben.<\/p>\n<p>Weitere St\u00e4dte:<\/p>\n<p><a href=\"https:\/\/moverdb.com\/de\/spediteur\/freight-forwarding-uk\/romford-freight-forwarder\/\">Romford Spediteur<\/a><br \/><a href=\"https:\/\/moverdb.com\/de\/spediteur\/freight-forwarding-uk\/chelmsford-freight-forwarder\/\">Chelmsford Spediteur<\/a><br \/><a href=\"https:\/\/moverdb.com\/de\/spediteur\/freight-forwarding-uk\/brentford-freight-forwarder\/\">Brentford Spediteur<\/a><br \/><a href=\"https:\/\/moverdb.com\/de\/spediteur\/freight-forwarding-uk\/widnes-freight-forwarder\/\">Widnes Spediteur<\/a><br \/><a href=\"https:\/\/moverdb.com\/de\/spediteur\/freight-forwarding-uk\/runcorn-freight-forwarder\/\">Runcorn Spediteur<\/a><\/p>","protected":false},"excerpt":{"rendered":"<p>Below we look at the 2 &#8220;best&#8221; Freight Forwarding companies in Watford out of 5. To learn more about how we chose the best please consult our FAQ section at the end. Please not the following listings are in no particular order and we are not making any recommendations for any particular company. PFE Express [&hellip;]<\/p>\n","protected":false},"author":1,"featured_media":0,"parent":13427,"menu_order":0,"comment_status":"open","ping_status":"open","template":"","meta":{"_genesis_hide_title":false,"_genesis_hide_breadcrumbs":false,"_genesis_hide_singular_image":false,"_genesis_hide_footer_widgets":false,"_genesis_custom_body_class":"","_genesis_custom_post_class":"","_genesis_layout":"","footnotes":""},"class_list":{"0":"post-14154","1":"page","2":"type-page","3":"status-publish","5":"entry"},"_links":{"self":[{"href":"https:\/\/moverdb.com\/de\/wp-json\/wp\/v2\/pages\/14154","targetHints":{"allow":["GET"]}}],"collection":[{"href":"https:\/\/moverdb.com\/de\/wp-json\/wp\/v2\/pages"}],"about":[{"href":"https:\/\/moverdb.com\/de\/wp-json\/wp\/v2\/types\/page"}],"author":[{"embeddable":true,"href":"https:\/\/moverdb.com\/de\/wp-json\/wp\/v2\/users\/1"}],"replies":[{"embeddable":true,"href":"https:\/\/moverdb.com\/de\/wp-json\/wp\/v2\/comments?post=14154"}],"version-history":[{"count":1,"href":"https:\/\/moverdb.com\/de\/wp-json\/wp\/v2\/pages\/14154\/revisions"}],"predecessor-version":[{"id":15755,"href":"https:\/\/moverdb.com\/de\/wp-json\/wp\/v2\/pages\/14154\/revisions\/15755"}],"up":[{"embeddable":true,"href":"https:\/\/moverdb.com\/de\/wp-json\/wp\/v2\/pages\/13427"}],"wp:attachment":[{"href":"https:\/\/moverdb.com\/de\/wp-json\/wp\/v2\/media?parent=14154"}],"curies":[{"name":"wp","href":"https:\/\/api.w.org\/{rel}","templated":true}]}}