{"id":14124,"date":"2023-11-08T15:54:40","date_gmt":"2023-11-08T15:54:40","guid":{"rendered":"https:\/\/moverdb.com\/freight-forwarder\/freight-forwarding-uk\/horley-freight-forwarder\/"},"modified":"2026-01-08T14:58:03","modified_gmt":"2026-01-08T14:58:03","slug":"horley-freight-forwarder","status":"publish","type":"page","link":"https:\/\/moverdb.com\/de\/freight-forwarder\/freight-forwarding-uk\/horley-freight-forwarder\/","title":{"rendered":"2 Beste Horley Speditionsunternehmen (2024)"},"content":{"rendered":"<p>Nachfolgend betrachten wir die 2 <em>\"Beste\"<\/em> Speditionsunternehmen in Horley von 5.<\/p>\n<p>Wenn Sie mehr dar\u00fcber erfahren m\u00f6chten, wie wir die Besten ausgew\u00e4hlt haben, konsultieren Sie bitte unseren FAQ-Bereich am Ende.<\/p>\n<p><em>Bitte beachten Sie, dass die folgenden Auflistungen in keiner bestimmten Reihenfolge stehen und wir keine Empfehlung f\u00fcr ein bestimmtes Unternehmen abgeben.<\/em><\/p>\n<h2>DMS International GmbH<\/h2>\n<p><img decoding=\"async\" src=\"https:\/\/moverdb.com\/wp-content\/uploads\/AF1QipPUGYskWBvhLSFrApRfWm5-GRtv3dDiA4EUyQ4_w408-h691-k-no.jpg\" alt='DMS International GmbH' class=\"aligncenter\"><\/p>\n<p><strong>Beschreibung des Unternehmens: <\/strong>DMS International Limited ist ein internationaler Logistikexperte, spezialisiert auf;<br \/>\nZeitkritische Arbeit 24\/7 weltweit<br \/>\nOn Board Courier (OBC)-Bewegungen 24\/7 weltweit<br \/>\nAircraft ON Ground (AOG) Experten 24\/\/7 weltweit<br \/>\nNext Flight Out (NFO)-Spezialisten 24\/7 weltweit<br \/>\nAbwicklungs-, Kommissionier- und Pack- und Verteilungsvermittler, sowohl 3PL als auch 4PL<br \/>\nDedizierter Fahrzeugversand (Rush Drives) 24\/7 <a href=\"https:\/\/moverdb.com\/de\/moving-to-the-uk\/\" data-internallinksmanager029f6b8e52c=\"93\" title=\"Umzug in das Vereinigte K\u00f6nigreich? 2026 Lebenshaltungskosten &amp; Umzugstipps\">UK<\/a> und ganz Europa und dar\u00fcber hinaus<br \/>\nUnsere Kurierabteilung bietet Fahrzeuge vom Kleintransporter bis zum Sattelschlepper f\u00fcr Lieferungen von T\u00fcr zu T\u00fcr.<br \/>\nMusik\/Entertainment-Industrie Sonderveranstaltungen arbeiten weltweit<br \/>\nMa\u00dfgeschneidertes hauseigenes informationstechnisches Verfolgungssystem f\u00fcr alle Bewegungen<br \/>\nWir haben auch eine HUMS-Abteilung und sind Spezialisten f\u00fcr die weltweite R\u00fcckf\u00fchrung menschlicher \u00dcberreste.<\/p>\n<p><strong>Zus\u00e4tzliche Dienstleistungen:<\/strong><\/p>\n<p>Kurierdienst<\/p>\n<p>Vertriebsservice<\/p>\n<p>Logistikdienstleistung<\/p>\n<p>Transportdienstleistung<\/p>\n<p>Lagerhaus<\/p>\n<p><strong>Adresse:<\/strong> Einheiten 1 &amp; 11, Bridge Industrial Estate, Balcombe Rd, Horley RH6 9HU<\/p>\n<p><a href=\"https:\/\/dms-intl.com\/\" target=\"_new\" rel=\"noopener\">DMS International Ltd Website<\/a><\/p>\n<p><strong>Bewertung: <\/strong>4.5<br \/> <strong>Anzahl der Bewertungen:<\/strong> 2<br \/><a href=\"https:\/\/www.google.co.uk\/maps?cid=16688674639725830230&#038;hl=en&#038;gl=GB\" target=\"_new\" rel=\"noopener\">Bewertungen lesen<\/a><\/p>\n<h2>Seaspace Internationale Spediteure<\/h2>\n<p><img decoding=\"async\" src=\"https:\/\/moverdb.com\/wp-content\/uploads\/thumbnailpanoidcf9WcnxAC8u-SvFzzOtosgcb_clientsearch.gws-prod.gpsw408h240yaw253.jpg\" alt='Seaspace Internationale Spediteure' class=\"aligncenter\"><\/p>\n<p><strong>Beschreibung des Unternehmens: <\/strong>Keine bereitgestellt<\/p>\n<p><strong>Zus\u00e4tzliche Dienstleistungen:<\/strong><\/p>\n<p>Logistikdienstleistung<\/p>\n<p>Lagereinrichtung<\/p>\n<p><strong>Adresse:<\/strong> Gatwick House, Peeks Brook Ln, Horley RH6 9ST<\/p>\n<p><a href=\"https:\/\/www.seaspace-int.com\/?utm_source=gmblisting&#038;utm_medium=organic&#038;utm_campaign=gmb\" target=\"_new\" rel=\"noopener\">Website von Seaspace International Forwarders<\/a><\/p>\n<p><strong>Bewertung: <\/strong>4.2<br \/> <strong>Anzahl der Bewertungen:<\/strong> 12<br \/><a href=\"https:\/\/www.google.co.uk\/maps?cid=6167122230326718562&#038;hl=en&#038;gl=GB\" target=\"_new\" rel=\"noopener\">Bewertungen lesen<\/a><\/p>\n<h2>Wie wir die besten Horley-Spediteure ausgew\u00e4hlt haben<\/h2>\n<p>Wir begannen mit einem Datensatz von 5 Speditionen in Horley, die wir \u00fcber Google Maps finden konnten, und schr\u00e4nkten die Auswahl auf die besten 2 ein.<\/p>\n<p>Zu diesem Zweck haben wir alle Unternehmen entfernt, die:<\/p>\n<ul>\n<li> Hatte keine Website<\/li>\n<li> Hatte keine Bewertungen<\/li>\n<li> eine durchschnittliche Bewertung von weniger als 2,0 haben<\/li>\n<\/ul>\n<p>Wenn wir zu diesem Zeitpunkt 17 oder weniger Spediteure hatten, haben wir sie alle aufgelistet.<\/p>\n<p>F\u00fcr St\u00e4dte, in denen mehr als 17 Spediteure \u00fcbrig blieben, nahmen wir weitere \u00c4nderungen vor, indem wir entweder die erforderliche Bewertungsnote erh\u00f6hten (z. B. von mindestens 2,0 auf 4,0) und\/oder die Mindestanzahl der erforderlichen Bewertungen erh\u00f6hten (z. B. von mindestens einer Bewertung auf mindestens 10).<\/p>\n<p>Bitte beachten Sie, dass wir nur Bewertungsdaten von Google Maps und nicht von anderen Websites Dritter verwendet haben.<\/p>\n<p>Weitere St\u00e4dte:<\/p>\n<p><a href=\"https:\/\/moverdb.com\/de\/spediteur\/freight-forwarding-uk\/enfield-freight-forwarder\/\">Enfield Spediteur<\/a><br \/><a href=\"https:\/\/moverdb.com\/de\/spediteur\/freight-forwarding-uk\/sutton-coldfield-freight-forwarder\/\">Sutton Coldfield Spediteur<\/a><br \/><a href=\"https:\/\/moverdb.com\/de\/spediteur\/freight-forwarding-uk\/redditch-freight-forwarder\/\">Redditch Spediteur<\/a><br \/><a href=\"https:\/\/moverdb.com\/de\/spediteur\/freight-forwarding-uk\/greenhithe-freight-forwarder\/\">Greenhithe Spediteur<\/a><br \/><a href=\"https:\/\/moverdb.com\/de\/spediteur\/freight-forwarding-uk\/loughborough-freight-forwarder\/\">Loughborough Spediteur<\/a><\/p>","protected":false},"excerpt":{"rendered":"<p>Below we look at the 2 &#8220;best&#8221; Freight Forwarding companies in Horley out of 5. To learn more about how we chose the best please consult our FAQ section at the end. Please not the following listings are in no particular order and we are not making any recommendations for any particular company. DMS International [&hellip;]<\/p>\n","protected":false},"author":1,"featured_media":0,"parent":13427,"menu_order":0,"comment_status":"open","ping_status":"open","template":"","meta":{"_genesis_hide_title":false,"_genesis_hide_breadcrumbs":false,"_genesis_hide_singular_image":false,"_genesis_hide_footer_widgets":false,"_genesis_custom_body_class":"","_genesis_custom_post_class":"","_genesis_layout":"","footnotes":""},"class_list":{"0":"post-14124","1":"page","2":"type-page","3":"status-publish","5":"entry"},"_links":{"self":[{"href":"https:\/\/moverdb.com\/de\/wp-json\/wp\/v2\/pages\/14124","targetHints":{"allow":["GET"]}}],"collection":[{"href":"https:\/\/moverdb.com\/de\/wp-json\/wp\/v2\/pages"}],"about":[{"href":"https:\/\/moverdb.com\/de\/wp-json\/wp\/v2\/types\/page"}],"author":[{"embeddable":true,"href":"https:\/\/moverdb.com\/de\/wp-json\/wp\/v2\/users\/1"}],"replies":[{"embeddable":true,"href":"https:\/\/moverdb.com\/de\/wp-json\/wp\/v2\/comments?post=14124"}],"version-history":[{"count":1,"href":"https:\/\/moverdb.com\/de\/wp-json\/wp\/v2\/pages\/14124\/revisions"}],"predecessor-version":[{"id":15721,"href":"https:\/\/moverdb.com\/de\/wp-json\/wp\/v2\/pages\/14124\/revisions\/15721"}],"up":[{"embeddable":true,"href":"https:\/\/moverdb.com\/de\/wp-json\/wp\/v2\/pages\/13427"}],"wp:attachment":[{"href":"https:\/\/moverdb.com\/de\/wp-json\/wp\/v2\/media?parent=14124"}],"curies":[{"name":"wp","href":"https:\/\/api.w.org\/{rel}","templated":true}]}}