{"id":14115,"date":"2023-11-08T15:54:40","date_gmt":"2023-11-08T15:54:40","guid":{"rendered":"https:\/\/moverdb.com\/freight-forwarder\/freight-forwarding-uk\/denny-freight-forwarder\/"},"modified":"2026-01-08T14:56:04","modified_gmt":"2026-01-08T14:56:04","slug":"denny-freight-forwarder","status":"publish","type":"page","link":"https:\/\/moverdb.com\/de\/freight-forwarder\/freight-forwarding-uk\/denny-freight-forwarder\/","title":{"rendered":"2 Beste Denny Speditionsunternehmen (2024)"},"content":{"rendered":"<p>Nachfolgend betrachten wir die 2 <em>\"Beste\"<\/em> Speditionsunternehmen in Denny von 2.<\/p>\n<p>Wenn Sie mehr dar\u00fcber erfahren m\u00f6chten, wie wir die Besten ausgew\u00e4hlt haben, konsultieren Sie bitte unseren FAQ-Bereich am Ende.<\/p>\n<p><em>Bitte beachten Sie, dass die folgenden Auflistungen in keiner bestimmten Reihenfolge stehen und wir keine Empfehlung f\u00fcr ein bestimmtes Unternehmen abgeben.<\/em><\/p>\n<h2>Professionelle Direktlogistik UK Ltd.<\/h2>\n<p><img decoding=\"async\" src=\"https:\/\/moverdb.com\/wp-content\/uploads\/AF1QipPOth2vGRmSchhkRx8MuVj7mWfkzJ_rQq2N5ip_w427-h240-k-no.jpg\" alt='Professionelle Direktlogistik UK Ltd.' class=\"aligncenter\"><\/p>\n<p><strong>Beschreibung des Unternehmens: <\/strong>PDL wurde 1996 als Kurierdienst gegr\u00fcndet und hat sich seitdem zu einem hochprofessionellen internationalen Logistik- und Transportunternehmen entwickelt.<\/p>\n<p> Die PDL befinden sich in Zentralschottland, auf halbem Weg zwischen <a href=\"\" data-internallinksmanager029f6b8e52c=\"44\" title=\"Edinburgh\">Edinburgh<\/a> und <a href=\"\" data-internallinksmanager029f6b8e52c=\"46\" title=\"Glasgow\">Glasgow<\/a>.<\/p>\n<p> Unser Gesch\u00e4ftsethos bestand schon immer darin, unseren Kunden einen professionellen Service zu einem wettbewerbsf\u00e4higen Preis zu bieten, was der Schl\u00fcsselfaktor f\u00fcr den anhaltenden Erfolg unseres Unternehmens ist.<\/p>\n<p> PDL bietet einen effizienten Vertriebs- und Abholservice f\u00fcr unsere Kunden in ganz Schottland.<\/p>\n<p> Unsere Fahrzeuge reichen von Kleintransportern bis hin zu 44-Tonnen-Autos. Unser europ\u00e4ischer Sammelgutverkehr sammelt in ganz Schottland und f\u00e4hrt alle zwei Wochen ab.<\/p>\n<p><strong>Zus\u00e4tzliche Dienstleistungen:<\/strong><\/p>\n<p>Kurierdienst<\/p>\n<p>Vertriebsservice<\/p>\n<p>Generalunternehmer<\/p>\n<p>Logistikdienstleistung<\/p>\n<p>Versanddienst<\/p>\n<p>Lagereinrichtung<\/p>\n<p>Transportdienstleistung<\/p>\n<p>Transportunternehmen<\/p>\n<p>Lagerhaus<\/p>\n<p><strong>Adresse:<\/strong> 1, Winchester Court, Denny FK6 6QR<\/p>\n<p><a href=\"https:\/\/professional-direct-logistics-uk-ltd.business.site\/\" target=\"_new\" rel=\"noopener\">Website von Professional Direct Logistics UK Ltd.<\/a><\/p>\n<p><strong>Bewertung: <\/strong>4.4<br \/> <strong>Anzahl der Bewertungen:<\/strong> 14<br \/><a href=\"https:\/\/www.google.co.uk\/maps?cid=15794844380641143676&#038;hl=en&#038;gl=GB\" target=\"_new\" rel=\"noopener\">Bewertungen lesen<\/a><\/p>\n<h2>IFS Worldwide Ltd.<\/h2>\n<p><img decoding=\"async\" src=\"https:\/\/moverdb.com\/wp-content\/uploads\/thumbnailpanoidJPXawOYBvfcLAUhvTF6JxAcb_clientsearch.gws-prod.gpsw408h240yaw144.jpg\" alt='IFS Worldwide Ltd.' class=\"aligncenter\"><\/p>\n<p><strong>Beschreibung des Unternehmens: <\/strong>Keine bereitgestellt<\/p>\n<p><strong>Zus\u00e4tzliche Dienstleistungen:<\/strong><\/p>\n<p>Lieferfirma<\/p>\n<p><strong>Adresse:<\/strong> Winchester Ct, Denny FK6 6QR<\/p>\n<p><a href=\"http:\/\/www.ifsww.co.uk\/\" target=\"_new\" rel=\"noopener\">IFS Worldwide Ltd Website<\/a><\/p>\n<p><strong>Bewertung: <\/strong>4.8<br \/> <strong>Anzahl der Bewertungen:<\/strong> 12<br \/><a href=\"https:\/\/www.google.co.uk\/maps?cid=1496819135681390890&#038;hl=en&#038;gl=GB\" target=\"_new\" rel=\"noopener\">Bewertungen lesen<\/a><\/p>\n<h2>Wie wir die besten Denny-Speditionsunternehmen ausgew\u00e4hlt haben<\/h2>\n<p>Wir begannen mit einem Datensatz von 2 Denny-Speditionen, die wir \u00fcber Google Maps finden konnten, und schr\u00e4nkten die Auswahl auf die besten 2 ein.<\/p>\n<p>Zu diesem Zweck haben wir alle Unternehmen entfernt, die:<\/p>\n<ul>\n<li> Hatte keine Website<\/li>\n<li> Hatte keine Bewertungen<\/li>\n<li> eine durchschnittliche Bewertung von weniger als 2,0 haben<\/li>\n<\/ul>\n<p>Wenn wir zu diesem Zeitpunkt 17 oder weniger Spediteure hatten, haben wir sie alle aufgelistet.<\/p>\n<p>F\u00fcr St\u00e4dte, in denen mehr als 17 Spediteure \u00fcbrig blieben, nahmen wir weitere \u00c4nderungen vor, indem wir entweder die erforderliche Bewertungsnote erh\u00f6hten (z. B. von mindestens 2,0 auf 4,0) und\/oder die Mindestanzahl der erforderlichen Bewertungen erh\u00f6hten (z. B. von mindestens einer Bewertung auf mindestens 10).<\/p>\n<p>Bitte beachten Sie, dass wir nur Bewertungsdaten von Google Maps und nicht von anderen Websites Dritter verwendet haben.<\/p>\n<p>Weitere St\u00e4dte:<\/p>\n<p><a href=\"https:\/\/moverdb.com\/de\/spediteur\/freight-forwarding-uk\/bordon-freight-forwarder\/\">Bordon Spediteur<\/a><br \/><a href=\"https:\/\/moverdb.com\/de\/spediteur\/freight-forwarding-uk\/pudsey-freight-forwarder\/\">Pudsey Spediteur<\/a><br \/><a href=\"https:\/\/moverdb.com\/de\/spediteur\/freight-forwarding-uk\/horley-freight-forwarder\/\">Horley Spediteur<\/a><br \/><a href=\"https:\/\/moverdb.com\/de\/spediteur\/freight-forwarding-uk\/enfield-freight-forwarder\/\">Enfield Spediteur<\/a><br \/><a href=\"https:\/\/moverdb.com\/de\/spediteur\/freight-forwarding-uk\/sutton-coldfield-freight-forwarder\/\">Sutton Coldfield Spediteur<\/a><\/p>","protected":false},"excerpt":{"rendered":"<p>Below we look at the 2 &#8220;best&#8221; Freight Forwarding companies in Denny out of 2. To learn more about how we chose the best please consult our FAQ section at the end. Please not the following listings are in no particular order and we are not making any recommendations for any particular company. Professional Direct [&hellip;]<\/p>\n","protected":false},"author":1,"featured_media":0,"parent":13427,"menu_order":0,"comment_status":"open","ping_status":"open","template":"","meta":{"_genesis_hide_title":false,"_genesis_hide_breadcrumbs":false,"_genesis_hide_singular_image":false,"_genesis_hide_footer_widgets":false,"_genesis_custom_body_class":"","_genesis_custom_post_class":"","_genesis_layout":"","footnotes":""},"class_list":{"0":"post-14115","1":"page","2":"type-page","3":"status-publish","5":"entry"},"_links":{"self":[{"href":"https:\/\/moverdb.com\/de\/wp-json\/wp\/v2\/pages\/14115","targetHints":{"allow":["GET"]}}],"collection":[{"href":"https:\/\/moverdb.com\/de\/wp-json\/wp\/v2\/pages"}],"about":[{"href":"https:\/\/moverdb.com\/de\/wp-json\/wp\/v2\/types\/page"}],"author":[{"embeddable":true,"href":"https:\/\/moverdb.com\/de\/wp-json\/wp\/v2\/users\/1"}],"replies":[{"embeddable":true,"href":"https:\/\/moverdb.com\/de\/wp-json\/wp\/v2\/comments?post=14115"}],"version-history":[{"count":1,"href":"https:\/\/moverdb.com\/de\/wp-json\/wp\/v2\/pages\/14115\/revisions"}],"predecessor-version":[{"id":15714,"href":"https:\/\/moverdb.com\/de\/wp-json\/wp\/v2\/pages\/14115\/revisions\/15714"}],"up":[{"embeddable":true,"href":"https:\/\/moverdb.com\/de\/wp-json\/wp\/v2\/pages\/13427"}],"wp:attachment":[{"href":"https:\/\/moverdb.com\/de\/wp-json\/wp\/v2\/media?parent=14115"}],"curies":[{"name":"wp","href":"https:\/\/api.w.org\/{rel}","templated":true}]}}