{"id":14107,"date":"2023-11-08T15:54:40","date_gmt":"2023-11-08T15:54:40","guid":{"rendered":"https:\/\/moverdb.com\/freight-forwarder\/freight-forwarding-uk\/burntwood-freight-forwarder\/"},"modified":"2026-01-08T14:55:57","modified_gmt":"2026-01-08T14:55:57","slug":"burntwood-freight-forwarder","status":"publish","type":"page","link":"https:\/\/moverdb.com\/de\/freight-forwarder\/freight-forwarding-uk\/burntwood-freight-forwarder\/","title":{"rendered":"2 Beste Burntwood Speditionsunternehmen (2024)"},"content":{"rendered":"<p>Nachfolgend betrachten wir die 2 <em>\"Beste\"<\/em> Speditionsunternehmen in Burntwood von 3.<\/p>\n<p>Wenn Sie mehr dar\u00fcber erfahren m\u00f6chten, wie wir die Besten ausgew\u00e4hlt haben, konsultieren Sie bitte unseren FAQ-Bereich am Ende.<\/p>\n<p><em>Bitte beachten Sie, dass die folgenden Auflistungen in keiner bestimmten Reihenfolge stehen und wir keine Empfehlung f\u00fcr ein bestimmtes Unternehmen abgeben.<\/em><\/p>\n<h2>Espace Europe Spediteure<\/h2>\n<p><img decoding=\"async\" src=\"https:\/\/moverdb.com\/wp-content\/uploads\/AF1QipPpgB30xdOP3akbAjFx7dwqzfHkVsoV07XVd7Xmw446-h240-k-no.jpg\" alt='Espace Europe Spediteure' class=\"aligncenter\"><\/p>\n<p><strong>Beschreibung des Unternehmens: <\/strong>Espace ist ein preisgekr\u00f6nter, mitarbeitergef\u00fchrter Frachtspezialist mit einer gut entwickelten <a href=\"https:\/\/moverdb.com\/de\/moving-to-the-uk\/\" data-internallinksmanager029f6b8e52c=\"93\" title=\"Umzug in das Vereinigte K\u00f6nigreich? 2026 Lebenshaltungskosten &amp; Umzugstipps\">UK<\/a>, europ\u00e4isches und weltweites Netz.<\/p>\n<p> Durch unsere f\u00fchrenden Notfall-Express-, Stra\u00dfen-, Luft- und Seedienste bieten wir unseren Kunden wertorientierte Lieferkettenl\u00f6sungen, bei denen sowohl der Preis als auch das Serviceniveau im Vordergrund stehen.<\/p>\n<p> Unser langj\u00e4hriges Team von erfahrenen Frachtf\u00fchrern widmet sich den Anforderungen unserer Kunden.<\/p>\n<p> So engagiert, dass wir das einzige Frachtunternehmen sind, das eine Geld-zur\u00fcck-Garantie f\u00fcr Standardfracht anbietet.<\/p>\n<p> Espace ist ein erfolgreiches, angesehenes Speditionsunternehmen, das seinen Werten treu bleibt.<\/p>\n<p><strong>Zus\u00e4tzliche Dienstleistungen:<\/strong><\/p>\n<p>Kurierdienst<\/p>\n<p>Lieferfirma<\/p>\n<p>Transportdienstleistung<\/p>\n<p><strong>Adresse:<\/strong> 5, Newlands Court, Attwood Rd, Burntwood WS7 3GF<\/p>\n<p><a href=\"https:\/\/www.espaceglobalfreight.com\/\" target=\"_new\" rel=\"noopener\">Website von Espace Europe Freight Forwarders<\/a><\/p>\n<p><strong>Bewertung: <\/strong>4.9<br \/> <strong>Anzahl der Bewertungen:<\/strong> 34<br \/><a href=\"https:\/\/www.google.co.uk\/maps?cid=10863475497294295640&#038;hl=en&#038;gl=GB\" target=\"_new\" rel=\"noopener\">Bewertungen lesen<\/a><\/p>\n<h2>World Cargo Logistics Limited<\/h2>\n<p><img decoding=\"async\" src=\"https:\/\/moverdb.com\/wp-content\/uploads\/thumbnailpanoidqzNItEmnCV8WvtqPVgNLYAcb_clientsearch.gws-prod.gpsw408h240yaw20.jpg\" alt='World Cargo Logistics Limited' class=\"aligncenter\"><\/p>\n<p><strong>Beschreibung des Unternehmens: <\/strong>World Cargo Logistics ist ein britisches Unternehmen in Privatbesitz, das seit dem Jahr 2000 weltweit Frachtdienste anbietet.<\/p>\n<p>Mit 8 B\u00fcros im ganzen Land sind wir einer der f\u00fchrenden Spediteure im Vereinigten K\u00f6nigreich und bieten dennoch einen sehr pers\u00f6nlichen Service.<\/p>\n<p><strong>Zus\u00e4tzliche Dienstleistungen:<\/strong><\/p>\n<p>Lieferfirma<\/p>\n<p><strong>Adresse:<\/strong> Spear House, Cobbett Rd, Chase Terrace, Burntwood WS7 3GL<\/p>\n<p><a href=\"http:\/\/worldcargologistics.co.uk\/\" target=\"_new\" rel=\"noopener\">Website von World Cargo Logistics Limited<\/a><\/p>\n<p><strong>Bewertung: <\/strong>5<br \/> <strong>Anzahl der Bewertungen:<\/strong> 2<br \/><a href=\"https:\/\/www.google.co.uk\/maps?cid=14132311081089606715&#038;hl=en&#038;gl=GB\" target=\"_new\" rel=\"noopener\">Bewertungen lesen<\/a><\/p>\n<h2>Wie wir die besten Burntwood-Spediteure ausgew\u00e4hlt haben<\/h2>\n<p>Wir begannen mit einem Datensatz von 3 Burntwood-Speditionen, die wir \u00fcber Google Maps finden konnten, und schr\u00e4nkten die Auswahl auf die besten 2 ein.<\/p>\n<p>Zu diesem Zweck haben wir alle Unternehmen entfernt, die:<\/p>\n<ul>\n<li> Hatte keine Website<\/li>\n<li> Hatte keine Bewertungen<\/li>\n<li> eine durchschnittliche Bewertung von weniger als 2,0 haben<\/li>\n<\/ul>\n<p>Wenn wir zu diesem Zeitpunkt 17 oder weniger Spediteure hatten, haben wir sie alle aufgelistet.<\/p>\n<p>F\u00fcr St\u00e4dte, in denen mehr als 17 Spediteure \u00fcbrig blieben, nahmen wir weitere \u00c4nderungen vor, indem wir entweder die erforderliche Bewertungsnote erh\u00f6hten (z. B. von mindestens 2,0 auf 4,0) und\/oder die Mindestanzahl der erforderlichen Bewertungen erh\u00f6hten (z. B. von mindestens einer Bewertung auf mindestens 10).<\/p>\n<p>Bitte beachten Sie, dass wir nur Bewertungsdaten von Google Maps und nicht von anderen Websites Dritter verwendet haben.<\/p>\n<p>Weitere St\u00e4dte:<\/p>\n<p><a href=\"https:\/\/moverdb.com\/de\/spediteur\/freight-forwarding-uk\/prescot-freight-forwarder\/\">Prescot Spediteur<\/a><br \/><a href=\"https:\/\/moverdb.com\/de\/spediteur\/freight-forwarding-uk\/bury-saint-edmunds-freight-forwarder\/\">Bury Saint Edmunds Spediteur<\/a><br \/><a href=\"https:\/\/moverdb.com\/de\/spediteur\/freight-forwarding-uk\/denny-freight-forwarder\/\">Denny Spediteur<\/a><br \/><a href=\"https:\/\/moverdb.com\/de\/spediteur\/freight-forwarding-uk\/bordon-freight-forwarder\/\">Bordon Spediteur<\/a><br \/><a href=\"https:\/\/moverdb.com\/de\/spediteur\/freight-forwarding-uk\/pudsey-freight-forwarder\/\">Pudsey Spediteur<\/a><\/p>","protected":false},"excerpt":{"rendered":"<p>Below we look at the 2 &#8220;best&#8221; Freight Forwarding companies in Burntwood out of 3. To learn more about how we chose the best please consult our FAQ section at the end. Please not the following listings are in no particular order and we are not making any recommendations for any particular company. Espace Europe [&hellip;]<\/p>\n","protected":false},"author":1,"featured_media":0,"parent":13427,"menu_order":0,"comment_status":"open","ping_status":"open","template":"","meta":{"_genesis_hide_title":false,"_genesis_hide_breadcrumbs":false,"_genesis_hide_singular_image":false,"_genesis_hide_footer_widgets":false,"_genesis_custom_body_class":"","_genesis_custom_post_class":"","_genesis_layout":"","footnotes":""},"class_list":{"0":"post-14107","1":"page","2":"type-page","3":"status-publish","5":"entry"},"_links":{"self":[{"href":"https:\/\/moverdb.com\/de\/wp-json\/wp\/v2\/pages\/14107","targetHints":{"allow":["GET"]}}],"collection":[{"href":"https:\/\/moverdb.com\/de\/wp-json\/wp\/v2\/pages"}],"about":[{"href":"https:\/\/moverdb.com\/de\/wp-json\/wp\/v2\/types\/page"}],"author":[{"embeddable":true,"href":"https:\/\/moverdb.com\/de\/wp-json\/wp\/v2\/users\/1"}],"replies":[{"embeddable":true,"href":"https:\/\/moverdb.com\/de\/wp-json\/wp\/v2\/comments?post=14107"}],"version-history":[{"count":1,"href":"https:\/\/moverdb.com\/de\/wp-json\/wp\/v2\/pages\/14107\/revisions"}],"predecessor-version":[{"id":15707,"href":"https:\/\/moverdb.com\/de\/wp-json\/wp\/v2\/pages\/14107\/revisions\/15707"}],"up":[{"embeddable":true,"href":"https:\/\/moverdb.com\/de\/wp-json\/wp\/v2\/pages\/13427"}],"wp:attachment":[{"href":"https:\/\/moverdb.com\/de\/wp-json\/wp\/v2\/media?parent=14107"}],"curies":[{"name":"wp","href":"https:\/\/api.w.org\/{rel}","templated":true}]}}