{"id":14043,"date":"2023-11-08T15:54:18","date_gmt":"2023-11-08T15:54:18","guid":{"rendered":"https:\/\/moverdb.com\/freight-forwarder\/freight-forwarding-uk\/wembley-freight-forwarder\/"},"modified":"2026-01-08T14:58:43","modified_gmt":"2026-01-08T14:58:43","slug":"wembley-freight-forwarder","status":"publish","type":"page","link":"https:\/\/moverdb.com\/de\/freight-forwarder\/freight-forwarding-uk\/wembley-freight-forwarder\/","title":{"rendered":"2 Beste Wembley-Speditionen (2024)"},"content":{"rendered":"<p>Nachfolgend betrachten wir die 2 <em>\"Beste\"<\/em> Speditionsunternehmen in Wembley von 8.<\/p>\n<p>Wenn Sie mehr dar\u00fcber erfahren m\u00f6chten, wie wir die Besten ausgew\u00e4hlt haben, konsultieren Sie bitte unseren FAQ-Bereich am Ende.<\/p>\n<p><em>Bitte beachten Sie, dass die folgenden Auflistungen in keiner bestimmten Reihenfolge stehen und wir keine Empfehlung f\u00fcr ein bestimmtes Unternehmen abgeben.<\/em><\/p>\n<h2>Luftfracht Global Kenia (www.Kenya-AirCargo.com)<\/h2>\n<p><img decoding=\"async\" src=\"https:\/\/moverdb.com\/wp-content\/uploads\/AF1QipOJY_kDodVzmgJtYC-sWixwmPVY3CyvwDW6i-MZw426-h240-k-no.jpg\" alt='Luftfracht Global Kenia (www.Kenya-AirCargo.com)' class=\"aligncenter\"><\/p>\n<p><strong>Beschreibung des Unternehmens: <\/strong>Bei Air Cargo Global <a href=\"https:\/\/moverdb.com\/de\/moving-companies\/moving-companies-kenya\/\" data-internallinksmanager029f6b8e52c=\"305\" title=\"Die 4 besten internationalen Umzugsunternehmen in Kenia\">Kenia<\/a> Wir bieten einen f\u00fchrenden Frachtdienst nach Kenia, der kosteng\u00fcnstig und sicher ist.<\/p>\n<p> Wir sind stolz darauf, einen T\u00fcr-zu-T\u00fcr-Versand nach Kenia anbieten zu k\u00f6nnen, ganz gleich, ob Sie Luftfracht oder Seefracht f\u00fcr Ihre pers\u00f6nlichen Gegenst\u00e4nde, Online-Eink\u00e4ufe, \u00dcbergep\u00e4ck oder kommerzielle Fracht ben\u00f6tigen.<\/p>\n<p>Wir bieten:<\/p>\n<p>Fracht nach Kenia<br \/>\nFracht nach Simbabwe<br \/>\nFracht nach Uganda<br \/>\nFracht nach Somalia<br \/>\nFracht nach Afrika<br \/>\nFracht nach Ruanda<br \/>\nLuftfracht nach Angola<br \/>\nLuftfracht nach <a href=\"https:\/\/moverdb.com\/de\/moving-companies\/burkina-faso-moving-companies\/\" data-internallinksmanager029f6b8e52c=\"221\" title=\"Die besten internationalen Umzugsunternehmen in Burkina Faso\">Burkina Faso<\/a><br \/>\nLuftfracht nach Benin<br \/>\nLuftfracht nach <a href=\"https:\/\/moverdb.com\/de\/moving-companies\/botswana-moving-companies\/\" data-internallinksmanager029f6b8e52c=\"167\" title=\"Die besten internationalen Umzugsunternehmen in Botswana\">Botswana<\/a><br \/>\nLuftfracht in die Zentralafrikanische Republik<br \/>\nLuftfracht nach Elfenbeink\u00fcste<br \/>\nLuftfracht nach <a href=\"https:\/\/moverdb.com\/de\/moving-companies\/cameroon-moving-companies\/\" data-internallinksmanager029f6b8e52c=\"222\" title=\"Beste internationale Umzugsfirmen in Kamerun\">Kamerun<\/a><br \/>\nLuftfracht nach <a href=\"https:\/\/moverdb.com\/de\/moving-companies\/algeria\/\" data-internallinksmanager029f6b8e52c=\"166\" title=\"Die 3 besten internationalen Umzugsunternehmen in Algerien\">Algerien<\/a><br \/>\nLuftfracht nach <a href=\"https:\/\/moverdb.com\/de\/moving-companies\/egypt-moving-companies\/\" data-internallinksmanager029f6b8e52c=\"200\" title=\"Die 11 besten internationalen Umzugsunternehmen in \u00c4gypten\">\u00c4gypten<\/a><br \/>\nLuftfracht in die Westsahara<br \/>\nLuftfracht nach <a href=\"https:\/\/moverdb.com\/de\/moving-companies\/moving-companies-ethiopia\/\" data-internallinksmanager029f6b8e52c=\"214\" title=\"Die 5 besten internationalen Umzugsunternehmen in \u00c4thiopien\">\u00c4thiopien<\/a><br \/>\nLuftfracht nach Gabun<br \/>\nLuftfracht nach <a href=\"https:\/\/moverdb.com\/de\/moving-companies\/moving-companies-ghana\/\" data-internallinksmanager029f6b8e52c=\"228\" title=\"2 beste internationale Umzugsfirmen in Ghana\">Ghana<\/a><br \/>\nLuftfracht nach Gambia<\/p>\n<p><strong>Zus\u00e4tzliche Dienstleistungen:<\/strong><\/p>\n<p>Kurierdienst<\/p>\n<p><strong>Adresse:<\/strong> Wembley Park Business Centre, Zugang, First Way, Wembley HA9 0JD<\/p>\n<p><a href=\"http:\/\/www.kenya-aircargo.com\/\" target=\"_new\" rel=\"noopener\">Website von Air Cargo Global Kenya (www.Kenya-AirCargo.com)<\/a><\/p>\n<p><strong>Bewertung: <\/strong>4.3<br \/> <strong>Anzahl der Bewertungen:<\/strong> 11<br \/><a href=\"https:\/\/www.google.co.uk\/maps?cid=18136524815790858633&#038;hl=en&#038;gl=GB\" target=\"_new\" rel=\"noopener\">Bewertungen lesen<\/a><\/p>\n<h2>Arab Africa Cargo Ltd (DHL Express, Fracht nach Nahost, Afrika)<\/h2>\n<p><img decoding=\"async\" src=\"https:\/\/moverdb.com\/wp-content\/uploads\/AF1QipMecEC7NKx9s8WtQBwD4kH-jRmke_zzboxdmd5-w648-h240-k-no.jpg\" alt='Arab Africa Cargo Ltd (DHL Express, Fracht nach Nahost, Afrika)' class=\"aligncenter\"><\/p>\n<p><strong>Beschreibung des Unternehmens: <\/strong>Arab Africa Cargo bietet schnelle und sichere Luftfracht- und DHL-Express-Dienste von der <a href=\"https:\/\/moverdb.com\/de\/moving-to-the-uk\/\" data-internallinksmanager029f6b8e52c=\"93\" title=\"Umzug in das Vereinigte K\u00f6nigreich? 2026 Lebenshaltungskosten &amp; Umzugstipps\">UK<\/a> und Europa in den Mittleren Osten, nach Afrika, Asien und in den Rest der Welt.<\/p>\n<p> Wir bieten ein umfassendes Angebot an Dienstleistungen auf allen Strecken, einschlie\u00dflich Express- und Direktverbindungen.<\/p>\n<p> Wenn es die Zeit jedoch nicht zul\u00e4sst, sind wir auch in der Lage, alternative L\u00f6sungen anzubieten, wie z. B. aufgeschobene und konsolidierte Dienstleistungen, um die Kosten mit den Fristen in Einklang zu bringen.<\/p>\n<p>Wir helfen unseren Kunden bei der Bef\u00f6rderung von pers\u00f6nlicher und gewerblicher Fracht, sei es \u00dcbergep\u00e4ck oder Paletten per Luftfracht in den Rest der Welt.<\/p>\n<p>+442030027757<\/p>\n<p><strong>Zus\u00e4tzliche Dienstleistungen:<\/strong><\/p>\n<p>Kurierdienst<\/p>\n<p><strong>Adresse:<\/strong> Access Business Centre, First Way, Wembley HA9 0JD<\/p>\n<p><a href=\"http:\/\/arabafricacargo.com\/\" target=\"_new\" rel=\"noopener\">Arab Africa Cargo Ltd (DHL Express, Fracht in den Nahen Osten, Afrika) Website<\/a><\/p>\n<p><strong>Bewertung: <\/strong>4.5<br \/> <strong>Anzahl der Bewertungen:<\/strong> 8<br \/><a href=\"https:\/\/www.google.co.uk\/maps?cid=2013360732440905948&#038;hl=en&#038;gl=GB\" target=\"_new\" rel=\"noopener\">Bewertungen lesen<\/a><\/p>\n<h2>Wie wir die besten Wembley-Spediteure ausgew\u00e4hlt haben<\/h2>\n<p>Wir begannen mit einem Datensatz von 8 Wembley-Speditionen, die wir \u00fcber Google Maps finden konnten, und schr\u00e4nkten die Auswahl auf die besten 2 ein.<\/p>\n<p>Zu diesem Zweck haben wir alle Unternehmen entfernt, die:<\/p>\n<ul>\n<li> Hatte keine Website<\/li>\n<li> Hatte keine Bewertungen<\/li>\n<li> eine durchschnittliche Bewertung von weniger als 2,0 haben<\/li>\n<\/ul>\n<p>Wenn wir zu diesem Zeitpunkt 17 oder weniger Spediteure hatten, haben wir sie alle aufgelistet.<\/p>\n<p>F\u00fcr St\u00e4dte, in denen mehr als 17 Spediteure \u00fcbrig blieben, nahmen wir weitere \u00c4nderungen vor, indem wir entweder die erforderliche Bewertungsnote erh\u00f6hten (z. B. von mindestens 2,0 auf 4,0) und\/oder die Mindestanzahl der erforderlichen Bewertungen erh\u00f6hten (z. B. von mindestens einer Bewertung auf mindestens 10).<\/p>\n<p>Bitte beachten Sie, dass wir nur Bewertungsdaten von Google Maps und nicht von anderen Websites Dritter verwendet haben.<\/p>\n<p>Weitere St\u00e4dte:<\/p>\n<p><a href=\"https:\/\/moverdb.com\/de\/spediteur\/freight-forwarding-uk\/hockley-freight-forwarder\/\">Hockley Spediteur<\/a><br \/><a href=\"https:\/\/moverdb.com\/de\/spediteur\/freight-forwarding-uk\/fareham-freight-forwarder\/\">Fareham Spediteur<\/a><br \/><a href=\"https:\/\/moverdb.com\/de\/spediteur\/freight-forwarding-uk\/normanton-freight-forwarder\/\">Normanton Spediteur<\/a><br \/><a href=\"https:\/\/moverdb.com\/de\/spediteur\/freight-forwarding-uk\/solihull-freight-forwarder\/\">Solihull Spediteur<\/a><br \/><a href=\"https:\/\/moverdb.com\/de\/spediteur\/freight-forwarding-uk\/cleckheaton-freight-forwarder\/\">Cleckheaton Spediteur<\/a><\/p>","protected":false},"excerpt":{"rendered":"<p>Below we look at the 2 &#8220;best&#8221; Freight Forwarding companies in Wembley out of 8. To learn more about how we chose the best please consult our FAQ section at the end. Please not the following listings are in no particular order and we are not making any recommendations for any particular company. Air Cargo [&hellip;]<\/p>\n","protected":false},"author":1,"featured_media":0,"parent":13427,"menu_order":0,"comment_status":"open","ping_status":"open","template":"","meta":{"_genesis_hide_title":false,"_genesis_hide_breadcrumbs":false,"_genesis_hide_singular_image":false,"_genesis_hide_footer_widgets":false,"_genesis_custom_body_class":"","_genesis_custom_post_class":"","_genesis_layout":"","footnotes":""},"class_list":{"0":"post-14043","1":"page","2":"type-page","3":"status-publish","5":"entry"},"_links":{"self":[{"href":"https:\/\/moverdb.com\/de\/wp-json\/wp\/v2\/pages\/14043","targetHints":{"allow":["GET"]}}],"collection":[{"href":"https:\/\/moverdb.com\/de\/wp-json\/wp\/v2\/pages"}],"about":[{"href":"https:\/\/moverdb.com\/de\/wp-json\/wp\/v2\/types\/page"}],"author":[{"embeddable":true,"href":"https:\/\/moverdb.com\/de\/wp-json\/wp\/v2\/users\/1"}],"replies":[{"embeddable":true,"href":"https:\/\/moverdb.com\/de\/wp-json\/wp\/v2\/comments?post=14043"}],"version-history":[{"count":1,"href":"https:\/\/moverdb.com\/de\/wp-json\/wp\/v2\/pages\/14043\/revisions"}],"predecessor-version":[{"id":15756,"href":"https:\/\/moverdb.com\/de\/wp-json\/wp\/v2\/pages\/14043\/revisions\/15756"}],"up":[{"embeddable":true,"href":"https:\/\/moverdb.com\/de\/wp-json\/wp\/v2\/pages\/13427"}],"wp:attachment":[{"href":"https:\/\/moverdb.com\/de\/wp-json\/wp\/v2\/media?parent=14043"}],"curies":[{"name":"wp","href":"https:\/\/api.w.org\/{rel}","templated":true}]}}