{"id":14026,"date":"2023-11-08T15:53:54","date_gmt":"2023-11-08T15:53:54","guid":{"rendered":"https:\/\/moverdb.com\/freight-forwarder\/freight-forwarding-uk\/wisbech-freight-forwarder\/"},"modified":"2026-01-08T14:58:45","modified_gmt":"2026-01-08T14:58:45","slug":"wisbech-freight-forwarder","status":"publish","type":"page","link":"https:\/\/moverdb.com\/de\/freight-forwarder\/freight-forwarding-uk\/wisbech-freight-forwarder\/","title":{"rendered":"2 Beste Wisbech Speditionsunternehmen (2024)"},"content":{"rendered":"<p>Nachfolgend betrachten wir die 2 <em>\"Beste\"<\/em> Speditionsunternehmen in Wisbech von 3.<\/p>\n<p>Wenn Sie mehr dar\u00fcber erfahren m\u00f6chten, wie wir die Besten ausgew\u00e4hlt haben, konsultieren Sie bitte unseren FAQ-Bereich am Ende.<\/p>\n<p><em>Bitte beachten Sie, dass die folgenden Auflistungen in keiner bestimmten Reihenfolge stehen und wir keine Empfehlung f\u00fcr ein bestimmtes Unternehmen abgeben.<\/em><\/p>\n<h2>Hafen von Wisbech Ltd<\/h2>\n<p><img decoding=\"async\" src=\"https:\/\/moverdb.com\/wp-content\/uploads\/AF1QipPOoiMw80OHFihI_SpoxOmhKZo5WGYmoFGFI1CFw408-h544-k-no.jpg\" alt='Hafen von Wisbech Ltd' class=\"aligncenter\"><\/p>\n<p><strong>Beschreibung des Unternehmens: <\/strong>Keine bereitgestellt<\/p>\n<p><strong>Zus\u00e4tzliche Dienstleistungen:<\/strong><\/p>\n<p><a href=\"https:\/\/moverdb.com\/de\/top-49-container-ports\/\" data-internallinksmanager029f6b8e52c=\"80\" title=\"Top 49 der gr\u00f6\u00dften und verkehrsreichsten Containerh\u00e4fen im Jahr 2025\">Hafen<\/a><\/p>\n<p>Lieferfirma<\/p>\n<p><strong>Adresse:<\/strong> Nene Parade, Wisbech PE13 3BB<\/p>\n<p><a href=\"http:\/\/www.portofwisbech.co.uk\/\" target=\"_new\" rel=\"noopener\">Website von Port Of Wisbech Ltd<\/a><\/p>\n<p><strong>Bewertung: <\/strong>4.2<br \/> <strong>Anzahl der Bewertungen:<\/strong> 78<br \/><a href=\"https:\/\/www.google.co.uk\/maps?cid=8561414560230707035&#038;hl=en&#038;gl=GB\" target=\"_new\" rel=\"noopener\">Bewertungen lesen<\/a><\/p>\n<h2>Woolner Freight Ltd<\/h2>\n<p><img decoding=\"async\" src=\"https:\/\/moverdb.com\/wp-content\/uploads\/AF1QipMNK0_pPK7C4gV8YVmW-9h4VTfVJ9mLf3CnwOimw426-h240-k-no.jpg\" alt='Woolner Freight Ltd' class=\"aligncenter\"><\/p>\n<p><strong>Beschreibung des Unternehmens: <\/strong>Wir bei Woolner Freight sind ein familiengef\u00fchrtes Palettenvertriebsunternehmen mit ausgezeichneten Werten im Kundenservice.<\/p>\n<p> Wir sind Spezialisten f\u00fcr lokale, nationale und internationale Lieferoptionen.<\/p>\n<p> Zeit ist Geld und wir k\u00f6nnen Ihnen beides ersparen!<\/p>\n<p><strong>Zus\u00e4tzliche Dienstleistungen:<\/strong><\/p>\n<p>Vertriebsservice<\/p>\n<p>Transportdienstleistung<\/p>\n<p><strong>Adresse:<\/strong> The New Barn, 195 Smeeth Rd, Marshland St James, Wisbech PE14 8JB<\/p>\n<p><a href=\"https:\/\/woolnerfreight.co.uk\/\" target=\"_new\" rel=\"noopener\">Website von Woolner Freight Ltd<\/a><\/p>\n<p><strong>Bewertung: <\/strong>4.2<br \/> <strong>Anzahl der Bewertungen:<\/strong> 12<br \/><a href=\"https:\/\/www.google.co.uk\/maps?cid=10985679123709776891&#038;hl=en&#038;gl=GB\" target=\"_new\" rel=\"noopener\">Bewertungen lesen<\/a><\/p>\n<h2>Wie wir die besten Speditionsunternehmen in Wisbech ausgew\u00e4hlt haben<\/h2>\n<p>Wir begannen mit einem Datensatz von 3 Speditionen in Wisbech, die wir \u00fcber Google Maps finden konnten, und schr\u00e4nkten die Auswahl auf die besten 2 ein.<\/p>\n<p>Zu diesem Zweck haben wir alle Unternehmen entfernt, die:<\/p>\n<ul>\n<li> Hatte keine Website<\/li>\n<li> Hatte keine Bewertungen<\/li>\n<li> eine durchschnittliche Bewertung von weniger als 2,0 haben<\/li>\n<\/ul>\n<p>Wenn wir zu diesem Zeitpunkt 17 oder weniger Spediteure hatten, haben wir sie alle aufgelistet.<\/p>\n<p>F\u00fcr St\u00e4dte, in denen mehr als 17 Spediteure \u00fcbrig blieben, nahmen wir weitere \u00c4nderungen vor, indem wir entweder die erforderliche Bewertungsnote erh\u00f6hten (z. B. von mindestens 2,0 auf 4,0) und\/oder die Mindestanzahl der erforderlichen Bewertungen erh\u00f6hten (z. B. von mindestens einer Bewertung auf mindestens 10).<\/p>\n<p>Bitte beachten Sie, dass wir nur Bewertungsdaten von Google Maps und nicht von anderen Websites Dritter verwendet haben.<\/p>\n<p>Weitere St\u00e4dte:<\/p>\n<p><a href=\"https:\/\/moverdb.com\/de\/spediteur\/freight-forwarding-uk\/east-cowes-freight-forwarder\/\">East Cowes Spediteur<\/a><br \/><a href=\"https:\/\/moverdb.com\/de\/spediteur\/freight-forwarding-uk\/bury-freight-forwarder\/\">Bury Spediteur<\/a><br \/><a href=\"https:\/\/moverdb.com\/de\/spediteur\/freight-forwarding-uk\/newcastle-upon-tyne-freight-forwarder\/\">Newcastle upon Tyne Spediteur<\/a><br \/><a href=\"https:\/\/moverdb.com\/de\/spediteur\/freight-forwarding-uk\/great-yarmouth-freight-forwarder\/\">Great Yarmouth Spediteur<\/a><br \/><a href=\"https:\/\/moverdb.com\/de\/spediteur\/freight-forwarding-uk\/newport-freight-forwarder\/\">Newport Spediteur<\/a><\/p>","protected":false},"excerpt":{"rendered":"<p>Below we look at the 2 &#8220;best&#8221; Freight Forwarding companies in Wisbech out of 3. To learn more about how we chose the best please consult our FAQ section at the end. Please not the following listings are in no particular order and we are not making any recommendations for any particular company. Port Of [&hellip;]<\/p>\n","protected":false},"author":1,"featured_media":0,"parent":13427,"menu_order":0,"comment_status":"open","ping_status":"open","template":"","meta":{"_genesis_hide_title":false,"_genesis_hide_breadcrumbs":false,"_genesis_hide_singular_image":false,"_genesis_hide_footer_widgets":false,"_genesis_custom_body_class":"","_genesis_custom_post_class":"","_genesis_layout":"","footnotes":""},"class_list":{"0":"post-14026","1":"page","2":"type-page","3":"status-publish","5":"entry"},"_links":{"self":[{"href":"https:\/\/moverdb.com\/de\/wp-json\/wp\/v2\/pages\/14026","targetHints":{"allow":["GET"]}}],"collection":[{"href":"https:\/\/moverdb.com\/de\/wp-json\/wp\/v2\/pages"}],"about":[{"href":"https:\/\/moverdb.com\/de\/wp-json\/wp\/v2\/types\/page"}],"author":[{"embeddable":true,"href":"https:\/\/moverdb.com\/de\/wp-json\/wp\/v2\/users\/1"}],"replies":[{"embeddable":true,"href":"https:\/\/moverdb.com\/de\/wp-json\/wp\/v2\/comments?post=14026"}],"version-history":[{"count":1,"href":"https:\/\/moverdb.com\/de\/wp-json\/wp\/v2\/pages\/14026\/revisions"}],"predecessor-version":[{"id":15758,"href":"https:\/\/moverdb.com\/de\/wp-json\/wp\/v2\/pages\/14026\/revisions\/15758"}],"up":[{"embeddable":true,"href":"https:\/\/moverdb.com\/de\/wp-json\/wp\/v2\/pages\/13427"}],"wp:attachment":[{"href":"https:\/\/moverdb.com\/de\/wp-json\/wp\/v2\/media?parent=14026"}],"curies":[{"name":"wp","href":"https:\/\/api.w.org\/{rel}","templated":true}]}}