{"id":13985,"date":"2023-11-08T15:53:54","date_gmt":"2023-11-08T15:53:54","guid":{"rendered":"https:\/\/moverdb.com\/freight-forwarder\/freight-forwarding-uk\/dagenham-freight-forwarder\/"},"modified":"2026-01-08T13:17:28","modified_gmt":"2026-01-08T13:17:28","slug":"dagenham-freight-forwarder","status":"publish","type":"page","link":"https:\/\/moverdb.com\/de\/freight-forwarder\/freight-forwarding-uk\/dagenham-freight-forwarder\/","title":{"rendered":"3 beste Dagenham Speditionsunternehmen (2024)"},"content":{"rendered":"<p>Nachfolgend betrachten wir die 3 <em>\"Beste\"<\/em> Speditionsunternehmen in Dagenham von 9.<\/p>\n<p>Wenn Sie mehr dar\u00fcber erfahren m\u00f6chten, wie wir die Besten ausgew\u00e4hlt haben, konsultieren Sie bitte unseren FAQ-Bereich am Ende.<\/p>\n<p><em>Bitte beachten Sie, dass die folgenden Auflistungen in keiner bestimmten Reihenfolge stehen und wir keine Empfehlung f\u00fcr ein bestimmtes Unternehmen abgeben.<\/em><\/p>\n<div id=\"ez-toc-container\" class=\"ez-toc-v2_0_82_2 ez-toc-wrap-left counter-hierarchy ez-toc-counter ez-toc-transparent ez-toc-container-direction\">\n<div class=\"ez-toc-title-container\">\n<p class=\"ez-toc-title\" style=\"cursor:inherit\">Rubriken<\/p>\n<span class=\"ez-toc-title-toggle\"><a href=\"#\" class=\"ez-toc-pull-right ez-toc-btn ez-toc-btn-xs ez-toc-btn-default ez-toc-toggle\" aria-label=\"Inhaltsverzeichnis umschalten\"><span class=\"ez-toc-js-icon-con\"><span class=\"\"><span class=\"eztoc-hide\" style=\"display:none;\">Umschalten auf<\/span><span class=\"ez-toc-icon-toggle-span\"><svg style=\"fill: #999;color:#999\" xmlns=\"http:\/\/www.w3.org\/2000\/svg\" class=\"list-377408\" width=\"20px\" height=\"20px\" viewbox=\"0 0 24 24\" fill=\"none\"><path d=\"M6 6H4v2h2V6zm14 0H8v2h12V6zM4 11h2v2H4v-2zm16 0H8v2h12v-2zM4 16h2v2H4v-2zm16 0H8v2h12v-2z\" fill=\"currentColor\"><\/path><\/svg><svg style=\"fill: #999;color:#999\" class=\"arrow-unsorted-368013\" xmlns=\"http:\/\/www.w3.org\/2000\/svg\" width=\"10px\" height=\"10px\" viewbox=\"0 0 24 24\" version=\"1.2\" baseprofile=\"tiny\"><path d=\"M18.2 9.3l-6.2-6.3-6.2 6.3c-.2.2-.3.4-.3.7s.1.5.3.7c.2.2.4.3.7.3h11c.3 0 .5-.1.7-.3.2-.2.3-.5.3-.7s-.1-.5-.3-.7zM5.8 14.7l6.2 6.3 6.2-6.3c.2-.2.3-.5.3-.7s-.1-.5-.3-.7c-.2-.2-.4-.3-.7-.3h-11c-.3 0-.5.1-.7.3-.2.2-.3.5-.3.7s.1.5.3.7z\"\/><\/svg><\/span><\/span><\/span><\/a><\/span><\/div>\n<nav><ul class='ez-toc-list ez-toc-list-level-1 eztoc-toggle-hide-by-default' ><li class='ez-toc-page-1 ez-toc-heading-level-2'><a class=\"ez-toc-link ez-toc-heading-1\" href=\"https:\/\/moverdb.com\/de\/freight-forwarder\/freight-forwarding-uk\/dagenham-freight-forwarder\/#APA_AIRLINES_MANAGEMENT\" >APA AIRLINES MANAGEMENT<\/a><\/li><li class='ez-toc-page-1 ez-toc-heading-level-2'><a class=\"ez-toc-link ez-toc-heading-2\" href=\"https:\/\/moverdb.com\/de\/freight-forwarder\/freight-forwarding-uk\/dagenham-freight-forwarder\/#H_A_Mandate_Cargo_Services\" >H&amp;A-Mandat Frachtdienste<\/a><\/li><li class='ez-toc-page-1 ez-toc-heading-level-2'><a class=\"ez-toc-link ez-toc-heading-3\" href=\"https:\/\/moverdb.com\/de\/freight-forwarder\/freight-forwarding-uk\/dagenham-freight-forwarder\/#Worldwide_Logistics_Group_UK\" >Weltweite Logistikgruppe UK<\/a><\/li><li class='ez-toc-page-1 ez-toc-heading-level-2'><a class=\"ez-toc-link ez-toc-heading-4\" href=\"https:\/\/moverdb.com\/de\/freight-forwarder\/freight-forwarding-uk\/dagenham-freight-forwarder\/#How_we_picked_the_best_Dagenham_Freight_Forwarding_Companies\" >Wie wir die besten Speditionsunternehmen in Dagenham ausgew\u00e4hlt haben<\/a><\/li><\/ul><\/nav><\/div>\n<h2><span class=\"ez-toc-section\" id=\"APA_AIRLINES_MANAGEMENT\"><\/span>APA AIRLINES MANAGEMENT<span class=\"ez-toc-section-end\"><\/span><\/h2>\n<p><img decoding=\"async\" src=\"https:\/\/moverdb.com\/wp-content\/uploads\/AF1QipOQX1SN_oPFzNhG06Qj-UB4JGrjdQ3_So8PvueKw408-h306-k-no.jpg\" alt='APA AIRLINES MANAGEMENT' class=\"aligncenter\"><\/p>\n<p><strong>Beschreibung des Unternehmens: <\/strong>Airline-Gro\u00dfh\u00e4ndler und Spezialspediteure aus <a href=\"https:\/\/moverdb.com\/de\/moving-to-the-uk\/\" data-internallinksmanager029f6b8e52c=\"93\" title=\"Umzug in das Vereinigte K\u00f6nigreich? 2026 Lebenshaltungskosten &amp; Umzugstipps\">UK<\/a> nach Lagos, <a href=\"https:\/\/moverdb.com\/de\/moving-companies\/moving-companies-nigeria\/\" data-internallinksmanager029f6b8e52c=\"280\" title=\"Die 10 besten internationalen Umzugsunternehmen in Nigeria\">Nigeria<\/a>.<\/p>\n<p>Weltweit <a href=\"https:\/\/moverdb.com\/de\/freight-forwarder\/\" data-internallinksmanager029f6b8e52c=\"17\" title=\"Leitfaden f\u00fcr internationale Kosten und Unternehmen f\u00fcr Spediteure und NVOCC\">Spediteur<\/a>.<\/p>\n<p><strong>Zus\u00e4tzliche Dienstleistungen:<\/strong><\/p>\n<p>Firmensitz<\/p>\n<p><strong>Adresse:<\/strong> Einheit 13A, Heathway Industrial Park, Aus <a href=\"\" data-internallinksmanager029f6b8e52c=\"52\" title=\"Manchester\">Manchester<\/a> Way, Wantz Rd, Dagenham RM10 8PN<\/p>\n<p><a href=\"https:\/\/apaairlines.com\/\" target=\"_new\" rel=\"noopener\">APA AIRLINES MANAGEMENT Website<\/a><\/p>\n<p><strong>Bewertung: <\/strong>4.1<br \/> <strong>Anzahl der Bewertungen:<\/strong> 12<br \/><a href=\"https:\/\/www.google.co.uk\/maps?cid=2369266708385342453&#038;hl=en&#038;gl=GB\" target=\"_new\" rel=\"noopener\">Bewertungen lesen<\/a><\/p>\n<h2><span class=\"ez-toc-section\" id=\"H_A_Mandate_Cargo_Services\"><\/span>H&amp;A-Mandat Frachtdienste<span class=\"ez-toc-section-end\"><\/span><\/h2>\n<p><img decoding=\"async\" src=\"https:\/\/moverdb.com\/wp-content\/uploads\/AF1QipPAy1YZT2KrcJQTwK-PeL-UFl1Tn352wevkpv7Pw408-h306-k-no.jpg\" alt='H&amp;A-Mandat Frachtdienste' class=\"aligncenter\"><\/p>\n<p><strong>Beschreibung des Unternehmens: <\/strong>Fracht nach Nigeria.<\/p>\n<p> Wir sind ein Low-Cost-Luft-, Seefracht- und <a href=\"https:\/\/moverdb.com\/de\/international-money-transfer-services\/\" data-internallinksmanager029f6b8e52c=\"239\" title=\"11 beste internationale Geldtransferdienste 2026\">Geldtransfer<\/a> Unternehmen.<\/p>\n<p> Wir arbeiten zwischen dem Vereinigten K\u00f6nigreich und Nigeria.<\/p>\n<p> Unsere Preise sind un\u00fcbertroffen und die Lieferung erfolgt garantiert innerhalb weniger Tage.<\/p>\n<p><strong>Zus\u00e4tzliche Dienstleistungen:<\/strong><\/p>\n<p>Nicht aufgelistet<\/p>\n<p><strong>Adresse:<\/strong> 221 Reede Rd, Dagenham RM10 8EH<\/p>\n<p><a href=\"http:\/\/www.handamandate.co.uk\/\" target=\"_new\" rel=\"noopener\">Website von H&amp;A Mandate Cargo Services<\/a><\/p>\n<p><strong>Bewertung: <\/strong>3.8<br \/> <strong>Anzahl der Bewertungen:<\/strong> 8<br \/><a href=\"https:\/\/www.google.co.uk\/maps?cid=918139188002691525&#038;hl=en&#038;gl=GB\" target=\"_new\" rel=\"noopener\">Bewertungen lesen<\/a><\/p>\n<h2><span class=\"ez-toc-section\" id=\"Worldwide_Logistics_Group_UK\"><\/span>Weltweite Logistikgruppe UK<span class=\"ez-toc-section-end\"><\/span><\/h2>\n<p><img decoding=\"async\" src=\"https:\/\/moverdb.com\/wp-content\/uploads\/AF1QipN_skR5BP8K0vnt5CzjAtyxsduBWjdlGfz_qNRqw408-h544-k-no.jpg\" alt='Weltweite Logistikgruppe UK' class=\"aligncenter\"><\/p>\n<p><strong>Beschreibung des Unternehmens: <\/strong>Worldwide Logistics UK ist ein U.<\/p>\n<p>K.<\/p>\n<p> Frachtunternehmen, das Import- und Exportdienste in der ganzen Welt anbietet.<\/p>\n<p> Spezialisiert auf FBA und Commerce Cargo.<\/p>\n<p> Mit Lagerfl\u00e4chen in den gesamten U.<\/p>\n<p>K.<\/p>\n<p><strong>Zus\u00e4tzliche Dienstleistungen:<\/strong><\/p>\n<p>Logistikdienstleistung<\/p>\n<p>Lagerhaus<\/p>\n<p><strong>Adresse:<\/strong> Einheit 16 Thames Gateway Park, Chequers Ln, Dagenham RM9 6FB<\/p>\n<p><a href=\"https:\/\/worldwidelogisticsltd.com\/uk\/\" target=\"_new\" rel=\"noopener\">Website der Worldwide Logistics Group UK<\/a><\/p>\n<p><strong>Bewertung: <\/strong>4.3<br \/> <strong>Anzahl der Bewertungen:<\/strong> 34<br \/><a href=\"https:\/\/www.google.co.uk\/maps?cid=13452110533918890274&#038;hl=en&#038;gl=GB\" target=\"_new\" rel=\"noopener\">Bewertungen lesen<\/a><\/p>\n<h2><span class=\"ez-toc-section\" id=\"How_we_picked_the_best_Dagenham_Freight_Forwarding_Companies\"><\/span>Wie wir die besten Speditionsunternehmen in Dagenham ausgew\u00e4hlt haben<span class=\"ez-toc-section-end\"><\/span><\/h2>\n<p>Wir begannen mit einem Datensatz von 9 Dagenham-Speditionen, die wir \u00fcber Google Maps finden konnten, und schr\u00e4nkten die Auswahl auf die besten 3 ein.<\/p>\n<p>Zu diesem Zweck haben wir alle Unternehmen entfernt, die:<\/p>\n<ul>\n<li> Hatte keine Website<\/li>\n<li> Hatte keine Bewertungen<\/li>\n<li> eine durchschnittliche Bewertung von weniger als 2,0 haben<\/li>\n<\/ul>\n<p>Wenn wir zu diesem Zeitpunkt 17 oder weniger Spediteure hatten, haben wir sie alle aufgelistet.<\/p>\n<p>F\u00fcr St\u00e4dte, in denen mehr als 17 Spediteure \u00fcbrig blieben, nahmen wir weitere \u00c4nderungen vor, indem wir entweder die erforderliche Bewertungsnote erh\u00f6hten (z. B. von mindestens 2,0 auf 4,0) und\/oder die Mindestanzahl der erforderlichen Bewertungen erh\u00f6hten (z. B. von mindestens einer Bewertung auf mindestens 10).<\/p>\n<p>Bitte beachten Sie, dass wir nur Bewertungsdaten von Google Maps und nicht von anderen Websites Dritter verwendet haben.<\/p>\n<p>Weitere St\u00e4dte:<\/p>\n<p><a href=\"https:\/\/moverdb.com\/de\/spediteur\/freight-forwarding-uk\/renfrew-freight-forwarder\/\">Renfrew Spediteur<\/a><br \/><a href=\"https:\/\/moverdb.com\/de\/spediteur\/freight-forwarding-uk\/maldon-freight-forwarder\/\">Maldon Spediteur<\/a><br \/><a href=\"https:\/\/moverdb.com\/de\/spediteur\/freight-forwarding-uk\/bellshill-freight-forwarder\/\">Bellshill Spediteur<\/a><br \/><a href=\"https:\/\/moverdb.com\/de\/spediteur\/freight-forwarding-uk\/middlesbrough-freight-forwarder\/\">Middlesbrough Spediteur<\/a><br \/><a href=\"https:\/\/moverdb.com\/de\/spediteur\/freight-forwarding-uk\/hessle-freight-forwarder\/\">Hessle Spediteur<\/a><\/p>","protected":false},"excerpt":{"rendered":"<p>Below we look at the 3 &#8220;best&#8221; Freight Forwarding companies in Dagenham out of 9. To learn more about how we chose the best please consult our FAQ section at the end. Please not the following listings are in no particular order and we are not making any recommendations for any particular company. APA AIRLINES [&hellip;]<\/p>\n","protected":false},"author":1,"featured_media":0,"parent":13427,"menu_order":0,"comment_status":"open","ping_status":"open","template":"","meta":{"_genesis_hide_title":false,"_genesis_hide_breadcrumbs":false,"_genesis_hide_singular_image":false,"_genesis_hide_footer_widgets":false,"_genesis_custom_body_class":"","_genesis_custom_post_class":"","_genesis_layout":"","footnotes":""},"class_list":{"0":"post-13985","1":"page","2":"type-page","3":"status-publish","5":"entry"},"_links":{"self":[{"href":"https:\/\/moverdb.com\/de\/wp-json\/wp\/v2\/pages\/13985","targetHints":{"allow":["GET"]}}],"collection":[{"href":"https:\/\/moverdb.com\/de\/wp-json\/wp\/v2\/pages"}],"about":[{"href":"https:\/\/moverdb.com\/de\/wp-json\/wp\/v2\/types\/page"}],"author":[{"embeddable":true,"href":"https:\/\/moverdb.com\/de\/wp-json\/wp\/v2\/users\/1"}],"replies":[{"embeddable":true,"href":"https:\/\/moverdb.com\/de\/wp-json\/wp\/v2\/comments?post=13985"}],"version-history":[{"count":1,"href":"https:\/\/moverdb.com\/de\/wp-json\/wp\/v2\/pages\/13985\/revisions"}],"predecessor-version":[{"id":15764,"href":"https:\/\/moverdb.com\/de\/wp-json\/wp\/v2\/pages\/13985\/revisions\/15764"}],"up":[{"embeddable":true,"href":"https:\/\/moverdb.com\/de\/wp-json\/wp\/v2\/pages\/13427"}],"wp:attachment":[{"href":"https:\/\/moverdb.com\/de\/wp-json\/wp\/v2\/media?parent=13985"}],"curies":[{"name":"wp","href":"https:\/\/api.w.org\/{rel}","templated":true}]}}