{"id":13981,"date":"2023-11-08T15:53:54","date_gmt":"2023-11-08T15:53:54","guid":{"rendered":"https:\/\/moverdb.com\/freight-forwarder\/freight-forwarding-uk\/portsmouth-freight-forwarder\/"},"modified":"2026-01-08T13:17:42","modified_gmt":"2026-01-08T13:17:42","slug":"portsmouth-freight-forwarder","status":"publish","type":"page","link":"https:\/\/moverdb.com\/de\/freight-forwarder\/freight-forwarding-uk\/portsmouth-freight-forwarder\/","title":{"rendered":"Die 3 besten Speditionsunternehmen in Portsmouth (2024)"},"content":{"rendered":"<p>Nachfolgend betrachten wir die 3 <em>\"Beste\"<\/em> Speditionsunternehmen in Portsmouth von 5.<\/p>\n<p>Wenn Sie mehr dar\u00fcber erfahren m\u00f6chten, wie wir die Besten ausgew\u00e4hlt haben, konsultieren Sie bitte unseren FAQ-Bereich am Ende.<\/p>\n<p><em>Bitte beachten Sie, dass die folgenden Auflistungen in keiner bestimmten Reihenfolge stehen und wir keine Empfehlung f\u00fcr ein bestimmtes Unternehmen abgeben.<\/em><\/p>\n<div id=\"ez-toc-container\" class=\"ez-toc-v2_0_82_2 ez-toc-wrap-left counter-hierarchy ez-toc-counter ez-toc-transparent ez-toc-container-direction\">\n<div class=\"ez-toc-title-container\">\n<p class=\"ez-toc-title\" style=\"cursor:inherit\">Rubriken<\/p>\n<span class=\"ez-toc-title-toggle\"><a href=\"#\" class=\"ez-toc-pull-right ez-toc-btn ez-toc-btn-xs ez-toc-btn-default ez-toc-toggle\" aria-label=\"Inhaltsverzeichnis umschalten\"><span class=\"ez-toc-js-icon-con\"><span class=\"\"><span class=\"eztoc-hide\" style=\"display:none;\">Umschalten auf<\/span><span class=\"ez-toc-icon-toggle-span\"><svg style=\"fill: #999;color:#999\" xmlns=\"http:\/\/www.w3.org\/2000\/svg\" class=\"list-377408\" width=\"20px\" height=\"20px\" viewbox=\"0 0 24 24\" fill=\"none\"><path d=\"M6 6H4v2h2V6zm14 0H8v2h12V6zM4 11h2v2H4v-2zm16 0H8v2h12v-2zM4 16h2v2H4v-2zm16 0H8v2h12v-2z\" fill=\"currentColor\"><\/path><\/svg><svg style=\"fill: #999;color:#999\" class=\"arrow-unsorted-368013\" xmlns=\"http:\/\/www.w3.org\/2000\/svg\" width=\"10px\" height=\"10px\" viewbox=\"0 0 24 24\" version=\"1.2\" baseprofile=\"tiny\"><path d=\"M18.2 9.3l-6.2-6.3-6.2 6.3c-.2.2-.3.4-.3.7s.1.5.3.7c.2.2.4.3.7.3h11c.3 0 .5-.1.7-.3.2-.2.3-.5.3-.7s-.1-.5-.3-.7zM5.8 14.7l6.2 6.3 6.2-6.3c.2-.2.3-.5.3-.7s-.1-.5-.3-.7c-.2-.2-.4-.3-.7-.3h-11c-.3 0-.5.1-.7.3-.2.2-.3.5-.3.7s.1.5.3.7z\"\/><\/svg><\/span><\/span><\/span><\/a><\/span><\/div>\n<nav><ul class='ez-toc-list ez-toc-list-level-1 eztoc-toggle-hide-by-default' ><li class='ez-toc-page-1 ez-toc-heading-level-2'><a class=\"ez-toc-link ez-toc-heading-1\" href=\"https:\/\/moverdb.com\/de\/freight-forwarder\/freight-forwarding-uk\/portsmouth-freight-forwarder\/#Jaytal_Logistics\" >Jaytal Logistik<\/a><\/li><li class='ez-toc-page-1 ez-toc-heading-level-2'><a class=\"ez-toc-link ez-toc-heading-2\" href=\"https:\/\/moverdb.com\/de\/freight-forwarder\/freight-forwarding-uk\/portsmouth-freight-forwarder\/#Mercator_Cargo_Systems_Ltd\" >Mercator Cargo Systems GmbH<\/a><\/li><li class='ez-toc-page-1 ez-toc-heading-level-2'><a class=\"ez-toc-link ez-toc-heading-3\" href=\"https:\/\/moverdb.com\/de\/freight-forwarder\/freight-forwarding-uk\/portsmouth-freight-forwarder\/#2mv_Logistics_Ltd\" >2mv Logistik GmbH<\/a><\/li><li class='ez-toc-page-1 ez-toc-heading-level-2'><a class=\"ez-toc-link ez-toc-heading-4\" href=\"https:\/\/moverdb.com\/de\/freight-forwarder\/freight-forwarding-uk\/portsmouth-freight-forwarder\/#How_we_picked_the_best_Portsmouth_Freight_Forwarding_Companies\" >Wie wir die besten Portsmouth-Spediteure ausgew\u00e4hlt haben<\/a><\/li><\/ul><\/nav><\/div>\n<h2><span class=\"ez-toc-section\" id=\"Jaytal_Logistics\"><\/span>Jaytal Logistik<span class=\"ez-toc-section-end\"><\/span><\/h2>\n<p><img decoding=\"async\" src=\"https:\/\/moverdb.com\/wp-content\/uploads\/AF1QipPWsGwtHhQWJjY2i3cg39apVwwalFzhEbJytG-4w408-h725-k-no.jpg\" alt='Jaytal Logistik' class=\"aligncenter\"><\/p>\n<p><strong>Beschreibung des Unternehmens: <\/strong><a href=\"https:\/\/moverdb.com\/de\/container-shipping\/\" data-internallinksmanager029f6b8e52c=\"3\" title=\"Chart der internationalen Containerschifffahrtsraten: April 2026\">Internationaler Versand<\/a> ein auf Import und Export spezialisiertes Unternehmen.<\/p>\n<p><strong>Zus\u00e4tzliche Dienstleistungen:<\/strong><\/p>\n<p>Zollmakler<\/p>\n<p><strong>Adresse:<\/strong> Hollands Cl, Portsmouth PO6 4FE<\/p>\n<p><a href=\"https:\/\/www.jaytallogistics.com\/\" target=\"_new\" rel=\"noopener\">Website von Jaytal Logistics<\/a><\/p>\n<p><strong>Bewertung: <\/strong>4.8<br \/> <strong>Anzahl der Bewertungen:<\/strong> 5<br \/><a href=\"https:\/\/www.google.co.uk\/maps?cid=16551908689466639339&#038;hl=en&#038;gl=GB\" target=\"_new\" rel=\"noopener\">Bewertungen lesen<\/a><\/p>\n<h2><span class=\"ez-toc-section\" id=\"Mercator_Cargo_Systems_Ltd\"><\/span>Mercator Cargo Systems GmbH<span class=\"ez-toc-section-end\"><\/span><\/h2>\n<p><img decoding=\"async\" src=\"https:\/\/moverdb.com\/wp-content\/uploads\/AF1QipP_oBkGP6fTYoxX9dTiqOBFfpX484iMdvPWHtmpw408-h271-k-no.jpg\" alt='Mercator Cargo Systems GmbH' class=\"aligncenter\"><\/p>\n<p><strong>Beschreibung des Unternehmens: <\/strong>Mercator bietet weltweit See-, Stra\u00dfen- und Luftfrachtdienste an.<\/p>\n<p> Wir sind ein familiengef\u00fchrtes Unternehmen, <a href=\"https:\/\/moverdb.com\/de\/moving-to-the-uk\/\" data-internallinksmanager029f6b8e52c=\"93\" title=\"Umzug in das Vereinigte K\u00f6nigreich? 2026 Lebenshaltungskosten &amp; Umzugstipps\">UK<\/a>-basiertes Team, das seit 1991 Importe und Exporte vermittelt.<\/p>\n<p><strong>Zus\u00e4tzliche Dienstleistungen:<\/strong><\/p>\n<p>Versanddienst<\/p>\n<p><strong>Adresse:<\/strong> 10, St George's Business Centre, St Georges Square, Portsmouth PO1 3EZ<\/p>\n<p><a href=\"http:\/\/www.mercatorcargo.co.uk\/\" target=\"_new\" rel=\"noopener\">Website von Mercator Cargo Systems Ltd<\/a><\/p>\n<p><strong>Bewertung: <\/strong>4.3<br \/> <strong>Anzahl der Bewertungen:<\/strong> 8<br \/><a href=\"https:\/\/www.google.co.uk\/maps?cid=18303529812344606092&#038;hl=en&#038;gl=GB\" target=\"_new\" rel=\"noopener\">Bewertungen lesen<\/a><\/p>\n<h2><span class=\"ez-toc-section\" id=\"2mv_Logistics_Ltd\"><\/span>2mv Logistik GmbH<span class=\"ez-toc-section-end\"><\/span><\/h2>\n<p><img decoding=\"async\" src=\"https:\/\/moverdb.com\/wp-content\/uploads\/AF1QipO5NygxGOWLni6hOU_0Bx10Js5tbP0Ll5mBPSpSw426-h240-k-no.jpg\" alt='2mv Logistik GmbH' class=\"aligncenter\"><\/p>\n<p><strong>Beschreibung des Unternehmens: <\/strong>Familienunternehmen mit kompetenten L\u00f6sungen f\u00fcr die lokale und weltweite Frachtverteilung.<\/p>\n<p> Mit einer beeindruckenden Flotte von \u00fcber 20 Fahrzeugen sind unsere orangefarbenen und violetten Lastwagen nicht zu \u00fcbersehen.<\/p>\n<p><strong>Zus\u00e4tzliche Dienstleistungen:<\/strong><\/p>\n<p>Transportdienstleistung<\/p>\n<p><strong>Adresse:<\/strong> Einheit 4, Solent, 27 Walton Rd, Drayton, Portsmouth PO6 1SX<\/p>\n<p><a href=\"http:\/\/www.2mvlogistics.co.uk\/\" target=\"_new\" rel=\"noopener\">2mv Logistics Ltd Website<\/a><\/p>\n<p><strong>Bewertung: <\/strong>4.3<br \/> <strong>Anzahl der Bewertungen:<\/strong> 40<br \/><a href=\"https:\/\/www.google.co.uk\/maps?cid=6675888639360229405&#038;hl=en&#038;gl=GB\" target=\"_new\" rel=\"noopener\">Bewertungen lesen<\/a><\/p>\n<h2><span class=\"ez-toc-section\" id=\"How_we_picked_the_best_Portsmouth_Freight_Forwarding_Companies\"><\/span>Wie wir die besten Portsmouth-Spediteure ausgew\u00e4hlt haben<span class=\"ez-toc-section-end\"><\/span><\/h2>\n<p>Wir begannen mit einem Datensatz von 5 Speditionsunternehmen aus Portsmouth, die wir \u00fcber Google Maps finden konnten, und schr\u00e4nkten die Auswahl auf die besten 3 ein.<\/p>\n<p>Zu diesem Zweck haben wir alle Unternehmen entfernt, die:<\/p>\n<ul>\n<li> Hatte keine Website<\/li>\n<li> Hatte keine Bewertungen<\/li>\n<li> eine durchschnittliche Bewertung von weniger als 2,0 haben<\/li>\n<\/ul>\n<p>Wenn wir zu diesem Zeitpunkt 17 oder weniger Spediteure hatten, haben wir sie alle aufgelistet.<\/p>\n<p>F\u00fcr St\u00e4dte, in denen mehr als 17 Spediteure \u00fcbrig blieben, nahmen wir weitere \u00c4nderungen vor, indem wir entweder die erforderliche Bewertungsnote erh\u00f6hten (z. B. von mindestens 2,0 auf 4,0) und\/oder die Mindestanzahl der erforderlichen Bewertungen erh\u00f6hten (z. B. von mindestens einer Bewertung auf mindestens 10).<\/p>\n<p>Bitte beachten Sie, dass wir nur Bewertungsdaten von Google Maps und nicht von anderen Websites Dritter verwendet haben.<\/p>\n<p>Weitere St\u00e4dte:<\/p>\n<p><a href=\"https:\/\/moverdb.com\/de\/spediteur\/freight-forwarding-uk\/dagenham-freight-forwarder\/\">Dagenham Spediteur<\/a><br \/><a href=\"https:\/\/moverdb.com\/de\/spediteur\/freight-forwarding-uk\/renfrew-freight-forwarder\/\">Renfrew Spediteur<\/a><br \/><a href=\"https:\/\/moverdb.com\/de\/spediteur\/freight-forwarding-uk\/maldon-freight-forwarder\/\">Maldon Spediteur<\/a><br \/><a href=\"https:\/\/moverdb.com\/de\/spediteur\/freight-forwarding-uk\/bellshill-freight-forwarder\/\">Bellshill Spediteur<\/a><br \/><a href=\"https:\/\/moverdb.com\/de\/spediteur\/freight-forwarding-uk\/middlesbrough-freight-forwarder\/\">Middlesbrough Spediteur<\/a><\/p>","protected":false},"excerpt":{"rendered":"<p>Below we look at the 3 &#8220;best&#8221; Freight Forwarding companies in Portsmouth out of 5. To learn more about how we chose the best please consult our FAQ section at the end. Please not the following listings are in no particular order and we are not making any recommendations for any particular company. Jaytal Logistics [&hellip;]<\/p>\n","protected":false},"author":1,"featured_media":0,"parent":13427,"menu_order":0,"comment_status":"open","ping_status":"open","template":"","meta":{"_genesis_hide_title":false,"_genesis_hide_breadcrumbs":false,"_genesis_hide_singular_image":false,"_genesis_hide_footer_widgets":false,"_genesis_custom_body_class":"","_genesis_custom_post_class":"","_genesis_layout":"","footnotes":""},"class_list":{"0":"post-13981","1":"page","2":"type-page","3":"status-publish","5":"entry"},"_links":{"self":[{"href":"https:\/\/moverdb.com\/de\/wp-json\/wp\/v2\/pages\/13981","targetHints":{"allow":["GET"]}}],"collection":[{"href":"https:\/\/moverdb.com\/de\/wp-json\/wp\/v2\/pages"}],"about":[{"href":"https:\/\/moverdb.com\/de\/wp-json\/wp\/v2\/types\/page"}],"author":[{"embeddable":true,"href":"https:\/\/moverdb.com\/de\/wp-json\/wp\/v2\/users\/1"}],"replies":[{"embeddable":true,"href":"https:\/\/moverdb.com\/de\/wp-json\/wp\/v2\/comments?post=13981"}],"version-history":[{"count":1,"href":"https:\/\/moverdb.com\/de\/wp-json\/wp\/v2\/pages\/13981\/revisions"}],"predecessor-version":[{"id":15775,"href":"https:\/\/moverdb.com\/de\/wp-json\/wp\/v2\/pages\/13981\/revisions\/15775"}],"up":[{"embeddable":true,"href":"https:\/\/moverdb.com\/de\/wp-json\/wp\/v2\/pages\/13427"}],"wp:attachment":[{"href":"https:\/\/moverdb.com\/de\/wp-json\/wp\/v2\/media?parent=13981"}],"curies":[{"name":"wp","href":"https:\/\/api.w.org\/{rel}","templated":true}]}}