{"id":13965,"date":"2023-11-08T15:53:26","date_gmt":"2023-11-08T15:53:26","guid":{"rendered":"https:\/\/moverdb.com\/freight-forwarder\/freight-forwarding-uk\/northampton-freight-forwarder\/"},"modified":"2026-01-08T13:17:40","modified_gmt":"2026-01-08T13:17:40","slug":"northampton-freight-forwarder","status":"publish","type":"page","link":"https:\/\/moverdb.com\/de\/freight-forwarder\/freight-forwarding-uk\/northampton-freight-forwarder\/","title":{"rendered":"Die 3 besten Speditionsunternehmen in Northampton (2024)"},"content":{"rendered":"<p>Nachfolgend betrachten wir die 3 <em>\"Beste\"<\/em> Speditionsunternehmen in Northampton von 6.<\/p>\n<p>Wenn Sie mehr dar\u00fcber erfahren m\u00f6chten, wie wir die Besten ausgew\u00e4hlt haben, konsultieren Sie bitte unseren FAQ-Bereich am Ende.<\/p>\n<p><em>Bitte beachten Sie, dass die folgenden Auflistungen in keiner bestimmten Reihenfolge stehen und wir keine Empfehlung f\u00fcr ein bestimmtes Unternehmen abgeben.<\/em><\/p>\n<div id=\"ez-toc-container\" class=\"ez-toc-v2_0_82_2 ez-toc-wrap-left counter-hierarchy ez-toc-counter ez-toc-transparent ez-toc-container-direction\">\n<div class=\"ez-toc-title-container\">\n<p class=\"ez-toc-title\" style=\"cursor:inherit\">Rubriken<\/p>\n<span class=\"ez-toc-title-toggle\"><a href=\"#\" class=\"ez-toc-pull-right ez-toc-btn ez-toc-btn-xs ez-toc-btn-default ez-toc-toggle\" aria-label=\"Inhaltsverzeichnis umschalten\"><span class=\"ez-toc-js-icon-con\"><span class=\"\"><span class=\"eztoc-hide\" style=\"display:none;\">Umschalten auf<\/span><span class=\"ez-toc-icon-toggle-span\"><svg style=\"fill: #999;color:#999\" xmlns=\"http:\/\/www.w3.org\/2000\/svg\" class=\"list-377408\" width=\"20px\" height=\"20px\" viewbox=\"0 0 24 24\" fill=\"none\"><path d=\"M6 6H4v2h2V6zm14 0H8v2h12V6zM4 11h2v2H4v-2zm16 0H8v2h12v-2zM4 16h2v2H4v-2zm16 0H8v2h12v-2z\" fill=\"currentColor\"><\/path><\/svg><svg style=\"fill: #999;color:#999\" class=\"arrow-unsorted-368013\" xmlns=\"http:\/\/www.w3.org\/2000\/svg\" width=\"10px\" height=\"10px\" viewbox=\"0 0 24 24\" version=\"1.2\" baseprofile=\"tiny\"><path d=\"M18.2 9.3l-6.2-6.3-6.2 6.3c-.2.2-.3.4-.3.7s.1.5.3.7c.2.2.4.3.7.3h11c.3 0 .5-.1.7-.3.2-.2.3-.5.3-.7s-.1-.5-.3-.7zM5.8 14.7l6.2 6.3 6.2-6.3c.2-.2.3-.5.3-.7s-.1-.5-.3-.7c-.2-.2-.4-.3-.7-.3h-11c-.3 0-.5.1-.7.3-.2.2-.3.5-.3.7s.1.5.3.7z\"\/><\/svg><\/span><\/span><\/span><\/a><\/span><\/div>\n<nav><ul class='ez-toc-list ez-toc-list-level-1 eztoc-toggle-hide-by-default' ><li class='ez-toc-page-1 ez-toc-heading-level-2'><a class=\"ez-toc-link ez-toc-heading-1\" href=\"https:\/\/moverdb.com\/de\/freight-forwarder\/freight-forwarding-uk\/northampton-freight-forwarder\/#TransGlobal_Freight_Management_ltd\" >TransGlobal Freight Management ltd.<\/a><\/li><li class='ez-toc-page-1 ez-toc-heading-level-2'><a class=\"ez-toc-link ez-toc-heading-2\" href=\"https:\/\/moverdb.com\/de\/freight-forwarder\/freight-forwarding-uk\/northampton-freight-forwarder\/#Eclipse_Worldwide_Ltd\" >Eclipse Worldwide Ltd.<\/a><\/li><li class='ez-toc-page-1 ez-toc-heading-level-2'><a class=\"ez-toc-link ez-toc-heading-3\" href=\"https:\/\/moverdb.com\/de\/freight-forwarder\/freight-forwarding-uk\/northampton-freight-forwarder\/#Ziegler_Group_Uk\" >Ziegler Gruppe Uk<\/a><\/li><li class='ez-toc-page-1 ez-toc-heading-level-2'><a class=\"ez-toc-link ez-toc-heading-4\" href=\"https:\/\/moverdb.com\/de\/freight-forwarder\/freight-forwarding-uk\/northampton-freight-forwarder\/#How_we_picked_the_best_Northampton_Freight_Forwarding_Companies\" >Wie wir die besten Speditionsunternehmen in Northampton ausgew\u00e4hlt haben<\/a><\/li><\/ul><\/nav><\/div>\n<h2><span class=\"ez-toc-section\" id=\"TransGlobal_Freight_Management_ltd\"><\/span>TransGlobal Freight Management ltd.<span class=\"ez-toc-section-end\"><\/span><\/h2>\n<p><img decoding=\"async\" src=\"https:\/\/moverdb.com\/wp-content\/uploads\/AF1QipPMjJWNC6CEBk1olQJxLXNMxOZ3q8187o3SKGVhw408-h306-k-no.jpg\" alt='TransGlobal Freight Management ltd.' class=\"aligncenter\"><\/p>\n<p><strong>Beschreibung des Unternehmens: <\/strong>clipse Worldwide ist ein internationales Speditionsunternehmen, das auf einem soliden Fundament aus Ehrlichkeit, Zuverl\u00e4ssigkeit und Integrit\u00e4t steht.<\/p>\n<p>Unabh\u00e4ngigkeit ist unsere Hauptst\u00e4rke, mit der wir unsere globalen Import-, Export-, Lager- und Logistikdienstleistungen auf Ihre individuellen Anforderungen abstimmen.<\/p>\n<p><strong>Zus\u00e4tzliche Dienstleistungen:<\/strong><\/p>\n<p>Vertriebsservice<\/p>\n<p>Lagerhaus<\/p>\n<p><strong>Adresse:<\/strong> 2 Lodge Way, Industriegebiet Lodge Farm, Northampton NN5 7US<\/p>\n<p><a href=\"https:\/\/www.trans-global.com\/\" target=\"_new\" rel=\"noopener\">Website von TransGlobal Freight Management ltd<\/a><\/p>\n<p><strong>Bewertung: <\/strong>3.7<br \/> <strong>Anzahl der Bewertungen:<\/strong> 7<br \/><a href=\"https:\/\/www.google.co.uk\/maps?cid=491267887230410260&#038;hl=en&#038;gl=GB\" target=\"_new\" rel=\"noopener\">Bewertungen lesen<\/a><\/p>\n<h2><span class=\"ez-toc-section\" id=\"Eclipse_Worldwide_Ltd\"><\/span>Eclipse Worldwide Ltd.<span class=\"ez-toc-section-end\"><\/span><\/h2>\n<p><img decoding=\"async\" src=\"https:\/\/moverdb.com\/wp-content\/uploads\/AF1QipMjqq27z27bUaEruYFTLdLh_Z9KIZR6Ct5GtEHfw408-h306-k-no.jpg\" alt='Eclipse Worldwide Ltd.' class=\"aligncenter\"><\/p>\n<p><strong>Beschreibung des Unternehmens: <\/strong>Keine bereitgestellt<\/p>\n<p><strong>Zus\u00e4tzliche Dienstleistungen:<\/strong><\/p>\n<p>Logistikdienstleistung<\/p>\n<p>Lagerhaus<\/p>\n<p><strong>Adresse:<\/strong> Lodge Way, Industriegebiet Lodge Farm, Northampton NN5 7US<\/p>\n<p><a href=\"https:\/\/eclipseworldwide.co.uk\/\" target=\"_new\" rel=\"noopener\">Eclipse Worldwide Ltd Website<\/a><\/p>\n<p><strong>Bewertung: <\/strong>4.9<br \/> <strong>Anzahl der Bewertungen:<\/strong> 19<br \/><a href=\"https:\/\/www.google.co.uk\/maps?cid=8741588176792319501&#038;hl=en&#038;gl=GB\" target=\"_new\" rel=\"noopener\">Bewertungen lesen<\/a><\/p>\n<h2><span class=\"ez-toc-section\" id=\"Ziegler_Group_Uk\"><\/span>Ziegler Gruppe Uk<span class=\"ez-toc-section-end\"><\/span><\/h2>\n<p><img decoding=\"async\" src=\"https:\/\/moverdb.com\/wp-content\/uploads\/thumbnailpanoidLk7wb1xiMX9RTEuqKfNsCAcb_clientsearch.gws-prod.gpsw408h240yaw163.jpg\" alt='Ziegler Gruppe Uk' class=\"aligncenter\"><\/p>\n<p><strong>Beschreibung des Unternehmens: <\/strong>Keine bereitgestellt<\/p>\n<p><strong>Zus\u00e4tzliche Dienstleistungen:<\/strong><\/p>\n<p>Nicht aufgelistet<\/p>\n<p><strong>Adresse:<\/strong> Falcon House, 1 Sketty Cl, Northampton NN4 7PL<\/p>\n<p><a href=\"https:\/\/www.zieglergroup.com\/en-gb\/\" target=\"_new\" rel=\"noopener\">Website der Ziegler-Gruppe Uk<\/a><\/p>\n<p><strong>Bewertung: <\/strong>5<br \/> <strong>Anzahl der Bewertungen:<\/strong> 1<br \/><a href=\"https:\/\/www.google.co.uk\/maps?cid=9294444141090723868&#038;hl=en&#038;gl=GB\" target=\"_new\" rel=\"noopener\">Bewertungen lesen<\/a><\/p>\n<h2><span class=\"ez-toc-section\" id=\"How_we_picked_the_best_Northampton_Freight_Forwarding_Companies\"><\/span>Wie wir die besten Speditionsunternehmen in Northampton ausgew\u00e4hlt haben<span class=\"ez-toc-section-end\"><\/span><\/h2>\n<p>Wir begannen mit einem Datensatz von 6 Speditionsunternehmen aus Northampton, die wir \u00fcber Google Maps finden konnten, und schr\u00e4nkten die Auswahl auf die besten 3 ein.<\/p>\n<p>Zu diesem Zweck haben wir alle Unternehmen entfernt, die:<\/p>\n<ul>\n<li> Hatte keine Website<\/li>\n<li> Hatte keine Bewertungen<\/li>\n<li> eine durchschnittliche Bewertung von weniger als 2,0 haben<\/li>\n<\/ul>\n<p>Wenn wir zu diesem Zeitpunkt 17 oder weniger Spediteure hatten, haben wir sie alle aufgelistet.<\/p>\n<p>F\u00fcr St\u00e4dte, in denen mehr als 17 Spediteure \u00fcbrig blieben, nahmen wir weitere \u00c4nderungen vor, indem wir entweder die erforderliche Bewertungsnote erh\u00f6hten (z. B. von mindestens 2,0 auf 4,0) und\/oder die Mindestanzahl der erforderlichen Bewertungen erh\u00f6hten (z. B. von mindestens einer Bewertung auf mindestens 10).<\/p>\n<p>Bitte beachten Sie, dass wir nur Bewertungsdaten von Google Maps und nicht von anderen Websites Dritter verwendet haben.<\/p>\n<p>Weitere St\u00e4dte:<\/p>\n<p><a href=\"https:\/\/moverdb.com\/de\/spediteur\/freight-forwarding-uk\/iver-freight-forwarder\/\">Iver Spediteur<\/a><br \/><a href=\"https:\/\/moverdb.com\/de\/spediteur\/freight-forwarding-uk\/nuneaton-freight-forwarder\/\">Nuneaton Spediteur<\/a><br \/><a href=\"https:\/\/moverdb.com\/de\/spediteur\/freight-forwarding-uk\/belvedere-freight-forwarder\/\">Belvedere Spediteur<\/a><br \/><a href=\"https:\/\/moverdb.com\/de\/spediteur\/freight-forwarding-uk\/portsmouth-freight-forwarder\/\">Portsmouth Spediteur<\/a><br \/><a href=\"https:\/\/moverdb.com\/de\/spediteur\/freight-forwarding-uk\/dagenham-freight-forwarder\/\">Dagenham Spediteur<\/a><\/p>","protected":false},"excerpt":{"rendered":"<p>Below we look at the 3 &#8220;best&#8221; Freight Forwarding companies in Northampton out of 6. To learn more about how we chose the best please consult our FAQ section at the end. Please not the following listings are in no particular order and we are not making any recommendations for any particular company. TransGlobal Freight [&hellip;]<\/p>\n","protected":false},"author":1,"featured_media":0,"parent":13427,"menu_order":0,"comment_status":"open","ping_status":"open","template":"","meta":{"_genesis_hide_title":false,"_genesis_hide_breadcrumbs":false,"_genesis_hide_singular_image":false,"_genesis_hide_footer_widgets":false,"_genesis_custom_body_class":"","_genesis_custom_post_class":"","_genesis_layout":"","footnotes":""},"class_list":{"0":"post-13965","1":"page","2":"type-page","3":"status-publish","5":"entry"},"_links":{"self":[{"href":"https:\/\/moverdb.com\/de\/wp-json\/wp\/v2\/pages\/13965","targetHints":{"allow":["GET"]}}],"collection":[{"href":"https:\/\/moverdb.com\/de\/wp-json\/wp\/v2\/pages"}],"about":[{"href":"https:\/\/moverdb.com\/de\/wp-json\/wp\/v2\/types\/page"}],"author":[{"embeddable":true,"href":"https:\/\/moverdb.com\/de\/wp-json\/wp\/v2\/users\/1"}],"replies":[{"embeddable":true,"href":"https:\/\/moverdb.com\/de\/wp-json\/wp\/v2\/comments?post=13965"}],"version-history":[{"count":1,"href":"https:\/\/moverdb.com\/de\/wp-json\/wp\/v2\/pages\/13965\/revisions"}],"predecessor-version":[{"id":15773,"href":"https:\/\/moverdb.com\/de\/wp-json\/wp\/v2\/pages\/13965\/revisions\/15773"}],"up":[{"embeddable":true,"href":"https:\/\/moverdb.com\/de\/wp-json\/wp\/v2\/pages\/13427"}],"wp:attachment":[{"href":"https:\/\/moverdb.com\/de\/wp-json\/wp\/v2\/media?parent=13965"}],"curies":[{"name":"wp","href":"https:\/\/api.w.org\/{rel}","templated":true}]}}