{"id":13911,"date":"2023-11-08T15:53:26","date_gmt":"2023-11-08T15:53:26","guid":{"rendered":"https:\/\/moverdb.com\/freight-forwarder\/freight-forwarding-uk\/grimsby-freight-forwarder\/"},"modified":"2026-01-08T13:17:50","modified_gmt":"2026-01-08T13:17:50","slug":"grimsby-freight-forwarder","status":"publish","type":"page","link":"https:\/\/moverdb.com\/de\/freight-forwarder\/freight-forwarding-uk\/grimsby-freight-forwarder\/","title":{"rendered":"Die 4 besten Speditionsunternehmen in Grimsby (2024)"},"content":{"rendered":"<p>Nachfolgend betrachten wir die 4 <em>\"Beste\"<\/em> Speditionsunternehmen in Grimsby von 11.<\/p>\n<p>Wenn Sie mehr dar\u00fcber erfahren m\u00f6chten, wie wir die Besten ausgew\u00e4hlt haben, konsultieren Sie bitte unseren FAQ-Bereich am Ende.<\/p>\n<p><em>Bitte beachten Sie, dass die folgenden Auflistungen in keiner bestimmten Reihenfolge stehen und wir keine Empfehlung f\u00fcr ein bestimmtes Unternehmen abgeben.<\/em><\/p>\n<div id=\"ez-toc-container\" class=\"ez-toc-v2_0_82_2 ez-toc-wrap-left counter-hierarchy ez-toc-counter ez-toc-transparent ez-toc-container-direction\">\n<div class=\"ez-toc-title-container\">\n<p class=\"ez-toc-title\" style=\"cursor:inherit\">Rubriken<\/p>\n<span class=\"ez-toc-title-toggle\"><a href=\"#\" class=\"ez-toc-pull-right ez-toc-btn ez-toc-btn-xs ez-toc-btn-default ez-toc-toggle\" aria-label=\"Inhaltsverzeichnis umschalten\"><span class=\"ez-toc-js-icon-con\"><span class=\"\"><span class=\"eztoc-hide\" style=\"display:none;\">Umschalten auf<\/span><span class=\"ez-toc-icon-toggle-span\"><svg style=\"fill: #999;color:#999\" xmlns=\"http:\/\/www.w3.org\/2000\/svg\" class=\"list-377408\" width=\"20px\" height=\"20px\" viewbox=\"0 0 24 24\" fill=\"none\"><path d=\"M6 6H4v2h2V6zm14 0H8v2h12V6zM4 11h2v2H4v-2zm16 0H8v2h12v-2zM4 16h2v2H4v-2zm16 0H8v2h12v-2z\" fill=\"currentColor\"><\/path><\/svg><svg style=\"fill: #999;color:#999\" class=\"arrow-unsorted-368013\" xmlns=\"http:\/\/www.w3.org\/2000\/svg\" width=\"10px\" height=\"10px\" viewbox=\"0 0 24 24\" version=\"1.2\" baseprofile=\"tiny\"><path d=\"M18.2 9.3l-6.2-6.3-6.2 6.3c-.2.2-.3.4-.3.7s.1.5.3.7c.2.2.4.3.7.3h11c.3 0 .5-.1.7-.3.2-.2.3-.5.3-.7s-.1-.5-.3-.7zM5.8 14.7l6.2 6.3 6.2-6.3c.2-.2.3-.5.3-.7s-.1-.5-.3-.7c-.2-.2-.4-.3-.7-.3h-11c-.3 0-.5.1-.7.3-.2.2-.3.5-.3.7s.1.5.3.7z\"\/><\/svg><\/span><\/span><\/span><\/a><\/span><\/div>\n<nav><ul class='ez-toc-list ez-toc-list-level-1 eztoc-toggle-hide-by-default' ><li class='ez-toc-page-1 ez-toc-heading-level-2'><a class=\"ez-toc-link ez-toc-heading-1\" href=\"https:\/\/moverdb.com\/de\/freight-forwarder\/freight-forwarding-uk\/grimsby-freight-forwarder\/#Omega_UK_Ltd\" >Omega UK Ltd.<\/a><\/li><li class='ez-toc-page-1 ez-toc-heading-level-2'><a class=\"ez-toc-link ez-toc-heading-2\" href=\"https:\/\/moverdb.com\/de\/freight-forwarder\/freight-forwarding-uk\/grimsby-freight-forwarder\/#GB_Shipping_Forwarding\" >GB Versand &amp; Spedition<\/a><\/li><li class='ez-toc-page-1 ez-toc-heading-level-2'><a class=\"ez-toc-link ez-toc-heading-3\" href=\"https:\/\/moverdb.com\/de\/freight-forwarder\/freight-forwarding-uk\/grimsby-freight-forwarder\/#RMS_Immingham_Grimsby\" >RMS Immingham \/ Grimsby<\/a><\/li><li class='ez-toc-page-1 ez-toc-heading-level-2'><a class=\"ez-toc-link ez-toc-heading-4\" href=\"https:\/\/moverdb.com\/de\/freight-forwarder\/freight-forwarding-uk\/grimsby-freight-forwarder\/#Andrew_James_Forwarding_Ltd\" >Andrew James Spedition GmbH<\/a><\/li><li class='ez-toc-page-1 ez-toc-heading-level-2'><a class=\"ez-toc-link ez-toc-heading-5\" href=\"https:\/\/moverdb.com\/de\/freight-forwarder\/freight-forwarding-uk\/grimsby-freight-forwarder\/#How_we_picked_the_best_Grimsby_Freight_Forwarding_Companies\" >Wie wir die besten Speditionsunternehmen in Grimsby ausgew\u00e4hlt haben<\/a><\/li><\/ul><\/nav><\/div>\n<h2><span class=\"ez-toc-section\" id=\"Omega_UK_Ltd\"><\/span>Omega UK Ltd.<span class=\"ez-toc-section-end\"><\/span><\/h2>\n<p><img decoding=\"async\" src=\"https:\/\/moverdb.com\/wp-content\/uploads\/thumbnailpanoiddZfC_O_3S8RXAJzskWGv5gcb_clientsearch.gws-prod.gpsw408h240yaw224.jpg\" alt='Omega UK Ltd.' class=\"aligncenter\"><\/p>\n<p><strong>Beschreibung des Unternehmens: <\/strong>Keine bereitgestellt<\/p>\n<p><strong>Zus\u00e4tzliche Dienstleistungen:<\/strong><\/p>\n<p>Nicht aufgelistet<\/p>\n<p><strong>Adresse:<\/strong> Das Innovationszentrum, Europarc, Innovation Way, Healing, Grimsby DN37 9TT<\/p>\n<p><a href=\"https:\/\/www.omega.co.uk\/\" target=\"_new\" rel=\"noopener\">Omega UK Ltd Website<\/a><\/p>\n<p><strong>Bewertung: <\/strong>5<br \/> <strong>Anzahl der Bewertungen:<\/strong> 1<br \/><a href=\"https:\/\/www.google.co.uk\/maps?cid=13835199806131266652&#038;hl=en&#038;gl=GB\" target=\"_new\" rel=\"noopener\">Bewertungen lesen<\/a><\/p>\n<h2><span class=\"ez-toc-section\" id=\"GB_Shipping_Forwarding\"><\/span>GB Versand &amp; Spedition<span class=\"ez-toc-section-end\"><\/span><\/h2>\n<p><img decoding=\"async\" src=\"\" alt=\"GB Versand &amp; Spedition\" class=\"aligncenter\"><\/p>\n<p><strong>Beschreibung des Unternehmens: <\/strong>Keine bereitgestellt<\/p>\n<p><strong>Zus\u00e4tzliche Dienstleistungen:<\/strong><\/p>\n<p>Lieferfirma<\/p>\n<p><strong>Adresse:<\/strong> 1. Stock, Euroterminal-Geb\u00e4ude, Alexandra Dock North, Grimsby DN31 3TD<\/p>\n<p><a href=\"http:\/\/www.gbagroup.com\/\" target=\"_new\" rel=\"noopener\">GB Shipping &amp; Forwarding Website<\/a><\/p>\n<p><strong>Bewertung: <\/strong>5<br \/> <strong>Anzahl der Bewertungen:<\/strong> 1<br \/><a href=\"https:\/\/www.google.co.uk\/maps?cid=10615481206320769511&#038;hl=en&#038;gl=GB\" target=\"_new\" rel=\"noopener\">Bewertungen lesen<\/a><\/p>\n<h2><span class=\"ez-toc-section\" id=\"RMS_Immingham_Grimsby\"><\/span>RMS Immingham \/ Grimsby<span class=\"ez-toc-section-end\"><\/span><\/h2>\n<p><img decoding=\"async\" src=\"https:\/\/moverdb.com\/wp-content\/uploads\/AF1QipMTk4tcM3SsXkID5az8TabKWP0raV3u5WJ7gLr4w493-h240-k-no.jpg\" alt='RMS Immingham \/ Grimsby' class=\"aligncenter\"><\/p>\n<p><strong>Beschreibung des Unternehmens: <\/strong>Keine bereitgestellt<\/p>\n<p><strong>Zus\u00e4tzliche Dienstleistungen:<\/strong><\/p>\n<p>Nicht aufgelistet<\/p>\n<p><strong>Adresse:<\/strong> Alexandra Dock North, West Side Road, Grimsby DN31 3TD<\/p>\n<p><a href=\"http:\/\/www.rms-humber.co.uk\/the-humber\/rms-immingham-grimsby\" target=\"_new\" rel=\"noopener\">RMS Immingham \/ Grimsby Website<\/a><\/p>\n<p><strong>Bewertung: <\/strong>4.5<br \/> <strong>Anzahl der Bewertungen:<\/strong> 33<br \/><a href=\"https:\/\/www.google.co.uk\/maps?cid=6761905291142039023&#038;hl=en&#038;gl=GB\" target=\"_new\" rel=\"noopener\">Bewertungen lesen<\/a><\/p>\n<h2><span class=\"ez-toc-section\" id=\"Andrew_James_Forwarding_Ltd\"><\/span>Andrew James Spedition GmbH<span class=\"ez-toc-section-end\"><\/span><\/h2>\n<p><img decoding=\"async\" src=\"https:\/\/moverdb.com\/wp-content\/uploads\/AF1QipOSuIUOmoMmETXAGY9WS_Ro9u-tU2Lb2LWeEjIIw408-h406-k-no.jpg\" alt='Andrew James Spedition GmbH' class=\"aligncenter\"><\/p>\n<p><strong>Beschreibung des Unternehmens: <\/strong>Wir sind ein Logistikunternehmen mit Sitz in der <a href=\"https:\/\/moverdb.com\/de\/moving-to-the-uk\/\" data-internallinksmanager029f6b8e52c=\"93\" title=\"Umzug in das Vereinigte K\u00f6nigreich? 2026 Lebenshaltungskosten &amp; Umzugstipps\">UK<\/a> Erbringung von Import- und Exporttransportdienstleistungen.<\/p>\n<p> AJF ist seit \u00fcber einem Jahrzehnt in der Logistik f\u00fcr die meisten Regionen der Welt, einschlie\u00dflich des Nahen Ostens, t\u00e4tig, <a href=\"https:\/\/moverdb.com\/de\/moving-to-india\/\" data-internallinksmanager029f6b8e52c=\"356\" title=\"Umzug nach Indien? 2026 Lebenshaltungskosten &amp; Umzugstipps\">Indien<\/a>, <a href=\"https:\/\/moverdb.com\/de\/moving-to-vietnam\/\" data-internallinksmanager029f6b8e52c=\"390\" title=\"Umzug nach Vietnam? 2026 Lebenshaltungskosten &amp; Umzugstipps\">Vietnam<\/a> und <a href=\"https:\/\/moverdb.com\/de\/moving-to-australia\/living-in-australia\/\" data-internallinksmanager029f6b8e52c=\"240\" title=\"21 Geheimnisse \u00fcber das Leben in Australien, die man vor dem Umzug kennen sollte\">Australien<\/a>.<\/p>\n<p> Unsere Lagerhaltung, die Auftragsabwicklung f\u00fcr Dritte und der Vertrieb erstrecken sich \u00fcber das gesamte Vereinigte K\u00f6nigreich.<\/p>\n<p> Wir verf\u00fcgen \u00fcber umfassende Zollabfertigungsm\u00f6glichkeiten, einschlie\u00dflich der Bearbeitung von Dokumentationsanforderungen aus der EU nach dem Brexit.<\/p>\n<p> Wir verf\u00fcgen \u00fcber spezielle Kenntnisse im Umgang mit Projektladungen und Ladungen mit \u00dcberma\u00df, die auf Flat Racks verladen werden oder Teilschiffscharter erfordern.<\/p>\n<p> Unsere Partner im Nahen Osten operieren von Jebal Ali aus, <a href=\"https:\/\/moverdb.com\/de\/moving-to-the-uae\/\" data-internallinksmanager029f6b8e52c=\"329\" title=\"Umzug in die Vereinigten Arabischen Emirate (VAE)? 2024 Lebenshaltungskosten &amp; Umzugstipps\">UAE<\/a> erm\u00f6glichen <a href=\"https:\/\/moverdb.com\/de\/moving-to-the-united-states\/\" data-internallinksmanager029f6b8e52c=\"94\" title=\"Umzug in die Vereinigten Staaten? 2026 Lebenshaltungskosten &amp; Umzugstipps\">us<\/a> Transit- und Konsolidierungsdienste in alle L\u00e4nder dieser Region anzubieten.<\/p>\n<p><strong>Zus\u00e4tzliche Dienstleistungen:<\/strong><\/p>\n<p>Zollmakler<\/p>\n<p>Import-Export-Unternehmen<\/p>\n<p>Logistikdienstleistung<\/p>\n<p>Lagereinrichtung<\/p>\n<p><strong>Adresse:<\/strong> Kiln Lane Trading Estate, Stallingborough, Grimsby DN41 8DY<\/p>\n<p><a href=\"https:\/\/www.andrewjamesforwarding.com\/\" target=\"_new\" rel=\"noopener\">Website von Andrew James Forwarding Ltd<\/a><\/p>\n<p><strong>Bewertung: <\/strong>4.8<br \/> <strong>Anzahl der Bewertungen:<\/strong> 4<br \/><a href=\"https:\/\/www.google.co.uk\/maps?cid=245963377216776452&#038;hl=en&#038;gl=GB\" target=\"_new\" rel=\"noopener\">Bewertungen lesen<\/a><\/p>\n<h2><span class=\"ez-toc-section\" id=\"How_we_picked_the_best_Grimsby_Freight_Forwarding_Companies\"><\/span>Wie wir die besten Speditionsunternehmen in Grimsby ausgew\u00e4hlt haben<span class=\"ez-toc-section-end\"><\/span><\/h2>\n<p>Wir begannen mit einem Datensatz von 11 Speditionsunternehmen in Grimsby, die wir \u00fcber Google Maps finden konnten, und schr\u00e4nkten die Auswahl auf die besten 4 ein.<\/p>\n<p>Zu diesem Zweck haben wir alle Unternehmen entfernt, die:<\/p>\n<ul>\n<li> Hatte keine Website<\/li>\n<li> Hatte keine Bewertungen<\/li>\n<li> eine durchschnittliche Bewertung von weniger als 2,0 haben<\/li>\n<\/ul>\n<p>Wenn wir zu diesem Zeitpunkt 17 oder weniger Spediteure hatten, haben wir sie alle aufgelistet.<\/p>\n<p>F\u00fcr St\u00e4dte, in denen mehr als 17 Spediteure \u00fcbrig blieben, nahmen wir weitere \u00c4nderungen vor, indem wir entweder die erforderliche Bewertungsnote erh\u00f6hten (z. B. von mindestens 2,0 auf 4,0) und\/oder die Mindestanzahl der erforderlichen Bewertungen erh\u00f6hten (z. B. von mindestens einer Bewertung auf mindestens 10).<\/p>\n<p>Bitte beachten Sie, dass wir nur Bewertungsdaten von Google Maps und nicht von anderen Websites Dritter verwendet haben.<\/p>\n<p>Weitere St\u00e4dte:<\/p>\n<p><a href=\"https:\/\/moverdb.com\/de\/spediteur\/freight-forwarding-uk\/cardiff-freight-forwarder\/\">Cardiff Spediteur<\/a><br \/><a href=\"https:\/\/moverdb.com\/de\/spediteur\/freight-forwarding-uk\/luton-freight-forwarder\/\">Luton Spediteur<\/a><br \/><a href=\"https:\/\/moverdb.com\/de\/spediteur\/freight-forwarding-uk\/milton-keynes-freight-forwarder\/\">Milton Keynes Spediteur<\/a><br \/><a href=\"https:\/\/moverdb.com\/de\/spediteur\/freight-forwarding-uk\/aberdeen-freight-forwarder\/\">Aberdeen Spediteur<\/a><br \/><a href=\"https:\/\/moverdb.com\/de\/spediteur\/freight-forwarding-uk\/heywood-freight-forwarder\/\">Heywood Spediteur<\/a><\/p>","protected":false},"excerpt":{"rendered":"<p>Below we look at the 4 &#8220;best&#8221; Freight Forwarding companies in Grimsby out of 11. To learn more about how we chose the best please consult our FAQ section at the end. Please not the following listings are in no particular order and we are not making any recommendations for any particular company. Omega UK [&hellip;]<\/p>\n","protected":false},"author":1,"featured_media":0,"parent":13427,"menu_order":0,"comment_status":"open","ping_status":"open","template":"","meta":{"_genesis_hide_title":false,"_genesis_hide_breadcrumbs":false,"_genesis_hide_singular_image":false,"_genesis_hide_footer_widgets":false,"_genesis_custom_body_class":"","_genesis_custom_post_class":"","_genesis_layout":"","footnotes":""},"class_list":{"0":"post-13911","1":"page","2":"type-page","3":"status-publish","5":"entry"},"_links":{"self":[{"href":"https:\/\/moverdb.com\/de\/wp-json\/wp\/v2\/pages\/13911","targetHints":{"allow":["GET"]}}],"collection":[{"href":"https:\/\/moverdb.com\/de\/wp-json\/wp\/v2\/pages"}],"about":[{"href":"https:\/\/moverdb.com\/de\/wp-json\/wp\/v2\/types\/page"}],"author":[{"embeddable":true,"href":"https:\/\/moverdb.com\/de\/wp-json\/wp\/v2\/users\/1"}],"replies":[{"embeddable":true,"href":"https:\/\/moverdb.com\/de\/wp-json\/wp\/v2\/comments?post=13911"}],"version-history":[{"count":1,"href":"https:\/\/moverdb.com\/de\/wp-json\/wp\/v2\/pages\/13911\/revisions"}],"predecessor-version":[{"id":15783,"href":"https:\/\/moverdb.com\/de\/wp-json\/wp\/v2\/pages\/13911\/revisions\/15783"}],"up":[{"embeddable":true,"href":"https:\/\/moverdb.com\/de\/wp-json\/wp\/v2\/pages\/13427"}],"wp:attachment":[{"href":"https:\/\/moverdb.com\/de\/wp-json\/wp\/v2\/media?parent=13911"}],"curies":[{"name":"wp","href":"https:\/\/api.w.org\/{rel}","templated":true}]}}