{"id":13893,"date":"2023-11-08T15:53:26","date_gmt":"2023-11-08T15:53:26","guid":{"rendered":"https:\/\/moverdb.com\/freight-forwarder\/freight-forwarding-uk\/nottingham-freight-forwarder\/"},"modified":"2026-01-08T13:17:55","modified_gmt":"2026-01-08T13:17:55","slug":"nottingham-freight-forwarder","status":"publish","type":"page","link":"https:\/\/moverdb.com\/de\/freight-forwarder\/freight-forwarding-uk\/nottingham-freight-forwarder\/","title":{"rendered":"4 beste Speditionsunternehmen in Nottingham (2024)"},"content":{"rendered":"<p>Nachfolgend betrachten wir die 4 <em>\"Beste\"<\/em> Speditionsunternehmen in Nottingham von 11.<\/p>\n<p>Wenn Sie mehr dar\u00fcber erfahren m\u00f6chten, wie wir die Besten ausgew\u00e4hlt haben, konsultieren Sie bitte unseren FAQ-Bereich am Ende.<\/p>\n<p><em>Bitte beachten Sie, dass die folgenden Auflistungen in keiner bestimmten Reihenfolge stehen und wir keine Empfehlung f\u00fcr ein bestimmtes Unternehmen abgeben.<\/em><\/p>\n<div id=\"ez-toc-container\" class=\"ez-toc-v2_0_82_2 ez-toc-wrap-left counter-hierarchy ez-toc-counter ez-toc-transparent ez-toc-container-direction\">\n<div class=\"ez-toc-title-container\">\n<p class=\"ez-toc-title\" style=\"cursor:inherit\">Rubriken<\/p>\n<span class=\"ez-toc-title-toggle\"><a href=\"#\" class=\"ez-toc-pull-right ez-toc-btn ez-toc-btn-xs ez-toc-btn-default ez-toc-toggle\" aria-label=\"Inhaltsverzeichnis umschalten\"><span class=\"ez-toc-js-icon-con\"><span class=\"\"><span class=\"eztoc-hide\" style=\"display:none;\">Umschalten auf<\/span><span class=\"ez-toc-icon-toggle-span\"><svg style=\"fill: #999;color:#999\" xmlns=\"http:\/\/www.w3.org\/2000\/svg\" class=\"list-377408\" width=\"20px\" height=\"20px\" viewbox=\"0 0 24 24\" fill=\"none\"><path d=\"M6 6H4v2h2V6zm14 0H8v2h12V6zM4 11h2v2H4v-2zm16 0H8v2h12v-2zM4 16h2v2H4v-2zm16 0H8v2h12v-2z\" fill=\"currentColor\"><\/path><\/svg><svg style=\"fill: #999;color:#999\" class=\"arrow-unsorted-368013\" xmlns=\"http:\/\/www.w3.org\/2000\/svg\" width=\"10px\" height=\"10px\" viewbox=\"0 0 24 24\" version=\"1.2\" baseprofile=\"tiny\"><path d=\"M18.2 9.3l-6.2-6.3-6.2 6.3c-.2.2-.3.4-.3.7s.1.5.3.7c.2.2.4.3.7.3h11c.3 0 .5-.1.7-.3.2-.2.3-.5.3-.7s-.1-.5-.3-.7zM5.8 14.7l6.2 6.3 6.2-6.3c.2-.2.3-.5.3-.7s-.1-.5-.3-.7c-.2-.2-.4-.3-.7-.3h-11c-.3 0-.5.1-.7.3-.2.2-.3.5-.3.7s.1.5.3.7z\"\/><\/svg><\/span><\/span><\/span><\/a><\/span><\/div>\n<nav><ul class='ez-toc-list ez-toc-list-level-1 eztoc-toggle-hide-by-default' ><li class='ez-toc-page-1 ez-toc-heading-level-2'><a class=\"ez-toc-link ez-toc-heading-1\" href=\"https:\/\/moverdb.com\/de\/freight-forwarder\/freight-forwarding-uk\/nottingham-freight-forwarder\/#Transatlantic_Shipping_Ltd_incorporating_TransAtlantic_Line_UK_Ltd\" >Transatlantic Shipping Ltd (mit TransAtlantic Line UK Ltd)<\/a><\/li><li class='ez-toc-page-1 ez-toc-heading-level-2'><a class=\"ez-toc-link ez-toc-heading-2\" href=\"https:\/\/moverdb.com\/de\/freight-forwarder\/freight-forwarding-uk\/nottingham-freight-forwarder\/#Energy_Freight_Forwarding_Limited\" >Energy Freight Forwarding Limited<\/a><\/li><li class='ez-toc-page-1 ez-toc-heading-level-2'><a class=\"ez-toc-link ez-toc-heading-3\" href=\"https:\/\/moverdb.com\/de\/freight-forwarder\/freight-forwarding-uk\/nottingham-freight-forwarder\/#Page_Freight_Services\" >Seite Frachtservice<\/a><\/li><li class='ez-toc-page-1 ez-toc-heading-level-2'><a class=\"ez-toc-link ez-toc-heading-4\" href=\"https:\/\/moverdb.com\/de\/freight-forwarder\/freight-forwarding-uk\/nottingham-freight-forwarder\/#Baxter_Freight_Ltd\" >Baxter Freight Ltd<\/a><\/li><li class='ez-toc-page-1 ez-toc-heading-level-2'><a class=\"ez-toc-link ez-toc-heading-5\" href=\"https:\/\/moverdb.com\/de\/freight-forwarder\/freight-forwarding-uk\/nottingham-freight-forwarder\/#How_we_picked_the_best_Nottingham_Freight_Forwarding_Companies\" >Wie wir die besten Speditionsunternehmen in Nottingham ausgew\u00e4hlt haben<\/a><\/li><\/ul><\/nav><\/div>\n<h2><span class=\"ez-toc-section\" id=\"Transatlantic_Shipping_Ltd_incorporating_TransAtlantic_Line_UK_Ltd\"><\/span>Transatlantic Shipping Ltd (mit TransAtlantic Line UK Ltd)<span class=\"ez-toc-section-end\"><\/span><\/h2>\n<p><img decoding=\"async\" src=\"https:\/\/moverdb.com\/wp-content\/uploads\/thumbnailpanoidL1AeGUQ4uasBSZ4JikVVRgcb_clientsearch.gws-prod.gpsw408h240yaw336.jpg\" alt='Transatlantic Shipping Ltd (mit TransAtlantic Line UK Ltd)' class=\"aligncenter\"><\/p>\n<p><strong>Beschreibung des Unternehmens: <\/strong>Keine bereitgestellt<\/p>\n<p><strong>Zus\u00e4tzliche Dienstleistungen:<\/strong><\/p>\n<p>Zollmakler<\/p>\n<p>Versanddienst<\/p>\n<p><strong>Adresse:<\/strong> Einheit 11, Ash Court, Engine Ln, Newthorpe, Nottingham NG16 3RP<\/p>\n<p><a href=\"http:\/\/www.transatlantic-shipping.co.uk\/\" target=\"_new\" rel=\"noopener\">Transatlantic Shipping Ltd (mit TransAtlantic Line UK Ltd) Website<\/a><\/p>\n<p><strong>Bewertung: <\/strong>4.6<br \/> <strong>Anzahl der Bewertungen:<\/strong> 9<br \/><a href=\"https:\/\/www.google.co.uk\/maps?cid=1290499519586239723&#038;hl=en&#038;gl=GB\" target=\"_new\" rel=\"noopener\">Bewertungen lesen<\/a><\/p>\n<h2><span class=\"ez-toc-section\" id=\"Energy_Freight_Forwarding_Limited\"><\/span>Energy Freight Forwarding Limited<span class=\"ez-toc-section-end\"><\/span><\/h2>\n<p><img decoding=\"async\" src=\"https:\/\/moverdb.com\/wp-content\/uploads\/thumbnailpanoidt7LKqqAIOdMupRxAYDsdaAcb_clientsearch.gws-prod.gpsw408h240yaw124.jpg\" alt='Energy Freight Forwarding Limited' class=\"aligncenter\"><\/p>\n<p><strong>Beschreibung des Unternehmens: <\/strong>Keine bereitgestellt<\/p>\n<p><strong>Zus\u00e4tzliche Dienstleistungen:<\/strong><\/p>\n<p>Nicht aufgelistet<\/p>\n<p><strong>Adresse:<\/strong> Cemetery Walk, Eastwood, Nottingham NG16 3TU<\/p>\n<p><a href=\"https:\/\/www.energy-freight.com\/\" target=\"_new\" rel=\"noopener\">Website von Energy Freight Forwarding Limited<\/a><\/p>\n<p><strong>Bewertung: <\/strong>5<br \/> <strong>Anzahl der Bewertungen:<\/strong> 1<br \/><a href=\"https:\/\/www.google.co.uk\/maps?cid=4179558663476636128&#038;hl=en&#038;gl=GB\" target=\"_new\" rel=\"noopener\">Bewertungen lesen<\/a><\/p>\n<h2><span class=\"ez-toc-section\" id=\"Page_Freight_Services\"><\/span>Seite Frachtservice<span class=\"ez-toc-section-end\"><\/span><\/h2>\n<p><img decoding=\"async\" src=\"https:\/\/moverdb.com\/wp-content\/uploads\/thumbnailpanoidO0zddtK-cDwYcujmDuaDvAcb_clientsearch.gws-prod.gpsw408h240yaw124.jpg\" alt='Seite Frachtservice' class=\"aligncenter\"><\/p>\n<p><strong>Beschreibung des Unternehmens: <\/strong>Page Freight Services verf\u00fcgt \u00fcber die F\u00e4higkeiten und die Erfahrung, um alle Ihre Bed\u00fcrfnisse im Bereich der Paketverteilung zu erf\u00fcllen, egal ob sie weltweit oder in Europa sind, <a href=\"https:\/\/moverdb.com\/de\/moving-to-the-uk\/\" data-internallinksmanager029f6b8e52c=\"93\" title=\"Umzug in das Vereinigte K\u00f6nigreich? 2026 Lebenshaltungskosten &amp; Umzugstipps\">UK<\/a> oder in der N\u00e4he von Nottingham.<\/p>\n<p> Wir bieten einen durchg\u00e4ngigen Service, von der Lagerung \u00fcber die Kommissionierung und Verpackung bis hin zur Auslieferung.<\/p>\n<p> Au\u00dferdem k\u00f6nnen Sie sich dank unseres erstklassigen Kundendienstes vor Ort auf Ihr Gesch\u00e4ft konzentrieren, denn Sie wissen, dass Ihr Paket in guten H\u00e4nden ist.<\/p>\n<p><strong>Zus\u00e4tzliche Dienstleistungen:<\/strong><\/p>\n<p>Nicht aufgelistet<\/p>\n<p><strong>Adresse:<\/strong> Hauptverwaltung, 2 Ernest Rd, Carlton, Nottingham NG4 1JU<\/p>\n<p><a href=\"https:\/\/pagefreight.co.uk\/\" target=\"_new\" rel=\"noopener\">Website von Page Freight Services<\/a><\/p>\n<p><strong>Bewertung: <\/strong>5<br \/> <strong>Anzahl der Bewertungen:<\/strong> 2<br \/><a href=\"https:\/\/www.google.co.uk\/maps?cid=13782312718122494679&#038;hl=en&#038;gl=GB\" target=\"_new\" rel=\"noopener\">Bewertungen lesen<\/a><\/p>\n<h2><span class=\"ez-toc-section\" id=\"Baxter_Freight_Ltd\"><\/span>Baxter Freight Ltd<span class=\"ez-toc-section-end\"><\/span><\/h2>\n<p><img decoding=\"async\" src=\"https:\/\/moverdb.com\/wp-content\/uploads\/AF1QipN-2cmmjLatV4B4ljscxN907XUMvbVpf1qLuiE6w408-h272-k-no.jpg\" alt='Baxter Freight Ltd' class=\"aligncenter\"><\/p>\n<p><strong>Beschreibung des Unternehmens: <\/strong>Wir sind ein kundenorientierter Logistikdienstleister mit Sitz in Gro\u00dfbritannien.<\/p>\n<p> Ob auf der Stra\u00dfe oder auf der Schiene, zu Wasser oder in der Luft - wir sind darauf spezialisiert, Ihre G\u00fcter so kosteng\u00fcnstig und zeitsparend wie m\u00f6glich von A nach B zu transportieren.<\/p>\n<p> Unsere engagierten Kundenbetreuer bieten pers\u00f6nlichen Service mit globaler Reichweite und nutzen unsere Partnerschaften mit DHL Freight und Gerlach Customs, um eine umfassende Logistikl\u00f6sung zu schaffen.<\/p>\n<p> Wir kombinieren Kundenservice mit einem ausgedehnten Stra\u00dfeng\u00fcterverkehrsnetz und marktf\u00fchrenden Zolldienstleistungen.<\/p>\n<p> Wir sind auch AEO-zugelassen und verf\u00fcgen \u00fcber eigene Zollexperten.<\/p>\n<p><strong>Zus\u00e4tzliche Dienstleistungen:<\/strong><\/p>\n<p>Nicht aufgelistet<\/p>\n<p><strong>Adresse:<\/strong> Abbeyfield Court, Abbott House, Abbeyfield Rd, Nottingham NG7 2SZ<\/p>\n<p><a href=\"https:\/\/baxterfreight.com\/\" target=\"_new\" rel=\"noopener\">Baxter Freight Ltd Website<\/a><\/p>\n<p><strong>Bewertung: <\/strong>3.8<br \/> <strong>Anzahl der Bewertungen:<\/strong> 19<br \/><a href=\"https:\/\/www.google.co.uk\/maps?cid=9037623678773980102&#038;hl=en&#038;gl=GB\" target=\"_new\" rel=\"noopener\">Bewertungen lesen<\/a><\/p>\n<h2><span class=\"ez-toc-section\" id=\"How_we_picked_the_best_Nottingham_Freight_Forwarding_Companies\"><\/span>Wie wir die besten Speditionsunternehmen in Nottingham ausgew\u00e4hlt haben<span class=\"ez-toc-section-end\"><\/span><\/h2>\n<p>Wir begannen mit einem Datensatz von 11 Speditionsunternehmen aus Nottingham, die wir \u00fcber Google Maps finden konnten, und beschr\u00e4nkten uns auf die besten 4.<\/p>\n<p>Zu diesem Zweck haben wir alle Unternehmen entfernt, die:<\/p>\n<ul>\n<li> Hatte keine Website<\/li>\n<li> Hatte keine Bewertungen<\/li>\n<li> eine durchschnittliche Bewertung von weniger als 2,0 haben<\/li>\n<\/ul>\n<p>Wenn wir zu diesem Zeitpunkt 17 oder weniger Spediteure hatten, haben wir sie alle aufgelistet.<\/p>\n<p>F\u00fcr St\u00e4dte, in denen mehr als 17 Spediteure \u00fcbrig blieben, nahmen wir weitere \u00c4nderungen vor, indem wir entweder die erforderliche Bewertungsnote erh\u00f6hten (z. B. von mindestens 2,0 auf 4,0) und\/oder die Mindestanzahl der erforderlichen Bewertungen erh\u00f6hten (z. B. von mindestens einer Bewertung auf mindestens 10).<\/p>\n<p>Bitte beachten Sie, dass wir nur Bewertungsdaten von Google Maps und nicht von anderen Websites Dritter verwendet haben.<\/p>\n<p>Weitere St\u00e4dte:<\/p>\n<p><a href=\"https:\/\/moverdb.com\/de\/spediteur\/freight-forwarding-uk\/rotherham-freight-forwarder\/\">Rotherham Spediteur<\/a><br \/><a href=\"https:\/\/moverdb.com\/de\/spediteur\/freight-forwarding-uk\/crawley-freight-forwarder\/\">Crawley Spediteur<\/a><br \/><a href=\"https:\/\/moverdb.com\/de\/spediteur\/freight-forwarding-uk\/warrington-freight-forwarder\/\">Warrington Spediteur<\/a><br \/><a href=\"https:\/\/moverdb.com\/de\/spediteur\/freight-forwarding-uk\/grimsby-freight-forwarder\/\">Grimsby Spediteur<\/a><br \/><a href=\"https:\/\/moverdb.com\/de\/spediteur\/freight-forwarding-uk\/cardiff-freight-forwarder\/\">Cardiff Spediteur<\/a><\/p>","protected":false},"excerpt":{"rendered":"<p>Below we look at the 4 &#8220;best&#8221; Freight Forwarding companies in Nottingham out of 11. To learn more about how we chose the best please consult our FAQ section at the end. Please not the following listings are in no particular order and we are not making any recommendations for any particular company. Transatlantic Shipping [&hellip;]<\/p>\n","protected":false},"author":1,"featured_media":0,"parent":13427,"menu_order":0,"comment_status":"open","ping_status":"open","template":"","meta":{"_genesis_hide_title":false,"_genesis_hide_breadcrumbs":false,"_genesis_hide_singular_image":false,"_genesis_hide_footer_widgets":false,"_genesis_custom_body_class":"","_genesis_custom_post_class":"","_genesis_layout":"","footnotes":""},"class_list":{"0":"post-13893","1":"page","2":"type-page","3":"status-publish","5":"entry"},"_links":{"self":[{"href":"https:\/\/moverdb.com\/de\/wp-json\/wp\/v2\/pages\/13893","targetHints":{"allow":["GET"]}}],"collection":[{"href":"https:\/\/moverdb.com\/de\/wp-json\/wp\/v2\/pages"}],"about":[{"href":"https:\/\/moverdb.com\/de\/wp-json\/wp\/v2\/types\/page"}],"author":[{"embeddable":true,"href":"https:\/\/moverdb.com\/de\/wp-json\/wp\/v2\/users\/1"}],"replies":[{"embeddable":true,"href":"https:\/\/moverdb.com\/de\/wp-json\/wp\/v2\/comments?post=13893"}],"version-history":[{"count":1,"href":"https:\/\/moverdb.com\/de\/wp-json\/wp\/v2\/pages\/13893\/revisions"}],"predecessor-version":[{"id":15787,"href":"https:\/\/moverdb.com\/de\/wp-json\/wp\/v2\/pages\/13893\/revisions\/15787"}],"up":[{"embeddable":true,"href":"https:\/\/moverdb.com\/de\/wp-json\/wp\/v2\/pages\/13427"}],"wp:attachment":[{"href":"https:\/\/moverdb.com\/de\/wp-json\/wp\/v2\/media?parent=13893"}],"curies":[{"name":"wp","href":"https:\/\/api.w.org\/{rel}","templated":true}]}}