{"id":13829,"date":"2023-11-08T15:52:42","date_gmt":"2023-11-08T15:52:42","guid":{"rendered":"https:\/\/moverdb.com\/freight-forwarder\/freight-forwarding-uk\/hull-freight-forwarder\/"},"modified":"2026-01-08T13:18:08","modified_gmt":"2026-01-08T13:18:08","slug":"hull-freight-forwarder","status":"publish","type":"page","link":"https:\/\/moverdb.com\/de\/freight-forwarder\/freight-forwarding-uk\/hull-freight-forwarder\/","title":{"rendered":"Die 7 besten Speditionsunternehmen f\u00fcr den Rumpf (2024)"},"content":{"rendered":"<p>Im Folgenden werden die 7 <em>\"Beste\"<\/em> Speditionsunternehmen in Hull von insgesamt 18.<\/p>\n<p>Wenn Sie mehr dar\u00fcber erfahren m\u00f6chten, wie wir die Besten ausgew\u00e4hlt haben, konsultieren Sie bitte unseren FAQ-Bereich am Ende.<\/p>\n<p><em>Bitte beachten Sie, dass die folgenden Auflistungen in keiner bestimmten Reihenfolge stehen und wir keine Empfehlung f\u00fcr ein bestimmtes Unternehmen abgeben.<\/em><\/p>\n<div id=\"ez-toc-container\" class=\"ez-toc-v2_0_82_2 ez-toc-wrap-left counter-hierarchy ez-toc-counter ez-toc-transparent ez-toc-container-direction\">\n<div class=\"ez-toc-title-container\">\n<p class=\"ez-toc-title\" style=\"cursor:inherit\">Rubriken<\/p>\n<span class=\"ez-toc-title-toggle\"><a href=\"#\" class=\"ez-toc-pull-right ez-toc-btn ez-toc-btn-xs ez-toc-btn-default ez-toc-toggle\" aria-label=\"Inhaltsverzeichnis umschalten\"><span class=\"ez-toc-js-icon-con\"><span class=\"\"><span class=\"eztoc-hide\" style=\"display:none;\">Umschalten auf<\/span><span class=\"ez-toc-icon-toggle-span\"><svg style=\"fill: #999;color:#999\" xmlns=\"http:\/\/www.w3.org\/2000\/svg\" class=\"list-377408\" width=\"20px\" height=\"20px\" viewbox=\"0 0 24 24\" fill=\"none\"><path d=\"M6 6H4v2h2V6zm14 0H8v2h12V6zM4 11h2v2H4v-2zm16 0H8v2h12v-2zM4 16h2v2H4v-2zm16 0H8v2h12v-2z\" fill=\"currentColor\"><\/path><\/svg><svg style=\"fill: #999;color:#999\" class=\"arrow-unsorted-368013\" xmlns=\"http:\/\/www.w3.org\/2000\/svg\" width=\"10px\" height=\"10px\" viewbox=\"0 0 24 24\" version=\"1.2\" baseprofile=\"tiny\"><path d=\"M18.2 9.3l-6.2-6.3-6.2 6.3c-.2.2-.3.4-.3.7s.1.5.3.7c.2.2.4.3.7.3h11c.3 0 .5-.1.7-.3.2-.2.3-.5.3-.7s-.1-.5-.3-.7zM5.8 14.7l6.2 6.3 6.2-6.3c.2-.2.3-.5.3-.7s-.1-.5-.3-.7c-.2-.2-.4-.3-.7-.3h-11c-.3 0-.5.1-.7.3-.2.2-.3.5-.3.7s.1.5.3.7z\"\/><\/svg><\/span><\/span><\/span><\/a><\/span><\/div>\n<nav><ul class='ez-toc-list ez-toc-list-level-1 eztoc-toggle-hide-by-default' ><li class='ez-toc-page-1 ez-toc-heading-level-2'><a class=\"ez-toc-link ez-toc-heading-1\" href=\"https:\/\/moverdb.com\/de\/freight-forwarder\/freight-forwarding-uk\/hull-freight-forwarder\/#Pinefleet_Ltd\" >Pinefleet Ltd<\/a><\/li><li class='ez-toc-page-1 ez-toc-heading-level-2'><a class=\"ez-toc-link ez-toc-heading-2\" href=\"https:\/\/moverdb.com\/de\/freight-forwarder\/freight-forwarding-uk\/hull-freight-forwarder\/#AP_Shipping_Ltd_Storage\" >A.P. Shipping Ltd &amp; Lagerung<\/a><\/li><li class='ez-toc-page-1 ez-toc-heading-level-2'><a class=\"ez-toc-link ez-toc-heading-3\" href=\"https:\/\/moverdb.com\/de\/freight-forwarder\/freight-forwarding-uk\/hull-freight-forwarder\/#Abnormal_Load_Services_ALS\" >Dienste f\u00fcr anormale Belastung ALS<\/a><\/li><li class='ez-toc-page-1 ez-toc-heading-level-2'><a class=\"ez-toc-link ez-toc-heading-4\" href=\"https:\/\/moverdb.com\/de\/freight-forwarder\/freight-forwarding-uk\/hull-freight-forwarder\/#Thor_Shipping_Transport\" >Thor Versand &amp; Transport<\/a><\/li><li class='ez-toc-page-1 ez-toc-heading-level-2'><a class=\"ez-toc-link ez-toc-heading-5\" href=\"https:\/\/moverdb.com\/de\/freight-forwarder\/freight-forwarding-uk\/hull-freight-forwarder\/#Inter_Ship_UK\" >Inter Ship UK<\/a><\/li><li class='ez-toc-page-1 ez-toc-heading-level-2'><a class=\"ez-toc-link ez-toc-heading-6\" href=\"https:\/\/moverdb.com\/de\/freight-forwarder\/freight-forwarding-uk\/hull-freight-forwarder\/#Seaway_Logistics_Limited\" >Seaway Logistics Limited<\/a><\/li><li class='ez-toc-page-1 ez-toc-heading-level-2'><a class=\"ez-toc-link ez-toc-heading-7\" href=\"https:\/\/moverdb.com\/de\/freight-forwarder\/freight-forwarding-uk\/hull-freight-forwarder\/#Paragon_International_Freight_Services_Ltd\" >Paragon Internationale Frachtdienste GmbH<\/a><\/li><li class='ez-toc-page-1 ez-toc-heading-level-2'><a class=\"ez-toc-link ez-toc-heading-8\" href=\"https:\/\/moverdb.com\/de\/freight-forwarder\/freight-forwarding-uk\/hull-freight-forwarder\/#How_we_picked_the_best_Hull_Freight_Forwarding_Companies\" >Wie wir die besten Speditionsunternehmen f\u00fcr Hull ausgew\u00e4hlt haben<\/a><\/li><\/ul><\/nav><\/div>\n<h2><span class=\"ez-toc-section\" id=\"Pinefleet_Ltd\"><\/span>Pinefleet Ltd<span class=\"ez-toc-section-end\"><\/span><\/h2>\n<p><img decoding=\"async\" src=\"https:\/\/moverdb.com\/wp-content\/uploads\/AF1QipPNvVZ89qrIiWVSeihXg7EugxqntGbtybpp7INew408-h271-k-no.jpg\" alt='Pinefleet Ltd' class=\"aligncenter\"><\/p>\n<p><strong>Beschreibung des Unternehmens: <\/strong>Keine bereitgestellt<\/p>\n<p><strong>Zus\u00e4tzliche Dienstleistungen:<\/strong><\/p>\n<p>Firmensitz<\/p>\n<p><strong>Adresse:<\/strong> Holderness House, Staithes Rd, Hedon, Hull HU12 8DX<\/p>\n<p><a href=\"http:\/\/www.fetar-uk.com\/\" target=\"_new\" rel=\"noopener\">Website von Pinefleet Ltd<\/a><\/p>\n<p><strong>Bewertung: <\/strong>4.5<br \/> <strong>Anzahl der Bewertungen:<\/strong> 2<br \/><a href=\"https:\/\/www.google.co.uk\/maps?cid=11149792833792192058&#038;hl=en&#038;gl=GB\" target=\"_new\" rel=\"noopener\">Bewertungen lesen<\/a><\/p>\n<h2><span class=\"ez-toc-section\" id=\"AP_Shipping_Ltd_Storage\"><\/span>A.P. Shipping Ltd &amp; Lagerung<span class=\"ez-toc-section-end\"><\/span><\/h2>\n<p><img decoding=\"async\" src=\"https:\/\/moverdb.com\/wp-content\/uploads\/AF1QipOevd0GLqEf3wPDYhzIpleSMElA8-em1-iIkyOkw427-h240-k-no.png\" alt='A.P. Shipping Ltd &amp; Lagerung' class=\"aligncenter\"><\/p>\n<p><strong>Beschreibung des Unternehmens: <\/strong>A.<\/p>\n<p>P.<\/p>\n<p> Schifffahrt GmbH<\/p>\n<p><strong>Zus\u00e4tzliche Dienstleistungen:<\/strong><\/p>\n<p>Strahlenreinigungsdienst<\/p>\n<p>Import-Export-Unternehmen<\/p>\n<p>Verpackungsmaschinen<\/p>\n<p>Schiffsausr\u00fcstungsindustrie<\/p>\n<p>Versanddienst<\/p>\n<p>Lagereinrichtung<\/p>\n<p><a href=\"https:\/\/moverdb.com\/de\/car-transport-shipping\/\" data-internallinksmanager029f6b8e52c=\"2\" title=\"2026 Internationale Autotransporte &amp; Angebote f\u00fcr Fahrzeugtransporte\">Transport von Fahrzeugen<\/a> Agent<\/p>\n<p>Lagerhaus<\/p>\n<p><strong>Adresse:<\/strong> Eingang Via, 65 <a href=\"\" data-internallinksmanager029f6b8e52c=\"59\" title=\"Oxford\">Oxford<\/a> St, Cumberland St, Hull HU2 0QP<\/p>\n<p><a href=\"http:\/\/www.apshipping.co.uk\/\" target=\"_new\" rel=\"noopener\">A.P. Shipping Ltd &amp; Storage Website<\/a><\/p>\n<p><strong>Bewertung: <\/strong>4.7<br \/> <strong>Anzahl der Bewertungen:<\/strong> 12<br \/><a href=\"https:\/\/www.google.co.uk\/maps?cid=3936770470747246071&#038;hl=en&#038;gl=GB\" target=\"_new\" rel=\"noopener\">Bewertungen lesen<\/a><\/p>\n<h2><span class=\"ez-toc-section\" id=\"Abnormal_Load_Services_ALS\"><\/span>Dienste f\u00fcr anormale Belastung ALS<span class=\"ez-toc-section-end\"><\/span><\/h2>\n<p><img decoding=\"async\" src=\"https:\/\/moverdb.com\/wp-content\/uploads\/AF1QipOrIQvu_okJ1q607_7B8aoOhn9l-sjyJnAAdUQcw408-h408-k-no.jpg\" alt='Dienste f\u00fcr anormale Belastung ALS' class=\"aligncenter\"><\/p>\n<p><strong>Beschreibung des Unternehmens: <\/strong>Globaler Spezialist f\u00fcr abnormale Ladung, St\u00fcckgut, Schwergut und \u00fcbergro\u00dfe Ladung mit \u00fcber 40 Jahren Erfahrung, der L\u00f6sungen f\u00fcr lange, breite, hohe und schwere Ladungen per Stra\u00dfe, Binnenschiff, See, Charter, Container, Schiene und Luft anbietet.<\/p>\n<p><strong>Zus\u00e4tzliche Dienstleistungen:<\/strong><\/p>\n<p>Zolldienststelle<\/p>\n<p>Logistikdienstleistung<\/p>\n<p><strong>Adresse:<\/strong> Geb\u00e4ude 3, Eltherington Business Park, 1305 Hedon Rd, Hull HU9 5QD<\/p>\n<p><a href=\"https:\/\/www.abnormal-loads.com\/?utm_source=GMBlisting&#038;utm_medium=Organic&#038;utm_id=GMBlisting\" target=\"_new\" rel=\"noopener\">Dienste f\u00fcr anormale Belastungen ALS-Website<\/a><\/p>\n<p><strong>Bewertung: <\/strong>4.3<br \/> <strong>Anzahl der Bewertungen:<\/strong> 4<br \/><a href=\"https:\/\/www.google.co.uk\/maps?cid=4935055821599174190&#038;hl=en&#038;gl=GB\" target=\"_new\" rel=\"noopener\">Bewertungen lesen<\/a><\/p>\n<h2><span class=\"ez-toc-section\" id=\"Thor_Shipping_Transport\"><\/span>Thor Versand &amp; Transport<span class=\"ez-toc-section-end\"><\/span><\/h2>\n<p><img decoding=\"async\" src=\"https:\/\/moverdb.com\/wp-content\/uploads\/AF1QipP4GXch8TbFgSUziaGMA6P0jpnAMXPbgR0hADhww426-h240-k-no.jpg\" alt='Thor Shipping &amp; Transport' class=\"aligncenter\"><\/p>\n<p><strong>Beschreibung des Unternehmens: <\/strong>Keine bereitgestellt<\/p>\n<p><strong>Zus\u00e4tzliche Dienstleistungen:<\/strong><\/p>\n<p>Lieferfirma<\/p>\n<p><strong>Adresse:<\/strong> King George Dock, Hedon Rd, Hull HU9 5PR<\/p>\n<p><a href=\"https:\/\/www.tmalogistics.nl\/index.php\/en\/\" target=\"_new\" rel=\"noopener\">Thor Shipping &amp; Transport Website<\/a><\/p>\n<p><strong>Bewertung: <\/strong>4<br \/> <strong>Anzahl der Bewertungen:<\/strong> 23<br \/><a href=\"https:\/\/www.google.co.uk\/maps?cid=9363494299506132644&#038;hl=en&#038;gl=GB\" target=\"_new\" rel=\"noopener\">Bewertungen lesen<\/a><\/p>\n<h2><span class=\"ez-toc-section\" id=\"Inter_Ship_UK\"><\/span>Inter Ship UK<span class=\"ez-toc-section-end\"><\/span><\/h2>\n<p><img decoding=\"async\" src=\"https:\/\/moverdb.com\/wp-content\/uploads\/thumbnailpanoid0Wv1FwBdZ_QeWHAgQawtFQcb_clientsearch.gws-prod.gpsw408h240yaw69.jpg\" alt='Inter Ship UK' class=\"aligncenter\"><\/p>\n<p><strong>Beschreibung des Unternehmens: <\/strong>Keine bereitgestellt<\/p>\n<p><strong>Zus\u00e4tzliche Dienstleistungen:<\/strong><\/p>\n<p>Lieferfirma<\/p>\n<p><strong>Adresse:<\/strong> 32 Scale Ln, Hull HU1 1LF<\/p>\n<p><a href=\"https:\/\/www.intership.co.uk\/\" target=\"_new\" rel=\"noopener\">Website von Inter Ship UK<\/a><\/p>\n<p><strong>Bewertung: <\/strong>3<br \/> <strong>Anzahl der Bewertungen:<\/strong> 1<br \/><a href=\"https:\/\/www.google.co.uk\/maps?cid=2803499733587565677&#038;hl=en&#038;gl=GB\" target=\"_new\" rel=\"noopener\">Bewertungen lesen<\/a><\/p>\n<h2><span class=\"ez-toc-section\" id=\"Seaway_Logistics_Limited\"><\/span>Seaway Logistics Limited<span class=\"ez-toc-section-end\"><\/span><\/h2>\n<p><img decoding=\"async\" src=\"https:\/\/moverdb.com\/wp-content\/uploads\/thumbnailpanoidw324HUoh1shcPnh05gwVmwcb_clientsearch.gws-prod.gpsw408h240yaw236.jpg\" alt='Seaway Logistics Limited' class=\"aligncenter\"><\/p>\n<p><strong>Beschreibung des Unternehmens: <\/strong>Seaway Logistics ist ein Schifffahrts- und Speditionsunternehmen mit Sitz in Hull.<\/p>\n<p> Wir bieten ein umfassendes Angebot an Export- und Vermittlungsdienstleistungen von der <a href=\"https:\/\/moverdb.com\/de\/moving-to-the-uk\/\" data-internallinksmanager029f6b8e52c=\"93\" title=\"Umzug in das Vereinigte K\u00f6nigreich? 2026 Lebenshaltungskosten &amp; Umzugstipps\">UK<\/a>.<\/p>\n<p><strong>Zus\u00e4tzliche Dienstleistungen:<\/strong><\/p>\n<p>Nicht aufgelistet<\/p>\n<p><strong>Adresse:<\/strong> Neptune House, Neptune St, Hull HU3 2BT<\/p>\n<p><a href=\"https:\/\/seawaylogistics.co.uk\/\" target=\"_new\" rel=\"noopener\">Website von Seaway Logistics Limited<\/a><\/p>\n<p><strong>Bewertung: <\/strong>4<br \/> <strong>Anzahl der Bewertungen:<\/strong> 1<br \/><a href=\"https:\/\/www.google.co.uk\/maps?cid=2975629287823220562&#038;hl=en&#038;gl=GB\" target=\"_new\" rel=\"noopener\">Bewertungen lesen<\/a><\/p>\n<h2><span class=\"ez-toc-section\" id=\"Paragon_International_Freight_Services_Ltd\"><\/span>Paragon Internationale Frachtdienste GmbH<span class=\"ez-toc-section-end\"><\/span><\/h2>\n<p><img decoding=\"async\" src=\"https:\/\/moverdb.com\/wp-content\/uploads\/thumbnailpanoidhR6pajHi5UlcEo7Uf3lR8Acb_clientsearch.gws-prod.gpsw408h240yaw272.jpg\" alt='Paragon Internationale Frachtdienste GmbH' class=\"aligncenter\"><\/p>\n<p><strong>Beschreibung des Unternehmens: <\/strong>Keine bereitgestellt<\/p>\n<p><strong>Zus\u00e4tzliche Dienstleistungen:<\/strong><\/p>\n<p>Nicht aufgelistet<\/p>\n<p><strong>Adresse:<\/strong> 113, 266 Wincolmlee, Hull HU2 0PZ<\/p>\n<p><a href=\"http:\/\/www.paragonint.com\/\" target=\"_new\" rel=\"noopener\">Website von Paragon International Freight Services Ltd<\/a><\/p>\n<p><strong>Bewertung: <\/strong>5<br \/> <strong>Anzahl der Bewertungen:<\/strong> 2<br \/><a href=\"https:\/\/www.google.co.uk\/maps?cid=7547268869255913182&#038;hl=en&#038;gl=GB\" target=\"_new\" rel=\"noopener\">Bewertungen lesen<\/a><\/p>\n<h2><span class=\"ez-toc-section\" id=\"How_we_picked_the_best_Hull_Freight_Forwarding_Companies\"><\/span>Wie wir die besten Speditionsunternehmen f\u00fcr Hull ausgew\u00e4hlt haben<span class=\"ez-toc-section-end\"><\/span><\/h2>\n<p>Wir begannen mit einem Datensatz von 18 Speditionsunternehmen in Hull, die wir \u00fcber Google Maps finden konnten, und schr\u00e4nkten die Auswahl auf die besten 7 ein.<\/p>\n<p>Zu diesem Zweck haben wir alle Unternehmen entfernt, die:<\/p>\n<ul>\n<li> Hatte keine Website<\/li>\n<li> Hatte keine Bewertungen<\/li>\n<li> eine durchschnittliche Bewertung von weniger als 2,0 haben<\/li>\n<\/ul>\n<p>Wenn wir zu diesem Zeitpunkt 17 oder weniger Spediteure hatten, haben wir sie alle aufgelistet.<\/p>\n<p>F\u00fcr St\u00e4dte, in denen mehr als 17 Spediteure \u00fcbrig blieben, nahmen wir weitere \u00c4nderungen vor, indem wir entweder die erforderliche Bewertungsnote erh\u00f6hten (z. B. von mindestens 2,0 auf 4,0) und\/oder die Mindestanzahl der erforderlichen Bewertungen erh\u00f6hten (z. B. von mindestens einer Bewertung auf mindestens 10).<\/p>\n<p>Bitte beachten Sie, dass wir nur Bewertungsdaten von Google Maps und nicht von anderen Websites Dritter verwendet haben.<\/p>\n<p>Weitere St\u00e4dte:<\/p>\n<p><a href=\"https:\/\/moverdb.com\/de\/spediteur\/freight-forwarding-uk\/witham-freight-forwarder\/\">Witham Spediteur<\/a><br \/><a href=\"https:\/\/moverdb.com\/de\/spediteur\/freight-forwarding-uk\/paisley-freight-forwarder\/\">Paisley Spediteur<\/a><br \/><a href=\"https:\/\/moverdb.com\/de\/spediteur\/freight-forwarding-uk\/tamworth-freight-forwarder\/\">Tamworth Spediteur<\/a><br \/><a href=\"https:\/\/moverdb.com\/de\/spediteur\/freight-forwarding-uk\/exeter-freight-forwarder\/\">Exeter Spediteur<\/a><br \/><a href=\"https:\/\/moverdb.com\/de\/spediteur\/freight-forwarding-uk\/tilbury-freight-forwarder\/\">Tilbury Spediteur<\/a><\/p>","protected":false},"excerpt":{"rendered":"<p>Below we look at the 7 &#8220;best&#8221; Freight Forwarding companies in Hull out of 18. To learn more about how we chose the best please consult our FAQ section at the end. Please not the following listings are in no particular order and we are not making any recommendations for any particular company. Pinefleet Ltd [&hellip;]<\/p>\n","protected":false},"author":1,"featured_media":0,"parent":13427,"menu_order":0,"comment_status":"open","ping_status":"open","template":"","meta":{"_genesis_hide_title":false,"_genesis_hide_breadcrumbs":false,"_genesis_hide_singular_image":false,"_genesis_hide_footer_widgets":false,"_genesis_custom_body_class":"","_genesis_custom_post_class":"","_genesis_layout":"","footnotes":""},"class_list":{"0":"post-13829","1":"page","2":"type-page","3":"status-publish","5":"entry"},"_links":{"self":[{"href":"https:\/\/moverdb.com\/de\/wp-json\/wp\/v2\/pages\/13829","targetHints":{"allow":["GET"]}}],"collection":[{"href":"https:\/\/moverdb.com\/de\/wp-json\/wp\/v2\/pages"}],"about":[{"href":"https:\/\/moverdb.com\/de\/wp-json\/wp\/v2\/types\/page"}],"author":[{"embeddable":true,"href":"https:\/\/moverdb.com\/de\/wp-json\/wp\/v2\/users\/1"}],"replies":[{"embeddable":true,"href":"https:\/\/moverdb.com\/de\/wp-json\/wp\/v2\/comments?post=13829"}],"version-history":[{"count":1,"href":"https:\/\/moverdb.com\/de\/wp-json\/wp\/v2\/pages\/13829\/revisions"}],"predecessor-version":[{"id":15799,"href":"https:\/\/moverdb.com\/de\/wp-json\/wp\/v2\/pages\/13829\/revisions\/15799"}],"up":[{"embeddable":true,"href":"https:\/\/moverdb.com\/de\/wp-json\/wp\/v2\/pages\/13427"}],"wp:attachment":[{"href":"https:\/\/moverdb.com\/de\/wp-json\/wp\/v2\/media?parent=13829"}],"curies":[{"name":"wp","href":"https:\/\/api.w.org\/{rel}","templated":true}]}}