{"id":13771,"date":"2023-11-08T15:52:42","date_gmt":"2023-11-08T15:52:42","guid":{"rendered":"https:\/\/moverdb.com\/freight-forwarder\/freight-forwarding-uk\/glasgow-freight-forwarder\/"},"modified":"2026-01-08T13:18:13","modified_gmt":"2026-01-08T13:18:13","slug":"glasgow-freight-forwarder","status":"publish","type":"page","link":"https:\/\/moverdb.com\/de\/freight-forwarder\/freight-forwarding-uk\/glasgow-freight-forwarder\/","title":{"rendered":"8 beste Glasgower Speditionsunternehmen (2024)"},"content":{"rendered":"<p>Nachfolgend sehen wir uns die 8 <em>\"Beste\"<\/em> Speditionsunternehmen in <a href=\"\" data-internallinksmanager029f6b8e52c=\"46\" title=\"Glasgow\">Glasgow<\/a> von 27.<\/p>\n<p>Wenn Sie mehr dar\u00fcber erfahren m\u00f6chten, wie wir die Besten ausgew\u00e4hlt haben, konsultieren Sie bitte unseren FAQ-Bereich am Ende.<\/p>\n<p><em>Bitte beachten Sie, dass die folgenden Auflistungen in keiner bestimmten Reihenfolge stehen und wir keine Empfehlung f\u00fcr ein bestimmtes Unternehmen abgeben.<\/em><\/p>\n<div id=\"ez-toc-container\" class=\"ez-toc-v2_0_82_2 ez-toc-wrap-left counter-hierarchy ez-toc-counter ez-toc-transparent ez-toc-container-direction\">\n<div class=\"ez-toc-title-container\">\n<p class=\"ez-toc-title\" style=\"cursor:inherit\">Rubriken<\/p>\n<span class=\"ez-toc-title-toggle\"><a href=\"#\" class=\"ez-toc-pull-right ez-toc-btn ez-toc-btn-xs ez-toc-btn-default ez-toc-toggle\" aria-label=\"Inhaltsverzeichnis umschalten\"><span class=\"ez-toc-js-icon-con\"><span class=\"\"><span class=\"eztoc-hide\" style=\"display:none;\">Umschalten auf<\/span><span class=\"ez-toc-icon-toggle-span\"><svg style=\"fill: #999;color:#999\" xmlns=\"http:\/\/www.w3.org\/2000\/svg\" class=\"list-377408\" width=\"20px\" height=\"20px\" viewbox=\"0 0 24 24\" fill=\"none\"><path d=\"M6 6H4v2h2V6zm14 0H8v2h12V6zM4 11h2v2H4v-2zm16 0H8v2h12v-2zM4 16h2v2H4v-2zm16 0H8v2h12v-2z\" fill=\"currentColor\"><\/path><\/svg><svg style=\"fill: #999;color:#999\" class=\"arrow-unsorted-368013\" xmlns=\"http:\/\/www.w3.org\/2000\/svg\" width=\"10px\" height=\"10px\" viewbox=\"0 0 24 24\" version=\"1.2\" baseprofile=\"tiny\"><path d=\"M18.2 9.3l-6.2-6.3-6.2 6.3c-.2.2-.3.4-.3.7s.1.5.3.7c.2.2.4.3.7.3h11c.3 0 .5-.1.7-.3.2-.2.3-.5.3-.7s-.1-.5-.3-.7zM5.8 14.7l6.2 6.3 6.2-6.3c.2-.2.3-.5.3-.7s-.1-.5-.3-.7c-.2-.2-.4-.3-.7-.3h-11c-.3 0-.5.1-.7.3-.2.2-.3.5-.3.7s.1.5.3.7z\"\/><\/svg><\/span><\/span><\/span><\/a><\/span><\/div>\n<nav><ul class='ez-toc-list ez-toc-list-level-1 eztoc-toggle-hide-by-default' ><li class='ez-toc-page-1 ez-toc-heading-level-2'><a class=\"ez-toc-link ez-toc-heading-1\" href=\"https:\/\/moverdb.com\/de\/freight-forwarder\/freight-forwarding-uk\/glasgow-freight-forwarder\/#DB_Schenker\" >DB Schenker<\/a><\/li><li class='ez-toc-page-1 ez-toc-heading-level-2'><a class=\"ez-toc-link ez-toc-heading-2\" href=\"https:\/\/moverdb.com\/de\/freight-forwarder\/freight-forwarding-uk\/glasgow-freight-forwarder\/#Accentric_Freights_Services\" >Accentric Frachten Dienstleistungen<\/a><\/li><li class='ez-toc-page-1 ez-toc-heading-level-2'><a class=\"ez-toc-link ez-toc-heading-3\" href=\"https:\/\/moverdb.com\/de\/freight-forwarder\/freight-forwarding-uk\/glasgow-freight-forwarder\/#Galaxy_Transport\" >Galaxie Transport<\/a><\/li><li class='ez-toc-page-1 ez-toc-heading-level-2'><a class=\"ez-toc-link ez-toc-heading-4\" href=\"https:\/\/moverdb.com\/de\/freight-forwarder\/freight-forwarding-uk\/glasgow-freight-forwarder\/#JSM_Logistics_LTD\" >JSM Logistik LTD<\/a><\/li><li class='ez-toc-page-1 ez-toc-heading-level-2'><a class=\"ez-toc-link ez-toc-heading-5\" href=\"https:\/\/moverdb.com\/de\/freight-forwarder\/freight-forwarding-uk\/glasgow-freight-forwarder\/#Customs_Clearance_Agent_UK_AAA_Freight_Services_Ltd\" >Zollabfertigungsagent UK AAA Freight Services Ltd<\/a><\/li><li class='ez-toc-page-1 ez-toc-heading-level-2'><a class=\"ez-toc-link ez-toc-heading-6\" href=\"https:\/\/moverdb.com\/de\/freight-forwarder\/freight-forwarding-uk\/glasgow-freight-forwarder\/#Matrix_Transport_Services_Ltd\" >Matrix Transport Services Ltd<\/a><\/li><li class='ez-toc-page-1 ez-toc-heading-level-2'><a class=\"ez-toc-link ez-toc-heading-7\" href=\"https:\/\/moverdb.com\/de\/freight-forwarder\/freight-forwarding-uk\/glasgow-freight-forwarder\/#DHL\" >DHL<\/a><\/li><li class='ez-toc-page-1 ez-toc-heading-level-2'><a class=\"ez-toc-link ez-toc-heading-8\" href=\"https:\/\/moverdb.com\/de\/freight-forwarder\/freight-forwarding-uk\/glasgow-freight-forwarder\/#Seabourne_Logistics_Glasgow\" >Seabourne Logistik Glasgow<\/a><\/li><li class='ez-toc-page-1 ez-toc-heading-level-2'><a class=\"ez-toc-link ez-toc-heading-9\" href=\"https:\/\/moverdb.com\/de\/freight-forwarder\/freight-forwarding-uk\/glasgow-freight-forwarder\/#How_we_picked_the_best_Glasgow_Freight_Forwarding_Companies\" >Wie wir die besten Glasgower Speditionsunternehmen ausgew\u00e4hlt haben<\/a><\/li><\/ul><\/nav><\/div>\n<h2><span class=\"ez-toc-section\" id=\"DB_Schenker\"><\/span>DB Schenker<span class=\"ez-toc-section-end\"><\/span><\/h2>\n<p><img decoding=\"async\" src=\"https:\/\/moverdb.com\/wp-content\/uploads\/thumbnailpanoid-eEBmM7MppI0GGwkkHiVUwcb_clientsearch.gws-prod.gpsw408h240yaw287.jpg\" alt='DB Schenker' class=\"aligncenter\"><\/p>\n<p><strong>Beschreibung des Unternehmens: <\/strong>Keine bereitgestellt<\/p>\n<p><strong>Zus\u00e4tzliche Dienstleistungen:<\/strong><\/p>\n<p>Transportunternehmen<\/p>\n<p><strong>Adresse:<\/strong> 25 Colquhoun Ave, Hillington, Glasgow G52 4BN<\/p>\n<p><a href=\"http:\/\/www.dbschenker.com\/uk\" target=\"_new\" rel=\"noopener\">DB Schenker-Website<\/a><\/p>\n<p><strong>Bewertung: <\/strong>5<br \/> <strong>Anzahl der Bewertungen:<\/strong> 3<br \/><a href=\"https:\/\/www.google.co.uk\/maps?cid=16787027518432455449&#038;hl=en&#038;gl=GB\" target=\"_new\" rel=\"noopener\">Bewertungen lesen<\/a><\/p>\n<h2><span class=\"ez-toc-section\" id=\"Accentric_Freights_Services\"><\/span>Accentric Frachten Dienstleistungen<span class=\"ez-toc-section-end\"><\/span><\/h2>\n<p><img decoding=\"async\" src=\"https:\/\/moverdb.com\/wp-content\/uploads\/AF1QipPFj4KIMmS-GOL2qn80ShEYKUcVVrIFIQep8qlYw408-h306-k-no.jpg\" alt='Accentric Frachten Dienstleistungen' class=\"aligncenter\"><\/p>\n<p><strong>Beschreibung des Unternehmens: <\/strong>Keine bereitgestellt<\/p>\n<p><strong>Zus\u00e4tzliche Dienstleistungen:<\/strong><\/p>\n<p>Nicht aufgelistet<\/p>\n<p><strong>Adresse:<\/strong> 94 David St, Glasgow G40 2UH<\/p>\n<p><a href=\"https:\/\/accentricfreights.com\/\" target=\"_new\" rel=\"noopener\">Website von Accentric Freights Services<\/a><\/p>\n<p><strong>Bewertung: <\/strong>4<br \/> <strong>Anzahl der Bewertungen:<\/strong> 1<br \/><a href=\"https:\/\/www.google.co.uk\/maps?cid=5672521677482953891&#038;hl=en&#038;gl=GB\" target=\"_new\" rel=\"noopener\">Bewertungen lesen<\/a><\/p>\n<h2><span class=\"ez-toc-section\" id=\"Galaxy_Transport\"><\/span>Galaxie Transport<span class=\"ez-toc-section-end\"><\/span><\/h2>\n<p><img decoding=\"async\" src=\"https:\/\/moverdb.com\/wp-content\/uploads\/AF1QipONXwkiZnepusc0mfLTQBaVU_o_iMjH6VFWHvbvw480-h240-k-no.png\" alt='Galaxie Transport' class=\"aligncenter\"><\/p>\n<p><strong>Beschreibung des Unternehmens: <\/strong>Speditions- und Frachtunternehmen mit Sitz in Schottland.<\/p>\n<p> Unser Team ist seit 30 Jahren im Stra\u00dfeng\u00fcterverkehr t\u00e4tig und sammelt und liefert Fracht f\u00fcr Kunden in der ganzen Welt. <a href=\"https:\/\/moverdb.com\/de\/moving-to-the-uk\/\" data-internallinksmanager029f6b8e52c=\"93\" title=\"Umzug in das Vereinigte K\u00f6nigreich? 2026 Lebenshaltungskosten &amp; Umzugstipps\">UK<\/a> und dar\u00fcber hinaus<\/p>\n<p><strong>Zus\u00e4tzliche Dienstleistungen:<\/strong><\/p>\n<p>Nicht aufgelistet<\/p>\n<p><strong>Adresse:<\/strong> Einheit, 2b Orbital Ct, East Kilbride, Glasgow G74 5PH<\/p>\n<p><a href=\"http:\/\/www.galaxytransport.co.uk\/\" target=\"_new\" rel=\"noopener\">Website von Galaxy Transport<\/a><\/p>\n<p><strong>Bewertung: <\/strong>4.7<br \/> <strong>Anzahl der Bewertungen:<\/strong> 15<br \/><a href=\"https:\/\/www.google.co.uk\/maps?cid=7690291507517147497&#038;hl=en&#038;gl=GB\" target=\"_new\" rel=\"noopener\">Bewertungen lesen<\/a><\/p>\n<h2><span class=\"ez-toc-section\" id=\"JSM_Logistics_LTD\"><\/span>JSM Logistik LTD<span class=\"ez-toc-section-end\"><\/span><\/h2>\n<p><img decoding=\"async\" src=\"https:\/\/moverdb.com\/wp-content\/uploads\/AF1QipMSeWV0tOt2z4v7jbzfdajt24OGuGyHY5Kvn3b0w480-h240-k-no.png\" alt='JSM Logistik LTD' class=\"aligncenter\"><\/p>\n<p><strong>Beschreibung des Unternehmens: <\/strong>Hier bei JSM bieten wir hochwertige Speditionsdienstleistungen zu wettbewerbsf\u00e4higen Preisen.<\/p>\n<p> Wie auch immer Ihr Ladungsbedarf aussieht, nehmen Sie bitte Kontakt mit uns auf und wir werden Ihnen den bestm\u00f6glichen Service bieten.<\/p>\n<p><strong>Zus\u00e4tzliche Dienstleistungen:<\/strong><\/p>\n<p>Nicht aufgelistet<\/p>\n<p><strong>Adresse:<\/strong> Einheit C, Coalburn Rd, Bothwell, Glasgow G71 8DA<\/p>\n<p><a href=\"https:\/\/jsmglasgow.com\/\" target=\"_new\" rel=\"noopener\">JSM Logistics LTD Website<\/a><\/p>\n<p><strong>Bewertung: <\/strong>3<br \/> <strong>Anzahl der Bewertungen:<\/strong> 2<br \/><a href=\"https:\/\/www.google.co.uk\/maps?cid=1596017489974594862&#038;hl=en&#038;gl=GB\" target=\"_new\" rel=\"noopener\">Bewertungen lesen<\/a><\/p>\n<h2><span class=\"ez-toc-section\" id=\"Customs_Clearance_Agent_UK_AAA_Freight_Services_Ltd\"><\/span>Zollabfertigungsagent UK AAA Freight Services Ltd<span class=\"ez-toc-section-end\"><\/span><\/h2>\n<p><img decoding=\"async\" src=\"https:\/\/moverdb.com\/wp-content\/uploads\/AF1QipMlCQ7NHcDkXxDBT1xyvqJ0iwZZRZuXt34YJQH9w408-h271-k-no.jpg\" alt='Zollabfertigungsagent UK AAA Freight Services Ltd' class=\"aligncenter\"><\/p>\n<p><strong>Beschreibung des Unternehmens: <\/strong>24\/7 Offizieller britischer Zollabfertigungsagent, seit mehr als 10 Jahren.<\/p>\n<p>Import- und Exportverfahren f\u00fcr Ihre Fracht bei allen gro\u00dfen britischen <a href=\"https:\/\/moverdb.com\/de\/top-49-container-ports\/\" data-internallinksmanager029f6b8e52c=\"80\" title=\"Top 49 der gr\u00f6\u00dften und verkehrsreichsten Containerh\u00e4fen im Jahr 2025\">H\u00e4fen<\/a>.<\/p>\n<p>Kostenloses Angebot<br \/>\nLuft-, See- und Stra\u00dfenfracht Paletten-, Container- oder Lkw-Abfertigung ab 29 \u20ac.<\/p>\n<p><strong>Zus\u00e4tzliche Dienstleistungen:<\/strong><\/p>\n<p>Zollmakler<\/p>\n<p>Lieferfirma<\/p>\n<p>Transportdienstleistung<\/p>\n<p><strong>Adresse:<\/strong> Suite 2\/3, 48 W George St, Glasgow G2 1BP<\/p>\n<p><a href=\"https:\/\/customsclearance.business.site\/?utm_source=gmb&#038;utm_medium=referral\" target=\"_new\" rel=\"noopener\">Zollabfertigungsagent UK AAA Freight Services Ltd Website<\/a><\/p>\n<p><strong>Bewertung: <\/strong>4.7<br \/> <strong>Anzahl der Bewertungen:<\/strong> 159<br \/><a href=\"https:\/\/www.google.co.uk\/maps?cid=3863162467023301009&#038;hl=en&#038;gl=GB\" target=\"_new\" rel=\"noopener\">Bewertungen lesen<\/a><\/p>\n<h2><span class=\"ez-toc-section\" id=\"Matrix_Transport_Services_Ltd\"><\/span>Matrix Transport Services Ltd<span class=\"ez-toc-section-end\"><\/span><\/h2>\n<p><img decoding=\"async\" src=\"https:\/\/moverdb.com\/wp-content\/uploads\/thumbnailpanoidp1K188GFI2qxoOzc2WWfxgcb_clientsearch.gws-prod.gpsw408h240yaw98.jpg\" alt='Matrix Transport Services Ltd' class=\"aligncenter\"><\/p>\n<p><strong>Beschreibung des Unternehmens: <\/strong>Keine bereitgestellt<\/p>\n<p><strong>Zus\u00e4tzliche Dienstleistungen:<\/strong><\/p>\n<p>Nicht aufgelistet<\/p>\n<p><strong>Adresse:<\/strong> Baltic Chambers, 50 Wellington St, Glasgow G2 6HJ<\/p>\n<p><a href=\"http:\/\/www.matrixtransport.co.uk\/\" target=\"_new\" rel=\"noopener\">Matrix Transport Services Ltd Website<\/a><\/p>\n<p><strong>Bewertung: <\/strong>5<br \/> <strong>Anzahl der Bewertungen:<\/strong> 2<br \/><a href=\"https:\/\/www.google.co.uk\/maps?cid=9794949509380083414&#038;hl=en&#038;gl=GB\" target=\"_new\" rel=\"noopener\">Bewertungen lesen<\/a><\/p>\n<h2><span class=\"ez-toc-section\" id=\"DHL\"><\/span>DHL<span class=\"ez-toc-section-end\"><\/span><\/h2>\n<p><img decoding=\"async\" src=\"https:\/\/moverdb.com\/wp-content\/uploads\/thumbnailpanoidAw6RXmW2QMfnEciN3MtPnwcb_clientsearch.gws-prod.gpsw408h240yaw266.jpg\" alt='DHL' class=\"aligncenter\"><\/p>\n<p><strong>Beschreibung des Unternehmens: <\/strong>Keine bereitgestellt<\/p>\n<p><strong>Zus\u00e4tzliche Dienstleistungen:<\/strong><\/p>\n<p>Lagerhaus<\/p>\n<p><strong>Adresse:<\/strong> Hurlawcrook Rd, East Kilbride, Glasgow G75 0ZZ<\/p>\n<p><a href=\"http:\/\/www.dhl.co.uk\/\" target=\"_new\" rel=\"noopener\">DHL-Website<\/a><\/p>\n<p><strong>Bewertung: <\/strong>3.7<br \/> <strong>Anzahl der Bewertungen:<\/strong> 10<br \/><a href=\"https:\/\/www.google.co.uk\/maps?cid=2667478489477151152&#038;hl=en&#038;gl=GB\" target=\"_new\" rel=\"noopener\">Bewertungen lesen<\/a><\/p>\n<h2><span class=\"ez-toc-section\" id=\"Seabourne_Logistics_Glasgow\"><\/span>Seabourne Logistik Glasgow<span class=\"ez-toc-section-end\"><\/span><\/h2>\n<p><img decoding=\"async\" src=\"https:\/\/moverdb.com\/wp-content\/uploads\/thumbnailpanoidAAIRTHEpOkAXE8_LrHU3TQcb_clientsearch.gws-prod.gpsw408h240yaw113.jpg\" alt='Seabourne Logistik Glasgow' class=\"aligncenter\"><\/p>\n<p><strong>Beschreibung des Unternehmens: <\/strong>Seabourne Logistics, ein f\u00fchrendes unabh\u00e4ngiges Logistikunternehmen mit Niederlassungen in Gro\u00dfbritannien, den <a href=\"https:\/\/moverdb.com\/de\/moving-to-the-netherlands\/\" data-internallinksmanager029f6b8e52c=\"328\" title=\"Umzug in die Niederlande? 2026 Lebenshaltungskosten &amp; Umzugstipps\">Niederlande<\/a>, <a href=\"https:\/\/moverdb.com\/de\/moving-to-france\/\" data-internallinksmanager029f6b8e52c=\"315\" title=\"Umzug nach Frankreich? 2026 Lebenshaltungskosten &amp; Umzugstipps\">Frankreich<\/a>und <a href=\"https:\/\/moverdb.com\/de\/moving-to-south-africa\/\" data-internallinksmanager029f6b8e52c=\"347\" title=\"Umzug nach S\u00fcdafrika? 2026 Lebenshaltungskosten &amp; Umzugstipps\">S\u00fcdafrika<\/a> bietet \u00fcber seine 6 Gesch\u00e4ftsbereiche ganzheitliche globale L\u00f6sungen an: Warehousing, E-Fulfilment, Kurierdienste, Frachtdienste, Postl\u00f6sungen und Zolldienste.<\/p>\n<p> Sie sind bekannt f\u00fcr ihren pers\u00f6nlichen und praxisnahen Ansatz und haben sich einen au\u00dfergew\u00f6hnlichen Ruf erworben, bei dem gute Kommunikation, Flexibilit\u00e4t und Engagement im Mittelpunkt ihrer Arbeit stehen.<\/p>\n<p> Seabourne verf\u00fcgt \u00fcber Erfahrung in Nischenbereichen und bietet umfassende, ma\u00dfgeschneiderte Third Party Logistics (3PL) L\u00f6sungen.<\/p>\n<p><strong>Zus\u00e4tzliche Dienstleistungen:<\/strong><\/p>\n<p>Kurierdienst<\/p>\n<p>Logistikdienstleistung<\/p>\n<p><strong>Adresse:<\/strong> Deanside Rd, Glasgow G52 4XB<\/p>\n<p><a href=\"https:\/\/uk.seabournelogistics.com\/\" target=\"_new\" rel=\"noopener\">Website von Seabourne Logistics Glasgow<\/a><\/p>\n<p><strong>Bewertung: <\/strong>5<br \/> <strong>Anzahl der Bewertungen:<\/strong> 2<br \/><a href=\"https:\/\/www.google.co.uk\/maps?cid=16458991865367399256&#038;hl=en&#038;gl=GB\" target=\"_new\" rel=\"noopener\">Bewertungen lesen<\/a><\/p>\n<h2><span class=\"ez-toc-section\" id=\"How_we_picked_the_best_Glasgow_Freight_Forwarding_Companies\"><\/span>Wie wir die besten Glasgower Speditionsunternehmen ausgew\u00e4hlt haben<span class=\"ez-toc-section-end\"><\/span><\/h2>\n<p>Wir begannen mit einem Datensatz von 27 Glasgower Speditionsunternehmen, die wir \u00fcber Google Maps finden konnten, und schr\u00e4nkten die Auswahl auf die besten 8 ein.<\/p>\n<p>Zu diesem Zweck haben wir alle Unternehmen entfernt, die:<\/p>\n<ul>\n<li> Hatte keine Website<\/li>\n<li> Hatte keine Bewertungen<\/li>\n<li> eine durchschnittliche Bewertung von weniger als 2,0 haben<\/li>\n<\/ul>\n<p>Wenn wir zu diesem Zeitpunkt 17 oder weniger Spediteure hatten, haben wir sie alle aufgelistet.<\/p>\n<p>F\u00fcr St\u00e4dte, in denen mehr als 17 Spediteure \u00fcbrig blieben, nahmen wir weitere \u00c4nderungen vor, indem wir entweder die erforderliche Bewertungsnote erh\u00f6hten (z. B. von mindestens 2,0 auf 4,0) und\/oder die Mindestanzahl der erforderlichen Bewertungen erh\u00f6hten (z. B. von mindestens einer Bewertung auf mindestens 10).<\/p>\n<p>Bitte beachten Sie, dass wir nur Bewertungsdaten von Google Maps und nicht von anderen Websites Dritter verwendet haben.<\/p>\n<p>Weitere St\u00e4dte:<\/p>\n<p><a href=\"https:\/\/moverdb.com\/de\/spediteur\/freight-forwarding-uk\/barking-freight-forwarder\/\">Bellender Spediteur<\/a><br \/><a href=\"https:\/\/moverdb.com\/de\/spediteur\/freight-forwarding-uk\/staines-freight-forwarder\/\">Staines Spediteur<\/a><br \/><a href=\"https:\/\/moverdb.com\/de\/spediteur\/freight-forwarding-uk\/leicester-freight-forwarder\/\">Leicester Spediteur<\/a><br \/><a href=\"https:\/\/moverdb.com\/de\/spediteur\/freight-forwarding-uk\/dartford-freight-forwarder\/\">Dartford Spediteur<\/a><br \/><a href=\"https:\/\/moverdb.com\/de\/spediteur\/freight-forwarding-uk\/grays-freight-forwarder\/\">Grays Freight Forwarder<\/a><\/p>","protected":false},"excerpt":{"rendered":"<p>Below we look at the 8 &#8220;best&#8221; Freight Forwarding companies in Glasgow out of 27. To learn more about how we chose the best please consult our FAQ section at the end. Please not the following listings are in no particular order and we are not making any recommendations for any particular company. DB Schenker [&hellip;]<\/p>\n","protected":false},"author":1,"featured_media":0,"parent":13427,"menu_order":0,"comment_status":"open","ping_status":"open","template":"","meta":{"_genesis_hide_title":false,"_genesis_hide_breadcrumbs":false,"_genesis_hide_singular_image":false,"_genesis_hide_footer_widgets":false,"_genesis_custom_body_class":"","_genesis_custom_post_class":"","_genesis_layout":"","footnotes":""},"class_list":{"0":"post-13771","1":"page","2":"type-page","3":"status-publish","5":"entry"},"_links":{"self":[{"href":"https:\/\/moverdb.com\/de\/wp-json\/wp\/v2\/pages\/13771","targetHints":{"allow":["GET"]}}],"collection":[{"href":"https:\/\/moverdb.com\/de\/wp-json\/wp\/v2\/pages"}],"about":[{"href":"https:\/\/moverdb.com\/de\/wp-json\/wp\/v2\/types\/page"}],"author":[{"embeddable":true,"href":"https:\/\/moverdb.com\/de\/wp-json\/wp\/v2\/users\/1"}],"replies":[{"embeddable":true,"href":"https:\/\/moverdb.com\/de\/wp-json\/wp\/v2\/comments?post=13771"}],"version-history":[{"count":1,"href":"https:\/\/moverdb.com\/de\/wp-json\/wp\/v2\/pages\/13771\/revisions"}],"predecessor-version":[{"id":15803,"href":"https:\/\/moverdb.com\/de\/wp-json\/wp\/v2\/pages\/13771\/revisions\/15803"}],"up":[{"embeddable":true,"href":"https:\/\/moverdb.com\/de\/wp-json\/wp\/v2\/pages\/13427"}],"wp:attachment":[{"href":"https:\/\/moverdb.com\/de\/wp-json\/wp\/v2\/media?parent=13771"}],"curies":[{"name":"wp","href":"https:\/\/api.w.org\/{rel}","templated":true}]}}