{"id":13734,"date":"2023-11-08T15:52:42","date_gmt":"2023-11-08T15:52:42","guid":{"rendered":"https:\/\/moverdb.com\/freight-forwarder\/freight-forwarding-uk\/derby-freight-forwarder\/"},"modified":"2026-01-08T14:55:25","modified_gmt":"2026-01-08T14:55:25","slug":"derby-freight-forwarder","status":"publish","type":"page","link":"https:\/\/moverdb.com\/de\/freight-forwarder\/freight-forwarding-uk\/derby-freight-forwarder\/","title":{"rendered":"10 beste Speditionsunternehmen in Derby (2024)"},"content":{"rendered":"<p>Im Folgenden werden die 10 <em>\"Beste\"<\/em> Speditionsunternehmen in Derby von 18.<\/p>\n<p>Wenn Sie mehr dar\u00fcber erfahren m\u00f6chten, wie wir die Besten ausgew\u00e4hlt haben, konsultieren Sie bitte unseren FAQ-Bereich am Ende.<\/p>\n<p><em>Bitte beachten Sie, dass die folgenden Auflistungen in keiner bestimmten Reihenfolge stehen und wir keine Empfehlung f\u00fcr ein bestimmtes Unternehmen abgeben.<\/em><\/p>\n<div id=\"ez-toc-container\" class=\"ez-toc-v2_0_82_2 ez-toc-wrap-left counter-hierarchy ez-toc-counter ez-toc-transparent ez-toc-container-direction\">\n<div class=\"ez-toc-title-container\">\n<p class=\"ez-toc-title\" style=\"cursor:inherit\">Rubriken<\/p>\n<span class=\"ez-toc-title-toggle\"><a href=\"#\" class=\"ez-toc-pull-right ez-toc-btn ez-toc-btn-xs ez-toc-btn-default ez-toc-toggle\" aria-label=\"Inhaltsverzeichnis umschalten\"><span class=\"ez-toc-js-icon-con\"><span class=\"\"><span class=\"eztoc-hide\" style=\"display:none;\">Umschalten auf<\/span><span class=\"ez-toc-icon-toggle-span\"><svg style=\"fill: #999;color:#999\" xmlns=\"http:\/\/www.w3.org\/2000\/svg\" class=\"list-377408\" width=\"20px\" height=\"20px\" viewbox=\"0 0 24 24\" fill=\"none\"><path d=\"M6 6H4v2h2V6zm14 0H8v2h12V6zM4 11h2v2H4v-2zm16 0H8v2h12v-2zM4 16h2v2H4v-2zm16 0H8v2h12v-2z\" fill=\"currentColor\"><\/path><\/svg><svg style=\"fill: #999;color:#999\" class=\"arrow-unsorted-368013\" xmlns=\"http:\/\/www.w3.org\/2000\/svg\" width=\"10px\" height=\"10px\" viewbox=\"0 0 24 24\" version=\"1.2\" baseprofile=\"tiny\"><path d=\"M18.2 9.3l-6.2-6.3-6.2 6.3c-.2.2-.3.4-.3.7s.1.5.3.7c.2.2.4.3.7.3h11c.3 0 .5-.1.7-.3.2-.2.3-.5.3-.7s-.1-.5-.3-.7zM5.8 14.7l6.2 6.3 6.2-6.3c.2-.2.3-.5.3-.7s-.1-.5-.3-.7c-.2-.2-.4-.3-.7-.3h-11c-.3 0-.5.1-.7.3-.2.2-.3.5-.3.7s.1.5.3.7z\"\/><\/svg><\/span><\/span><\/span><\/a><\/span><\/div>\n<nav><ul class='ez-toc-list ez-toc-list-level-1 eztoc-toggle-hide-by-default' ><li class='ez-toc-page-1 ez-toc-heading-level-2'><a class=\"ez-toc-link ez-toc-heading-1\" href=\"https:\/\/moverdb.com\/de\/freight-forwarder\/freight-forwarding-uk\/derby-freight-forwarder\/#CH_Robinson\" >C.H. Robinson<\/a><\/li><li class='ez-toc-page-1 ez-toc-heading-level-2'><a class=\"ez-toc-link ez-toc-heading-2\" href=\"https:\/\/moverdb.com\/de\/freight-forwarder\/freight-forwarding-uk\/derby-freight-forwarder\/#CCL_Logistics_Technology\" >CCL Logistik und Technik<\/a><\/li><li class='ez-toc-page-1 ez-toc-heading-level-2'><a class=\"ez-toc-link ez-toc-heading-3\" href=\"https:\/\/moverdb.com\/de\/freight-forwarder\/freight-forwarding-uk\/derby-freight-forwarder\/#Expeditors\" >Spediteure<\/a><\/li><li class='ez-toc-page-1 ez-toc-heading-level-2'><a class=\"ez-toc-link ez-toc-heading-4\" href=\"https:\/\/moverdb.com\/de\/freight-forwarder\/freight-forwarding-uk\/derby-freight-forwarder\/#KWE_Kintetsu_World_Express_UK_Ltd_East_Midlands\" >KWE, Kintetsu World Express (U.K.) Ltd. East Midlands<\/a><\/li><li class='ez-toc-page-1 ez-toc-heading-level-2'><a class=\"ez-toc-link ez-toc-heading-5\" href=\"https:\/\/moverdb.com\/de\/freight-forwarder\/freight-forwarding-uk\/derby-freight-forwarder\/#M_I_E_S_International_Ltd\" >M I E S International GmbH<\/a><\/li><li class='ez-toc-page-1 ez-toc-heading-level-2'><a class=\"ez-toc-link ez-toc-heading-6\" href=\"https:\/\/moverdb.com\/de\/freight-forwarder\/freight-forwarding-uk\/derby-freight-forwarder\/#Evolution_Time_Critical\" >Entwicklung Zeitkritisch<\/a><\/li><li class='ez-toc-page-1 ez-toc-heading-level-2'><a class=\"ez-toc-link ez-toc-heading-7\" href=\"https:\/\/moverdb.com\/de\/freight-forwarder\/freight-forwarding-uk\/derby-freight-forwarder\/#Seabourne_Logistics_UK_Forwarding\" >Seabourne Logistik UK Spedition<\/a><\/li><li class='ez-toc-page-1 ez-toc-heading-level-2'><a class=\"ez-toc-link ez-toc-heading-8\" href=\"https:\/\/moverdb.com\/de\/freight-forwarder\/freight-forwarding-uk\/derby-freight-forwarder\/#UPS_Supply_Chain_Solutions_Derby\" >UPS Supply Chain Solutions Derby<\/a><\/li><li class='ez-toc-page-1 ez-toc-heading-level-2'><a class=\"ez-toc-link ez-toc-heading-9\" href=\"https:\/\/moverdb.com\/de\/freight-forwarder\/freight-forwarding-uk\/derby-freight-forwarder\/#DHL_Freight_East_Midlands_Airport\" >DHL Freight East Midlands Flughafen<\/a><\/li><li class='ez-toc-page-1 ez-toc-heading-level-2'><a class=\"ez-toc-link ez-toc-heading-10\" href=\"https:\/\/moverdb.com\/de\/freight-forwarder\/freight-forwarding-uk\/derby-freight-forwarder\/#HAE_EMSA\" >HAE \/ EMSA<\/a><\/li><li class='ez-toc-page-1 ez-toc-heading-level-2'><a class=\"ez-toc-link ez-toc-heading-11\" href=\"https:\/\/moverdb.com\/de\/freight-forwarder\/freight-forwarding-uk\/derby-freight-forwarder\/#How_we_picked_the_best_Derby_Freight_Forwarding_Companies\" >Wie wir die besten Derby-Spediteure ausgew\u00e4hlt haben<\/a><\/li><\/ul><\/nav><\/div>\n<h2><span class=\"ez-toc-section\" id=\"CH_Robinson\"><\/span>C.H. Robinson<span class=\"ez-toc-section-end\"><\/span><\/h2>\n<p><img decoding=\"async\" src=\"https:\/\/moverdb.com\/wp-content\/uploads\/AF1QipPhMz8-qlcS_nx0vOhLUx_nNtbR34mvf1h4zh4w408-h305-k-no.jpg\" alt='C.H. Robinson' class=\"aligncenter\"><\/p>\n<p><strong>Beschreibung des Unternehmens: <\/strong>Keine bereitgestellt<\/p>\n<p><strong>Zus\u00e4tzliche Dienstleistungen:<\/strong><\/p>\n<p>Nicht aufgelistet<\/p>\n<p><strong>Adresse:<\/strong> Einheit 1B Glencar Close, Derby Commercial Park, Derby DE21 7HZ<\/p>\n<p><a href=\"https:\/\/www.chrobinson.com\/en-uk\/\" target=\"_new\" rel=\"noopener\">C.H. Robinson Website<\/a><\/p>\n<p><strong>Bewertung: <\/strong>4.6<br \/> <strong>Anzahl der Bewertungen:<\/strong> 17<br \/><a href=\"https:\/\/www.google.co.uk\/maps?cid=14794037340248810420&#038;hl=en&#038;gl=GB\" target=\"_new\" rel=\"noopener\">Bewertungen lesen<\/a><\/p>\n<h2><span class=\"ez-toc-section\" id=\"CCL_Logistics_Technology\"><\/span>CCL Logistik und Technik<span class=\"ez-toc-section-end\"><\/span><\/h2>\n<p><img decoding=\"async\" src=\"https:\/\/moverdb.com\/wp-content\/uploads\/thumbnailpanoidKI8k-3CGLIos_UegyCrtrQcb_clientsearch.gws-prod.gpsw408h240yaw268.jpg\" alt='CCL Logistik und Technik' class=\"aligncenter\"><\/p>\n<p><strong>Beschreibung des Unternehmens: <\/strong>Wir bieten ein konkurrenzloses Angebot an Logistikdienstleistungen und Mehrwerttechnologien, die Herstellern, Distributoren, Gro\u00dfh\u00e4ndlern und Einzelh\u00e4ndlern dabei helfen, ihre Lieferkette zu vereinfachen, die Produktivit\u00e4t zu steigern und die Gesamtkosten f\u00fcr ihre Gesch\u00e4ftst\u00e4tigkeit deutlich zu senken.<\/p>\n<p><strong>Zus\u00e4tzliche Dienstleistungen:<\/strong><\/p>\n<p>Nicht aufgelistet<\/p>\n<p><strong>Adresse:<\/strong> Willow Farm Business Park, Einheit 6E, Boundary Court, Castle Donington DE74 2NN<\/p>\n<p><a href=\"https:\/\/www.ccl-logistics.com\/?utm_source=googlemaps&#038;utm_medium=derby\" target=\"_new\" rel=\"noopener\">CCL Logistik &amp; Technik Website<\/a><\/p>\n<p><strong>Bewertung: <\/strong>3.6<br \/> <strong>Anzahl der Bewertungen:<\/strong> 9<br \/><a href=\"https:\/\/www.google.co.uk\/maps?cid=5270224964504635166&#038;hl=en&#038;gl=GB\" target=\"_new\" rel=\"noopener\">Bewertungen lesen<\/a><\/p>\n<h2><span class=\"ez-toc-section\" id=\"Expeditors\"><\/span>Spediteure<span class=\"ez-toc-section-end\"><\/span><\/h2>\n<p><img decoding=\"async\" src=\"https:\/\/moverdb.com\/wp-content\/uploads\/AF1QipNWk4GOxW3zdlhHpgE7uIoJ_qTwoHHLqLfHLAshw426-h240-k-no.jpg\" alt='Spediteure' class=\"aligncenter\"><\/p>\n<p><strong>Beschreibung des Unternehmens: <\/strong>Keine bereitgestellt<\/p>\n<p><strong>Zus\u00e4tzliche Dienstleistungen:<\/strong><\/p>\n<p>Nicht aufgelistet<\/p>\n<p><strong>Adresse:<\/strong> Willow Farm Business Park, Sills Rd, Castle Donington, Derby DE74 2US<\/p>\n<p><a href=\"http:\/\/www.expeditors.com\/\" target=\"_new\" rel=\"noopener\">Website von Expeditors<\/a><\/p>\n<p><strong>Bewertung: <\/strong>4.1<br \/> <strong>Anzahl der Bewertungen:<\/strong> 15<br \/><a href=\"https:\/\/www.google.co.uk\/maps?cid=12115655813888450581&#038;hl=en&#038;gl=GB\" target=\"_new\" rel=\"noopener\">Bewertungen lesen<\/a><\/p>\n<h2><span class=\"ez-toc-section\" id=\"KWE_Kintetsu_World_Express_UK_Ltd_East_Midlands\"><\/span>KWE, Kintetsu World Express (U.K.) Ltd. East Midlands<span class=\"ez-toc-section-end\"><\/span><\/h2>\n<p><img decoding=\"async\" src=\"\" alt=\"KWE, Kintetsu World Express (U.K.) Ltd. East Midlands\" class=\"aligncenter\"><\/p>\n<p><strong>Beschreibung des Unternehmens: <\/strong>Hauptsitz in Tokio , <a href=\"https:\/\/moverdb.com\/de\/moving-to-japan\/\" data-internallinksmanager029f6b8e52c=\"342\" title=\"Umzug nach Japan? 2026 Lebenshaltungskosten &amp; Umzugstipps\">Japan<\/a>KWE, Kintetsu World Express, wurde 1948 gegr\u00fcndet und hat sich zu einem der Top 15 Global Player in der Logistikbranche entwickelt.<\/p>\n<p>Ein integrierter globaler Logistikpartner, der preisgekr\u00f6nte Supply-Chain-Management-Dienstleistungen in den Bereichen Beschaffung, Lieferantenmanagement, See- und Luftfrachtspedition, 3pl-Lagerung, Transport und Zollabfertigung anbietet.<\/p>\n<p>KWE hat \u00fcber 18.<\/p>\n<p>000 Mitarbeiter und ist in 46 L\u00e4ndern mit \u00fcber 850 Standorten t\u00e4tig<\/p>\n<p>KWE ist ein Spezialist f\u00fcr die Logistik in den Bereichen Automotive, Pharma &amp; Healthcare, Luft- und Raumfahrt, Elektronik und Einzelhandel.<\/p>\n<p>Im Mai 2015 erwarb KWE APL Logistics, was das Portfolio der Logistikdienstleistungen weiter st\u00e4rkte<\/p>\n<p><strong>Zus\u00e4tzliche Dienstleistungen:<\/strong><\/p>\n<p>Logistikdienstleistung<\/p>\n<p>Lieferfirma<\/p>\n<p><strong>Adresse:<\/strong> B1 Maple Rd, Castle Donington, Derby DE74 2UT<\/p>\n<p><a href=\"http:\/\/www.kwe.com\/\" target=\"_new\" rel=\"noopener\">KWE, Kintetsu World Express (U.K.) Ltd. East Midlands Website<\/a><\/p>\n<p><strong>Bewertung: <\/strong>4.8<br \/> <strong>Anzahl der Bewertungen:<\/strong> 5<br \/><a href=\"https:\/\/www.google.co.uk\/maps?cid=1486898843947594172&#038;hl=en&#038;gl=GB\" target=\"_new\" rel=\"noopener\">Bewertungen lesen<\/a><\/p>\n<h2><span class=\"ez-toc-section\" id=\"M_I_E_S_International_Ltd\"><\/span>M I E S International GmbH<span class=\"ez-toc-section-end\"><\/span><\/h2>\n<p><img decoding=\"async\" src=\"https:\/\/moverdb.com\/wp-content\/uploads\/thumbnailpanoid29xOmIIUK2IMXMPBD0ZePgcb_clientsearch.gws-prod.gpsw408h240yaw169.jpg\" alt='M I E S International GmbH' class=\"aligncenter\"><\/p>\n<p><strong>Beschreibung des Unternehmens: <\/strong>Keine bereitgestellt<\/p>\n<p><strong>Zus\u00e4tzliche Dienstleistungen:<\/strong><\/p>\n<p>Nicht aufgelistet<\/p>\n<p><strong>Adresse:<\/strong> 1 Trent Ln, Castle Donington, Derby DE74 2PY<\/p>\n<p><a href=\"https:\/\/www.mies.co.uk\/\" target=\"_new\" rel=\"noopener\">M I E S International Ltd Website<\/a><\/p>\n<p><strong>Bewertung: <\/strong>4.1<br \/> <strong>Anzahl der Bewertungen:<\/strong> 8<br \/><a href=\"https:\/\/www.google.co.uk\/maps?cid=13175560030870517614&#038;hl=en&#038;gl=GB\" target=\"_new\" rel=\"noopener\">Bewertungen lesen<\/a><\/p>\n<h2><span class=\"ez-toc-section\" id=\"Evolution_Time_Critical\"><\/span>Entwicklung Zeitkritisch<span class=\"ez-toc-section-end\"><\/span><\/h2>\n<p><img decoding=\"async\" src=\"https:\/\/moverdb.com\/wp-content\/uploads\/thumbnailpanoiduB9YyRaWNRCF_7iK80WTvQcb_clientsearch.gws-prod.gpsw408h240yaw152.jpg\" alt='Entwicklung Zeitkritisch' class=\"aligncenter\"><\/p>\n<p><strong>Beschreibung des Unternehmens: <\/strong>Keine bereitgestellt<\/p>\n<p><strong>Zus\u00e4tzliche Dienstleistungen:<\/strong><\/p>\n<p>Berater<\/p>\n<p>Logistikdienstleistung<\/p>\n<p><strong>Adresse:<\/strong> Bezant House, Bradgate Pk Vw, Chellaston, Derby DE73 5UH<\/p>\n<p><a href=\"http:\/\/www.evolution-timecritical.com\/\" target=\"_new\" rel=\"noopener\">Evolution Zeitkritische Website<\/a><\/p>\n<p><strong>Bewertung: <\/strong>3.5<br \/> <strong>Anzahl der Bewertungen:<\/strong> 4<br \/><a href=\"https:\/\/www.google.co.uk\/maps?cid=562191449095100638&#038;hl=en&#038;gl=GB\" target=\"_new\" rel=\"noopener\">Bewertungen lesen<\/a><\/p>\n<h2><span class=\"ez-toc-section\" id=\"Seabourne_Logistics_UK_Forwarding\"><\/span>Seabourne Logistik UK Spedition<span class=\"ez-toc-section-end\"><\/span><\/h2>\n<p><img decoding=\"async\" src=\"https:\/\/lh5.googleusercontent.com\/p\/AF1QipPRz-XHZWUpwXBCEvlC1ustTASQMuSpHocwWZSq=w408-h291-k-no\" alt=\"Seabourne Logistik UK Spedition\" class=\"aligncenter\"><\/p>\n<p><strong>Beschreibung des Unternehmens: <\/strong>Seabourne Logistics, ein f\u00fchrendes unabh\u00e4ngiges Logistikunternehmen mit Niederlassungen in den <a href=\"https:\/\/moverdb.com\/de\/moving-to-the-uk\/\" data-internallinksmanager029f6b8e52c=\"93\" title=\"Umzug in das Vereinigte K\u00f6nigreich? 2026 Lebenshaltungskosten &amp; Umzugstipps\">UK<\/a>, Die <a href=\"https:\/\/moverdb.com\/de\/moving-to-the-netherlands\/\" data-internallinksmanager029f6b8e52c=\"328\" title=\"Umzug in die Niederlande? 2026 Lebenshaltungskosten &amp; Umzugstipps\">Niederlande<\/a>, <a href=\"https:\/\/moverdb.com\/de\/moving-to-france\/\" data-internallinksmanager029f6b8e52c=\"315\" title=\"Umzug nach Frankreich? 2026 Lebenshaltungskosten &amp; Umzugstipps\">Frankreich<\/a>und <a href=\"https:\/\/moverdb.com\/de\/moving-to-south-africa\/\" data-internallinksmanager029f6b8e52c=\"347\" title=\"Umzug nach S\u00fcdafrika? 2026 Lebenshaltungskosten &amp; Umzugstipps\">S\u00fcdafrika<\/a> bietet \u00fcber seine 6 Gesch\u00e4ftsbereiche ganzheitliche globale L\u00f6sungen an: Warehousing, E-Fulfilment, Kurierdienste, Frachtdienste, Postl\u00f6sungen und Zolldienste.<\/p>\n<p> Sie sind bekannt f\u00fcr ihren pers\u00f6nlichen und praxisnahen Ansatz und haben sich einen au\u00dfergew\u00f6hnlichen Ruf erworben, bei dem gute Kommunikation, Flexibilit\u00e4t und Engagement im Mittelpunkt ihrer Arbeit stehen.<\/p>\n<p> Sie bieten Nischenkompetenzen und umfassende, ma\u00dfgeschneiderte Third Party Logistics (3PL)-L\u00f6sungen.<\/p>\n<p><strong>Zus\u00e4tzliche Dienstleistungen:<\/strong><\/p>\n<p>Logistikdienstleistung<\/p>\n<p><strong>Adresse:<\/strong> Regus House Herald Way, Castle Donington, Derby DE74 2TZ<\/p>\n<p><a href=\"http:\/\/www.seabournelogistics.com\/\" target=\"_new\" rel=\"noopener\">Seabourne Logistics UK Spedition Website<\/a><\/p>\n<p><strong>Bewertung: <\/strong>5<br \/> <strong>Anzahl der Bewertungen:<\/strong> 1<br \/><a href=\"https:\/\/www.google.co.uk\/maps?cid=11040171400694942647&#038;hl=en&#038;gl=GB\" target=\"_new\" rel=\"noopener\">Bewertungen lesen<\/a><\/p>\n<h2><span class=\"ez-toc-section\" id=\"UPS_Supply_Chain_Solutions_Derby\"><\/span>UPS Supply Chain Solutions Derby<span class=\"ez-toc-section-end\"><\/span><\/h2>\n<p><img decoding=\"async\" src=\"https:\/\/moverdb.com\/wp-content\/uploads\/AF1QipM2UF-9SW9bJsltV_sqSQ3iBj28hlxaLA866wilw426-h240-k-no.jpg\" alt='UPS Supply Chain Solutions Derby' class=\"aligncenter\"><\/p>\n<p><strong>Beschreibung des Unternehmens: <\/strong>Keine bereitgestellt<\/p>\n<p><strong>Zus\u00e4tzliche Dienstleistungen:<\/strong><\/p>\n<p>Logistikdienstleistung<\/p>\n<p><strong>Adresse:<\/strong> Wincanton Close, Off Ascot Drive, Derby DE24 8NB<\/p>\n<p><a href=\"https:\/\/www.ups.com\/gb\/en\/services\/shipping\/freight.page\" target=\"_new\" rel=\"noopener\">UPS Supply Chain Solutions Derby Website<\/a><\/p>\n<p><strong>Bewertung: <\/strong>3.8<br \/> <strong>Anzahl der Bewertungen:<\/strong> 98<br \/><a href=\"https:\/\/www.google.co.uk\/maps?cid=3053902978470391964&#038;hl=en&#038;gl=GB\" target=\"_new\" rel=\"noopener\">Bewertungen lesen<\/a><\/p>\n<h2><span class=\"ez-toc-section\" id=\"DHL_Freight_East_Midlands_Airport\"><\/span>DHL Freight East Midlands Flughafen<span class=\"ez-toc-section-end\"><\/span><\/h2>\n<p><img decoding=\"async\" src=\"https:\/\/moverdb.com\/wp-content\/uploads\/AF1QipOabvr0K6hA3_eLfcM7ASRDqa99A65XTv3vWGI6w408-h240-k-no-pi0-ya340-ro-0-fo100.jpg\" alt='DHL Freight East Midlands Flughafen' class=\"aligncenter\"><\/p>\n<p><strong>Beschreibung des Unternehmens: <\/strong>Keine bereitgestellt<\/p>\n<p><strong>Zus\u00e4tzliche Dienstleistungen:<\/strong><\/p>\n<p>Nicht aufgelistet<\/p>\n<p><strong>Adresse:<\/strong> Castle Donington, Derby DE74 2SA<\/p>\n<p><a href=\"https:\/\/dhlguide.co.uk\/shipping-with-dhl\/dhl-express-service-centres\/\" target=\"_new\" rel=\"noopener\">DHL Freight East Midlands Flughafen Website<\/a><\/p>\n<p><strong>Bewertung: <\/strong>4.5<br \/> <strong>Anzahl der Bewertungen:<\/strong> 127<br \/><a href=\"https:\/\/www.google.co.uk\/maps?cid=3973794515770161131&#038;hl=en&#038;gl=GB\" target=\"_new\" rel=\"noopener\">Bewertungen lesen<\/a><\/p>\n<h2><span class=\"ez-toc-section\" id=\"HAE_EMSA\"><\/span>HAE \/ EMSA<span class=\"ez-toc-section-end\"><\/span><\/h2>\n<p><img decoding=\"async\" src=\"https:\/\/moverdb.com\/wp-content\/uploads\/AF1QipMMx8p4WL2HiDiZ98g-3NbS60OR0vSAQyplqiDtw408-h544-k-no.jpg\" alt='HAE \/ EMSA' class=\"aligncenter\"><\/p>\n<p><strong>Beschreibung des Unternehmens: <\/strong>Keine bereitgestellt<\/p>\n<p><strong>Zus\u00e4tzliche Dienstleistungen:<\/strong><\/p>\n<p>Nicht aufgelistet<\/p>\n<p><strong>Adresse:<\/strong> East Midlands Flughafen, Beverley Rd, Derby DE74 2SA<\/p>\n<p><a href=\"http:\/\/www.haegroup.com\/\" target=\"_new\" rel=\"noopener\">HAE \/ EMSA-Website<\/a><\/p>\n<p><strong>Bewertung: <\/strong>3.7<br \/> <strong>Anzahl der Bewertungen:<\/strong> 38<br \/><a href=\"https:\/\/www.google.co.uk\/maps?cid=1084884569409257823&#038;hl=en&#038;gl=GB\" target=\"_new\" rel=\"noopener\">Bewertungen lesen<\/a><\/p>\n<h2><span class=\"ez-toc-section\" id=\"How_we_picked_the_best_Derby_Freight_Forwarding_Companies\"><\/span>Wie wir die besten Derby-Spediteure ausgew\u00e4hlt haben<span class=\"ez-toc-section-end\"><\/span><\/h2>\n<p>Wir begannen mit einem Datensatz von 18 Speditionsunternehmen aus Derby, die wir \u00fcber Google Maps finden konnten, und schr\u00e4nkten die Auswahl auf die besten 10 ein.<\/p>\n<p>Zu diesem Zweck haben wir alle Unternehmen entfernt, die:<\/p>\n<ul>\n<li> Hatte keine Website<\/li>\n<li> Hatte keine Bewertungen<\/li>\n<li> eine durchschnittliche Bewertung von weniger als 2,0 haben<\/li>\n<\/ul>\n<p>Wenn wir zu diesem Zeitpunkt 17 oder weniger Spediteure hatten, haben wir sie alle aufgelistet.<\/p>\n<p>F\u00fcr St\u00e4dte, in denen mehr als 17 Spediteure \u00fcbrig blieben, nahmen wir weitere \u00c4nderungen vor, indem wir entweder die erforderliche Bewertungsnote erh\u00f6hten (z. B. von mindestens 2,0 auf 4,0) und\/oder die Mindestanzahl der erforderlichen Bewertungen erh\u00f6hten (z. B. von mindestens einer Bewertung auf mindestens 10).<\/p>\n<p>Bitte beachten Sie, dass wir nur Bewertungsdaten von Google Maps und nicht von anderen Websites Dritter verwendet haben.<\/p>\n<p>Weitere St\u00e4dte:<\/p>\n<p><a href=\"https:\/\/moverdb.com\/de\/spediteur\/freight-forwarding-uk\/southall-freight-forwarder\/\">Southall Spediteur<\/a><br \/><a href=\"https:\/\/moverdb.com\/de\/spediteur\/freight-forwarding-uk\/coventry-freight-forwarder\/\">Coventry Spediteur<\/a><br \/><a href=\"https:\/\/moverdb.com\/de\/spediteur\/freight-forwarding-uk\/west-drayton-freight-forwarder\/\">West Drayton Spediteur<\/a><br \/><a href=\"https:\/\/moverdb.com\/de\/spediteur\/freight-forwarding-uk\/glasgow-freight-forwarder\/\">Glasgow Spediteur<\/a><br \/><a href=\"https:\/\/moverdb.com\/de\/spediteur\/freight-forwarding-uk\/barking-freight-forwarder\/\">Bellender Spediteur<\/a><\/p>","protected":false},"excerpt":{"rendered":"<p>Below we look at the 10 &#8220;best&#8221; Freight Forwarding companies in Derby out of 18. To learn more about how we chose the best please consult our FAQ section at the end. Please not the following listings are in no particular order and we are not making any recommendations for any particular company. C.H. Robinson [&hellip;]<\/p>\n","protected":false},"author":1,"featured_media":0,"parent":13427,"menu_order":0,"comment_status":"open","ping_status":"open","template":"","meta":{"_genesis_hide_title":false,"_genesis_hide_breadcrumbs":false,"_genesis_hide_singular_image":false,"_genesis_hide_footer_widgets":false,"_genesis_custom_body_class":"","_genesis_custom_post_class":"","_genesis_layout":"","footnotes":""},"class_list":{"0":"post-13734","1":"page","2":"type-page","3":"status-publish","5":"entry"},"_links":{"self":[{"href":"https:\/\/moverdb.com\/de\/wp-json\/wp\/v2\/pages\/13734","targetHints":{"allow":["GET"]}}],"collection":[{"href":"https:\/\/moverdb.com\/de\/wp-json\/wp\/v2\/pages"}],"about":[{"href":"https:\/\/moverdb.com\/de\/wp-json\/wp\/v2\/types\/page"}],"author":[{"embeddable":true,"href":"https:\/\/moverdb.com\/de\/wp-json\/wp\/v2\/users\/1"}],"replies":[{"embeddable":true,"href":"https:\/\/moverdb.com\/de\/wp-json\/wp\/v2\/comments?post=13734"}],"version-history":[{"count":1,"href":"https:\/\/moverdb.com\/de\/wp-json\/wp\/v2\/pages\/13734\/revisions"}],"predecessor-version":[{"id":15679,"href":"https:\/\/moverdb.com\/de\/wp-json\/wp\/v2\/pages\/13734\/revisions\/15679"}],"up":[{"embeddable":true,"href":"https:\/\/moverdb.com\/de\/wp-json\/wp\/v2\/pages\/13427"}],"wp:attachment":[{"href":"https:\/\/moverdb.com\/de\/wp-json\/wp\/v2\/media?parent=13734"}],"curies":[{"name":"wp","href":"https:\/\/api.w.org\/{rel}","templated":true}]}}