{"id":13701,"date":"2023-11-08T15:51:25","date_gmt":"2023-11-08T15:51:25","guid":{"rendered":"https:\/\/moverdb.com\/freight-forwarder\/freight-forwarding-uk\/belfast-freight-forwarder\/"},"modified":"2026-01-08T14:55:26","modified_gmt":"2026-01-08T14:55:26","slug":"belfast-freight-forwarder","status":"publish","type":"page","link":"https:\/\/moverdb.com\/de\/freight-forwarder\/freight-forwarding-uk\/belfast-freight-forwarder\/","title":{"rendered":"11 beste Speditionsunternehmen in Belfast (2024)"},"content":{"rendered":"<p>Nachfolgend sehen wir uns die 11 <em>\"Beste\"<\/em> Speditionsunternehmen in <a href=\"\" data-internallinksmanager029f6b8e52c=\"33\" title=\"Belfast\">Belfast<\/a> von 21.<\/p>\n<p>Wenn Sie mehr dar\u00fcber erfahren m\u00f6chten, wie wir die Besten ausgew\u00e4hlt haben, konsultieren Sie bitte unseren FAQ-Bereich am Ende.<\/p>\n<p><em>Bitte beachten Sie, dass die folgenden Auflistungen in keiner bestimmten Reihenfolge stehen und wir keine Empfehlung f\u00fcr ein bestimmtes Unternehmen abgeben.<\/em><\/p>\n<div id=\"ez-toc-container\" class=\"ez-toc-v2_0_82_2 ez-toc-wrap-left counter-hierarchy ez-toc-counter ez-toc-transparent ez-toc-container-direction\">\n<div class=\"ez-toc-title-container\">\n<p class=\"ez-toc-title\" style=\"cursor:inherit\">Rubriken<\/p>\n<span class=\"ez-toc-title-toggle\"><a href=\"#\" class=\"ez-toc-pull-right ez-toc-btn ez-toc-btn-xs ez-toc-btn-default ez-toc-toggle\" aria-label=\"Inhaltsverzeichnis umschalten\"><span class=\"ez-toc-js-icon-con\"><span class=\"\"><span class=\"eztoc-hide\" style=\"display:none;\">Umschalten auf<\/span><span class=\"ez-toc-icon-toggle-span\"><svg style=\"fill: #999;color:#999\" xmlns=\"http:\/\/www.w3.org\/2000\/svg\" class=\"list-377408\" width=\"20px\" height=\"20px\" viewbox=\"0 0 24 24\" fill=\"none\"><path d=\"M6 6H4v2h2V6zm14 0H8v2h12V6zM4 11h2v2H4v-2zm16 0H8v2h12v-2zM4 16h2v2H4v-2zm16 0H8v2h12v-2z\" fill=\"currentColor\"><\/path><\/svg><svg style=\"fill: #999;color:#999\" class=\"arrow-unsorted-368013\" xmlns=\"http:\/\/www.w3.org\/2000\/svg\" width=\"10px\" height=\"10px\" viewbox=\"0 0 24 24\" version=\"1.2\" baseprofile=\"tiny\"><path d=\"M18.2 9.3l-6.2-6.3-6.2 6.3c-.2.2-.3.4-.3.7s.1.5.3.7c.2.2.4.3.7.3h11c.3 0 .5-.1.7-.3.2-.2.3-.5.3-.7s-.1-.5-.3-.7zM5.8 14.7l6.2 6.3 6.2-6.3c.2-.2.3-.5.3-.7s-.1-.5-.3-.7c-.2-.2-.4-.3-.7-.3h-11c-.3 0-.5.1-.7.3-.2.2-.3.5-.3.7s.1.5.3.7z\"\/><\/svg><\/span><\/span><\/span><\/a><\/span><\/div>\n<nav><ul class='ez-toc-list ez-toc-list-level-1 eztoc-toggle-hide-by-default' ><li class='ez-toc-page-1 ez-toc-heading-level-2'><a class=\"ez-toc-link ez-toc-heading-1\" href=\"https:\/\/moverdb.com\/de\/freight-forwarder\/freight-forwarding-uk\/belfast-freight-forwarder\/#TCB_Group_Ltd\" >TCB Gruppe GmbH<\/a><\/li><li class='ez-toc-page-1 ez-toc-heading-level-2'><a class=\"ez-toc-link ez-toc-heading-2\" href=\"https:\/\/moverdb.com\/de\/freight-forwarder\/freight-forwarding-uk\/belfast-freight-forwarder\/#Johnson_Stevens_NI\" >Johnson Stevens (NI)<\/a><\/li><li class='ez-toc-page-1 ez-toc-heading-level-2'><a class=\"ez-toc-link ez-toc-heading-3\" href=\"https:\/\/moverdb.com\/de\/freight-forwarder\/freight-forwarding-uk\/belfast-freight-forwarder\/#Total_Cargo_Container_Depot\" >Frachtcontainerdepot insgesamt<\/a><\/li><li class='ez-toc-page-1 ez-toc-heading-level-2'><a class=\"ez-toc-link ez-toc-heading-4\" href=\"https:\/\/moverdb.com\/de\/freight-forwarder\/freight-forwarding-uk\/belfast-freight-forwarder\/#All_Cargo\" >Alle Fracht<\/a><\/li><li class='ez-toc-page-1 ez-toc-heading-level-2'><a class=\"ez-toc-link ez-toc-heading-5\" href=\"https:\/\/moverdb.com\/de\/freight-forwarder\/freight-forwarding-uk\/belfast-freight-forwarder\/#Cargo_Forwarding\" >G\u00fcterbef\u00f6rderung<\/a><\/li><li class='ez-toc-page-1 ez-toc-heading-level-2'><a class=\"ez-toc-link ez-toc-heading-6\" href=\"https:\/\/moverdb.com\/de\/freight-forwarder\/freight-forwarding-uk\/belfast-freight-forwarder\/#Kuehne_Nagel_Belfast\" >K\u00fchne + Nagel Belfast<\/a><\/li><li class='ez-toc-page-1 ez-toc-heading-level-2'><a class=\"ez-toc-link ez-toc-heading-7\" href=\"https:\/\/moverdb.com\/de\/freight-forwarder\/freight-forwarding-uk\/belfast-freight-forwarder\/#Roadliner_International\" >Internationale Stra\u00dfenbahn<\/a><\/li><li class='ez-toc-page-1 ez-toc-heading-level-2'><a class=\"ez-toc-link ez-toc-heading-8\" href=\"https:\/\/moverdb.com\/de\/freight-forwarder\/freight-forwarding-uk\/belfast-freight-forwarder\/#Swissport\" >Swissport<\/a><\/li><li class='ez-toc-page-1 ez-toc-heading-level-2'><a class=\"ez-toc-link ez-toc-heading-9\" href=\"https:\/\/moverdb.com\/de\/freight-forwarder\/freight-forwarding-uk\/belfast-freight-forwarder\/#Swissport-2\" >Swissport<\/a><\/li><li class='ez-toc-page-1 ez-toc-heading-level-2'><a class=\"ez-toc-link ez-toc-heading-10\" href=\"https:\/\/moverdb.com\/de\/freight-forwarder\/freight-forwarding-uk\/belfast-freight-forwarder\/#Jenkinson_Logistics\" >Jenkinson Logistik<\/a><\/li><li class='ez-toc-page-1 ez-toc-heading-level-2'><a class=\"ez-toc-link ez-toc-heading-11\" href=\"https:\/\/moverdb.com\/de\/freight-forwarder\/freight-forwarding-uk\/belfast-freight-forwarder\/#Ceva_Freight_UK_Ltd\" >Ceva Freight UK Ltd.<\/a><\/li><li class='ez-toc-page-1 ez-toc-heading-level-2'><a class=\"ez-toc-link ez-toc-heading-12\" href=\"https:\/\/moverdb.com\/de\/freight-forwarder\/freight-forwarding-uk\/belfast-freight-forwarder\/#How_we_picked_the_best_Belfast_Freight_Forwarding_Companies\" >Wie wir die besten Speditionsunternehmen in Belfast ausgew\u00e4hlt haben<\/a><\/li><\/ul><\/nav><\/div>\n<h2><span class=\"ez-toc-section\" id=\"TCB_Group_Ltd\"><\/span>TCB Gruppe GmbH<span class=\"ez-toc-section-end\"><\/span><\/h2>\n<p><img decoding=\"async\" src=\"https:\/\/moverdb.com\/wp-content\/uploads\/AF1QipPlOhM3sy_5tWcywWrMM4cawJ8Fw9up3t68RIvpw408-h305-k-no.jpg\" alt='TCB Gruppe GmbH' class=\"aligncenter\"><\/p>\n<p><strong>Beschreibung des Unternehmens: <\/strong>Die TCB Group ist auf L\u00f6sungen f\u00fcr die Lieferkette und den intermodalen G\u00fcterverkehr spezialisiert.<\/p>\n<p> Durch ein hochqualifiziertes und erfahrenes Team bei TCB Group arbeiten wir zusammen, um Probleme zu l\u00f6sen, zu managen und positive Ergebnisse f\u00fcr Unternehmen und Organisationen in der ganzen Welt zu erzielen.<\/p>\n<p><strong>Zus\u00e4tzliche Dienstleistungen:<\/strong><\/p>\n<p>Nicht aufgelistet<\/p>\n<p><strong>Adresse:<\/strong> 14, Pilots View, Heron Rd, Belfast BT3 9LE<\/p>\n<p><a href=\"http:\/\/tcbgroup.com\/\" target=\"_new\" rel=\"noopener\">TCB Group Ltd Website<\/a><\/p>\n<p><strong>Bewertung: <\/strong>4.5<br \/> <strong>Anzahl der Bewertungen:<\/strong> 2<br \/><a href=\"https:\/\/www.google.co.uk\/maps?cid=9803251466445250907&#038;hl=en&#038;gl=GB\" target=\"_new\" rel=\"noopener\">Bewertungen lesen<\/a><\/p>\n<h2><span class=\"ez-toc-section\" id=\"Johnson_Stevens_NI\"><\/span>Johnson Stevens (NI)<span class=\"ez-toc-section-end\"><\/span><\/h2>\n<p><img decoding=\"async\" src=\"https:\/\/moverdb.com\/wp-content\/uploads\/thumbnailpanoid_stvvZ5pzE4wmIeKHDunrAcb_clientsearch.gws-prod.gpsw408h240yaw314.jpg\" alt='Johnson Stevens (NI)' class=\"aligncenter\"><\/p>\n<p><strong>Beschreibung des Unternehmens: <\/strong>Keine bereitgestellt<\/p>\n<p><strong>Zus\u00e4tzliche Dienstleistungen:<\/strong><\/p>\n<p>Vertriebsservice<\/p>\n<p>Lieferfirma<\/p>\n<p><strong>Adresse:<\/strong> 7 W Bank Rd, Belfast BT3 9JL<\/p>\n<p><a href=\"http:\/\/www.johnsonstevens.co.uk\/\" target=\"_new\" rel=\"noopener\">Johnson Stevens (NI) Website<\/a><\/p>\n<p><strong>Bewertung: <\/strong>5<br \/> <strong>Anzahl der Bewertungen:<\/strong> 1<br \/><a href=\"https:\/\/www.google.co.uk\/maps?cid=1218177584223176551&#038;hl=en&#038;gl=GB\" target=\"_new\" rel=\"noopener\">Bewertungen lesen<\/a><\/p>\n<h2><span class=\"ez-toc-section\" id=\"Total_Cargo_Container_Depot\"><\/span>Frachtcontainerdepot insgesamt<span class=\"ez-toc-section-end\"><\/span><\/h2>\n<p><img decoding=\"async\" src=\"https:\/\/moverdb.com\/wp-content\/uploads\/AF1QipMmAH06JGHUXT-dCmBqNWon8EzGeAeHZSMkLlvnw426-h240-k-no.jpg\" alt='Frachtcontainerdepot insgesamt' class=\"aligncenter\"><\/p>\n<p><strong>Beschreibung des Unternehmens: <\/strong>Keine bereitgestellt<\/p>\n<p><strong>Zus\u00e4tzliche Dienstleistungen:<\/strong><\/p>\n<p>Nicht aufgelistet<\/p>\n<p><strong>Adresse:<\/strong> 4 W Bank Rd, Belfast BT3 9BY<\/p>\n<p><a href=\"https:\/\/www.totalcargoservices.co.uk\/\" target=\"_new\" rel=\"noopener\">Total Cargo Container Depot Website<\/a><\/p>\n<p><strong>Bewertung: <\/strong>4.6<br \/> <strong>Anzahl der Bewertungen:<\/strong> 10<br \/><a href=\"https:\/\/www.google.co.uk\/maps?cid=13553752146314056580&#038;hl=en&#038;gl=GB\" target=\"_new\" rel=\"noopener\">Bewertungen lesen<\/a><\/p>\n<h2><span class=\"ez-toc-section\" id=\"All_Cargo\"><\/span>Alle Fracht<span class=\"ez-toc-section-end\"><\/span><\/h2>\n<p><img decoding=\"async\" src=\"https:\/\/moverdb.com\/wp-content\/uploads\/thumbnailpanoidRLEuC01kkl9OoPMBpmtvOwcb_clientsearch.gws-prod.gpsw408h240yaw173.jpg\" alt='Alle Fracht' class=\"aligncenter\"><\/p>\n<p><strong>Beschreibung des Unternehmens: <\/strong>Keine bereitgestellt<\/p>\n<p><strong>Zus\u00e4tzliche Dienstleistungen:<\/strong><\/p>\n<p>Nicht aufgelistet<\/p>\n<p><strong>Adresse:<\/strong> Ilford Rd, Crossnacreevy, Belfast BT6 9SN<\/p>\n<p><a href=\"http:\/\/www.allcargouk.com\/\" target=\"_new\" rel=\"noopener\">All Cargo Website<\/a><\/p>\n<p><strong>Bewertung: <\/strong>5<br \/> <strong>Anzahl der Bewertungen:<\/strong> 1<br \/><a href=\"https:\/\/www.google.co.uk\/maps?cid=14403747898268807637&#038;hl=en&#038;gl=GB\" target=\"_new\" rel=\"noopener\">Bewertungen lesen<\/a><\/p>\n<h2><span class=\"ez-toc-section\" id=\"Cargo_Forwarding\"><\/span>G\u00fcterbef\u00f6rderung<span class=\"ez-toc-section-end\"><\/span><\/h2>\n<p><img decoding=\"async\" src=\"https:\/\/moverdb.com\/wp-content\/uploads\/AF1QipOwRUchJgpjPDabYKoA1PNtsAYpiAbKdCeW1ip9w532-h240-k-no.jpg\" alt='G\u00fcterbef\u00f6rderung' class=\"aligncenter\"><\/p>\n<p><strong>Beschreibung des Unternehmens: <\/strong>Keine bereitgestellt<\/p>\n<p><strong>Zus\u00e4tzliche Dienstleistungen:<\/strong><\/p>\n<p>Lieferfirma<\/p>\n<p><strong>Adresse:<\/strong> 4 Edgewater Rd, Belfast BT3 9JQ<\/p>\n<p><a href=\"https:\/\/www.tr-logistics.com\/cargo-forwarding\/\" target=\"_new\" rel=\"noopener\">Website der Frachtbef\u00f6rderung<\/a><\/p>\n<p><strong>Bewertung: <\/strong>4.3<br \/> <strong>Anzahl der Bewertungen:<\/strong> 18<br \/><a href=\"https:\/\/www.google.co.uk\/maps?cid=3348088672348428293&#038;hl=en&#038;gl=GB\" target=\"_new\" rel=\"noopener\">Bewertungen lesen<\/a><\/p>\n<h2><span class=\"ez-toc-section\" id=\"Kuehne_Nagel_Belfast\"><\/span>K\u00fchne + Nagel Belfast<span class=\"ez-toc-section-end\"><\/span><\/h2>\n<p><img decoding=\"async\" src=\"https:\/\/moverdb.com\/wp-content\/uploads\/thumbnailpanoidLbFNWhZ9VRHO4pooZwMVtwcb_clientsearch.gws-prod.gpsw408h240yaw174.jpg\" alt='K\u00fchne + Nagel Belfast' class=\"aligncenter\"><\/p>\n<p><strong>Beschreibung des Unternehmens: <\/strong>K\u00fchne + Nagel Belfast, <a href=\"https:\/\/moverdb.com\/de\/moving-to-the-uk\/\" data-internallinksmanager029f6b8e52c=\"93\" title=\"Umzug in das Vereinigte K\u00f6nigreich? 2026 Lebenshaltungskosten &amp; Umzugstipps\">UK<\/a><\/p>\n<p><strong>Zus\u00e4tzliche Dienstleistungen:<\/strong><\/p>\n<p>Nicht aufgelistet<\/p>\n<p><strong>Adresse:<\/strong> 35 Dargan Rd, Belfast BT3 9LZ<\/p>\n<p><a href=\"https:\/\/uk.kuehne-nagel.com\/?utm_source=GMB&#038;utm_medium=GMB-UK&#038;utm_campaign=GMB-UK\" target=\"_new\" rel=\"noopener\">Kuehne + Nagel Belfast Website<\/a><\/p>\n<p><strong>Bewertung: <\/strong>5<br \/> <strong>Anzahl der Bewertungen:<\/strong> 2<br \/><a href=\"https:\/\/www.google.co.uk\/maps?cid=11012247135486676731&#038;hl=en&#038;gl=GB\" target=\"_new\" rel=\"noopener\">Bewertungen lesen<\/a><\/p>\n<h2><span class=\"ez-toc-section\" id=\"Roadliner_International\"><\/span>Internationale Stra\u00dfenbahn<span class=\"ez-toc-section-end\"><\/span><\/h2>\n<p><img decoding=\"async\" src=\"https:\/\/moverdb.com\/wp-content\/uploads\/AF1QipMpjRjW3Skzi_qA-zxKR8M6Nh2TLg3TPsWqZtidw408-h306-k-no.jpg\" alt='Internationale Stra\u00dfenbahn' class=\"aligncenter\"><\/p>\n<p><strong>Beschreibung des Unternehmens: <\/strong>Sammelgut und Volllast<br \/>\nEurop\u00e4ische Spezialisten f\u00fcr Stra\u00dfen- und Seefracht<\/p>\n<p><strong>Zus\u00e4tzliche Dienstleistungen:<\/strong><\/p>\n<p>Nicht aufgelistet<\/p>\n<p><strong>Adresse:<\/strong> Einheit 7, Graham Industrial Park, Dargan Cres, Belfast BT3 9LP<\/p>\n<p><a href=\"http:\/\/www.roadliner.com\/\" target=\"_new\" rel=\"noopener\">Website von Roadliner International<\/a><\/p>\n<p><strong>Bewertung: <\/strong>4<br \/> <strong>Anzahl der Bewertungen:<\/strong> 7<br \/><a href=\"https:\/\/www.google.co.uk\/maps?cid=11476083937151180241&#038;hl=en&#038;gl=GB\" target=\"_new\" rel=\"noopener\">Bewertungen lesen<\/a><\/p>\n<h2><span class=\"ez-toc-section\" id=\"Swissport\"><\/span>Swissport<span class=\"ez-toc-section-end\"><\/span><\/h2>\n<p><img decoding=\"async\" src=\"\" alt=\"Swissport\" class=\"aligncenter\"><\/p>\n<p><strong>Beschreibung des Unternehmens: <\/strong>Keine bereitgestellt<\/p>\n<p><strong>Zus\u00e4tzliche Dienstleistungen:<\/strong><\/p>\n<p>Nicht aufgelistet<\/p>\n<p><strong>Adresse:<\/strong> Airport Rd, Belfast BT29 4AB<\/p>\n<p><a href=\"http:\/\/www.swissport.com\/\" target=\"_new\" rel=\"noopener\">Swissport Website<\/a><\/p>\n<p><strong>Bewertung: <\/strong>2.6<br \/> <strong>Anzahl der Bewertungen:<\/strong> 19<br \/><a href=\"https:\/\/www.google.co.uk\/maps?cid=14179955090858579378&#038;hl=en&#038;gl=GB\" target=\"_new\" rel=\"noopener\">Bewertungen lesen<\/a><\/p>\n<h2><span class=\"ez-toc-section\" id=\"Swissport-2\"><\/span>Swissport<span class=\"ez-toc-section-end\"><\/span><\/h2>\n<p><img decoding=\"async\" src=\"\" alt=\"Swissport\" class=\"aligncenter\"><\/p>\n<p><strong>Beschreibung des Unternehmens: <\/strong>Keine bereitgestellt<\/p>\n<p><strong>Zus\u00e4tzliche Dienstleistungen:<\/strong><\/p>\n<p>Nicht aufgelistet<\/p>\n<p><strong>Adresse:<\/strong> Flughafen Belfast City, Sydenham By-Pass, Belfast BT3 9JH<\/p>\n<p><a href=\"https:\/\/www.swissport.com\/en\/network\/europe\/united-kingdom\/bhd\" target=\"_new\" rel=\"noopener\">Swissport Website<\/a><\/p>\n<p><strong>Bewertung: <\/strong>2.6<br \/> <strong>Anzahl der Bewertungen:<\/strong> 5<br \/><a href=\"https:\/\/www.google.co.uk\/maps?cid=1934761779884560628&#038;hl=en&#038;gl=GB\" target=\"_new\" rel=\"noopener\">Bewertungen lesen<\/a><\/p>\n<h2><span class=\"ez-toc-section\" id=\"Jenkinson_Logistics\"><\/span>Jenkinson Logistik<span class=\"ez-toc-section-end\"><\/span><\/h2>\n<p><img decoding=\"async\" src=\"https:\/\/moverdb.com\/wp-content\/uploads\/thumbnailpanoidpq7W0GF4c7ckp4xIgZnHDgcb_clientsearch.gws-prod.gpsw408h240yaw7.jpg\" alt='Jenkinson Logistik' class=\"aligncenter\"><\/p>\n<p><strong>Beschreibung des Unternehmens: <\/strong>Keine bereitgestellt<\/p>\n<p><strong>Zus\u00e4tzliche Dienstleistungen:<\/strong><\/p>\n<p>Versanddienst<\/p>\n<p><strong>Adresse:<\/strong> 5 Edgewater Rd, Belfast BT3 9JQ<\/p>\n<p><a href=\"http:\/\/www.jenkinson.ie\/\" target=\"_new\" rel=\"noopener\">Website von Jenkinson Logistics<\/a><\/p>\n<p><strong>Bewertung: <\/strong>4.7<br \/> <strong>Anzahl der Bewertungen:<\/strong> 3<br \/><a href=\"https:\/\/www.google.co.uk\/maps?cid=12084942811266835220&#038;hl=en&#038;gl=GB\" target=\"_new\" rel=\"noopener\">Bewertungen lesen<\/a><\/p>\n<h2><span class=\"ez-toc-section\" id=\"Ceva_Freight_UK_Ltd\"><\/span>Ceva Freight UK Ltd.<span class=\"ez-toc-section-end\"><\/span><\/h2>\n<p><img decoding=\"async\" src=\"https:\/\/moverdb.com\/wp-content\/uploads\/AF1QipOBSOs0Jww_x_1PW-BMbEhacNbQHQHKcet2c-qbw408-h306-k-no.jpg\" alt='Ceva Freight UK Ltd.' class=\"aligncenter\"><\/p>\n<p><strong>Beschreibung des Unternehmens: <\/strong>CEVA Logistics liefert und betreibt Transport- und Lieferkettenl\u00f6sungen.<\/p>\n<p> Mit 78.000 Mitarbeitern, die \u00fcber 1.000 Einrichtungen in mehr als 160 L\u00e4ndern betreiben, bietet das Unternehmen eine breite Palette von Dienstleistungen in den Bereichen Kontraktlogistik und Frachtmanagement.<\/p>\n<p> Zu den Kunden geh\u00f6ren Unternehmen aus der Luft- und Raumfahrt, der Automobilindustrie, der Konsumg\u00fcterindustrie, der Pharmaindustrie, dem elektronischen Handel, dem Gesundheitswesen, dem Showfreight, der Technologie und der Industrie.<\/p>\n<p> CEVA Logistics ist Teil der CMA CGM Gruppe,<\/p>\n<p><strong>Zus\u00e4tzliche Dienstleistungen:<\/strong><\/p>\n<p>Nicht aufgelistet<\/p>\n<p><strong>Adresse:<\/strong> 1 W Bank Rd, Belfast BT3 9JL<\/p>\n<p><a href=\"http:\/\/www.cevalogistics.com\/\" target=\"_new\" rel=\"noopener\">Ceva Freight UK Ltd Website<\/a><\/p>\n<p><strong>Bewertung: <\/strong>5<br \/> <strong>Anzahl der Bewertungen:<\/strong> 1<br \/><a href=\"https:\/\/www.google.co.uk\/maps?cid=4191008941252728169&#038;hl=en&#038;gl=GB\" target=\"_new\" rel=\"noopener\">Bewertungen lesen<\/a><\/p>\n<h2><span class=\"ez-toc-section\" id=\"How_we_picked_the_best_Belfast_Freight_Forwarding_Companies\"><\/span>Wie wir die besten Speditionsunternehmen in Belfast ausgew\u00e4hlt haben<span class=\"ez-toc-section-end\"><\/span><\/h2>\n<p>Wir begannen mit einem Datensatz von 21 Speditionsunternehmen in Belfast, die wir \u00fcber Google Maps finden konnten, und schr\u00e4nkten die Auswahl auf die besten 11 ein.<\/p>\n<p>Zu diesem Zweck haben wir alle Unternehmen entfernt, die:<\/p>\n<ul>\n<li> Hatte keine Website<\/li>\n<li> Hatte keine Bewertungen<\/li>\n<li> eine durchschnittliche Bewertung von weniger als 2,0 haben<\/li>\n<\/ul>\n<p>Wenn wir zu diesem Zeitpunkt 17 oder weniger Spediteure hatten, haben wir sie alle aufgelistet.<\/p>\n<p>F\u00fcr St\u00e4dte, in denen mehr als 17 Spediteure \u00fcbrig blieben, nahmen wir weitere \u00c4nderungen vor, indem wir entweder die erforderliche Bewertungsnote erh\u00f6hten (z. B. von mindestens 2,0 auf 4,0) und\/oder die Mindestanzahl der erforderlichen Bewertungen erh\u00f6hten (z. B. von mindestens einer Bewertung auf mindestens 10).<\/p>\n<p>Bitte beachten Sie, dass wir nur Bewertungsdaten von Google Maps und nicht von anderen Websites Dritter verwendet haben.<\/p>\n<p>Weitere St\u00e4dte:<\/p>\n<p><a href=\"https:\/\/moverdb.com\/de\/spediteur\/freight-forwarding-uk\/hayes-freight-forwarder\/\">Hayes Spediteur<\/a><br \/><a href=\"https:\/\/moverdb.com\/de\/spediteur\/freight-forwarding-uk\/bradford-freight-forwarder\/\">Bradford Spediteur<\/a><br \/><a href=\"https:\/\/moverdb.com\/de\/spediteur\/freight-forwarding-uk\/derby-freight-forwarder\/\">Derby Spediteur<\/a><br \/><a href=\"https:\/\/moverdb.com\/de\/spediteur\/freight-forwarding-uk\/southall-freight-forwarder\/\">Southall Spediteur<\/a><br \/><a href=\"https:\/\/moverdb.com\/de\/spediteur\/freight-forwarding-uk\/coventry-freight-forwarder\/\">Coventry Spediteur<\/a><\/p>","protected":false},"excerpt":{"rendered":"<p>Below we look at the 11 &#8220;best&#8221; Freight Forwarding companies in Belfast out of 21. To learn more about how we chose the best please consult our FAQ section at the end. Please not the following listings are in no particular order and we are not making any recommendations for any particular company. TCB Group [&hellip;]<\/p>\n","protected":false},"author":1,"featured_media":0,"parent":13427,"menu_order":0,"comment_status":"open","ping_status":"open","template":"","meta":{"_genesis_hide_title":false,"_genesis_hide_breadcrumbs":false,"_genesis_hide_singular_image":false,"_genesis_hide_footer_widgets":false,"_genesis_custom_body_class":"","_genesis_custom_post_class":"","_genesis_layout":"","footnotes":""},"class_list":{"0":"post-13701","1":"page","2":"type-page","3":"status-publish","5":"entry"},"_links":{"self":[{"href":"https:\/\/moverdb.com\/de\/wp-json\/wp\/v2\/pages\/13701","targetHints":{"allow":["GET"]}}],"collection":[{"href":"https:\/\/moverdb.com\/de\/wp-json\/wp\/v2\/pages"}],"about":[{"href":"https:\/\/moverdb.com\/de\/wp-json\/wp\/v2\/types\/page"}],"author":[{"embeddable":true,"href":"https:\/\/moverdb.com\/de\/wp-json\/wp\/v2\/users\/1"}],"replies":[{"embeddable":true,"href":"https:\/\/moverdb.com\/de\/wp-json\/wp\/v2\/comments?post=13701"}],"version-history":[{"count":1,"href":"https:\/\/moverdb.com\/de\/wp-json\/wp\/v2\/pages\/13701\/revisions"}],"predecessor-version":[{"id":15680,"href":"https:\/\/moverdb.com\/de\/wp-json\/wp\/v2\/pages\/13701\/revisions\/15680"}],"up":[{"embeddable":true,"href":"https:\/\/moverdb.com\/de\/wp-json\/wp\/v2\/pages\/13427"}],"wp:attachment":[{"href":"https:\/\/moverdb.com\/de\/wp-json\/wp\/v2\/media?parent=13701"}],"curies":[{"name":"wp","href":"https:\/\/api.w.org\/{rel}","templated":true}]}}