{"id":13679,"date":"2023-11-08T15:51:25","date_gmt":"2023-11-08T15:51:25","guid":{"rendered":"https:\/\/moverdb.com\/freight-forwarder\/freight-forwarding-uk\/egham-freight-forwarder\/"},"modified":"2026-01-08T14:55:28","modified_gmt":"2026-01-08T14:55:28","slug":"egham-freight-forwarder","status":"publish","type":"page","link":"https:\/\/moverdb.com\/de\/freight-forwarder\/freight-forwarding-uk\/egham-freight-forwarder\/","title":{"rendered":"11 Beste Egham Speditionsunternehmen (2024)"},"content":{"rendered":"<p>Nachfolgend sehen wir uns die 11 <em>\"Beste\"<\/em> Speditionsunternehmen in Egham von 17.<\/p>\n<p>Wenn Sie mehr dar\u00fcber erfahren m\u00f6chten, wie wir die Besten ausgew\u00e4hlt haben, konsultieren Sie bitte unseren FAQ-Bereich am Ende.<\/p>\n<p><em>Bitte beachten Sie, dass die folgenden Auflistungen in keiner bestimmten Reihenfolge stehen und wir keine Empfehlung f\u00fcr ein bestimmtes Unternehmen abgeben.<\/em><\/p>\n<div id=\"ez-toc-container\" class=\"ez-toc-v2_0_82_2 ez-toc-wrap-left counter-hierarchy ez-toc-counter ez-toc-transparent ez-toc-container-direction\">\n<div class=\"ez-toc-title-container\">\n<p class=\"ez-toc-title\" style=\"cursor:inherit\">Rubriken<\/p>\n<span class=\"ez-toc-title-toggle\"><a href=\"#\" class=\"ez-toc-pull-right ez-toc-btn ez-toc-btn-xs ez-toc-btn-default ez-toc-toggle\" aria-label=\"Inhaltsverzeichnis umschalten\"><span class=\"ez-toc-js-icon-con\"><span class=\"\"><span class=\"eztoc-hide\" style=\"display:none;\">Umschalten auf<\/span><span class=\"ez-toc-icon-toggle-span\"><svg style=\"fill: #999;color:#999\" xmlns=\"http:\/\/www.w3.org\/2000\/svg\" class=\"list-377408\" width=\"20px\" height=\"20px\" viewbox=\"0 0 24 24\" fill=\"none\"><path d=\"M6 6H4v2h2V6zm14 0H8v2h12V6zM4 11h2v2H4v-2zm16 0H8v2h12v-2zM4 16h2v2H4v-2zm16 0H8v2h12v-2z\" fill=\"currentColor\"><\/path><\/svg><svg style=\"fill: #999;color:#999\" class=\"arrow-unsorted-368013\" xmlns=\"http:\/\/www.w3.org\/2000\/svg\" width=\"10px\" height=\"10px\" viewbox=\"0 0 24 24\" version=\"1.2\" baseprofile=\"tiny\"><path d=\"M18.2 9.3l-6.2-6.3-6.2 6.3c-.2.2-.3.4-.3.7s.1.5.3.7c.2.2.4.3.7.3h11c.3 0 .5-.1.7-.3.2-.2.3-.5.3-.7s-.1-.5-.3-.7zM5.8 14.7l6.2 6.3 6.2-6.3c.2-.2.3-.5.3-.7s-.1-.5-.3-.7c-.2-.2-.4-.3-.7-.3h-11c-.3 0-.5.1-.7.3-.2.2-.3.5-.3.7s.1.5.3.7z\"\/><\/svg><\/span><\/span><\/span><\/a><\/span><\/div>\n<nav><ul class='ez-toc-list ez-toc-list-level-1 eztoc-toggle-hide-by-default' ><li class='ez-toc-page-1 ez-toc-heading-level-2'><a class=\"ez-toc-link ez-toc-heading-1\" href=\"https:\/\/moverdb.com\/de\/freight-forwarder\/freight-forwarding-uk\/egham-freight-forwarder\/#MIQ_Logistics\" >MIQ Logistik<\/a><\/li><li class='ez-toc-page-1 ez-toc-heading-level-2'><a class=\"ez-toc-link ez-toc-heading-2\" href=\"https:\/\/moverdb.com\/de\/freight-forwarder\/freight-forwarding-uk\/egham-freight-forwarder\/#Yes_2_Ship_Ltd\" >Ja 2 Ship Ltd<\/a><\/li><li class='ez-toc-page-1 ez-toc-heading-level-2'><a class=\"ez-toc-link ez-toc-heading-3\" href=\"https:\/\/moverdb.com\/de\/freight-forwarder\/freight-forwarding-uk\/egham-freight-forwarder\/#AGS_Global_Forwarding_Ltd\" >AGS Global Forwarding Ltd.<\/a><\/li><li class='ez-toc-page-1 ez-toc-heading-level-2'><a class=\"ez-toc-link ez-toc-heading-4\" href=\"https:\/\/moverdb.com\/de\/freight-forwarder\/freight-forwarding-uk\/egham-freight-forwarder\/#ASG_Logistics_Ltd\" >ASG Logistik GmbH<\/a><\/li><li class='ez-toc-page-1 ez-toc-heading-level-2'><a class=\"ez-toc-link ez-toc-heading-5\" href=\"https:\/\/moverdb.com\/de\/freight-forwarder\/freight-forwarding-uk\/egham-freight-forwarder\/#Cargo_Gateway\" >Fracht-Gateway<\/a><\/li><li class='ez-toc-page-1 ez-toc-heading-level-2'><a class=\"ez-toc-link ez-toc-heading-6\" href=\"https:\/\/moverdb.com\/de\/freight-forwarder\/freight-forwarding-uk\/egham-freight-forwarder\/#Active_Freight_Management_Ltd\" >Active Freight Management Ltd.<\/a><\/li><li class='ez-toc-page-1 ez-toc-heading-level-2'><a class=\"ez-toc-link ez-toc-heading-7\" href=\"https:\/\/moverdb.com\/de\/freight-forwarder\/freight-forwarding-uk\/egham-freight-forwarder\/#World_Cargo_Logistics\" >Weltfrachtlogistik<\/a><\/li><li class='ez-toc-page-1 ez-toc-heading-level-2'><a class=\"ez-toc-link ez-toc-heading-8\" href=\"https:\/\/moverdb.com\/de\/freight-forwarder\/freight-forwarding-uk\/egham-freight-forwarder\/#E_F_M_Global_Logistics\" >E F M Globale Logistik<\/a><\/li><li class='ez-toc-page-1 ez-toc-heading-level-2'><a class=\"ez-toc-link ez-toc-heading-9\" href=\"https:\/\/moverdb.com\/de\/freight-forwarder\/freight-forwarding-uk\/egham-freight-forwarder\/#Blackthorne\" >Schwarzdorn<\/a><\/li><li class='ez-toc-page-1 ez-toc-heading-level-2'><a class=\"ez-toc-link ez-toc-heading-10\" href=\"https:\/\/moverdb.com\/de\/freight-forwarder\/freight-forwarding-uk\/egham-freight-forwarder\/#Connoisseur_International_Distribution_Ltd\" >Kenner Internationaler Vertrieb Ltd<\/a><\/li><li class='ez-toc-page-1 ez-toc-heading-level-2'><a class=\"ez-toc-link ez-toc-heading-11\" href=\"https:\/\/moverdb.com\/de\/freight-forwarder\/freight-forwarding-uk\/egham-freight-forwarder\/#XPand_Logistics_Ltd_F_FA_Division_London\" >XPand Logistics Ltd Abteilung F&amp;FA London<\/a><\/li><li class='ez-toc-page-1 ez-toc-heading-level-2'><a class=\"ez-toc-link ez-toc-heading-12\" href=\"https:\/\/moverdb.com\/de\/freight-forwarder\/freight-forwarding-uk\/egham-freight-forwarder\/#How_we_picked_the_best_Egham_Freight_Forwarding_Companies\" >Wie wir die besten Speditionsunternehmen in Egham ausgew\u00e4hlt haben<\/a><\/li><\/ul><\/nav><\/div>\n<h2><span class=\"ez-toc-section\" id=\"MIQ_Logistics\"><\/span>MIQ Logistik<span class=\"ez-toc-section-end\"><\/span><\/h2>\n<p><img decoding=\"async\" src=\"https:\/\/moverdb.com\/wp-content\/uploads\/AF1QipOSeo5W5dbelMsxZx8EbOq4iTE_N2C_UMmkI5A5w408-h271-k-no.jpg\" alt='MIQ Logistik' class=\"aligncenter\"><\/p>\n<p><strong>Beschreibung des Unternehmens: <\/strong>Noatum Logistics (ehemals MIQ Logistics) bietet zusammen mit seinem globalen Partnernetzwerk Transportdienstleistungen (nationale Speditions- und Lkw-Ladungsdienste), Distributionsdienstleistungen (Kontraktlogistik und Lagerverwaltung) und globale Dienstleistungen (internationale Speditions- und Zollabwicklung) an.<\/p>\n<p> Unterst\u00fctzt durch Web-native Technologie und globale Logistikmanagement-F\u00e4higkeiten, bedient MIQ Logistics Kunden im Bergbau und in der Industrie.<\/p>\n<p><strong>Zus\u00e4tzliche Dienstleistungen:<\/strong><\/p>\n<p>Nicht aufgelistet<\/p>\n<p><strong>Adresse:<\/strong> Thorpe Industriepark, 1, Alpha Way, Egham TW20 8RZ<\/p>\n<p><a href=\"https:\/\/www.miq.com\/\" target=\"_new\" rel=\"noopener\">Website der MIQ Logistics<\/a><\/p>\n<p><strong>Bewertung: <\/strong>3.7<br \/> <strong>Anzahl der Bewertungen:<\/strong> 23<br \/><a href=\"https:\/\/www.google.co.uk\/maps?cid=5562970237620117984&#038;hl=en&#038;gl=GB\" target=\"_new\" rel=\"noopener\">Bewertungen lesen<\/a><\/p>\n<h2><span class=\"ez-toc-section\" id=\"Yes_2_Ship_Ltd\"><\/span>Ja 2 Ship Ltd<span class=\"ez-toc-section-end\"><\/span><\/h2>\n<p><img decoding=\"async\" src=\"https:\/\/moverdb.com\/wp-content\/uploads\/thumbnailpanoidi2hlSeWB-Y3XQQJMF3mWowcb_clientsearch.gws-prod.gpsw408h240yaw327.jpg\" alt='Ja 2 Ship Ltd' class=\"aligncenter\"><\/p>\n<p><strong>Beschreibung des Unternehmens: <\/strong>Logistik- und Lieferkettenunternehmen.<\/p>\n<p> Fracht- und Zollabfertigungsdienste sowie Umz\u00fcge und pers\u00f6nliche Gegenst\u00e4nde auf dem Luft-, Stra\u00dfen- und Seeweg.<\/p>\n<p> Ein strategischer Partner von DHL.<\/p>\n<p> Import- und Exportverzollungen, T1, EORI, Carnet, FOB, ExWorks und T\u00fcr-zu-T\u00fcr-Dienste werden angeboten.<\/p>\n<p> Versanddienstleistungen: Gefahrgutversand, Versand von Lithiumbatterien, Autotransport, Versand von Tierarzneimitteln und Pferden.<\/p>\n<p> Yes 2 Ship arbeitet eng mit der pharmazeutischen Industrie und Kunstaktionsh\u00e4usern zusammen.<\/p>\n<p> Zus\u00e4tzliche Dienstleistungen: kostenlose Kartons und Schrumpffolie, Verpackung, Kisten und Lieferung per Lkw und Spedition.<\/p>\n<p> Es werden auch europ\u00e4ische Direktfahrten angeboten.<\/p>\n<p> Erleichterung aller wichtigen <a href=\"https:\/\/moverdb.com\/de\/top-49-container-ports\/\" data-internallinksmanager029f6b8e52c=\"80\" title=\"Top 49 der gr\u00f6\u00dften und verkehrsreichsten Containerh\u00e4fen im Jahr 2025\">H\u00e4fen<\/a> und Flugh\u00e4fen in der ganzen Welt <a href=\"https:\/\/moverdb.com\/de\/moving-to-the-uk\/\" data-internallinksmanager029f6b8e52c=\"93\" title=\"Umzug in das Vereinigte K\u00f6nigreich? 2026 Lebenshaltungskosten &amp; Umzugstipps\">UK<\/a>.<\/p>\n<p> Hauptb\u00fcros: Heathrow, Aberdeen, Southend, <a href=\"\" data-internallinksmanager029f6b8e52c=\"52\" title=\"Manchester\">Manchester<\/a>Southampton, Felixstowe.<\/p>\n<p><strong>Zus\u00e4tzliche Dienstleistungen:<\/strong><\/p>\n<p>Nicht aufgelistet<\/p>\n<p><strong>Adresse:<\/strong> Einheit 2, Eversley Way, Thorpe Industrial Estate, Egham TW20 8RG<\/p>\n<p><a href=\"http:\/\/www.yes2ship.com\/\" target=\"_new\" rel=\"noopener\">Ja 2 Ship Ltd Website<\/a><\/p>\n<p><strong>Bewertung: <\/strong>4.3<br \/> <strong>Anzahl der Bewertungen:<\/strong> 3<br \/><a href=\"https:\/\/www.google.co.uk\/maps?cid=11958752916968499684&#038;hl=en&#038;gl=GB\" target=\"_new\" rel=\"noopener\">Bewertungen lesen<\/a><\/p>\n<h2><span class=\"ez-toc-section\" id=\"AGS_Global_Forwarding_Ltd\"><\/span>AGS Global Forwarding Ltd.<span class=\"ez-toc-section-end\"><\/span><\/h2>\n<p><img decoding=\"async\" src=\"https:\/\/moverdb.com\/wp-content\/uploads\/AF1QipOkqaLI3fEcCDdE06bXZQPSFTuSwA_SDJZksWkgw408-h272-k-no.jpg\" alt='AGS Global Forwarding Ltd.' class=\"aligncenter\"><\/p>\n<p><strong>Beschreibung des Unternehmens: <\/strong>Wir sind ein internationales Speditions- und Logistikunternehmen, das sich auf die Bef\u00f6rderung gewerblicher Sendungen per Luft-, See- und Stra\u00dfenfracht spezialisiert hat.<\/p>\n<p><strong>Zus\u00e4tzliche Dienstleistungen:<\/strong><\/p>\n<p>Nicht aufgelistet<\/p>\n<p><strong>Adresse:<\/strong> 01 Meadlake Place, Thorpe Lea Rd, Egham TW20 8HE<\/p>\n<p><a href=\"http:\/\/www.ags-global.co.uk\/\" target=\"_new\" rel=\"noopener\">AGS Global Forwarding Ltd Website<\/a><\/p>\n<p><strong>Bewertung: <\/strong>3.7<br \/> <strong>Anzahl der Bewertungen:<\/strong> 6<br \/><a href=\"https:\/\/www.google.co.uk\/maps?cid=9870884105096212840&#038;hl=en&#038;gl=GB\" target=\"_new\" rel=\"noopener\">Bewertungen lesen<\/a><\/p>\n<h2><span class=\"ez-toc-section\" id=\"ASG_Logistics_Ltd\"><\/span>ASG Logistik GmbH<span class=\"ez-toc-section-end\"><\/span><\/h2>\n<p><img decoding=\"async\" src=\"https:\/\/moverdb.com\/wp-content\/uploads\/thumbnailpanoid3JBSMhHuPZdNblR9AJIbPgcb_clientsearch.gws-prod.gpsw408h240yaw175.jpg\" alt='ASG Logistik GmbH' class=\"aligncenter\"><\/p>\n<p><strong>Beschreibung des Unternehmens: <\/strong>Keine bereitgestellt<\/p>\n<p><strong>Zus\u00e4tzliche Dienstleistungen:<\/strong><\/p>\n<p>Nicht aufgelistet<\/p>\n<p><strong>Adresse:<\/strong> 188 High St, Egham TW20 9ED, Vereinigtes K\u00f6nigreich<\/p>\n<p><a href=\"http:\/\/www.asglogistics.com\/\" target=\"_new\" rel=\"noopener\">ASG Logistics Ltd Website<\/a><\/p>\n<p><strong>Bewertung: <\/strong>4.2<br \/> <strong>Anzahl der Bewertungen:<\/strong> 5<br \/><a href=\"https:\/\/www.google.com.om\/maps?cid=9184323499148826419&#038;hl=en&#038;gl=OM\" target=\"_new\" rel=\"noopener\">Bewertungen lesen<\/a><\/p>\n<h2><span class=\"ez-toc-section\" id=\"Cargo_Gateway\"><\/span>Fracht-Gateway<span class=\"ez-toc-section-end\"><\/span><\/h2>\n<p><img decoding=\"async\" src=\"https:\/\/moverdb.com\/wp-content\/uploads\/AF1QipNzLo0oQLg_C55tPkOaoPCuX4tQK_qkgfvadEqSw426-h240-k-no.jpg\" alt='Fracht-Gateway' class=\"aligncenter\"><\/p>\n<p><strong>Beschreibung des Unternehmens: <\/strong>International und im Inland <a href=\"https:\/\/moverdb.com\/de\/freight-forwarder\/\" data-internallinksmanager029f6b8e52c=\"17\" title=\"Leitfaden f\u00fcr internationale Kosten und Unternehmen f\u00fcr Spediteure und NVOCC\">Spediteur<\/a><\/p>\n<p><strong>Zus\u00e4tzliche Dienstleistungen:<\/strong><\/p>\n<p>Nicht aufgelistet<\/p>\n<p><strong>Adresse:<\/strong> 01 Meadlake Place, Thorpe Lea Rd, Egham TW20 8HE<\/p>\n<p><a href=\"https:\/\/cargo-gateway.business.site\/?utm_source=gmb&#038;utm_medium=referral\" target=\"_new\" rel=\"noopener\">Cargo Gateway Website<\/a><\/p>\n<p><strong>Bewertung: <\/strong>5<br \/> <strong>Anzahl der Bewertungen:<\/strong> 1<br \/><a href=\"https:\/\/www.google.co.uk\/maps?cid=16110619947648318940&#038;hl=en&#038;gl=GB\" target=\"_new\" rel=\"noopener\">Bewertungen lesen<\/a><\/p>\n<h2><span class=\"ez-toc-section\" id=\"Active_Freight_Management_Ltd\"><\/span>Active Freight Management Ltd.<span class=\"ez-toc-section-end\"><\/span><\/h2>\n<p><img decoding=\"async\" src=\"https:\/\/moverdb.com\/wp-content\/uploads\/AF1QipNmjcFHpyJwCdwSaejGmG82kmN7yOpkcziJ6XWAw426-h240-k-no.jpg\" alt='Active Freight Management Ltd.' class=\"aligncenter\"><\/p>\n<p><strong>Beschreibung des Unternehmens: <\/strong>Ihre One-Stop-L\u00f6sung f\u00fcr das Frachtmanagement<\/p>\n<p><strong>Zus\u00e4tzliche Dienstleistungen:<\/strong><\/p>\n<p>Import-Export-Unternehmen<\/p>\n<p>Lieferfirma<\/p>\n<p><strong>Adresse:<\/strong> Crabtree Office Village, Monarch House, Eversley Way, Egham TW20 8RY<\/p>\n<p><a href=\"http:\/\/www.active-freight.com\/\" target=\"_new\" rel=\"noopener\">Website von Active Freight Management Ltd<\/a><\/p>\n<p><strong>Bewertung: <\/strong>5<br \/> <strong>Anzahl der Bewertungen:<\/strong> 2<br \/><a href=\"https:\/\/www.google.co.uk\/maps?cid=3699698523008123537&#038;hl=en&#038;gl=GB\" target=\"_new\" rel=\"noopener\">Bewertungen lesen<\/a><\/p>\n<h2><span class=\"ez-toc-section\" id=\"World_Cargo_Logistics\"><\/span>Weltfrachtlogistik<span class=\"ez-toc-section-end\"><\/span><\/h2>\n<p><img decoding=\"async\" src=\"https:\/\/moverdb.com\/wp-content\/uploads\/thumbnailpanoidSSVwK9ZQ0ejIyasli8Fegwcb_clientsearch.gws-prod.gpsw408h240yaw355.jpg\" alt='Weltfrachtlogistik' class=\"aligncenter\"><\/p>\n<p><strong>Beschreibung des Unternehmens: <\/strong>Keine bereitgestellt<\/p>\n<p><strong>Zus\u00e4tzliche Dienstleistungen:<\/strong><\/p>\n<p>Nicht aufgelistet<\/p>\n<p><strong>Adresse:<\/strong> Einheit 5 Beta Way, Egham TW20 8RE<\/p>\n<p><a href=\"http:\/\/worldcargologistics.co.uk\/\" target=\"_new\" rel=\"noopener\">Website der Weltfrachtlogistik<\/a><\/p>\n<p><strong>Bewertung: <\/strong>5<br \/> <strong>Anzahl der Bewertungen:<\/strong> 1<br \/><a href=\"https:\/\/www.google.co.uk\/maps?cid=14974545255904536802&#038;hl=en&#038;gl=GB\" target=\"_new\" rel=\"noopener\">Bewertungen lesen<\/a><\/p>\n<h2><span class=\"ez-toc-section\" id=\"E_F_M_Global_Logistics\"><\/span>E F M Globale Logistik<span class=\"ez-toc-section-end\"><\/span><\/h2>\n<p><img decoding=\"async\" src=\"https:\/\/moverdb.com\/wp-content\/uploads\/AF1QipORc7VCsaq4UmjzP6IJaY3iNkVdGcEiL46zJWwMw408-h725-k-no.jpg\" alt='E F M Globale Logistik' class=\"aligncenter\"><\/p>\n<p><strong>Beschreibung des Unternehmens: <\/strong>Keine bereitgestellt<\/p>\n<p><strong>Zus\u00e4tzliche Dienstleistungen:<\/strong><\/p>\n<p>Nicht aufgelistet<\/p>\n<p><strong>Adresse:<\/strong> 3 Alpha Way Thorpe Industriepark, Egham TW20 8RZ<\/p>\n<p><a href=\"http:\/\/www.efm.global\/\" target=\"_new\" rel=\"noopener\">Website von E F M Global Logistics<\/a><\/p>\n<p><strong>Bewertung: <\/strong>4.9<br \/> <strong>Anzahl der Bewertungen:<\/strong> 15<br \/><a href=\"https:\/\/www.google.co.uk\/maps?cid=10224418366743576394&#038;hl=en&#038;gl=GB\" target=\"_new\" rel=\"noopener\">Bewertungen lesen<\/a><\/p>\n<h2><span class=\"ez-toc-section\" id=\"Blackthorne\"><\/span>Schwarzdorn<span class=\"ez-toc-section-end\"><\/span><\/h2>\n<p><img decoding=\"async\" src=\"https:\/\/moverdb.com\/wp-content\/uploads\/AF1QipNMhlx2IHsQ_K9jhbeeqfHmBMWRacudcQlC1kH-w408-h306-k-no.jpg\" alt='Schwarzdorn' class=\"aligncenter\"><\/p>\n<p><strong>Beschreibung des Unternehmens: <\/strong>Blackthorne ist ein f\u00fchrender globaler Logistikpartner f\u00fcr die Lieferkette.<\/p>\n<p> Wir arbeiten in der Regel mit Technologieunternehmen zusammen, die auf M\u00e4rkten in der ganzen Welt Service- und Reparaturarbeiten an IT-Produkten durchf\u00fchren m\u00fcssen.<\/p>\n<p>Blackthorne bietet einen T\u00fcr-zu-T\u00fcr-Service f\u00fcr risikoscheue Technologieunternehmen, die die Einhaltung von 100%, die h\u00f6chsten Standards bei der Lieferausf\u00fchrung und einen erfahrenen Partner in allen Aspekten der globalen Lieferkettenlogistik verlangen, um die Lieferung des richtigen Produkts an den richtigen Empf\u00e4nger p\u00fcnktlich zu gew\u00e4hrleisten und die Erwartungen der Kunden zu erf\u00fcllen oder zu \u00fcbertreffen<\/p>\n<p>Einf\u00fchrer der Aufzeichnungen<br \/>\nWir sind seit \u00fcber 20 Jahren als Importeur f\u00fcr Unternehmen t\u00e4tig, die Technologieprodukte verkaufen.<\/p>\n<p><strong>Zus\u00e4tzliche Dienstleistungen:<\/strong><\/p>\n<p>Nicht aufgelistet<\/p>\n<p><strong>Adresse:<\/strong> Einheit 6, Sky Busines Park, Eversley Way, Thorpe TW20 8RF<\/p>\n<p><a href=\"https:\/\/blackthorneit.com\/\" target=\"_new\" rel=\"noopener\">Website von Blackthorne<\/a><\/p>\n<p><strong>Bewertung: <\/strong>4.7<br \/> <strong>Anzahl der Bewertungen:<\/strong> 6<br \/><a href=\"https:\/\/www.google.co.uk\/maps?cid=10922239003545285032&#038;hl=en&#038;gl=GB\" target=\"_new\" rel=\"noopener\">Bewertungen lesen<\/a><\/p>\n<h2><span class=\"ez-toc-section\" id=\"Connoisseur_International_Distribution_Ltd\"><\/span>Kenner Internationaler Vertrieb Ltd<span class=\"ez-toc-section-end\"><\/span><\/h2>\n<p><img decoding=\"async\" src=\"https:\/\/moverdb.com\/wp-content\/uploads\/AF1QipPd9XWMz1lgbYNiuvG6xskioC06SqeYGBLSjkzTw426-h240-k-no.jpg\" alt='Kenner Internationaler Vertrieb Ltd' class=\"aligncenter\"><\/p>\n<p><strong>Beschreibung des Unternehmens: <\/strong>Connoisseur International wurde 1997 gegr\u00fcndet.<\/p>\n<p> Die Direktoren, von denen jeder \u00fcber 25 Jahre in der Branche t\u00e4tig ist, hatten die Vision, ein multimodales Speditions- und Logistikunternehmen f\u00fcr das 21.<\/p>\n<p> Die Grundprinzipien des Unternehmens waren, den Kunden einen sehr erfahrenen, qualitativ hochwertigen Service zu bieten, der auf die Bed\u00fcrfnisse und Erwartungen unserer Kunden zugeschnitten ist.<\/p>\n<p>Weltweite Luftfrachtdienste \u00e2\u20ac\" Export und Import<br \/>\nWeltweite LCL\/FCL-Seeverkehrsdienste \u00e2\u20ac\" Export und Import<br \/>\nTIR-Landstra\u00dfendienste nach Europa<br \/>\nT\u00fcr zu T\u00fcr Express-Kurier<br \/>\nUK Inlandslieferungen von Paketen und Paletten<br \/>\nProjektladung\/ Chartering\/ Nothilfefracht\/ AOG\/ Verderbliche G\u00fcter\/ Au\u00dferhalb der Spurweite\/ Gef\u00e4hrliche G\u00fcter<br \/>\nUmzug\/Umzug<br \/>\nHausinterne Zollabwicklung<br \/>\nSpezialverpackungen (bei Bedarf vor Ort)<\/p>\n<p><strong>Zus\u00e4tzliche Dienstleistungen:<\/strong><\/p>\n<p>Import-Export-Unternehmen<\/p>\n<p><strong>Adresse:<\/strong> Einheit 9, Business Park, Ten Acre Ln, Egham TW20 8EY<\/p>\n<p><a href=\"https:\/\/cid.uk.com\/\" target=\"_new\" rel=\"noopener\">Website von Connoisseur International Distribution Ltd<\/a><\/p>\n<p><strong>Bewertung: <\/strong>4.3<br \/> <strong>Anzahl der Bewertungen:<\/strong> 17<br \/><a href=\"https:\/\/www.google.co.uk\/maps?cid=7427439335860303979&#038;hl=en&#038;gl=GB\" target=\"_new\" rel=\"noopener\">Bewertungen lesen<\/a><\/p>\n<h2><span class=\"ez-toc-section\" id=\"XPand_Logistics_Ltd_F_FA_Division_London\"><\/span>XPand Logistics Ltd Abteilung F&amp;FA London<span class=\"ez-toc-section-end\"><\/span><\/h2>\n<p><img decoding=\"async\" src=\"https:\/\/moverdb.com\/wp-content\/uploads\/AF1QipOLNmMwyY-6gL2NQCjvXfdc7gl9sewrnLTpDVSmw658-h240-k-no.jpg\" alt='XPand Logistics Ltd Abteilung F&amp;FA London' class=\"aligncenter\"><\/p>\n<p><strong>Beschreibung des Unternehmens: <\/strong>XPand Logistics Ltd. wurde im Jahr 2000 gegr\u00fcndet und gilt heute als einer der wenigen britischen Spediteure, die sich auf einen echten Kundenservice f\u00fcr ihre Kunden spezialisiert haben.<\/p>\n<p>Mit \u00fcber 20 Jahren Erfahrung bei gro\u00dfen Speditionen und Fluggesellschaften bieten wir professionelle Logistikdienstleistungen f\u00fcr Unternehmen in ganz Gro\u00dfbritannien und weltweit.<\/p>\n<p> Die Dienstleistungen umfassen: Luftfracht, Seefracht, Stra\u00dfenfracht, Kontraktlogistik, Zollabwicklung, Konsulatsdienste und Lagerhaltung.<\/p>\n<p>Mit B\u00fcros in London, Basildon, West Horndon, Manchester &amp; <a href=\"\" data-internallinksmanager029f6b8e52c=\"46\" title=\"Glasgow\">Glasgow<\/a> wir bieten umfassende L\u00f6sungen f\u00fcr alle Ihre Transportbed\u00fcrfnisse.<\/p>\n<p><strong>Zus\u00e4tzliche Dienstleistungen:<\/strong><\/p>\n<p>Logistikdienstleistung<\/p>\n<p>Versanddienst<\/p>\n<p>Lagereinrichtung<\/p>\n<p><strong>Adresse:<\/strong> Einheit 10, Business Park, Ten Acre Ln, Egham TW20 8EY<\/p>\n<p><a href=\"https:\/\/www.xpandlogistics.co.uk\/\" target=\"_new\" rel=\"noopener\">XPand Logistics Ltd F&amp;FA Division London Website<\/a><\/p>\n<p><strong>Bewertung: <\/strong>3<br \/> <strong>Anzahl der Bewertungen:<\/strong> 2<br \/><a href=\"https:\/\/www.google.co.uk\/maps?cid=5572790693109703307&#038;hl=en&#038;gl=GB\" target=\"_new\" rel=\"noopener\">Bewertungen lesen<\/a><\/p>\n<h2><span class=\"ez-toc-section\" id=\"How_we_picked_the_best_Egham_Freight_Forwarding_Companies\"><\/span>Wie wir die besten Speditionsunternehmen in Egham ausgew\u00e4hlt haben<span class=\"ez-toc-section-end\"><\/span><\/h2>\n<p>Wir begannen mit einem Datensatz von 17 Speditionsunternehmen in Egham, die wir \u00fcber Google Maps finden konnten, und schr\u00e4nkten die Auswahl auf die besten 11 ein.<\/p>\n<p>Zu diesem Zweck haben wir alle Unternehmen entfernt, die:<\/p>\n<ul>\n<li> Hatte keine Website<\/li>\n<li> Hatte keine Bewertungen<\/li>\n<li> eine durchschnittliche Bewertung von weniger als 2,0 haben<\/li>\n<\/ul>\n<p>Wenn wir zu diesem Zeitpunkt 17 oder weniger Spediteure hatten, haben wir sie alle aufgelistet.<\/p>\n<p>F\u00fcr St\u00e4dte, in denen mehr als 17 Spediteure \u00fcbrig blieben, nahmen wir weitere \u00c4nderungen vor, indem wir entweder die erforderliche Bewertungsnote erh\u00f6hten (z. B. von mindestens 2,0 auf 4,0) und\/oder die Mindestanzahl der erforderlichen Bewertungen erh\u00f6hten (z. B. von mindestens einer Bewertung auf mindestens 10).<\/p>\n<p>Bitte beachten Sie, dass wir nur Bewertungsdaten von Google Maps und nicht von anderen Websites Dritter verwendet haben.<\/p>\n<p>Weitere St\u00e4dte:<\/p>\n<p><a href=\"https:\/\/moverdb.com\/de\/spediteur\/freight-forwarding-uk\/leeds-freight-forwarder\/\">Leeds Spediteur<\/a><br \/><a href=\"https:\/\/moverdb.com\/de\/spediteur\/freight-forwarding-uk\/belfast-freight-forwarder\/\">Belfast Spediteur<\/a><br \/><a href=\"https:\/\/moverdb.com\/de\/spediteur\/freight-forwarding-uk\/hayes-freight-forwarder\/\">Hayes Spediteur<\/a><br \/><a href=\"https:\/\/moverdb.com\/de\/spediteur\/freight-forwarding-uk\/bradford-freight-forwarder\/\">Bradford Spediteur<\/a><br \/><a href=\"https:\/\/moverdb.com\/de\/spediteur\/freight-forwarding-uk\/derby-freight-forwarder\/\">Derby Spediteur<\/a><\/p>","protected":false},"excerpt":{"rendered":"<p>Below we look at the 11 &#8220;best&#8221; Freight Forwarding companies in Egham out of 17. To learn more about how we chose the best please consult our FAQ section at the end. Please not the following listings are in no particular order and we are not making any recommendations for any particular company. MIQ Logistics [&hellip;]<\/p>\n","protected":false},"author":1,"featured_media":0,"parent":13427,"menu_order":0,"comment_status":"open","ping_status":"open","template":"","meta":{"_genesis_hide_title":false,"_genesis_hide_breadcrumbs":false,"_genesis_hide_singular_image":false,"_genesis_hide_footer_widgets":false,"_genesis_custom_body_class":"","_genesis_custom_post_class":"","_genesis_layout":"","footnotes":""},"class_list":{"0":"post-13679","1":"page","2":"type-page","3":"status-publish","5":"entry"},"_links":{"self":[{"href":"https:\/\/moverdb.com\/de\/wp-json\/wp\/v2\/pages\/13679","targetHints":{"allow":["GET"]}}],"collection":[{"href":"https:\/\/moverdb.com\/de\/wp-json\/wp\/v2\/pages"}],"about":[{"href":"https:\/\/moverdb.com\/de\/wp-json\/wp\/v2\/types\/page"}],"author":[{"embeddable":true,"href":"https:\/\/moverdb.com\/de\/wp-json\/wp\/v2\/users\/1"}],"replies":[{"embeddable":true,"href":"https:\/\/moverdb.com\/de\/wp-json\/wp\/v2\/comments?post=13679"}],"version-history":[{"count":1,"href":"https:\/\/moverdb.com\/de\/wp-json\/wp\/v2\/pages\/13679\/revisions"}],"predecessor-version":[{"id":15682,"href":"https:\/\/moverdb.com\/de\/wp-json\/wp\/v2\/pages\/13679\/revisions\/15682"}],"up":[{"embeddable":true,"href":"https:\/\/moverdb.com\/de\/wp-json\/wp\/v2\/pages\/13427"}],"wp:attachment":[{"href":"https:\/\/moverdb.com\/de\/wp-json\/wp\/v2\/media?parent=13679"}],"curies":[{"name":"wp","href":"https:\/\/api.w.org\/{rel}","templated":true}]}}