{"id":13667,"date":"2023-11-08T15:51:25","date_gmt":"2023-11-08T15:51:25","guid":{"rendered":"https:\/\/moverdb.com\/freight-forwarder\/freight-forwarding-uk\/ashford-freight-forwarder\/"},"modified":"2026-01-08T14:55:32","modified_gmt":"2026-01-08T14:55:32","slug":"ashford-freight-forwarder","status":"publish","type":"page","link":"https:\/\/moverdb.com\/de\/freight-forwarder\/freight-forwarding-uk\/ashford-freight-forwarder\/","title":{"rendered":"12 beste Ashford Speditionsunternehmen (2024)"},"content":{"rendered":"<p>Im Folgenden werden die 12 <em>\"Beste\"<\/em> Speditionsunternehmen in Ashford von 18.<\/p>\n<p>Wenn Sie mehr dar\u00fcber erfahren m\u00f6chten, wie wir die Besten ausgew\u00e4hlt haben, konsultieren Sie bitte unseren FAQ-Bereich am Ende.<\/p>\n<p><em>Bitte beachten Sie, dass die folgenden Auflistungen in keiner bestimmten Reihenfolge stehen und wir keine Empfehlung f\u00fcr ein bestimmtes Unternehmen abgeben.<\/em><\/p>\n<div id=\"ez-toc-container\" class=\"ez-toc-v2_0_82_2 ez-toc-wrap-left counter-hierarchy ez-toc-counter ez-toc-transparent ez-toc-container-direction\">\n<div class=\"ez-toc-title-container\">\n<p class=\"ez-toc-title\" style=\"cursor:inherit\">Rubriken<\/p>\n<span class=\"ez-toc-title-toggle\"><a href=\"#\" class=\"ez-toc-pull-right ez-toc-btn ez-toc-btn-xs ez-toc-btn-default ez-toc-toggle\" aria-label=\"Inhaltsverzeichnis umschalten\"><span class=\"ez-toc-js-icon-con\"><span class=\"\"><span class=\"eztoc-hide\" style=\"display:none;\">Umschalten auf<\/span><span class=\"ez-toc-icon-toggle-span\"><svg style=\"fill: #999;color:#999\" xmlns=\"http:\/\/www.w3.org\/2000\/svg\" class=\"list-377408\" width=\"20px\" height=\"20px\" viewbox=\"0 0 24 24\" fill=\"none\"><path d=\"M6 6H4v2h2V6zm14 0H8v2h12V6zM4 11h2v2H4v-2zm16 0H8v2h12v-2zM4 16h2v2H4v-2zm16 0H8v2h12v-2z\" fill=\"currentColor\"><\/path><\/svg><svg style=\"fill: #999;color:#999\" class=\"arrow-unsorted-368013\" xmlns=\"http:\/\/www.w3.org\/2000\/svg\" width=\"10px\" height=\"10px\" viewbox=\"0 0 24 24\" version=\"1.2\" baseprofile=\"tiny\"><path d=\"M18.2 9.3l-6.2-6.3-6.2 6.3c-.2.2-.3.4-.3.7s.1.5.3.7c.2.2.4.3.7.3h11c.3 0 .5-.1.7-.3.2-.2.3-.5.3-.7s-.1-.5-.3-.7zM5.8 14.7l6.2 6.3 6.2-6.3c.2-.2.3-.5.3-.7s-.1-.5-.3-.7c-.2-.2-.4-.3-.7-.3h-11c-.3 0-.5.1-.7.3-.2.2-.3.5-.3.7s.1.5.3.7z\"\/><\/svg><\/span><\/span><\/span><\/a><\/span><\/div>\n<nav><ul class='ez-toc-list ez-toc-list-level-1 eztoc-toggle-hide-by-default' ><li class='ez-toc-page-1 ez-toc-heading-level-2'><a class=\"ez-toc-link ez-toc-heading-1\" href=\"https:\/\/moverdb.com\/de\/freight-forwarder\/freight-forwarding-uk\/ashford-freight-forwarder\/#Rock-it_Global\" >Rock-it Global<\/a><\/li><li class='ez-toc-page-1 ez-toc-heading-level-2'><a class=\"ez-toc-link ez-toc-heading-2\" href=\"https:\/\/moverdb.com\/de\/freight-forwarder\/freight-forwarding-uk\/ashford-freight-forwarder\/#TLC_World_Logistics\" >TLC World Logistics<\/a><\/li><li class='ez-toc-page-1 ez-toc-heading-level-2'><a class=\"ez-toc-link ez-toc-heading-3\" href=\"https:\/\/moverdb.com\/de\/freight-forwarder\/freight-forwarding-uk\/ashford-freight-forwarder\/#E_M_S_Cargo_Ltd\" >E M S Cargo GmbH<\/a><\/li><li class='ez-toc-page-1 ez-toc-heading-level-2'><a class=\"ez-toc-link ez-toc-heading-4\" href=\"https:\/\/moverdb.com\/de\/freight-forwarder\/freight-forwarding-uk\/ashford-freight-forwarder\/#Moonbridge_Air_Project_Services_Ltd\" >Moonbridge Air &amp; Project Services Ltd.<\/a><\/li><li class='ez-toc-page-1 ez-toc-heading-level-2'><a class=\"ez-toc-link ez-toc-heading-5\" href=\"https:\/\/moverdb.com\/de\/freight-forwarder\/freight-forwarding-uk\/ashford-freight-forwarder\/#S-Logibis_UK_Ltd\" >S-Logibis UK Ltd<\/a><\/li><li class='ez-toc-page-1 ez-toc-heading-level-2'><a class=\"ez-toc-link ez-toc-heading-6\" href=\"https:\/\/moverdb.com\/de\/freight-forwarder\/freight-forwarding-uk\/ashford-freight-forwarder\/#Freedom_Logistics_International_Ltd\" >Freiheit Logistik International GmbH<\/a><\/li><li class='ez-toc-page-1 ez-toc-heading-level-2'><a class=\"ez-toc-link ez-toc-heading-7\" href=\"https:\/\/moverdb.com\/de\/freight-forwarder\/freight-forwarding-uk\/ashford-freight-forwarder\/#Allfreight_Packing_Services\" >Allfreight-Verpackungsdienstleistungen<\/a><\/li><li class='ez-toc-page-1 ez-toc-heading-level-2'><a class=\"ez-toc-link ez-toc-heading-8\" href=\"https:\/\/moverdb.com\/de\/freight-forwarder\/freight-forwarding-uk\/ashford-freight-forwarder\/#Velta_International_Air_Freight_Office\" >Velta International Luftfrachtb\u00fcro<\/a><\/li><li class='ez-toc-page-1 ez-toc-heading-level-2'><a class=\"ez-toc-link ez-toc-heading-9\" href=\"https:\/\/moverdb.com\/de\/freight-forwarder\/freight-forwarding-uk\/ashford-freight-forwarder\/#EasyLift_Freight_Solutions\" >EasyLift Frachtl\u00f6sungen<\/a><\/li><li class='ez-toc-page-1 ez-toc-heading-level-2'><a class=\"ez-toc-link ez-toc-heading-10\" href=\"https:\/\/moverdb.com\/de\/freight-forwarder\/freight-forwarding-uk\/ashford-freight-forwarder\/#NTS_International_Express_Ltd\" >NTS International Express Ltd.<\/a><\/li><li class='ez-toc-page-1 ez-toc-heading-level-2'><a class=\"ez-toc-link ez-toc-heading-11\" href=\"https:\/\/moverdb.com\/de\/freight-forwarder\/freight-forwarding-uk\/ashford-freight-forwarder\/#Chas_Mortimer\" >Chas Mortimer<\/a><\/li><li class='ez-toc-page-1 ez-toc-heading-level-2'><a class=\"ez-toc-link ez-toc-heading-12\" href=\"https:\/\/moverdb.com\/de\/freight-forwarder\/freight-forwarding-uk\/ashford-freight-forwarder\/#The_Custom_House_Transit\" >Das Zollhaus (Transit)<\/a><\/li><li class='ez-toc-page-1 ez-toc-heading-level-2'><a class=\"ez-toc-link ez-toc-heading-13\" href=\"https:\/\/moverdb.com\/de\/freight-forwarder\/freight-forwarding-uk\/ashford-freight-forwarder\/#How_we_picked_the_best_Ashford_Freight_Forwarding_Companies\" >Wie wir die besten Ashford-Spediteure ausgew\u00e4hlt haben<\/a><\/li><\/ul><\/nav><\/div>\n<h2><span class=\"ez-toc-section\" id=\"Rock-it_Global\"><\/span>Rock-it Global<span class=\"ez-toc-section-end\"><\/span><\/h2>\n<p><img decoding=\"async\" src=\"https:\/\/moverdb.com\/wp-content\/uploads\/AF1QipMXzbTN-eDFicPm4qmEDTgVrqaoDwPda3RJXPP-w408-h544-k-no.jpg\" alt='Rock-it Global' class=\"aligncenter\"><\/p>\n<p><strong>Beschreibung des Unternehmens: <\/strong>Als f\u00fchrender Anbieter von Speditions- und Logistikdienstleistungen f\u00fcr Live-Events kombiniert Rock-it Global hochqualifizierte Agenten mit dem vertrauensw\u00fcrdigsten globalen Netzwerk der Branche, um au\u00dfergew\u00f6hnliche Veranstaltungen durchzuf\u00fchren.<\/p>\n<p> Wir haben jahrzehntelang Beziehungen zu den zuverl\u00e4ssigsten und anerkanntesten Frachtunternehmen auf der ganzen Welt aufgebaut, um sicherzustellen, dass Ihre Sendungen sicher und p\u00fcnktlich ankommen, ganz gleich, wo sie sich befinden.<\/p>\n<p><strong>Zus\u00e4tzliche Dienstleistungen:<\/strong><\/p>\n<p>Lieferfirma<\/p>\n<p><strong>Adresse:<\/strong> Abbeygate House, Challenge Rd, Ashford TW15 1AX<\/p>\n<p><a href=\"http:\/\/rockit.global\/\" target=\"_new\" rel=\"noopener\">Website von Rock-it Global<\/a><\/p>\n<p><strong>Bewertung: <\/strong>4.5<br \/> <strong>Anzahl der Bewertungen:<\/strong> 40<br \/><a href=\"https:\/\/www.google.co.uk\/maps?cid=2195633308109349762&#038;hl=en&#038;gl=GB\" target=\"_new\" rel=\"noopener\">Bewertungen lesen<\/a><\/p>\n<h2><span class=\"ez-toc-section\" id=\"TLC_World_Logistics\"><\/span>TLC World Logistics<span class=\"ez-toc-section-end\"><\/span><\/h2>\n<p><img decoding=\"async\" src=\"https:\/\/moverdb.com\/wp-content\/uploads\/AF1QipPd_AwaquiUSQanF1fNMy4jib7LrJ6Kla3MoZt_w408-h544-k-no.jpg\" alt='TLC World Logistics' class=\"aligncenter\"><\/p>\n<p><strong>Beschreibung des Unternehmens: <\/strong>Ihr Produkt von A nach B zu bringen ist das Mindeste, was Sie erwarten sollten.<\/p>\n<p> Hier bei TLC World Logistics ist unser Name Programm! Wir k\u00fcmmern uns um unsere Kunden und gehen weit dar\u00fcber hinaus, um Ihr \u00e2\u20ac\u02dcgo to\u00e2\u20ac\u2122 Logistikanbieter zu sein.<\/p>\n<p>Unser engagiertes Team nimmt sich Zeit, um Ihre Anforderungen kennenzulernen und Ihre individuellen Bed\u00fcrfnisse zu verstehen, so dass wir Ihnen immer wieder ein nahtloses Erlebnis bieten k\u00f6nnen.<\/p>\n<p>Frachttransport liegt in unserer DNA, und indem wir unsere langj\u00e4hrigen Beziehungen in der Luftfracht, Seefracht und im Stra\u00dfentransport nutzen, helfen wir, potenzielle Kopfschmerzen zu vermeiden und sicherzustellen, dass Ihre Fracht ihren endg\u00fcltigen Bestimmungsort zur richtigen Zeit und im richtigen Zustand erreicht.<\/p>\n<p><strong>Zus\u00e4tzliche Dienstleistungen:<\/strong><\/p>\n<p>Nicht aufgelistet<\/p>\n<p><strong>Adresse:<\/strong> Einheit 23, Littleton House, Littleton Rd, Ashford TW15 1UU<\/p>\n<p><a href=\"http:\/\/tlc-wlogistics.uk\/\" target=\"_new\" rel=\"noopener\">TLC World Logistics Website<\/a><\/p>\n<p><strong>Bewertung: <\/strong>5<br \/> <strong>Anzahl der Bewertungen:<\/strong> 3<br \/><a href=\"https:\/\/www.google.co.uk\/maps?cid=16083155512195829948&#038;hl=en&#038;gl=GB\" target=\"_new\" rel=\"noopener\">Bewertungen lesen<\/a><\/p>\n<h2><span class=\"ez-toc-section\" id=\"E_M_S_Cargo_Ltd\"><\/span>E M S Cargo GmbH<span class=\"ez-toc-section-end\"><\/span><\/h2>\n<p><img decoding=\"async\" src=\"https:\/\/moverdb.com\/wp-content\/uploads\/thumbnailpanoid7NtfghzoYVSs7rogPVJUTAcb_clientsearch.gws-prod.gpsw408h240yaw196.jpg\" alt='E M S Cargo GmbH' class=\"aligncenter\"><\/p>\n<p><strong>Beschreibung des Unternehmens: <\/strong>Keine bereitgestellt<\/p>\n<p><strong>Zus\u00e4tzliche Dienstleistungen:<\/strong><\/p>\n<p>Nicht aufgelistet<\/p>\n<p><strong>Adresse:<\/strong> Ashford House, 41-45 Church Rd, Ashford TW15 2TQ<\/p>\n<p><a href=\"https:\/\/www.ems-cargo.co.uk\/\" target=\"_new\" rel=\"noopener\">E M S Cargo Ltd Website<\/a><\/p>\n<p><strong>Bewertung: <\/strong>4<br \/> <strong>Anzahl der Bewertungen:<\/strong> 1<br \/><a href=\"https:\/\/www.google.co.uk\/maps?cid=7899510178891633001&#038;hl=en&#038;gl=GB\" target=\"_new\" rel=\"noopener\">Bewertungen lesen<\/a><\/p>\n<h2><span class=\"ez-toc-section\" id=\"Moonbridge_Air_Project_Services_Ltd\"><\/span>Moonbridge Air &amp; Project Services Ltd.<span class=\"ez-toc-section-end\"><\/span><\/h2>\n<p><img decoding=\"async\" src=\"https:\/\/moverdb.com\/wp-content\/uploads\/thumbnailpanoidd-5tlTL16SC9zsRxLbJZAwcb_clientsearch.gws-prod.gpsw408h240yaw269.jpg\" alt='Moonbridge Air &amp; Project Services Ltd.' class=\"aligncenter\"><\/p>\n<p><strong>Beschreibung des Unternehmens: <\/strong>Keine bereitgestellt<\/p>\n<p><strong>Zus\u00e4tzliche Dienstleistungen:<\/strong><\/p>\n<p>Kurierdienst<\/p>\n<p>Lieferfirma<\/p>\n<p>Lagereinrichtung<\/p>\n<p><strong>Adresse:<\/strong> 304 Challenge Rd, Feltham, Ashford TW15 1AX<\/p>\n<p><a href=\"http:\/\/www.moonbridge.co.uk\/\" target=\"_new\" rel=\"noopener\">Moonbridge Air &amp; Project Services Ltd Website<\/a><\/p>\n<p><strong>Bewertung: <\/strong>4<br \/> <strong>Anzahl der Bewertungen:<\/strong> 1<br \/><a href=\"https:\/\/www.google.co.uk\/maps?cid=14440356351156623702&#038;hl=en&#038;gl=GB\" target=\"_new\" rel=\"noopener\">Bewertungen lesen<\/a><\/p>\n<h2><span class=\"ez-toc-section\" id=\"S-Logibis_UK_Ltd\"><\/span>S-Logibis UK Ltd<span class=\"ez-toc-section-end\"><\/span><\/h2>\n<p><img decoding=\"async\" src=\"https:\/\/moverdb.com\/wp-content\/uploads\/AF1QipOTDxMw1-hGpG44HoKGWL8P5r8UM0WuRNCHeQhMw426-h240-k-no.jpg\" alt='S-Logibis UK Ltd' class=\"aligncenter\"><\/p>\n<p><strong>Beschreibung des Unternehmens: <\/strong>Keine bereitgestellt<\/p>\n<p><strong>Zus\u00e4tzliche Dienstleistungen:<\/strong><\/p>\n<p>Nicht aufgelistet<\/p>\n<p><strong>Adresse:<\/strong> Einheit 201 Challenge Rd, Feltham, Ashford TW15 1AX<\/p>\n<p><a href=\"https:\/\/s-logibis.co.uk\/contents.php?category=10&#038;code=1004\" target=\"_new\" rel=\"noopener\">S-Logibis UK Ltd Website<\/a><\/p>\n<p><strong>Bewertung: <\/strong>4.4<br \/> <strong>Anzahl der Bewertungen:<\/strong> 5<br \/><a href=\"https:\/\/www.google.co.uk\/maps?cid=6835984102190395091&#038;hl=en&#038;gl=GB\" target=\"_new\" rel=\"noopener\">Bewertungen lesen<\/a><\/p>\n<h2><span class=\"ez-toc-section\" id=\"Freedom_Logistics_International_Ltd\"><\/span>Freiheit Logistik International GmbH<span class=\"ez-toc-section-end\"><\/span><\/h2>\n<p><img decoding=\"async\" src=\"https:\/\/moverdb.com\/wp-content\/uploads\/thumbnailpanoidH3zz5a7r1p-R4G5aFS56pwcb_clientsearch.gws-prod.gpsw408h240yaw98.jpg\" alt='Freiheit Logistik International GmbH' class=\"aligncenter\"><\/p>\n<p><strong>Beschreibung des Unternehmens: <\/strong>Keine bereitgestellt<\/p>\n<p><strong>Zus\u00e4tzliche Dienstleistungen:<\/strong><\/p>\n<p>Veranstaltungsplanung<\/p>\n<p>Logistikdienstleistung<\/p>\n<p>Gek\u00fchlter Transportdienst<\/p>\n<p>Lagerhaus<\/p>\n<p><strong>Adresse:<\/strong> Einheit 204, Bedfont Industrial Park, Challenge Rd, Ashford TW15 1AX<\/p>\n<p><a href=\"http:\/\/www.freedomlogisticsuk.co.uk\/\" target=\"_new\" rel=\"noopener\">Website von Freedom Logistics International Ltd<\/a><\/p>\n<p><strong>Bewertung: <\/strong>4.6<br \/> <strong>Anzahl der Bewertungen:<\/strong> 10<br \/><a href=\"https:\/\/www.google.co.uk\/maps?cid=17066085133262224157&#038;hl=en&#038;gl=GB\" target=\"_new\" rel=\"noopener\">Bewertungen lesen<\/a><\/p>\n<h2><span class=\"ez-toc-section\" id=\"Allfreight_Packing_Services\"><\/span>Allfreight-Verpackungsdienstleistungen<span class=\"ez-toc-section-end\"><\/span><\/h2>\n<p><img decoding=\"async\" src=\"https:\/\/moverdb.com\/wp-content\/uploads\/AF1QipOyI1N28LrVGYHJP56hFnzcvncZq5mCd6_ny2fxw408-h301-k-no.png\" alt='Allfreight-Verpackungsdienstleistungen' class=\"aligncenter\"><\/p>\n<p><strong>Beschreibung des Unternehmens: <\/strong>Keine bereitgestellt<\/p>\n<p><strong>Zus\u00e4tzliche Dienstleistungen:<\/strong><\/p>\n<p>Nicht aufgelistet<\/p>\n<p><strong>Adresse:<\/strong> Einheit 11, Ashford Business Complex, 166 Feltham Rd, Shepperton, Ashford TW15 1YQ<\/p>\n<p><a href=\"http:\/\/www.all-freightpacking.co.uk\/\" target=\"_new\" rel=\"noopener\">Website von Allfreight Packing Services<\/a><\/p>\n<p><strong>Bewertung: <\/strong>4.5<br \/> <strong>Anzahl der Bewertungen:<\/strong> 19<br \/><a href=\"https:\/\/www.google.co.uk\/maps?cid=11733537550063034568&#038;hl=en&#038;gl=GB\" target=\"_new\" rel=\"noopener\">Bewertungen lesen<\/a><\/p>\n<h2><span class=\"ez-toc-section\" id=\"Velta_International_Air_Freight_Office\"><\/span>Velta International Luftfrachtb\u00fcro<span class=\"ez-toc-section-end\"><\/span><\/h2>\n<p><img decoding=\"async\" src=\"https:\/\/moverdb.com\/wp-content\/uploads\/thumbnailpanoidH3zz5a7r1p-R4G5aFS56pwcb_clientsearch.gws-prod.gpsw408h240yaw102.jpg\" alt='Velta International Luftfrachtb\u00fcro' class=\"aligncenter\"><\/p>\n<p><strong>Beschreibung des Unternehmens: <\/strong>Keine bereitgestellt<\/p>\n<p><strong>Zus\u00e4tzliche Dienstleistungen:<\/strong><\/p>\n<p>Nicht aufgelistet<\/p>\n<p><strong>Adresse:<\/strong> Geb\u00e4ude 202, Bedfont Industrial Park North, Challenge Rd, Ashford TW15 1AX<\/p>\n<p><a href=\"http:\/\/www.velta.co.uk\/\" target=\"_new\" rel=\"noopener\">Velta International Luftfrachtb\u00fcro Website<\/a><\/p>\n<p><strong>Bewertung: <\/strong>5<br \/> <strong>Anzahl der Bewertungen:<\/strong> 2<br \/><a href=\"https:\/\/www.google.co.uk\/maps?cid=13870450745036940580&#038;hl=en&#038;gl=GB\" target=\"_new\" rel=\"noopener\">Bewertungen lesen<\/a><\/p>\n<h2><span class=\"ez-toc-section\" id=\"EasyLift_Freight_Solutions\"><\/span>EasyLift Frachtl\u00f6sungen<span class=\"ez-toc-section-end\"><\/span><\/h2>\n<p><img decoding=\"async\" src=\"https:\/\/moverdb.com\/wp-content\/uploads\/AF1QipNoTFk2reRz4itzxpVwuzSmMHMIDP0X-M9yAK_Uw408-h544-k-no.jpg\" alt='EasyLift Frachtl\u00f6sungen' class=\"aligncenter\"><\/p>\n<p><strong>Beschreibung des Unternehmens: <\/strong>Keine bereitgestellt<\/p>\n<p><strong>Zus\u00e4tzliche Dienstleistungen:<\/strong><\/p>\n<p>Vertriebsservice<\/p>\n<p>Selbstlagereinrichtung<\/p>\n<p><strong>Adresse:<\/strong> Ashford TN24 8DH<\/p>\n<p><a href=\"https:\/\/easylift.info\/\" target=\"_new\" rel=\"noopener\">Website von EasyLift Freight Solutions<\/a><\/p>\n<p><strong>Bewertung: <\/strong>4.8<br \/> <strong>Anzahl der Bewertungen:<\/strong> 12<br \/><a href=\"https:\/\/www.google.co.uk\/maps?cid=950958352833815491&#038;hl=en&#038;gl=GB\" target=\"_new\" rel=\"noopener\">Bewertungen lesen<\/a><\/p>\n<h2><span class=\"ez-toc-section\" id=\"NTS_International_Express_Ltd\"><\/span>NTS International Express Ltd.<span class=\"ez-toc-section-end\"><\/span><\/h2>\n<p><img decoding=\"async\" src=\"https:\/\/moverdb.com\/wp-content\/uploads\/AF1QipMMDXPy6pvHsu76FfdjUDwqP6jdAn79G66Tg41Zw408-h273-k-no.jpg\" alt='NTS International Express Ltd.' class=\"aligncenter\"><\/p>\n<p><strong>Beschreibung des Unternehmens: <\/strong>Fachleute f\u00fcr <a href=\"https:\/\/moverdb.com\/de\/moving-to-the-uk\/\" data-internallinksmanager029f6b8e52c=\"93\" title=\"Umzug in das Vereinigte K\u00f6nigreich? 2026 Lebenshaltungskosten &amp; Umzugstipps\">UK<\/a> &amp; Europ\u00e4ischer Expressverkehr<\/p>\n<p><strong>Zus\u00e4tzliche Dienstleistungen:<\/strong><\/p>\n<p>Kurierdienst<\/p>\n<p>Transportdienstleistung<\/p>\n<p>Transportunternehmen<\/p>\n<p><strong>Adresse:<\/strong> 3 Capel Cl, Leacon Rd, Ashford TN23 4GY<\/p>\n<p><a href=\"http:\/\/www.nts-express.co.uk\/\" target=\"_new\" rel=\"noopener\">NTS International Express Ltd Website<\/a><\/p>\n<p><strong>Bewertung: <\/strong>4.7<br \/> <strong>Anzahl der Bewertungen:<\/strong> 30<br \/><a href=\"https:\/\/www.google.co.uk\/maps?cid=18209474387153204652&#038;hl=en&#038;gl=GB\" target=\"_new\" rel=\"noopener\">Bewertungen lesen<\/a><\/p>\n<h2><span class=\"ez-toc-section\" id=\"Chas_Mortimer\"><\/span>Chas Mortimer<span class=\"ez-toc-section-end\"><\/span><\/h2>\n<p><img decoding=\"async\" src=\"https:\/\/moverdb.com\/wp-content\/uploads\/thumbnailpanoid4AZ2ZR0VKsME0G27IC11lQcb_clientsearch.gws-prod.gpsw408h240yaw18.jpg\" alt='Chas Mortimer' class=\"aligncenter\"><\/p>\n<p><strong>Beschreibung des Unternehmens: <\/strong>Keine bereitgestellt<\/p>\n<p><strong>Zus\u00e4tzliche Dienstleistungen:<\/strong><\/p>\n<p>Nicht aufgelistet<\/p>\n<p><strong>Adresse:<\/strong> Charing Hill, Charing, Ashford TN27 0NL<\/p>\n<p><a href=\"http:\/\/www.chasmortimer.co.uk\/\" target=\"_new\" rel=\"noopener\">Chas Mortimer Website<\/a><\/p>\n<p><strong>Bewertung: <\/strong>4.5<br \/> <strong>Anzahl der Bewertungen:<\/strong> 13<br \/><a href=\"https:\/\/www.google.co.uk\/maps?cid=6374741749147290751&#038;hl=en&#038;gl=GB\" target=\"_new\" rel=\"noopener\">Bewertungen lesen<\/a><\/p>\n<h2><span class=\"ez-toc-section\" id=\"The_Custom_House_Transit\"><\/span>Das Zollhaus (Transit)<span class=\"ez-toc-section-end\"><\/span><\/h2>\n<p><img decoding=\"async\" src=\"https:\/\/moverdb.com\/wp-content\/uploads\/AF1QipPoSxMCWeMcNFCXVcSmFvJEvFjuUTNYjg_e4OC_w426-h240-k-no.jpg\" alt='Das Zollhaus (Transit)' class=\"aligncenter\"><\/p>\n<p><strong>Beschreibung des Unternehmens: <\/strong>The Custom House ist ein unabh\u00e4ngiger Zollagent (Zollmakler) mit Sitz in Sevington bei Ashford in Kent.<\/p>\n<p> Wir befinden uns an der wichtigsten Grenzkontrollstelle der Border Force im Landesinneren, dem wichtigsten Knotenpunkt f\u00c3?r den Handel zwischen dem Vereinigten K\u00c3\u00b6nigreich und Kontinentaleuropa.<\/p>\n<p>Wir erleichtern Importe, Exporte und Transite durch alle britischen <a href=\"https:\/\/moverdb.com\/de\/top-49-container-ports\/\" data-internallinksmanager029f6b8e52c=\"80\" title=\"Top 49 der gr\u00f6\u00dften und verkehrsreichsten Containerh\u00e4fen im Jahr 2025\">H\u00e4fen<\/a>Sie sind auf den Handel durch den Hafen von Dover und den Kanaltunnel spezialisiert.<\/p>\n<p><strong>Zus\u00e4tzliche Dienstleistungen:<\/strong><\/p>\n<p>Firmensitz<\/p>\n<p><strong>Adresse:<\/strong> Einheit 21, Arrowhead Road Waterbrook, Park, Ashford TN24 0FL<\/p>\n<p><a href=\"http:\/\/www.thecustomhouse.co.uk\/\" target=\"_new\" rel=\"noopener\">Die Website des Zollhauses (Transit)<\/a><\/p>\n<p><strong>Bewertung: <\/strong>4.4<br \/> <strong>Anzahl der Bewertungen:<\/strong> 30<br \/><a href=\"https:\/\/www.google.co.uk\/maps?cid=13081807234282010606&#038;hl=en&#038;gl=GB\" target=\"_new\" rel=\"noopener\">Bewertungen lesen<\/a><\/p>\n<h2><span class=\"ez-toc-section\" id=\"How_we_picked_the_best_Ashford_Freight_Forwarding_Companies\"><\/span>Wie wir die besten Ashford-Spediteure ausgew\u00e4hlt haben<span class=\"ez-toc-section-end\"><\/span><\/h2>\n<p>Wir begannen mit einem Datensatz von 18 Speditionsunternehmen in Ashford, die wir \u00fcber Google Maps finden konnten, und schr\u00e4nkten die Auswahl auf die besten 12 ein.<\/p>\n<p>Zu diesem Zweck haben wir alle Unternehmen entfernt, die:<\/p>\n<ul>\n<li> Hatte keine Website<\/li>\n<li> Hatte keine Bewertungen<\/li>\n<li> eine durchschnittliche Bewertung von weniger als 2,0 haben<\/li>\n<\/ul>\n<p>Wenn wir zu diesem Zeitpunkt 17 oder weniger Spediteure hatten, haben wir sie alle aufgelistet.<\/p>\n<p>F\u00fcr St\u00e4dte, in denen mehr als 17 Spediteure \u00fcbrig blieben, nahmen wir weitere \u00c4nderungen vor, indem wir entweder die erforderliche Bewertungsnote erh\u00f6hten (z. B. von mindestens 2,0 auf 4,0) und\/oder die Mindestanzahl der erforderlichen Bewertungen erh\u00f6hten (z. B. von mindestens einer Bewertung auf mindestens 10).<\/p>\n<p>Bitte beachten Sie, dass wir nur Bewertungsdaten von Google Maps und nicht von anderen Websites Dritter verwendet haben.<\/p>\n<p>Weitere St\u00e4dte:<\/p>\n<p><a href=\"https:\/\/moverdb.com\/de\/spediteur\/freight-forwarding-uk\/egham-freight-forwarder\/\">Egham Spediteur<\/a><br \/><a href=\"https:\/\/moverdb.com\/de\/spediteur\/freight-forwarding-uk\/leeds-freight-forwarder\/\">Leeds Spediteur<\/a><br \/><a href=\"https:\/\/moverdb.com\/de\/spediteur\/freight-forwarding-uk\/belfast-freight-forwarder\/\">Belfast Spediteur<\/a><br \/><a href=\"https:\/\/moverdb.com\/de\/spediteur\/freight-forwarding-uk\/hayes-freight-forwarder\/\">Hayes Spediteur<\/a><br \/><a href=\"https:\/\/moverdb.com\/de\/spediteur\/freight-forwarding-uk\/bradford-freight-forwarder\/\">Bradford Spediteur<\/a><\/p>","protected":false},"excerpt":{"rendered":"<p>Below we look at the 12 &#8220;best&#8221; Freight Forwarding companies in Ashford out of 18. To learn more about how we chose the best please consult our FAQ section at the end. Please not the following listings are in no particular order and we are not making any recommendations for any particular company. Rock-it Global [&hellip;]<\/p>\n","protected":false},"author":1,"featured_media":0,"parent":13427,"menu_order":0,"comment_status":"open","ping_status":"open","template":"","meta":{"_genesis_hide_title":false,"_genesis_hide_breadcrumbs":false,"_genesis_hide_singular_image":false,"_genesis_hide_footer_widgets":false,"_genesis_custom_body_class":"","_genesis_custom_post_class":"","_genesis_layout":"","footnotes":""},"class_list":{"0":"post-13667","1":"page","2":"type-page","3":"status-publish","5":"entry"},"_links":{"self":[{"href":"https:\/\/moverdb.com\/de\/wp-json\/wp\/v2\/pages\/13667","targetHints":{"allow":["GET"]}}],"collection":[{"href":"https:\/\/moverdb.com\/de\/wp-json\/wp\/v2\/pages"}],"about":[{"href":"https:\/\/moverdb.com\/de\/wp-json\/wp\/v2\/types\/page"}],"author":[{"embeddable":true,"href":"https:\/\/moverdb.com\/de\/wp-json\/wp\/v2\/users\/1"}],"replies":[{"embeddable":true,"href":"https:\/\/moverdb.com\/de\/wp-json\/wp\/v2\/comments?post=13667"}],"version-history":[{"count":1,"href":"https:\/\/moverdb.com\/de\/wp-json\/wp\/v2\/pages\/13667\/revisions"}],"predecessor-version":[{"id":15685,"href":"https:\/\/moverdb.com\/de\/wp-json\/wp\/v2\/pages\/13667\/revisions\/15685"}],"up":[{"embeddable":true,"href":"https:\/\/moverdb.com\/de\/wp-json\/wp\/v2\/pages\/13427"}],"wp:attachment":[{"href":"https:\/\/moverdb.com\/de\/wp-json\/wp\/v2\/media?parent=13667"}],"curies":[{"name":"wp","href":"https:\/\/api.w.org\/{rel}","templated":true}]}}