{"id":13614,"date":"2023-11-08T15:51:25","date_gmt":"2023-11-08T15:51:25","guid":{"rendered":"https:\/\/moverdb.com\/freight-forwarder\/freight-forwarding-uk\/hounslow-freight-forwarder\/"},"modified":"2026-01-08T14:55:37","modified_gmt":"2026-01-08T14:55:37","slug":"hounslow-freight-forwarder","status":"publish","type":"page","link":"https:\/\/moverdb.com\/de\/freight-forwarder\/freight-forwarding-uk\/hounslow-freight-forwarder\/","title":{"rendered":"15 beste Hounslow Speditionsunternehmen (2024)"},"content":{"rendered":"<p>Im Folgenden werden die 15 <em>\"Beste\"<\/em> Speditionsunternehmen in Hounslow von 51.<\/p>\n<p>Wenn Sie mehr dar\u00fcber erfahren m\u00f6chten, wie wir die Besten ausgew\u00e4hlt haben, konsultieren Sie bitte unseren FAQ-Bereich am Ende.<\/p>\n<p><em>Bitte beachten Sie, dass die folgenden Auflistungen in keiner bestimmten Reihenfolge stehen und wir keine Empfehlung f\u00fcr ein bestimmtes Unternehmen abgeben.<\/em><\/p>\n<div id=\"ez-toc-container\" class=\"ez-toc-v2_0_82_2 ez-toc-wrap-left counter-hierarchy ez-toc-counter ez-toc-transparent ez-toc-container-direction\">\n<div class=\"ez-toc-title-container\">\n<p class=\"ez-toc-title\" style=\"cursor:inherit\">Rubriken<\/p>\n<span class=\"ez-toc-title-toggle\"><a href=\"#\" class=\"ez-toc-pull-right ez-toc-btn ez-toc-btn-xs ez-toc-btn-default ez-toc-toggle\" aria-label=\"Inhaltsverzeichnis umschalten\"><span class=\"ez-toc-js-icon-con\"><span class=\"\"><span class=\"eztoc-hide\" style=\"display:none;\">Umschalten auf<\/span><span class=\"ez-toc-icon-toggle-span\"><svg style=\"fill: #999;color:#999\" xmlns=\"http:\/\/www.w3.org\/2000\/svg\" class=\"list-377408\" width=\"20px\" height=\"20px\" viewbox=\"0 0 24 24\" fill=\"none\"><path d=\"M6 6H4v2h2V6zm14 0H8v2h12V6zM4 11h2v2H4v-2zm16 0H8v2h12v-2zM4 16h2v2H4v-2zm16 0H8v2h12v-2z\" fill=\"currentColor\"><\/path><\/svg><svg style=\"fill: #999;color:#999\" class=\"arrow-unsorted-368013\" xmlns=\"http:\/\/www.w3.org\/2000\/svg\" width=\"10px\" height=\"10px\" viewbox=\"0 0 24 24\" version=\"1.2\" baseprofile=\"tiny\"><path d=\"M18.2 9.3l-6.2-6.3-6.2 6.3c-.2.2-.3.4-.3.7s.1.5.3.7c.2.2.4.3.7.3h11c.3 0 .5-.1.7-.3.2-.2.3-.5.3-.7s-.1-.5-.3-.7zM5.8 14.7l6.2 6.3 6.2-6.3c.2-.2.3-.5.3-.7s-.1-.5-.3-.7c-.2-.2-.4-.3-.7-.3h-11c-.3 0-.5.1-.7.3-.2.2-.3.5-.3.7s.1.5.3.7z\"\/><\/svg><\/span><\/span><\/span><\/a><\/span><\/div>\n<nav><ul class='ez-toc-list ez-toc-list-level-1 eztoc-toggle-hide-by-default' ><li class='ez-toc-page-1 ez-toc-heading-level-2'><a class=\"ez-toc-link ez-toc-heading-1\" href=\"https:\/\/moverdb.com\/de\/freight-forwarder\/freight-forwarding-uk\/hounslow-freight-forwarder\/#Globe_Air_Cargo\" >Globus Luftfracht<\/a><\/li><li class='ez-toc-page-1 ez-toc-heading-level-2'><a class=\"ez-toc-link ez-toc-heading-2\" href=\"https:\/\/moverdb.com\/de\/freight-forwarder\/freight-forwarding-uk\/hounslow-freight-forwarder\/#Expressway_Handling_Ltd\" >Expressway Handling Ltd.<\/a><\/li><li class='ez-toc-page-1 ez-toc-heading-level-2'><a class=\"ez-toc-link ez-toc-heading-3\" href=\"https:\/\/moverdb.com\/de\/freight-forwarder\/freight-forwarding-uk\/hounslow-freight-forwarder\/#Freight-link_Heathrow_Ltd\" >Freight-link Heathrow Ltd<\/a><\/li><li class='ez-toc-page-1 ez-toc-heading-level-2'><a class=\"ez-toc-link ez-toc-heading-4\" href=\"https:\/\/moverdb.com\/de\/freight-forwarder\/freight-forwarding-uk\/hounslow-freight-forwarder\/#Air_Marine_Ltd\" >Air Marine Ltd.<\/a><\/li><li class='ez-toc-page-1 ez-toc-heading-level-2'><a class=\"ez-toc-link ez-toc-heading-5\" href=\"https:\/\/moverdb.com\/de\/freight-forwarder\/freight-forwarding-uk\/hounslow-freight-forwarder\/#American_Airlines_Cargo\" >American Airlines Fracht<\/a><\/li><li class='ez-toc-page-1 ez-toc-heading-level-2'><a class=\"ez-toc-link ez-toc-heading-6\" href=\"https:\/\/moverdb.com\/de\/freight-forwarder\/freight-forwarding-uk\/hounslow-freight-forwarder\/#Airport_Perishable_Handling_Ltd\" >Airport Perishable Handling Ltd<\/a><\/li><li class='ez-toc-page-1 ez-toc-heading-level-2'><a class=\"ez-toc-link ez-toc-heading-7\" href=\"https:\/\/moverdb.com\/de\/freight-forwarder\/freight-forwarding-uk\/hounslow-freight-forwarder\/#E_S_F_Freight_Ltd\" >E S F Freight Ltd<\/a><\/li><li class='ez-toc-page-1 ez-toc-heading-level-2'><a class=\"ez-toc-link ez-toc-heading-8\" href=\"https:\/\/moverdb.com\/de\/freight-forwarder\/freight-forwarding-uk\/hounslow-freight-forwarder\/#Rohlig_UK_Ltd\" >Rohlig UK Ltd<\/a><\/li><li class='ez-toc-page-1 ez-toc-heading-level-2'><a class=\"ez-toc-link ez-toc-heading-9\" href=\"https:\/\/moverdb.com\/de\/freight-forwarder\/freight-forwarding-uk\/hounslow-freight-forwarder\/#Apxcel_Freight_Services_Ltd\" >Apxcel Freight Services Ltd<\/a><\/li><li class='ez-toc-page-1 ez-toc-heading-level-2'><a class=\"ez-toc-link ez-toc-heading-10\" href=\"https:\/\/moverdb.com\/de\/freight-forwarder\/freight-forwarding-uk\/hounslow-freight-forwarder\/#Morrison_Express_Corporation_UK_Ltd\" >Morrison Express Corporation UK Ltd.<\/a><\/li><li class='ez-toc-page-1 ez-toc-heading-level-2'><a class=\"ez-toc-link ez-toc-heading-11\" href=\"https:\/\/moverdb.com\/de\/freight-forwarder\/freight-forwarding-uk\/hounslow-freight-forwarder\/#Yamato_Transport_Europe_B_V\" >Yamato Transport Europa B V<\/a><\/li><li class='ez-toc-page-1 ez-toc-heading-level-2'><a class=\"ez-toc-link ez-toc-heading-12\" href=\"https:\/\/moverdb.com\/de\/freight-forwarder\/freight-forwarding-uk\/hounslow-freight-forwarder\/#ASM_Freight_Services_UK_Customs_Clearance_Agent\" >ASM Freight Services UK Zollabfertigungsagent<\/a><\/li><li class='ez-toc-page-1 ez-toc-heading-level-2'><a class=\"ez-toc-link ez-toc-heading-13\" href=\"https:\/\/moverdb.com\/de\/freight-forwarder\/freight-forwarding-uk\/hounslow-freight-forwarder\/#GR_FREIGHT_SERVICES_UK_CUSTOM_CLEARANCE_AGENT\" >GR FREIGHT SERVICES UK ZOLLABFERTIGUNG AGENT<\/a><\/li><li class='ez-toc-page-1 ez-toc-heading-level-2'><a class=\"ez-toc-link ez-toc-heading-14\" href=\"https:\/\/moverdb.com\/de\/freight-forwarder\/freight-forwarding-uk\/hounslow-freight-forwarder\/#Ligentia\" >Ligentia<\/a><\/li><li class='ez-toc-page-1 ez-toc-heading-level-2'><a class=\"ez-toc-link ez-toc-heading-15\" href=\"https:\/\/moverdb.com\/de\/freight-forwarder\/freight-forwarding-uk\/hounslow-freight-forwarder\/#Global_Freight_Systems\" >Globale Frachtsysteme<\/a><\/li><li class='ez-toc-page-1 ez-toc-heading-level-2'><a class=\"ez-toc-link ez-toc-heading-16\" href=\"https:\/\/moverdb.com\/de\/freight-forwarder\/freight-forwarding-uk\/hounslow-freight-forwarder\/#How_we_picked_the_best_Hounslow_Freight_Forwarding_Companies\" >Wie wir die besten Hounslow-Spediteure ausgew\u00e4hlt haben<\/a><\/li><\/ul><\/nav><\/div>\n<h2><span class=\"ez-toc-section\" id=\"Globe_Air_Cargo\"><\/span>Globus Luftfracht<span class=\"ez-toc-section-end\"><\/span><\/h2>\n<p><img decoding=\"async\" src=\"https:\/\/moverdb.com\/wp-content\/uploads\/AF1QipNNdu4AMbqsTW2QB8ny0p7xePBSqz2mYQwupFnqw426-h240-k-no.jpg\" alt='Globus Luftfracht' class=\"aligncenter\"><\/p>\n<p><strong>Beschreibung des Unternehmens: <\/strong>Keine bereitgestellt<\/p>\n<p><strong>Zus\u00e4tzliche Dienstleistungen:<\/strong><\/p>\n<p>Nicht aufgelistet<\/p>\n<p><strong>Adresse:<\/strong> 550 Shoreham Rd E, Hounslow TW6 3UA<\/p>\n<p><a href=\"https:\/\/ecsgroup.aero\/\" target=\"_new\" rel=\"noopener\">Website von Globe Air Cargo<\/a><\/p>\n<p><strong>Bewertung: <\/strong>4<br \/> <strong>Anzahl der Bewertungen:<\/strong> 4<br \/><a href=\"https:\/\/www.google.co.uk\/maps?cid=18184129094433607559&#038;hl=en&#038;gl=GB\" target=\"_new\" rel=\"noopener\">Bewertungen lesen<\/a><\/p>\n<h2><span class=\"ez-toc-section\" id=\"Expressway_Handling_Ltd\"><\/span>Expressway Handling Ltd.<span class=\"ez-toc-section-end\"><\/span><\/h2>\n<p><img decoding=\"async\" src=\"https:\/\/moverdb.com\/wp-content\/uploads\/AF1QipPpoxWmh-py9KzNsR0O0sEOLKbBVqW6dQNW82Yqw408-h306-k-no.jpg\" alt=\"Expressway Handling Ltd.\" class=\"aligncenter\"><\/p>\n<p><strong>Beschreibung des Unternehmens: <\/strong>Expressway Handling ist ein privates Unternehmen mit Sitz in der N\u00e4he des Flughafens Heathrow.<\/p>\n<p> Wir sind stolz auf unseren Service, den wir durch eine Mischung aus sich st\u00e4ndig weiterentwickelnden I erreichen.<\/p>\n<p>T.<\/p>\n<p> Systeme und gute altmodische Kundenbeziehungen.<\/p>\n<p>Von unseren B\u00fcros in Heathrow aus bieten wir <a href=\"https:\/\/moverdb.com\/de\/moving-to-the-uk\/\" data-internallinksmanager029f6b8e52c=\"93\" title=\"Umzug in das Vereinigte K\u00f6nigreich? 2026 Lebenshaltungskosten &amp; Umzugstipps\">UK<\/a> und europ\u00e4ische Vertriebsdienste sowie Frachtabfertigung und Luftfrachtkontrolle.<\/p>\n<p>Wir wissen, dass in der Logistikbranche die Zeit f\u00fcr unsere Kunden sehr wertvoll ist, daher bieten wir einen \"One Stop Shop\"-Ansatz.<\/p>\n<p> Sei es durch unsere vielseitige Fahrzeugflotte, die das Vereinigte K\u00f6nigreich und Europa abdeckt, oder durch unsere eigene, von der Zivilluftfahrtbeh\u00f6rde zugelassene Lagereinrichtung mit vollst\u00e4ndiger Luftfrachtkontrolle vor Ort.<\/p>\n<p>.<\/p>\n<p>.<\/p>\n<p>.<\/p>\n<p>.<\/p>\n<p>.<\/p>\n<p>.<\/p>\n<p> wir k\u00f6nnen helfen.<\/p>\n<p><strong>Zus\u00e4tzliche Dienstleistungen:<\/strong><\/p>\n<p>Lieferfirma<\/p>\n<p><strong>Adresse:<\/strong> Einheit 5 Central Park Estate, Staines Rd TW4 5DJ<\/p>\n<p><a href=\"http:\/\/expresswayhandling.co.uk\/\" target=\"_new\" rel=\"noopener\">Website von Expressway Handling Ltd<\/a><\/p>\n<p><strong>Bewertung: <\/strong>4.2<br \/> <strong>Anzahl der Bewertungen:<\/strong> 14<br \/><a href=\"https:\/\/www.google.co.uk\/maps?cid=14018976019360760688&#038;hl=en&#038;gl=GB\" target=\"_new\" rel=\"noopener\">Bewertungen lesen<\/a><\/p>\n<h2><span class=\"ez-toc-section\" id=\"Freight-link_Heathrow_Ltd\"><\/span>Freight-link Heathrow Ltd<span class=\"ez-toc-section-end\"><\/span><\/h2>\n<p><img decoding=\"async\" src=\"https:\/\/moverdb.com\/wp-content\/uploads\/thumbnailpanoidG5H1AQFtvGKCDGCb9jcOJAcb_clientsearch.gws-prod.gpsw408h240yaw328.jpg\" alt='Freight-link Heathrow Ltd' class=\"aligncenter\"><\/p>\n<p><strong>Beschreibung des Unternehmens: <\/strong>Keine bereitgestellt<\/p>\n<p><strong>Zus\u00e4tzliche Dienstleistungen:<\/strong><\/p>\n<p>Nicht aufgelistet<\/p>\n<p><strong>Adresse:<\/strong> Obere Ebene X2, Eastern Perimeter Road, Hounslow TW6 2GE<\/p>\n<p><a href=\"http:\/\/www.freight-linkheathrow.net\/\" target=\"_new\" rel=\"noopener\">Website von Freight-link Heathrow Ltd<\/a><\/p>\n<p><strong>Bewertung: <\/strong>4<br \/> <strong>Anzahl der Bewertungen:<\/strong> 4<br \/><a href=\"https:\/\/www.google.co.uk\/maps?cid=11902433720063367172&#038;hl=en&#038;gl=GB\" target=\"_new\" rel=\"noopener\">Bewertungen lesen<\/a><\/p>\n<h2><span class=\"ez-toc-section\" id=\"Air_Marine_Ltd\"><\/span>Air Marine Ltd.<span class=\"ez-toc-section-end\"><\/span><\/h2>\n<p><img decoding=\"async\" src=\"\" alt=\"Air Marine Ltd.\" class=\"aligncenter\"><\/p>\n<p><strong>Beschreibung des Unternehmens: <\/strong>Keine bereitgestellt<\/p>\n<p><strong>Zus\u00e4tzliche Dienstleistungen:<\/strong><\/p>\n<p>Nicht aufgelistet<\/p>\n<p><strong>Adresse:<\/strong> Geb\u00e4ude\/202 Elgin Cres, Hounslow TW6 2RX<\/p>\n<p><a href=\"http:\/\/www.airmarine.co.uk\/\" target=\"_new\" rel=\"noopener\">Air Marine Ltd Website<\/a><\/p>\n<p><strong>Bewertung: <\/strong>4.8<br \/> <strong>Anzahl der Bewertungen:<\/strong> 5<br \/><a href=\"https:\/\/www.google.co.uk\/maps?cid=10321598327856490311&#038;hl=en&#038;gl=GB\" target=\"_new\" rel=\"noopener\">Bewertungen lesen<\/a><\/p>\n<h2><span class=\"ez-toc-section\" id=\"American_Airlines_Cargo\"><\/span>American Airlines Fracht<span class=\"ez-toc-section-end\"><\/span><\/h2>\n<p><img decoding=\"async\" src=\"https:\/\/moverdb.com\/wp-content\/uploads\/AF1QipNVK7JRlQZo6S851rSq1f3zzXlbYKpS0_Aoh44jw408-h272-k-no.jpg\" alt='American Airlines Fracht' class=\"aligncenter\"><\/p>\n<p><strong>Beschreibung des Unternehmens: <\/strong>Keine bereitgestellt<\/p>\n<p><strong>Zus\u00e4tzliche Dienstleistungen:<\/strong><\/p>\n<p>Nicht aufgelistet<\/p>\n<p><strong>Adresse:<\/strong> 552 Shoreham Rd E, Hounslow TW6 3NH<\/p>\n<p><a href=\"https:\/\/www.aacargo.com\/index.html\" target=\"_new\" rel=\"noopener\">Website von American Airlines Cargo<\/a><\/p>\n<p><strong>Bewertung: <\/strong>4<br \/> <strong>Anzahl der Bewertungen:<\/strong> 58<br \/><a href=\"https:\/\/www.google.co.uk\/maps?cid=8823833653476083562&#038;hl=en&#038;gl=GB\" target=\"_new\" rel=\"noopener\">Bewertungen lesen<\/a><\/p>\n<h2><span class=\"ez-toc-section\" id=\"Airport_Perishable_Handling_Ltd\"><\/span>Airport Perishable Handling Ltd<span class=\"ez-toc-section-end\"><\/span><\/h2>\n<p><img decoding=\"async\" src=\"\" alt=\"Airport Perishable Handling Ltd\" class=\"aligncenter\"><\/p>\n<p><strong>Beschreibung des Unternehmens: <\/strong>Keine bereitgestellt<\/p>\n<p><strong>Zus\u00e4tzliche Dienstleistungen:<\/strong><\/p>\n<p>Nicht aufgelistet<\/p>\n<p><strong>Adresse:<\/strong> 588 Sandringham Rd, Hounslow TW6 3SF<\/p>\n<p><a href=\"https:\/\/www.airportperishablehandling.com\/pages\/contact-us\" target=\"_new\" rel=\"noopener\">Website von Airport Perishable Handling Ltd<\/a><\/p>\n<p><strong>Bewertung: <\/strong>5<br \/> <strong>Anzahl der Bewertungen:<\/strong> 2<br \/><a href=\"https:\/\/www.google.co.uk\/maps?cid=1137786957161513222&#038;hl=en&#038;gl=GB\" target=\"_new\" rel=\"noopener\">Bewertungen lesen<\/a><\/p>\n<h2><span class=\"ez-toc-section\" id=\"E_S_F_Freight_Ltd\"><\/span>E S F Freight Ltd<span class=\"ez-toc-section-end\"><\/span><\/h2>\n<p><img decoding=\"async\" src=\"https:\/\/moverdb.com\/wp-content\/uploads\/thumbnailpanoidBmgANQm8T3qvsz1nPiduMAcb_clientsearch.gws-prod.gpsw408h240yaw266.jpg\" alt='E S F Freight Ltd' class=\"aligncenter\"><\/p>\n<p><strong>Beschreibung des Unternehmens: <\/strong>Keine bereitgestellt<\/p>\n<p><strong>Zus\u00e4tzliche Dienstleistungen:<\/strong><\/p>\n<p>Nicht aufgelistet<\/p>\n<p><strong>Adresse:<\/strong> 50 Salisbury Rd, Hounslow TW4 6JQ<\/p>\n<p><a href=\"http:\/\/esffreight.co.uk\/\" target=\"_new\" rel=\"noopener\">E S F Freight Ltd Website<\/a><\/p>\n<p><strong>Bewertung: <\/strong>5<br \/> <strong>Anzahl der Bewertungen:<\/strong> 1<br \/><a href=\"https:\/\/www.google.co.uk\/maps?cid=8565816224196322685&#038;hl=en&#038;gl=GB\" target=\"_new\" rel=\"noopener\">Bewertungen lesen<\/a><\/p>\n<h2><span class=\"ez-toc-section\" id=\"Rohlig_UK_Ltd\"><\/span>Rohlig UK Ltd<span class=\"ez-toc-section-end\"><\/span><\/h2>\n<p><img decoding=\"async\" src=\"https:\/\/moverdb.com\/wp-content\/uploads\/AF1QipNVvr88LWiuTG2fiHevQnNRtaOAZoNeSFo4yLxYw460-h240-k-no.png\" alt='Rohlig UK Ltd' class=\"aligncenter\"><\/p>\n<p><strong>Beschreibung des Unternehmens: <\/strong>Keine bereitgestellt<\/p>\n<p><strong>Zus\u00e4tzliche Dienstleistungen:<\/strong><\/p>\n<p>Nicht aufgelistet<\/p>\n<p><strong>Adresse:<\/strong> World Business Centre, Newall Rd, Hounslow TW6 2TA<\/p>\n<p><a href=\"http:\/\/www.rohlig.com\/\" target=\"_new\" rel=\"noopener\">Website von Rohlig UK Ltd<\/a><\/p>\n<p><strong>Bewertung: <\/strong>5<br \/> <strong>Anzahl der Bewertungen:<\/strong> 1<br \/><a href=\"https:\/\/www.google.co.uk\/maps?cid=4362682240548828503&#038;hl=en&#038;gl=GB\" target=\"_new\" rel=\"noopener\">Bewertungen lesen<\/a><\/p>\n<h2><span class=\"ez-toc-section\" id=\"Apxcel_Freight_Services_Ltd\"><\/span>Apxcel Freight Services Ltd<span class=\"ez-toc-section-end\"><\/span><\/h2>\n<p><img decoding=\"async\" src=\"https:\/\/moverdb.com\/wp-content\/uploads\/thumbnailpanoidBmgANQm8T3qvsz1nPiduMAcb_clientsearch.gws-prod.gpsw408h240yaw276.jpg\" alt='Apxcel Freight Services Ltd' class=\"aligncenter\"><\/p>\n<p><strong>Beschreibung des Unternehmens: <\/strong>Zollmakler, Seefracht, Luftfracht, Speditionsservice, Import- und Exportberatung<\/p>\n<p><strong>Zus\u00e4tzliche Dienstleistungen:<\/strong><\/p>\n<p>Zollmakler<\/p>\n<p>Zollberater<\/p>\n<p><strong>Adresse:<\/strong> Suite 12a, 3. Stock, Vista Centre, 50 Salisbury Rd, Hounslow TW4 6JQ<\/p>\n<p><a href=\"http:\/\/www.apxcel.com\/\" target=\"_new\" rel=\"noopener\">Apxcel Freight Services Ltd Website<\/a><\/p>\n<p><strong>Bewertung: <\/strong>5<br \/> <strong>Anzahl der Bewertungen:<\/strong> 3<br \/><a href=\"https:\/\/www.google.co.uk\/maps?cid=5505076040473385360&#038;hl=en&#038;gl=GB\" target=\"_new\" rel=\"noopener\">Bewertungen lesen<\/a><\/p>\n<h2><span class=\"ez-toc-section\" id=\"Morrison_Express_Corporation_UK_Ltd\"><\/span>Morrison Express Corporation UK Ltd.<span class=\"ez-toc-section-end\"><\/span><\/h2>\n<p><img decoding=\"async\" src=\"https:\/\/moverdb.com\/wp-content\/uploads\/thumbnailpanoidtVxhUDEsv8IcgsjA5horeQcb_clientsearch.gws-prod.gpsw408h240yaw299.jpg\" alt='Morrison Express Corporation UK Ltd.' class=\"aligncenter\"><\/p>\n<p><strong>Beschreibung des Unternehmens: <\/strong>Die Morrison Express Corporation \u00f6ffnete ihre T\u00fcren im Jahr 1972.<\/p>\n<p> Benannt nach dem h\u00f6chsten Berg Taiwans, dem Morrison Peak der Jade Mountain Range.<\/p>\n<p> Als wir unsere Arbeit aufnahmen, war unser Geist stark und unser Ziel hoch gesteckt.<\/p>\n<p> Einfach, um unserem Namen gerecht zu werden.<\/p>\n<p> Das Streben nach dem Gipfel, der h\u00f6chsten Spitze der globalen Transport- und Logistikbranche<\/p>\n<p><strong>Zus\u00e4tzliche Dienstleistungen:<\/strong><\/p>\n<p>Nicht aufgelistet<\/p>\n<p><strong>Adresse:<\/strong> Einheit 6, X2 Building, Eastern Perimeter Rd, Hatton, Hounslow UB7 0EX<\/p>\n<p><a href=\"http:\/\/www.morrisonexpress.com\/index.php\" target=\"_new\" rel=\"noopener\">Morrison Express Corporation UK Ltd Website<\/a><\/p>\n<p><strong>Bewertung: <\/strong>5<br \/> <strong>Anzahl der Bewertungen:<\/strong> 1<br \/><a href=\"https:\/\/www.google.co.uk\/maps?cid=13042134536585827117&#038;hl=en&#038;gl=GB\" target=\"_new\" rel=\"noopener\">Bewertungen lesen<\/a><\/p>\n<h2><span class=\"ez-toc-section\" id=\"Yamato_Transport_Europe_B_V\"><\/span>Yamato Transport Europa B V<span class=\"ez-toc-section-end\"><\/span><\/h2>\n<p><img decoding=\"async\" src=\"\" alt=\"Yamato Transport Europa B V\" class=\"aligncenter\"><\/p>\n<p><strong>Beschreibung des Unternehmens: <\/strong>Keine bereitgestellt<\/p>\n<p><strong>Zus\u00e4tzliche Dienstleistungen:<\/strong><\/p>\n<p>Nicht aufgelistet<\/p>\n<p><strong>Adresse:<\/strong> Einheit 2, Heathrow International Trading Estate, Green Ln, Hounslow TW4 6HB<\/p>\n<p><a href=\"https:\/\/www.yamatoeurope.com\/\" target=\"_new\" rel=\"noopener\">Yamato Transport Europe B V Website<\/a><\/p>\n<p><strong>Bewertung: <\/strong>5<br \/> <strong>Anzahl der Bewertungen:<\/strong> 5<br \/><a href=\"https:\/\/www.google.co.uk\/maps?cid=13699711474701205415&#038;hl=en&#038;gl=GB\" target=\"_new\" rel=\"noopener\">Bewertungen lesen<\/a><\/p>\n<h2><span class=\"ez-toc-section\" id=\"ASM_Freight_Services_UK_Customs_Clearance_Agent\"><\/span>ASM Freight Services UK Zollabfertigungsagent<span class=\"ez-toc-section-end\"><\/span><\/h2>\n<p><img decoding=\"async\" src=\"https:\/\/moverdb.com\/wp-content\/uploads\/AF1QipMBZnPnADmo57P5gYeXtHl6Xt9qeww3cAmGNgS4w408-h306-k-no.png\" alt='ASM Freight Services UK Zollabfertigungsagent' class=\"aligncenter\"><\/p>\n<p><strong>Beschreibung des Unternehmens: <\/strong>ASM hat sich zu einem f\u00fchrenden Anbieter von globalen Lieferketten- und Logistikl\u00f6sungen in den Bereichen Luft- und Seefracht, Lagerhaltung und erg\u00e4nzenden Branchenverfahren und -l\u00f6sungen entwickelt.<\/p>\n<p> Wir bieten Zollabfertigung Heathrow, Importe Heathrow, Seefracht Heathrow, Luftfracht Heathrow, Containerabfertigung Heathrow und Logistikl\u00f6sungen.<\/p>\n<p> Unser kontinuierliches Wachstum in diesem schnelllebigen Umfeld ist ein Beweis daf\u00fcr, dass wir uns von Anfang an verpflichtet haben, ein einzigartiges, qualitativ hochwertiges und boutique\u00e4hnliches Serviceniveau zu bieten und gleichzeitig die Normen herk\u00f6mmlicher Logistikanbieter immer wieder in Frage zu stellen.<\/p>\n<p><strong>Zus\u00e4tzliche Dienstleistungen:<\/strong><\/p>\n<p>Zollmakler<\/p>\n<p>Zolllager<\/p>\n<p>Import-Export-Unternehmen<\/p>\n<p>Logistikdienstleistung<\/p>\n<p>Lieferfirma<\/p>\n<p><strong>Adresse:<\/strong> Flughafen Heathrow, Jolyon House, Amberley Way, Hounslow TW4 6BH<\/p>\n<p><a href=\"https:\/\/asmfreight.co.uk\/\" target=\"_new\" rel=\"noopener\">ASM Freight Services UK Customs Clearance Agent Website<\/a><\/p>\n<p><strong>Bewertung: <\/strong>5<br \/> <strong>Anzahl der Bewertungen:<\/strong> 67<br \/><a href=\"https:\/\/www.google.co.uk\/maps?cid=10709402844354100596&#038;hl=en&#038;gl=GB\" target=\"_new\" rel=\"noopener\">Bewertungen lesen<\/a><\/p>\n<h2><span class=\"ez-toc-section\" id=\"GR_FREIGHT_SERVICES_UK_CUSTOM_CLEARANCE_AGENT\"><\/span>GR FREIGHT SERVICES UK ZOLLABFERTIGUNG AGENT<span class=\"ez-toc-section-end\"><\/span><\/h2>\n<p><img decoding=\"async\" src=\"https:\/\/moverdb.com\/wp-content\/uploads\/AF1QipO359fre5KsBdit3U_HXEbB4w7zihF8p6CDOFTBw408-h289-k-no.jpg\" alt='GR FREIGHT SERVICES UK ZOLLABFERTIGUNG AGENT' class=\"aligncenter\"><\/p>\n<p><strong>Beschreibung des Unternehmens: <\/strong>GR Freight Services bietet Ihnen die besten Dienstleistungen zu sehr g\u00fcnstigen Preisen.<\/p>\n<p> Wir sind ein unabh\u00e4ngiges britisches Unternehmen f\u00fcr Fracht und Zollabfertigung im Export\/Import<\/p>\n<p><strong>Zus\u00e4tzliche Dienstleistungen:<\/strong><\/p>\n<p>Nicht aufgelistet<\/p>\n<p><strong>Adresse:<\/strong> VISTA CENTRE, 50 Salisbury Rd, Hounslow TW4 6JQ<\/p>\n<p><a href=\"https:\/\/grfreightservices.com\/\" target=\"_new\" rel=\"noopener\">GR FREIGHT SERVICES UK CUSTOM CLEARANCE AGENT Website<\/a><\/p>\n<p><strong>Bewertung: <\/strong>4.9<br \/> <strong>Anzahl der Bewertungen:<\/strong> 103<br \/><a href=\"https:\/\/www.google.co.uk\/maps?cid=4914496501845168104&#038;hl=en&#038;gl=GB\" target=\"_new\" rel=\"noopener\">Bewertungen lesen<\/a><\/p>\n<h2><span class=\"ez-toc-section\" id=\"Ligentia\"><\/span>Ligentia<span class=\"ez-toc-section-end\"><\/span><\/h2>\n<p><img decoding=\"async\" src=\"https:\/\/moverdb.com\/wp-content\/uploads\/AF1QipMp-rdB8OLG27ZYzeaSre2H-uCmWQ9hC38qc5L2w408-h725-k-no.jpg\" alt='Ligentia' class=\"aligncenter\"><\/p>\n<p><strong>Beschreibung des Unternehmens: <\/strong>Keine bereitgestellt<\/p>\n<p><strong>Zus\u00e4tzliche Dienstleistungen:<\/strong><\/p>\n<p>Logistik<\/p>\n<p><strong>Adresse:<\/strong> Einheit C Parkway West, Cranford Ln, Heston TW5 9QA<\/p>\n<p><a href=\"http:\/\/www.ligentia.com\/\" target=\"_new\" rel=\"noopener\">Ligentia-Website<\/a><\/p>\n<p><strong>Bewertung: <\/strong>4.8<br \/> <strong>Anzahl der Bewertungen:<\/strong> 9<br \/><a href=\"https:\/\/www.google.co.uk\/maps?cid=8622497080151257850&#038;hl=en&#038;gl=GB\" target=\"_new\" rel=\"noopener\">Bewertungen lesen<\/a><\/p>\n<h2><span class=\"ez-toc-section\" id=\"Global_Freight_Systems\"><\/span>Globale Frachtsysteme<span class=\"ez-toc-section-end\"><\/span><\/h2>\n<p><img decoding=\"async\" src=\"\" alt=\"Globale Frachtsysteme\" class=\"aligncenter\"><\/p>\n<p><strong>Beschreibung des Unternehmens: <\/strong>Keine bereitgestellt<\/p>\n<p><strong>Zus\u00e4tzliche Dienstleistungen:<\/strong><\/p>\n<p>Nicht aufgelistet<\/p>\n<p><strong>Adresse:<\/strong> Flughafen Heathrow, Unit 5, X2 Building, Eastern Perimeter Rd, Hatton TW6 2GE<\/p>\n<p><a href=\"http:\/\/globalfreightsystems.co.uk\/\" target=\"_new\" rel=\"noopener\">Website von Global Freight Systems<\/a><\/p>\n<p><strong>Bewertung: <\/strong>5<br \/> <strong>Anzahl der Bewertungen:<\/strong> 1<br \/><a href=\"https:\/\/www.google.co.uk\/maps?cid=14963894912548206567&#038;hl=en&#038;gl=GB\" target=\"_new\" rel=\"noopener\">Bewertungen lesen<\/a><\/p>\n<h2><span class=\"ez-toc-section\" id=\"How_we_picked_the_best_Hounslow_Freight_Forwarding_Companies\"><\/span>Wie wir die besten Hounslow-Spediteure ausgew\u00e4hlt haben<span class=\"ez-toc-section-end\"><\/span><\/h2>\n<p>Wir begannen mit einem Datensatz von 51 Speditionsunternehmen in Hounslow, die wir \u00fcber Google Maps finden konnten, und schr\u00e4nkten die Auswahl auf die besten 15 ein.<\/p>\n<p>Zu diesem Zweck haben wir alle Unternehmen entfernt, die:<\/p>\n<ul>\n<li> Hatte keine Website<\/li>\n<li> Hatte keine Bewertungen<\/li>\n<li> eine durchschnittliche Bewertung von weniger als 2,0 haben<\/li>\n<\/ul>\n<p>Wenn wir zu diesem Zeitpunkt 17 oder weniger Spediteure hatten, haben wir sie alle aufgelistet.<\/p>\n<p>F\u00fcr St\u00e4dte, in denen mehr als 17 Spediteure \u00fcbrig blieben, nahmen wir weitere \u00c4nderungen vor, indem wir entweder die erforderliche Bewertungsnote erh\u00f6hten (z. B. von mindestens 2,0 auf 4,0) und\/oder die Mindestanzahl der erforderlichen Bewertungen erh\u00f6hten (z. B. von mindestens einer Bewertung auf mindestens 10).<\/p>\n<p>Bitte beachten Sie, dass wir nur Bewertungsdaten von Google Maps und nicht von anderen Websites Dritter verwendet haben.<\/p>\n<p>Weitere St\u00e4dte:<\/p>\n<p><a href=\"https:\/\/moverdb.com\/de\/spediteur\/freight-forwarding-uk\/bristol-freight-forwarder\/\">Bristol Spediteur<\/a><br \/><a href=\"https:\/\/moverdb.com\/de\/spediteur\/freight-forwarding-uk\/sheffield-freight-forwarder\/\">Sheffield Spediteur<\/a><br \/><a href=\"https:\/\/moverdb.com\/de\/spediteur\/freight-forwarding-uk\/dover-freight-forwarder\/\">Dover Spediteur<\/a><br \/><a href=\"https:\/\/moverdb.com\/de\/spediteur\/freight-forwarding-uk\/ashford-freight-forwarder\/\">Ashford Spediteur<\/a><br \/><a href=\"https:\/\/moverdb.com\/de\/spediteur\/freight-forwarding-uk\/egham-freight-forwarder\/\">Egham Spediteur<\/a><\/p>","protected":false},"excerpt":{"rendered":"<p>Below we look at the 15 &#8220;best&#8221; Freight Forwarding companies in Hounslow out of 51. To learn more about how we chose the best please consult our FAQ section at the end. Please not the following listings are in no particular order and we are not making any recommendations for any particular company. Globe Air [&hellip;]<\/p>\n","protected":false},"author":1,"featured_media":0,"parent":13427,"menu_order":0,"comment_status":"open","ping_status":"open","template":"","meta":{"_genesis_hide_title":false,"_genesis_hide_breadcrumbs":false,"_genesis_hide_singular_image":false,"_genesis_hide_footer_widgets":false,"_genesis_custom_body_class":"","_genesis_custom_post_class":"","_genesis_layout":"","footnotes":""},"class_list":{"0":"post-13614","1":"page","2":"type-page","3":"status-publish","5":"entry","6":"has-post-thumbnail"},"_links":{"self":[{"href":"https:\/\/moverdb.com\/de\/wp-json\/wp\/v2\/pages\/13614","targetHints":{"allow":["GET"]}}],"collection":[{"href":"https:\/\/moverdb.com\/de\/wp-json\/wp\/v2\/pages"}],"about":[{"href":"https:\/\/moverdb.com\/de\/wp-json\/wp\/v2\/types\/page"}],"author":[{"embeddable":true,"href":"https:\/\/moverdb.com\/de\/wp-json\/wp\/v2\/users\/1"}],"replies":[{"embeddable":true,"href":"https:\/\/moverdb.com\/de\/wp-json\/wp\/v2\/comments?post=13614"}],"version-history":[{"count":1,"href":"https:\/\/moverdb.com\/de\/wp-json\/wp\/v2\/pages\/13614\/revisions"}],"predecessor-version":[{"id":15690,"href":"https:\/\/moverdb.com\/de\/wp-json\/wp\/v2\/pages\/13614\/revisions\/15690"}],"up":[{"embeddable":true,"href":"https:\/\/moverdb.com\/de\/wp-json\/wp\/v2\/pages\/13427"}],"wp:attachment":[{"href":"https:\/\/moverdb.com\/de\/wp-json\/wp\/v2\/media?parent=13614"}],"curies":[{"name":"wp","href":"https:\/\/api.w.org\/{rel}","templated":true}]}}