{"id":11671,"date":"2023-11-29T10:19:29","date_gmt":"2023-11-29T10:19:29","guid":{"rendered":"https:\/\/moverdb.com\/?page_id=11671"},"modified":"2026-01-08T15:23:52","modified_gmt":"2026-01-08T15:23:52","slug":"moving-companies-us-utah","status":"publish","type":"page","link":"https:\/\/moverdb.com\/de\/moving-companies\/moving-companies-us-utah\/","title":{"rendered":"2 beste internationale Umzugsunternehmen in Utah"},"content":{"rendered":"<p>Ein Umzug kann eine der stressigsten Zeiten in Ihrem Leben sein, warum also nicht die Unterst\u00fctzung eines <a href=\"https:\/\/moverdb.com\/de\/moving-companies\/\" data-internallinksmanager029f6b8e52c=\"79\" title=\"Top 25 Internationale Umzugsunternehmen Online\">Umzugsunternehmen<\/a> um den Druck zu verringern? Ein Umzugsunternehmen kann Ihren Umzug planen, den Transport organisieren, Ihre Sachen verpacken und bei einem Umzug in ein anderes Land auch die Zollformalit\u00e4ten erledigen. Im Folgenden haben wir eine Liste zusammengestellt mit <a href=\"https:\/\/moverdb.com\/de\/moving-to-the-united-states\/moving-to-utah\/\" data-internallinksmanager029f6b8e52c=\"439\" title=\"Umzug nach Utah? 2026 Lebenshaltungskosten &amp; Umzugstipps\">Utah<\/a> basiert <a href=\"https:\/\/moverdb.com\/de\/international-removals\/\" data-internallinksmanager029f6b8e52c=\"27\" title=\"36 Beste internationale Umzugsunternehmen in Gro\u00dfbritannien\">Umzugsunternehmen<\/a> die Mitglieder der <a href=\"https:\/\/moverdb.com\/de\/iam\/\" data-internallinksmanager029f6b8e52c=\"23\" title=\"International Association of Movers (IAM) erkl\u00e4rt\">Internationaler Verband der M\u00f6belspediteure<\/a> (IAM) und\/oder <a href=\"https:\/\/moverdb.com\/de\/fidi-faim\/\" data-internallinksmanager029f6b8e52c=\"16\" title=\"FIDI &amp; FAIM (FIDI Accredited International Mover) Erl\u00e4utert\">FIDI<\/a> Accredited International Mover (FAIM), die Sie bei Ihrem Umzug unterst\u00fctzen k\u00f6nnen.<\/p>\n<h2><strong>1. Verm\u00e4chtnis Umzug<\/strong><\/h2>\n<p><img loading=\"lazy\" decoding=\"async\" class=\"alignnone size-full wp-image-11363\" src=\"https:\/\/moverdb.com\/wp-content\/uploads\/Legacy-Moving-international-moving-company.png\" alt=\"Legacy Moving internationales Umzugsunternehmen\" width=\"1440\" height=\"675\" data-wp-pid=\"11363\" srcset=\"https:\/\/moverdb.com\/wp-content\/uploads\/Legacy-Moving-international-moving-company.png 1440w, https:\/\/moverdb.com\/wp-content\/uploads\/Legacy-Moving-international-moving-company-300x141.png 300w, https:\/\/moverdb.com\/wp-content\/uploads\/Legacy-Moving-international-moving-company-1024x480.png 1024w, https:\/\/moverdb.com\/wp-content\/uploads\/Legacy-Moving-international-moving-company-18x8.png 18w, https:\/\/moverdb.com\/wp-content\/uploads\/Legacy-Moving-international-moving-company-600x281.png 600w\" sizes=\"auto, (max-width: 1440px) 100vw, 1440px\" \/><\/p>\n<ul>\n<li>Nationale Umz\u00fcge<\/li>\n<li>Internationale Umz\u00fcge<\/li>\n<li>Umz\u00fcge in Wohnungen<\/li>\n<li>Kommerzielle und B\u00fcroumz\u00fcge<\/li>\n<li>Umzugsdienste mit vollem Service<\/li>\n<li>Verpackungsservice<\/li>\n<li>Organisation des Transports<\/li>\n<li>Erfahrene Berater<\/li>\n<li>Versichert<\/li>\n<li>Sichere Lagerung<\/li>\n<\/ul>\n<p>Legacy Moving ist ein Umzugs- und Lagerungsunternehmen mit Sitz in St. George. Das Unternehmen ist Mitglied der IAM und kann auf sechs Jahre Erfahrung zur\u00fcckblicken, wodurch es \u00fcber ein nationales und internationales Netzwerk von Umzugsunternehmen verf\u00fcgt, mit denen es zusammenarbeiten kann.<\/p>\n<p>Legacy Moving bietet Wohn-, Gesch\u00e4fts- und B\u00fcroumz\u00fcge \u00fcber gro\u00dfe Entfernungen und international an. Das Unternehmen bietet einen Verpackungsservice mit professionellem Verpackungsmaterial und geschultem Personal, um sicherzustellen, dass Ihr Eigentum sicher verpackt ist. Sie stellen erfahrene Berater zur Verf\u00fcgung, die Sie bei Ihrem Umzug unterst\u00fctzen, und ihre Dienstleistungen sind lizenziert und versichert. Sie bieten auch sichere Lagerm\u00f6glichkeiten, falls Sie diese bei Ihrem Auszug oder vor Ihrem Einzug ben\u00f6tigen.<\/p>\n<p>Website: <a href=\"https:\/\/legacymovingstgeorge.com\/\" target=\"_blank\" rel=\"noopener\">https:\/\/legacymovingstgeorge.com\/<\/a><\/p>\n<h2><strong>2. Mesa Umzug &amp; Lagerung<\/strong><\/h2>\n<p><img loading=\"lazy\" decoding=\"async\" class=\"alignnone size-full wp-image-11375\" src=\"https:\/\/moverdb.com\/wp-content\/uploads\/Mesa-Moving-Storage-international-moving-company.png\" alt=\"Mesa Moving &amp; Storage internationales Umzugsunternehmen\" width=\"1440\" height=\"678\" data-wp-pid=\"11375\" srcset=\"https:\/\/moverdb.com\/wp-content\/uploads\/Mesa-Moving-Storage-international-moving-company.png 1440w, https:\/\/moverdb.com\/wp-content\/uploads\/Mesa-Moving-Storage-international-moving-company-300x141.png 300w, https:\/\/moverdb.com\/wp-content\/uploads\/Mesa-Moving-Storage-international-moving-company-1024x482.png 1024w, https:\/\/moverdb.com\/wp-content\/uploads\/Mesa-Moving-Storage-international-moving-company-18x8.png 18w, https:\/\/moverdb.com\/wp-content\/uploads\/Mesa-Moving-Storage-international-moving-company-600x283.png 600w\" sizes=\"auto, (max-width: 1440px) 100vw, 1440px\" \/><\/p>\n<ul>\n<li>Lokale Umz\u00fcge<\/li>\n<li>Umz\u00fcge \u00fcber gro\u00dfe Entfernungen<\/li>\n<li>Umz\u00fcge im Haushalt<\/li>\n<li>B\u00fcro- und Gesch\u00e4ftsumz\u00fcge<\/li>\n<li>Verpackungsservice<\/li>\n<li>Modalit\u00e4ten der Bef\u00f6rderung<\/li>\n<li>Umgang mit Kunst und Antiquit\u00e4ten<\/li>\n<li><a href=\"https:\/\/moverdb.com\/de\/car-transport-shipping\/\" data-internallinksmanager029f6b8e52c=\"2\" title=\"2026 Internationale Autotransporte &amp; Angebote f\u00fcr Fahrzeugtransporte\">Transport von Fahrzeugen<\/a><\/li>\n<li>Lagereinrichtungen<\/li>\n<\/ul>\n<p>Mesa Moving &amp; Storage ist ein 1981 gegr\u00fcndetes Umzugsunternehmen mit Standorten in Salt Lake City, <a href=\"https:\/\/moverdb.com\/de\/moving-to-the-united-states\/moving-to-colorado\/\" data-internallinksmanager029f6b8e52c=\"399\" title=\"Umzug nach Colorado? 2026 Lebenshaltungskosten &amp; Umzugstipps\">Colorado<\/a> <a href=\"https:\/\/moverdb.com\/de\/moving-to-the-united-states\/moving-to-idaho\/\" data-internallinksmanager029f6b8e52c=\"405\" title=\"Umzug nach Idaho? 2026 Lebenshaltungskosten &amp; Umzugstipps\">Idaho<\/a> und <a href=\"https:\/\/moverdb.com\/de\/moving-to-the-united-states\/moving-to-montana\/\" data-internallinksmanager029f6b8e52c=\"461\" title=\"Umzug nach Montana? 2024 Lebenshaltungskosten &amp; Umzugstipps\">Montana<\/a>. Sie sind ein Vertreter von United Van Lines, was ihnen ein Netzwerk nationaler Umzugsunternehmen bietet, mit denen sie zusammenarbeiten k\u00f6nnen. Sie sind Mitglied von IAM mit 12 Jahren Erfahrung und sind von FIDI akkreditiert.<\/p>\n<p>Mesa Moving &amp; Storage bietet Umzugsdienstleistungen f\u00fcr Haushalte und B\u00fcros auf lokaler und nationaler Ebene an. Sie bieten einen professionellen Verpackungsservice mit qualifizierten und geschulten Umzugshelfern, die sicherstellen, dass Ihre Gegenst\u00e4nde unabh\u00e4ngig von ihrer Form und Gr\u00f6\u00dfe angemessen und sicher f\u00fcr den Transport verpackt sind.<\/p>\n<p>Website: <a href=\"https:\/\/mesamoving.com\/\" target=\"_blank\" rel=\"noopener\">https:\/\/mesamoving.com\/<\/a><\/p>","protected":false},"excerpt":{"rendered":"<p>Moving can be one of the most stressful times in your life, so why not enlist the support of a moving company to reduce the pressure? A moving company can plan your move, arrange transportation and pack your belongings as well as handle customs if moving countries. Below we have compiled a list of Utah [&hellip;]<\/p>\n","protected":false},"author":4,"featured_media":11363,"parent":190,"menu_order":0,"comment_status":"closed","ping_status":"closed","template":"","meta":{"_genesis_hide_title":false,"_genesis_hide_breadcrumbs":false,"_genesis_hide_singular_image":false,"_genesis_hide_footer_widgets":false,"_genesis_custom_body_class":"","_genesis_custom_post_class":"","_genesis_layout":"","footnotes":""},"class_list":{"0":"post-11671","1":"page","2":"type-page","3":"status-publish","4":"has-post-thumbnail","6":"entry"},"_links":{"self":[{"href":"https:\/\/moverdb.com\/de\/wp-json\/wp\/v2\/pages\/11671","targetHints":{"allow":["GET"]}}],"collection":[{"href":"https:\/\/moverdb.com\/de\/wp-json\/wp\/v2\/pages"}],"about":[{"href":"https:\/\/moverdb.com\/de\/wp-json\/wp\/v2\/types\/page"}],"author":[{"embeddable":true,"href":"https:\/\/moverdb.com\/de\/wp-json\/wp\/v2\/users\/4"}],"replies":[{"embeddable":true,"href":"https:\/\/moverdb.com\/de\/wp-json\/wp\/v2\/comments?post=11671"}],"version-history":[{"count":1,"href":"https:\/\/moverdb.com\/de\/wp-json\/wp\/v2\/pages\/11671\/revisions"}],"predecessor-version":[{"id":11672,"href":"https:\/\/moverdb.com\/de\/wp-json\/wp\/v2\/pages\/11671\/revisions\/11672"}],"up":[{"embeddable":true,"href":"https:\/\/moverdb.com\/de\/wp-json\/wp\/v2\/pages\/190"}],"wp:featuredmedia":[{"embeddable":true,"href":"https:\/\/moverdb.com\/de\/wp-json\/wp\/v2\/media\/11363"}],"wp:attachment":[{"href":"https:\/\/moverdb.com\/de\/wp-json\/wp\/v2\/media?parent=11671"}],"curies":[{"name":"wp","href":"https:\/\/api.w.org\/{rel}","templated":true}]}}