{"id":11668,"date":"2023-11-29T10:49:05","date_gmt":"2023-11-29T10:49:05","guid":{"rendered":"https:\/\/moverdb.com\/?page_id=11668"},"modified":"2026-01-08T15:29:30","modified_gmt":"2026-01-08T15:29:30","slug":"moving-companies-us-texas","status":"publish","type":"page","link":"https:\/\/moverdb.com\/de\/moving-companies\/moving-companies-us-texas\/","title":{"rendered":"Die 7 besten internationalen Umzugsunternehmen in Texas"},"content":{"rendered":"<p>Die Planung eines Umzugs kann eine stressige Zeit sein. <a href=\"https:\/\/moverdb.com\/de\/moving-companies\/\" data-internallinksmanager029f6b8e52c=\"79\" title=\"Top 25 Internationale Umzugsunternehmen Online\">Umzugsunternehmen<\/a> um Ihre Last zu erleichtern? Sie k\u00f6nnen bei der Planung behilflich sein, Ihr Hab und Gut verpacken, den Transport arrangieren und bei internationalen Umz\u00fcgen auch die Zollformalit\u00e4ten erledigen. Im Folgenden haben wir eine Liste zusammengestellt mit <a href=\"https:\/\/moverdb.com\/de\/moving-to-the-united-states\/moving-to-texas\/\" data-internallinksmanager029f6b8e52c=\"397\" title=\"Umzug nach Texas? 2026 Lebenshaltungskosten und Umzugstipps\">Texas<\/a> basiert <a href=\"https:\/\/moverdb.com\/de\/international-removals\/\" data-internallinksmanager029f6b8e52c=\"27\" title=\"36 Beste internationale Umzugsunternehmen in Gro\u00dfbritannien\">Umzugsunternehmen<\/a> die Mitglieder der <a href=\"https:\/\/moverdb.com\/de\/iam\/\" data-internallinksmanager029f6b8e52c=\"23\" title=\"International Association of Movers (IAM) erkl\u00e4rt\">Internationaler Verband der M\u00f6belspediteure<\/a> (IAM) und\/oder <a href=\"https:\/\/moverdb.com\/de\/fidi-faim\/\" data-internallinksmanager029f6b8e52c=\"16\" title=\"FIDI &amp; FAIM (FIDI Accredited International Mover) Erl\u00e4utert\">FIDI<\/a> Accredited International Mover (FAIM), die Ihnen bei Ihrem Umzug helfen k\u00f6nnen.<\/p>\n<div id=\"ez-toc-container\" class=\"ez-toc-v2_0_83 ez-toc-wrap-left counter-hierarchy ez-toc-counter ez-toc-transparent ez-toc-container-direction\">\n<div class=\"ez-toc-title-container\">\n<p class=\"ez-toc-title\" style=\"cursor:inherit\">Rubriken<\/p>\n<span class=\"ez-toc-title-toggle\"><a href=\"#\" class=\"ez-toc-pull-right ez-toc-btn ez-toc-btn-xs ez-toc-btn-default ez-toc-toggle\" aria-label=\"Inhaltsverzeichnis umschalten\"><span class=\"ez-toc-js-icon-con\"><span class=\"\"><span class=\"eztoc-hide\" style=\"display:none;\">Umschalten auf<\/span><span class=\"ez-toc-icon-toggle-span\"><svg style=\"fill: #999;color:#999\" xmlns=\"http:\/\/www.w3.org\/2000\/svg\" class=\"list-377408\" width=\"20px\" height=\"20px\" viewbox=\"0 0 24 24\" fill=\"none\"><path d=\"M6 6H4v2h2V6zm14 0H8v2h12V6zM4 11h2v2H4v-2zm16 0H8v2h12v-2zM4 16h2v2H4v-2zm16 0H8v2h12v-2z\" fill=\"currentColor\"><\/path><\/svg><svg style=\"fill: #999;color:#999\" class=\"arrow-unsorted-368013\" xmlns=\"http:\/\/www.w3.org\/2000\/svg\" width=\"10px\" height=\"10px\" viewbox=\"0 0 24 24\" version=\"1.2\" baseprofile=\"tiny\"><path d=\"M18.2 9.3l-6.2-6.3-6.2 6.3c-.2.2-.3.4-.3.7s.1.5.3.7c.2.2.4.3.7.3h11c.3 0 .5-.1.7-.3.2-.2.3-.5.3-.7s-.1-.5-.3-.7zM5.8 14.7l6.2 6.3 6.2-6.3c.2-.2.3-.5.3-.7s-.1-.5-.3-.7c-.2-.2-.4-.3-.7-.3h-11c-.3 0-.5.1-.7.3-.2.2-.3.5-.3.7s.1.5.3.7z\"\/><\/svg><\/span><\/span><\/span><\/a><\/span><\/div>\n<nav><ul class='ez-toc-list ez-toc-list-level-1 eztoc-toggle-hide-by-default' ><li class='ez-toc-page-1 ez-toc-heading-level-2'><a class=\"ez-toc-link ez-toc-heading-1\" href=\"https:\/\/moverdb.com\/de\/moving-companies\/moving-companies-us-texas\/#1_A-1_Freeman_Moving_Group\" >1. A-1 Freeman Moving Group<\/a><\/li><li class='ez-toc-page-1 ez-toc-heading-level-2'><a class=\"ez-toc-link ez-toc-heading-2\" href=\"https:\/\/moverdb.com\/de\/moving-companies\/moving-companies-us-texas\/#2_Central_Transportation_Systems\" >2. Zentrale Transportsysteme<\/a><\/li><li class='ez-toc-page-1 ez-toc-heading-level-2'><a class=\"ez-toc-link ez-toc-heading-3\" href=\"https:\/\/moverdb.com\/de\/moving-companies\/moving-companies-us-texas\/#3_Daryl_Flood_Moving_Storage\" >3. Daryl Flood Umzug &amp; Lagerung<\/a><\/li><li class='ez-toc-page-1 ez-toc-heading-level-2'><a class=\"ez-toc-link ez-toc-heading-4\" href=\"https:\/\/moverdb.com\/de\/moving-companies\/moving-companies-us-texas\/#4_Firefighters_Finest_Moving_Storage\" >4. Firefighter's Finest Umzug &amp; Lagerung<\/a><\/li><li class='ez-toc-page-1 ez-toc-heading-level-2'><a class=\"ez-toc-link ez-toc-heading-5\" href=\"https:\/\/moverdb.com\/de\/moving-companies\/moving-companies-us-texas\/#5_Scobey_Moving_Storage\" >5. Scobey Umzug &amp; Lagerung<\/a><\/li><li class='ez-toc-page-1 ez-toc-heading-level-2'><a class=\"ez-toc-link ez-toc-heading-6\" href=\"https:\/\/moverdb.com\/de\/moving-companies\/moving-companies-us-texas\/#6_Trans_Global_Auto_Logistics\" >6. Trans Global Auto Logistics<\/a><\/li><li class='ez-toc-page-1 ez-toc-heading-level-2'><a class=\"ez-toc-link ez-toc-heading-7\" href=\"https:\/\/moverdb.com\/de\/moving-companies\/moving-companies-us-texas\/#7_Transportation_Worldwide\" >7. Transport weltweit<\/a><\/li><\/ul><\/nav><\/div>\n<h2><span class=\"ez-toc-section\" id=\"1_A-1_Freeman_Moving_Group\"><\/span><strong>1. A-1 Freeman Moving Group<\/strong><span class=\"ez-toc-section-end\"><\/span><\/h2>\n<p><img loading=\"lazy\" decoding=\"async\" class=\"alignnone size-full wp-image-11236\" src=\"https:\/\/moverdb.com\/wp-content\/uploads\/A1-Freeman-Moving-Group-international-moving-company.png\" alt=\"A1 Freeman Moving Group internationales Umzugsunternehmen\" width=\"1440\" height=\"675\" data-wp-pid=\"11236\" srcset=\"https:\/\/moverdb.com\/wp-content\/uploads\/A1-Freeman-Moving-Group-international-moving-company.png 1440w, https:\/\/moverdb.com\/wp-content\/uploads\/A1-Freeman-Moving-Group-international-moving-company-300x141.png 300w, https:\/\/moverdb.com\/wp-content\/uploads\/A1-Freeman-Moving-Group-international-moving-company-1024x480.png 1024w, https:\/\/moverdb.com\/wp-content\/uploads\/A1-Freeman-Moving-Group-international-moving-company-18x8.png 18w, https:\/\/moverdb.com\/wp-content\/uploads\/A1-Freeman-Moving-Group-international-moving-company-600x281.png 600w\" sizes=\"auto, (max-width: 1440px) 100vw, 1440px\" \/><\/p>\n<ul>\n<li>Umz\u00fcge im Nah- und Fernverkehr<\/li>\n<li>Internationale Umz\u00fcge<\/li>\n<li>Umz\u00fcge in Wohnungen<\/li>\n<li>Kommerzielle Umz\u00fcge<\/li>\n<li>Unternehmensverlagerungen<\/li>\n<li>Unterst\u00fctzung vor dem Umzug<\/li>\n<li>Optionen f\u00fcr die Verpackung<\/li>\n<li>Zollabfertigung<\/li>\n<li>Fahrzeugtransport<\/li>\n<li>Lagereinrichtungen<\/li>\n<\/ul>\n<p>A-1 Freeman Moving Group ist ein 1974 gegr\u00fcndetes Umzugs-, Relocation- und Transportunternehmen mit 12 Standorten in den USA. <a href=\"https:\/\/moverdb.com\/de\/moving-to-the-united-states\/\" data-internallinksmanager029f6b8e52c=\"94\" title=\"Umzug in die Vereinigten Staaten? 2026 Lebenshaltungskosten &amp; Umzugstipps\">US<\/a> darunter sechs in Texas in <a href=\"https:\/\/moverdb.com\/de\/moving-to-dallas\/\" data-internallinksmanager029f6b8e52c=\"41\" title=\"Umzug nach Dallas? 2026 Lebenshaltungskosten &amp; Umzugstipps\">Dallas<\/a>El Paso, <a href=\"https:\/\/moverdb.com\/de\/moving-to-houston\/\" data-internallinksmanager029f6b8e52c=\"47\" title=\"Umzug nach Houston? 2026 Lebenshaltungskosten &amp; Umzugstipps\">Houston<\/a>San Antonio, Wichita Falls und Nolanville. Sie sind ein North American Van Lines Agent, der ihnen ein Netzwerk von Umzugsagenten zur Verf\u00fcgung stellt, mit denen sie zusammenarbeiten. Sie sind ein Mitglied der IAM mit 33 Jahren Erfahrung.<\/p>\n<p>A-1 Freeman Moving Group bietet einen kostenlosen Kostenvoranschlag und unterst\u00fctzt Sie bei der Vorplanung. Sie verf\u00fcgen \u00fcber voll ausgebildete und qualifizierte Mitarbeiter, die professionelle und ma\u00dfgeschneiderte Verpackungsdienstleistungen anbieten, wobei Sie zwischen Full-Service-Verpackung, Verpackung von zerbrechlichen Gegenst\u00e4nden und Selbstverpackung w\u00e4hlen k\u00f6nnen.<\/p>\n<p>Website: <a href=\"https:\/\/www.a-1freeman.com\/\" target=\"_blank\" rel=\"noopener\">https:\/\/www.a-1freeman.com\/<\/a><\/p>\n<h2><span class=\"ez-toc-section\" id=\"2_Central_Transportation_Systems\"><\/span><strong>2. Zentrale Transportsysteme<\/strong><span class=\"ez-toc-section-end\"><\/span><\/h2>\n<p><img loading=\"lazy\" decoding=\"async\" class=\"alignnone size-full wp-image-11283\" src=\"https:\/\/moverdb.com\/wp-content\/uploads\/Central-Transportation-Systems-international-moving-company.png\" alt=\"Central Transportation Systems internationales Umzugsunternehmen\" width=\"1440\" height=\"676\" data-wp-pid=\"11283\" srcset=\"https:\/\/moverdb.com\/wp-content\/uploads\/Central-Transportation-Systems-international-moving-company.png 1440w, https:\/\/moverdb.com\/wp-content\/uploads\/Central-Transportation-Systems-international-moving-company-300x141.png 300w, https:\/\/moverdb.com\/wp-content\/uploads\/Central-Transportation-Systems-international-moving-company-1024x481.png 1024w, https:\/\/moverdb.com\/wp-content\/uploads\/Central-Transportation-Systems-international-moving-company-18x8.png 18w, https:\/\/moverdb.com\/wp-content\/uploads\/Central-Transportation-Systems-international-moving-company-600x282.png 600w\" sizes=\"auto, (max-width: 1440px) 100vw, 1440px\" \/><\/p>\n<ul>\n<li>Umz\u00fcge im Nah- und Fernverkehr<\/li>\n<li>Internationale Umz\u00fcge<\/li>\n<li>Umz\u00fcge in Wohnungen<\/li>\n<li>Kommerzielle Umz\u00fcge<\/li>\n<li>Haus-zu-Haus-Dienst<\/li>\n<li>Engagierte Umzugskoordinatoren<\/li>\n<li>Verpackungsservice<\/li>\n<li>Zollabfertigung<\/li>\n<li>All-Risk-Versicherungsschutz<\/li>\n<li>Kurz- und Langzeitlagerung<\/li>\n<\/ul>\n<p>Central Transportation Systems ist ein Umzugs- und Lagerungsunternehmen mit Standorten in El Paso, Austin, Killeen und Waco. Sie sind ein Vertreter von United Van Lines und verf\u00fcgen \u00fcber ein professionelles Netzwerk von Partnerschaften, die die Logistik f\u00fcr Dritte \u00fcbernehmen und sie bei der Erbringung ihrer Dienstleistungen unterst\u00fctzen. Das Unternehmen ist Mitglied der IAM und kann auf 96 Jahre Erfahrung zur\u00fcckblicken.<\/p>\n<p>Central Transportation Systems bietet einen T\u00fcr-zu-T\u00fcr-Umzugsservice mit einem qualifizierten Umzugskoordinator, der einen auf Ihre Bed\u00fcrfnisse und Ihr Budget zugeschnittenen Umzugsplan erstellt. Sie bieten einen kompletten Umzugsservice mit einem erfahrenen Team von Umzugshelfern, die Ihr Hab und Gut fachm\u00e4nnisch verpacken und verpacken und die Zollabfertigung \u00fcbernehmen.<\/p>\n<p>Website: <a href=\"http:\/\/www.centralsystems.com\" target=\"_blank\" rel=\"noopener\">http:\/\/www.centralsystems.com<\/a><\/p>\n<h2><span class=\"ez-toc-section\" id=\"3_Daryl_Flood_Moving_Storage\"><\/span><strong>3. Daryl Flood Umzug &amp; Lagerung<\/strong><span class=\"ez-toc-section-end\"><\/span><\/h2>\n<p><img loading=\"lazy\" decoding=\"async\" class=\"alignnone size-full wp-image-11303\" src=\"https:\/\/moverdb.com\/wp-content\/uploads\/Daryl-Flood-Moving-Storage-international-moving-company.png\" alt=\"Daryl Flood Moving &amp; Storage internationales Umzugsunternehmen\" width=\"1440\" height=\"675\" data-wp-pid=\"11303\" srcset=\"https:\/\/moverdb.com\/wp-content\/uploads\/Daryl-Flood-Moving-Storage-international-moving-company.png 1440w, https:\/\/moverdb.com\/wp-content\/uploads\/Daryl-Flood-Moving-Storage-international-moving-company-300x141.png 300w, https:\/\/moverdb.com\/wp-content\/uploads\/Daryl-Flood-Moving-Storage-international-moving-company-1024x480.png 1024w, https:\/\/moverdb.com\/wp-content\/uploads\/Daryl-Flood-Moving-Storage-international-moving-company-18x8.png 18w, https:\/\/moverdb.com\/wp-content\/uploads\/Daryl-Flood-Moving-Storage-international-moving-company-600x281.png 600w\" sizes=\"auto, (max-width: 1440px) 100vw, 1440px\" \/><\/p>\n<ul>\n<li>Umz\u00fcge im Nah- und Fernverkehr<\/li>\n<li>Internationale Umz\u00fcge<\/li>\n<li>Umz\u00fcge in Wohnungen<\/li>\n<li>B\u00fcroumz\u00fcge<\/li>\n<li>Spezieller Koordinator f\u00fcr internationale Umz\u00fcge<\/li>\n<li>Haus-zu-Haus-Dienst<\/li>\n<li>Verpackungsservice<\/li>\n<li>Unterst\u00fctzung durch den Zoll<\/li>\n<li>Dienstleistungen zur Eingew\u00f6hnung<\/li>\n<li>Sichere Speicherdienste<\/li>\n<\/ul>\n<p>Daryl Flood Moving &amp; Storage ist ein 1982 gegr\u00fcndetes Umzugsunternehmen mit Standorten in Austin und Dallas, <a href=\"https:\/\/moverdb.com\/de\/moving-to-fort-worth\/\" data-internallinksmanager029f6b8e52c=\"45\" title=\"Umzug nach Fort Worth? 2026 Lebenshaltungskosten &amp; Umzugstipps\">Fort Worth<\/a>Houston und San Antonio. Als Vertreter von Mayflower Van Lines verf\u00fcgt das Unternehmen \u00fcber ein gr\u00f6\u00dferes Netz von Umzugsunternehmen, mit denen es in den gesamten USA zusammenarbeiten kann, um seine Dienstleistungen anzubieten. Sie sind von der FIDI akkreditiert.<\/p>\n<p>Daryl Flood Moving &amp; Storage bietet ma\u00dfgeschneiderte Umzugsdienstleistungen von T\u00fcr zu T\u00fcr mit einer Auswahl an Full-Service- und DIY-Verpackungsoptionen. Sie stellen gepr\u00fcfte und geschulte professionelle Umzugsteams bereit, die Ihr Hab und Gut ganz oder teilweise mit hochwertigem Verpackungsmaterial verpacken k\u00f6nnen. Sie bieten Eingew\u00f6hnungsdienste wie Wohnungs- und Schulsuche, Orientierung und vor\u00fcbergehende Unterbringung.<\/p>\n<p>Website: <a href=\"http:\/\/www.darylflood.com\" target=\"_blank\" rel=\"noopener\">http:\/\/www.darylflood.com<\/a><\/p>\n<h2><span class=\"ez-toc-section\" id=\"4_Firefighters_Finest_Moving_Storage\"><\/span><strong>4. Firefighter's Finest Umzug &amp; Lagerung<\/strong><span class=\"ez-toc-section-end\"><\/span><\/h2>\n<p><img loading=\"lazy\" decoding=\"async\" class=\"alignnone size-full wp-image-11320\" src=\"https:\/\/moverdb.com\/wp-content\/uploads\/Firefightings-Finest-Moving-Storage-international-moving-company.png\" alt=\"Firefightings Finest Moving &amp; Storage internationales Umzugsunternehmen\" width=\"1440\" height=\"676\" data-wp-pid=\"11320\" srcset=\"https:\/\/moverdb.com\/wp-content\/uploads\/Firefightings-Finest-Moving-Storage-international-moving-company.png 1440w, https:\/\/moverdb.com\/wp-content\/uploads\/Firefightings-Finest-Moving-Storage-international-moving-company-300x141.png 300w, https:\/\/moverdb.com\/wp-content\/uploads\/Firefightings-Finest-Moving-Storage-international-moving-company-1024x481.png 1024w, https:\/\/moverdb.com\/wp-content\/uploads\/Firefightings-Finest-Moving-Storage-international-moving-company-18x8.png 18w, https:\/\/moverdb.com\/wp-content\/uploads\/Firefightings-Finest-Moving-Storage-international-moving-company-600x282.png 600w\" sizes=\"auto, (max-width: 1440px) 100vw, 1440px\" \/><\/p>\n<ul>\n<li>Lokale Umz\u00fcge<\/li>\n<li>Umz\u00fcge \u00fcber gro\u00dfe Entfernungen<\/li>\n<li>Umz\u00fcge im Haushalt<\/li>\n<li>Gesch\u00e4ftliche Umz\u00fcge<\/li>\n<li>Kostenloser Kostenvoranschlag<\/li>\n<li>Verpackungsservice<\/li>\n<li>Organisation des Transports<\/li>\n<li>Umgang mit Kunst und Antiquit\u00e4ten<\/li>\n<li>Auspackservice<\/li>\n<li>Lang- und kurzfristige Lagerung<\/li>\n<\/ul>\n<p>Firefighting's Finest Moving &amp; Storage ist ein Umzugsunternehmen, das 2001 von zwei Feuerwehrleuten au\u00dfer Dienst gegr\u00fcndet wurde und inzwischen Standorte in Fort Worth, Dallas, Houston und Austin hat. Sie sind Mitglied der IAM mit 19 Jahren Erfahrung, die ihnen ein Netzwerk von Umzugsunternehmen zur Verf\u00fcgung stellt, mit denen sie zusammenarbeiten.<\/p>\n<p>Firefighting's Finest Moving &amp; Storage bietet eine kostenlose <a href=\"https:\/\/moverdb.com\/de\/quotes\/\" data-internallinksmanager029f6b8e52c=\"26\" title=\"Internationale Umzugskostenvoranschl\u00e4ge: 12 Fragen an Ihren Spediteur\">Umzugskostenvoranschlag<\/a> und sie helfen Ihnen bei der Planung Ihres Umzugs. Sie verf\u00fcgen \u00fcber qualitativ hochwertige, professionelle Umzugsteams, die Polsterung, Stretchfolie, Rollwagen und andere Ausr\u00fcstung bereitstellen, um Ihre Gegenst\u00e4nde w\u00e4hrend des Transports zu sch\u00fctzen, insbesondere zerbrechliche Gegenst\u00e4nde.<\/p>\n<p>Website: <a href=\"http:\/\/www.firefightermovers.com\" target=\"_blank\" rel=\"noopener\">http:\/\/www.firefightermovers.com<\/a><\/p>\n<h2><span class=\"ez-toc-section\" id=\"5_Scobey_Moving_Storage\"><\/span><strong>5. Scobey Umzug &amp; Lagerung<\/strong><span class=\"ez-toc-section-end\"><\/span><\/h2>\n<p><img loading=\"lazy\" decoding=\"async\" class=\"alignnone size-full wp-image-11436\" src=\"https:\/\/moverdb.com\/wp-content\/uploads\/Scobey-Moving-Storage-international-moving-company.png\" alt=\"Scobey Moving &amp; Storage internationales Umzugsunternehmen\" width=\"1440\" height=\"675\" data-wp-pid=\"11436\" srcset=\"https:\/\/moverdb.com\/wp-content\/uploads\/Scobey-Moving-Storage-international-moving-company.png 1440w, https:\/\/moverdb.com\/wp-content\/uploads\/Scobey-Moving-Storage-international-moving-company-300x141.png 300w, https:\/\/moverdb.com\/wp-content\/uploads\/Scobey-Moving-Storage-international-moving-company-1024x480.png 1024w, https:\/\/moverdb.com\/wp-content\/uploads\/Scobey-Moving-Storage-international-moving-company-18x8.png 18w, https:\/\/moverdb.com\/wp-content\/uploads\/Scobey-Moving-Storage-international-moving-company-600x281.png 600w\" sizes=\"auto, (max-width: 1440px) 100vw, 1440px\" \/><\/p>\n<ul>\n<li>Umz\u00fcge im Nah- und Fernverkehr<\/li>\n<li>Internationale Umz\u00fcge<\/li>\n<li>Umz\u00fcge im Haushalt<\/li>\n<li>Kommerzielle Umz\u00fcge<\/li>\n<li>Milit\u00e4r- und Regierungsverlagerungen<\/li>\n<li>Personalisierte Dienstleistungen<\/li>\n<li>Full-Service-Umz\u00fcge<\/li>\n<li>Auswahl an Verpackungsoptionen<\/li>\n<li>Sendungsverfolgung<\/li>\n<li>Kurz- und Langzeitlagerung<\/li>\n<\/ul>\n<p>Scobey Moving &amp; Storage ist ein Umzugsdienstleister mit Standorten in Killeen, El Paso und San Antonio. Sie sind mit Mayflower Transit verbunden und verf\u00fcgen \u00fcber ein vielf\u00e4ltiges Netzwerk von Umzugsunternehmen, die sie bei der Bereitstellung von Umzugs- und Lagerungsdiensten unterst\u00fctzen. Das Unternehmen ist Mitglied der IAM und kann auf 110 Jahre Erfahrung zur\u00fcckblicken.<\/p>\n<p>Scobey Moving &amp; Storage bietet eine pers\u00f6nliche oder virtuelle Besichtigung an, um Ihre Umzugsanforderungen einzusch\u00e4tzen und ein Angebot zu erstellen. Sie bieten eine Auswahl an Verpackungsdienstleistungen oder Selbstverpackungsoptionen. Sie bieten einen pers\u00f6nlichen T\u00fcr-zu-T\u00fcr-Umzugsservice mit einem Umzugskoordinator, der Sie unterst\u00fctzt. Das Unternehmen bietet Verpackungsdienstleistungen mit ma\u00dfgeschneiderten Kisten und vollem Ersatzwertschutz.<\/p>\n<p>Website: <a href=\"http:\/\/www.scobeymoving.com\/\" target=\"_blank\" rel=\"noopener\">http:\/\/www.scobeymoving.com\/<\/a><\/p>\n<h2><span class=\"ez-toc-section\" id=\"6_Trans_Global_Auto_Logistics\"><\/span><strong>6. Trans Global Auto Logistics<\/strong><span class=\"ez-toc-section-end\"><\/span><\/h2>\n<p><img loading=\"lazy\" decoding=\"async\" class=\"alignnone size-full wp-image-11459\" src=\"https:\/\/moverdb.com\/wp-content\/uploads\/Trans-Global-Auto-Logistics-international-moving-company.png\" alt=\"Trans Global Auto Logistics internationales Umzugsunternehmen\" width=\"1440\" height=\"655\" data-wp-pid=\"11459\" srcset=\"https:\/\/moverdb.com\/wp-content\/uploads\/Trans-Global-Auto-Logistics-international-moving-company.png 1440w, https:\/\/moverdb.com\/wp-content\/uploads\/Trans-Global-Auto-Logistics-international-moving-company-300x136.png 300w, https:\/\/moverdb.com\/wp-content\/uploads\/Trans-Global-Auto-Logistics-international-moving-company-1024x466.png 1024w, https:\/\/moverdb.com\/wp-content\/uploads\/Trans-Global-Auto-Logistics-international-moving-company-18x8.png 18w, https:\/\/moverdb.com\/wp-content\/uploads\/Trans-Global-Auto-Logistics-international-moving-company-600x273.png 600w\" sizes=\"auto, (max-width: 1440px) 100vw, 1440px\" \/><\/p>\n<ul>\n<li>Nationale Umz\u00fcge<\/li>\n<li>Internationale Umz\u00fcge<\/li>\n<li>Umz\u00fcge im Haushalt<\/li>\n<li>Kommerzielle Umz\u00fcge<\/li>\n<li>Autotransport<\/li>\n<li>Bootstransport<\/li>\n<li>Transport schwerer Ausr\u00fcstung<\/li>\n<li>Wahl zwischen offenem und geschlossenem Transport<\/li>\n<li>Land-, Luft- und Seefracht<\/li>\n<li>Zollabfertigung<\/li>\n<\/ul>\n<p>Trans Global Auto Logistics ist ein Auto-Logistik- und Schwergutunternehmen <a href=\"https:\/\/moverdb.com\/de\/shipping-companies\/\" data-internallinksmanager029f6b8e52c=\"4\" title=\"Top 10 der internationalen Containerschifffahrtsunternehmen\">Schifffahrtsgesellschaft<\/a> das ein lizenzierter und versicherter, nicht schiffseigener Frachtf\u00fchrer ist (<a href=\"https:\/\/moverdb.com\/de\/freight-forwarder\/\" data-internallinksmanager029f6b8e52c=\"17\" title=\"Leitfaden f\u00fcr internationale Kosten und Unternehmen f\u00fcr Spediteure und NVOCC\">NVOCC<\/a>), die Standorte in Arlington, Orlando und Charleston hat, <a href=\"https:\/\/moverdb.com\/de\/moving-to-the-united-states\/moving-to-new-jersey\/\" data-internallinksmanager029f6b8e52c=\"417\" title=\"Umzug nach New Jersey? 2026 Lebenshaltungskosten &amp; Umzugstipps\">New Jersey<\/a> und Savannah. Au\u00dferdem bieten sie nur den Transport von Haushaltswaren an. Sie sind Mitglied der IAM.<\/p>\n<p>Trans Global Auto Logistics bietet einen kostenlosen Kostenvoranschlag f\u00fcr den Transport Ihrer Fracht an. Die Speditionsspezialisten arbeiten mit Ihnen zusammen, um Ihre Anforderungen zu verstehen und einen genauen Kostenvoranschlag zu erstellen. Sie k\u00f6nnen eine Reihe von Fahrzeugen transportieren, von Oldtimern bis hin zu Booten und schweren Industrieanlagen, wobei Sie die Wahl zwischen offenem und geschlossenem Transport haben.<\/p>\n<p>Website: <a href=\"http:\/\/www.tgal.us\" target=\"_blank\" rel=\"noopener\">http:\/\/www.tgal.us<\/a><\/p>\n<h2><span class=\"ez-toc-section\" id=\"7_Transportation_Worldwide\"><\/span><strong>7. Transport weltweit<\/strong><span class=\"ez-toc-section-end\"><\/span><\/h2>\n<p><img loading=\"lazy\" decoding=\"async\" class=\"alignnone size-full wp-image-11460\" src=\"https:\/\/moverdb.com\/wp-content\/uploads\/Transportation-Worldwide-international-moving-company.png\" alt=\"Transport Weltweites internationales Umzugsunternehmen\" width=\"1440\" height=\"654\" data-wp-pid=\"11460\" srcset=\"https:\/\/moverdb.com\/wp-content\/uploads\/Transportation-Worldwide-international-moving-company.png 1440w, https:\/\/moverdb.com\/wp-content\/uploads\/Transportation-Worldwide-international-moving-company-300x136.png 300w, https:\/\/moverdb.com\/wp-content\/uploads\/Transportation-Worldwide-international-moving-company-1024x465.png 1024w, https:\/\/moverdb.com\/wp-content\/uploads\/Transportation-Worldwide-international-moving-company-18x8.png 18w, https:\/\/moverdb.com\/wp-content\/uploads\/Transportation-Worldwide-international-moving-company-600x273.png 600w\" sizes=\"auto, (max-width: 1440px) 100vw, 1440px\" \/><\/p>\n<ul>\n<li>Nationale Umz\u00fcge<\/li>\n<li>Internationale Umz\u00fcge<\/li>\n<li>Umz\u00fcge im Haushalt<\/li>\n<li>Unternehmensverlagerungen<\/li>\n<li>Zentrale Anlaufstelle<\/li>\n<li>Umzugsmanagement<\/li>\n<li>Sendungsverfolgung<\/li>\n<li>Unterst\u00fctzung durch den Zoll<\/li>\n<li>Sichere Lagerung<\/li>\n<\/ul>\n<p>Transportation Worldwide ist ein Umzugs- und Transportunternehmen mit \u00fcber 30 Jahren Erfahrung und Sitz in Katy. Das Unternehmen bietet internationale Umzugsdienstleistungen in \u00fcber 135 L\u00e4ndern auf der ganzen Welt an, die es in Partnerschaft mit sorgf\u00e4ltig entwickelten Beziehungen durchf\u00fchrt. Das Unternehmen ist Mitglied der IAM mit 36 Jahren Erfahrung und ist von der FIDI akkreditiert.<\/p>\n<p>Transportation Worldwide unterst\u00fctzt Privatpersonen und Unternehmen, die ihre Mitarbeiter umziehen, bei der Erstellung von Umzugsrichtlinien, der Budgetanalyse und der \u00dcberwachung des Fortschritts mehrerer Umz\u00fcge sowie bei der Erstellung von Berichten. Sie unterst\u00fctzen internationale Umzugsunternehmen mit ihrem umfangreichen Wissen und ihrer Erfahrung bei Umz\u00fcgen in eine Vielzahl von L\u00e4ndern.<\/p>\n<p>Website: <a href=\"https:\/\/www.twwmove.com\/\" target=\"_blank\" rel=\"noopener\">https:\/\/www.twwmove.com\/<\/a><\/p>","protected":false},"excerpt":{"rendered":"<p>Planning a move can be a stressful time, so why not enlist the help of a moving company to enlighten your load? They can assist with the planning, can pack your belongings and arrange transportation as well as deal with customs if moving internationally. Below we have compiled a list of Texas based removal companies [&hellip;]<\/p>\n","protected":false},"author":4,"featured_media":11236,"parent":190,"menu_order":0,"comment_status":"closed","ping_status":"closed","template":"","meta":{"_genesis_hide_title":false,"_genesis_hide_breadcrumbs":false,"_genesis_hide_singular_image":false,"_genesis_hide_footer_widgets":false,"_genesis_custom_body_class":"","_genesis_custom_post_class":"","_genesis_layout":"","footnotes":""},"class_list":{"0":"post-11668","1":"page","2":"type-page","3":"status-publish","4":"has-post-thumbnail","6":"entry"},"_links":{"self":[{"href":"https:\/\/moverdb.com\/de\/wp-json\/wp\/v2\/pages\/11668","targetHints":{"allow":["GET"]}}],"collection":[{"href":"https:\/\/moverdb.com\/de\/wp-json\/wp\/v2\/pages"}],"about":[{"href":"https:\/\/moverdb.com\/de\/wp-json\/wp\/v2\/types\/page"}],"author":[{"embeddable":true,"href":"https:\/\/moverdb.com\/de\/wp-json\/wp\/v2\/users\/4"}],"replies":[{"embeddable":true,"href":"https:\/\/moverdb.com\/de\/wp-json\/wp\/v2\/comments?post=11668"}],"version-history":[{"count":2,"href":"https:\/\/moverdb.com\/de\/wp-json\/wp\/v2\/pages\/11668\/revisions"}],"predecessor-version":[{"id":11670,"href":"https:\/\/moverdb.com\/de\/wp-json\/wp\/v2\/pages\/11668\/revisions\/11670"}],"up":[{"embeddable":true,"href":"https:\/\/moverdb.com\/de\/wp-json\/wp\/v2\/pages\/190"}],"wp:featuredmedia":[{"embeddable":true,"href":"https:\/\/moverdb.com\/de\/wp-json\/wp\/v2\/media\/11236"}],"wp:attachment":[{"href":"https:\/\/moverdb.com\/de\/wp-json\/wp\/v2\/media?parent=11668"}],"curies":[{"name":"wp","href":"https:\/\/api.w.org\/{rel}","templated":true}]}}