{"id":11666,"date":"2023-11-29T10:31:41","date_gmt":"2023-11-29T10:31:41","guid":{"rendered":"https:\/\/moverdb.com\/?page_id=11666"},"modified":"2026-01-08T15:24:27","modified_gmt":"2026-01-08T15:24:27","slug":"moving-companies-us-tennessee","status":"publish","type":"page","link":"https:\/\/moverdb.com\/de\/moving-companies\/moving-companies-us-tennessee\/","title":{"rendered":"Die 3 besten internationalen Umzugsunternehmen in Tennessee"},"content":{"rendered":"<p>Planen Sie einen Umzug? Dann engagieren Sie die Dienste eines <a href=\"https:\/\/moverdb.com\/de\/moving-companies\/\" data-internallinksmanager029f6b8e52c=\"79\" title=\"Top 25 Internationale Umzugsunternehmen Online\">Umzugsunternehmen<\/a> k\u00f6nnen Ihnen die Arbeit wirklich erleichtern. Sie k\u00f6nnen Ihnen bei der Planung Ihres Umzugs, den Transportvorkehrungen, dem Verpacken Ihrer Sachen und der Zollabwicklung bei internationalen Umz\u00fcgen helfen. Im Folgenden haben wir eine Liste zusammengestellt mit <a href=\"https:\/\/moverdb.com\/de\/moving-to-the-united-states\/moving-to-tennessee\/\" data-internallinksmanager029f6b8e52c=\"406\" title=\"Umzug nach Tennessee? 2026 Lebenshaltungskosten &amp; Umzugstipps\">Tennessee<\/a> basiert <a href=\"https:\/\/moverdb.com\/de\/international-removals\/\" data-internallinksmanager029f6b8e52c=\"27\" title=\"36 Beste internationale Umzugsunternehmen in Gro\u00dfbritannien\">Umzugsunternehmen<\/a> die Mitglieder der <a href=\"https:\/\/moverdb.com\/de\/iam\/\" data-internallinksmanager029f6b8e52c=\"23\" title=\"International Association of Movers (IAM) erkl\u00e4rt\">Internationaler Verband der M\u00f6belspediteure<\/a> (IAM) und\/oder <a href=\"https:\/\/moverdb.com\/de\/fidi-faim\/\" data-internallinksmanager029f6b8e52c=\"16\" title=\"FIDI &amp; FAIM (FIDI Accredited International Mover) Erl\u00e4utert\">FIDI<\/a> Accredited International Mover (FAIM), die Sie bei Ihrem Umzug unterst\u00fctzen k\u00f6nnen.<\/p>\n<h2><strong>1. Apex Umzug &amp; Lagerung<\/strong><\/h2>\n<p><img loading=\"lazy\" decoding=\"async\" class=\"alignnone size-full wp-image-11256\" src=\"https:\/\/moverdb.com\/wp-content\/uploads\/Apex-Moving-Storage-international-moving-company.png\" alt=\"Apex Moving &amp; Storage internationales Umzugsunternehmen\" width=\"1440\" height=\"680\" data-wp-pid=\"11256\" srcset=\"https:\/\/moverdb.com\/wp-content\/uploads\/Apex-Moving-Storage-international-moving-company.png 1440w, https:\/\/moverdb.com\/wp-content\/uploads\/Apex-Moving-Storage-international-moving-company-300x142.png 300w, https:\/\/moverdb.com\/wp-content\/uploads\/Apex-Moving-Storage-international-moving-company-1024x484.png 1024w, https:\/\/moverdb.com\/wp-content\/uploads\/Apex-Moving-Storage-international-moving-company-18x9.png 18w, https:\/\/moverdb.com\/wp-content\/uploads\/Apex-Moving-Storage-international-moving-company-600x283.png 600w\" sizes=\"auto, (max-width: 1440px) 100vw, 1440px\" \/><\/p>\n<ul>\n<li>Umz\u00fcge im Nah- und Fernverkehr<\/li>\n<li>Internationale Umz\u00fcge<\/li>\n<li>Umz\u00fcge in Wohnungen<\/li>\n<li>Kommerzielle Umz\u00fcge<\/li>\n<li>Unternehmensverlagerungen<\/li>\n<li>Vollst\u00e4ndiger Verpackungsservice<\/li>\n<li>Vorkehrungen f\u00fcr den Transport<\/li>\n<li>Zollabfertigung<\/li>\n<li>Technologie zur Lkw-Verfolgung<\/li>\n<li>Speicherdienste<\/li>\n<\/ul>\n<p>Apex Moving &amp; Storage ist ein 1972 gegr\u00fcndetes Umzugsunternehmen mit Sitz in Antioch. Sie sind ein Atlas Interstate Agent, der sie mit einem internationalen Netzwerk von professionellen Umzugsunternehmen verbindet, die sie unterst\u00fctzen. Das Unternehmen ist Mitglied der IAM und kann auf 45 Jahre Erfahrung zur\u00fcckblicken.<\/p>\n<p>Apex Moving &amp; Storage ist f\u00fcr kleine bis gro\u00dfe Umz\u00fcge zust\u00e4ndig und kann budgetfreundliche Optionen f\u00fcr alle Bed\u00fcrfnisse erstellen. Sie bieten einen T\u00fcr-zu-T\u00fcr-Umzugsservice mit einer Beratung vor dem Umzug, und ein pers\u00f6nlicher Umzugskoordinator wird Ihnen zur Seite gestellt. Apex bietet einen umfassenden Verpackungsservice und organisiert bei Umz\u00fcgen ins Ausland den Transport mit Zollabfertigung.<\/p>\n<p>Website: <a href=\"http:\/\/www.apexmoving.com\/\" target=\"_blank\" rel=\"noopener\">http:\/\/www.apexmoving.com\/<\/a><\/p>\n<h2><strong>2. Elizabeths Umzugsservice<\/strong><\/h2>\n<p><img loading=\"lazy\" decoding=\"async\" class=\"alignnone size-full wp-image-11315\" src=\"https:\/\/moverdb.com\/wp-content\/uploads\/Elizabeths-Moving-Service-international-moving-company.png\" alt=\"Elizabeths Moving Service internationales Umzugsunternehmen\" width=\"1440\" height=\"675\" data-wp-pid=\"11315\" srcset=\"https:\/\/moverdb.com\/wp-content\/uploads\/Elizabeths-Moving-Service-international-moving-company.png 1440w, https:\/\/moverdb.com\/wp-content\/uploads\/Elizabeths-Moving-Service-international-moving-company-300x141.png 300w, https:\/\/moverdb.com\/wp-content\/uploads\/Elizabeths-Moving-Service-international-moving-company-1024x480.png 1024w, https:\/\/moverdb.com\/wp-content\/uploads\/Elizabeths-Moving-Service-international-moving-company-18x8.png 18w, https:\/\/moverdb.com\/wp-content\/uploads\/Elizabeths-Moving-Service-international-moving-company-600x281.png 600w\" sizes=\"auto, (max-width: 1440px) 100vw, 1440px\" \/><\/p>\n<ul>\n<li>Lokale Umz\u00fcge<\/li>\n<li>Umz\u00fcge \u00fcber gro\u00dfe Entfernungen<\/li>\n<li>Umz\u00fcge im Haushalt<\/li>\n<li>B\u00fcro- und Gesch\u00e4ftsumz\u00fcge<\/li>\n<li>Individueller Umzugsplan<\/li>\n<li>Verpackungsservice<\/li>\n<li>Vorkehrungen f\u00fcr den Transport<\/li>\n<li>Installation des Ger\u00e4ts<\/li>\n<li>Handhabung von Kunstwerken<\/li>\n<li>Sichere Lagereinrichtungen<\/li>\n<\/ul>\n<p>Elizabeth's Moving Service ist ein Umzugs- und Lagerungsunternehmen mit Sitz in Chattanooga. Das Unternehmen ist Mitglied der IAM und kann auf sechs Jahre Erfahrung zur\u00fcckblicken. Dadurch verf\u00fcgt es \u00fcber ein Netzwerk von Umzugsagenten, mit denen es zusammenarbeiten kann, um Dienstleistungen au\u00dferhalb seines T\u00e4tigkeitsbereichs zu erbringen.<\/p>\n<p>Elizabeth's Moving Service bietet eine Hausbesichtigung an, um einen genauen Kostenvoranschlag zu erstellen. Elizabeth's Moving Service bietet einen kompletten Umzugsservice, bei dem Ihr Hab und Gut verpackt und verschickt wird, sowohl f\u00fcr lokale als auch f\u00fcr internationale Umz\u00fcge. Sie bieten hochwertige Verpackungsdienstleistungen mit geschulten Packern, die Ihr Eigentum w\u00e4hrend des Transports sch\u00fctzen, einschlie\u00dflich Holzkisten f\u00fcr zerbrechliche Gegenst\u00e4nde und Schutz Ihres Hauses w\u00e4hrend des Umzugs.<\/p>\n<p>Website: <a href=\"http:\/\/www.elizabethsmoving.com\" target=\"_blank\" rel=\"noopener\">http:\/\/www.elizabethsmoving.com<\/a><\/p>\n<h2><strong>3. Still Transfer Company<\/strong><\/h2>\n<p><img loading=\"lazy\" decoding=\"async\" class=\"alignnone size-full wp-image-11449\" src=\"https:\/\/moverdb.com\/wp-content\/uploads\/Still-Transfer-Company-international-moving-company.png\" alt=\"Still Transfer Company internationales Umzugsunternehmen\" width=\"1440\" height=\"677\" data-wp-pid=\"11449\" srcset=\"https:\/\/moverdb.com\/wp-content\/uploads\/Still-Transfer-Company-international-moving-company.png 1440w, https:\/\/moverdb.com\/wp-content\/uploads\/Still-Transfer-Company-international-moving-company-300x141.png 300w, https:\/\/moverdb.com\/wp-content\/uploads\/Still-Transfer-Company-international-moving-company-1024x481.png 1024w, https:\/\/moverdb.com\/wp-content\/uploads\/Still-Transfer-Company-international-moving-company-18x8.png 18w, https:\/\/moverdb.com\/wp-content\/uploads\/Still-Transfer-Company-international-moving-company-600x282.png 600w\" sizes=\"auto, (max-width: 1440px) 100vw, 1440px\" \/><\/p>\n<ul>\n<li>Umz\u00fcge im Nah- und Fernverkehr<\/li>\n<li>Internationale Umz\u00fcge<\/li>\n<li>Umz\u00fcge in Wohnungen<\/li>\n<li>Kommerzielle und B\u00fcroumz\u00fcge<\/li>\n<li>Verpackungsservice<\/li>\n<li>Vorkehrungen f\u00fcr den Transport<\/li>\n<li>Zollabfertigung<\/li>\n<li>Musikinstrument bewegt sich<\/li>\n<li>Sichere kurz- und langfristige Lagerung<\/li>\n<\/ul>\n<p>Still Transfer Company ist ein 1928 gegr\u00fcndetes Umzugs- und Speditionsunternehmen mit Sitz in Kingsport. Das Unternehmen ist Mitglied der IAM und kann auf 95 Jahre Erfahrung zur\u00fcckblicken, wodurch es \u00fcber ein weltweites Netzwerk von Umzugsunternehmen verf\u00fcgt, mit denen es bei der Erbringung von Dienstleistungen zusammenarbeitet.<\/p>\n<p>Still Transfer Company bietet kleine und gro\u00dfe Umzugsdienste f\u00fcr Orts-, Fern- und internationale Umz\u00fcge f\u00fcr Wohn-, Gesch\u00e4fts-, B\u00fcro- und Industrieumz\u00fcge. Sie bieten Umzugs- und Verpackungsdienste an, um Ihr Hab und Gut sicher an Ihren Bestimmungsort zu bringen, und \u00fcbernehmen auch die Zollabfertigung. Sie bieten auch sichere Lagerm\u00f6glichkeiten f\u00fcr kurze oder lange Zeit.<\/p>\n<p>Website: <a href=\"http:\/\/www.stilltransfer.net\" target=\"_blank\" rel=\"noopener\">http:\/\/www.stilltransfer.net<\/a><\/p>","protected":false},"excerpt":{"rendered":"<p>Are you planning a move? Then engaging the services of a moving company could really help ease the workload. They can assist with planning your move, transportation arrangements, packing your belongings and handling customs on international moves. Below we have compiled a list of Tennessee based removal companies that are members of the International Association [&hellip;]<\/p>\n","protected":false},"author":4,"featured_media":11256,"parent":190,"menu_order":0,"comment_status":"closed","ping_status":"closed","template":"","meta":{"_genesis_hide_title":false,"_genesis_hide_breadcrumbs":false,"_genesis_hide_singular_image":false,"_genesis_hide_footer_widgets":false,"_genesis_custom_body_class":"","_genesis_custom_post_class":"","_genesis_layout":"","footnotes":""},"class_list":{"0":"post-11666","1":"page","2":"type-page","3":"status-publish","4":"has-post-thumbnail","6":"entry"},"_links":{"self":[{"href":"https:\/\/moverdb.com\/de\/wp-json\/wp\/v2\/pages\/11666","targetHints":{"allow":["GET"]}}],"collection":[{"href":"https:\/\/moverdb.com\/de\/wp-json\/wp\/v2\/pages"}],"about":[{"href":"https:\/\/moverdb.com\/de\/wp-json\/wp\/v2\/types\/page"}],"author":[{"embeddable":true,"href":"https:\/\/moverdb.com\/de\/wp-json\/wp\/v2\/users\/4"}],"replies":[{"embeddable":true,"href":"https:\/\/moverdb.com\/de\/wp-json\/wp\/v2\/comments?post=11666"}],"version-history":[{"count":1,"href":"https:\/\/moverdb.com\/de\/wp-json\/wp\/v2\/pages\/11666\/revisions"}],"predecessor-version":[{"id":11667,"href":"https:\/\/moverdb.com\/de\/wp-json\/wp\/v2\/pages\/11666\/revisions\/11667"}],"up":[{"embeddable":true,"href":"https:\/\/moverdb.com\/de\/wp-json\/wp\/v2\/pages\/190"}],"wp:featuredmedia":[{"embeddable":true,"href":"https:\/\/moverdb.com\/de\/wp-json\/wp\/v2\/media\/11256"}],"wp:attachment":[{"href":"https:\/\/moverdb.com\/de\/wp-json\/wp\/v2\/media?parent=11666"}],"curies":[{"name":"wp","href":"https:\/\/api.w.org\/{rel}","templated":true}]}}