{"id":11661,"date":"2023-11-29T10:50:19","date_gmt":"2023-11-29T10:50:19","guid":{"rendered":"https:\/\/moverdb.com\/?page_id=11661"},"modified":"2026-01-08T15:29:26","modified_gmt":"2026-01-08T15:29:26","slug":"moving-companies-us-sterling","status":"publish","type":"page","link":"https:\/\/moverdb.com\/de\/moving-companies\/moving-companies-us-sterling\/","title":{"rendered":"Die 6 besten internationalen Umzugsunternehmen in Sterling"},"content":{"rendered":"<p>Ein Umzug kann eine anstrengende Zeit sein, so dass die Hilfe eines Umzugshelfers die Last wirklich erleichtern kann. Sie k\u00f6nnen einen <a href=\"https:\/\/moverdb.com\/de\/moving-companies\/\" data-internallinksmanager029f6b8e52c=\"79\" title=\"Top 25 Internationale Umzugsunternehmen Online\">Umzugsunternehmen<\/a> die Ihnen bei einer Reihe von Umzugsaufgaben helfen, wie z. B. der Planung Ihres Umzugs, dem Verpacken Ihrer Gegenst\u00e4nde, der Organisation des Transports und der Bearbeitung von Zolldokumenten. Im Folgenden haben wir eine Liste der in Sterling ans\u00e4ssigen Unternehmen zusammengestellt <a href=\"https:\/\/moverdb.com\/de\/international-removals\/\" data-internallinksmanager029f6b8e52c=\"27\" title=\"36 Beste internationale Umzugsunternehmen in Gro\u00dfbritannien\">Umzugsunternehmen<\/a> die Mitglieder der <a href=\"https:\/\/moverdb.com\/de\/iam\/\" data-internallinksmanager029f6b8e52c=\"23\" title=\"International Association of Movers (IAM) erkl\u00e4rt\">Internationaler Verband der M\u00f6belspediteure<\/a> (IAM) und\/oder <a href=\"https:\/\/moverdb.com\/de\/fidi-faim\/\" data-internallinksmanager029f6b8e52c=\"16\" title=\"FIDI &amp; FAIM (FIDI Accredited International Mover) Erl\u00e4utert\">FIDI<\/a> Accredited International Mover (FAIM), die Sie bei Ihrem Umzug unterst\u00fctzen k\u00f6nnen.<\/p>\n<div id=\"ez-toc-container\" class=\"ez-toc-v2_0_82_2 ez-toc-wrap-left counter-hierarchy ez-toc-counter ez-toc-transparent ez-toc-container-direction\">\n<div class=\"ez-toc-title-container\">\n<p class=\"ez-toc-title\" style=\"cursor:inherit\">Rubriken<\/p>\n<span class=\"ez-toc-title-toggle\"><a href=\"#\" class=\"ez-toc-pull-right ez-toc-btn ez-toc-btn-xs ez-toc-btn-default ez-toc-toggle\" aria-label=\"Inhaltsverzeichnis umschalten\"><span class=\"ez-toc-js-icon-con\"><span class=\"\"><span class=\"eztoc-hide\" style=\"display:none;\">Umschalten auf<\/span><span class=\"ez-toc-icon-toggle-span\"><svg style=\"fill: #999;color:#999\" xmlns=\"http:\/\/www.w3.org\/2000\/svg\" class=\"list-377408\" width=\"20px\" height=\"20px\" viewbox=\"0 0 24 24\" fill=\"none\"><path d=\"M6 6H4v2h2V6zm14 0H8v2h12V6zM4 11h2v2H4v-2zm16 0H8v2h12v-2zM4 16h2v2H4v-2zm16 0H8v2h12v-2z\" fill=\"currentColor\"><\/path><\/svg><svg style=\"fill: #999;color:#999\" class=\"arrow-unsorted-368013\" xmlns=\"http:\/\/www.w3.org\/2000\/svg\" width=\"10px\" height=\"10px\" viewbox=\"0 0 24 24\" version=\"1.2\" baseprofile=\"tiny\"><path d=\"M18.2 9.3l-6.2-6.3-6.2 6.3c-.2.2-.3.4-.3.7s.1.5.3.7c.2.2.4.3.7.3h11c.3 0 .5-.1.7-.3.2-.2.3-.5.3-.7s-.1-.5-.3-.7zM5.8 14.7l6.2 6.3 6.2-6.3c.2-.2.3-.5.3-.7s-.1-.5-.3-.7c-.2-.2-.4-.3-.7-.3h-11c-.3 0-.5.1-.7.3-.2.2-.3.5-.3.7s.1.5.3.7z\"\/><\/svg><\/span><\/span><\/span><\/a><\/span><\/div>\n<nav><ul class='ez-toc-list ez-toc-list-level-1 eztoc-toggle-hide-by-default' ><li class='ez-toc-page-1 ez-toc-heading-level-2'><a class=\"ez-toc-link ez-toc-heading-1\" href=\"https:\/\/moverdb.com\/de\/moving-companies\/moving-companies-us-sterling\/#1_Brauns_International\" >1. Brauns International<\/a><\/li><li class='ez-toc-page-1 ez-toc-heading-level-2'><a class=\"ez-toc-link ez-toc-heading-2\" href=\"https:\/\/moverdb.com\/de\/moving-companies\/moving-companies-us-sterling\/#2_DN_Van_Lines\" >2. DN Van Lines<\/a><\/li><li class='ez-toc-page-1 ez-toc-heading-level-2'><a class=\"ez-toc-link ez-toc-heading-3\" href=\"https:\/\/moverdb.com\/de\/moving-companies\/moving-companies-us-sterling\/#3_JK_Moving_Services\" >3. JK Umzugsdienste<\/a><\/li><li class='ez-toc-page-1 ez-toc-heading-level-2'><a class=\"ez-toc-link ez-toc-heading-4\" href=\"https:\/\/moverdb.com\/de\/moving-companies\/moving-companies-us-sterling\/#4_Laing_International\" >4. Laing International<\/a><\/li><li class='ez-toc-page-1 ez-toc-heading-level-2'><a class=\"ez-toc-link ez-toc-heading-5\" href=\"https:\/\/moverdb.com\/de\/moving-companies\/moving-companies-us-sterling\/#5_RelogistiX\" >5. RelogistiX<\/a><\/li><li class='ez-toc-page-1 ez-toc-heading-level-2'><a class=\"ez-toc-link ez-toc-heading-6\" href=\"https:\/\/moverdb.com\/de\/moving-companies\/moving-companies-us-sterling\/#6_Star_Moving_Solutions\" >6. Star Moving Solutions<\/a><\/li><\/ul><\/nav><\/div>\n<h2><span class=\"ez-toc-section\" id=\"1_Brauns_International\"><\/span><strong>1. Brauns International<\/strong><span class=\"ez-toc-section-end\"><\/span><\/h2>\n<p><img loading=\"lazy\" decoding=\"async\" class=\"alignnone size-full wp-image-7421\" src=\"https:\/\/moverdb.com\/wp-content\/uploads\/Brauns-International-moving-company.png\" alt=\"Brauns Internationales Umzugsunternehmen\" width=\"1440\" height=\"683\" data-wp-pid=\"7421\" srcset=\"https:\/\/moverdb.com\/wp-content\/uploads\/Brauns-International-moving-company.png 1440w, https:\/\/moverdb.com\/wp-content\/uploads\/Brauns-International-moving-company-300x142.png 300w, https:\/\/moverdb.com\/wp-content\/uploads\/Brauns-International-moving-company-1024x486.png 1024w, https:\/\/moverdb.com\/wp-content\/uploads\/Brauns-International-moving-company-18x9.png 18w, https:\/\/moverdb.com\/wp-content\/uploads\/Brauns-International-moving-company-600x285.png 600w\" sizes=\"auto, (max-width: 1440px) 100vw, 1440px\" \/><\/p>\n<ul>\n<li>Lokale und nationale Umz\u00fcge<\/li>\n<li>Internationale Umz\u00fcge<\/li>\n<li>Umz\u00fcge im Haushalt<\/li>\n<li>Firmenumz\u00fcge<\/li>\n<li>Pers\u00f6nlicher Umzugsberater<\/li>\n<li>Verpackungsservice<\/li>\n<li>Lkw-, Luft- und Seetransport<\/li>\n<li>Vorbereitung der Dokumente<\/li>\n<li>Versicherung<\/li>\n<li>Speicherdienste<\/li>\n<\/ul>\n<p>Brauns International ist ein internationales Umzugs- und Lagerungsunternehmen, das 1992 in <a href=\"https:\/\/moverdb.com\/de\/moving-to-the-united-states\/moving-to-virginia\/\" data-internallinksmanager029f6b8e52c=\"442\" title=\"Umzug nach Virginia? 2026 Lebenshaltungskosten und Umzugstipps\">Virginia<\/a>und ist von Sterling aus t\u00e4tig. Sie verf\u00fcgen \u00fcber ein weltweites Netz von Partneragenturen, mit denen sie zusammenarbeiten, um internationale Umzugsdienstleistungen zu erbringen. Das Unternehmen ist Mitglied der IAM und verf\u00fcgt \u00fcber 31 Jahre Erfahrung.<\/p>\n<p>Brauns International bietet einen ma\u00dfgeschneiderten Umzugsservice mit einem pers\u00f6nlichen Umzugsberater, der alle Aspekte Ihres Umzugs koordiniert. Sie bieten einen Verpackungsservice mit qualitativ hochwertigen Verpackungen und Umschl\u00e4gen zum Schutz Ihres Eigentums. Brauns International arrangiert und \u00fcberwacht den Transport Ihres Umzugsguts und stellt alle Papiere und Unterlagen f\u00fcr die Zollabfertigung zusammen.<\/p>\n<p>Website: <a href=\"https:\/\/www.braunsusa.com\/\" target=\"_blank\" rel=\"noopener\">https:\/\/www.braunsusa.com\/<\/a><\/p>\n<h2><span class=\"ez-toc-section\" id=\"2_DN_Van_Lines\"><\/span><strong>2. DN Van Lines<\/strong><span class=\"ez-toc-section-end\"><\/span><\/h2>\n<p><img loading=\"lazy\" decoding=\"async\" class=\"alignnone size-full wp-image-11307\" src=\"https:\/\/moverdb.com\/wp-content\/uploads\/DN-Van-Lines-international-moving-company.png\" alt=\"DN Van Lines internationales Umzugsunternehmen\" width=\"1440\" height=\"670\" data-wp-pid=\"11307\" srcset=\"https:\/\/moverdb.com\/wp-content\/uploads\/DN-Van-Lines-international-moving-company.png 1440w, https:\/\/moverdb.com\/wp-content\/uploads\/DN-Van-Lines-international-moving-company-300x140.png 300w, https:\/\/moverdb.com\/wp-content\/uploads\/DN-Van-Lines-international-moving-company-1024x476.png 1024w, https:\/\/moverdb.com\/wp-content\/uploads\/DN-Van-Lines-international-moving-company-18x8.png 18w, https:\/\/moverdb.com\/wp-content\/uploads\/DN-Van-Lines-international-moving-company-600x279.png 600w\" sizes=\"auto, (max-width: 1440px) 100vw, 1440px\" \/><\/p>\n<ul>\n<li>Lokale und zwischenstaatliche Umz\u00fcge<\/li>\n<li>Umz\u00fcge \u00fcber gro\u00dfe Entfernungen<\/li>\n<li>Umz\u00fcge in Wohnungen<\/li>\n<li>B\u00fcro- und Gesch\u00e4ftsumz\u00fcge<\/li>\n<li>Engagierter Umzugskoordinator<\/li>\n<li>Verpackungsservice<\/li>\n<li>Detaillierte Bestandsverwaltung<\/li>\n<li>Vorkehrungen f\u00fcr den Transport<\/li>\n<li>Sendungsverfolgung<\/li>\n<li>Sichere kurz- und langfristige Lagerung<\/li>\n<\/ul>\n<p>DN Van Lines ist ein 2001 gegr\u00fcndetes Umzugs- und Lagerunternehmen mit Standorten in Sterling, <a href=\"https:\/\/moverdb.com\/de\/moving-to-the-united-states\/moving-to-florida\/\" data-internallinksmanager029f6b8e52c=\"331\" title=\"Umzug nach Florida? 2026 Lebenshaltungskosten &amp; Umzugstipps\">Florida<\/a> und <a href=\"https:\/\/moverdb.com\/de\/moving-to-the-united-states\/moving-to-massachusetts\/\" data-internallinksmanager029f6b8e52c=\"412\" title=\"Umzug nach Massachusetts? 2026 Lebenshaltungskosten &amp; Umzugstipps\">Massachusetts<\/a>. Sie sind Mitglied der IAM und verf\u00fcgen \u00fcber 20 Jahre Erfahrung, die ihnen Zugang zu einem internationalen Netz von Umzugsunternehmen verschafft.<\/p>\n<p>DN Van Lines bietet einen Hausbesuch oder eine virtuelle Besichtigung an, um das Volumen Ihres Umzugs abzusch\u00e4tzen, und stellt einen engagierten Umzugskoordinator zur Verf\u00fcgung. Sie bieten einen Verpackungsservice an, bei dem geschulte Mitarbeiter Ihre Gegenst\u00e4nde sicher verpacken und ein detailliertes Inventar erstellen, das sicher in ihrem System gespeichert wird. Sie organisieren den Transport Ihrer Gegenst\u00e4nde zum Zielort und die Sendungen werden per GPS verfolgt.<\/p>\n<p>Website: <a href=\"https:\/\/dnvanlines.com\/\" target=\"_blank\" rel=\"noopener\">https:\/\/dnvanlines.com\/<\/a><\/p>\n<h2><span class=\"ez-toc-section\" id=\"3_JK_Moving_Services\"><\/span><strong>3. JK Umzugsdienste<\/strong><span class=\"ez-toc-section-end\"><\/span><\/h2>\n<p><img loading=\"lazy\" decoding=\"async\" class=\"alignnone size-full wp-image-11662\" src=\"https:\/\/moverdb.com\/wp-content\/uploads\/JK-Moving-Services-international-moving-company.png\" alt=\"JK Moving Services internationales Umzugsunternehmen\" width=\"1440\" height=\"678\" data-wp-pid=\"11662\" srcset=\"https:\/\/moverdb.com\/wp-content\/uploads\/JK-Moving-Services-international-moving-company.png 1440w, https:\/\/moverdb.com\/wp-content\/uploads\/JK-Moving-Services-international-moving-company-300x141.png 300w, https:\/\/moverdb.com\/wp-content\/uploads\/JK-Moving-Services-international-moving-company-1024x482.png 1024w, https:\/\/moverdb.com\/wp-content\/uploads\/JK-Moving-Services-international-moving-company-18x8.png 18w, https:\/\/moverdb.com\/wp-content\/uploads\/JK-Moving-Services-international-moving-company-600x283.png 600w\" sizes=\"auto, (max-width: 1440px) 100vw, 1440px\" \/><\/p>\n<ul>\n<li>Umz\u00fcge im Nah- und Fernverkehr<\/li>\n<li>Internationale Umz\u00fcge<\/li>\n<li>Umz\u00fcge in Wohnungen<\/li>\n<li>Kommerzielle Umz\u00fcge<\/li>\n<li>Haus-zu-Haus-Dienst<\/li>\n<li>Engagierter Umzugsmanager<\/li>\n<li>Verpackungsservice<\/li>\n<li>Lkw-, Bahn-, See- und Luftfracht<\/li>\n<li>Zollabfertigung<\/li>\n<li>Sichere Lagerung<\/li>\n<\/ul>\n<p>JK Moving Services ist ein Umzugs- und Logistikunternehmen, das seit \u00fcber 40 Jahren t\u00e4tig ist und Standorte in Sterling hat, <a href=\"https:\/\/moverdb.com\/de\/moving-to-the-united-states\/moving-to-maryland\/\" data-internallinksmanager029f6b8e52c=\"467\" title=\"Umzug nach Maryland? 2024 Lebenshaltungskosten &amp; Umzugstipps\">Maryland<\/a> und Washington. Sie verf\u00fcgen \u00fcber ein umfassendes globales Umzugsnetz, das sie bei der Erbringung internationaler Dienstleistungen unterst\u00fctzt. Das Unternehmen ist Mitglied der IAM mit 44 Jahren Erfahrung und ist von der FIDI akkreditiert.<\/p>\n<p>JK Moving Services bietet Umzugsdienstleistungen von T\u00fcr zu T\u00fcr f\u00fcr Privat- und Gesch\u00e4ftskunden mit einem engagierten Umzugsmanager, der Ihre gesamte Logistik koordiniert. Sie stellen professionelle, geschulte Umzugshelfer zur Verf\u00fcgung, die Ihre Gegenst\u00e4nde sicher verpacken und verladen und sie bei der Lieferung ausladen und auspacken.<\/p>\n<p>Website: <a href=\"https:\/\/www.jkmoving.com\/\" target=\"_blank\" rel=\"noopener\">https:\/\/www.jkmoving.com\/<\/a><\/p>\n<h2><span class=\"ez-toc-section\" id=\"4_Laing_International\"><\/span><strong>4. Laing International<\/strong><span class=\"ez-toc-section-end\"><\/span><\/h2>\n<p><img loading=\"lazy\" decoding=\"async\" class=\"alignnone size-full wp-image-11361\" src=\"https:\/\/moverdb.com\/wp-content\/uploads\/Laing-International-moving-company.png\" alt=\"Laing Internationales Umzugsunternehmen\" width=\"1440\" height=\"681\" data-wp-pid=\"11361\" srcset=\"https:\/\/moverdb.com\/wp-content\/uploads\/Laing-International-moving-company.png 1440w, https:\/\/moverdb.com\/wp-content\/uploads\/Laing-International-moving-company-300x142.png 300w, https:\/\/moverdb.com\/wp-content\/uploads\/Laing-International-moving-company-1024x484.png 1024w, https:\/\/moverdb.com\/wp-content\/uploads\/Laing-International-moving-company-18x9.png 18w, https:\/\/moverdb.com\/wp-content\/uploads\/Laing-International-moving-company-600x284.png 600w\" sizes=\"auto, (max-width: 1440px) 100vw, 1440px\" \/><\/p>\n<ul>\n<li>Lokale Frachtdienste<\/li>\n<li>Internationale Fracht<\/li>\n<li>Einzelne Waren<\/li>\n<li>Kommerzielle G\u00fcter<\/li>\n<li>Verwaltung der Sendungen<\/li>\n<li>Verpackungsservice<\/li>\n<li>Verschlag<\/li>\n<li>Vorkehrungen f\u00fcr den Transport<\/li>\n<li>Zollabfertigung<\/li>\n<li>Versicherung<\/li>\n<\/ul>\n<p>Laing International ist ein Zollvermittler und <a href=\"https:\/\/moverdb.com\/de\/freight-forwarder\/\" data-internallinksmanager029f6b8e52c=\"17\" title=\"Leitfaden f\u00fcr internationale Kosten und Unternehmen f\u00fcr Spediteure und NVOCC\">Spediteur<\/a> mit Sitz in Sterling und Maryland, das 1979 gegr\u00fcndet wurde. Das Unternehmen ist Mitglied der IAM und kann auf 44 Jahre Erfahrung zur\u00fcckblicken, die ihm ein internationales Netz von Unternehmen zur Verf\u00fcgung stellt, die es bei der Erbringung seiner Dienstleistungen in der ganzen Welt unterst\u00fctzen.<\/p>\n<p>Laing International ist ein Spezialist f\u00fcr Zollabwicklung und Spedition, der sich zum Ziel gesetzt hat, Verz\u00f6gerungen zu verringern und Ihnen beim lokalen oder internationalen Transport Ihrer Waren Geld zu sparen. Laing International bietet lokale Rollfuhrdienste und Luftfrachtspedition, einschlie\u00dflich Verpackung und Transportkisten f\u00fcr Ihre G\u00fcter, inklusive Versicherung. Sie \u00fcbernehmen auch die Zollabfertigung f\u00fcr den Transfer Ihrer Waren zwischen den L\u00e4ndern.<\/p>\n<p>Website: <a href=\"http:\/\/www.lainginternational.com\/\" target=\"_blank\" rel=\"noopener\">http:\/\/www.lainginternational.com\/<\/a><\/p>\n<h2><span class=\"ez-toc-section\" id=\"5_RelogistiX\"><\/span><strong>5. RelogistiX<\/strong><span class=\"ez-toc-section-end\"><\/span><\/h2>\n<p><img loading=\"lazy\" decoding=\"async\" class=\"alignnone size-full wp-image-11663\" src=\"https:\/\/moverdb.com\/wp-content\/uploads\/Relogistix-international-moving-company.png\" alt=\"Relogistix internationales Umzugsunternehmen\" width=\"1440\" height=\"680\" data-wp-pid=\"11663\" srcset=\"https:\/\/moverdb.com\/wp-content\/uploads\/Relogistix-international-moving-company.png 1440w, https:\/\/moverdb.com\/wp-content\/uploads\/Relogistix-international-moving-company-300x142.png 300w, https:\/\/moverdb.com\/wp-content\/uploads\/Relogistix-international-moving-company-1024x484.png 1024w, https:\/\/moverdb.com\/wp-content\/uploads\/Relogistix-international-moving-company-18x9.png 18w, https:\/\/moverdb.com\/wp-content\/uploads\/Relogistix-international-moving-company-600x283.png 600w\" sizes=\"auto, (max-width: 1440px) 100vw, 1440px\" \/><\/p>\n<ul>\n<li>Internationale Verlagerungen<\/li>\n<li>Umz\u00fcge im Haushalt<\/li>\n<li>Haus-zu-Haus-Dienst<\/li>\n<li>Engagierter Koordinator<\/li>\n<li>In-Home-Befragung<\/li>\n<li>Verpackungsservice<\/li>\n<li>Hochwertige Verpackungsmaterialien<\/li>\n<li>Land-, Luft- und Seetransport<\/li>\n<li>Zollabfertigung<\/li>\n<li>Auspacken und Beseitigung von Schutt<\/li>\n<\/ul>\n<p>RelogistiX ist ein Umzugs- und Logistikunternehmen mit Standorten in Sterling und Alexandria. Das Unternehmen ist Mitglied der IAM und kann auf 36 Jahre Erfahrung zur\u00fcckblicken, wodurch es Zugang zu einem internationalen Netzwerk von Umzugsagenten hat, die es unterst\u00fctzen.<\/p>\n<p>RelogistiX bietet eine kostenlose Beratung vor dem Umzug an, um Ihre Anforderungen zu besprechen, und erstellt einen Kostenvoranschlag und eine Hausbesichtigung. Das Unternehmen stellt Ihnen einen Koordinator zur Seite, der w\u00e4hrend des gesamten Umzugs Ihr erster Ansprechpartner ist. Sie verwenden die besten Verpackungsmaterialien, die den internationalen Standards entsprechen, sowie ma\u00dfgeschneiderte Kisten zum Schutz Ihrer Gegenst\u00e4nde. Bei der Ankunft werden Ihre Gegenst\u00e4nde ausgeladen und ausgepackt und alle Abf\u00e4lle entfernt.<\/p>\n<p>Website: <a href=\"https:\/\/www.relogistix.net\/\" target=\"_blank\" rel=\"noopener\">https:\/\/www.relogistix.net\/<\/a><\/p>\n<h2><span class=\"ez-toc-section\" id=\"6_Star_Moving_Solutions\"><\/span><strong>6. Star Moving Solutions<\/strong><span class=\"ez-toc-section-end\"><\/span><\/h2>\n<p><img loading=\"lazy\" decoding=\"async\" class=\"alignnone size-full wp-image-5207\" src=\"https:\/\/moverdb.com\/wp-content\/uploads\/Star-Moving-international-moving-company.png\" alt=\"Star Moving internationales Umzugsunternehmen\" width=\"1440\" height=\"683\" data-wp-pid=\"5207\" srcset=\"https:\/\/moverdb.com\/wp-content\/uploads\/Star-Moving-international-moving-company.png 1440w, https:\/\/moverdb.com\/wp-content\/uploads\/Star-Moving-international-moving-company-300x142.png 300w, https:\/\/moverdb.com\/wp-content\/uploads\/Star-Moving-international-moving-company-1024x486.png 1024w, https:\/\/moverdb.com\/wp-content\/uploads\/Star-Moving-international-moving-company-18x9.png 18w, https:\/\/moverdb.com\/wp-content\/uploads\/Star-Moving-international-moving-company-600x285.png 600w\" sizes=\"auto, (max-width: 1440px) 100vw, 1440px\" \/><\/p>\n<ul>\n<li>Nationale Umz\u00fcge<\/li>\n<li>Internationale Umz\u00fcge<\/li>\n<li>Umz\u00fcge im Haushalt<\/li>\n<li>Unternehmensverlagerungen<\/li>\n<li>Haus-zu-Haus-Dienst<\/li>\n<li>Verpackungsdienstleistungen<\/li>\n<li>Vorkehrungen f\u00fcr den Transport<\/li>\n<li>Unterst\u00fctzung durch den Zoll<\/li>\n<li>Verfolgungssysteme<\/li>\n<li>L\u00f6sungen f\u00fcr die Lagerung<\/li>\n<\/ul>\n<p>Star Moving Solutions ist ein 1998 gegr\u00fcndetes nationales und internationales Umzugsunternehmen. Das Unternehmen ist Mitglied von Van Line und verf\u00fcgt \u00fcber ein umfangreiches weltweites Netzwerk von Umzugsunternehmen, die sie mit internationalen Dienstleistungen in \u00fcber 160 L\u00e4ndern unterst\u00fctzen. Das Unternehmen ist Mitglied der IAM und verf\u00fcgt \u00fcber 25 Jahre Erfahrung.<\/p>\n<p>Star Moving Solutions bietet einen Hausbesuch an, um Ihr Umzugsvolumen zu ermitteln und einen Kostenvoranschlag zu erstellen. Sie bieten einen einzigen Ansprechpartner, der Ihnen w\u00e4hrend des gesamten Umzugs zur Seite steht, und verf\u00fcgen \u00fcber ein Tracking-System zur \u00dcberwachung des Fortschritts. Sie bieten spezielle Verpackungs- und Einpackdienste f\u00fcr \u00dcberseeumz\u00fcge und helfen bei der Zollabfertigung.<\/p>\n<p>Website: <a href=\"https:\/\/starint.com\/\" target=\"_blank\" rel=\"noopener\">https:\/\/starint.com\/<\/a><\/p>","protected":false},"excerpt":{"rendered":"<p>Moving can be a busy time so getting some help can really lighten the load. You can engage a moving company to help with a range of moving tasks including planning your move, packing your items, arranging transport and handling any customs documentation. Below we have compiled a list of Sterling based removal companies that [&hellip;]<\/p>\n","protected":false},"author":4,"featured_media":7421,"parent":190,"menu_order":0,"comment_status":"closed","ping_status":"closed","template":"","meta":{"_genesis_hide_title":false,"_genesis_hide_breadcrumbs":false,"_genesis_hide_singular_image":false,"_genesis_hide_footer_widgets":false,"_genesis_custom_body_class":"","_genesis_custom_post_class":"","_genesis_layout":"","footnotes":""},"class_list":{"0":"post-11661","1":"page","2":"type-page","3":"status-publish","4":"has-post-thumbnail","6":"entry"},"_links":{"self":[{"href":"https:\/\/moverdb.com\/de\/wp-json\/wp\/v2\/pages\/11661","targetHints":{"allow":["GET"]}}],"collection":[{"href":"https:\/\/moverdb.com\/de\/wp-json\/wp\/v2\/pages"}],"about":[{"href":"https:\/\/moverdb.com\/de\/wp-json\/wp\/v2\/types\/page"}],"author":[{"embeddable":true,"href":"https:\/\/moverdb.com\/de\/wp-json\/wp\/v2\/users\/4"}],"replies":[{"embeddable":true,"href":"https:\/\/moverdb.com\/de\/wp-json\/wp\/v2\/comments?post=11661"}],"version-history":[{"count":2,"href":"https:\/\/moverdb.com\/de\/wp-json\/wp\/v2\/pages\/11661\/revisions"}],"predecessor-version":[{"id":11665,"href":"https:\/\/moverdb.com\/de\/wp-json\/wp\/v2\/pages\/11661\/revisions\/11665"}],"up":[{"embeddable":true,"href":"https:\/\/moverdb.com\/de\/wp-json\/wp\/v2\/pages\/190"}],"wp:featuredmedia":[{"embeddable":true,"href":"https:\/\/moverdb.com\/de\/wp-json\/wp\/v2\/media\/7421"}],"wp:attachment":[{"href":"https:\/\/moverdb.com\/de\/wp-json\/wp\/v2\/media?parent=11661"}],"curies":[{"name":"wp","href":"https:\/\/api.w.org\/{rel}","templated":true}]}}