{"id":11651,"date":"2023-11-29T10:38:44","date_gmt":"2023-11-29T10:38:44","guid":{"rendered":"https:\/\/moverdb.com\/?page_id=11651"},"modified":"2026-01-08T15:24:50","modified_gmt":"2026-01-08T15:24:50","slug":"moving-companies-us-pennsylvania","status":"publish","type":"page","link":"https:\/\/moverdb.com\/de\/moving-companies\/moving-companies-us-pennsylvania\/","title":{"rendered":"Die 4 besten internationalen Umzugsunternehmen in Pennsylvania"},"content":{"rendered":"<p>Bei einem Umzug gibt es viel zu organisieren, zu verpacken, den Transport zu organisieren und bei einem Umzug ins Ausland die Zollformalit\u00e4ten zu erledigen, aber Sie m\u00fcssen das nicht allein tun. A <a href=\"https:\/\/moverdb.com\/de\/moving-companies\/\" data-internallinksmanager029f6b8e52c=\"79\" title=\"Top 25 Internationale Umzugsunternehmen Online\">Umzugsunternehmen<\/a> kann bei allen oder einigen dieser Aufgaben helfen, um den Umzug zu erleichtern. Im Folgenden haben wir eine Liste zusammengestellt mit <a href=\"https:\/\/moverdb.com\/de\/moving-to-the-united-states\/moving-to-pennsylvania\/\" data-internallinksmanager029f6b8e52c=\"404\" title=\"Umzug nach Pennsylvania? 2026 Lebenshaltungskosten &amp; Umzugstipps\">Pennsylvania<\/a> basiert <a href=\"https:\/\/moverdb.com\/de\/international-removals\/\" data-internallinksmanager029f6b8e52c=\"27\" title=\"36 Beste internationale Umzugsunternehmen in Gro\u00dfbritannien\">Umzugsunternehmen<\/a> die Mitglieder der <a href=\"https:\/\/moverdb.com\/de\/iam\/\" data-internallinksmanager029f6b8e52c=\"23\" title=\"International Association of Movers (IAM) erkl\u00e4rt\">Internationaler Verband der M\u00f6belspediteure<\/a> (IAM) und\/oder <a href=\"https:\/\/moverdb.com\/de\/fidi-faim\/\" data-internallinksmanager029f6b8e52c=\"16\" title=\"FIDI &amp; FAIM (FIDI Accredited International Mover) Erl\u00e4utert\">FIDI<\/a> Accredited International Mover (FAIM), die Ihnen bei Ihrem Umzug helfen k\u00f6nnen.<\/p>\n<div id=\"ez-toc-container\" class=\"ez-toc-v2_0_82_2 ez-toc-wrap-left counter-hierarchy ez-toc-counter ez-toc-transparent ez-toc-container-direction\">\n<div class=\"ez-toc-title-container\">\n<p class=\"ez-toc-title\" style=\"cursor:inherit\">Rubriken<\/p>\n<span class=\"ez-toc-title-toggle\"><a href=\"#\" class=\"ez-toc-pull-right ez-toc-btn ez-toc-btn-xs ez-toc-btn-default ez-toc-toggle\" aria-label=\"Inhaltsverzeichnis umschalten\"><span class=\"ez-toc-js-icon-con\"><span class=\"\"><span class=\"eztoc-hide\" style=\"display:none;\">Umschalten auf<\/span><span class=\"ez-toc-icon-toggle-span\"><svg style=\"fill: #999;color:#999\" xmlns=\"http:\/\/www.w3.org\/2000\/svg\" class=\"list-377408\" width=\"20px\" height=\"20px\" viewbox=\"0 0 24 24\" fill=\"none\"><path d=\"M6 6H4v2h2V6zm14 0H8v2h12V6zM4 11h2v2H4v-2zm16 0H8v2h12v-2zM4 16h2v2H4v-2zm16 0H8v2h12v-2z\" fill=\"currentColor\"><\/path><\/svg><svg style=\"fill: #999;color:#999\" class=\"arrow-unsorted-368013\" xmlns=\"http:\/\/www.w3.org\/2000\/svg\" width=\"10px\" height=\"10px\" viewbox=\"0 0 24 24\" version=\"1.2\" baseprofile=\"tiny\"><path d=\"M18.2 9.3l-6.2-6.3-6.2 6.3c-.2.2-.3.4-.3.7s.1.5.3.7c.2.2.4.3.7.3h11c.3 0 .5-.1.7-.3.2-.2.3-.5.3-.7s-.1-.5-.3-.7zM5.8 14.7l6.2 6.3 6.2-6.3c.2-.2.3-.5.3-.7s-.1-.5-.3-.7c-.2-.2-.4-.3-.7-.3h-11c-.3 0-.5.1-.7.3-.2.2-.3.5-.3.7s.1.5.3.7z\"\/><\/svg><\/span><\/span><\/span><\/a><\/span><\/div>\n<nav><ul class='ez-toc-list ez-toc-list-level-1 eztoc-toggle-hide-by-default' ><li class='ez-toc-page-1 ez-toc-heading-level-2'><a class=\"ez-toc-link ez-toc-heading-1\" href=\"https:\/\/moverdb.com\/de\/moving-companies\/moving-companies-us-pennsylvania\/#1_Aires\" >1. Aires<\/a><\/li><li class='ez-toc-page-1 ez-toc-heading-level-2'><a class=\"ez-toc-link ez-toc-heading-2\" href=\"https:\/\/moverdb.com\/de\/moving-companies\/moving-companies-us-pennsylvania\/#2_Champion_International_Moving\" >2. Champion International Umzug<\/a><\/li><li class='ez-toc-page-1 ez-toc-heading-level-2'><a class=\"ez-toc-link ez-toc-heading-3\" href=\"https:\/\/moverdb.com\/de\/moving-companies\/moving-companies-us-pennsylvania\/#3_Movers_Specialty_Service\" >3. Movers Specialty Service<\/a><\/li><li class='ez-toc-page-1 ez-toc-heading-level-2'><a class=\"ez-toc-link ez-toc-heading-4\" href=\"https:\/\/moverdb.com\/de\/moving-companies\/moving-companies-us-pennsylvania\/#4_Reads_Moving_Systems\" >4. Liest Bewegliche Systeme<\/a><\/li><\/ul><\/nav><\/div>\n<h2><span class=\"ez-toc-section\" id=\"1_Aires\"><\/span><strong>1. Aires<\/strong><span class=\"ez-toc-section-end\"><\/span><\/h2>\n<p><img loading=\"lazy\" decoding=\"async\" class=\"alignnone size-full wp-image-11247\" src=\"https:\/\/moverdb.com\/wp-content\/uploads\/Aires-international-moving-company.png\" alt=\"Aires internationales Umzugsunternehmen\" width=\"1440\" height=\"678\" data-wp-pid=\"11247\" srcset=\"https:\/\/moverdb.com\/wp-content\/uploads\/Aires-international-moving-company.png 1440w, https:\/\/moverdb.com\/wp-content\/uploads\/Aires-international-moving-company-300x141.png 300w, https:\/\/moverdb.com\/wp-content\/uploads\/Aires-international-moving-company-1024x482.png 1024w, https:\/\/moverdb.com\/wp-content\/uploads\/Aires-international-moving-company-18x8.png 18w, https:\/\/moverdb.com\/wp-content\/uploads\/Aires-international-moving-company-600x283.png 600w\" sizes=\"auto, (max-width: 1440px) 100vw, 1440px\" \/><\/p>\n<ul>\n<li>Nationale Verlagerungen<\/li>\n<li>Internationale Verlagerungen<\/li>\n<li>Umz\u00fcge von Haushalten<\/li>\n<li>Umz\u00fcge von Mitarbeitern<\/li>\n<li>Dienstleistungen bei der Abreise<\/li>\n<li>Dienstleistungen am Zielort und zur Eingew\u00f6hnung<\/li>\n<li>Einwanderungsdienste<\/li>\n<li>Dienstleistungen im Immobilienbereich<\/li>\n<li>Schule suchen<\/li>\n<li>Kulturelle und sprachliche Ausbildung<\/li>\n<\/ul>\n<p>Aires ist ein 1981 gegr\u00fcndetes Umzugs- und Speditionsunternehmen mit Hauptsitz in Pittsburgh und f\u00fcnf weiteren <a href=\"https:\/\/moverdb.com\/de\/moving-to-the-united-states\/\" data-internallinksmanager029f6b8e52c=\"94\" title=\"Umzug in die Vereinigten Staaten? 2026 Lebenshaltungskosten &amp; Umzugstipps\">US<\/a> B\u00fcros und internationalen B\u00fcros in <a href=\"https:\/\/moverdb.com\/de\/moving-to-hong-kong\/\" data-internallinksmanager029f6b8e52c=\"350\" title=\"Umzug nach Hongkong? 2026 Lebenshaltungskosten &amp; Umzugstipps\">Hongkong<\/a>London, <a href=\"https:\/\/moverdb.com\/de\/moving-to-singapore\/\" data-internallinksmanager029f6b8e52c=\"68\" title=\"Umzug nach Singapur? 2026 Lebenshaltungskosten &amp; Umzugstipps\">Singapur<\/a>Shanghai und Mumbai. Sie verf\u00fcgen \u00fcber ein ausgedehntes Netz von zuverl\u00e4ssigen Dienstleistern, die sie unterst\u00fctzen. Sie sind Mitglied der IAM mit 42 Jahren Erfahrung und sind von der FIDI akkreditiert.<\/p>\n<p>Aires hat sich auf die Unterst\u00fctzung von Unternehmen bei der Umsiedlung ihrer Mitarbeiter spezialisiert und bietet eine breite Palette von Dienstleistungen an, die den Mitarbeitern bei ihrem Umzug und der Eingew\u00f6hnung in ihrem neuen Zuhause helfen. Das Angebot umfasst Dienstleistungen bei der Abreise, wie Umzug und Einwanderung, und Dienstleistungen am Zielort, wie die Suche nach einer Wohnung und einer Schule.<\/p>\n<p>Website: <a href=\"https:\/\/www.aires.com\/\" target=\"_blank\" rel=\"noopener\">https:\/\/www.aires.com\/<\/a><\/p>\n<h2><span class=\"ez-toc-section\" id=\"2_Champion_International_Moving\"><\/span><strong>2. Champion International Umzug<\/strong><span class=\"ez-toc-section-end\"><\/span><\/h2>\n<p><img loading=\"lazy\" decoding=\"async\" class=\"alignnone size-full wp-image-11285\" src=\"https:\/\/moverdb.com\/wp-content\/uploads\/Champion-International-Moving-company.png\" alt=\"Champion Internationales Umzugsunternehmen\" width=\"1440\" height=\"676\" data-wp-pid=\"11285\" srcset=\"https:\/\/moverdb.com\/wp-content\/uploads\/Champion-International-Moving-company.png 1440w, https:\/\/moverdb.com\/wp-content\/uploads\/Champion-International-Moving-company-300x141.png 300w, https:\/\/moverdb.com\/wp-content\/uploads\/Champion-International-Moving-company-1024x481.png 1024w, https:\/\/moverdb.com\/wp-content\/uploads\/Champion-International-Moving-company-18x8.png 18w, https:\/\/moverdb.com\/wp-content\/uploads\/Champion-International-Moving-company-600x282.png 600w\" sizes=\"auto, (max-width: 1440px) 100vw, 1440px\" \/><\/p>\n<ul>\n<li>Nationale Umz\u00fcge<\/li>\n<li>Internationale Umz\u00fcge<\/li>\n<li>Umz\u00fcge in Wohnungen<\/li>\n<li>Gesch\u00e4ftliche Umz\u00fcge<\/li>\n<li>Engagierter Relocation-Spezialist<\/li>\n<li>Verpackungsservice<\/li>\n<li>Haustier bewegt sich<\/li>\n<li>Fahrzeugtransport<\/li>\n<li>Versicherung<\/li>\n<li>Speicherdienste<\/li>\n<\/ul>\n<p>Champion International Moving ist ein 1991 gegr\u00fcndetes Umzugsmanagement-Unternehmen mit Sitz in Pittsburgh. Sie sind Teil der <a href=\"https:\/\/moverdb.com\/de\/harmony-relocation-network\/\" data-internallinksmanager029f6b8e52c=\"20\" title=\"Harmony Relocation Network (HRN) erkl\u00e4rt\">Harmony Relocation Netzwerk<\/a> Das bedeutet, dass sie sozial verantwortlich handeln und \u00fcber ein Netz von Umzugsunternehmen verf\u00fcgen, die auf die gleiche Weise arbeiten. Sie sind Mitglied der IAM mit 32 Jahren Erfahrung und sind von der FIDI akkreditiert.<\/p>\n<p>Champion International Moving bietet nationale und internationale Umz\u00fcge f\u00fcr Privat- und Gesch\u00e4ftskunden mit einem einzigen Ansprechpartner, der ein engagierter Umzugsspezialist ist. Der Umzugsspezialist bietet einen Verpackungsservice an, um Ihr Hab und Gut zu sch\u00fctzen, und organisiert den Transport und das Ausladen bei der Ankunft.<\/p>\n<p>Website: <a href=\"http:\/\/www.champmove.com\" target=\"_blank\" rel=\"noopener\">http:\/\/www.champmove.com<\/a><\/p>\n<h2><span class=\"ez-toc-section\" id=\"3_Movers_Specialty_Service\"><\/span><strong>3. Movers Specialty Service<\/strong><span class=\"ez-toc-section-end\"><\/span><\/h2>\n<p><img loading=\"lazy\" decoding=\"async\" class=\"alignnone size-full wp-image-11384\" src=\"https:\/\/moverdb.com\/wp-content\/uploads\/Movers-Specialty-Service-international-moving-company.png\" alt=\"Movers Specialty Service internationales Umzugsunternehmen\" width=\"1440\" height=\"677\" data-wp-pid=\"11384\" srcset=\"https:\/\/moverdb.com\/wp-content\/uploads\/Movers-Specialty-Service-international-moving-company.png 1440w, https:\/\/moverdb.com\/wp-content\/uploads\/Movers-Specialty-Service-international-moving-company-300x141.png 300w, https:\/\/moverdb.com\/wp-content\/uploads\/Movers-Specialty-Service-international-moving-company-1024x481.png 1024w, https:\/\/moverdb.com\/wp-content\/uploads\/Movers-Specialty-Service-international-moving-company-18x8.png 18w, https:\/\/moverdb.com\/wp-content\/uploads\/Movers-Specialty-Service-international-moving-company-600x282.png 600w\" sizes=\"auto, (max-width: 1440px) 100vw, 1440px\" \/><\/p>\n<ul>\n<li>Nationale Dienste<\/li>\n<li>Umzugsdienste f\u00fcr Haushalte<\/li>\n<li>Kommerzielle Umzugsdienste<\/li>\n<li>Umzugsmanagement vor Ort<\/li>\n<li>Dienstleistungen im Bereich Verpackung<\/li>\n<li>Handhabung von Kunstwerken<\/li>\n<li>M\u00f6bel demontieren und montieren<\/li>\n<li>Umzugs- und Installationsdienste<\/li>\n<li>Umzugsdienste f\u00fcr Spezialartikel<\/li>\n<li>Dienstm\u00e4dchen<\/li>\n<\/ul>\n<p>Movers Specialty Service ist ein 1978 gegr\u00fcndetes Unternehmen f\u00fcr Umzugsdienstleistungen mit Sitz in Montgomeryville. Das Unternehmen bietet seine Dienste in den gesamten USA \u00fcber ein sorgf\u00e4ltig zusammengestelltes Netz von geschulten Fachleuten an. Das Unternehmen ist Mitglied der IAM und verf\u00fcgt \u00fcber 45 Jahre Erfahrung.<\/p>\n<p>Movers Specialty Service bietet spezialisierte Unterst\u00fctzungsdienste f\u00fcr Umzugsunternehmen an ihrem Ausgangs- oder Zielort innerhalb der USA. Sie bieten spezielle Umzugsdienstleistungen an, wie z. B. das Ab- und Anschlie\u00dfen von Ger\u00e4ten, die Demontage und Montage von Ger\u00e4ten und M\u00f6beln, die Demontage und Montage von Fernsehern, die Demontage und Montage von Einrichtungsgegenst\u00e4nden und das Verpacken von Waren. Sie k\u00f6nnen auch zerbrechliche und sperrige Gegenst\u00e4nde wie Klaviere und Standuhren transportieren.<\/p>\n<p>Website: <a href=\"http:\/\/mss1.com\" target=\"_blank\" rel=\"noopener\">http:\/\/mss1.com<\/a><\/p>\n<h2><span class=\"ez-toc-section\" id=\"4_Reads_Moving_Systems\"><\/span><strong>4. Liest Bewegliche Systeme<\/strong><span class=\"ez-toc-section-end\"><\/span><\/h2>\n<p><img loading=\"lazy\" decoding=\"async\" class=\"alignnone size-full wp-image-11418\" src=\"https:\/\/moverdb.com\/wp-content\/uploads\/Reads-Moving-Systems-international-moving-company.png\" alt=\"Reads Moving Systems internationales Umzugsunternehmen\" width=\"1440\" height=\"677\" data-wp-pid=\"11418\" srcset=\"https:\/\/moverdb.com\/wp-content\/uploads\/Reads-Moving-Systems-international-moving-company.png 1440w, https:\/\/moverdb.com\/wp-content\/uploads\/Reads-Moving-Systems-international-moving-company-300x141.png 300w, https:\/\/moverdb.com\/wp-content\/uploads\/Reads-Moving-Systems-international-moving-company-1024x481.png 1024w, https:\/\/moverdb.com\/wp-content\/uploads\/Reads-Moving-Systems-international-moving-company-18x8.png 18w, https:\/\/moverdb.com\/wp-content\/uploads\/Reads-Moving-Systems-international-moving-company-600x282.png 600w\" sizes=\"auto, (max-width: 1440px) 100vw, 1440px\" \/><\/p>\n<ul>\n<li>Lokale Umz\u00fcge<\/li>\n<li>Internationale Umz\u00fcge<\/li>\n<li>Umz\u00fcge im Haushalt<\/li>\n<li>B\u00fcro- und Industrieumz\u00fcge<\/li>\n<li>Planung vor dem Umzug<\/li>\n<li>Verpackungsservice<\/li>\n<li>Verschlag<\/li>\n<li>Organisation des Transports<\/li>\n<li>Herkunfts- und Bestimmungsortdienste<\/li>\n<li>Lagereinrichtungen<\/li>\n<\/ul>\n<p>Reads Moving Systems ist ein 1937 gegr\u00fcndetes Umzugs- und Lagerunternehmen mit Sitz in Huntingdon Valley und weiteren Standorten in <a href=\"https:\/\/moverdb.com\/de\/moving-to-the-united-states\/moving-to-florida\/\" data-internallinksmanager029f6b8e52c=\"331\" title=\"Umzug nach Florida? 2026 Lebenshaltungskosten &amp; Umzugstipps\">Florida<\/a> und <a href=\"https:\/\/moverdb.com\/de\/moving-to-the-united-states\/moving-to-georgia\/\" data-internallinksmanager029f6b8e52c=\"402\" title=\"Umzug nach Georgia? 2026 Lebenshaltungskosten &amp; Umzugstipps\">Georgien<\/a>. Sie sind ein Atlas Van Lines-Agent, der ihnen ein Netzwerk von Umzugsunternehmen zur Verf\u00fcgung stellt, mit denen sie zusammenarbeiten. Sie sind Mitglied der IAM und verf\u00fcgen \u00fcber 50 Jahre Erfahrung.<\/p>\n<p>Reads Moving Systems bietet wettbewerbsf\u00e4hige Preise f\u00fcr seine Umzugsdienstleistungen. Sie bieten eine Vorabplanung mit ihren Umzugsmanagement-Koordinatoren, um Ihren Umzug zu organisieren. Sie bieten einen Verpackungsservice an, um Ihre Gegenst\u00e4nde zu sch\u00fctzen, und verladen sie bei internationalen Umz\u00fcgen in einen Container.<\/p>\n<p>Website: <a href=\"http:\/\/www.readsmoving.com\" target=\"_blank\" rel=\"noopener\">http:\/\/www.readsmoving.com<\/a><\/p>","protected":false},"excerpt":{"rendered":"<p>When you are moving there is so much to do like organising, packing, arranging transportation and managing customs if moving abroad, but you don\u2019t have to do this alone. A moving company can help with all or some of these tasks to make moving easier. Below we have compiled a list of Pennsylvania based removal [&hellip;]<\/p>\n","protected":false},"author":4,"featured_media":11247,"parent":190,"menu_order":0,"comment_status":"closed","ping_status":"closed","template":"","meta":{"_genesis_hide_title":false,"_genesis_hide_breadcrumbs":false,"_genesis_hide_singular_image":false,"_genesis_hide_footer_widgets":false,"_genesis_custom_body_class":"","_genesis_custom_post_class":"","_genesis_layout":"","footnotes":""},"class_list":{"0":"post-11651","1":"page","2":"type-page","3":"status-publish","4":"has-post-thumbnail","6":"entry"},"_links":{"self":[{"href":"https:\/\/moverdb.com\/de\/wp-json\/wp\/v2\/pages\/11651","targetHints":{"allow":["GET"]}}],"collection":[{"href":"https:\/\/moverdb.com\/de\/wp-json\/wp\/v2\/pages"}],"about":[{"href":"https:\/\/moverdb.com\/de\/wp-json\/wp\/v2\/types\/page"}],"author":[{"embeddable":true,"href":"https:\/\/moverdb.com\/de\/wp-json\/wp\/v2\/users\/4"}],"replies":[{"embeddable":true,"href":"https:\/\/moverdb.com\/de\/wp-json\/wp\/v2\/comments?post=11651"}],"version-history":[{"count":2,"href":"https:\/\/moverdb.com\/de\/wp-json\/wp\/v2\/pages\/11651\/revisions"}],"predecessor-version":[{"id":11653,"href":"https:\/\/moverdb.com\/de\/wp-json\/wp\/v2\/pages\/11651\/revisions\/11653"}],"up":[{"embeddable":true,"href":"https:\/\/moverdb.com\/de\/wp-json\/wp\/v2\/pages\/190"}],"wp:featuredmedia":[{"embeddable":true,"href":"https:\/\/moverdb.com\/de\/wp-json\/wp\/v2\/media\/11247"}],"wp:attachment":[{"href":"https:\/\/moverdb.com\/de\/wp-json\/wp\/v2\/media?parent=11651"}],"curies":[{"name":"wp","href":"https:\/\/api.w.org\/{rel}","templated":true}]}}