{"id":11645,"date":"2023-11-29T10:51:46","date_gmt":"2023-11-29T10:51:46","guid":{"rendered":"https:\/\/moverdb.com\/?page_id=11645"},"modified":"2026-01-08T15:29:00","modified_gmt":"2026-01-08T15:29:00","slug":"moving-companies-us-north-carolina","status":"publish","type":"page","link":"https:\/\/moverdb.com\/de\/moving-companies\/moving-companies-us-north-carolina\/","title":{"rendered":"Die 5 besten internationalen Umzugsunternehmen in North Carolina"},"content":{"rendered":"<p>Ein Umzug kann eine der stressigsten Zeiten in Ihrem Leben sein. Warum also nicht den Druck verringern, indem Sie einen <a href=\"https:\/\/moverdb.com\/de\/moving-companies\/\" data-internallinksmanager029f6b8e52c=\"79\" title=\"Top 25 Internationale Umzugsunternehmen Online\">Umzugsunternehmen<\/a> einen Teil der Arbeit f\u00fcr Sie \u00fcbernehmen? Das kann die Planung des Umzugs, das Packen Ihrer Sachen, die Organisation des Transports und die Zollabwicklung umfassen. Im Folgenden haben wir eine Liste zusammengestellt mit <a href=\"https:\/\/moverdb.com\/de\/moving-to-the-united-states\/moving-to-north-carolina\/\" data-internallinksmanager029f6b8e52c=\"411\" title=\"Umzug nach North Carolina? 2026 Lebenshaltungskosten und Umzugstipps\">North Carolina<\/a> basiert <a href=\"https:\/\/moverdb.com\/de\/international-removals\/\" data-internallinksmanager029f6b8e52c=\"27\" title=\"36 Beste internationale Umzugsunternehmen in Gro\u00dfbritannien\">Umzugsunternehmen<\/a> die Mitglieder der <a href=\"https:\/\/moverdb.com\/de\/iam\/\" data-internallinksmanager029f6b8e52c=\"23\" title=\"International Association of Movers (IAM) erkl\u00e4rt\">Internationaler Verband der M\u00f6belspediteure<\/a> (IAM) und\/oder <a href=\"https:\/\/moverdb.com\/de\/fidi-faim\/\" data-internallinksmanager029f6b8e52c=\"16\" title=\"FIDI &amp; FAIM (FIDI Accredited International Mover) Erl\u00e4utert\">FIDI<\/a> Accredited International Mover (FAIM), die Sie bei Ihrem Umzug unterst\u00fctzen k\u00f6nnen.<\/p>\n<div id=\"ez-toc-container\" class=\"ez-toc-v2_0_82_2 ez-toc-wrap-left counter-hierarchy ez-toc-counter ez-toc-transparent ez-toc-container-direction\">\n<div class=\"ez-toc-title-container\">\n<p class=\"ez-toc-title\" style=\"cursor:inherit\">Rubriken<\/p>\n<span class=\"ez-toc-title-toggle\"><a href=\"#\" class=\"ez-toc-pull-right ez-toc-btn ez-toc-btn-xs ez-toc-btn-default ez-toc-toggle\" aria-label=\"Inhaltsverzeichnis umschalten\"><span class=\"ez-toc-js-icon-con\"><span class=\"\"><span class=\"eztoc-hide\" style=\"display:none;\">Umschalten auf<\/span><span class=\"ez-toc-icon-toggle-span\"><svg style=\"fill: #999;color:#999\" xmlns=\"http:\/\/www.w3.org\/2000\/svg\" class=\"list-377408\" width=\"20px\" height=\"20px\" viewbox=\"0 0 24 24\" fill=\"none\"><path d=\"M6 6H4v2h2V6zm14 0H8v2h12V6zM4 11h2v2H4v-2zm16 0H8v2h12v-2zM4 16h2v2H4v-2zm16 0H8v2h12v-2z\" fill=\"currentColor\"><\/path><\/svg><svg style=\"fill: #999;color:#999\" class=\"arrow-unsorted-368013\" xmlns=\"http:\/\/www.w3.org\/2000\/svg\" width=\"10px\" height=\"10px\" viewbox=\"0 0 24 24\" version=\"1.2\" baseprofile=\"tiny\"><path d=\"M18.2 9.3l-6.2-6.3-6.2 6.3c-.2.2-.3.4-.3.7s.1.5.3.7c.2.2.4.3.7.3h11c.3 0 .5-.1.7-.3.2-.2.3-.5.3-.7s-.1-.5-.3-.7zM5.8 14.7l6.2 6.3 6.2-6.3c.2-.2.3-.5.3-.7s-.1-.5-.3-.7c-.2-.2-.4-.3-.7-.3h-11c-.3 0-.5.1-.7.3-.2.2-.3.5-.3.7s.1.5.3.7z\"\/><\/svg><\/span><\/span><\/span><\/a><\/span><\/div>\n<nav><ul class='ez-toc-list ez-toc-list-level-1 eztoc-toggle-hide-by-default' ><li class='ez-toc-page-1 ez-toc-heading-level-2'><a class=\"ez-toc-link ez-toc-heading-1\" href=\"https:\/\/moverdb.com\/de\/moving-companies\/moving-companies-us-north-carolina\/#1_All_American_Relocation\" >1. All American Relocation<\/a><\/li><li class='ez-toc-page-1 ez-toc-heading-level-2'><a class=\"ez-toc-link ez-toc-heading-2\" href=\"https:\/\/moverdb.com\/de\/moving-companies\/moving-companies-us-north-carolina\/#2_Hilldrup\" >2. Hilldrup<\/a><\/li><li class='ez-toc-page-1 ez-toc-heading-level-2'><a class=\"ez-toc-link ez-toc-heading-3\" href=\"https:\/\/moverdb.com\/de\/moving-companies\/moving-companies-us-north-carolina\/#3_Sandhills_Moving_Storage\" >3. Sandhills Umzug &amp; Lagerung<\/a><\/li><li class='ez-toc-page-1 ez-toc-heading-level-2'><a class=\"ez-toc-link ez-toc-heading-4\" href=\"https:\/\/moverdb.com\/de\/moving-companies\/moving-companies-us-north-carolina\/#4_Seacorp\" >4. Seacorp<\/a><\/li><li class='ez-toc-page-1 ez-toc-heading-level-2'><a class=\"ez-toc-link ez-toc-heading-5\" href=\"https:\/\/moverdb.com\/de\/moving-companies\/moving-companies-us-north-carolina\/#5_Zippy_Shell\" >5. Zippy Shell<\/a><\/li><\/ul><\/nav><\/div>\n<h2><span class=\"ez-toc-section\" id=\"1_All_American_Relocation\"><\/span><strong>1. All American Relocation<\/strong><span class=\"ez-toc-section-end\"><\/span><\/h2>\n<p><img loading=\"lazy\" decoding=\"async\" class=\"alignnone size-full wp-image-11251\" src=\"https:\/\/moverdb.com\/wp-content\/uploads\/All-American-Relocation-international-moving-company.png\" alt=\"All American Relocation internationales Umzugsunternehmen\" width=\"1440\" height=\"675\" data-wp-pid=\"11251\" srcset=\"https:\/\/moverdb.com\/wp-content\/uploads\/All-American-Relocation-international-moving-company.png 1440w, https:\/\/moverdb.com\/wp-content\/uploads\/All-American-Relocation-international-moving-company-300x141.png 300w, https:\/\/moverdb.com\/wp-content\/uploads\/All-American-Relocation-international-moving-company-1024x480.png 1024w, https:\/\/moverdb.com\/wp-content\/uploads\/All-American-Relocation-international-moving-company-18x8.png 18w, https:\/\/moverdb.com\/wp-content\/uploads\/All-American-Relocation-international-moving-company-600x281.png 600w\" sizes=\"auto, (max-width: 1440px) 100vw, 1440px\" \/><\/p>\n<ul>\n<li>Umz\u00fcge im Nah- und Fernverkehr<\/li>\n<li>Internationale Umz\u00fcge<\/li>\n<li>Umz\u00fcge in Wohnungen<\/li>\n<li>B\u00fcroumz\u00fcge<\/li>\n<li>Umzug der Mitarbeiter<\/li>\n<li>Haus-zu-Haus-Dienst<\/li>\n<li>Verpackungsservice<\/li>\n<li>Transport auf dem Luft-, See- und Landweg<\/li>\n<li><a href=\"https:\/\/moverdb.com\/de\/car-transport-shipping\/\" data-internallinksmanager029f6b8e52c=\"2\" title=\"2026 Internationale Autotransporte &amp; Angebote f\u00fcr Fahrzeugtransporte\">Transport von Fahrzeugen<\/a><\/li>\n<li>Kurz- und Langzeitlagerung<\/li>\n<\/ul>\n<p>All American Relocation ist ein Full-Service-Umzugsunternehmen mit Standorten in Rayleigh und Charlotte. Sie sind ein Vertreter von Mayflower, was ihnen ein Netzwerk von Umzugsagenten zur Verf\u00fcgung stellt. Sie sind Mitglied der IAM und verf\u00fcgen \u00fcber 25 Jahre Erfahrung.<\/p>\n<p>All American Relocation bietet eine kostenlose <a href=\"https:\/\/moverdb.com\/de\/quotes\/\" data-internallinksmanager029f6b8e52c=\"26\" title=\"Internationale Umzugskostenvoranschl\u00e4ge: 12 Fragen an Ihren Spediteur\">Umzugskostenvoranschlag<\/a> und eine Videoanalyse, um Ihre Bed\u00fcrfnisse zu ermitteln. Sie bieten einen T\u00fcr-zu-T\u00fcr-Service mit einem engagierten Umzugskoordinator, der Ihren Umzug leitet. Sie verf\u00fcgen \u00fcber ein geschultes Verpackungsteam, das hochwertiges Verpackungsmaterial verwendet, das internationalen Standards entspricht. Sie bieten auch Fahrzeugtransporte, Abfahrts- und Zielortdienste in North Carolina sowie Lagerm\u00f6glichkeiten an.<\/p>\n<p>Website: <a href=\"http:\/\/www.aarelocation.com\" target=\"_blank\" rel=\"noopener\">http:\/\/www.aarelocation.com<\/a><\/p>\n<h2><span class=\"ez-toc-section\" id=\"2_Hilldrup\"><\/span><strong>2. Hilldrup<\/strong><span class=\"ez-toc-section-end\"><\/span><\/h2>\n<p><img loading=\"lazy\" decoding=\"async\" class=\"alignnone size-full wp-image-11339\" src=\"https:\/\/moverdb.com\/wp-content\/uploads\/Hilldrup-international-moving-company.png\" alt=\"Hilldrup internationales Umzugsunternehmen\" width=\"1440\" height=\"674\" data-wp-pid=\"11339\" srcset=\"https:\/\/moverdb.com\/wp-content\/uploads\/Hilldrup-international-moving-company.png 1440w, https:\/\/moverdb.com\/wp-content\/uploads\/Hilldrup-international-moving-company-300x140.png 300w, https:\/\/moverdb.com\/wp-content\/uploads\/Hilldrup-international-moving-company-1024x479.png 1024w, https:\/\/moverdb.com\/wp-content\/uploads\/Hilldrup-international-moving-company-18x8.png 18w, https:\/\/moverdb.com\/wp-content\/uploads\/Hilldrup-international-moving-company-600x281.png 600w\" sizes=\"auto, (max-width: 1440px) 100vw, 1440px\" \/><\/p>\n<ul>\n<li>Umz\u00fcge im Nah- und Fernverkehr<\/li>\n<li>Internationale Verlagerungen<\/li>\n<li>Umz\u00fcge in Wohnungen<\/li>\n<li>Kommerzielle und B\u00fcroumz\u00fcge<\/li>\n<li>Umz\u00fcge von Mitarbeitern<\/li>\n<li>Engagierter Berater f\u00fcr Umz\u00fcge<\/li>\n<li>Virtuelle Umfrage<\/li>\n<li>Verpackungsservice<\/li>\n<li>Sch\u00fctzen Sie Ihr Zuhause<\/li>\n<li>Kurz- und Langzeitlagerung<\/li>\n<\/ul>\n<p>Hilldrup ist ein 1903 gegr\u00fcndetes Umzugs-, Lager- und Logistikunternehmen mit 10 Niederlassungen, darunter Charlotte und Garner in North Carolina. Hilldrup ist mit United Van Lines und Mayflower Transit verbunden und verf\u00fcgt damit \u00fcber ein breites Netz von Spediteuren, mit denen es zusammenarbeiten kann. Das Unternehmen ist Mitglied der IAM mit 120 Jahren Erfahrung und ist von der FIDI akkreditiert.<\/p>\n<p>Hilldrup bietet Umzugsl\u00f6sungen, die auf Ihre Bed\u00fcrfnisse zugeschnitten sind, mit einer Reihe von Dienstleistungen, die vom Full-Service-Verpacken bis hin zu DIY-Optionen reichen. Ein Umzugsberater steht Ihnen w\u00e4hrend des gesamten Umzugs als einziger Ansprechpartner zur Verf\u00fcgung. Beim Verpackungsservice werden die besten Verpackungsmaterialien verwendet und zerbrechliche Gegenst\u00e4nde individuell verpackt und verpackt.<\/p>\n<p>Website: <a href=\"https:\/\/www.hilldrup.com\/\" target=\"_blank\" rel=\"noopener\">https:\/\/www.hilldrup.com\/\/<\/a><\/p>\n<h2><span class=\"ez-toc-section\" id=\"3_Sandhills_Moving_Storage\"><\/span><strong>3. Sandhills Umzug &amp; Lagerung<\/strong><span class=\"ez-toc-section-end\"><\/span><\/h2>\n<p><img loading=\"lazy\" decoding=\"async\" class=\"alignnone size-full wp-image-11433\" src=\"https:\/\/moverdb.com\/wp-content\/uploads\/Sandhill-Moving-Storage-international-moving-company.png\" alt=\"Sandhill Moving &amp; Storage internationales Umzugsunternehmen\" width=\"1440\" height=\"676\" data-wp-pid=\"11433\" srcset=\"https:\/\/moverdb.com\/wp-content\/uploads\/Sandhill-Moving-Storage-international-moving-company.png 1440w, https:\/\/moverdb.com\/wp-content\/uploads\/Sandhill-Moving-Storage-international-moving-company-300x141.png 300w, https:\/\/moverdb.com\/wp-content\/uploads\/Sandhill-Moving-Storage-international-moving-company-1024x481.png 1024w, https:\/\/moverdb.com\/wp-content\/uploads\/Sandhill-Moving-Storage-international-moving-company-18x8.png 18w, https:\/\/moverdb.com\/wp-content\/uploads\/Sandhill-Moving-Storage-international-moving-company-600x282.png 600w\" sizes=\"auto, (max-width: 1440px) 100vw, 1440px\" \/><\/p>\n<ul>\n<li>Umz\u00fcge im Nah- und Fernverkehr<\/li>\n<li>Internationale Umz\u00fcge<\/li>\n<li>Umz\u00fcge in Wohnungen<\/li>\n<li>Kommerzielle und B\u00fcroumz\u00fcge<\/li>\n<li>Pers\u00f6nlicher Umzugskoordinator<\/li>\n<li>Verpackungsservice<\/li>\n<li>Vorkehrungen f\u00fcr den Transport<\/li>\n<li>Unterst\u00fctzung durch den Zoll<\/li>\n<li>Sendungsverfolgung<\/li>\n<li>Lagereinrichtungen<\/li>\n<\/ul>\n<p>Sandhills Moving &amp; Storage ist ein auf Transport und Lagerung spezialisiertes Umzugsunternehmen mit Standorten in Southern Pines, Sanford und Pittsboro. Sie sind ein Full-Service-Mayflower-Umzugsunternehmen, das Zugang zu einem internationalen Netzwerk von Umzugsagenten in \u00fcber 180 L\u00e4ndern hat, und sie sind Mitglied der IAM.<\/p>\n<p>Sandhills Moving &amp; Storage bietet umfassende Umzugsmanagementdienste und stellt Ihnen einen pers\u00f6nlichen Umzugskoordinator zur Seite, der Sie w\u00e4hrend des gesamten Umzugs unterst\u00fctzt. Zu den individuell gestaltbaren Umzugsdiensten geh\u00f6ren Verpackungsdienste, die Organisation des Transports und die Abwicklung von Dokumenten und Zollformalit\u00e4ten. Sie bieten auch kurzfristige Lagerungsm\u00f6glichkeiten an.<\/p>\n<p>Website: <a href=\"http:\/\/www.sandhillsmoving.com\" target=\"_blank\" rel=\"noopener\">http:\/\/www.sandhillsmoving.com<\/a><\/p>\n<h2><span class=\"ez-toc-section\" id=\"4_Seacorp\"><\/span><strong>4. Seacorp<\/strong><span class=\"ez-toc-section-end\"><\/span><\/h2>\n<p><img loading=\"lazy\" decoding=\"async\" class=\"alignnone size-full wp-image-11438\" src=\"https:\/\/moverdb.com\/wp-content\/uploads\/Seacorp-international-moving-company.png\" alt=\"Seacorp internationales Umzugsunternehmen\" width=\"1440\" height=\"676\" data-wp-pid=\"11438\" srcset=\"https:\/\/moverdb.com\/wp-content\/uploads\/Seacorp-international-moving-company.png 1440w, https:\/\/moverdb.com\/wp-content\/uploads\/Seacorp-international-moving-company-300x141.png 300w, https:\/\/moverdb.com\/wp-content\/uploads\/Seacorp-international-moving-company-1024x481.png 1024w, https:\/\/moverdb.com\/wp-content\/uploads\/Seacorp-international-moving-company-18x8.png 18w, https:\/\/moverdb.com\/wp-content\/uploads\/Seacorp-international-moving-company-600x282.png 600w\" sizes=\"auto, (max-width: 1440px) 100vw, 1440px\" \/><\/p>\n<ul>\n<li>Nationale Fracht<\/li>\n<li>Internationale Fracht<\/li>\n<li>Haus-zu-Haus-Logistik<\/li>\n<li>Verwaltung des Versands<\/li>\n<li>Verpacken und Palettieren<\/li>\n<li>Luft-, See- und Lkw-Transport<\/li>\n<li>Sendungsverfolgung<\/li>\n<li>Zollabfertigung<\/li>\n<li>Import- und Exportabwicklung<\/li>\n<li>Versicherung<\/li>\n<\/ul>\n<p>Seacorp ist ein Logistikunternehmen, das 1998 gegr\u00fcndet wurde und seinen Sitz in Lincolnton, North Carolina, hat. Das Unternehmen verf\u00fcgt \u00fcber ein umfangreiches globales Agentennetz, das es bei der Erbringung seiner Dienstleistungen in der ganzen Welt unterst\u00fctzt. Das Unternehmen ist Mitglied der IAM und kann auf 25 Jahre Erfahrung zur\u00fcckblicken.<\/p>\n<p>Seacorp sucht f\u00fcr Ihre Sendung die wettbewerbsf\u00e4higsten Tarife und die besten Laufzeiten aus. Sie k\u00f6nnen den Transport auf dem Luft-, See- oder LKW-Weg organisieren. Sie bieten eine Reihe von Containeroptionen an, darunter volle Containerladungen und weniger als volle Containerladungen. Zu ihren Dienstleistungen geh\u00f6ren auch die Exportabfertigung und die Seeversicherung.<\/p>\n<p>Website: <a href=\"http:\/\/www.seacorpnc.com\" target=\"_blank\" rel=\"noopener\">http:\/\/www.seacorpnc.com<\/a><\/p>\n<h2><span class=\"ez-toc-section\" id=\"5_Zippy_Shell\"><\/span><strong>5. Zippy Shell<\/strong><span class=\"ez-toc-section-end\"><\/span><\/h2>\n<p><img loading=\"lazy\" decoding=\"async\" class=\"alignnone size-full wp-image-11483\" src=\"https:\/\/moverdb.com\/wp-content\/uploads\/Zippy-Shell-international-moving-company.png\" alt=\"Zippy Shell internationales Umzugsunternehmen\" width=\"1440\" height=\"676\" data-wp-pid=\"11483\" srcset=\"https:\/\/moverdb.com\/wp-content\/uploads\/Zippy-Shell-international-moving-company.png 1440w, https:\/\/moverdb.com\/wp-content\/uploads\/Zippy-Shell-international-moving-company-300x141.png 300w, https:\/\/moverdb.com\/wp-content\/uploads\/Zippy-Shell-international-moving-company-1024x481.png 1024w, https:\/\/moverdb.com\/wp-content\/uploads\/Zippy-Shell-international-moving-company-18x8.png 18w, https:\/\/moverdb.com\/wp-content\/uploads\/Zippy-Shell-international-moving-company-600x282.png 600w\" sizes=\"auto, (max-width: 1440px) 100vw, 1440px\" \/><\/p>\n<ul>\n<li>Lokale Umz\u00fcge<\/li>\n<li>Umz\u00fcge \u00fcber gro\u00dfe Entfernungen<\/li>\n<li>Umz\u00fcge in Wohnungen<\/li>\n<li>Unternehmensverlagerungen<\/li>\n<li>Zentrale Anlaufstelle<\/li>\n<li>Haus-zu-Haus-Dienst<\/li>\n<li>Verpackungsdienstleistungen durch einen Dritten<\/li>\n<li>Lieferung per Lkw<\/li>\n<li>Autotransport<\/li>\n<li>Sichere Speicherl\u00f6sungen<\/li>\n<\/ul>\n<p>Zippy Shell ist ein Umzugs- und Lagerungsunternehmen mit Sitz in Wake Forest. Sie bieten lokale und Langstrecken-Umz\u00fcge und Lagerungsl\u00f6sungen in den <a href=\"https:\/\/moverdb.com\/de\/moving-to-the-united-states\/\" data-internallinksmanager029f6b8e52c=\"94\" title=\"Umzug in die Vereinigten Staaten? 2026 Lebenshaltungskosten &amp; Umzugstipps\">US<\/a> mit ihren eigenen Lastwagen und Containern. Sie sind Mitglied der IAM und verf\u00fcgen \u00fcber 14 Jahre Erfahrung.<\/p>\n<p>Zippy Shell bietet einzigartige und mobile Umzugs- und Lagerungsl\u00f6sungen an, da sie einen tragbaren Container zu Ihnen liefern und Ihnen bis zu drei Tage Zeit geben, diesen selbst zu verpacken oder einen externen Verpackungsdienst zu beauftragen. Zippy Shell holt den tragbaren Container ab und bringt ihn zu Ihrem Zielort oder lagert ihn kurz- oder langfristig in seinen sicheren Einrichtungen in ganz Deutschland.<\/p>\n<p>Website: <a href=\"http:\/\/zippyshell.com\" target=\"_blank\" rel=\"noopener\">http:\/\/zippyshell.com<\/a><\/p>","protected":false},"excerpt":{"rendered":"<p>Moving can be one of the most stressful times in your life so why not reduce the pressure by employing a moving company to do some of the work for you? This can include planning the move, packing your belongings, arranging transport and handling customs. Below we have compiled a list of North Carolina based [&hellip;]<\/p>\n","protected":false},"author":4,"featured_media":11251,"parent":190,"menu_order":0,"comment_status":"closed","ping_status":"closed","template":"","meta":{"_genesis_hide_title":false,"_genesis_hide_breadcrumbs":false,"_genesis_hide_singular_image":false,"_genesis_hide_footer_widgets":false,"_genesis_custom_body_class":"","_genesis_custom_post_class":"","_genesis_layout":"","footnotes":""},"class_list":{"0":"post-11645","1":"page","2":"type-page","3":"status-publish","4":"has-post-thumbnail","6":"entry"},"_links":{"self":[{"href":"https:\/\/moverdb.com\/de\/wp-json\/wp\/v2\/pages\/11645","targetHints":{"allow":["GET"]}}],"collection":[{"href":"https:\/\/moverdb.com\/de\/wp-json\/wp\/v2\/pages"}],"about":[{"href":"https:\/\/moverdb.com\/de\/wp-json\/wp\/v2\/types\/page"}],"author":[{"embeddable":true,"href":"https:\/\/moverdb.com\/de\/wp-json\/wp\/v2\/users\/4"}],"replies":[{"embeddable":true,"href":"https:\/\/moverdb.com\/de\/wp-json\/wp\/v2\/comments?post=11645"}],"version-history":[{"count":2,"href":"https:\/\/moverdb.com\/de\/wp-json\/wp\/v2\/pages\/11645\/revisions"}],"predecessor-version":[{"id":11647,"href":"https:\/\/moverdb.com\/de\/wp-json\/wp\/v2\/pages\/11645\/revisions\/11647"}],"up":[{"embeddable":true,"href":"https:\/\/moverdb.com\/de\/wp-json\/wp\/v2\/pages\/190"}],"wp:featuredmedia":[{"embeddable":true,"href":"https:\/\/moverdb.com\/de\/wp-json\/wp\/v2\/media\/11251"}],"wp:attachment":[{"href":"https:\/\/moverdb.com\/de\/wp-json\/wp\/v2\/media?parent=11645"}],"curies":[{"name":"wp","href":"https:\/\/api.w.org\/{rel}","templated":true}]}}