{"id":11624,"date":"2023-11-22T15:50:03","date_gmt":"2023-11-22T15:50:03","guid":{"rendered":"https:\/\/moverdb.com\/?page_id=11624"},"modified":"2026-01-08T15:30:12","modified_gmt":"2026-01-08T15:30:12","slug":"moving-companies-nevada","status":"publish","type":"page","link":"https:\/\/moverdb.com\/de\/moving-companies\/moving-companies-nevada\/","title":{"rendered":"Beste internationale Umzugsunternehmen in Nevada"},"content":{"rendered":"<p>Ein Umzug kann eine der stressigsten Zeiten in Ihrem Leben sein. Warum sollten Sie also versuchen, alles allein zu bew\u00e4ltigen? A <a href=\"https:\/\/moverdb.com\/de\/moving-companies\/\" data-internallinksmanager029f6b8e52c=\"79\" title=\"Top 25 Internationale Umzugsunternehmen Online\">Umzugsunternehmen<\/a> k\u00f6nnen viele Aufgaben wie die Organisation des Umzugs, die Organisation des Transports, das Packen und das Ausf\u00fcllen von Papieren \u00fcbernehmen. Im Folgenden haben wir eine Liste zusammengestellt mit <a href=\"https:\/\/moverdb.com\/de\/moving-to-the-united-states\/moving-to-nevada\/\" data-internallinksmanager029f6b8e52c=\"457\" title=\"Umzug nach Nevada? 2024 Lebenshaltungskosten &amp; Umzugstipps\">Nevada<\/a> basiert <a href=\"https:\/\/moverdb.com\/de\/international-removals\/\" data-internallinksmanager029f6b8e52c=\"27\" title=\"36 Beste internationale Umzugsunternehmen in Gro\u00dfbritannien\">Umzugsunternehmen<\/a> die Mitglieder der <a href=\"https:\/\/moverdb.com\/de\/iam\/\" data-internallinksmanager029f6b8e52c=\"23\" title=\"International Association of Movers (IAM) erkl\u00e4rt\">Internationaler Verband der M\u00f6belspediteure<\/a> (IAM) und\/oder <a href=\"https:\/\/moverdb.com\/de\/fidi-faim\/\" data-internallinksmanager029f6b8e52c=\"16\" title=\"FIDI &amp; FAIM (FIDI Accredited International Mover) Erl\u00e4utert\">FIDI<\/a> Accredited International Mover (FAIM), die Ihnen bei Ihrem Umzug helfen k\u00f6nnen.<\/p>\n<h2><strong>RenoRelo<\/strong><\/h2>\n<p><img loading=\"lazy\" decoding=\"async\" class=\"alignnone size-full wp-image-11423\" src=\"https:\/\/moverdb.com\/wp-content\/uploads\/RenoRelo-international-moving-company.png\" alt=\"RenoRelo internationales Umzugsunternehmen\" width=\"1440\" height=\"679\" data-wp-pid=\"11423\" srcset=\"https:\/\/moverdb.com\/wp-content\/uploads\/RenoRelo-international-moving-company.png 1440w, https:\/\/moverdb.com\/wp-content\/uploads\/RenoRelo-international-moving-company-300x141.png 300w, https:\/\/moverdb.com\/wp-content\/uploads\/RenoRelo-international-moving-company-1024x483.png 1024w, https:\/\/moverdb.com\/wp-content\/uploads\/RenoRelo-international-moving-company-18x8.png 18w, https:\/\/moverdb.com\/wp-content\/uploads\/RenoRelo-international-moving-company-600x283.png 600w\" sizes=\"auto, (max-width: 1440px) 100vw, 1440px\" \/><\/p>\n<ul>\n<li>Lokale und nationale Umz\u00fcge<\/li>\n<li>Weltweite Umz\u00fcge<\/li>\n<li>Umz\u00fcge in Wohnungen<\/li>\n<li>Kommerzielle und B\u00fcroumz\u00fcge<\/li>\n<li>Unternehmensverlagerungen<\/li>\n<li>Full-Service-L\u00f6sungen<\/li>\n<li>Verpackungsservice<\/li>\n<li>Verschlag<\/li>\n<li>Vorkehrungen f\u00fcr den Transport<\/li>\n<li>Lagereinrichtungen<\/li>\n<\/ul>\n<p>RenoRelo ist ein Full-Service-Umzugsunternehmen mit Standorten in Reno, Spokane und Boise. Als Vertreter von United Van Lines verf\u00fcgt das Unternehmen \u00fcber ein Netzwerk von Umzugsunternehmen, mit denen es zusammenarbeiten kann, um seine Dienstleistungen auch au\u00dferhalb des eigenen Gesch\u00e4ftsgebiets anzubieten. Das Unternehmen ist Mitglied der IAM und verf\u00fcgt \u00fcber f\u00fcnf Jahre Erfahrung.<\/p>\n<p>RenoRelo bietet komplette Umzugsl\u00f6sungen f\u00fcr Wohn-, Gesch\u00e4fts- und B\u00fcroumz\u00fcge sowie f\u00fcr Firmenumz\u00fcge innerhalb der <a href=\"https:\/\/moverdb.com\/de\/moving-to-the-united-states\/\" data-internallinksmanager029f6b8e52c=\"94\" title=\"Umzug in die Vereinigten Staaten? 2026 Lebenshaltungskosten &amp; Umzugstipps\">US<\/a> und international. Sie bieten Verpackungs- und Kistenservices an, um Ihr Hab und Gut w\u00e4hrend des Transports zu sch\u00fctzen. Sie arrangieren den Transport Ihrer G\u00fcter und koordinieren die Auslieferung an Ihrem Zielort mit Dritten.<\/p>\n<p>Website: <a href=\"http:\/\/renoreloww.com\" target=\"_blank\" rel=\"noopener\">http:\/\/renoreloww.com<\/a><\/p>\n<h2>Andere n\u00fctzliche Reisef\u00fchrer f\u00fcr die Vereinigten Staaten<\/h2>\n<ul>\n<li> <a href=\"https:\/\/moverdb.com\/de\/umzug-in-den-vergangenen-staaten-2022-wohnkosten-umzug-tipps\/moving-to-las-vegas\/\">Umzug nach Las Vegas? 2024 Lebenshaltungskosten &amp; Umzugstipps<\/a><\/li>\n<li> <a href=\"https:\/\/moverdb.com\/de\/umzug-in-den-vergangenen-staaten-2022-wohnkosten-umzug-tipps\/moving-to-nevada\/\">Umzug nach Nevada? 2024 Lebenshaltungskosten &amp; Umzugstipps<\/a><\/li>\n<li> <a href=\"https:\/\/moverdb.com\/de\/umzug-in-den-vergangenen-staaten-2022-wohnkosten-umzug-tipps\/movers-cost\/\">Wie viel kostet es, Umzugsunternehmen zu beauftragen? 2024 US Einsparungen Leitfaden<\/a><\/li>\n<li> <a href=\"https:\/\/moverdb.com\/de\/umzug-in-den-vergangenen-staaten-2022-wohnkosten-umzug-tipps\/\">Umzug in die Vereinigten Staaten? 2026 Lebenshaltungskosten &amp; Umzugstipps<\/a><\/li>\n<li> <a href=\"https:\/\/moverdb.com\/de\/umzug-in-den-vergangenen-staaten-2022-wohnkosten-umzug-tipps\/places-to-live-in-the-us\/\">Die 13 besten Orte zum Leben in den Vereinigten Staaten<\/a><\/li>\n<li> <a href=\"https:\/\/moverdb.com\/de\/umzug-in-den-vergangenen-staaten-2022-wohnkosten-umzug-tipps\/leben-2\/\">21 Geheimnisse \u00fcber das Leben in den USA, die man vor dem Umzug kennen sollte<\/a><\/li>\n<\/ul>","protected":false},"excerpt":{"rendered":"<p>Moving can be one of the most stressful times in your life so why try to do it all by yourself? A moving company can take on many of the tasks such as organising the move, arranging transport, packing and completing paperwork. Below we have compiled a list of Nevada based removal companies that are [&hellip;]<\/p>\n","protected":false},"author":4,"featured_media":11423,"parent":190,"menu_order":0,"comment_status":"closed","ping_status":"closed","template":"","meta":{"_genesis_hide_title":false,"_genesis_hide_breadcrumbs":false,"_genesis_hide_singular_image":false,"_genesis_hide_footer_widgets":false,"_genesis_custom_body_class":"","_genesis_custom_post_class":"","_genesis_layout":"","footnotes":""},"class_list":{"0":"post-11624","1":"page","2":"type-page","3":"status-publish","4":"has-post-thumbnail","6":"entry"},"_links":{"self":[{"href":"https:\/\/moverdb.com\/de\/wp-json\/wp\/v2\/pages\/11624","targetHints":{"allow":["GET"]}}],"collection":[{"href":"https:\/\/moverdb.com\/de\/wp-json\/wp\/v2\/pages"}],"about":[{"href":"https:\/\/moverdb.com\/de\/wp-json\/wp\/v2\/types\/page"}],"author":[{"embeddable":true,"href":"https:\/\/moverdb.com\/de\/wp-json\/wp\/v2\/users\/4"}],"replies":[{"embeddable":true,"href":"https:\/\/moverdb.com\/de\/wp-json\/wp\/v2\/comments?post=11624"}],"version-history":[{"count":4,"href":"https:\/\/moverdb.com\/de\/wp-json\/wp\/v2\/pages\/11624\/revisions"}],"predecessor-version":[{"id":17660,"href":"https:\/\/moverdb.com\/de\/wp-json\/wp\/v2\/pages\/11624\/revisions\/17660"}],"up":[{"embeddable":true,"href":"https:\/\/moverdb.com\/de\/wp-json\/wp\/v2\/pages\/190"}],"wp:featuredmedia":[{"embeddable":true,"href":"https:\/\/moverdb.com\/de\/wp-json\/wp\/v2\/media\/11423"}],"wp:attachment":[{"href":"https:\/\/moverdb.com\/de\/wp-json\/wp\/v2\/media?parent=11624"}],"curies":[{"name":"wp","href":"https:\/\/api.w.org\/{rel}","templated":true}]}}