{"id":11617,"date":"2023-11-29T10:32:37","date_gmt":"2023-11-29T10:32:37","guid":{"rendered":"https:\/\/moverdb.com\/?page_id=11617"},"modified":"2026-01-08T15:24:23","modified_gmt":"2026-01-08T15:24:23","slug":"moving-companies-us-minnesota","status":"publish","type":"page","link":"https:\/\/moverdb.com\/de\/moving-companies\/moving-companies-us-minnesota\/","title":{"rendered":"Die 3 besten internationalen Umzugsunternehmen in Minnesota"},"content":{"rendered":"<p>Ein Umzug kann ein gro\u00dfer Umbruch sein und es gibt viel zu regeln, warum also nicht den Druck nehmen, indem man einen <a href=\"https:\/\/moverdb.com\/de\/moving-companies\/\" data-internallinksmanager029f6b8e52c=\"79\" title=\"Top 25 Internationale Umzugsunternehmen Online\">Umzugsunternehmen<\/a> Ihr Hab und Gut verwalten? Sie k\u00f6nnen die Logistik Ihres Umzugs sowie das Verpacken organisieren und sich bei Bedarf um die Zollabfertigung k\u00fcmmern. Im Folgenden haben wir eine Liste zusammengestellt mit <a href=\"https:\/\/moverdb.com\/de\/moving-to-the-united-states\/moving-to-minnesota\/\" data-internallinksmanager029f6b8e52c=\"443\" title=\"Umzug nach Minnesota? 2026 Lebenshaltungskosten &amp; Umzugstipps\">Minnesota<\/a> basiert <a href=\"https:\/\/moverdb.com\/de\/international-removals\/\" data-internallinksmanager029f6b8e52c=\"27\" title=\"36 Beste internationale Umzugsunternehmen in Gro\u00dfbritannien\">Umzugsunternehmen<\/a> die Mitglieder der <a href=\"https:\/\/moverdb.com\/de\/iam\/\" data-internallinksmanager029f6b8e52c=\"23\" title=\"International Association of Movers (IAM) erkl\u00e4rt\">Internationaler Verband der M\u00f6belspediteure<\/a> (IAM) und\/oder <a href=\"https:\/\/moverdb.com\/de\/fidi-faim\/\" data-internallinksmanager029f6b8e52c=\"16\" title=\"FIDI &amp; FAIM (FIDI Accredited International Mover) Erl\u00e4utert\">FIDI<\/a> Accredited International Mover (FAIM), die Sie bei Ihrem Umzug unterst\u00fctzen k\u00f6nnen.<\/p>\n<h2><strong>1. Aktion Umzugsdienste<\/strong><\/h2>\n<p><img loading=\"lazy\" decoding=\"async\" class=\"alignnone size-full wp-image-11242\" src=\"https:\/\/moverdb.com\/wp-content\/uploads\/Action-Moving-Services-international-moving-company.png\" alt=\"Action Moving Services internationales Umzugsunternehmen\" width=\"1440\" height=\"678\" data-wp-pid=\"11242\" srcset=\"https:\/\/moverdb.com\/wp-content\/uploads\/Action-Moving-Services-international-moving-company.png 1440w, https:\/\/moverdb.com\/wp-content\/uploads\/Action-Moving-Services-international-moving-company-300x141.png 300w, https:\/\/moverdb.com\/wp-content\/uploads\/Action-Moving-Services-international-moving-company-1024x482.png 1024w, https:\/\/moverdb.com\/wp-content\/uploads\/Action-Moving-Services-international-moving-company-18x8.png 18w, https:\/\/moverdb.com\/wp-content\/uploads\/Action-Moving-Services-international-moving-company-600x283.png 600w\" sizes=\"auto, (max-width: 1440px) 100vw, 1440px\" \/><\/p>\n<ul>\n<li>Umz\u00fcge im Nah- und Fernverkehr<\/li>\n<li>Internationale Umz\u00fcge<\/li>\n<li>Umz\u00fcge im Haushalt<\/li>\n<li>B\u00fcro- und Industrieumz\u00fcge<\/li>\n<li>Unternehmensverlagerungen<\/li>\n<li>End-to-End-L\u00f6sungen<\/li>\n<li>Verpackungsservice<\/li>\n<li>Unterst\u00fctzung durch den Zoll<\/li>\n<li>Umgang mit Kunstwerken<\/li>\n<li>Speicherdienste<\/li>\n<\/ul>\n<p>Action Moving Services ist ein lokales und internationales Umzugsunternehmen mit Sitz in South Burnsville. Sie sind ein zwischenstaatlicher Agent f\u00fcr Atlas Van Lines, der ihnen ein nationales und internationales Netzwerk von Umzugsagenten zur Verf\u00fcgung stellt, mit denen sie zusammenarbeiten. Das Unternehmen ist Mitglied der IAM und verf\u00fcgt \u00fcber 42 Jahre Erfahrung.<\/p>\n<p>Action Moving Services bietet einen umfassenden Umzugsservice, der sich um alle Aspekte Ihres Umzugs k\u00fcmmert. Zu den Dienstleistungen geh\u00f6ren das sichere Verpacken Ihrer Sachen f\u00fcr den Transport und das Auspacken bei der Ankunft am Zielort. Sie organisieren den Transport Ihrer Sachen und unterst\u00fctzen Sie bei den Zollformalit\u00e4ten.<\/p>\n<p>Website: <a href=\"http:\/\/actionmoving.com\/\" target=\"_blank\" rel=\"noopener\">http:\/\/actionmoving.com\/<\/a><\/p>\n<h2><strong>2. Beltmann Umzug &amp; Lagerung<\/strong><\/h2>\n<p><img loading=\"lazy\" decoding=\"async\" class=\"alignnone size-full wp-image-11269\" src=\"https:\/\/moverdb.com\/wp-content\/uploads\/Beltmann-Relocation-Group-international-moving-company.png\" alt=\"Beltmann Relocation Group internationales Umzugsunternehmen\" width=\"1440\" height=\"682\" data-wp-pid=\"11269\" srcset=\"https:\/\/moverdb.com\/wp-content\/uploads\/Beltmann-Relocation-Group-international-moving-company.png 1440w, https:\/\/moverdb.com\/wp-content\/uploads\/Beltmann-Relocation-Group-international-moving-company-300x142.png 300w, https:\/\/moverdb.com\/wp-content\/uploads\/Beltmann-Relocation-Group-international-moving-company-1024x485.png 1024w, https:\/\/moverdb.com\/wp-content\/uploads\/Beltmann-Relocation-Group-international-moving-company-18x9.png 18w, https:\/\/moverdb.com\/wp-content\/uploads\/Beltmann-Relocation-Group-international-moving-company-600x284.png 600w\" sizes=\"auto, (max-width: 1440px) 100vw, 1440px\" \/><\/p>\n<ul>\n<li>Lokale und nationale Umz\u00fcge<\/li>\n<li>Internationale Umz\u00fcge<\/li>\n<li>Umz\u00fcge in Wohnungen<\/li>\n<li>B\u00fcroumz\u00fcge<\/li>\n<li>Unternehmensverlagerungen<\/li>\n<li>Umzugskoordinator<\/li>\n<li>Verpackungsservice<\/li>\n<li>Organisation des Transports<\/li>\n<li>Zollabfertigung<\/li>\n<li>Sichere kurz- und langfristige Lagerung<\/li>\n<\/ul>\n<p>Beltmann Moving &amp; Storage ist ein seit 1923 t\u00e4tiges Umzugsunternehmen mit 11 Standorten in ganz Deutschland. <a href=\"https:\/\/moverdb.com\/de\/moving-to-the-united-states\/\" data-internallinksmanager029f6b8e52c=\"94\" title=\"Umzug in die Vereinigten Staaten? 2026 Lebenshaltungskosten &amp; Umzugstipps\">US<\/a> einschlie\u00dflich Roseville. Als Vertreter von North American Van Lines hat das Unternehmen Zugang zu einem weltweiten Netz von Umzugsunternehmen und Lagerungsfirmen. Sie sind Mitglied der IAM und verf\u00fcgen \u00fcber 25 Jahre Erfahrung.<\/p>\n<p>Beltmann Moving &amp; Storage hilft Ihnen dabei, Ihren Umzug zu rationalisieren, indem wir einen kostenlosen Kostenvoranschlag f\u00fcr Ihren Umzug erstellen. Sie stellen Ihnen einen Umzugskoordinator zur Seite und passen ihre Dienstleistungen an Ihre Bed\u00fcrfnisse an. Das Unternehmen bietet einen Einpackservice an, der das Ab- und Aufbauen von M\u00f6beln sowie das Auspacken bei der Ankunft umfasst.<\/p>\n<p>Website: <a href=\"http:\/\/www.beltmann.com\" target=\"_blank\" rel=\"noopener\">http:\/\/www.beltmann.com<\/a><\/p>\n<h2><strong>3. Berger Umzug &amp; Lagerung<\/strong><\/h2>\n<p><img loading=\"lazy\" decoding=\"async\" class=\"alignnone size-full wp-image-11270\" src=\"https:\/\/moverdb.com\/wp-content\/uploads\/Berger-Moving-Storage-international-moving-company.png\" alt=\"Berger Moving &amp; Storage internationales Umzugsunternehmen\" width=\"1440\" height=\"677\" data-wp-pid=\"11270\" srcset=\"https:\/\/moverdb.com\/wp-content\/uploads\/Berger-Moving-Storage-international-moving-company.png 1440w, https:\/\/moverdb.com\/wp-content\/uploads\/Berger-Moving-Storage-international-moving-company-300x141.png 300w, https:\/\/moverdb.com\/wp-content\/uploads\/Berger-Moving-Storage-international-moving-company-1024x481.png 1024w, https:\/\/moverdb.com\/wp-content\/uploads\/Berger-Moving-Storage-international-moving-company-18x8.png 18w, https:\/\/moverdb.com\/wp-content\/uploads\/Berger-Moving-Storage-international-moving-company-600x282.png 600w\" sizes=\"auto, (max-width: 1440px) 100vw, 1440px\" \/><\/p>\n<ul>\n<li>Umz\u00fcge im Nah- und Fernverkehr<\/li>\n<li>Internationale Umz\u00fcge<\/li>\n<li>Umz\u00fcge im Haushalt<\/li>\n<li>Kommerzielle Umz\u00fcge<\/li>\n<li>Umzugskoordinator<\/li>\n<li>Verpackungsservice<\/li>\n<li>Inventar der Gegenst\u00e4nde<\/li>\n<li>Organisation des Transports<\/li>\n<li>Zollabfertigung<\/li>\n<li>Kurzfristige Lagerung<\/li>\n<\/ul>\n<p>Berger Moving &amp; Storage ist ein 1910 gegr\u00fcndetes Transportunternehmen mit Sitz in Saint Paul und einem Netz von 16 landesweiten Standorten. Das Unternehmen ist ein Agent von Allied Van Lines, einem internationalen Netzwerk von Umzugsagenten. Das Unternehmen ist Mitglied der IAM und kann auf 113 Jahre Erfahrung zur\u00fcckblicken.<\/p>\n<p>Berger Moving &amp; Storage bietet Ihnen einen kostenlosen Kostenvoranschlag f\u00fcr Ihren Umzug mit einem internationalen Umzugsberater, entweder bei Ihnen zu Hause oder virtuell. Ein Umzugskoordinator wird Sie durch den Prozess leiten und feststellen, welche Papiere erforderlich sind. Der Verpackungsservice verwendet internationale Verpackungsmethoden und -materialien zum Schutz Ihrer Gegenst\u00e4nde und erstellt ein Inventar.<\/p>\n<p>Website: <a href=\"https:\/\/www.bergerallied.com\" target=\"_blank\" rel=\"noopener\">https:\/\/www.bergerallied.com<\/a><\/p>","protected":false},"excerpt":{"rendered":"<p>Moving can be a big upheaval and there is a lot to arrange, so why not take some of the pressure off by letting a moving company handle your belongings? They can organise the logistics of your move as well as packing and deal with customs if needed. Below we have compiled a list of [&hellip;]<\/p>\n","protected":false},"author":4,"featured_media":11242,"parent":190,"menu_order":0,"comment_status":"closed","ping_status":"closed","template":"","meta":{"_genesis_hide_title":false,"_genesis_hide_breadcrumbs":false,"_genesis_hide_singular_image":false,"_genesis_hide_footer_widgets":false,"_genesis_custom_body_class":"","_genesis_custom_post_class":"","_genesis_layout":"","footnotes":""},"class_list":{"0":"post-11617","1":"page","2":"type-page","3":"status-publish","4":"has-post-thumbnail","6":"entry"},"_links":{"self":[{"href":"https:\/\/moverdb.com\/de\/wp-json\/wp\/v2\/pages\/11617","targetHints":{"allow":["GET"]}}],"collection":[{"href":"https:\/\/moverdb.com\/de\/wp-json\/wp\/v2\/pages"}],"about":[{"href":"https:\/\/moverdb.com\/de\/wp-json\/wp\/v2\/types\/page"}],"author":[{"embeddable":true,"href":"https:\/\/moverdb.com\/de\/wp-json\/wp\/v2\/users\/4"}],"replies":[{"embeddable":true,"href":"https:\/\/moverdb.com\/de\/wp-json\/wp\/v2\/comments?post=11617"}],"version-history":[{"count":1,"href":"https:\/\/moverdb.com\/de\/wp-json\/wp\/v2\/pages\/11617\/revisions"}],"predecessor-version":[{"id":11618,"href":"https:\/\/moverdb.com\/de\/wp-json\/wp\/v2\/pages\/11617\/revisions\/11618"}],"up":[{"embeddable":true,"href":"https:\/\/moverdb.com\/de\/wp-json\/wp\/v2\/pages\/190"}],"wp:featuredmedia":[{"embeddable":true,"href":"https:\/\/moverdb.com\/de\/wp-json\/wp\/v2\/media\/11242"}],"wp:attachment":[{"href":"https:\/\/moverdb.com\/de\/wp-json\/wp\/v2\/media?parent=11617"}],"curies":[{"name":"wp","href":"https:\/\/api.w.org\/{rel}","templated":true}]}}