{"id":11613,"date":"2023-11-29T10:44:05","date_gmt":"2023-11-29T10:44:05","guid":{"rendered":"https:\/\/moverdb.com\/?page_id=11613"},"modified":"2026-01-08T15:28:57","modified_gmt":"2026-01-08T15:28:57","slug":"moving-companies-us-michigan","status":"publish","type":"page","link":"https:\/\/moverdb.com\/de\/moving-companies\/moving-companies-us-michigan\/","title":{"rendered":"Die 5 besten internationalen Umzugsunternehmen in Michigan"},"content":{"rendered":"<p>Planen Sie einen Umzug? Wenn ja, sollten Sie vielleicht einen <a href=\"https:\/\/moverdb.com\/de\/moving-companies\/\" data-internallinksmanager029f6b8e52c=\"79\" title=\"Top 25 Internationale Umzugsunternehmen Online\">Umzugsunternehmen<\/a> um Sie zu unterst\u00fctzen. Sie k\u00f6nnen Ihnen bei der Planung Ihres Umzugs, beim Packen, bei der Logistik und bei den Zollverfahren im Falle eines Umzugs ins Ausland helfen. Im Folgenden haben wir eine Liste zusammengestellt mit <a href=\"https:\/\/moverdb.com\/de\/moving-to-the-united-states\/moving-to-michigan\/\" data-internallinksmanager029f6b8e52c=\"414\" title=\"Umzug nach Michigan? 2026 Lebenshaltungskosten und Umzugstipps\">Michigan<\/a> basiert <a href=\"https:\/\/moverdb.com\/de\/international-removals\/\" data-internallinksmanager029f6b8e52c=\"27\" title=\"36 Beste internationale Umzugsunternehmen in Gro\u00dfbritannien\">Umzugsunternehmen<\/a> die Mitglieder der <a href=\"https:\/\/moverdb.com\/de\/iam\/\" data-internallinksmanager029f6b8e52c=\"23\" title=\"International Association of Movers (IAM) erkl\u00e4rt\">Internationaler Verband der M\u00f6belspediteure<\/a> (IAM) und\/oder <a href=\"https:\/\/moverdb.com\/de\/fidi-faim\/\" data-internallinksmanager029f6b8e52c=\"16\" title=\"FIDI &amp; FAIM (FIDI Accredited International Mover) Erl\u00e4utert\">FIDI<\/a> Accredited International Mover (FAIM), die Sie bei Ihrem Umzug unterst\u00fctzen k\u00f6nnen.<\/p>\n<div id=\"ez-toc-container\" class=\"ez-toc-v2_0_82_2 ez-toc-wrap-left counter-hierarchy ez-toc-counter ez-toc-transparent ez-toc-container-direction\">\n<div class=\"ez-toc-title-container\">\n<p class=\"ez-toc-title\" style=\"cursor:inherit\">Rubriken<\/p>\n<span class=\"ez-toc-title-toggle\"><a href=\"#\" class=\"ez-toc-pull-right ez-toc-btn ez-toc-btn-xs ez-toc-btn-default ez-toc-toggle\" aria-label=\"Inhaltsverzeichnis umschalten\"><span class=\"ez-toc-js-icon-con\"><span class=\"\"><span class=\"eztoc-hide\" style=\"display:none;\">Umschalten auf<\/span><span class=\"ez-toc-icon-toggle-span\"><svg style=\"fill: #999;color:#999\" xmlns=\"http:\/\/www.w3.org\/2000\/svg\" class=\"list-377408\" width=\"20px\" height=\"20px\" viewbox=\"0 0 24 24\" fill=\"none\"><path d=\"M6 6H4v2h2V6zm14 0H8v2h12V6zM4 11h2v2H4v-2zm16 0H8v2h12v-2zM4 16h2v2H4v-2zm16 0H8v2h12v-2z\" fill=\"currentColor\"><\/path><\/svg><svg style=\"fill: #999;color:#999\" class=\"arrow-unsorted-368013\" xmlns=\"http:\/\/www.w3.org\/2000\/svg\" width=\"10px\" height=\"10px\" viewbox=\"0 0 24 24\" version=\"1.2\" baseprofile=\"tiny\"><path d=\"M18.2 9.3l-6.2-6.3-6.2 6.3c-.2.2-.3.4-.3.7s.1.5.3.7c.2.2.4.3.7.3h11c.3 0 .5-.1.7-.3.2-.2.3-.5.3-.7s-.1-.5-.3-.7zM5.8 14.7l6.2 6.3 6.2-6.3c.2-.2.3-.5.3-.7s-.1-.5-.3-.7c-.2-.2-.4-.3-.7-.3h-11c-.3 0-.5.1-.7.3-.2.2-.3.5-.3.7s.1.5.3.7z\"\/><\/svg><\/span><\/span><\/span><\/a><\/span><\/div>\n<nav><ul class='ez-toc-list ez-toc-list-level-1 eztoc-toggle-hide-by-default' ><li class='ez-toc-page-1 ez-toc-heading-level-2'><a class=\"ez-toc-link ez-toc-heading-1\" href=\"https:\/\/moverdb.com\/de\/moving-companies\/moving-companies-us-michigan\/#1_Corrigan_Moving\" >1. Corrigan Umzug<\/a><\/li><li class='ez-toc-page-1 ez-toc-heading-level-2'><a class=\"ez-toc-link ez-toc-heading-2\" href=\"https:\/\/moverdb.com\/de\/moving-companies\/moving-companies-us-michigan\/#2_Palmer_Moving_Services\" >2. Palmer Umzugsdienste<\/a><\/li><li class='ez-toc-page-1 ez-toc-heading-level-2'><a class=\"ez-toc-link ez-toc-heading-3\" href=\"https:\/\/moverdb.com\/de\/moving-companies\/moving-companies-us-michigan\/#3_Powell_Relocation_Group\" >3. Powell Relocation Group<\/a><\/li><li class='ez-toc-page-1 ez-toc-heading-level-2'><a class=\"ez-toc-link ez-toc-heading-4\" href=\"https:\/\/moverdb.com\/de\/moving-companies\/moving-companies-us-michigan\/#4_Rose_Moving_Storage\" >4. Rose Umzug &amp; Lagerung<\/a><\/li><li class='ez-toc-page-1 ez-toc-heading-level-2'><a class=\"ez-toc-link ez-toc-heading-5\" href=\"https:\/\/moverdb.com\/de\/moving-companies\/moving-companies-us-michigan\/#5_Transphere\" >5. Transphere<\/a><\/li><\/ul><\/nav><\/div>\n<h2><span class=\"ez-toc-section\" id=\"1_Corrigan_Moving\"><\/span><strong>1. Corrigan Umzug<\/strong><span class=\"ez-toc-section-end\"><\/span><\/h2>\n<p><img loading=\"lazy\" decoding=\"async\" class=\"alignnone size-full wp-image-11297\" src=\"https:\/\/moverdb.com\/wp-content\/uploads\/Corrigan-Moving-Systems-international-moving-company.png\" alt=\"Corrigan Moving Systems internationales Umzugsunternehmen\" width=\"1440\" height=\"675\" data-wp-pid=\"11297\" srcset=\"https:\/\/moverdb.com\/wp-content\/uploads\/Corrigan-Moving-Systems-international-moving-company.png 1440w, https:\/\/moverdb.com\/wp-content\/uploads\/Corrigan-Moving-Systems-international-moving-company-300x141.png 300w, https:\/\/moverdb.com\/wp-content\/uploads\/Corrigan-Moving-Systems-international-moving-company-1024x480.png 1024w, https:\/\/moverdb.com\/wp-content\/uploads\/Corrigan-Moving-Systems-international-moving-company-18x8.png 18w, https:\/\/moverdb.com\/wp-content\/uploads\/Corrigan-Moving-Systems-international-moving-company-600x281.png 600w\" sizes=\"auto, (max-width: 1440px) 100vw, 1440px\" \/><\/p>\n<ul>\n<li>Umz\u00fcge im Nah- und Fernverkehr<\/li>\n<li>Internationale Umz\u00fcge<\/li>\n<li>Umz\u00fcge in Wohnungen<\/li>\n<li>Kommerzielle Umz\u00fcge<\/li>\n<li>Unternehmensverlagerungen<\/li>\n<li>Haus-zu-Haus-Dienst<\/li>\n<li>Umzugskoordinator<\/li>\n<li>Verpackungsservice<\/li>\n<li>Unterst\u00fctzung durch den Zoll<\/li>\n<li>Lagereinrichtungen<\/li>\n<\/ul>\n<p>Corrigan Moving ist ein 1929 gegr\u00fcndetes Umzugs- und Logistikunternehmen mit 13 Niederlassungen in der Region der Gro\u00dfen Seen, die Ann Arbor, Auburn Hills, Bay City, Dearborn, Farmington Hills, Flint und Grand Rapids in Michigan umfasst. Das Unternehmen ist Teil von United Van Lines, was ihm Zugang zu einem Netzwerk von Umzugsunternehmen verschafft, um die Erbringung seiner Dienstleistungen zu unterst\u00fctzen. Das Unternehmen ist Mitglied der IAM mit 75 Jahren Erfahrung und ist von der FIDI akkreditiert.<\/p>\n<p>Corrigan Moving bietet individuelle Umzugsdienstleistungen an, die einen Haus-zu-Haus-Service mit einem Umzugskoordinator umfassen. Sie bieten einen ma\u00dfgeschneiderten Verpackungs- und Kistenservice, um Ihr Hab und Gut w\u00e4hrend des Transports zu sch\u00fctzen. Sie bieten Unterst\u00fctzung bei Papierkram und Logistik.<\/p>\n<p>Website: <a href=\"https:\/\/www.corriganmoving.com\/\" target=\"_blank\" rel=\"noopener\">https:\/\/www.corriganmoving.com\/<\/a><\/p>\n<h2><span class=\"ez-toc-section\" id=\"2_Palmer_Moving_Services\"><\/span><strong>2. Palmer Umzugsdienste<\/strong><span class=\"ez-toc-section-end\"><\/span><\/h2>\n<p><img loading=\"lazy\" decoding=\"async\" class=\"alignnone size-full wp-image-11404\" src=\"https:\/\/moverdb.com\/wp-content\/uploads\/Palmer-Moving-Services-international-moving-company.png\" alt=\"Palmer Moving Services internationales Umzugsunternehmen\" width=\"1440\" height=\"675\" data-wp-pid=\"11404\" srcset=\"https:\/\/moverdb.com\/wp-content\/uploads\/Palmer-Moving-Services-international-moving-company.png 1440w, https:\/\/moverdb.com\/wp-content\/uploads\/Palmer-Moving-Services-international-moving-company-300x141.png 300w, https:\/\/moverdb.com\/wp-content\/uploads\/Palmer-Moving-Services-international-moving-company-1024x480.png 1024w, https:\/\/moverdb.com\/wp-content\/uploads\/Palmer-Moving-Services-international-moving-company-18x8.png 18w, https:\/\/moverdb.com\/wp-content\/uploads\/Palmer-Moving-Services-international-moving-company-600x281.png 600w\" sizes=\"auto, (max-width: 1440px) 100vw, 1440px\" \/><\/p>\n<ul>\n<li>Umz\u00fcge im Nah- und Fernverkehr<\/li>\n<li>Internationale Umz\u00fcge<\/li>\n<li>Umz\u00fcge in Wohnungen<\/li>\n<li>B\u00fcroumz\u00fcge<\/li>\n<li>Unternehmensverlagerungen<\/li>\n<li>Zentrale Anlaufstelle<\/li>\n<li>Verpackungsservice<\/li>\n<li>Zollabfertigung<\/li>\n<li><a href=\"https:\/\/moverdb.com\/de\/car-transport-shipping\/\" data-internallinksmanager029f6b8e52c=\"2\" title=\"2026 Internationale Autotransporte &amp; Angebote f\u00fcr Fahrzeugtransporte\">Transport von Fahrzeugen<\/a><\/li>\n<li>Lagereinrichtungen<\/li>\n<\/ul>\n<p>Palmer Moving Services ist ein 1910 gegr\u00fcndetes Umzugsunternehmen mit Sitz in Warren. Das Unternehmen geh\u00f6rt zu Atlas Van Lines und verf\u00fcgt damit \u00fcber ein nationales Netz von Umzugsagenten und ein gr\u00f6\u00dferes internationales Netz von 1.700 Agenten. Das Unternehmen ist Mitglied der IAM und kann auf 113 Jahre Erfahrung zur\u00fcckblicken.<\/p>\n<p>Palmer Moving Services bietet Ihnen einen einzigen Ansprechpartner, der Sie w\u00e4hrend Ihres Umzugs unterst\u00fctzt. Der Service umfasst einen kompletten Verpackungsservice mit ma\u00dfgeschneiderten Kisten zum Schutz Ihrer Gegenst\u00e4nde und sie k\u00fcmmern sich um Zollinformationen und -unterlagen. Das Unternehmen bietet auch zus\u00e4tzliche Dienstleistungen wie Fahrzeugtransport, Lagerung und Dienstleistungen Dritter an.<\/p>\n<p>Website: <a href=\"http:\/\/www.palmermoving.com\" target=\"_blank\" rel=\"noopener\">http:\/\/www.palmermoving.com<\/a><\/p>\n<h2><span class=\"ez-toc-section\" id=\"3_Powell_Relocation_Group\"><\/span><strong>3. Powell Relocation Group<\/strong><span class=\"ez-toc-section-end\"><\/span><\/h2>\n<p><img loading=\"lazy\" decoding=\"async\" class=\"alignnone size-full wp-image-11411\" src=\"https:\/\/moverdb.com\/wp-content\/uploads\/Powell-Relocation-Group-international-moving-company.png\" alt=\"Powell Relocation Group internationales Umzugsunternehmen\" width=\"1440\" height=\"674\" data-wp-pid=\"11411\" srcset=\"https:\/\/moverdb.com\/wp-content\/uploads\/Powell-Relocation-Group-international-moving-company.png 1440w, https:\/\/moverdb.com\/wp-content\/uploads\/Powell-Relocation-Group-international-moving-company-300x140.png 300w, https:\/\/moverdb.com\/wp-content\/uploads\/Powell-Relocation-Group-international-moving-company-1024x479.png 1024w, https:\/\/moverdb.com\/wp-content\/uploads\/Powell-Relocation-Group-international-moving-company-18x8.png 18w, https:\/\/moverdb.com\/wp-content\/uploads\/Powell-Relocation-Group-international-moving-company-600x281.png 600w\" sizes=\"auto, (max-width: 1440px) 100vw, 1440px\" \/><\/p>\n<ul>\n<li>Umz\u00fcge im Nah- und Fernverkehr<\/li>\n<li>Internationale Umz\u00fcge<\/li>\n<li>Umz\u00fcge in Wohnungen<\/li>\n<li>Kommerzielle Umz\u00fcge<\/li>\n<li>Unternehmensverlagerungen<\/li>\n<li>Koordinator f\u00fcr internationale Umz\u00fcge<\/li>\n<li>Verpackungsservice<\/li>\n<li>Transport auf dem Land-, See- oder Luftweg<\/li>\n<li>Zollabfertigung<\/li>\n<li>Lagereinrichtungen<\/li>\n<\/ul>\n<p>Powell Relocation Group ist ein 1962 gegr\u00fcndetes Umzugsunternehmen mit Standorten in Grand Rapids, <a href=\"https:\/\/moverdb.com\/de\/moving-to-houston\/\" data-internallinksmanager029f6b8e52c=\"47\" title=\"Umzug nach Houston? 2026 Lebenshaltungskosten &amp; Umzugstipps\">Houston<\/a>, <a href=\"https:\/\/moverdb.com\/de\/moving-to-the-united-states\/moving-to-west-virginia\/\" data-internallinksmanager029f6b8e52c=\"441\" title=\"Umzug nach West Virginia? 2026 Lebenshaltungskosten &amp; Umzugstipps\">West Virginia<\/a> und Tacoma. Sie sind ein Agent f\u00fcr Atlas Van Lines, was ihnen ein Netzwerk von Umzugsagenten zur Verf\u00fcgung stellt, mit denen sie zusammenarbeiten. Sie sind Mitglied der IAM und verf\u00fcgen \u00fcber 61 Jahre Erfahrung.<\/p>\n<p>Die Powell Relocation Group bietet eine virtuelle Besichtigung an, um einen Kostenvoranschlag f\u00fcr den Umzug zu erstellen. Es wird ein individueller Umzugsplan erstellt und ein internationaler Umzugskoordinator zugewiesen. Die Powell Relocation Group bietet einen kompletten Umzugsservice, der das Verpacken und Verladen Ihrer Gegenst\u00e4nde f\u00fcr den Transport auf dem Land-, See- oder Luftweg umfasst. Sie werden Ihre Gegenst\u00e4nde durch den Zoll bringen und an Ihren Bestimmungsort liefern.<\/p>\n<p>Website: <a href=\"http:\/\/powellmoving.com\" target=\"_blank\" rel=\"noopener\">http:\/\/powellmoving.com<\/a><\/p>\n<h2><span class=\"ez-toc-section\" id=\"4_Rose_Moving_Storage\"><\/span><strong>4. Rose Umzug &amp; Lagerung<\/strong><span class=\"ez-toc-section-end\"><\/span><\/h2>\n<p><img loading=\"lazy\" decoding=\"async\" class=\"alignnone size-full wp-image-11427\" src=\"https:\/\/moverdb.com\/wp-content\/uploads\/Rose-Moving-Storage-international-moving-company.png\" alt=\"Rose Moving &amp; Storage internationales Umzugsunternehmen\" width=\"1440\" height=\"678\" data-wp-pid=\"11427\" srcset=\"https:\/\/moverdb.com\/wp-content\/uploads\/Rose-Moving-Storage-international-moving-company.png 1440w, https:\/\/moverdb.com\/wp-content\/uploads\/Rose-Moving-Storage-international-moving-company-300x141.png 300w, https:\/\/moverdb.com\/wp-content\/uploads\/Rose-Moving-Storage-international-moving-company-1024x482.png 1024w, https:\/\/moverdb.com\/wp-content\/uploads\/Rose-Moving-Storage-international-moving-company-18x8.png 18w, https:\/\/moverdb.com\/wp-content\/uploads\/Rose-Moving-Storage-international-moving-company-600x283.png 600w\" sizes=\"auto, (max-width: 1440px) 100vw, 1440px\" \/><\/p>\n<ul>\n<li>Lokale und zwischenstaatliche Umz\u00fcge<\/li>\n<li>Internationale Umz\u00fcge<\/li>\n<li>Umz\u00fcge im Haushalt<\/li>\n<li>Kommerzielle Umz\u00fcge<\/li>\n<li>Unternehmensverlagerungen<\/li>\n<li>Haus-zu-Haus-Dienst<\/li>\n<li>Pers\u00f6nlicher Umzugskoordinator<\/li>\n<li>Professioneller Verpackungsdienst<\/li>\n<li>Vorkehrungen f\u00fcr den Transport<\/li>\n<li>Sichere Speicheroptionen<\/li>\n<\/ul>\n<p>Rose Moving &amp; Storage ist ein Umzugsunternehmen, das Standorte in Belleville, Canton und Grand Rapid hat. Sie sind ein zwischenstaatlicher Agent f\u00fcr Allied Van Lines und diese Beziehung erm\u00f6glicht es ihnen, Dienstleistungen auf nationaler und internationaler Ebene in 42 L\u00e4ndern zu liefern. Das Unternehmen ist Mitglied der IAM und verf\u00fcgt \u00fcber 59 Jahre Erfahrung.<\/p>\n<p>Rose Moving &amp; Storage bietet landesweite und internationale Umzugsdienste von T\u00fcr zu T\u00fcr an. F\u00fcr internationale Umz\u00fcge wird Ihnen ein pers\u00f6nlicher Umzugskoordinator zugewiesen, der jedes Detail plant und die von Ihnen ben\u00f6tigten Dienstleistungen ermittelt. Sie bieten einen professionellen Verpackungsservice unter Verwendung der hochwertigsten Verpackungen.<\/p>\n<p>Website: <a href=\"http:\/\/www.rosemoving.com\" target=\"_blank\" rel=\"noopener\">http:\/\/www.rosemoving.com<\/a><\/p>\n<h2><span class=\"ez-toc-section\" id=\"5_Transphere\"><\/span><strong>5. Transphere<\/strong><span class=\"ez-toc-section-end\"><\/span><\/h2>\n<p><img loading=\"lazy\" decoding=\"async\" class=\"alignnone size-full wp-image-11615\" src=\"https:\/\/moverdb.com\/wp-content\/uploads\/Transphere-international-moving-company.png\" alt=\"Transphere internationales Umzugsunternehmen\" width=\"1440\" height=\"677\" data-wp-pid=\"11615\" srcset=\"https:\/\/moverdb.com\/wp-content\/uploads\/Transphere-international-moving-company.png 1440w, https:\/\/moverdb.com\/wp-content\/uploads\/Transphere-international-moving-company-300x141.png 300w, https:\/\/moverdb.com\/wp-content\/uploads\/Transphere-international-moving-company-1024x481.png 1024w, https:\/\/moverdb.com\/wp-content\/uploads\/Transphere-international-moving-company-18x8.png 18w, https:\/\/moverdb.com\/wp-content\/uploads\/Transphere-international-moving-company-600x282.png 600w\" sizes=\"auto, (max-width: 1440px) 100vw, 1440px\" \/><\/p>\n<ul>\n<li>Nationale Umz\u00fcge<\/li>\n<li>Internationale Umz\u00fcge<\/li>\n<li>Umz\u00fcge im Haushalt<\/li>\n<li>Kommerzielle Fracht<\/li>\n<li>Haus-zu-Haus-Dienst<\/li>\n<li>Verpackungsservice<\/li>\n<li>See-, Land- und Luftverkehr<\/li>\n<li>Zollabfertigung<\/li>\n<li>Fahrzeugtransport<\/li>\n<li>Lagereinrichtungen<\/li>\n<\/ul>\n<p>Transphere ist ein 1987 gegr\u00fcndetes Speditionsunternehmen mit Sitz in Westland. Sie ist Teil eines weltweiten Netzes von 150 Unternehmen, die sie bei der Erbringung ihrer Dienstleistungen auf nationaler und internationaler Ebene unterst\u00fctzen k\u00f6nnen. Das Unternehmen ist Mitglied der IAM und verf\u00fcgt \u00fcber 36 Jahre Erfahrung.<\/p>\n<p>Transphere bietet T\u00fcr-zu-T\u00fcr-Speditionsdienste f\u00fcr Haushaltswaren, pers\u00f6nliche Gegenst\u00e4nde, Fahrzeuge, gewerbliche G\u00fcter und Projektladung. Sie bieten eine Reihe von Frachtoptionen an, darunter Luft-, Land- und Seefracht mit vollen und weniger vollen Containerladungen. Sie bieten auch Verpackungsdienste an und k\u00f6nnen die Zollabfertigung erleichtern. Das Unternehmen bietet auch ein webbasiertes Tracking-System und ein Portal zur \u00dcberwachung Ihrer Sendung.<\/p>\n<p>Website: <a href=\"http:\/\/www.transphereinc.com\" target=\"_blank\" rel=\"noopener\">http:\/\/www.transphereinc.com<\/a><\/p>","protected":false},"excerpt":{"rendered":"<p>Are you planning a move? If so you may want to employ a moving company to assist you. They can help with planning your move, packing, logistics and customs procedures if moving countries. Below we have compiled a list of Michigan based removal companies that are members of the International Association of Movers (IAM) and\/or [&hellip;]<\/p>\n","protected":false},"author":4,"featured_media":11297,"parent":190,"menu_order":0,"comment_status":"closed","ping_status":"closed","template":"","meta":{"_genesis_hide_title":false,"_genesis_hide_breadcrumbs":false,"_genesis_hide_singular_image":false,"_genesis_hide_footer_widgets":false,"_genesis_custom_body_class":"","_genesis_custom_post_class":"","_genesis_layout":"","footnotes":""},"class_list":{"0":"post-11613","1":"page","2":"type-page","3":"status-publish","4":"has-post-thumbnail","6":"entry"},"_links":{"self":[{"href":"https:\/\/moverdb.com\/de\/wp-json\/wp\/v2\/pages\/11613","targetHints":{"allow":["GET"]}}],"collection":[{"href":"https:\/\/moverdb.com\/de\/wp-json\/wp\/v2\/pages"}],"about":[{"href":"https:\/\/moverdb.com\/de\/wp-json\/wp\/v2\/types\/page"}],"author":[{"embeddable":true,"href":"https:\/\/moverdb.com\/de\/wp-json\/wp\/v2\/users\/4"}],"replies":[{"embeddable":true,"href":"https:\/\/moverdb.com\/de\/wp-json\/wp\/v2\/comments?post=11613"}],"version-history":[{"count":1,"href":"https:\/\/moverdb.com\/de\/wp-json\/wp\/v2\/pages\/11613\/revisions"}],"predecessor-version":[{"id":11616,"href":"https:\/\/moverdb.com\/de\/wp-json\/wp\/v2\/pages\/11613\/revisions\/11616"}],"up":[{"embeddable":true,"href":"https:\/\/moverdb.com\/de\/wp-json\/wp\/v2\/pages\/190"}],"wp:featuredmedia":[{"embeddable":true,"href":"https:\/\/moverdb.com\/de\/wp-json\/wp\/v2\/media\/11297"}],"wp:attachment":[{"href":"https:\/\/moverdb.com\/de\/wp-json\/wp\/v2\/media?parent=11613"}],"curies":[{"name":"wp","href":"https:\/\/api.w.org\/{rel}","templated":true}]}}