{"id":11600,"date":"2023-11-29T10:45:01","date_gmt":"2023-11-29T10:45:01","guid":{"rendered":"https:\/\/moverdb.com\/?page_id=11600"},"modified":"2026-01-08T15:25:08","modified_gmt":"2026-01-08T15:25:08","slug":"moving-companies-us-indiana","status":"publish","type":"page","link":"https:\/\/moverdb.com\/de\/moving-companies\/moving-companies-us-indiana\/","title":{"rendered":"Die 5 besten internationalen Umzugsunternehmen in Indiana"},"content":{"rendered":"<p>Ein Umzug kann eine stressige Zeit sein, in der man mit so vielen Dingen jonglieren muss. Aus diesem Grund nehmen viele Menschen die Hilfe eines <a href=\"https:\/\/moverdb.com\/de\/moving-companies\/\" data-internallinksmanager029f6b8e52c=\"79\" title=\"Top 25 Internationale Umzugsunternehmen Online\">Umzugsunternehmen<\/a> denn sie k\u00f6nnen den Umzug managen, verpacken, Ihr Hab und Gut transportieren und bei internationalen Umz\u00fcgen die Zollformalit\u00e4ten erledigen. Im Folgenden haben wir eine Liste zusammengestellt mit <a href=\"https:\/\/moverdb.com\/de\/moving-to-the-united-states\/moving-to-indiana\/\" data-internallinksmanager029f6b8e52c=\"445\" title=\"Umzug nach Indiana? 2026 Lebenshaltungskosten &amp; Umzugstipps\">Indiana<\/a> basiert <a href=\"https:\/\/moverdb.com\/de\/international-removals\/\" data-internallinksmanager029f6b8e52c=\"27\" title=\"36 Beste internationale Umzugsunternehmen in Gro\u00dfbritannien\">Umzugsunternehmen<\/a> die Mitglieder der <a href=\"https:\/\/moverdb.com\/de\/iam\/\" data-internallinksmanager029f6b8e52c=\"23\" title=\"International Association of Movers (IAM) erkl\u00e4rt\">Internationaler Verband der M\u00f6belspediteure<\/a> (IAM) und\/oder <a href=\"https:\/\/moverdb.com\/de\/fidi-faim\/\" data-internallinksmanager029f6b8e52c=\"16\" title=\"FIDI &amp; FAIM (FIDI Accredited International Mover) Erl\u00e4utert\">FIDI<\/a> Accredited International Mover (FAIM), die Sie bei Ihrem Umzug unterst\u00fctzen k\u00f6nnen.<\/p>\n<div id=\"ez-toc-container\" class=\"ez-toc-v2_0_83 ez-toc-wrap-left counter-hierarchy ez-toc-counter ez-toc-transparent ez-toc-container-direction\">\n<div class=\"ez-toc-title-container\">\n<p class=\"ez-toc-title\" style=\"cursor:inherit\">Rubriken<\/p>\n<span class=\"ez-toc-title-toggle\"><a href=\"#\" class=\"ez-toc-pull-right ez-toc-btn ez-toc-btn-xs ez-toc-btn-default ez-toc-toggle\" aria-label=\"Inhaltsverzeichnis umschalten\"><span class=\"ez-toc-js-icon-con\"><span class=\"\"><span class=\"eztoc-hide\" style=\"display:none;\">Umschalten auf<\/span><span class=\"ez-toc-icon-toggle-span\"><svg style=\"fill: #999;color:#999\" xmlns=\"http:\/\/www.w3.org\/2000\/svg\" class=\"list-377408\" width=\"20px\" height=\"20px\" viewbox=\"0 0 24 24\" fill=\"none\"><path d=\"M6 6H4v2h2V6zm14 0H8v2h12V6zM4 11h2v2H4v-2zm16 0H8v2h12v-2zM4 16h2v2H4v-2zm16 0H8v2h12v-2z\" fill=\"currentColor\"><\/path><\/svg><svg style=\"fill: #999;color:#999\" class=\"arrow-unsorted-368013\" xmlns=\"http:\/\/www.w3.org\/2000\/svg\" width=\"10px\" height=\"10px\" viewbox=\"0 0 24 24\" version=\"1.2\" baseprofile=\"tiny\"><path d=\"M18.2 9.3l-6.2-6.3-6.2 6.3c-.2.2-.3.4-.3.7s.1.5.3.7c.2.2.4.3.7.3h11c.3 0 .5-.1.7-.3.2-.2.3-.5.3-.7s-.1-.5-.3-.7zM5.8 14.7l6.2 6.3 6.2-6.3c.2-.2.3-.5.3-.7s-.1-.5-.3-.7c-.2-.2-.4-.3-.7-.3h-11c-.3 0-.5.1-.7.3-.2.2-.3.5-.3.7s.1.5.3.7z\"\/><\/svg><\/span><\/span><\/span><\/a><\/span><\/div>\n<nav><ul class='ez-toc-list ez-toc-list-level-1 eztoc-toggle-hide-by-default' ><li class='ez-toc-page-1 ez-toc-heading-level-2'><a class=\"ez-toc-link ez-toc-heading-1\" href=\"https:\/\/moverdb.com\/de\/moving-companies\/moving-companies-us-indiana\/#1_Atlas_International\" >1. Atlas International<\/a><\/li><li class='ez-toc-page-1 ez-toc-heading-level-2'><a class=\"ez-toc-link ez-toc-heading-2\" href=\"https:\/\/moverdb.com\/de\/moving-companies\/moving-companies-us-indiana\/#2_Atlantic_Relocation_Systems\" >2. Atlantische Verlagerungssysteme<\/a><\/li><li class='ez-toc-page-1 ez-toc-heading-level-2'><a class=\"ez-toc-link ez-toc-heading-3\" href=\"https:\/\/moverdb.com\/de\/moving-companies\/moving-companies-us-indiana\/#3_Reindeer_Auto_Moving\" >3. Rentier Auto Moving<\/a><\/li><li class='ez-toc-page-1 ez-toc-heading-level-2'><a class=\"ez-toc-link ez-toc-heading-4\" href=\"https:\/\/moverdb.com\/de\/moving-companies\/moving-companies-us-indiana\/#4_Wheaton_World_Wide_Moving\" >4. Wheaton World Wide Moving<\/a><\/li><li class='ez-toc-page-1 ez-toc-heading-level-2'><a class=\"ez-toc-link ez-toc-heading-5\" href=\"https:\/\/moverdb.com\/de\/moving-companies\/moving-companies-us-indiana\/#5_Wickman_Worldwide_Services\" >5. Wickman Worldwide Services<\/a><\/li><\/ul><\/nav><\/div>\n<h2><span class=\"ez-toc-section\" id=\"1_Atlas_International\"><\/span><strong>1. Atlas International<\/strong><span class=\"ez-toc-section-end\"><\/span><\/h2>\n<p><img loading=\"lazy\" decoding=\"async\" class=\"alignnone size-full wp-image-11263\" src=\"https:\/\/moverdb.com\/wp-content\/uploads\/Atlas-International-moving-company-3.png\" alt=\"Atlas International Umzugsunternehmen\" width=\"1440\" height=\"676\" data-wp-pid=\"11263\" srcset=\"https:\/\/moverdb.com\/wp-content\/uploads\/Atlas-International-moving-company-3.png 1440w, https:\/\/moverdb.com\/wp-content\/uploads\/Atlas-International-moving-company-3-300x141.png 300w, https:\/\/moverdb.com\/wp-content\/uploads\/Atlas-International-moving-company-3-1024x481.png 1024w, https:\/\/moverdb.com\/wp-content\/uploads\/Atlas-International-moving-company-3-18x8.png 18w, https:\/\/moverdb.com\/wp-content\/uploads\/Atlas-International-moving-company-3-600x282.png 600w\" sizes=\"auto, (max-width: 1440px) 100vw, 1440px\" \/><\/p>\n<ul>\n<li>Internationale Verlagerungen<\/li>\n<li>Umz\u00fcge von Wohnh\u00e4usern<\/li>\n<li>Unternehmensverlagerungen<\/li>\n<li>Haus-zu-Haus-Dienst<\/li>\n<li>Professioneller Verpackungsdienst<\/li>\n<li>See- und Luftverkehr<\/li>\n<li>Auswahl an Containeroptionen<\/li>\n<li>Zollabfertigung<\/li>\n<li>Schutzpl\u00e4ne<\/li>\n<li>Lagereinrichtungen<\/li>\n<\/ul>\n<p>Atlas International ist ein 1960 gegr\u00fcndetes internationales Umzugsunternehmen mit Sitz in Evansville. Das Unternehmen verf\u00fcgt \u00fcber ein umfassendes globales Netzwerk, das ihm dabei hilft, weltweite Umzugsdienstleistungen anzubieten. Das Unternehmen ist Mitglied der IAM und verf\u00fcgt \u00fcber 38 Jahre Erfahrung und ist von der FIDI akkreditiert.<\/p>\n<p>Atlas International bietet einen kostenlosen Kostenvoranschlag f\u00fcr Ihren Umzug an. Sie erstellen einen ma\u00dfgeschneiderten Umzugsplan, der einen Full-Service-Umzug erm\u00f6glicht. Sie bieten einen T\u00fcr-zu-T\u00fcr-Umzugsservice mit der Unterst\u00fctzung von internationalen Umzugsexperten. Sie bieten einen Verpackungsservice, der Ihre Gegenst\u00e4nde sch\u00fctzt, und besondere Sorgfalt wird bei zerbrechlichen Gegenst\u00e4nden walten gelassen.<\/p>\n<p>Website: <a href=\"https:\/\/www.atlasintl.com\/\" target=\"_blank\" rel=\"noopener\">https:\/\/www.atlasintl.com\/<\/a><\/p>\n<h2><span class=\"ez-toc-section\" id=\"2_Atlantic_Relocation_Systems\"><\/span><strong>2. Atlantische Verlagerungssysteme<\/strong><span class=\"ez-toc-section-end\"><\/span><\/h2>\n<p><img loading=\"lazy\" decoding=\"async\" class=\"alignnone size-full wp-image-11262\" src=\"https:\/\/moverdb.com\/wp-content\/uploads\/Atlantic-Relocation-Systems-international-moving-company.png\" alt=\"Atlantic Relocation Systems internationales Umzugsunternehmen\" width=\"1440\" height=\"677\" data-wp-pid=\"11262\" srcset=\"https:\/\/moverdb.com\/wp-content\/uploads\/Atlantic-Relocation-Systems-international-moving-company.png 1440w, https:\/\/moverdb.com\/wp-content\/uploads\/Atlantic-Relocation-Systems-international-moving-company-300x141.png 300w, https:\/\/moverdb.com\/wp-content\/uploads\/Atlantic-Relocation-Systems-international-moving-company-1024x481.png 1024w, https:\/\/moverdb.com\/wp-content\/uploads\/Atlantic-Relocation-Systems-international-moving-company-18x8.png 18w, https:\/\/moverdb.com\/wp-content\/uploads\/Atlantic-Relocation-Systems-international-moving-company-600x282.png 600w\" sizes=\"auto, (max-width: 1440px) 100vw, 1440px\" \/><\/p>\n<ul>\n<li>Umz\u00fcge im Nah- und Fernverkehr<\/li>\n<li>Internationale Umz\u00fcge<\/li>\n<li>Umz\u00fcge im Haushalt<\/li>\n<li>B\u00fcroumz\u00fcge<\/li>\n<li>Zugewiesener Umzugskoordinator<\/li>\n<li>Verpackungsservice<\/li>\n<li>Stra\u00dfen-, Luft- und Seefracht<\/li>\n<li>Unterst\u00fctzung beim Zoll<\/li>\n<li>Umgang mit Kunstwerken<\/li>\n<li>L\u00f6sungen f\u00fcr die Lagerung<\/li>\n<\/ul>\n<p>Atlantic Relocation Systems ist ein Umzugsunternehmen, das internationale Umzugsdienstleistungen anbietet. Es wurde 1984 gegr\u00fcndet und hat 13 Standorte, darunter einen in Indianapolis. Als Teil der Atlas Van Lines Gruppe haben sie Zugang zu einem Netzwerk von <a href=\"https:\/\/moverdb.com\/de\/moving-to-the-united-states\/\" data-internallinksmanager029f6b8e52c=\"94\" title=\"Umzug in die Vereinigten Staaten? 2026 Lebenshaltungskosten &amp; Umzugstipps\">US<\/a> Umzugsunternehmen sowie ein gr\u00f6\u00dferes internationales Netzwerk zu ihrer Unterst\u00fctzung. Sie sind Mitglied der IAM und verf\u00fcgen \u00fcber 35 Jahre Erfahrung.<\/p>\n<p>Atlantic Relocation Systems bietet Orts- und Fernumz\u00fcge an, f\u00fcr die ein kostenloser Kostenvoranschlag bei Ihnen zu Hause erstellt wird. F\u00fcr internationale Umz\u00fcge stellen sie einen internationalen Umzugskoordinator zur Verf\u00fcgung, der Ihren Umzug w\u00e4hrend des gesamten Prozesses betreut. Das Unternehmen bietet umfassende Verpackungs-, Transport- und Dokumentationsdienste an.<\/p>\n<p>Website: <a href=\"http:\/\/www.atlanticrelocation.com\" target=\"_blank\" rel=\"noopener\">http:\/\/www.atlanticrelocation.com<\/a><\/p>\n<h2><span class=\"ez-toc-section\" id=\"3_Reindeer_Auto_Moving\"><\/span><strong>3. Rentier Auto Moving<\/strong><span class=\"ez-toc-section-end\"><\/span><\/h2>\n<p><img loading=\"lazy\" decoding=\"async\" class=\"alignnone size-full wp-image-11420\" src=\"https:\/\/moverdb.com\/wp-content\/uploads\/Reindeer-Auto-Relocation-international-moving-company.png\" alt=\"Reindeer Auto Relocation internationales Umzugsunternehmen\" width=\"1440\" height=\"662\" data-wp-pid=\"11420\" srcset=\"https:\/\/moverdb.com\/wp-content\/uploads\/Reindeer-Auto-Relocation-international-moving-company.png 1440w, https:\/\/moverdb.com\/wp-content\/uploads\/Reindeer-Auto-Relocation-international-moving-company-300x138.png 300w, https:\/\/moverdb.com\/wp-content\/uploads\/Reindeer-Auto-Relocation-international-moving-company-1024x471.png 1024w, https:\/\/moverdb.com\/wp-content\/uploads\/Reindeer-Auto-Relocation-international-moving-company-18x8.png 18w, https:\/\/moverdb.com\/wp-content\/uploads\/Reindeer-Auto-Relocation-international-moving-company-600x276.png 600w\" sizes=\"auto, (max-width: 1440px) 100vw, 1440px\" \/><\/p>\n<ul>\n<li>Spezialist f\u00fcr Fahrzeugumz\u00fcge<\/li>\n<li>Nationale Verlagerungen<\/li>\n<li>Internationale Verlagerungen<\/li>\n<li>Einzelne Umsiedlungen<\/li>\n<li>Unternehmensverlagerungen<\/li>\n<li>Pers\u00f6nlicher Service<\/li>\n<li>Haus-zu-Haus-Dienst<\/li>\n<li>Sicherer Transport<\/li>\n<li>Verfolgungsdienst<\/li>\n<li>Versicherung<\/li>\n<\/ul>\n<p>Reindeer Auto Moving ist ein nationales und internationales Umzugsunternehmen mit Sitz in Zionsville, das seit 1997 t\u00e4tig ist. Das Unternehmen verf\u00fcgt \u00fcber ein umfangreiches Netzwerk von seri\u00f6sen und versicherten Spediteuren, die es bei der Erbringung seiner Dienstleistungen auf nationaler und internationaler Ebene unterst\u00fctzen. Das Unternehmen ist Mitglied der IAM und verf\u00fcgt \u00fcber sieben Jahre Erfahrung.<\/p>\n<p>Reindeer Auto Moving bietet einen pers\u00f6nlichen Service f\u00fcr Fahrzeugumz\u00fcge mit T\u00fcr-zu-T\u00fcr-Service. Sie holen Ihr Fahrzeug ab und bringen es sicher an Ihren Bestimmungsort, wobei sie den Fortschritt w\u00e4hrend des gesamten Prozesses verfolgen. Sie bieten garantierte Abhol- und Liefertermine, entweder mit offenen oder geschlossenen Transportoptionen.<\/p>\n<p>Website: <a href=\"http:\/\/www.reindeerauto.com\" target=\"_blank\" rel=\"noopener\">http:\/\/www.reindeerauto.com<\/a><\/p>\n<h2><span class=\"ez-toc-section\" id=\"4_Wheaton_World_Wide_Moving\"><\/span><strong>4. Wheaton World Wide Moving<\/strong><span class=\"ez-toc-section-end\"><\/span><\/h2>\n<p><img loading=\"lazy\" decoding=\"async\" class=\"alignnone size-full wp-image-11478\" src=\"https:\/\/moverdb.com\/wp-content\/uploads\/Wheaton-World-Wide-Moving-international-moving-company.png\" alt=\"Wheaton World Wide Moving internationales Umzugsunternehmen\" width=\"1440\" height=\"677\" data-wp-pid=\"11478\" srcset=\"https:\/\/moverdb.com\/wp-content\/uploads\/Wheaton-World-Wide-Moving-international-moving-company.png 1440w, https:\/\/moverdb.com\/wp-content\/uploads\/Wheaton-World-Wide-Moving-international-moving-company-300x141.png 300w, https:\/\/moverdb.com\/wp-content\/uploads\/Wheaton-World-Wide-Moving-international-moving-company-1024x481.png 1024w, https:\/\/moverdb.com\/wp-content\/uploads\/Wheaton-World-Wide-Moving-international-moving-company-18x8.png 18w, https:\/\/moverdb.com\/wp-content\/uploads\/Wheaton-World-Wide-Moving-international-moving-company-600x282.png 600w\" sizes=\"auto, (max-width: 1440px) 100vw, 1440px\" \/><\/p>\n<ul>\n<li>Umz\u00fcge im Nah- und Fernverkehr<\/li>\n<li>Internationale Umz\u00fcge<\/li>\n<li>Umz\u00fcge im Haushalt<\/li>\n<li>Kommerzielle Umz\u00fcge<\/li>\n<li>Unternehmensverlagerungen<\/li>\n<li>Verpackungsdienstleistungen<\/li>\n<li>Vorkehrungen f\u00fcr den Transport<\/li>\n<li><a href=\"https:\/\/moverdb.com\/de\/car-transport-shipping\/\" data-internallinksmanager029f6b8e52c=\"2\" title=\"2026 Internationale Autotransporte &amp; Angebote f\u00fcr Fahrzeugtransporte\">Transport von Fahrzeugen<\/a><\/li>\n<li>Schutzpl\u00e4ne<\/li>\n<li>Kurz- und Langzeitlagerung<\/li>\n<\/ul>\n<p>Wheaton World Wide Moving ist ein 1945 gegr\u00fcndetes internationales Umzugsunternehmen mit Sitz in Indianapolis. Das Unternehmen arbeitet \u00fcber ein Agentennetz, das die USA abdeckt und \u00fcberpr\u00fcft wurde, um sicherzustellen, dass es hohe Standards erf\u00fcllt. Das Unternehmen ist Mitglied der IAM und kann auf 78 Jahre Erfahrung zur\u00fcckblicken.<\/p>\n<p>Wheaton World Wide Moving ist ein Full-Service-Umzugsunternehmen, das Ihnen einen eigenen Umzugsmanager zur Seite stellt. Am Anfang steht ein Kostenvoranschlag bei Ihnen zu Hause oder ein virtueller Kostenvoranschlag, um den Umfang Ihres Umzugs zu ermitteln. Das Unternehmen bietet einen Verpackungsservice f\u00fcr alle Ihre Gegenst\u00e4nde oder nur f\u00fcr die zerbrechlichen und empfindlichen Gegenst\u00e4nde an.<\/p>\n<p>Website: <a href=\"http:\/\/www.wheatonworldwide.com\" target=\"_blank\" rel=\"noopener\">http:\/\/www.wheatonworldwide.com<\/a><\/p>\n<h2><span class=\"ez-toc-section\" id=\"5_Wickman_Worldwide_Services\"><\/span><strong>5. Wickman Worldwide Services<\/strong><span class=\"ez-toc-section-end\"><\/span><\/h2>\n<p><img loading=\"lazy\" decoding=\"async\" class=\"alignnone size-full wp-image-11479\" src=\"https:\/\/moverdb.com\/wp-content\/uploads\/Wickman-Worldwide-Services-international-moving-company.png\" alt=\"Wickman Worldwide Services internationales Umzugsunternehmen\" width=\"1440\" height=\"675\" data-wp-pid=\"11479\" srcset=\"https:\/\/moverdb.com\/wp-content\/uploads\/Wickman-Worldwide-Services-international-moving-company.png 1440w, https:\/\/moverdb.com\/wp-content\/uploads\/Wickman-Worldwide-Services-international-moving-company-300x141.png 300w, https:\/\/moverdb.com\/wp-content\/uploads\/Wickman-Worldwide-Services-international-moving-company-1024x480.png 1024w, https:\/\/moverdb.com\/wp-content\/uploads\/Wickman-Worldwide-Services-international-moving-company-18x8.png 18w, https:\/\/moverdb.com\/wp-content\/uploads\/Wickman-Worldwide-Services-international-moving-company-600x281.png 600w\" sizes=\"auto, (max-width: 1440px) 100vw, 1440px\" \/><\/p>\n<ul>\n<li>Internationale Umz\u00fcge<\/li>\n<li>Umz\u00fcge im Haushalt<\/li>\n<li>Umfrage vor dem Umzug<\/li>\n<li>Professioneller Verpackungsdienst<\/li>\n<li>Lkw-, Bahn-, See- und Lufttransport<\/li>\n<li>Zollabfertigung<\/li>\n<li>Transport von Fahrzeugen<\/li>\n<li>Dienste von Drittanbietern als optionale Zusatzleistungen<\/li>\n<li>Versicherung<\/li>\n<li>Sichere Lagerung<\/li>\n<\/ul>\n<p>Wickman Worldwide Services ist ein internationales Umzugsunternehmen <a href=\"https:\/\/moverdb.com\/de\/shipping-companies\/\" data-internallinksmanager029f6b8e52c=\"4\" title=\"Top 10 der internationalen Containerschifffahrtsunternehmen\">Schifffahrtsgesellschaft<\/a> wurde 1997 gegr\u00fcndet und hat seinen Hauptsitz in Indianapolis. Sie verf\u00fcgen \u00fcber ein Agenturnetz, das sich \u00fcber mehr als 150 L\u00e4nder erstreckt und sie bei der Durchf\u00fchrung von Umz\u00fcgen in der ganzen Welt unterst\u00fctzt. Das Unternehmen ist Mitglied der IAM und verf\u00fcgt \u00fcber 26 Jahre Erfahrung.<\/p>\n<p>Wickman Worldwide Services bietet vor dem Umzug eine ausf\u00fchrliche Bestandsaufnahme an, um Ihre Anforderungen zu ermitteln und ein individuelles Angebot zu erstellen. Sie bieten einen professionellen Verpackungsservice mit qualifizierten und versicherten Umzugshelfern, die Ihr Hab und Gut f\u00fcr den Umzug sicher verpacken. Sie organisieren den Transport per Lkw, Bahn, Schiff oder Flugzeug mit Zollabfertigung und packen bei der Ankunft die M\u00f6bel aus und montieren sie.<\/p>\n<p>Website: <a href=\"http:\/\/wickmanworldwide.com\" target=\"_blank\" rel=\"noopener\">http:\/\/wickmanworldwide.com<\/a><\/p>","protected":false},"excerpt":{"rendered":"<p>Moving can be a stressful time with so many things to juggle. This is why many people enlist the help of a moving company as they can manage the move, pack, transport your belongings and sort out customs processes if moving internationally. Below we have compiled a list of Indiana based removal companies that are [&hellip;]<\/p>\n","protected":false},"author":4,"featured_media":11263,"parent":190,"menu_order":0,"comment_status":"closed","ping_status":"closed","template":"","meta":{"_genesis_hide_title":false,"_genesis_hide_breadcrumbs":false,"_genesis_hide_singular_image":false,"_genesis_hide_footer_widgets":false,"_genesis_custom_body_class":"","_genesis_custom_post_class":"","_genesis_layout":"","footnotes":""},"class_list":{"0":"post-11600","1":"page","2":"type-page","3":"status-publish","4":"has-post-thumbnail","6":"entry"},"_links":{"self":[{"href":"https:\/\/moverdb.com\/de\/wp-json\/wp\/v2\/pages\/11600","targetHints":{"allow":["GET"]}}],"collection":[{"href":"https:\/\/moverdb.com\/de\/wp-json\/wp\/v2\/pages"}],"about":[{"href":"https:\/\/moverdb.com\/de\/wp-json\/wp\/v2\/types\/page"}],"author":[{"embeddable":true,"href":"https:\/\/moverdb.com\/de\/wp-json\/wp\/v2\/users\/4"}],"replies":[{"embeddable":true,"href":"https:\/\/moverdb.com\/de\/wp-json\/wp\/v2\/comments?post=11600"}],"version-history":[{"count":1,"href":"https:\/\/moverdb.com\/de\/wp-json\/wp\/v2\/pages\/11600\/revisions"}],"predecessor-version":[{"id":11601,"href":"https:\/\/moverdb.com\/de\/wp-json\/wp\/v2\/pages\/11600\/revisions\/11601"}],"up":[{"embeddable":true,"href":"https:\/\/moverdb.com\/de\/wp-json\/wp\/v2\/pages\/190"}],"wp:featuredmedia":[{"embeddable":true,"href":"https:\/\/moverdb.com\/de\/wp-json\/wp\/v2\/media\/11263"}],"wp:attachment":[{"href":"https:\/\/moverdb.com\/de\/wp-json\/wp\/v2\/media?parent=11600"}],"curies":[{"name":"wp","href":"https:\/\/api.w.org\/{rel}","templated":true}]}}