{"id":11595,"date":"2023-11-22T15:48:21","date_gmt":"2023-11-22T15:48:21","guid":{"rendered":"https:\/\/moverdb.com\/?page_id=11595"},"modified":"2026-01-08T15:30:02","modified_gmt":"2026-01-08T15:30:02","slug":"moving-companies-idaho","status":"publish","type":"page","link":"https:\/\/moverdb.com\/de\/moving-companies\/moving-companies-idaho\/","title":{"rendered":"Beste internationale Umzugsunternehmen in Idaho"},"content":{"rendered":"<p>Wenn Sie umziehen, gibt es so viele Dinge zu organisieren und zu erledigen, dass es \u00fcberw\u00e4ltigend sein kann. Die Beauftragung eines <a href=\"https:\/\/moverdb.com\/de\/moving-companies\/\" data-internallinksmanager029f6b8e52c=\"79\" title=\"Top 25 Internationale Umzugsunternehmen Online\">Umzugsunternehmen<\/a> k\u00f6nnen die Last erleichtern, da sie bei internationalen Umz\u00fcgen bei der Planung, dem Verpacken, dem Transport und der Zollabwicklung helfen k\u00f6nnen. Im Folgenden haben wir eine Liste zusammengestellt mit <a href=\"https:\/\/moverdb.com\/de\/moving-to-the-united-states\/moving-to-idaho\/\" data-internallinksmanager029f6b8e52c=\"405\" title=\"Umzug nach Idaho? 2026 Lebenshaltungskosten &amp; Umzugstipps\">Idaho<\/a> basiert <a href=\"https:\/\/moverdb.com\/de\/international-removals\/\" data-internallinksmanager029f6b8e52c=\"27\" title=\"36 Beste internationale Umzugsunternehmen in Gro\u00dfbritannien\">Umzugsunternehmen<\/a> die Mitglieder der <a href=\"https:\/\/moverdb.com\/de\/iam\/\" data-internallinksmanager029f6b8e52c=\"23\" title=\"International Association of Movers (IAM) erkl\u00e4rt\">Internationaler Verband der M\u00f6belspediteure<\/a> (IAM) und\/oder <a href=\"https:\/\/moverdb.com\/de\/fidi-faim\/\" data-internallinksmanager029f6b8e52c=\"16\" title=\"FIDI &amp; FAIM (FIDI Accredited International Mover) Erl\u00e4utert\">FIDI<\/a> Accredited International Mover (FAIM), die Sie bei Ihrem Umzug unterst\u00fctzen k\u00f6nnen.<\/p>\n<p><strong>B Transfer Inc.<\/strong><\/p>\n<p><img loading=\"lazy\" decoding=\"async\" class=\"alignnone size-full wp-image-11265\" src=\"https:\/\/moverdb.com\/wp-content\/uploads\/B-Transfer-Inc-international-moving-company.png\" alt=\"B Transfer Inc internationales Umzugsunternehmen\" width=\"1440\" height=\"679\" data-wp-pid=\"11265\" srcset=\"https:\/\/moverdb.com\/wp-content\/uploads\/B-Transfer-Inc-international-moving-company.png 1440w, https:\/\/moverdb.com\/wp-content\/uploads\/B-Transfer-Inc-international-moving-company-300x141.png 300w, https:\/\/moverdb.com\/wp-content\/uploads\/B-Transfer-Inc-international-moving-company-1024x483.png 1024w, https:\/\/moverdb.com\/wp-content\/uploads\/B-Transfer-Inc-international-moving-company-18x8.png 18w, https:\/\/moverdb.com\/wp-content\/uploads\/B-Transfer-Inc-international-moving-company-600x283.png 600w\" sizes=\"auto, (max-width: 1440px) 100vw, 1440px\" \/><\/p>\n<ul>\n<li>Umz\u00fcge im Nah- und Fernverkehr<\/li>\n<li>Internationale Dienstleistungen<\/li>\n<li>Umz\u00fcge von Haushalten<\/li>\n<li>Kommerzielle Dienstleistungen<\/li>\n<li>Unternehmensverlagerungen<\/li>\n<li>Vielf\u00e4ltiger Fuhrpark<\/li>\n<li>Geschultes und erfahrenes Personal<\/li>\n<li>Modalit\u00e4ten der Bef\u00f6rderung<\/li>\n<li>Lagereinrichtungen<\/li>\n<\/ul>\n<p>B Transfer Inc ist ein 1958 gegr\u00fcndetes Umzugs- und Lagerungsunternehmen mit Sitz in Mountain Home. Das Unternehmen ist Mitglied der IAM und kann auf 59 Jahre Erfahrung zur\u00fcckblicken, was ihm ein weltweites Netzwerk von Umzugsagenten zur Verf\u00fcgung stellt, die es bei Fern- und Auslandsumz\u00fcgen unterst\u00fctzen.<\/p>\n<p>B Transfer Inc bietet schnelle und erschwingliche Umzugsdienstleistungen in Idaho an, die sowohl lokale als auch Fernumz\u00fcge und internationale Dienstleistungen umfassen. Sie stellen qualifizierte und erfahrene Mitarbeiter zur Verf\u00fcgung, die Ihren Umzug abwickeln und daf\u00fcr sorgen, dass Ihr Hab und Gut sicher in das neue Zuhause gebracht wird. Das Unternehmen bietet auch sichere Lagerr\u00e4ume mit 24-Stunden-Zugang.<\/p>\n<p>Website: <a href=\"https:\/\/www.b-transfer.com\/\" target=\"_blank\" rel=\"noopener\">https:\/\/www.b-transfer.com\/<\/a><\/p>","protected":false},"excerpt":{"rendered":"<p>When you are moving there is so many things to organise and do that it can be overwhelming. Employing a moving company can lighten the load as they can help with planning, packing, transportation and customs management if moving internationally. Below we have compiled a list of Idaho based removal companies that are members of [&hellip;]<\/p>\n","protected":false},"author":4,"featured_media":11265,"parent":190,"menu_order":0,"comment_status":"closed","ping_status":"closed","template":"","meta":{"_genesis_hide_title":false,"_genesis_hide_breadcrumbs":false,"_genesis_hide_singular_image":false,"_genesis_hide_footer_widgets":false,"_genesis_custom_body_class":"","_genesis_custom_post_class":"","_genesis_layout":"","footnotes":""},"class_list":{"0":"post-11595","1":"page","2":"type-page","3":"status-publish","4":"has-post-thumbnail","6":"entry"},"_links":{"self":[{"href":"https:\/\/moverdb.com\/de\/wp-json\/wp\/v2\/pages\/11595","targetHints":{"allow":["GET"]}}],"collection":[{"href":"https:\/\/moverdb.com\/de\/wp-json\/wp\/v2\/pages"}],"about":[{"href":"https:\/\/moverdb.com\/de\/wp-json\/wp\/v2\/types\/page"}],"author":[{"embeddable":true,"href":"https:\/\/moverdb.com\/de\/wp-json\/wp\/v2\/users\/4"}],"replies":[{"embeddable":true,"href":"https:\/\/moverdb.com\/de\/wp-json\/wp\/v2\/comments?post=11595"}],"version-history":[{"count":1,"href":"https:\/\/moverdb.com\/de\/wp-json\/wp\/v2\/pages\/11595\/revisions"}],"predecessor-version":[{"id":11596,"href":"https:\/\/moverdb.com\/de\/wp-json\/wp\/v2\/pages\/11595\/revisions\/11596"}],"up":[{"embeddable":true,"href":"https:\/\/moverdb.com\/de\/wp-json\/wp\/v2\/pages\/190"}],"wp:featuredmedia":[{"embeddable":true,"href":"https:\/\/moverdb.com\/de\/wp-json\/wp\/v2\/media\/11265"}],"wp:attachment":[{"href":"https:\/\/moverdb.com\/de\/wp-json\/wp\/v2\/media?parent=11595"}],"curies":[{"name":"wp","href":"https:\/\/api.w.org\/{rel}","templated":true}]}}