{"id":11574,"date":"2023-11-29T10:39:50","date_gmt":"2023-11-29T10:39:50","guid":{"rendered":"https:\/\/moverdb.com\/?page_id=11574"},"modified":"2026-01-08T15:24:45","modified_gmt":"2026-01-08T15:24:45","slug":"moving-companies-in-honolulu-usa","status":"publish","type":"page","link":"https:\/\/moverdb.com\/de\/moving-companies\/moving-companies-in-honolulu-usa\/","title":{"rendered":"Die 4 besten internationalen Umzugsunternehmen in Honolulu"},"content":{"rendered":"<p>Die Planung eines Umzugs vor Ort oder \u00fcber gro\u00dfe Entfernungen kann kompliziert und stressig sein. <a href=\"https:\/\/moverdb.com\/de\/moving-companies\/\" data-internallinksmanager029f6b8e52c=\"79\" title=\"Top 25 Internationale Umzugsunternehmen Online\">Umzugsunternehmen<\/a> um einige der Aufgaben zu \u00fcbernehmen, kann wirklich helfen. Im Folgenden haben wir eine Liste der in Honolulu ans\u00e4ssigen <a href=\"https:\/\/moverdb.com\/de\/international-removals\/\" data-internallinksmanager029f6b8e52c=\"27\" title=\"36 Beste internationale Umzugsunternehmen in Gro\u00dfbritannien\">Umzugsunternehmen<\/a> die Mitglieder der <a href=\"https:\/\/moverdb.com\/de\/iam\/\" data-internallinksmanager029f6b8e52c=\"23\" title=\"International Association of Movers (IAM) erkl\u00e4rt\">Internationaler Verband der M\u00f6belspediteure<\/a> (IAM) und\/oder <a href=\"https:\/\/moverdb.com\/de\/fidi-faim\/\" data-internallinksmanager029f6b8e52c=\"16\" title=\"FIDI &amp; FAIM (FIDI Accredited International Mover) Erl\u00e4utert\">FIDI<\/a> Accredited International Mover (FAIM), die Sie bei Ihrem Umzug unterst\u00fctzen k\u00f6nnen.<\/p>\n<div id=\"ez-toc-container\" class=\"ez-toc-v2_0_83 ez-toc-wrap-left counter-hierarchy ez-toc-counter ez-toc-transparent ez-toc-container-direction\">\n<div class=\"ez-toc-title-container\">\n<p class=\"ez-toc-title\" style=\"cursor:inherit\">Rubriken<\/p>\n<span class=\"ez-toc-title-toggle\"><a href=\"#\" class=\"ez-toc-pull-right ez-toc-btn ez-toc-btn-xs ez-toc-btn-default ez-toc-toggle\" aria-label=\"Inhaltsverzeichnis umschalten\"><span class=\"ez-toc-js-icon-con\"><span class=\"\"><span class=\"eztoc-hide\" style=\"display:none;\">Umschalten auf<\/span><span class=\"ez-toc-icon-toggle-span\"><svg style=\"fill: #999;color:#999\" xmlns=\"http:\/\/www.w3.org\/2000\/svg\" class=\"list-377408\" width=\"20px\" height=\"20px\" viewbox=\"0 0 24 24\" fill=\"none\"><path d=\"M6 6H4v2h2V6zm14 0H8v2h12V6zM4 11h2v2H4v-2zm16 0H8v2h12v-2zM4 16h2v2H4v-2zm16 0H8v2h12v-2z\" fill=\"currentColor\"><\/path><\/svg><svg style=\"fill: #999;color:#999\" class=\"arrow-unsorted-368013\" xmlns=\"http:\/\/www.w3.org\/2000\/svg\" width=\"10px\" height=\"10px\" viewbox=\"0 0 24 24\" version=\"1.2\" baseprofile=\"tiny\"><path d=\"M18.2 9.3l-6.2-6.3-6.2 6.3c-.2.2-.3.4-.3.7s.1.5.3.7c.2.2.4.3.7.3h11c.3 0 .5-.1.7-.3.2-.2.3-.5.3-.7s-.1-.5-.3-.7zM5.8 14.7l6.2 6.3 6.2-6.3c.2-.2.3-.5.3-.7s-.1-.5-.3-.7c-.2-.2-.4-.3-.7-.3h-11c-.3 0-.5.1-.7.3-.2.2-.3.5-.3.7s.1.5.3.7z\"\/><\/svg><\/span><\/span><\/span><\/a><\/span><\/div>\n<nav><ul class='ez-toc-list ez-toc-list-level-1 eztoc-toggle-hide-by-default' ><li class='ez-toc-page-1 ez-toc-heading-level-2'><a class=\"ez-toc-link ez-toc-heading-1\" href=\"https:\/\/moverdb.com\/de\/moving-companies\/moving-companies-in-honolulu-usa\/#1_Island_Movers\" >1. Insel-Mover<\/a><\/li><li class='ez-toc-page-1 ez-toc-heading-level-2'><a class=\"ez-toc-link ez-toc-heading-2\" href=\"https:\/\/moverdb.com\/de\/moving-companies\/moving-companies-in-honolulu-usa\/#2_Royal_Hawaiian_Movers\" >2. Royal Hawaiian Movers<\/a><\/li><li class='ez-toc-page-1 ez-toc-heading-level-2'><a class=\"ez-toc-link ez-toc-heading-3\" href=\"https:\/\/moverdb.com\/de\/moving-companies\/moving-companies-in-honolulu-usa\/#3_WestPac_International\" >3. WestPac International<\/a><\/li><li class='ez-toc-page-1 ez-toc-heading-level-2'><a class=\"ez-toc-link ez-toc-heading-4\" href=\"https:\/\/moverdb.com\/de\/moving-companies\/moving-companies-in-honolulu-usa\/#4_World_Wide_Movers_Inc\" >4. World Wide Movers Inc<\/a><\/li><\/ul><\/nav><\/div>\n<h2><span class=\"ez-toc-section\" id=\"1_Island_Movers\"><\/span><strong>1. Insel-Mover<\/strong><span class=\"ez-toc-section-end\"><\/span><\/h2>\n<p><img loading=\"lazy\" decoding=\"async\" class=\"alignnone size-full wp-image-11354\" src=\"https:\/\/moverdb.com\/wp-content\/uploads\/Island-Movers-international-moving-company.png\" alt=\"Island Movers internationales Umzugsunternehmen\" width=\"1440\" height=\"676\" data-wp-pid=\"11354\" srcset=\"https:\/\/moverdb.com\/wp-content\/uploads\/Island-Movers-international-moving-company.png 1440w, https:\/\/moverdb.com\/wp-content\/uploads\/Island-Movers-international-moving-company-300x141.png 300w, https:\/\/moverdb.com\/wp-content\/uploads\/Island-Movers-international-moving-company-1024x481.png 1024w, https:\/\/moverdb.com\/wp-content\/uploads\/Island-Movers-international-moving-company-18x8.png 18w, https:\/\/moverdb.com\/wp-content\/uploads\/Island-Movers-international-moving-company-600x282.png 600w\" sizes=\"auto, (max-width: 1440px) 100vw, 1440px\" \/><\/p>\n<ul>\n<li>Lokale und nationale Umz\u00fcge<\/li>\n<li>Internationale Umz\u00fcge<\/li>\n<li>Umz\u00fcge in Wohnungen<\/li>\n<li>Gesch\u00e4ftliche Umz\u00fcge<\/li>\n<li>Umzugsmanagement<\/li>\n<li>T\u00fcr-zu-T\u00fcr oder T\u00fcr-zu-T\u00fcr<a href=\"https:\/\/moverdb.com\/de\/top-49-container-ports\/\" data-internallinksmanager029f6b8e52c=\"80\" title=\"Top 49 der gr\u00f6\u00dften und verkehrsreichsten Containerh\u00e4fen im Jahr 2025\">Hafen<\/a> Dienstleistung<\/li>\n<li>Kostenloser Kostenvoranschlag<\/li>\n<li>Optionen f\u00fcr den Verpackungsservice<\/li>\n<li>Vorkehrungen f\u00fcr den Transport<\/li>\n<li>Kurz- und Langzeitlagerung<\/li>\n<\/ul>\n<p>Island Movers ist ein 1958 gegr\u00fcndetes Umzugs- und Speditionsunternehmen mit Sitz in Honolulu. Sie arbeiten mit Partneragenturen auf der ganzen Welt zusammen, um Umzugsdienstleistungen weltweit von oder nach <a href=\"https:\/\/moverdb.com\/de\/moving-to-the-united-states\/moving-to-hawaii\/\" data-internallinksmanager029f6b8e52c=\"403\" title=\"Umzug nach Hawaii? 2026 Lebenshaltungskosten &amp; Umzugstipps\">Hawaii<\/a>. Sie sind Mitglied der IAM und verf\u00fcgen \u00fcber 65 Jahre Erfahrung.<\/p>\n<p>Island Movers bietet Umzugsdienstleistungen f\u00fcr den Hawaii-Teil Ihres Umzugs an und arbeitet mit Partnern oder dem von Ihnen gew\u00e4hlten Umzugsunternehmen an Ihrem derzeitigen Standort zusammen, um Ihren Umzug zu koordinieren. F\u00fcr Umz\u00fcge auf Hawaii bieten sie Verpackungsdienste an, oder Sie k\u00f6nnen selbst packen. Sie bieten Lagerungsl\u00f6sungen in Hawaii mit der M\u00f6glichkeit der lang- oder kurzfristigen Lagerung in sicheren Lagerhallen oder 20' oder 40' Containern.<\/p>\n<p>Website: <a href=\"https:\/\/www.islandmovers.com\/\" target=\"_blank\" rel=\"noopener\">https:\/\/www.islandmovers.com\/<\/a><\/p>\n<h2><span class=\"ez-toc-section\" id=\"2_Royal_Hawaiian_Movers\"><\/span><strong>2. Royal Hawaiian Movers<\/strong><span class=\"ez-toc-section-end\"><\/span><\/h2>\n<p><img loading=\"lazy\" decoding=\"async\" class=\"alignnone size-full wp-image-11429\" src=\"https:\/\/moverdb.com\/wp-content\/uploads\/Royal-Hawaiian-Movers-international-moving-company.png\" alt=\"Royal Hawaiian Movers internationales Umzugsunternehmen\" width=\"1440\" height=\"683\" data-wp-pid=\"11429\" srcset=\"https:\/\/moverdb.com\/wp-content\/uploads\/Royal-Hawaiian-Movers-international-moving-company.png 1440w, https:\/\/moverdb.com\/wp-content\/uploads\/Royal-Hawaiian-Movers-international-moving-company-300x142.png 300w, https:\/\/moverdb.com\/wp-content\/uploads\/Royal-Hawaiian-Movers-international-moving-company-1024x486.png 1024w, https:\/\/moverdb.com\/wp-content\/uploads\/Royal-Hawaiian-Movers-international-moving-company-18x9.png 18w, https:\/\/moverdb.com\/wp-content\/uploads\/Royal-Hawaiian-Movers-international-moving-company-600x285.png 600w\" sizes=\"auto, (max-width: 1440px) 100vw, 1440px\" \/><\/p>\n<ul>\n<li>Lokale und nationale Umz\u00fcge<\/li>\n<li>Internationale Umz\u00fcge<\/li>\n<li>Umz\u00fcge im Haushalt<\/li>\n<li>Betriebsverlagerungen<\/li>\n<li>Personalisierte Dienstleistungen<\/li>\n<li>Verpackungsservice<\/li>\n<li>Vorkehrungen f\u00fcr den Transport<\/li>\n<li>Unterst\u00fctzung durch den Zoll<\/li>\n<li>Fahrzeugtransport<\/li>\n<li>Lagereinrichtungen<\/li>\n<\/ul>\n<p>Royal Hawaiian Movers ist ein 1982 gegr\u00fcndetes Umzugs- und Transportunternehmen mit Niederlassungen in Honolulu, Kahului, Keaau, Kailua und Lihue. Sie sind Teil der DeWitt Companies-Familie, die \u00fcber ein integriertes Netzwerk von Umzugs- und Lagerungsdiensten verf\u00fcgt. Das Unternehmen ist Mitglied der IAM und kann auf 41 Jahre Erfahrung zur\u00fcckblicken.<\/p>\n<p>Royal Hawaiian Movers bietet einen pers\u00f6nlichen oder virtuellen Besichtigungs- und Planungsservice vor dem Umzug an, um Ihren Umzug entweder von T\u00fcr zu T\u00fcr oder von Hafen zu Hafen zu organisieren. Sie bieten einen pers\u00f6nlichen Service, der auf Ihre Bed\u00fcrfnisse zugeschnitten ist, und unterst\u00fctzen Sie bei allen Aspekten Ihres Umzugs, einschlie\u00dflich des Packens Ihrer Habseligkeiten, des Entladens und Wiederaufbaus Ihres Hauses, des Transports, der Br\u00e4uche und der kulturellen Beratung.<\/p>\n<p>Website: <a href=\"https:\/\/www.royalhawaiianmovers.com\/\" target=\"_blank\" rel=\"noopener\">https:\/\/www.royalhawaiianmovers.com\/<\/a><\/p>\n<h2><span class=\"ez-toc-section\" id=\"3_WestPac_International\"><\/span><strong>3. WestPac International<\/strong><span class=\"ez-toc-section-end\"><\/span><\/h2>\n<p><img loading=\"lazy\" decoding=\"async\" class=\"alignnone size-full wp-image-11477\" src=\"https:\/\/moverdb.com\/wp-content\/uploads\/WestPac-International-moving-company.png\" alt=\"WestPac International Umzugsunternehmen\" width=\"1440\" height=\"682\" data-wp-pid=\"11477\" srcset=\"https:\/\/moverdb.com\/wp-content\/uploads\/WestPac-International-moving-company.png 1440w, https:\/\/moverdb.com\/wp-content\/uploads\/WestPac-International-moving-company-300x142.png 300w, https:\/\/moverdb.com\/wp-content\/uploads\/WestPac-International-moving-company-1024x485.png 1024w, https:\/\/moverdb.com\/wp-content\/uploads\/WestPac-International-moving-company-18x9.png 18w, https:\/\/moverdb.com\/wp-content\/uploads\/WestPac-International-moving-company-600x284.png 600w\" sizes=\"auto, (max-width: 1440px) 100vw, 1440px\" \/><\/p>\n<ul>\n<li>Lokale und nationale Umz\u00fcge<\/li>\n<li>Internationale Umz\u00fcge<\/li>\n<li>Umz\u00fcge in Wohnungen<\/li>\n<li>B\u00fcroverlagerungen<\/li>\n<li>Haus-zu-Haus-Dienst<\/li>\n<li>Verpacken und Verpacken<\/li>\n<li>Hochwertige Verpackungsmaterialien<\/li>\n<li>Organisation des Transports<\/li>\n<li>Versicherung<\/li>\n<li>Sichere kurz- und langfristige Lagerung<\/li>\n<\/ul>\n<p>WestPac International ist ein internationales Umzugsunternehmen mit \u00fcber 25 Jahren Erfahrung und Sitz in Honolulu. Sie sind Mitglied der IAM mit 23 Jahren Erfahrung, was ihnen Zugang zu einem internationalen Netzwerk von Umzugsunternehmen verschafft, die sie mit weltweiten Umzugsdienstleistungen unterst\u00fctzen k\u00f6nnen.<\/p>\n<p>WestPac International bietet einen kostenlosen Kostenvoranschlag an und wird die beste Option und den besten Preis f\u00fcr Ihren Umzug ermitteln. Das Unternehmen bietet einen Verpackungs- und Kistenservice an, bei dem hochwertiges Umzugsmaterial verwendet wird, oder Sie k\u00f6nnen mit dem mitgelieferten Verpackungsmaterial selbst packen. Das Unternehmen organisiert den Transport Ihres Umzugsguts an den Bestimmungsort und bietet Versicherungsschutz.<\/p>\n<p>Website: <a href=\"https:\/\/www.westpacinternational.com\/\" target=\"_blank\" rel=\"noopener\">https:\/\/www.westpacinternational.com\/<\/a><\/p>\n<h2><span class=\"ez-toc-section\" id=\"4_World_Wide_Movers_Inc\"><\/span><strong>4. World Wide Movers Inc<\/strong><span class=\"ez-toc-section-end\"><\/span><\/h2>\n<p><img loading=\"lazy\" decoding=\"async\" class=\"alignnone size-full wp-image-11480\" src=\"https:\/\/moverdb.com\/wp-content\/uploads\/World-Wide-Movers-Inc-international-moving-company.png\" alt=\"World Wide Movers Inc internationales Umzugsunternehmen\" width=\"1440\" height=\"678\" data-wp-pid=\"11480\" srcset=\"https:\/\/moverdb.com\/wp-content\/uploads\/World-Wide-Movers-Inc-international-moving-company.png 1440w, https:\/\/moverdb.com\/wp-content\/uploads\/World-Wide-Movers-Inc-international-moving-company-300x141.png 300w, https:\/\/moverdb.com\/wp-content\/uploads\/World-Wide-Movers-Inc-international-moving-company-1024x482.png 1024w, https:\/\/moverdb.com\/wp-content\/uploads\/World-Wide-Movers-Inc-international-moving-company-18x8.png 18w, https:\/\/moverdb.com\/wp-content\/uploads\/World-Wide-Movers-Inc-international-moving-company-600x283.png 600w\" sizes=\"auto, (max-width: 1440px) 100vw, 1440px\" \/><\/p>\n<ul>\n<li>Lokale und nationale Umz\u00fcge<\/li>\n<li>Internationale Verlagerungen<\/li>\n<li>Umz\u00fcge in Wohnungen<\/li>\n<li>Unternehmensverlagerungen<\/li>\n<li>Individueller Umzugsplan<\/li>\n<li>Verpackungsservice<\/li>\n<li>Vorkehrungen f\u00fcr den Transport<\/li>\n<li><a href=\"https:\/\/moverdb.com\/de\/car-transport-shipping\/\" data-internallinksmanager029f6b8e52c=\"2\" title=\"2026 Internationale Autotransporte &amp; Angebote f\u00fcr Fahrzeugtransporte\">Transport von Fahrzeugen<\/a><\/li>\n<li>Versicherung<\/li>\n<li>Lagereinrichtungen<\/li>\n<\/ul>\n<p>World Wide Movers Inc ist ein 1963 gegr\u00fcndetes Umzugs- und Lagerungsunternehmen mit Sitz in Honolulu. Sie sind Vertreter von United Van Lines, Mayflower Transit und UniGroup. Das Unternehmen ist Mitglied der IAM und verf\u00fcgt \u00fcber 60 Jahre Erfahrung.<\/p>\n<p>World Wide Movers Inc bietet einen kostenlosen Kostenvoranschlag an und erstellt einen ma\u00dfgeschneiderten Umzugsplan, der Ihren Bed\u00fcrfnissen, Ihrem Zeitplan und Ihrem Budget entspricht. Sie bieten Verpackungsoptionen an, um Ihnen die Flexibilit\u00e4t zu geben, wie sehr Sie sich am Umzug beteiligen m\u00f6chten - vollst\u00e4ndiger Verpackungsservice, zerbrechliche Verpackung und Selbstverpackung. Ihr professionelles Team von Umzugshelfern verwendet branchen\u00fcbliche Materialien und Methoden zum Schutz von Gegenst\u00e4nden und kann ma\u00dfgeschneiderte Kisten bereitstellen.<\/p>\n<p>Website: <a href=\"https:\/\/world-widemovers.com\/honolulu-hawaii-moving-company\/\" target=\"_blank\" rel=\"noopener\">https:\/\/world-widemovers.com\/honolulu-hawaii-moving-company\/<\/a><\/p>","protected":false},"excerpt":{"rendered":"<p>Planning a move locally or long distance can be complicated and stressful so involving a moving company to take on some of the roles can really help. Below we have compiled a list of Honolulu based removal companies that are members of the International Association of Movers (IAM) and\/or FIDI Accredited International Mover (FAIM) who [&hellip;]<\/p>\n","protected":false},"author":4,"featured_media":11354,"parent":190,"menu_order":0,"comment_status":"closed","ping_status":"closed","template":"","meta":{"_genesis_hide_title":false,"_genesis_hide_breadcrumbs":false,"_genesis_hide_singular_image":false,"_genesis_hide_footer_widgets":false,"_genesis_custom_body_class":"","_genesis_custom_post_class":"","_genesis_layout":"","footnotes":""},"class_list":{"0":"post-11574","1":"page","2":"type-page","3":"status-publish","4":"has-post-thumbnail","6":"entry"},"_links":{"self":[{"href":"https:\/\/moverdb.com\/de\/wp-json\/wp\/v2\/pages\/11574","targetHints":{"allow":["GET"]}}],"collection":[{"href":"https:\/\/moverdb.com\/de\/wp-json\/wp\/v2\/pages"}],"about":[{"href":"https:\/\/moverdb.com\/de\/wp-json\/wp\/v2\/types\/page"}],"author":[{"embeddable":true,"href":"https:\/\/moverdb.com\/de\/wp-json\/wp\/v2\/users\/4"}],"replies":[{"embeddable":true,"href":"https:\/\/moverdb.com\/de\/wp-json\/wp\/v2\/comments?post=11574"}],"version-history":[{"count":1,"href":"https:\/\/moverdb.com\/de\/wp-json\/wp\/v2\/pages\/11574\/revisions"}],"predecessor-version":[{"id":11575,"href":"https:\/\/moverdb.com\/de\/wp-json\/wp\/v2\/pages\/11574\/revisions\/11575"}],"up":[{"embeddable":true,"href":"https:\/\/moverdb.com\/de\/wp-json\/wp\/v2\/pages\/190"}],"wp:featuredmedia":[{"embeddable":true,"href":"https:\/\/moverdb.com\/de\/wp-json\/wp\/v2\/media\/11354"}],"wp:attachment":[{"href":"https:\/\/moverdb.com\/de\/wp-json\/wp\/v2\/media?parent=11574"}],"curies":[{"name":"wp","href":"https:\/\/api.w.org\/{rel}","templated":true}]}}