{"id":11571,"date":"2023-11-29T10:40:47","date_gmt":"2023-11-29T10:40:47","guid":{"rendered":"https:\/\/moverdb.com\/?page_id=11571"},"modified":"2026-01-08T15:24:44","modified_gmt":"2026-01-08T15:24:44","slug":"moving-companies-us-hawaii","status":"publish","type":"page","link":"https:\/\/moverdb.com\/de\/moving-companies\/moving-companies-us-hawaii\/","title":{"rendered":"Die 4 besten internationalen Umzugsunternehmen in Hawaii"},"content":{"rendered":"<p>Planen Sie einen Umzug innerhalb, nach oder von <a href=\"https:\/\/moverdb.com\/de\/moving-to-the-united-states\/moving-to-hawaii\/\" data-internallinksmanager029f6b8e52c=\"403\" title=\"Umzug nach Hawaii? 2026 Lebenshaltungskosten &amp; Umzugstipps\">Hawaii<\/a>? Eine <a href=\"https:\/\/moverdb.com\/de\/moving-companies\/\" data-internallinksmanager029f6b8e52c=\"79\" title=\"Top 25 Internationale Umzugsunternehmen Online\">Umzugsunternehmen<\/a> die Ihnen bei der Organisation, dem Packen, dem Transport und den Zollformalit\u00e4ten behilflich sind, k\u00f6nnen Ihnen den Umzug erleichtern. Im Folgenden haben wir eine Liste von Hawaiianern zusammengestellt <a href=\"https:\/\/moverdb.com\/de\/international-removals\/\" data-internallinksmanager029f6b8e52c=\"27\" title=\"36 Beste internationale Umzugsunternehmen in Gro\u00dfbritannien\">Umzugsunternehmen<\/a> die Mitglieder der <a href=\"https:\/\/moverdb.com\/de\/iam\/\" data-internallinksmanager029f6b8e52c=\"23\" title=\"International Association of Movers (IAM) erkl\u00e4rt\">Internationaler Verband der M\u00f6belspediteure<\/a> (IAM) und\/oder <a href=\"https:\/\/moverdb.com\/de\/fidi-faim\/\" data-internallinksmanager029f6b8e52c=\"16\" title=\"FIDI &amp; FAIM (FIDI Accredited International Mover) Erl\u00e4utert\">FIDI<\/a> Accredited International Mover (FAIM), die Ihnen bei Ihrem Umzug helfen k\u00f6nnen.<\/p>\n<div id=\"ez-toc-container\" class=\"ez-toc-v2_0_82_2 ez-toc-wrap-left counter-hierarchy ez-toc-counter ez-toc-transparent ez-toc-container-direction\">\n<div class=\"ez-toc-title-container\">\n<p class=\"ez-toc-title\" style=\"cursor:inherit\">Rubriken<\/p>\n<span class=\"ez-toc-title-toggle\"><a href=\"#\" class=\"ez-toc-pull-right ez-toc-btn ez-toc-btn-xs ez-toc-btn-default ez-toc-toggle\" aria-label=\"Inhaltsverzeichnis umschalten\"><span class=\"ez-toc-js-icon-con\"><span class=\"\"><span class=\"eztoc-hide\" style=\"display:none;\">Umschalten auf<\/span><span class=\"ez-toc-icon-toggle-span\"><svg style=\"fill: #999;color:#999\" xmlns=\"http:\/\/www.w3.org\/2000\/svg\" class=\"list-377408\" width=\"20px\" height=\"20px\" viewbox=\"0 0 24 24\" fill=\"none\"><path d=\"M6 6H4v2h2V6zm14 0H8v2h12V6zM4 11h2v2H4v-2zm16 0H8v2h12v-2zM4 16h2v2H4v-2zm16 0H8v2h12v-2z\" fill=\"currentColor\"><\/path><\/svg><svg style=\"fill: #999;color:#999\" class=\"arrow-unsorted-368013\" xmlns=\"http:\/\/www.w3.org\/2000\/svg\" width=\"10px\" height=\"10px\" viewbox=\"0 0 24 24\" version=\"1.2\" baseprofile=\"tiny\"><path d=\"M18.2 9.3l-6.2-6.3-6.2 6.3c-.2.2-.3.4-.3.7s.1.5.3.7c.2.2.4.3.7.3h11c.3 0 .5-.1.7-.3.2-.2.3-.5.3-.7s-.1-.5-.3-.7zM5.8 14.7l6.2 6.3 6.2-6.3c.2-.2.3-.5.3-.7s-.1-.5-.3-.7c-.2-.2-.4-.3-.7-.3h-11c-.3 0-.5.1-.7.3-.2.2-.3.5-.3.7s.1.5.3.7z\"\/><\/svg><\/span><\/span><\/span><\/a><\/span><\/div>\n<nav><ul class='ez-toc-list ez-toc-list-level-1 eztoc-toggle-hide-by-default' ><li class='ez-toc-page-1 ez-toc-heading-level-2'><a class=\"ez-toc-link ez-toc-heading-1\" href=\"https:\/\/moverdb.com\/de\/moving-companies\/moving-companies-us-hawaii\/#1_Aloha_International_Moving_Services\" >1. Aloha Internationaler Umzugsservice<\/a><\/li><li class='ez-toc-page-1 ez-toc-heading-level-2'><a class=\"ez-toc-link ez-toc-heading-2\" href=\"https:\/\/moverdb.com\/de\/moving-companies\/moving-companies-us-hawaii\/#2_Crown_World_Mobility\" >2. Crown World Mobilit\u00e4t<\/a><\/li><li class='ez-toc-page-1 ez-toc-heading-level-2'><a class=\"ez-toc-link ez-toc-heading-3\" href=\"https:\/\/moverdb.com\/de\/moving-companies\/moving-companies-us-hawaii\/#3_M_Dyer_Global\" >3. M Dyer Global<\/a><\/li><li class='ez-toc-page-1 ez-toc-heading-level-2'><a class=\"ez-toc-link ez-toc-heading-4\" href=\"https:\/\/moverdb.com\/de\/moving-companies\/moving-companies-us-hawaii\/#4_Royal_Hawaiian_Movers\" >4. Royal Hawaiian Movers<\/a><\/li><\/ul><\/nav><\/div>\n<h2><span class=\"ez-toc-section\" id=\"1_Aloha_International_Moving_Services\"><\/span><strong>1. Aloha Internationaler Umzugsservice<\/strong><span class=\"ez-toc-section-end\"><\/span><\/h2>\n<p><img loading=\"lazy\" decoding=\"async\" class=\"alignnone size-full wp-image-11253\" src=\"https:\/\/moverdb.com\/wp-content\/uploads\/Aloha-International-Moving-Services-company.png\" alt=\"Aloha International Moving Services Unternehmen\" width=\"1440\" height=\"677\" data-wp-pid=\"11253\" srcset=\"https:\/\/moverdb.com\/wp-content\/uploads\/Aloha-International-Moving-Services-company.png 1440w, https:\/\/moverdb.com\/wp-content\/uploads\/Aloha-International-Moving-Services-company-300x141.png 300w, https:\/\/moverdb.com\/wp-content\/uploads\/Aloha-International-Moving-Services-company-1024x481.png 1024w, https:\/\/moverdb.com\/wp-content\/uploads\/Aloha-International-Moving-Services-company-18x8.png 18w, https:\/\/moverdb.com\/wp-content\/uploads\/Aloha-International-Moving-Services-company-600x282.png 600w\" sizes=\"auto, (max-width: 1440px) 100vw, 1440px\" \/><\/p>\n<ul>\n<li>Lokale Umz\u00fcge<\/li>\n<li>Internationale Umz\u00fcge<\/li>\n<li>Umz\u00fcge in Wohnungen<\/li>\n<li>B\u00fcro- und Gesch\u00e4ftsumz\u00fcge<\/li>\n<li>Verpackungsservice<\/li>\n<li>Selbstverpackungsoption<\/li>\n<li>Inventarisierung der Besitzt\u00fcmer<\/li>\n<li>Dienstleistungen im Bereich Verpackung<\/li>\n<li>Organisation des Transports<\/li>\n<li>Kurz- und langfristig sichere Lagerung<\/li>\n<\/ul>\n<p>Aloha International Moving Services ist ein hawaiianisches Umzugsunternehmen mit Sitz in Kapolei. Sie sind Mitglied der IAM und verf\u00fcgen \u00fcber 28 Jahre Erfahrung, was ihnen Zugang zu einem internationalen Netzwerk von Umzugsunternehmen verschafft, die sie bei Umz\u00fcgen weltweit unterst\u00fctzen.<\/p>\n<p>Aloha International Moving Services bietet Umzugsdienstleistungen vor Ort, zwischen den Inseln und zum Festland an. <a href=\"https:\/\/moverdb.com\/de\/moving-to-the-united-states\/\" data-internallinksmanager029f6b8e52c=\"94\" title=\"Umzug in die Vereinigten Staaten? 2026 Lebenshaltungskosten &amp; Umzugstipps\">US<\/a> und international f\u00fcr Privat- und Gesch\u00e4ftskunden. Sie bieten eine Auswahl an Verpackungsdienstleistungen an, die einen kompletten Verpackungsservice oder eine eigene Verpackung mit bereitgestellten Kartons umfassen. Ihr Verpackungsservice umfasst das Einpacken, die Demontage und den Wiederaufbau von M\u00f6beln und das Auspacken sowie die Erstellung eines Inventars Ihrer Besitzt\u00fcmer.<\/p>\n<p>Website: <a href=\"http:\/\/www.hawaiimovers.com\" target=\"_blank\" rel=\"noopener\">http:\/\/www.hawaiimovers.com<\/a><\/p>\n<h2><span class=\"ez-toc-section\" id=\"2_Crown_World_Mobility\"><\/span><strong>2. Crown World Mobilit\u00e4t<\/strong><span class=\"ez-toc-section-end\"><\/span><\/h2>\n<p><img loading=\"lazy\" decoding=\"async\" class=\"alignnone size-full wp-image-11299\" src=\"https:\/\/moverdb.com\/wp-content\/uploads\/Crown-World-Mobility-international-moving-company.png\" alt=\"Crown World Mobility Internationales Umzugsunternehmen\" width=\"1440\" height=\"675\" data-wp-pid=\"11299\" srcset=\"https:\/\/moverdb.com\/wp-content\/uploads\/Crown-World-Mobility-international-moving-company.png 1440w, https:\/\/moverdb.com\/wp-content\/uploads\/Crown-World-Mobility-international-moving-company-300x141.png 300w, https:\/\/moverdb.com\/wp-content\/uploads\/Crown-World-Mobility-international-moving-company-1024x480.png 1024w, https:\/\/moverdb.com\/wp-content\/uploads\/Crown-World-Mobility-international-moving-company-18x8.png 18w, https:\/\/moverdb.com\/wp-content\/uploads\/Crown-World-Mobility-international-moving-company-600x281.png 600w\" sizes=\"auto, (max-width: 1440px) 100vw, 1440px\" \/><\/p>\n<ul>\n<li>Lokale Umz\u00fcge<\/li>\n<li>Internationale Umz\u00fcge<\/li>\n<li>Umz\u00fcge von Mitarbeitern<\/li>\n<li>Unterst\u00fctzung bei der Vorplanung<\/li>\n<li>Umfassender Service<\/li>\n<li>Selbstbedienungsoptionen<\/li>\n<li>Dienstleistungen zur Wohnungssuche<\/li>\n<li>Unterst\u00fctzung bei der Einwanderung<\/li>\n<li>Visa und Genehmigungen<\/li>\n<li>Tracking-Einrichtungen<\/li>\n<\/ul>\n<p>Crown World Mobility ist ein internationales Umzugsunternehmen mit Sitz in Mililani Hawaii und 79 Niederlassungen in der ganzen Welt. Das Unternehmen hat eine Reihe von Abteilungen, die sich mit verschiedenen Aspekten von Umz\u00fcgen und Logistik befassen. Sie verf\u00fcgen \u00fcber ein sorgf\u00e4ltig verwaltetes Lieferantennetz, das sie unterst\u00fctzt. Das Unternehmen ist Mitglied der IAM und kann auf 44 Jahre Erfahrung zur\u00fcckblicken.<\/p>\n<p>Crown World Mobility ist darauf spezialisiert, Unternehmen mit Mobilit\u00e4tsdienstleistungen f\u00fcr ihre Mitarbeiter zu unterst\u00fctzen. Crown World Mobility bietet umfassende Beratung und Programmgestaltung, um Unternehmen mit der Unterst\u00fctzung ihrer Mobilit\u00e4tsteams bei der Umsetzung der Pl\u00e4ne zu helfen. Sie k\u00f6nnen auch bei der Einwanderung und der Wohnungssuche helfen.<\/p>\n<p>Website: <a href=\"https:\/\/www.crownworldmobility.com\/en-us\" target=\"_blank\" rel=\"noopener\">https:\/\/www.crownworldmobility.com\/en-us<\/a><\/p>\n<h2><span class=\"ez-toc-section\" id=\"3_M_Dyer_Global\"><\/span><strong>3. M Dyer Global<\/strong><span class=\"ez-toc-section-end\"><\/span><\/h2>\n<p><img loading=\"lazy\" decoding=\"async\" class=\"alignnone size-full wp-image-11368\" src=\"https:\/\/moverdb.com\/wp-content\/uploads\/M-Dyer-Global-international-moving-company.png\" alt=\"M Dyer Internationales Umzugsunternehmen\" width=\"1440\" height=\"680\" data-wp-pid=\"11368\" srcset=\"https:\/\/moverdb.com\/wp-content\/uploads\/M-Dyer-Global-international-moving-company.png 1440w, https:\/\/moverdb.com\/wp-content\/uploads\/M-Dyer-Global-international-moving-company-300x142.png 300w, https:\/\/moverdb.com\/wp-content\/uploads\/M-Dyer-Global-international-moving-company-1024x484.png 1024w, https:\/\/moverdb.com\/wp-content\/uploads\/M-Dyer-Global-international-moving-company-18x9.png 18w, https:\/\/moverdb.com\/wp-content\/uploads\/M-Dyer-Global-international-moving-company-600x283.png 600w\" sizes=\"auto, (max-width: 1440px) 100vw, 1440px\" \/><\/p>\n<ul>\n<li>Lokale und interinsulare Umz\u00fcge<\/li>\n<li>Internationale Umz\u00fcge<\/li>\n<li>Umz\u00fcge von Haushalten<\/li>\n<li>B\u00fcro- und Industrieverlagerungen<\/li>\n<li>Verpackungsservice<\/li>\n<li>Transport per Lkw, Flugzeug und Schiff<\/li>\n<li>Auswahl an Containeroptionen<\/li>\n<li>Zollabfertigung<\/li>\n<li>Versicherung<\/li>\n<li>Kurz- und Langzeitlagerung<\/li>\n<\/ul>\n<p>M Dyer Global ist ein 1958 in Honolulu gegr\u00fcndetes Unternehmen f\u00fcr Umz\u00fcge, Lagerung und Logistik. Das Unternehmen arbeitet mit \u00fcber 500 hochqualifizierten Agenten auf der ganzen Welt zusammen, mit denen es Partnerschaften eingeht, um seine Dienstleistungen international anzubieten. Das Unternehmen ist Mitglied der IAM mit 55 Jahren Erfahrung und ist von der FIDI akkreditiert.<\/p>\n<p>M Dyer Global bietet eine erste Besichtigung an, um Ihren Umzugsbedarf zu ermitteln und Ihnen ein Angebot zu unterbreiten. Sie bieten einen professionellen Verpackungsservice mit geschulten Packern, die Ihr Hab und Gut sicher f\u00fcr den Transport verpacken und verpacken. Sie arrangieren den Transport auf dem Land-, Luft- und Seeweg, wobei Sie die Wahl zwischen vollen und weniger vollen Containerladungen haben.<\/p>\n<p>Website: <a href=\"https:\/\/www.mdyerglobal.com\/\" target=\"_blank\" rel=\"noopener\">https:\/\/www.mdyerglobal.com\/<\/a><\/p>\n<h2><span class=\"ez-toc-section\" id=\"4_Royal_Hawaiian_Movers\"><\/span><strong>4. Royal Hawaiian Movers<\/strong><span class=\"ez-toc-section-end\"><\/span><\/h2>\n<p><img loading=\"lazy\" decoding=\"async\" class=\"alignnone size-full wp-image-11429\" src=\"https:\/\/moverdb.com\/wp-content\/uploads\/Royal-Hawaiian-Movers-international-moving-company.png\" alt=\"Royal Hawaiian Movers internationales Umzugsunternehmen\" width=\"1440\" height=\"683\" data-wp-pid=\"11429\" srcset=\"https:\/\/moverdb.com\/wp-content\/uploads\/Royal-Hawaiian-Movers-international-moving-company.png 1440w, https:\/\/moverdb.com\/wp-content\/uploads\/Royal-Hawaiian-Movers-international-moving-company-300x142.png 300w, https:\/\/moverdb.com\/wp-content\/uploads\/Royal-Hawaiian-Movers-international-moving-company-1024x486.png 1024w, https:\/\/moverdb.com\/wp-content\/uploads\/Royal-Hawaiian-Movers-international-moving-company-18x9.png 18w, https:\/\/moverdb.com\/wp-content\/uploads\/Royal-Hawaiian-Movers-international-moving-company-600x285.png 600w\" sizes=\"auto, (max-width: 1440px) 100vw, 1440px\" \/><\/p>\n<ul>\n<li>Lokale und interinsulare Umz\u00fcge<\/li>\n<li>Internationale Umz\u00fcge<\/li>\n<li>Umz\u00fcge in Wohnungen<\/li>\n<li>Unternehmen bewegt sich<\/li>\n<li>Umz\u00fcge von Mitarbeitern<\/li>\n<li>Pers\u00f6nlicher Service<\/li>\n<li>Verpackungsservice<\/li>\n<li>Vorkehrungen f\u00fcr den Transport<\/li>\n<li>Fahrzeugtransport<\/li>\n<li>Lagereinrichtungen<\/li>\n<\/ul>\n<p>Royal Hawaiian Movers ist ein 1982 gegr\u00fcndetes Transport- und Umzugsunternehmen, das auf allen vier Hawaii-Inseln vertreten ist. Sie sind Teil der DeWitt Companies Gruppe, die ihnen Zugang zu einem gr\u00f6\u00dferen Netzwerk von Umzugsunternehmen bietet. Das Unternehmen ist Mitglied der IAM und verf\u00fcgt \u00fcber 41 Jahre Erfahrung.<\/p>\n<p>Royal Hawaiian Movers bietet einen pers\u00f6nlichen Service mit einer virtuellen oder pers\u00f6nlichen Besichtigung, um Ihre Umzugsanforderungen zu ermitteln und ein ma\u00dfgeschneidertes Angebot zu erstellen, das Ihren Bed\u00fcrfnissen und Ihrem Budget entspricht. Sie werden Sie w\u00e4hrend Ihres gesamten Umzugs begleiten und unterst\u00fctzen, um den Prozess zu vereinfachen, der das Ein- und Auspacken, den Ab- und Wiederaufbau von M\u00f6beln und den Transport Ihrer Sachen zu Ihrem Zielort umfasst.<\/p>\n<p>Website: <a href=\"http:\/\/royalhawaiianmovers.com\/\" target=\"_blank\" rel=\"noopener\">http:\/\/royalhawaiianmovers.com\/<\/a><\/p>","protected":false},"excerpt":{"rendered":"<p>Are you planning on moving within, to or from Hawaii? Getting a moving company to assist you with organisation, packing, transportation and customs arrangements can aid you in making the move easier. Below we have compiled a list of Hawaiian removal companies that are members of the International Association of Movers (IAM) and\/or FIDI Accredited [&hellip;]<\/p>\n","protected":false},"author":4,"featured_media":11253,"parent":190,"menu_order":0,"comment_status":"closed","ping_status":"closed","template":"","meta":{"_genesis_hide_title":false,"_genesis_hide_breadcrumbs":false,"_genesis_hide_singular_image":false,"_genesis_hide_footer_widgets":false,"_genesis_custom_body_class":"","_genesis_custom_post_class":"","_genesis_layout":"","footnotes":""},"class_list":{"0":"post-11571","1":"page","2":"type-page","3":"status-publish","4":"has-post-thumbnail","6":"entry"},"_links":{"self":[{"href":"https:\/\/moverdb.com\/de\/wp-json\/wp\/v2\/pages\/11571","targetHints":{"allow":["GET"]}}],"collection":[{"href":"https:\/\/moverdb.com\/de\/wp-json\/wp\/v2\/pages"}],"about":[{"href":"https:\/\/moverdb.com\/de\/wp-json\/wp\/v2\/types\/page"}],"author":[{"embeddable":true,"href":"https:\/\/moverdb.com\/de\/wp-json\/wp\/v2\/users\/4"}],"replies":[{"embeddable":true,"href":"https:\/\/moverdb.com\/de\/wp-json\/wp\/v2\/comments?post=11571"}],"version-history":[{"count":1,"href":"https:\/\/moverdb.com\/de\/wp-json\/wp\/v2\/pages\/11571\/revisions"}],"predecessor-version":[{"id":11573,"href":"https:\/\/moverdb.com\/de\/wp-json\/wp\/v2\/pages\/11571\/revisions\/11573"}],"up":[{"embeddable":true,"href":"https:\/\/moverdb.com\/de\/wp-json\/wp\/v2\/pages\/190"}],"wp:featuredmedia":[{"embeddable":true,"href":"https:\/\/moverdb.com\/de\/wp-json\/wp\/v2\/media\/11253"}],"wp:attachment":[{"href":"https:\/\/moverdb.com\/de\/wp-json\/wp\/v2\/media?parent=11571"}],"curies":[{"name":"wp","href":"https:\/\/api.w.org\/{rel}","templated":true}]}}