{"id":11566,"date":"2023-11-29T10:45:44","date_gmt":"2023-11-29T10:45:44","guid":{"rendered":"https:\/\/moverdb.com\/?page_id=11566"},"modified":"2026-01-08T15:25:07","modified_gmt":"2026-01-08T15:25:07","slug":"moving-companies-us-georgia","status":"publish","type":"page","link":"https:\/\/moverdb.com\/de\/moving-companies\/moving-companies-us-georgia\/","title":{"rendered":"Die 5 besten internationalen Umzugsunternehmen in Georgia"},"content":{"rendered":"<p>Bei einem Umzug gibt es viel zu tun: Planung und Organisation des Umzugs, Auswahl eines Transportunternehmens, Verpacken des Umzugsguts und bei einem Umzug ins Ausland auch die Zollabwicklung. Viele dieser T\u00e4tigkeiten k\u00f6nnen von einem <a href=\"https:\/\/moverdb.com\/de\/moving-companies\/\" data-internallinksmanager029f6b8e52c=\"79\" title=\"Top 25 Internationale Umzugsunternehmen Online\">Umzugsunternehmen<\/a>. Nachfolgend haben wir eine Liste zusammengestellt mit <a href=\"https:\/\/moverdb.com\/de\/moving-to-the-united-states\/moving-to-georgia\/\" data-internallinksmanager029f6b8e52c=\"402\" title=\"Umzug nach Georgia? 2026 Lebenshaltungskosten &amp; Umzugstipps\">Georgien<\/a> basiert <a href=\"https:\/\/moverdb.com\/de\/international-removals\/\" data-internallinksmanager029f6b8e52c=\"27\" title=\"36 Beste internationale Umzugsunternehmen in Gro\u00dfbritannien\">Umzugsunternehmen<\/a> die Mitglieder der <a href=\"https:\/\/moverdb.com\/de\/iam\/\" data-internallinksmanager029f6b8e52c=\"23\" title=\"International Association of Movers (IAM) erkl\u00e4rt\">Internationaler Verband der M\u00f6belspediteure<\/a> (IAM) und\/oder <a href=\"https:\/\/moverdb.com\/de\/fidi-faim\/\" data-internallinksmanager029f6b8e52c=\"16\" title=\"FIDI &amp; FAIM (FIDI Accredited International Mover) Erl\u00e4utert\">FIDI<\/a> Accredited International Mover (FAIM), die Ihnen bei Ihrem Umzug helfen k\u00f6nnen.<\/p>\n<div id=\"ez-toc-container\" class=\"ez-toc-v2_0_82_2 ez-toc-wrap-left counter-hierarchy ez-toc-counter ez-toc-transparent ez-toc-container-direction\">\n<div class=\"ez-toc-title-container\">\n<p class=\"ez-toc-title\" style=\"cursor:inherit\">Rubriken<\/p>\n<span class=\"ez-toc-title-toggle\"><a href=\"#\" class=\"ez-toc-pull-right ez-toc-btn ez-toc-btn-xs ez-toc-btn-default ez-toc-toggle\" aria-label=\"Inhaltsverzeichnis umschalten\"><span class=\"ez-toc-js-icon-con\"><span class=\"\"><span class=\"eztoc-hide\" style=\"display:none;\">Umschalten auf<\/span><span class=\"ez-toc-icon-toggle-span\"><svg style=\"fill: #999;color:#999\" xmlns=\"http:\/\/www.w3.org\/2000\/svg\" class=\"list-377408\" width=\"20px\" height=\"20px\" viewbox=\"0 0 24 24\" fill=\"none\"><path d=\"M6 6H4v2h2V6zm14 0H8v2h12V6zM4 11h2v2H4v-2zm16 0H8v2h12v-2zM4 16h2v2H4v-2zm16 0H8v2h12v-2z\" fill=\"currentColor\"><\/path><\/svg><svg style=\"fill: #999;color:#999\" class=\"arrow-unsorted-368013\" xmlns=\"http:\/\/www.w3.org\/2000\/svg\" width=\"10px\" height=\"10px\" viewbox=\"0 0 24 24\" version=\"1.2\" baseprofile=\"tiny\"><path d=\"M18.2 9.3l-6.2-6.3-6.2 6.3c-.2.2-.3.4-.3.7s.1.5.3.7c.2.2.4.3.7.3h11c.3 0 .5-.1.7-.3.2-.2.3-.5.3-.7s-.1-.5-.3-.7zM5.8 14.7l6.2 6.3 6.2-6.3c.2-.2.3-.5.3-.7s-.1-.5-.3-.7c-.2-.2-.4-.3-.7-.3h-11c-.3 0-.5.1-.7.3-.2.2-.3.5-.3.7s.1.5.3.7z\"\/><\/svg><\/span><\/span><\/span><\/a><\/span><\/div>\n<nav><ul class='ez-toc-list ez-toc-list-level-1 eztoc-toggle-hide-by-default' ><li class='ez-toc-page-1 ez-toc-heading-level-2'><a class=\"ez-toc-link ez-toc-heading-1\" href=\"https:\/\/moverdb.com\/de\/moving-companies\/moving-companies-us-georgia\/#1_A1_Freeman_Moving_Group\" >1. A1 Freeman Moving Group<\/a><\/li><li class='ez-toc-page-1 ez-toc-heading-level-2'><a class=\"ez-toc-link ez-toc-heading-2\" href=\"https:\/\/moverdb.com\/de\/moving-companies\/moving-companies-us-georgia\/#2_Atlantic_Relocation_Systems\" >2. Atlantische Verlagerungssysteme<\/a><\/li><li class='ez-toc-page-1 ez-toc-heading-level-2'><a class=\"ez-toc-link ez-toc-heading-3\" href=\"https:\/\/moverdb.com\/de\/moving-companies\/moving-companies-us-georgia\/#3_Armstrong\" >3. Armstrong<\/a><\/li><li class='ez-toc-page-1 ez-toc-heading-level-2'><a class=\"ez-toc-link ez-toc-heading-4\" href=\"https:\/\/moverdb.com\/de\/moving-companies\/moving-companies-us-georgia\/#4_Beltmann_Moving_Storage\" >4. Beltmann Umzug &amp; Lagerung<\/a><\/li><li class='ez-toc-page-1 ez-toc-heading-level-2'><a class=\"ez-toc-link ez-toc-heading-5\" href=\"https:\/\/moverdb.com\/de\/moving-companies\/moving-companies-us-georgia\/#5_Hilldrup\" >5. Hilldrup<\/a><\/li><\/ul><\/nav><\/div>\n<h2><span class=\"ez-toc-section\" id=\"1_A1_Freeman_Moving_Group\"><\/span><strong>1. A1 Freeman Moving Group<\/strong><span class=\"ez-toc-section-end\"><\/span><\/h2>\n<p><img loading=\"lazy\" decoding=\"async\" class=\"alignnone size-full wp-image-11236\" src=\"https:\/\/moverdb.com\/wp-content\/uploads\/A1-Freeman-Moving-Group-international-moving-company.png\" alt=\"A1 Freeman Moving Group internationales Umzugsunternehmen\" width=\"1440\" height=\"675\" data-wp-pid=\"11236\" srcset=\"https:\/\/moverdb.com\/wp-content\/uploads\/A1-Freeman-Moving-Group-international-moving-company.png 1440w, https:\/\/moverdb.com\/wp-content\/uploads\/A1-Freeman-Moving-Group-international-moving-company-300x141.png 300w, https:\/\/moverdb.com\/wp-content\/uploads\/A1-Freeman-Moving-Group-international-moving-company-1024x480.png 1024w, https:\/\/moverdb.com\/wp-content\/uploads\/A1-Freeman-Moving-Group-international-moving-company-18x8.png 18w, https:\/\/moverdb.com\/wp-content\/uploads\/A1-Freeman-Moving-Group-international-moving-company-600x281.png 600w\" sizes=\"auto, (max-width: 1440px) 100vw, 1440px\" \/><\/p>\n<ul>\n<li>Umz\u00fcge im Nah- und Fernverkehr<\/li>\n<li>Internationale Umz\u00fcge<\/li>\n<li>Umz\u00fcge im Haushalt<\/li>\n<li>Betriebsverlagerungen<\/li>\n<li>Ma\u00dfgeschneiderte Dienstleistungen<\/li>\n<li>Beraterin f\u00fcr Kundenservice<\/li>\n<li>Verpackungsservice<\/li>\n<li>Vorkehrungen f\u00fcr den Transport<\/li>\n<li>Unterst\u00fctzung durch den Zoll<\/li>\n<li>Umzugs-Concierge f\u00fcr die Nachbereitung des Umzugs<\/li>\n<\/ul>\n<p>A1 Freeman Moving Group ist ein Umzugs- und Transportunternehmen, das seit 1974 t\u00e4tig ist und seinen Sitz in <a href=\"https:\/\/moverdb.com\/de\/moving-to-atlanta\/\" data-internallinksmanager029f6b8e52c=\"32\" title=\"Umzug nach Atlanta? 2026 Lebenshaltungskosten &amp; Umzugstipps\">Atlanta<\/a>. Es handelt sich um ein Netzwerk von Transportfachleuten, die Umzugsdienstleistungen auf lokaler, nationaler und internationaler Ebene erbringen k\u00f6nnen. Sie sind Mitglied der IAM und verf\u00fcgen \u00fcber 33 Jahre Erfahrung.<\/p>\n<p>Die A1 Freeman Moving Group bietet vor dem Umzug eine Beratung durch einen ihrer Vertreter an, der Sie durch den Prozess f\u00fchrt und bei der Planung Ihres Umzugs hilft. Sie ernennen einen Kundendienstberater, der sich um jeden Schritt Ihres Umzugs k\u00fcmmert. Sie erstellen einen Umzugsplan, der das Verpacken, die Anlieferung, den Zoll und die Eingew\u00f6hnung umfasst.<\/p>\n<p>Website: <a href=\"http:\/\/www.a1freemanatlanta.com\/\" target=\"_blank\" rel=\"noopener\">http:\/\/www.a1freemanatlanta.com\/<\/a><\/p>\n<h2><span class=\"ez-toc-section\" id=\"2_Atlantic_Relocation_Systems\"><\/span><strong>2. Atlantische Verlagerungssysteme<\/strong><span class=\"ez-toc-section-end\"><\/span><\/h2>\n<p><img loading=\"lazy\" decoding=\"async\" class=\"alignnone size-full wp-image-11262\" src=\"https:\/\/moverdb.com\/wp-content\/uploads\/Atlantic-Relocation-Systems-international-moving-company.png\" alt=\"Atlantic Relocation Systems internationales Umzugsunternehmen\" width=\"1440\" height=\"677\" data-wp-pid=\"11262\" srcset=\"https:\/\/moverdb.com\/wp-content\/uploads\/Atlantic-Relocation-Systems-international-moving-company.png 1440w, https:\/\/moverdb.com\/wp-content\/uploads\/Atlantic-Relocation-Systems-international-moving-company-300x141.png 300w, https:\/\/moverdb.com\/wp-content\/uploads\/Atlantic-Relocation-Systems-international-moving-company-1024x481.png 1024w, https:\/\/moverdb.com\/wp-content\/uploads\/Atlantic-Relocation-Systems-international-moving-company-18x8.png 18w, https:\/\/moverdb.com\/wp-content\/uploads\/Atlantic-Relocation-Systems-international-moving-company-600x282.png 600w\" sizes=\"auto, (max-width: 1440px) 100vw, 1440px\" \/><\/p>\n<ul>\n<li>Umz\u00fcge im Nah- und Fernverkehr<\/li>\n<li>Internationale Umz\u00fcge<\/li>\n<li>Umz\u00fcge in Wohnungen<\/li>\n<li>B\u00fcroumz\u00fcge<\/li>\n<li>Umzugskoordinator<\/li>\n<li>Verpackungsservice<\/li>\n<li>Transport auf der Stra\u00dfe, zur See und in der Luft<\/li>\n<li>Unterst\u00fctzung bei der Dokumentation<\/li>\n<li>Versand von Kunstwerken<\/li>\n<li>Lagereinrichtung<\/li>\n<\/ul>\n<p>Atlantic Relocation Systems ist ein internationales Umzugsunternehmen, das 1984 gegr\u00fcndet wurde und 13 Niederlassungen in den USA hat. <a href=\"https:\/\/moverdb.com\/de\/moving-to-the-united-states\/\" data-internallinksmanager029f6b8e52c=\"94\" title=\"Umzug in die Vereinigten Staaten? 2026 Lebenshaltungskosten &amp; Umzugstipps\">US<\/a> mit einem in Atlanta. Sie sind ein Unternehmen der Atlas Van Lines, was ihnen eine fl\u00e4chendeckende Versorgung in den USA erm\u00f6glicht und sie haben Zugang zu internationalen Netzwerken, die sie unterst\u00fctzen. Das Unternehmen ist Mitglied der IAM und verf\u00fcgt \u00fcber 52 Jahre Erfahrung.<\/p>\n<p>Atlantic Relocation Systems stellt internationalen Umzugsunternehmen einen internationalen Umzugskoordinator zur Seite, der Sie w\u00e4hrend Ihres gesamten Umzugs unterst\u00fctzt. F\u00fcr lokale Umz\u00fcge wird ein kostenloser Kostenvoranschlag bei Ihnen zu Hause erstellt. Sie bieten einen Verpackungsservice an, um Ihr Hab und Gut w\u00e4hrend des Transports auf dem Land-, See- oder Luftweg zu sch\u00fctzen, und unterst\u00fctzen Sie beim Ausf\u00fcllen der Unterlagen.<\/p>\n<p>Website: <a href=\"https:\/\/www.atlanticrelocation.com\/\" target=\"_blank\" rel=\"noopener\">https:\/\/www.atlanticrelocation.com\/<\/a><\/p>\n<h2><span class=\"ez-toc-section\" id=\"3_Armstrong\"><\/span><strong>3. Armstrong<\/strong><span class=\"ez-toc-section-end\"><\/span><\/h2>\n<p><img loading=\"lazy\" decoding=\"async\" class=\"alignnone size-full wp-image-11261\" src=\"https:\/\/moverdb.com\/wp-content\/uploads\/Armstrong-international-moving-company.png\" alt=\"Armstrong Internationales Umzugsunternehmen\" width=\"1440\" height=\"676\" data-wp-pid=\"11261\" srcset=\"https:\/\/moverdb.com\/wp-content\/uploads\/Armstrong-international-moving-company.png 1440w, https:\/\/moverdb.com\/wp-content\/uploads\/Armstrong-international-moving-company-300x141.png 300w, https:\/\/moverdb.com\/wp-content\/uploads\/Armstrong-international-moving-company-1024x481.png 1024w, https:\/\/moverdb.com\/wp-content\/uploads\/Armstrong-international-moving-company-18x8.png 18w, https:\/\/moverdb.com\/wp-content\/uploads\/Armstrong-international-moving-company-600x282.png 600w\" sizes=\"auto, (max-width: 1440px) 100vw, 1440px\" \/><\/p>\n<ul>\n<li>Umz\u00fcge im Nah- und Fernverkehr<\/li>\n<li>Internationale Umz\u00fcge<\/li>\n<li>Umz\u00fcge in Wohnungen<\/li>\n<li>B\u00fcroumz\u00fcge<\/li>\n<li>Umz\u00fcge von Mitarbeitern<\/li>\n<li>Optionen f\u00fcr die Verpackung<\/li>\n<li>Luft-, See- und Landtransport<\/li>\n<li>Zollabfertigung<\/li>\n<li>Dienstleistungen am Zielort<\/li>\n<li>Kurz- und Langzeitlagerung<\/li>\n<\/ul>\n<p>Armstrong ist ein Umzugs-, Relocation- und Logistikunternehmen mit 32 Standorten im ganzen Land, darunter ein Standort in Atlanta. Das Unternehmen verf\u00fcgt \u00fcber ein Netz von Partnern und angeschlossenen Unternehmen, die es bei der Erbringung seiner Dienstleistungen auf internationaler Ebene unterst\u00fctzen. Das Unternehmen ist Mitglied von IAM und verf\u00fcgt \u00fcber 38 Jahre Erfahrung und ist von FIDI akkreditiert.<\/p>\n<p>Armstrong bietet Umzugsmanagement-Services an, die einen kompletten oder teilweisen Einpack- und Auspackservice umfassen, der auch Kisten und Spezialverpackungen sowie den Schutz Ihres Eigentums w\u00e4hrend des Umzugs einschlie\u00dfen kann. Sie organisieren den Transport mit Zollabfertigung. Zu den weiteren Dienstleistungen geh\u00f6ren kulturelle Schulungen, Verkauf und Vermietung von Wohnungen sowie Lagerungsm\u00f6glichkeiten.<\/p>\n<p>Website: <a href=\"https:\/\/www.armstrongrelocation.com\/\" target=\"_blank\" rel=\"noopener\">https:\/\/www.armstrongrelocation.com\/<\/a><\/p>\n<h2><span class=\"ez-toc-section\" id=\"4_Beltmann_Moving_Storage\"><\/span><strong>4. Beltmann Umzug &amp; Lagerung<\/strong><span class=\"ez-toc-section-end\"><\/span><\/h2>\n<p><img loading=\"lazy\" decoding=\"async\" class=\"alignnone size-full wp-image-11269\" src=\"https:\/\/moverdb.com\/wp-content\/uploads\/Beltmann-Relocation-Group-international-moving-company.png\" alt=\"Beltmann Relocation Group internationales Umzugsunternehmen\" width=\"1440\" height=\"682\" data-wp-pid=\"11269\" srcset=\"https:\/\/moverdb.com\/wp-content\/uploads\/Beltmann-Relocation-Group-international-moving-company.png 1440w, https:\/\/moverdb.com\/wp-content\/uploads\/Beltmann-Relocation-Group-international-moving-company-300x142.png 300w, https:\/\/moverdb.com\/wp-content\/uploads\/Beltmann-Relocation-Group-international-moving-company-1024x485.png 1024w, https:\/\/moverdb.com\/wp-content\/uploads\/Beltmann-Relocation-Group-international-moving-company-18x9.png 18w, https:\/\/moverdb.com\/wp-content\/uploads\/Beltmann-Relocation-Group-international-moving-company-600x284.png 600w\" sizes=\"auto, (max-width: 1440px) 100vw, 1440px\" \/><\/p>\n<ul>\n<li>Umz\u00fcge im Nah- und Fernverkehr<\/li>\n<li>Internationale Umz\u00fcge<\/li>\n<li>Umz\u00fcge in Wohnungen<\/li>\n<li>B\u00fcroumz\u00fcge<\/li>\n<li>Unternehmensverlagerungen<\/li>\n<li>Anpassbare Dienstleistungen<\/li>\n<li>Berater umziehen<\/li>\n<li>Verpackungsservice<\/li>\n<li>Vorkehrungen f\u00fcr den Transport<\/li>\n<li>Sichere Lagerung<\/li>\n<\/ul>\n<p>Beltmann Moving &amp; Storage ist ein 1923 gegr\u00fcndetes Umzugsunternehmen mit 11 Standorten in den USA, darunter Atlanta. Sie sind mit North American Van Lines verbunden, was ihnen eine gr\u00f6\u00dfere Abdeckung sowie internationale Netzwerke bietet. Das Unternehmen ist Mitglied der IAM und kann auf 24 Jahre Erfahrung zur\u00fcckblicken.<\/p>\n<p>Beltmann Moving &amp; Storage bietet individuell anpassbare Pakete, so dass Sie nur f\u00fcr die Dienstleistungen zahlen, die Sie ben\u00f6tigen, und hilft Ihnen, Ihr Budget einzuhalten. Das Unternehmen bietet pers\u00f6nliche Unterst\u00fctzung und All-inclusive-Pakete, die sich um alles k\u00fcmmern k\u00f6nnen, oder Sie k\u00f6nnen einzelne Dienstleistungen w\u00e4hlen. Ihr Umzugsberater organisiert Ihren Umzug einschlie\u00dflich Verpackung und Transport zu Ihrem Zielort.<\/p>\n<p>Website: <a href=\"http:\/\/www.beltmann.com\/\" target=\"_blank\" rel=\"noopener\">http:\/\/www.beltmann.com\/<\/a><\/p>\n<h2><span class=\"ez-toc-section\" id=\"5_Hilldrup\"><\/span><strong>5. Hilldrup<\/strong><span class=\"ez-toc-section-end\"><\/span><\/h2>\n<p><img loading=\"lazy\" decoding=\"async\" class=\"alignnone size-full wp-image-11339\" src=\"https:\/\/moverdb.com\/wp-content\/uploads\/Hilldrup-international-moving-company.png\" alt=\"Hilldrup internationales Umzugsunternehmen\" width=\"1440\" height=\"674\" data-wp-pid=\"11339\" srcset=\"https:\/\/moverdb.com\/wp-content\/uploads\/Hilldrup-international-moving-company.png 1440w, https:\/\/moverdb.com\/wp-content\/uploads\/Hilldrup-international-moving-company-300x140.png 300w, https:\/\/moverdb.com\/wp-content\/uploads\/Hilldrup-international-moving-company-1024x479.png 1024w, https:\/\/moverdb.com\/wp-content\/uploads\/Hilldrup-international-moving-company-18x8.png 18w, https:\/\/moverdb.com\/wp-content\/uploads\/Hilldrup-international-moving-company-600x281.png 600w\" sizes=\"auto, (max-width: 1440px) 100vw, 1440px\" \/><\/p>\n<ul>\n<li>Umz\u00fcge im Nah- und Fernverkehr<\/li>\n<li>Internationale Umz\u00fcge<\/li>\n<li>Umz\u00fcge in Wohnungen<\/li>\n<li>Gesch\u00e4ftliche Umz\u00fcge<\/li>\n<li>Auswahl an Umzugspaketen<\/li>\n<li>Umzugs-Berater<\/li>\n<li>Verpackungsservice<\/li>\n<li>Modalit\u00e4ten der Bef\u00f6rderung<\/li>\n<li>Verfolgung von Updates<\/li>\n<li>Kurz- und Langzeitlagerung<\/li>\n<\/ul>\n<p>Hilldrup ist ein 1903 gegr\u00fcndetes Umzugs- und Lagerungsunternehmen mit 10 Niederlassungen im S\u00fcdosten und mittleren Atlantik der USA, darunter eine in Atlanta. Hilldrup unterh\u00e4lt internationale Partnerschaften mit f\u00fchrenden Organisationen, um seine Kunden zu unterst\u00fctzen und internationale Dienstleistungen anzubieten, darunter United Van Lines und Mayflower Transit. Das Unternehmen ist von der FIDI akkreditiert.<\/p>\n<p>Hilldrup stellt Ihnen einen Umzugsberater zur Seite, der sich um Ihren Umzug k\u00fcmmert, und bietet eine Reihe von Umzugspaketen an, die vom Heimwerker- bis zum kompletten Packservice reichen. Hilldrup bietet eine virtuelle Umzugspr\u00fcfung an, um Ihren Bedarf zu ermitteln und ein Angebot zu erstellen. Hilldrup verwendet die besten Verpackungsmaterialien, um Ihr Hab und Gut w\u00e4hrend des Transports zu sch\u00fctzen, und bietet individuelle Verpackungen und Kisten f\u00fcr zerbrechliche Gegenst\u00e4nde an.<\/p>\n<p>Website: <a href=\"https:\/\/www.hilldrup.com\/\" target=\"_blank\" rel=\"noopener\">https:\/\/www.hilldrup.com\/<\/a><\/p>","protected":false},"excerpt":{"rendered":"<p>When you are moving there is a lot to do such as planning and organising the move, selecting a transportation provider and packing your belongings, and if you are moving abroad handling customs too. Many of these activities can be completed by a moving company. Below we have compiled a list of Georgia based removal [&hellip;]<\/p>\n","protected":false},"author":4,"featured_media":11236,"parent":190,"menu_order":0,"comment_status":"closed","ping_status":"closed","template":"","meta":{"_genesis_hide_title":false,"_genesis_hide_breadcrumbs":false,"_genesis_hide_singular_image":false,"_genesis_hide_footer_widgets":false,"_genesis_custom_body_class":"","_genesis_custom_post_class":"","_genesis_layout":"","footnotes":""},"class_list":{"0":"post-11566","1":"page","2":"type-page","3":"status-publish","4":"has-post-thumbnail","6":"entry"},"_links":{"self":[{"href":"https:\/\/moverdb.com\/de\/wp-json\/wp\/v2\/pages\/11566","targetHints":{"allow":["GET"]}}],"collection":[{"href":"https:\/\/moverdb.com\/de\/wp-json\/wp\/v2\/pages"}],"about":[{"href":"https:\/\/moverdb.com\/de\/wp-json\/wp\/v2\/types\/page"}],"author":[{"embeddable":true,"href":"https:\/\/moverdb.com\/de\/wp-json\/wp\/v2\/users\/4"}],"replies":[{"embeddable":true,"href":"https:\/\/moverdb.com\/de\/wp-json\/wp\/v2\/comments?post=11566"}],"version-history":[{"count":3,"href":"https:\/\/moverdb.com\/de\/wp-json\/wp\/v2\/pages\/11566\/revisions"}],"predecessor-version":[{"id":11570,"href":"https:\/\/moverdb.com\/de\/wp-json\/wp\/v2\/pages\/11566\/revisions\/11570"}],"up":[{"embeddable":true,"href":"https:\/\/moverdb.com\/de\/wp-json\/wp\/v2\/pages\/190"}],"wp:featuredmedia":[{"embeddable":true,"href":"https:\/\/moverdb.com\/de\/wp-json\/wp\/v2\/media\/11236"}],"wp:attachment":[{"href":"https:\/\/moverdb.com\/de\/wp-json\/wp\/v2\/media?parent=11566"}],"curies":[{"name":"wp","href":"https:\/\/api.w.org\/{rel}","templated":true}]}}