{"id":11560,"date":"2023-11-29T10:28:15","date_gmt":"2023-11-29T10:28:15","guid":{"rendered":"https:\/\/moverdb.com\/?page_id=11560"},"modified":"2026-01-08T15:24:13","modified_gmt":"2026-01-08T15:24:13","slug":"moving-companies-in-el-paso-usa","status":"publish","type":"page","link":"https:\/\/moverdb.com\/de\/moving-companies\/moving-companies-in-el-paso-usa\/","title":{"rendered":"Die 3 besten internationalen Umzugsunternehmen in El Paso"},"content":{"rendered":"<p>Planen Sie einen Umzug innerhalb, nach oder von El Paso? Dann sollten Sie die Hilfe eines Umzugsunternehmens in Anspruch nehmen. <a href=\"https:\/\/moverdb.com\/de\/moving-companies\/\" data-internallinksmanager029f6b8e52c=\"79\" title=\"Top 25 Internationale Umzugsunternehmen Online\">Umzugsunternehmen<\/a> die Verpackung, den Transport und die Zollabwicklung bei internationalen Umz\u00fcgen \u00fcbernehmen, k\u00f6nnen den Stress verringern. Nachfolgend haben wir eine Liste von Unternehmen aus El Paso zusammengestellt <a href=\"https:\/\/moverdb.com\/de\/international-removals\/\" data-internallinksmanager029f6b8e52c=\"27\" title=\"36 Beste internationale Umzugsunternehmen in Gro\u00dfbritannien\">Umzugsunternehmen<\/a> die Mitglieder der <a href=\"https:\/\/moverdb.com\/de\/iam\/\" data-internallinksmanager029f6b8e52c=\"23\" title=\"International Association of Movers (IAM) erkl\u00e4rt\">Internationaler Verband der M\u00f6belspediteure<\/a> (IAM) und\/oder <a href=\"https:\/\/moverdb.com\/de\/fidi-faim\/\" data-internallinksmanager029f6b8e52c=\"16\" title=\"FIDI &amp; FAIM (FIDI Accredited International Mover) Erl\u00e4utert\">FIDI<\/a> Accredited International Mover (FAIM), die Sie bei Ihrem Umzug unterst\u00fctzen k\u00f6nnen.<\/p>\n<h2><strong>1. Deseret Internationale Spedition<\/strong><\/h2>\n<p><img loading=\"lazy\" decoding=\"async\" class=\"alignnone size-full wp-image-11305\" src=\"https:\/\/moverdb.com\/wp-content\/uploads\/Deseret-International-Forwarding-moving-company.png\" alt=\"Umzugsunternehmen Deseret International Forwarding\" width=\"1440\" height=\"676\" data-wp-pid=\"11305\" srcset=\"https:\/\/moverdb.com\/wp-content\/uploads\/Deseret-International-Forwarding-moving-company.png 1440w, https:\/\/moverdb.com\/wp-content\/uploads\/Deseret-International-Forwarding-moving-company-300x141.png 300w, https:\/\/moverdb.com\/wp-content\/uploads\/Deseret-International-Forwarding-moving-company-1024x481.png 1024w, https:\/\/moverdb.com\/wp-content\/uploads\/Deseret-International-Forwarding-moving-company-18x8.png 18w, https:\/\/moverdb.com\/wp-content\/uploads\/Deseret-International-Forwarding-moving-company-600x282.png 600w\" sizes=\"auto, (max-width: 1440px) 100vw, 1440px\" \/><\/p>\n<ul>\n<li>Internationale Umz\u00fcge<\/li>\n<li>Umz\u00fcge im Haushalt<\/li>\n<li>Firmenumz\u00fcge<\/li>\n<li>T\u00fcr-zu-T\u00fcr oder <a href=\"https:\/\/moverdb.com\/de\/top-49-container-ports\/\" data-internallinksmanager029f6b8e52c=\"80\" title=\"Top 49 der gr\u00f6\u00dften und verkehrsreichsten Containerh\u00e4fen im Jahr 2025\">Hafen<\/a>-zu-T\u00fcr-Dienst<\/li>\n<li>Pers\u00f6nlicher Umzugskoordinator<\/li>\n<li>Verpackungsservice<\/li>\n<li>Luft-, See- und Landtransport<\/li>\n<li>Online-Sendungsverfolgung<\/li>\n<li>All-Risk-Versicherung<\/li>\n<li>Sichere Lagerung<\/li>\n<\/ul>\n<p>Deseret International Forwarding ist auf die internationale Spedition von Haushaltswaren spezialisiert und hat seinen Sitz in El Paso. Das Unternehmen verf\u00fcgt \u00fcber ein zuverl\u00e4ssiges Netzwerk globaler Beziehungen zu anderen Umzugsunternehmen, um internationale Umzugsdienstleistungen anzubieten. Das Unternehmen ist Mitglied der IAM und kann auf 31 Jahre Erfahrung zur\u00fcckblicken.<\/p>\n<p>Die pers\u00f6nlichen Umzugskoordinatoren von Deseret International Forwarding unterst\u00fctzen Sie w\u00e4hrend des gesamten Umzugs und helfen Ihnen bei der Auswahl der besten Methode f\u00fcr den Umzug in Ihr neues Zuhause. Sie bieten einen T\u00fcr-zu-T\u00fcr-Service oder einen Hafen-zu-T\u00fcr-Service an, der auch das Verpacken Ihres Hab und Guts umfassen kann. Sie arrangieren den sicheren Transport Ihres Umzugsguts auf dem Luft-, See- oder Landweg.<\/p>\n<p>Website: <a href=\"http:\/\/www.deseret-intl.com\/\" target=\"_blank\" rel=\"noopener\">http:\/\/www.deseret-intl.com\/<\/a><\/p>\n<h2><strong>2. ITO<\/strong><\/h2>\n<p><img loading=\"lazy\" decoding=\"async\" class=\"alignnone size-full wp-image-11355\" src=\"https:\/\/moverdb.com\/wp-content\/uploads\/ITO-El-Paso-international-moving-company.png\" alt=\"ITO El Paso Internationales Umzugsunternehmen\" width=\"1440\" height=\"683\" data-wp-pid=\"11355\" srcset=\"https:\/\/moverdb.com\/wp-content\/uploads\/ITO-El-Paso-international-moving-company.png 1440w, https:\/\/moverdb.com\/wp-content\/uploads\/ITO-El-Paso-international-moving-company-300x142.png 300w, https:\/\/moverdb.com\/wp-content\/uploads\/ITO-El-Paso-international-moving-company-1024x486.png 1024w, https:\/\/moverdb.com\/wp-content\/uploads\/ITO-El-Paso-international-moving-company-18x9.png 18w, https:\/\/moverdb.com\/wp-content\/uploads\/ITO-El-Paso-international-moving-company-600x285.png 600w\" sizes=\"auto, (max-width: 1440px) 100vw, 1440px\" \/><\/p>\n<ul>\n<li>Nationale Umz\u00fcge<\/li>\n<li>Internationale Umz\u00fcge<\/li>\n<li>Umz\u00fcge von Haushalten<\/li>\n<li>B\u00fcroverlagerungen<\/li>\n<li>Erstberatung<\/li>\n<li>Verpackungsservice<\/li>\n<li>Vorkehrungen f\u00fcr den Transport<\/li>\n<li>Zollabfertigung<\/li>\n<li>Handwerkliche Dienstleistungen<\/li>\n<li>Sichere Lagerung<\/li>\n<\/ul>\n<p>ITO ist ein internationales Umzugsunternehmen mit Niederlassungen in den <a href=\"https:\/\/moverdb.com\/de\/moving-to-the-united-states\/\" data-internallinksmanager029f6b8e52c=\"94\" title=\"Umzug in die Vereinigten Staaten? 2026 Lebenshaltungskosten &amp; Umzugstipps\">USA<\/a>, <a href=\"https:\/\/moverdb.com\/de\/moving-to-germany\/\" data-internallinksmanager029f6b8e52c=\"321\" title=\"Umzug nach Deutschland? 2026 Lebenshaltungskosten &amp; Umzugstipps\">Deutschland<\/a> und Afrika. Ihre B\u00fcros in den USA befinden sich in El Paso, Wichita Falls und Norfolk. International arbeitet das Unternehmen mit eigenen Niederlassungen und einem Netz von internationalen Partnern. Das Unternehmen ist Mitglied der IAM und verf\u00fcgt \u00fcber 47 Jahre Erfahrung.<\/p>\n<p>ITO bietet ein erstes Beratungsgespr\u00e4ch an, um Sie auf den Umzug vorzubereiten. Sie bieten Standard- und Spezialverpackungen zum Schutz Ihres Eigentums sowie die Demontage und Montage von M\u00f6beln an. Bei Bedarf k\u00f6nnen sie auch Handwerkerdienste anbieten. Sie bieten eine Reihe von Transportm\u00f6glichkeiten an, darunter Sammelcontainer f\u00fcr einige Regionen.<\/p>\n<p>Website: <a href=\"https:\/\/www.ito-movers.de\/?lang=en\" target=\"_blank\" rel=\"noopener\">https:\/\/www.ito-movers.de\/?lang=en<\/a><\/p>\n<h2><strong>3. TIS weltweit<\/strong><\/h2>\n<p><img loading=\"lazy\" decoding=\"async\" class=\"alignnone size-full wp-image-11456\" src=\"https:\/\/moverdb.com\/wp-content\/uploads\/TIS-Worldwide-international-moving-company.png\" alt=\"TIS Worldwide internationales Umzugsunternehmen\" width=\"1440\" height=\"682\" data-wp-pid=\"11456\" srcset=\"https:\/\/moverdb.com\/wp-content\/uploads\/TIS-Worldwide-international-moving-company.png 1440w, https:\/\/moverdb.com\/wp-content\/uploads\/TIS-Worldwide-international-moving-company-300x142.png 300w, https:\/\/moverdb.com\/wp-content\/uploads\/TIS-Worldwide-international-moving-company-1024x485.png 1024w, https:\/\/moverdb.com\/wp-content\/uploads\/TIS-Worldwide-international-moving-company-18x9.png 18w, https:\/\/moverdb.com\/wp-content\/uploads\/TIS-Worldwide-international-moving-company-600x284.png 600w\" sizes=\"auto, (max-width: 1440px) 100vw, 1440px\" \/><\/p>\n<ul>\n<li>Dienstleistungen im Bereich Spedition<\/li>\n<li>Internationaler Verkehr<\/li>\n<li>Verwaltete Logistik<\/li>\n<li>Ma\u00dfgeschneiderter Service<\/li>\n<li>Haus-zu-Haus-Dienst<\/li>\n<li>Hafen-zu-Hafen-Dienst<\/li>\n<li>Lkw-, Schienen-, Stra\u00dfen- und Seetransport<\/li>\n<li>Volle und weniger volle Ladung<\/li>\n<li>Frachtverfolgung<\/li>\n<li>Lagereinrichtungen<\/li>\n<\/ul>\n<p>TIS Worldwide ist ein erstklassiger Logistikdienstleister, der 1976 gegr\u00fcndet wurde und seinen Sitz in El Paso hat. Das Unternehmen verf\u00fcgt \u00fcber ein weltweites Netz von Vertretern in den meisten L\u00e4ndern der Welt, die ihm bei der Erbringung internationaler Dienstleistungen helfen. Das Unternehmen ist Mitglied der IAM und kann auf 47 Jahre Erfahrung zur\u00fcckblicken.<\/p>\n<p>TIS Worldwide bietet einen individuellen Service und sucht die besten Transportm\u00f6glichkeiten f\u00fcr Ihre Sendung, um die wettbewerbsf\u00e4higsten Kosten und den besten Service zu erhalten. Das Unternehmen bietet eine Reihe von Transportoptionen an, darunter Haus-zu-Haus- und Hafen-zu-Hafen-Dienste f\u00fcr volle und weniger volle Containerladungen sowie f\u00fcr Projektladungen.<\/p>\n<p>Website: <a href=\"https:\/\/www.tis-shipping.com\/\" target=\"_blank\" rel=\"noopener\">https:\/\/www.tis-shipping.com\/<\/a><\/p>","protected":false},"excerpt":{"rendered":"<p>Are you planning on moving within, to or from El Paso? Then enlisting the help of a moving company to pack, arrange transport and handle customs for international moves can reduce the stress. Below we have compiled a list of El Paso based removal companies that are members of the International Association of Movers (IAM) [&hellip;]<\/p>\n","protected":false},"author":4,"featured_media":11305,"parent":190,"menu_order":0,"comment_status":"closed","ping_status":"closed","template":"","meta":{"_genesis_hide_title":false,"_genesis_hide_breadcrumbs":false,"_genesis_hide_singular_image":false,"_genesis_hide_footer_widgets":false,"_genesis_custom_body_class":"","_genesis_custom_post_class":"","_genesis_layout":"","footnotes":""},"class_list":{"0":"post-11560","1":"page","2":"type-page","3":"status-publish","4":"has-post-thumbnail","6":"entry"},"_links":{"self":[{"href":"https:\/\/moverdb.com\/de\/wp-json\/wp\/v2\/pages\/11560","targetHints":{"allow":["GET"]}}],"collection":[{"href":"https:\/\/moverdb.com\/de\/wp-json\/wp\/v2\/pages"}],"about":[{"href":"https:\/\/moverdb.com\/de\/wp-json\/wp\/v2\/types\/page"}],"author":[{"embeddable":true,"href":"https:\/\/moverdb.com\/de\/wp-json\/wp\/v2\/users\/4"}],"replies":[{"embeddable":true,"href":"https:\/\/moverdb.com\/de\/wp-json\/wp\/v2\/comments?post=11560"}],"version-history":[{"count":1,"href":"https:\/\/moverdb.com\/de\/wp-json\/wp\/v2\/pages\/11560\/revisions"}],"predecessor-version":[{"id":11561,"href":"https:\/\/moverdb.com\/de\/wp-json\/wp\/v2\/pages\/11560\/revisions\/11561"}],"up":[{"embeddable":true,"href":"https:\/\/moverdb.com\/de\/wp-json\/wp\/v2\/pages\/190"}],"wp:featuredmedia":[{"embeddable":true,"href":"https:\/\/moverdb.com\/de\/wp-json\/wp\/v2\/media\/11305"}],"wp:attachment":[{"href":"https:\/\/moverdb.com\/de\/wp-json\/wp\/v2\/media?parent=11560"}],"curies":[{"name":"wp","href":"https:\/\/api.w.org\/{rel}","templated":true}]}}