{"id":11556,"date":"2023-11-29T10:30:30","date_gmt":"2023-11-29T10:30:30","guid":{"rendered":"https:\/\/moverdb.com\/?page_id=11556"},"modified":"2026-01-08T15:24:11","modified_gmt":"2026-01-08T15:24:11","slug":"moving-companies-us-connecticut","status":"publish","type":"page","link":"https:\/\/moverdb.com\/de\/moving-companies\/moving-companies-us-connecticut\/","title":{"rendered":"Die 3 besten internationalen Umzugsunternehmen in Connecticut"},"content":{"rendered":"<p>Wenn Sie umziehen, sollten Sie vielleicht die Dienste eines Unternehmens in Anspruch nehmen, das <a href=\"https:\/\/moverdb.com\/de\/moving-companies\/\" data-internallinksmanager029f6b8e52c=\"79\" title=\"Top 25 Internationale Umzugsunternehmen Online\">Umzugsunternehmen<\/a> um Sie zu unterst\u00fctzen und die Last zu verringern. Sie k\u00f6nnen bei der Planung des Umzugs, dem Verpacken Ihrer Sachen, der Organisation des Transports und der Zollabwicklung bei internationalen Umz\u00fcgen helfen. Im Folgenden haben wir eine Liste zusammengestellt mit <a href=\"https:\/\/moverdb.com\/de\/moving-to-the-united-states\/moving-to-connecticut\/\" data-internallinksmanager029f6b8e52c=\"444\" title=\"Umzug nach Connecticut? 2026 Lebenshaltungskosten &amp; Umzugstipps\">Connecticut<\/a> basiert <a href=\"https:\/\/moverdb.com\/de\/international-removals\/\" data-internallinksmanager029f6b8e52c=\"27\" title=\"36 Beste internationale Umzugsunternehmen in Gro\u00dfbritannien\">Umzugsunternehmen<\/a> die Mitglieder der <a href=\"https:\/\/moverdb.com\/de\/iam\/\" data-internallinksmanager029f6b8e52c=\"23\" title=\"International Association of Movers (IAM) erkl\u00e4rt\">Internationaler Verband der M\u00f6belspediteure<\/a> (IAM) und\/oder <a href=\"https:\/\/moverdb.com\/de\/fidi-faim\/\" data-internallinksmanager029f6b8e52c=\"16\" title=\"FIDI &amp; FAIM (FIDI Accredited International Mover) Erl\u00e4utert\">FIDI<\/a> Accredited International Mover (FAIM), die Sie bei Ihrem Umzug unterst\u00fctzen k\u00f6nnen.<\/p>\n<h2><strong>1. Brimar Umzug<\/strong><\/h2>\n<p><img loading=\"lazy\" decoding=\"async\" class=\"alignnone size-full wp-image-11277\" src=\"https:\/\/moverdb.com\/wp-content\/uploads\/Brimar-Relocations-international-moving-company.png\" alt=\"Brimar Relocations internationales Umzugsunternehmen\" width=\"1440\" height=\"679\" data-wp-pid=\"11277\" srcset=\"https:\/\/moverdb.com\/wp-content\/uploads\/Brimar-Relocations-international-moving-company.png 1440w, https:\/\/moverdb.com\/wp-content\/uploads\/Brimar-Relocations-international-moving-company-300x141.png 300w, https:\/\/moverdb.com\/wp-content\/uploads\/Brimar-Relocations-international-moving-company-1024x483.png 1024w, https:\/\/moverdb.com\/wp-content\/uploads\/Brimar-Relocations-international-moving-company-18x8.png 18w, https:\/\/moverdb.com\/wp-content\/uploads\/Brimar-Relocations-international-moving-company-600x283.png 600w\" sizes=\"auto, (max-width: 1440px) 100vw, 1440px\" \/><\/p>\n<ul>\n<li>Nationale Umz\u00fcge<\/li>\n<li>Internationale Umz\u00fcge<\/li>\n<li>Umz\u00fcge im Haushalt<\/li>\n<li>Unternehmensverlagerungen<\/li>\n<li>Haus-zu-Haus-Dienst<\/li>\n<li>Vorkehrungen f\u00fcr den Transport<\/li>\n<li>Unterst\u00fctzung durch den Zoll<\/li>\n<li>Handhabung von Kunstwerken<\/li>\n<li>Versicherung<\/li>\n<li>Lagereinrichtungen<\/li>\n<\/ul>\n<p>Brimar Relocations ist ein 2007 gegr\u00fcndetes internationales Umzugsunternehmen mit Sitz in Stamford und einem B\u00fcro in <a href=\"https:\/\/moverdb.com\/de\/moving-to-france\/moving-to-paris\/\" data-internallinksmanager029f6b8e52c=\"407\" title=\"Umzug nach Paris? 2026 Lebenshaltungskosten &amp; Umzugstipps\">Paris<\/a>. Sie verf\u00fcgen \u00fcber ein entwickeltes Netzwerk von weltweiten Agenten, die sie bei der Durchf\u00fchrung internationaler Umz\u00fcge unterst\u00fctzen. Sie sind Mitglied der IAM und verf\u00fcgen \u00fcber 14 Jahre Erfahrung.<\/p>\n<p>Brimar Relocation bietet nationale und internationale Umzugsdienste an und hat sich auf Unternehmensumz\u00fcge und den Umgang mit Kunstgegenst\u00e4nden spezialisiert. Sie bieten einen T\u00fcr-zu-T\u00fcr-Umzugsservice an, bei dem sie die Vorbereitungen f\u00fcr den Transport Ihres Eigentums an Ihren Bestimmungsort treffen, der auch die Verpackung und Lagerung sowie einen grundlegenden Versicherungsschutz umfassen kann.<\/p>\n<p>Website: <a href=\"http:\/\/www.brimarrelo.com\" target=\"_blank\" rel=\"noopener\">http:\/\/www.brimarrelo.com<\/a><\/p>\n<h2><strong>2. Meyer<\/strong><\/h2>\n<p><img loading=\"lazy\" decoding=\"async\" class=\"alignnone size-full wp-image-11376\" src=\"https:\/\/moverdb.com\/wp-content\/uploads\/Meyer-international-moving-company.png\" alt=\"Meyer internationales Umzugsunternehmen\" width=\"1440\" height=\"680\" data-wp-pid=\"11376\" srcset=\"https:\/\/moverdb.com\/wp-content\/uploads\/Meyer-international-moving-company.png 1440w, https:\/\/moverdb.com\/wp-content\/uploads\/Meyer-international-moving-company-300x142.png 300w, https:\/\/moverdb.com\/wp-content\/uploads\/Meyer-international-moving-company-1024x484.png 1024w, https:\/\/moverdb.com\/wp-content\/uploads\/Meyer-international-moving-company-18x9.png 18w, https:\/\/moverdb.com\/wp-content\/uploads\/Meyer-international-moving-company-600x283.png 600w\" sizes=\"auto, (max-width: 1440px) 100vw, 1440px\" \/><\/p>\n<ul>\n<li>Umz\u00fcge im Nah- und Fernverkehr<\/li>\n<li>Internationale Verlagerungen<\/li>\n<li>Umz\u00fcge von Wohnh\u00e4usern<\/li>\n<li>B\u00fcroverlagerungen<\/li>\n<li>Unternehmensverlagerungen<\/li>\n<li>Haus-zu-Haus-Dienst<\/li>\n<li>Engagierter Umzugskoordinator<\/li>\n<li>Optionen f\u00fcr die Verpackung<\/li>\n<li><a href=\"https:\/\/moverdb.com\/de\/car-transport-shipping\/\" data-internallinksmanager029f6b8e52c=\"2\" title=\"2026 Internationale Autotransporte &amp; Angebote f\u00fcr Fahrzeugtransporte\">Transport von Fahrzeugen<\/a><\/li>\n<li>L\u00f6sungen f\u00fcr die Lagerung<\/li>\n<\/ul>\n<p>Meyer ist ein 1915 gegr\u00fcndetes und in Stratford ans\u00e4ssiges Unternehmen f\u00fcr Logistik, Umz\u00fcge und Lagerungsl\u00f6sungen. Das Unternehmen ist Teil des United Van Lines-Netzwerks, das ihm Zugang zu Umzugsunternehmen bietet, die es bei der Erbringung seiner Dienstleistungen unterst\u00fctzen. Das Unternehmen ist Mitglied der IAM und kann auf 108 Jahre Erfahrung zur\u00fcckblicken.<\/p>\n<p>Meyer bietet eine Umzugsberatung an, um Ihren Umzugsbedarf und -umfang zu ermitteln. Sie stellen einen engagierten Umzugskoordinator als einzigen Ansprechpartner zur Verf\u00fcgung, der sich um alle Aspekte Ihres Umzugs k\u00fcmmert. Sie suchen die beste Umzugsl\u00f6sung f\u00fcr Ihre Bed\u00fcrfnisse und bieten einen T\u00fcr-zu-T\u00fcr-Service mit der Option eines vollst\u00e4ndigen Verpackungsservices oder einer Selbstverpackung.<\/p>\n<p>Website: <a href=\"http:\/\/www.williambmeyer.com\" target=\"_blank\" rel=\"noopener\">http:\/\/www.williambmeyer.com<\/a><\/p>\n<h2><strong>3. WorldCare Haustiertransport<\/strong><\/h2>\n<p><img loading=\"lazy\" decoding=\"async\" class=\"alignnone size-full wp-image-11481\" src=\"https:\/\/moverdb.com\/wp-content\/uploads\/WorldCare-Pet-Transport-international-moving-company.png\" alt=\"WorldCare Pet Transport internationales Umzugsunternehmen\" width=\"1440\" height=\"683\" data-wp-pid=\"11481\" srcset=\"https:\/\/moverdb.com\/wp-content\/uploads\/WorldCare-Pet-Transport-international-moving-company.png 1440w, https:\/\/moverdb.com\/wp-content\/uploads\/WorldCare-Pet-Transport-international-moving-company-300x142.png 300w, https:\/\/moverdb.com\/wp-content\/uploads\/WorldCare-Pet-Transport-international-moving-company-1024x486.png 1024w, https:\/\/moverdb.com\/wp-content\/uploads\/WorldCare-Pet-Transport-international-moving-company-18x9.png 18w, https:\/\/moverdb.com\/wp-content\/uploads\/WorldCare-Pet-Transport-international-moving-company-600x285.png 600w\" sizes=\"auto, (max-width: 1440px) 100vw, 1440px\" \/><\/p>\n<ul>\n<li>Landesweiter Dienst<\/li>\n<li>Internationaler Dienst<\/li>\n<li>Private Haustierumz\u00fcge<\/li>\n<li>Umz\u00fcge von Unternehmenstieren<\/li>\n<li>Umfassender Service<\/li>\n<li>Haus-zu-Haus-Dienst<\/li>\n<li>Angebote f\u00fcr alle Arten von Haustieren<\/li>\n<li>Organisation eines effizienten Transports<\/li>\n<li>Fluggesellschaften<\/li>\n<li>Tier\u00e4rztliche Dienstleistungen<\/li>\n<\/ul>\n<p>WorldCare Pet Transport ist ein internationales Transportunternehmen f\u00fcr Haustiere, das seit \u00fcber 10 Jahren t\u00e4tig ist. Sie arbeiten mit Umzugsunternehmen, Umzugsmanagementfirmen und Personalverantwortlichen zusammen. Das Unternehmen ist bei der USDA als unmittelbarer Abfertiger registriert. Das Unternehmen ist Mitglied der IAM und verf\u00fcgt \u00fcber 22 Jahre Erfahrung.<\/p>\n<p>WorldCare Pet Transport bietet einen umfassenden Umzugsservice f\u00fcr Haustiere an, der Ihr Haustier \u00fcberall auf der Welt abholt und abliefert. Das Unternehmen k\u00fcmmert sich um alle Reisevorbereitungen und stellt die direktesten und kosteng\u00fcnstigsten Fl\u00fcge sowie zugelassene Flugtransporter aller Gr\u00f6\u00dfen zur Verf\u00fcgung. Sie arrangieren tier\u00e4rztliche Leistungen wie Gesundheitsuntersuchungen, Blutproben, Zertifikate und Mikrochips.<\/p>\n<p>Website: <a href=\"http:\/\/www.WorldCarePet.com\" target=\"_blank\" rel=\"noopener\">http:\/\/www.WorldCarePet.com<\/a><\/p>","protected":false},"excerpt":{"rendered":"<p>If you are moving, you may want to employ the services of a moving company to support and lessen the load. They can help with planning the move, packing your belongings, arranging transport and handling customs for international moves. Below we have compiled a list of Connecticut based removal companies that are members of the [&hellip;]<\/p>\n","protected":false},"author":4,"featured_media":11277,"parent":190,"menu_order":0,"comment_status":"closed","ping_status":"closed","template":"","meta":{"_genesis_hide_title":false,"_genesis_hide_breadcrumbs":false,"_genesis_hide_singular_image":false,"_genesis_hide_footer_widgets":false,"_genesis_custom_body_class":"","_genesis_custom_post_class":"","_genesis_layout":"","footnotes":""},"class_list":{"0":"post-11556","1":"page","2":"type-page","3":"status-publish","4":"has-post-thumbnail","6":"entry"},"_links":{"self":[{"href":"https:\/\/moverdb.com\/de\/wp-json\/wp\/v2\/pages\/11556","targetHints":{"allow":["GET"]}}],"collection":[{"href":"https:\/\/moverdb.com\/de\/wp-json\/wp\/v2\/pages"}],"about":[{"href":"https:\/\/moverdb.com\/de\/wp-json\/wp\/v2\/types\/page"}],"author":[{"embeddable":true,"href":"https:\/\/moverdb.com\/de\/wp-json\/wp\/v2\/users\/4"}],"replies":[{"embeddable":true,"href":"https:\/\/moverdb.com\/de\/wp-json\/wp\/v2\/comments?post=11556"}],"version-history":[{"count":1,"href":"https:\/\/moverdb.com\/de\/wp-json\/wp\/v2\/pages\/11556\/revisions"}],"predecessor-version":[{"id":11557,"href":"https:\/\/moverdb.com\/de\/wp-json\/wp\/v2\/pages\/11556\/revisions\/11557"}],"up":[{"embeddable":true,"href":"https:\/\/moverdb.com\/de\/wp-json\/wp\/v2\/pages\/190"}],"wp:featuredmedia":[{"embeddable":true,"href":"https:\/\/moverdb.com\/de\/wp-json\/wp\/v2\/media\/11277"}],"wp:attachment":[{"href":"https:\/\/moverdb.com\/de\/wp-json\/wp\/v2\/media?parent=11556"}],"curies":[{"name":"wp","href":"https:\/\/api.w.org\/{rel}","templated":true}]}}