{"id":11554,"date":"2023-11-29T10:46:40","date_gmt":"2023-11-29T10:46:40","guid":{"rendered":"https:\/\/moverdb.com\/?page_id=11554"},"modified":"2026-01-08T15:25:05","modified_gmt":"2026-01-08T15:25:05","slug":"moving-companies-us-colorado","status":"publish","type":"page","link":"https:\/\/moverdb.com\/de\/moving-companies\/moving-companies-us-colorado\/","title":{"rendered":"Die 5 besten internationalen Umzugsunternehmen in Colorado"},"content":{"rendered":"<p>Ein Umzug kann eine stressige Zeit sein, in der so viele Dinge zu organisieren und zu erledigen sind, dass die Dienste eines <a href=\"https:\/\/moverdb.com\/de\/moving-companies\/\" data-internallinksmanager029f6b8e52c=\"79\" title=\"Top 25 Internationale Umzugsunternehmen Online\">Umzugsunternehmen<\/a> k\u00f6nnen helfen, die Last zu verringern. Sie k\u00f6nnen bei der Planung, dem Packen, den Zollformalit\u00e4ten und dem Transport helfen. Im Folgenden haben wir eine Liste zusammengestellt mit <a href=\"https:\/\/moverdb.com\/de\/moving-to-the-united-states\/moving-to-colorado\/\" data-internallinksmanager029f6b8e52c=\"399\" title=\"Umzug nach Colorado? 2026 Lebenshaltungskosten &amp; Umzugstipps\">Colorado<\/a> basiert <a href=\"https:\/\/moverdb.com\/de\/international-removals\/\" data-internallinksmanager029f6b8e52c=\"27\" title=\"36 Beste internationale Umzugsunternehmen in Gro\u00dfbritannien\">Umzugsunternehmen<\/a> die Mitglieder der <a href=\"https:\/\/moverdb.com\/de\/iam\/\" data-internallinksmanager029f6b8e52c=\"23\" title=\"International Association of Movers (IAM) erkl\u00e4rt\">Internationaler Verband der M\u00f6belspediteure<\/a> (IAM) und\/oder <a href=\"https:\/\/moverdb.com\/de\/fidi-faim\/\" data-internallinksmanager029f6b8e52c=\"16\" title=\"FIDI &amp; FAIM (FIDI Accredited International Mover) Erl\u00e4utert\">FIDI<\/a> Accredited International Mover (FAIM), die Sie bei Ihrem Umzug unterst\u00fctzen k\u00f6nnen.<\/p>\n<div id=\"ez-toc-container\" class=\"ez-toc-v2_0_82_2 ez-toc-wrap-left counter-hierarchy ez-toc-counter ez-toc-transparent ez-toc-container-direction\">\n<div class=\"ez-toc-title-container\">\n<p class=\"ez-toc-title\" style=\"cursor:inherit\">Rubriken<\/p>\n<span class=\"ez-toc-title-toggle\"><a href=\"#\" class=\"ez-toc-pull-right ez-toc-btn ez-toc-btn-xs ez-toc-btn-default ez-toc-toggle\" aria-label=\"Inhaltsverzeichnis umschalten\"><span class=\"ez-toc-js-icon-con\"><span class=\"\"><span class=\"eztoc-hide\" style=\"display:none;\">Umschalten auf<\/span><span class=\"ez-toc-icon-toggle-span\"><svg style=\"fill: #999;color:#999\" xmlns=\"http:\/\/www.w3.org\/2000\/svg\" class=\"list-377408\" width=\"20px\" height=\"20px\" viewbox=\"0 0 24 24\" fill=\"none\"><path d=\"M6 6H4v2h2V6zm14 0H8v2h12V6zM4 11h2v2H4v-2zm16 0H8v2h12v-2zM4 16h2v2H4v-2zm16 0H8v2h12v-2z\" fill=\"currentColor\"><\/path><\/svg><svg style=\"fill: #999;color:#999\" class=\"arrow-unsorted-368013\" xmlns=\"http:\/\/www.w3.org\/2000\/svg\" width=\"10px\" height=\"10px\" viewbox=\"0 0 24 24\" version=\"1.2\" baseprofile=\"tiny\"><path d=\"M18.2 9.3l-6.2-6.3-6.2 6.3c-.2.2-.3.4-.3.7s.1.5.3.7c.2.2.4.3.7.3h11c.3 0 .5-.1.7-.3.2-.2.3-.5.3-.7s-.1-.5-.3-.7zM5.8 14.7l6.2 6.3 6.2-6.3c.2-.2.3-.5.3-.7s-.1-.5-.3-.7c-.2-.2-.4-.3-.7-.3h-11c-.3 0-.5.1-.7.3-.2.2-.3.5-.3.7s.1.5.3.7z\"\/><\/svg><\/span><\/span><\/span><\/a><\/span><\/div>\n<nav><ul class='ez-toc-list ez-toc-list-level-1 eztoc-toggle-hide-by-default' ><li class='ez-toc-page-1 ez-toc-heading-level-2'><a class=\"ez-toc-link ez-toc-heading-1\" href=\"https:\/\/moverdb.com\/de\/moving-companies\/moving-companies-us-colorado\/#1_Atlantic_Relocation_Systems\" >1. Atlantische Verlagerungssysteme<\/a><\/li><li class='ez-toc-page-1 ez-toc-heading-level-2'><a class=\"ez-toc-link ez-toc-heading-2\" href=\"https:\/\/moverdb.com\/de\/moving-companies\/moving-companies-us-colorado\/#2_Baileys_Moving_Storage\" >2. Bailey's Umzug &amp; Lagerung<\/a><\/li><li class='ez-toc-page-1 ez-toc-heading-level-2'><a class=\"ez-toc-link ez-toc-heading-3\" href=\"https:\/\/moverdb.com\/de\/moving-companies\/moving-companies-us-colorado\/#3_Gallagher_Transport\" >3. Gallagher Transport<\/a><\/li><li class='ez-toc-page-1 ez-toc-heading-level-2'><a class=\"ez-toc-link ez-toc-heading-4\" href=\"https:\/\/moverdb.com\/de\/moving-companies\/moving-companies-us-colorado\/#4_Graebel\" >4. Graebel<\/a><\/li><li class='ez-toc-page-1 ez-toc-heading-level-2'><a class=\"ez-toc-link ez-toc-heading-5\" href=\"https:\/\/moverdb.com\/de\/moving-companies\/moving-companies-us-colorado\/#5_Johnson_Storage_Moving\" >5. Johnson Lagerung &amp; Umzug<\/a><\/li><\/ul><\/nav><\/div>\n<h2><span class=\"ez-toc-section\" id=\"1_Atlantic_Relocation_Systems\"><\/span><strong>1. Atlantische Verlagerungssysteme<\/strong><span class=\"ez-toc-section-end\"><\/span><\/h2>\n<p><img loading=\"lazy\" decoding=\"async\" class=\"alignnone size-full wp-image-11262\" src=\"https:\/\/moverdb.com\/wp-content\/uploads\/Atlantic-Relocation-Systems-international-moving-company.png\" alt=\"Atlantic Relocation Systems internationales Umzugsunternehmen\" width=\"1440\" height=\"677\" data-wp-pid=\"11262\" srcset=\"https:\/\/moverdb.com\/wp-content\/uploads\/Atlantic-Relocation-Systems-international-moving-company.png 1440w, https:\/\/moverdb.com\/wp-content\/uploads\/Atlantic-Relocation-Systems-international-moving-company-300x141.png 300w, https:\/\/moverdb.com\/wp-content\/uploads\/Atlantic-Relocation-Systems-international-moving-company-1024x481.png 1024w, https:\/\/moverdb.com\/wp-content\/uploads\/Atlantic-Relocation-Systems-international-moving-company-18x8.png 18w, https:\/\/moverdb.com\/wp-content\/uploads\/Atlantic-Relocation-Systems-international-moving-company-600x282.png 600w\" sizes=\"auto, (max-width: 1440px) 100vw, 1440px\" \/><\/p>\n<ul>\n<li>Umz\u00fcge im Nah- und Fernverkehr<\/li>\n<li>Internationale Umz\u00fcge<\/li>\n<li>Umz\u00fcge in Wohnungen<\/li>\n<li>Kommerzielle und B\u00fcroumz\u00fcge<\/li>\n<li>Koordinator f\u00fcr internationale Umz\u00fcge<\/li>\n<li>Verpackungsservice<\/li>\n<li>Transport auf dem Land-, Luft- und Seeweg<\/li>\n<li>Unterst\u00fctzung der Dokumentation<\/li>\n<li>Umgang mit Kunstwerken<\/li>\n<li>Lagereinrichtungen<\/li>\n<\/ul>\n<p>Atlantic Relocation Systems ist ein 1984 gegr\u00fcndetes Umzugsunternehmen f\u00fcr Privat- und Gesch\u00e4ftskunden in <a href=\"https:\/\/moverdb.com\/de\/moving-to-denver\/\" data-internallinksmanager029f6b8e52c=\"42\" title=\"Umzug nach Denver? 2026 Lebenshaltungskosten &amp; Umzugstipps\">Denver<\/a> mit Standorten in <a href=\"https:\/\/moverdb.com\/de\/moving-to-the-united-states\/moving-to-california\/\" data-internallinksmanager029f6b8e52c=\"330\" title=\"Umzug nach Kalifornien? 2026 Lebenshaltungskosten &amp; Umzugstipps\">Kalifornien<\/a>, <a href=\"https:\/\/moverdb.com\/de\/moving-to-the-united-states\/moving-to-illinois\/\" data-internallinksmanager029f6b8e52c=\"401\" title=\"Umzug nach Illinois? 2026 Lebenshaltungskosten &amp; Umzugstipps\">Illinois<\/a>, <a href=\"https:\/\/moverdb.com\/de\/moving-to-the-united-states\/moving-to-arizona\/\" data-internallinksmanager029f6b8e52c=\"385\" title=\"Umzug nach Arizona? 2026 Lebenshaltungskosten &amp; Umzugstipps\">Arizona<\/a>, <a href=\"https:\/\/moverdb.com\/de\/moving-to-the-united-states\/moving-to-florida\/\" data-internallinksmanager029f6b8e52c=\"331\" title=\"Umzug nach Florida? 2026 Lebenshaltungskosten &amp; Umzugstipps\">Florida<\/a>, <a href=\"https:\/\/moverdb.com\/de\/moving-to-the-united-states\/moving-to-texas\/\" data-internallinksmanager029f6b8e52c=\"397\" title=\"Umzug nach Texas? 2026 Lebenshaltungskosten und Umzugstipps\">Texas<\/a> und <a href=\"https:\/\/moverdb.com\/de\/moving-to-the-united-states\/moving-to-georgia\/\" data-internallinksmanager029f6b8e52c=\"402\" title=\"Umzug nach Georgia? 2026 Lebenshaltungskosten &amp; Umzugstipps\">Georgien<\/a>. Sie sind ein Vertreter von Atlas Van Lines und verf\u00fcgen \u00fcber ein Netzwerk von internationalen Umzugsagenten, die sie bei nationalen und internationalen Umz\u00fcgen unterst\u00fctzen. Sie sind Mitglied der IAM und verf\u00fcgen \u00fcber 26 Jahre Erfahrung.<\/p>\n<p>Atlantic Relocation Systems bietet bei lokalen Umz\u00fcgen einen kostenlosen Kostenvoranschlag an und stellt bei internationalen Umz\u00fcgen einen Koordinator zur Verf\u00fcgung. Die Umzugskoordinatoren organisieren die gesamte Logistik Ihres Umzugs, einschlie\u00dflich der Transportvorkehrungen und der Begleitdokumente.<\/p>\n<p>Website: <a href=\"http:\/\/www.atlanticrelocation.com\/denver\/\" target=\"_blank\" rel=\"noopener\">http:\/\/www.atlanticrelocation.com\/denver\/<\/a><\/p>\n<h2><span class=\"ez-toc-section\" id=\"2_Baileys_Moving_Storage\"><\/span><strong>2. Bailey's Umzug &amp; Lagerung<\/strong><span class=\"ez-toc-section-end\"><\/span><\/h2>\n<p><img loading=\"lazy\" decoding=\"async\" class=\"alignnone size-full wp-image-11266\" src=\"https:\/\/moverdb.com\/wp-content\/uploads\/Baileys-Moving-Storage-international-moving-company.png\" alt=\"Baileys Moving &amp; Storage internationales Umzugsunternehmen\" width=\"1440\" height=\"680\" data-wp-pid=\"11266\" srcset=\"https:\/\/moverdb.com\/wp-content\/uploads\/Baileys-Moving-Storage-international-moving-company.png 1440w, https:\/\/moverdb.com\/wp-content\/uploads\/Baileys-Moving-Storage-international-moving-company-300x142.png 300w, https:\/\/moverdb.com\/wp-content\/uploads\/Baileys-Moving-Storage-international-moving-company-1024x484.png 1024w, https:\/\/moverdb.com\/wp-content\/uploads\/Baileys-Moving-Storage-international-moving-company-18x9.png 18w, https:\/\/moverdb.com\/wp-content\/uploads\/Baileys-Moving-Storage-international-moving-company-600x283.png 600w\" sizes=\"auto, (max-width: 1440px) 100vw, 1440px\" \/><\/p>\n<ul>\n<li>Umz\u00fcge im Nah- und Fernverkehr<\/li>\n<li>Internationale Umz\u00fcge<\/li>\n<li>Umz\u00fcge im Haushalt<\/li>\n<li>Gesch\u00e4ftliche Umz\u00fcge<\/li>\n<li>Umzugsmanagement<\/li>\n<li>Verpackungsservice<\/li>\n<li>Vorkehrungen f\u00fcr den Transport<\/li>\n<li>Unterst\u00fctzung durch den Zoll<\/li>\n<li>Versicherung<\/li>\n<li>Kurz- und langfristig sichere Lagerung<\/li>\n<\/ul>\n<p>Bailey's Moving &amp; Storage ist ein Umzugsunternehmen mit Sitz in <a href=\"https:\/\/moverdb.com\/de\/moving-to-the-united-states\/moving-to-utah\/\" data-internallinksmanager029f6b8e52c=\"439\" title=\"Umzug nach Utah? 2026 Lebenshaltungskosten &amp; Umzugstipps\">Utah<\/a> und Colorado, gegr\u00fcndet 1952. Sie verf\u00fcgen \u00fcber ein nationales und internationales Netzwerk von Umzugsagenten, die sie bei der Erbringung ihrer Dienstleistungen unterst\u00fctzen, und sind ein Agent f\u00fcr Allied Van Lines. Sie sind Mitglied der IAM und verf\u00fcgen \u00fcber 71 Jahre Erfahrung.<\/p>\n<p>Bailey's Moving &amp; Storage bietet einen kostenlosen Kostenvoranschlag f\u00fcr Ihren Umzug und wird Ihnen den bestm\u00f6glichen Preis f\u00fcr Ihren Umzug bieten. Sie bieten einen Verpackungsservice mit professionell ausgebildeten Packern, die geeignete Verpackungsmaterialien verwenden, um Ihre Gegenst\u00e4nde zu sch\u00fctzen. Sie arrangieren den Transport Ihrer Sachen zu Ihrem Zielort, egal ob es sich um einen lokalen, zwischenstaatlichen oder internationalen Umzug handelt.<\/p>\n<p>Website: <a href=\"https:\/\/baileysallied.com\" target=\"_blank\" rel=\"noopener\">https:\/\/baileysallied.com<\/a><\/p>\n<h2><span class=\"ez-toc-section\" id=\"3_Gallagher_Transport\"><\/span><strong>3. Gallagher Transport<\/strong><span class=\"ez-toc-section-end\"><\/span><\/h2>\n<p><img loading=\"lazy\" decoding=\"async\" class=\"alignnone size-full wp-image-11324\" src=\"https:\/\/moverdb.com\/wp-content\/uploads\/Gallagher-Transport-international-moving-company.png\" alt=\"Gallagher Transport internationales Umzugsunternehmen\" width=\"1440\" height=\"669\" data-wp-pid=\"11324\" srcset=\"https:\/\/moverdb.com\/wp-content\/uploads\/Gallagher-Transport-international-moving-company.png 1440w, https:\/\/moverdb.com\/wp-content\/uploads\/Gallagher-Transport-international-moving-company-300x139.png 300w, https:\/\/moverdb.com\/wp-content\/uploads\/Gallagher-Transport-international-moving-company-1024x476.png 1024w, https:\/\/moverdb.com\/wp-content\/uploads\/Gallagher-Transport-international-moving-company-18x8.png 18w, https:\/\/moverdb.com\/wp-content\/uploads\/Gallagher-Transport-international-moving-company-600x279.png 600w\" sizes=\"auto, (max-width: 1440px) 100vw, 1440px\" \/><\/p>\n<ul>\n<li>Nationale Fracht<\/li>\n<li>Internationale Fracht<\/li>\n<li>Verwaltung der Logistik<\/li>\n<li>Personalisierte L\u00f6sungen<\/li>\n<li>Zustellung von T\u00fcr zu T\u00fcr<\/li>\n<li>Transport auf dem Luft-, Land- und Seeweg<\/li>\n<li>Sendungsverfolgung<\/li>\n<li>Zollabfertigung<\/li>\n<li>Versicherung<\/li>\n<li>Lagereinrichtungen<\/li>\n<\/ul>\n<p>Gallagher Transport ist ein Auftragsvermittler und <a href=\"https:\/\/moverdb.com\/de\/freight-forwarder\/\" data-internallinksmanager029f6b8e52c=\"17\" title=\"Leitfaden f\u00fcr internationale Kosten und Unternehmen f\u00fcr Spediteure und NVOCC\">Spediteur<\/a> gegr\u00fcndet 1990 in <a href=\"https:\/\/moverdb.com\/de\/moving-to-the-united-states\/moving-to-oregon\/\" data-internallinksmanager029f6b8e52c=\"395\" title=\"Umzug nach Oregon? 2026 Lebenshaltungskosten &amp; Umzugstipps\">Oregon<\/a> mit B\u00fcros in Denver, <a href=\"https:\/\/moverdb.com\/de\/moving-to-houston\/\" data-internallinksmanager029f6b8e52c=\"47\" title=\"Umzug nach Houston? 2026 Lebenshaltungskosten &amp; Umzugstipps\">Houston<\/a>, <a href=\"https:\/\/moverdb.com\/de\/moving-to-los-angeles\/\" data-internallinksmanager029f6b8e52c=\"51\" title=\"Umzug nach Los Angeles? 2026 LA Lebenshaltungskosten &amp; Umzugstipps\">Los Angeles<\/a>, Portland und <a href=\"https:\/\/moverdb.com\/de\/moving-to-san-francisco\/\" data-internallinksmanager029f6b8e52c=\"63\" title=\"Umzug nach San Francisco? 2026 Lebenshaltungskosten &amp; Umzugstipps\">San Francisco<\/a>. Sie sind Mitglied der IAM und verf\u00fcgen \u00fcber 29 Jahre Erfahrung, die ihnen Zugang zu einem internationalen Netzwerk von Umzugsdienstleistern verschafft, die sie unterst\u00fctzen.<\/p>\n<p>Gallagher Transport bietet Speditionsdienste an, die auch Zollabfertigungen umfassen, aber keine Verpackungsdienste. Gallagher Transport k\u00fcmmert sich um die logistische Abwicklung des Transports Ihrer G\u00fcter von einem Bestimmungsort zu einem anderen, und zwar auf dem Land-, Luft- oder Seeweg. Sie verfolgen die Sendung und sorgen daf\u00fcr, dass sie durch den Zoll kommt und versichert ist.<\/p>\n<p>Website: <a href=\"http:\/\/www.gallaghertransport.com\" target=\"_blank\" rel=\"noopener\">http:\/\/www.gallaghertransport.com<\/a><\/p>\n<h2><span class=\"ez-toc-section\" id=\"4_Graebel\"><\/span><strong>4. Graebel<\/strong><span class=\"ez-toc-section-end\"><\/span><\/h2>\n<p><img loading=\"lazy\" decoding=\"async\" class=\"alignnone size-full wp-image-11333\" src=\"https:\/\/moverdb.com\/wp-content\/uploads\/Graebel-international-moving-company.png\" alt=\"Graebel internationales Umzugsunternehmen\" width=\"1440\" height=\"678\" data-wp-pid=\"11333\" srcset=\"https:\/\/moverdb.com\/wp-content\/uploads\/Graebel-international-moving-company.png 1440w, https:\/\/moverdb.com\/wp-content\/uploads\/Graebel-international-moving-company-300x141.png 300w, https:\/\/moverdb.com\/wp-content\/uploads\/Graebel-international-moving-company-1024x482.png 1024w, https:\/\/moverdb.com\/wp-content\/uploads\/Graebel-international-moving-company-18x8.png 18w, https:\/\/moverdb.com\/wp-content\/uploads\/Graebel-international-moving-company-600x283.png 600w\" sizes=\"auto, (max-width: 1440px) 100vw, 1440px\" \/><\/p>\n<ul>\n<li>Internationale Verlagerungen<\/li>\n<li>Umz\u00fcge von Haushalten<\/li>\n<li>Unternehmensverlagerungen<\/li>\n<li>Pers\u00f6nlicher Service<\/li>\n<li>Verpackungsdienstleistungen<\/li>\n<li>Dienstleistungen bei der Abreise<\/li>\n<li>Dienstleistungen am Zielort<\/li>\n<li>Dienstleistungen zur Eingew\u00f6hnung<\/li>\n<li>Haus- und Schulsuche<\/li>\n<li>Repatriierungsdienste<\/li>\n<\/ul>\n<p>Graebel ist ein 1950 gegr\u00fcndetes Full-Service-Umzugsmanagementunternehmen mit 16 Standorten weltweit, darunter der Hauptsitz in Denver. Graebel arbeitet mit einer Reihe von Dienstleistungspartnern zusammen, um Haushaltsg\u00fcter weltweit in \u00fcber 165 L\u00e4nder auf sechs Kontinenten zu transportieren. Das Unternehmen ist Mitglied der IAM und kann auf 69 Jahre Erfahrung zur\u00fcckblicken.<\/p>\n<p>Graebel hat sich auf die Umsiedlung von Mitarbeitern und die Unterst\u00fctzung von Unternehmen bei ihren globalen Mobilit\u00e4tsprogrammen spezialisiert. Graebel bietet seinen Mitarbeitern Dienstleistungen bei der Abreise an, wie z. B. den Verkauf ihrer Wohnung oder die K\u00fcndigung ihres Mietvertrags, das Packen, Visum- und Einwanderungsdienste. Die Dienstleistungen am Zielort umfassen Orientierung, Wohnungs- und Schulsuche, Mieterservice, Eingew\u00f6hnungsservice und Auspacken.<\/p>\n<p>Website: <a href=\"http:\/\/www.graebel.com\" target=\"_blank\" rel=\"noopener\">http:\/\/www.graebel.com<\/a><\/p>\n<h2><span class=\"ez-toc-section\" id=\"5_Johnson_Storage_Moving\"><\/span><strong>5. Johnson Lagerung &amp; Umzug<\/strong><span class=\"ez-toc-section-end\"><\/span><\/h2>\n<p><img loading=\"lazy\" decoding=\"async\" class=\"alignnone size-full wp-image-11356\" src=\"https:\/\/moverdb.com\/wp-content\/uploads\/Johnson-Storage-Moving-international-moving-company.png\" alt=\"Johnson Storage &amp; Moving internationales Umzugsunternehmen\" width=\"1440\" height=\"677\" data-wp-pid=\"11356\" srcset=\"https:\/\/moverdb.com\/wp-content\/uploads\/Johnson-Storage-Moving-international-moving-company.png 1440w, https:\/\/moverdb.com\/wp-content\/uploads\/Johnson-Storage-Moving-international-moving-company-300x141.png 300w, https:\/\/moverdb.com\/wp-content\/uploads\/Johnson-Storage-Moving-international-moving-company-1024x481.png 1024w, https:\/\/moverdb.com\/wp-content\/uploads\/Johnson-Storage-Moving-international-moving-company-18x8.png 18w, https:\/\/moverdb.com\/wp-content\/uploads\/Johnson-Storage-Moving-international-moving-company-600x282.png 600w\" sizes=\"auto, (max-width: 1440px) 100vw, 1440px\" \/><\/p>\n<ul>\n<li>Umz\u00fcge im Nah- und Fernverkehr<\/li>\n<li>Internationale Umz\u00fcge<\/li>\n<li>Umz\u00fcge in Wohnungen<\/li>\n<li>Kommerzielle und B\u00fcroumz\u00fcge<\/li>\n<li>Unternehmensverlagerungen<\/li>\n<li>Pers\u00f6nlicher Umzugsberater<\/li>\n<li>Verpackungsservice<\/li>\n<li>Vorkehrungen f\u00fcr den Transport<\/li>\n<li>Zollabfertigung<\/li>\n<li>Lagereinrichtungen<\/li>\n<\/ul>\n<p>Johnson Storage &amp; Moving ist ein globales Logistikunternehmen, das 1900 in Denver gegr\u00fcndet wurde und Standorte in Colorado und Kalifornien unterh\u00e4lt, <a href=\"https:\/\/moverdb.com\/de\/moving-to-the-united-states\/moving-to-kansas\/\" data-internallinksmanager029f6b8e52c=\"464\" title=\"Umzug nach Kansas? 2024 Lebenshaltungskosten &amp; Umzugstipps\">Kansas<\/a>, <a href=\"https:\/\/moverdb.com\/de\/moving-to-the-united-states\/moving-to-new-mexico\/\" data-internallinksmanager029f6b8e52c=\"455\" title=\"Umzug nach New Mexico? 2024 Lebenshaltungskosten &amp; Umzugstipps\">New Mexico<\/a>Texas, <a href=\"https:\/\/moverdb.com\/de\/moving-to-the-united-states\/moving-to-wyoming\/\" data-internallinksmanager029f6b8e52c=\"449\" title=\"Umzug nach Wyoming? 2024 Lebenshaltungskosten &amp; Umzugstipps\">Wyoming<\/a> und <a href=\"https:\/\/moverdb.com\/de\/moving-to-the-united-states\/moving-to-missouri\/\" data-internallinksmanager029f6b8e52c=\"460\" title=\"Umzug nach Missouri? 2024 Lebenshaltungskosten &amp; Umzugstipps\">Missouri<\/a>. Das Unternehmen ist Mitglied von United Van Lines und Mayflower Transit und bietet eine gr\u00f6\u00dfere Abdeckung in den <a href=\"https:\/\/moverdb.com\/de\/moving-to-the-united-states\/\" data-internallinksmanager029f6b8e52c=\"94\" title=\"Umzug in die Vereinigten Staaten? 2026 Lebenshaltungskosten &amp; Umzugstipps\">US<\/a>. Sie sind Mitglied der IAM und verf\u00fcgen \u00fcber 123 Jahre Erfahrung und sind von der FIDI akkreditiert.<\/p>\n<p>Johnson Storage &amp; Moving bietet Ihnen einen kostenlosen Kostenvoranschlag f\u00fcr Ihren Umzug an und stellt Ihnen einen pers\u00f6nlichen Umzugsberater zur Seite, der Sie bei jedem Schritt des Umzugs unterst\u00fctzt. Sie werden einen pers\u00f6nlichen Umzugsplan erstellen, der Ihren Bed\u00fcrfnissen entspricht. Das Unternehmen bietet einen umfassenden Verpackungsservice und \u00fcbernimmt die Zollabfertigung.<\/p>\n<p>Website: <a href=\"https:\/\/www.johnsonstorage.com\" target=\"_blank\" rel=\"noopener\">https:\/\/www.johnsonstorage.com<\/a><\/p>","protected":false},"excerpt":{"rendered":"<p>Moving can be a stressful time with so many things to organise and do, so engaging the services of a moving company could help reduce the load. They can assist with planning, packing, customs arrangements and transportation. Below we have compiled a list of Colorado based removal companies that are members of the International Association [&hellip;]<\/p>\n","protected":false},"author":4,"featured_media":11262,"parent":190,"menu_order":0,"comment_status":"closed","ping_status":"closed","template":"","meta":{"_genesis_hide_title":false,"_genesis_hide_breadcrumbs":false,"_genesis_hide_singular_image":false,"_genesis_hide_footer_widgets":false,"_genesis_custom_body_class":"","_genesis_custom_post_class":"","_genesis_layout":"","footnotes":""},"class_list":{"0":"post-11554","1":"page","2":"type-page","3":"status-publish","4":"has-post-thumbnail","6":"entry"},"_links":{"self":[{"href":"https:\/\/moverdb.com\/de\/wp-json\/wp\/v2\/pages\/11554","targetHints":{"allow":["GET"]}}],"collection":[{"href":"https:\/\/moverdb.com\/de\/wp-json\/wp\/v2\/pages"}],"about":[{"href":"https:\/\/moverdb.com\/de\/wp-json\/wp\/v2\/types\/page"}],"author":[{"embeddable":true,"href":"https:\/\/moverdb.com\/de\/wp-json\/wp\/v2\/users\/4"}],"replies":[{"embeddable":true,"href":"https:\/\/moverdb.com\/de\/wp-json\/wp\/v2\/comments?post=11554"}],"version-history":[{"count":1,"href":"https:\/\/moverdb.com\/de\/wp-json\/wp\/v2\/pages\/11554\/revisions"}],"predecessor-version":[{"id":11555,"href":"https:\/\/moverdb.com\/de\/wp-json\/wp\/v2\/pages\/11554\/revisions\/11555"}],"up":[{"embeddable":true,"href":"https:\/\/moverdb.com\/de\/wp-json\/wp\/v2\/pages\/190"}],"wp:featuredmedia":[{"embeddable":true,"href":"https:\/\/moverdb.com\/de\/wp-json\/wp\/v2\/media\/11262"}],"wp:attachment":[{"href":"https:\/\/moverdb.com\/de\/wp-json\/wp\/v2\/media?parent=11554"}],"curies":[{"name":"wp","href":"https:\/\/api.w.org\/{rel}","templated":true}]}}