{"id":11546,"date":"2023-11-29T10:47:36","date_gmt":"2023-11-29T10:47:36","guid":{"rendered":"https:\/\/moverdb.com\/?page_id=11546"},"modified":"2026-01-08T15:25:02","modified_gmt":"2026-01-08T15:25:02","slug":"moving-companies-us-alaska","status":"publish","type":"page","link":"https:\/\/moverdb.com\/de\/moving-companies\/moving-companies-us-alaska\/","title":{"rendered":"Die 5 besten internationalen Umzugsunternehmen in Alaska"},"content":{"rendered":"<p>Wenn Sie derzeit in einer der folgenden St\u00e4dte leben <a href=\"https:\/\/moverdb.com\/de\/moving-to-the-united-states\/moving-to-alaska\/\" data-internallinksmanager029f6b8e52c=\"384\" title=\"Umzug nach Alaska? 2026 Lebenshaltungskosten &amp; Umzugstipps\">Alaska<\/a> und einen Umzug planen oder aus dem Ausland nach Alaska umziehen, sollten Sie vielleicht die Dienste eines Umzugsunternehmens in Anspruch nehmen. <a href=\"https:\/\/moverdb.com\/de\/moving-companies\/\" data-internallinksmanager029f6b8e52c=\"79\" title=\"Top 25 Internationale Umzugsunternehmen Online\">Umzugsunternehmen<\/a> k\u00f6nnen Ihnen die Last und den Druck abnehmen, indem sie Ihr Hab und Gut verpacken, verladen und transportieren. Im Folgenden haben wir eine Liste der in Alaska ans\u00e4ssigen <a href=\"https:\/\/moverdb.com\/de\/international-removals\/\" data-internallinksmanager029f6b8e52c=\"27\" title=\"36 Beste internationale Umzugsunternehmen in Gro\u00dfbritannien\">Umzugsunternehmen<\/a> die Mitglieder der <a href=\"https:\/\/moverdb.com\/de\/iam\/\" data-internallinksmanager029f6b8e52c=\"23\" title=\"International Association of Movers (IAM) erkl\u00e4rt\">Internationaler Verband der M\u00f6belspediteure<\/a> (IAM) und\/oder <a href=\"https:\/\/moverdb.com\/de\/fidi-faim\/\" data-internallinksmanager029f6b8e52c=\"16\" title=\"FIDI &amp; FAIM (FIDI Accredited International Mover) Erl\u00e4utert\">FIDI<\/a> Accredited International Mover (FAIM), die Ihnen bei Ihrem Umzug helfen k\u00f6nnen.<\/p>\n<div id=\"ez-toc-container\" class=\"ez-toc-v2_0_82_2 ez-toc-wrap-left counter-hierarchy ez-toc-counter ez-toc-transparent ez-toc-container-direction\">\n<div class=\"ez-toc-title-container\">\n<p class=\"ez-toc-title\" style=\"cursor:inherit\">Rubriken<\/p>\n<span class=\"ez-toc-title-toggle\"><a href=\"#\" class=\"ez-toc-pull-right ez-toc-btn ez-toc-btn-xs ez-toc-btn-default ez-toc-toggle\" aria-label=\"Inhaltsverzeichnis umschalten\"><span class=\"ez-toc-js-icon-con\"><span class=\"\"><span class=\"eztoc-hide\" style=\"display:none;\">Umschalten auf<\/span><span class=\"ez-toc-icon-toggle-span\"><svg style=\"fill: #999;color:#999\" xmlns=\"http:\/\/www.w3.org\/2000\/svg\" class=\"list-377408\" width=\"20px\" height=\"20px\" viewbox=\"0 0 24 24\" fill=\"none\"><path d=\"M6 6H4v2h2V6zm14 0H8v2h12V6zM4 11h2v2H4v-2zm16 0H8v2h12v-2zM4 16h2v2H4v-2zm16 0H8v2h12v-2z\" fill=\"currentColor\"><\/path><\/svg><svg style=\"fill: #999;color:#999\" class=\"arrow-unsorted-368013\" xmlns=\"http:\/\/www.w3.org\/2000\/svg\" width=\"10px\" height=\"10px\" viewbox=\"0 0 24 24\" version=\"1.2\" baseprofile=\"tiny\"><path d=\"M18.2 9.3l-6.2-6.3-6.2 6.3c-.2.2-.3.4-.3.7s.1.5.3.7c.2.2.4.3.7.3h11c.3 0 .5-.1.7-.3.2-.2.3-.5.3-.7s-.1-.5-.3-.7zM5.8 14.7l6.2 6.3 6.2-6.3c.2-.2.3-.5.3-.7s-.1-.5-.3-.7c-.2-.2-.4-.3-.7-.3h-11c-.3 0-.5.1-.7.3-.2.2-.3.5-.3.7s.1.5.3.7z\"\/><\/svg><\/span><\/span><\/span><\/a><\/span><\/div>\n<nav><ul class='ez-toc-list ez-toc-list-level-1 eztoc-toggle-hide-by-default' ><li class='ez-toc-page-1 ez-toc-heading-level-2'><a class=\"ez-toc-link ez-toc-heading-1\" href=\"https:\/\/moverdb.com\/de\/moving-companies\/moving-companies-us-alaska\/#1_Alisons_Relocations\" >1. Alisons Umz\u00fcge<\/a><\/li><li class='ez-toc-page-1 ez-toc-heading-level-2'><a class=\"ez-toc-link ez-toc-heading-2\" href=\"https:\/\/moverdb.com\/de\/moving-companies\/moving-companies-us-alaska\/#2_Continental_Van_Lines\" >2. Continental Van Lines<\/a><\/li><li class='ez-toc-page-1 ez-toc-heading-level-2'><a class=\"ez-toc-link ez-toc-heading-3\" href=\"https:\/\/moverdb.com\/de\/moving-companies\/moving-companies-us-alaska\/#3_Golden_North_Van_Lines\" >3. Golden North Van Lines<\/a><\/li><li class='ez-toc-page-1 ez-toc-heading-level-2'><a class=\"ez-toc-link ez-toc-heading-4\" href=\"https:\/\/moverdb.com\/de\/moving-companies\/moving-companies-us-alaska\/#4_Royal_Alaskan_Movers\" >4. Royal Alaskan Movers<\/a><\/li><li class='ez-toc-page-1 ez-toc-heading-level-2'><a class=\"ez-toc-link ez-toc-heading-5\" href=\"https:\/\/moverdb.com\/de\/moving-companies\/moving-companies-us-alaska\/#5_Sourdough_Express\" >5. Sauerteig-Express<\/a><\/li><\/ul><\/nav><\/div>\n<h2><span class=\"ez-toc-section\" id=\"1_Alisons_Relocations\"><\/span><strong>1. Alisons Umz\u00fcge<\/strong><span class=\"ez-toc-section-end\"><\/span><\/h2>\n<p><img loading=\"lazy\" decoding=\"async\" class=\"alignnone size-full wp-image-11250\" src=\"https:\/\/moverdb.com\/wp-content\/uploads\/Alisons-Relocation-international-moving-company.png\" alt=\"Alisons Relocation internationales Umzugsunternehmen\" width=\"1440\" height=\"678\" data-wp-pid=\"11250\" srcset=\"https:\/\/moverdb.com\/wp-content\/uploads\/Alisons-Relocation-international-moving-company.png 1440w, https:\/\/moverdb.com\/wp-content\/uploads\/Alisons-Relocation-international-moving-company-300x141.png 300w, https:\/\/moverdb.com\/wp-content\/uploads\/Alisons-Relocation-international-moving-company-1024x482.png 1024w, https:\/\/moverdb.com\/wp-content\/uploads\/Alisons-Relocation-international-moving-company-18x8.png 18w, https:\/\/moverdb.com\/wp-content\/uploads\/Alisons-Relocation-international-moving-company-600x283.png 600w\" sizes=\"auto, (max-width: 1440px) 100vw, 1440px\" \/><\/p>\n<ul>\n<li>Nationale Umz\u00fcge<\/li>\n<li>Internationale Umz\u00fcge<\/li>\n<li>Umz\u00fcge in Wohnungen<\/li>\n<li>B\u00fcro- und Industrieumz\u00fcge<\/li>\n<li>Unternehmensumzug<\/li>\n<li>Haus-zu-Haus-Dienst<\/li>\n<li>Optionen f\u00fcr die Verpackung<\/li>\n<li>Transport per Schiff, Flugzeug, Lkw und Bahn<\/li>\n<li>Zollabfertigung<\/li>\n<li>Lagereinrichtungen<\/li>\n<\/ul>\n<p>Alison's Relocations ist ein 1998 in Anchorage gegr\u00fcndetes Umzugs- und Lagerungsunternehmen. Das Unternehmen ist Mitglied der IAM und kann auf 26 Jahre Erfahrung zur\u00fcckblicken, was ihm ein internationales Netz von Umzugsagenten zur Seite stellt.<\/p>\n<p>Alison's Relocations bietet Umzugsdienste von T\u00fcr zu T\u00fcr mit einem einzigen Ansprechpartner. Das Unternehmen bietet eine Reihe von Verpackungsdienstleistungen an, darunter einen Komplettservice, Teilverpackungen f\u00fcr zerbrechliche Gegenst\u00e4nde und M\u00f6bel, Selbstverpackung sowie Selbstverpackung und Verladung. Der Packservice polstert und umwickelt M\u00f6bel und verpackt alle verpackbaren G\u00fcter sicher. Sie transportieren Ihre Sachen, verfolgen deren Bewegungen in ihrem Umzugsmanagementsystem und erledigen die Zollformalit\u00e4ten.<\/p>\n<p>Website: <a href=\"https:\/\/alisonsrelo.com\/\" target=\"_blank\" rel=\"noopener\">https:\/\/alisonsrelo.com\/<\/a><\/p>\n<h2><span class=\"ez-toc-section\" id=\"2_Continental_Van_Lines\"><\/span><strong>2. Continental Van Lines<\/strong><span class=\"ez-toc-section-end\"><\/span><\/h2>\n<p><img loading=\"lazy\" decoding=\"async\" class=\"alignnone size-full wp-image-11295\" src=\"https:\/\/moverdb.com\/wp-content\/uploads\/Continental-Van-Lines-moving-company.png\" alt=\"Continental Van Lines Umzugsunternehmen\" width=\"1440\" height=\"680\" data-wp-pid=\"11295\" srcset=\"https:\/\/moverdb.com\/wp-content\/uploads\/Continental-Van-Lines-moving-company.png 1440w, https:\/\/moverdb.com\/wp-content\/uploads\/Continental-Van-Lines-moving-company-300x142.png 300w, https:\/\/moverdb.com\/wp-content\/uploads\/Continental-Van-Lines-moving-company-1024x484.png 1024w, https:\/\/moverdb.com\/wp-content\/uploads\/Continental-Van-Lines-moving-company-18x9.png 18w, https:\/\/moverdb.com\/wp-content\/uploads\/Continental-Van-Lines-moving-company-600x283.png 600w\" sizes=\"auto, (max-width: 1440px) 100vw, 1440px\" \/><\/p>\n<ul>\n<li>Nationale Umz\u00fcge<\/li>\n<li>Internationale Umz\u00fcge<\/li>\n<li>Umz\u00fcge in Wohnungen<\/li>\n<li>Gesch\u00e4ftliche Umz\u00fcge<\/li>\n<li>Haus-zu-Haus-Dienst<\/li>\n<li>Unterst\u00fctzung beim Verpacken<\/li>\n<li>Organisation des Transports<\/li>\n<li>Unterst\u00fctzung bei der Zollabfertigung<\/li>\n<li>Fahrzeugtransport<\/li>\n<li>Lagereinrichtungen<\/li>\n<\/ul>\n<p>Continental Van Lines ist ein 1952 gegr\u00fcndetes Full-Service-Umzugsunternehmen mit Standorten in Anchorage, Fife und Tacoma. Das Unternehmen ist Mitglied der IAM und verf\u00fcgt \u00fcber 77 Jahre Erfahrung und ist von der FIDI akkreditiert. Sie sind auch Teil von Netzwerken, darunter Van Lines, die ihnen internationale Netzwerke von Umzugsagenten zur Verf\u00fcgung stellen, mit denen sie zusammenarbeiten.<\/p>\n<p>Die Umzugskoordinatoren von Continental Van Lines erstellen einen ma\u00dfgeschneiderten Umzugsplan, der Ihren Bed\u00fcrfnissen und Ihrem Budget entspricht - egal, ob es sich um einen Heimwerkerumzug oder eine Komplettl\u00f6sung mit wei\u00dfer Weste handelt. Das Unternehmen bietet einen kompletten Einpack- und Auspackservice sowie die Demontage und den Wiederaufbau von M\u00f6beln und Kisten.<\/p>\n<p>Website: <a href=\"https:\/\/www.continentalvan.com\/international-mover\/\" target=\"_blank\" rel=\"noopener\">https:\/\/www.continentalvan.com\/international-mover\/<\/a><\/p>\n<h2><span class=\"ez-toc-section\" id=\"3_Golden_North_Van_Lines\"><\/span><strong>3. Golden North Van Lines<\/strong><span class=\"ez-toc-section-end\"><\/span><\/h2>\n<p><img loading=\"lazy\" decoding=\"async\" class=\"alignnone size-full wp-image-11329\" src=\"https:\/\/moverdb.com\/wp-content\/uploads\/Golden-North-Van-Lines-international-moving-company.png\" alt=\"Golden North Van Lines internationales Umzugsunternehmen\" width=\"1440\" height=\"681\" data-wp-pid=\"11329\" srcset=\"https:\/\/moverdb.com\/wp-content\/uploads\/Golden-North-Van-Lines-international-moving-company.png 1440w, https:\/\/moverdb.com\/wp-content\/uploads\/Golden-North-Van-Lines-international-moving-company-300x142.png 300w, https:\/\/moverdb.com\/wp-content\/uploads\/Golden-North-Van-Lines-international-moving-company-1024x484.png 1024w, https:\/\/moverdb.com\/wp-content\/uploads\/Golden-North-Van-Lines-international-moving-company-18x9.png 18w, https:\/\/moverdb.com\/wp-content\/uploads\/Golden-North-Van-Lines-international-moving-company-600x284.png 600w\" sizes=\"auto, (max-width: 1440px) 100vw, 1440px\" \/><\/p>\n<ul>\n<li>Nationale Umz\u00fcge<\/li>\n<li>Internationale Umz\u00fcge<\/li>\n<li>Umz\u00fcge in Wohnungen<\/li>\n<li>Kommerzielle und B\u00fcroumz\u00fcge<\/li>\n<li>Ma\u00dfgeschneiderte Dienstleistungen<\/li>\n<li>Verpackungsservice<\/li>\n<li>Vorkehrungen f\u00fcr den Transport<\/li>\n<li>Unterst\u00fctzung durch den Zoll<\/li>\n<li>Concierge-Dienste<\/li>\n<li>Kurz- und Langzeitlagerung<\/li>\n<\/ul>\n<p>Golden North Van Lines ist ein 1976 gegr\u00fcndetes Umzugsunternehmen mit Niederlassungen in Anchorage und Fairbanks. Sie sind ein Vertreter von Van Lines und haben Zugang zu einem internationalen Netzwerk von Umzugsunternehmen, die sie bei weltweiten Umz\u00fcgen unterst\u00fctzen. Das Unternehmen ist Mitglied der IAM und verf\u00fcgt \u00fcber 49 Jahre Erfahrung.<\/p>\n<p>Golden North Van Lines bietet ma\u00dfgeschneiderte Umzugs- und Relocation-Dienstleistungen im In- und Ausland. Zu ihren Umzugsdienstleistungen geh\u00f6ren Concierge-Umz\u00fcge f\u00fcr Haushalte und Unternehmen. Sie bieten einen Verpackungsservice an, um Ihre Gegenst\u00e4nde w\u00e4hrend des Transports zu sch\u00fctzen, und arrangieren den sicheren Transport Ihres Eigentums zu Ihrem Zielort.<\/p>\n<p>Website: <a href=\"https:\/\/www.goldennorthvanlines.com\/\" target=\"_blank\" rel=\"noopener\">https:\/\/www.goldennorthvanlines.com\/<\/a><\/p>\n<h2><span class=\"ez-toc-section\" id=\"4_Royal_Alaskan_Movers\"><\/span><strong>4. Royal Alaskan Movers<\/strong><span class=\"ez-toc-section-end\"><\/span><\/h2>\n<p><img loading=\"lazy\" decoding=\"async\" class=\"alignnone size-full wp-image-11428\" src=\"https:\/\/moverdb.com\/wp-content\/uploads\/Royal-Alaskan-Movers-international-moving-company.png\" alt=\"Royal Alaskan Movers internationales Umzugsunternehmen\" width=\"1440\" height=\"680\" data-wp-pid=\"11428\" srcset=\"https:\/\/moverdb.com\/wp-content\/uploads\/Royal-Alaskan-Movers-international-moving-company.png 1440w, https:\/\/moverdb.com\/wp-content\/uploads\/Royal-Alaskan-Movers-international-moving-company-300x142.png 300w, https:\/\/moverdb.com\/wp-content\/uploads\/Royal-Alaskan-Movers-international-moving-company-1024x484.png 1024w, https:\/\/moverdb.com\/wp-content\/uploads\/Royal-Alaskan-Movers-international-moving-company-18x9.png 18w, https:\/\/moverdb.com\/wp-content\/uploads\/Royal-Alaskan-Movers-international-moving-company-600x283.png 600w\" sizes=\"auto, (max-width: 1440px) 100vw, 1440px\" \/><\/p>\n<ul>\n<li>Lokale und nationale Standortverlagerungen<\/li>\n<li>Internationale Verlagerungen<\/li>\n<li>Umz\u00fcge von Haushalten<\/li>\n<li>Betriebsverlagerungen<\/li>\n<li>Pers\u00f6nlicher Service<\/li>\n<li>Umzugsplan<\/li>\n<li>Verpackungsservice<\/li>\n<li>Land-, See- und Luftverkehr<\/li>\n<li>Fahrzeugtransport<\/li>\n<li>Lagereinrichtungen<\/li>\n<\/ul>\n<p>Royal Alaskan Movers ist ein im Jahr 2010 gegr\u00fcndetes Umzugsunternehmen mit Sitz in Anchorage. Sie sind Teil von The DeWitt Companies, was ihnen globale Erfahrung und Unterst\u00fctzung bei Umz\u00fcgen bietet. Das Unternehmen ist Mitglied der IAM und verf\u00fcgt \u00fcber 13 Jahre Erfahrung.<\/p>\n<p>Royal Alaskan Movers bietet einen personalisierten Umzugsservice mit einer virtuellen Besichtigung, um Ihre Umzugsanforderungen zu ermitteln und Ihnen einen Kostenvoranschlag zu unterbreiten. Sie suchen f\u00fcr Sie die effizienteste und kosteng\u00fcnstigste Umzugs- und Lagerungsoption, die Ihren Bed\u00fcrfnissen entspricht. Sie bieten einen kompletten Verpackungsservice an und verpacken Ihre M\u00f6bel und packen sie bei der Ankunft aus. Sie erstellen ein Inventar und organisieren den Transport zu Ihrem Zielort.<\/p>\n<p>Website: <a href=\"https:\/\/www.royalalaskanmovers.com\/\" target=\"_blank\" rel=\"noopener\">https:\/\/www.royalalaskanmovers.com\/<\/a><\/p>\n<h2><span class=\"ez-toc-section\" id=\"5_Sourdough_Express\"><\/span><strong>5. Sauerteig-Express<\/strong><span class=\"ez-toc-section-end\"><\/span><\/h2>\n<p><img loading=\"lazy\" decoding=\"async\" class=\"alignnone size-full wp-image-11447\" src=\"https:\/\/moverdb.com\/wp-content\/uploads\/Sordough-Express-international-moving-company.png\" alt=\"Sourdough Express internationales Umzugsunternehmen\" width=\"1440\" height=\"680\" data-wp-pid=\"11447\" srcset=\"https:\/\/moverdb.com\/wp-content\/uploads\/Sordough-Express-international-moving-company.png 1440w, https:\/\/moverdb.com\/wp-content\/uploads\/Sordough-Express-international-moving-company-300x142.png 300w, https:\/\/moverdb.com\/wp-content\/uploads\/Sordough-Express-international-moving-company-1024x484.png 1024w, https:\/\/moverdb.com\/wp-content\/uploads\/Sordough-Express-international-moving-company-18x9.png 18w, https:\/\/moverdb.com\/wp-content\/uploads\/Sordough-Express-international-moving-company-600x283.png 600w\" sizes=\"auto, (max-width: 1440px) 100vw, 1440px\" \/><\/p>\n<ul>\n<li>Lokale und zwischenstaatliche Umz\u00fcge<\/li>\n<li>Internationale Umz\u00fcge<\/li>\n<li>Umz\u00fcge in Wohnungen<\/li>\n<li>Firmen- und B\u00fcroumz\u00fcge<\/li>\n<li>Umz\u00fcge von Mitarbeitern<\/li>\n<li>Umfrage vor dem Umzug<\/li>\n<li>Individueller Umzugsplan<\/li>\n<li>Verpackungsservice<\/li>\n<li>Bef\u00f6rderungsmodalit\u00e4ten9<\/li>\n<li>Lagereinrichtungen<\/li>\n<\/ul>\n<p>Sourdough Express ist ein 1898 gegr\u00fcndetes Umzugs- und Lagerungsunternehmen mit Sitz in Anchorage und Fairbanks. Das Unternehmen ist Mitglied der IAM und kann auf 125 Jahre Erfahrung zur\u00fcckblicken, was ihm Zugang zu einem weltweiten Netz von Umzugsunternehmen verschafft, die es unterst\u00fctzen k\u00f6nnen.<\/p>\n<p>Sourdough Express f\u00fchrt vor dem Umzug eine Bestandsaufnahme durch, um Ihre Umzugsanforderungen zu ermitteln, und erstellt dann einen individuellen Umzugs- und Verpackungsplan f\u00fcr jeden Schritt Ihres Umzugs. F\u00fcr den Verpackungsservice werden professionelle Packer eingesetzt, die darauf geschult sind, Ihr Hab und Gut w\u00e4hrend des Transports zu sch\u00fctzen. Bei B\u00fcroumz\u00fcgen wird Ihnen ein Umzugsberater zur Seite gestellt, um die Ausfallzeiten Ihres Unternehmens zu minimieren.<\/p>\n<p>Website: <a href=\"https:\/\/sourdoughexpress.com\/\" target=\"_blank\" rel=\"noopener\">https:\/\/sourdoughexpress.com\/<\/a><\/p>","protected":false},"excerpt":{"rendered":"<p>If you currently live in Alaska and are planning a move or are moving to Alaska from abroad, you might want to engage the services of a moving company to assist you. Moving companies can lighten the load and pressure on you by packing, loading and transporting your belongings. Below we have compiled a list [&hellip;]<\/p>\n","protected":false},"author":4,"featured_media":11250,"parent":190,"menu_order":0,"comment_status":"closed","ping_status":"closed","template":"","meta":{"_genesis_hide_title":false,"_genesis_hide_breadcrumbs":false,"_genesis_hide_singular_image":false,"_genesis_hide_footer_widgets":false,"_genesis_custom_body_class":"","_genesis_custom_post_class":"","_genesis_layout":"","footnotes":""},"class_list":{"0":"post-11546","1":"page","2":"type-page","3":"status-publish","4":"has-post-thumbnail","6":"entry"},"_links":{"self":[{"href":"https:\/\/moverdb.com\/de\/wp-json\/wp\/v2\/pages\/11546","targetHints":{"allow":["GET"]}}],"collection":[{"href":"https:\/\/moverdb.com\/de\/wp-json\/wp\/v2\/pages"}],"about":[{"href":"https:\/\/moverdb.com\/de\/wp-json\/wp\/v2\/types\/page"}],"author":[{"embeddable":true,"href":"https:\/\/moverdb.com\/de\/wp-json\/wp\/v2\/users\/4"}],"replies":[{"embeddable":true,"href":"https:\/\/moverdb.com\/de\/wp-json\/wp\/v2\/comments?post=11546"}],"version-history":[{"count":1,"href":"https:\/\/moverdb.com\/de\/wp-json\/wp\/v2\/pages\/11546\/revisions"}],"predecessor-version":[{"id":11547,"href":"https:\/\/moverdb.com\/de\/wp-json\/wp\/v2\/pages\/11546\/revisions\/11547"}],"up":[{"embeddable":true,"href":"https:\/\/moverdb.com\/de\/wp-json\/wp\/v2\/pages\/190"}],"wp:featuredmedia":[{"embeddable":true,"href":"https:\/\/moverdb.com\/de\/wp-json\/wp\/v2\/media\/11250"}],"wp:attachment":[{"href":"https:\/\/moverdb.com\/de\/wp-json\/wp\/v2\/media?parent=11546"}],"curies":[{"name":"wp","href":"https:\/\/api.w.org\/{rel}","templated":true}]}}