{"id":1075,"date":"2016-08-04T14:25:42","date_gmt":"2016-08-04T14:25:42","guid":{"rendered":"http:\/\/moverdb.com\/?page_id=1075"},"modified":"2026-01-08T15:20:29","modified_gmt":"2026-01-08T15:20:29","slug":"nord-amerikanische-van-lines","status":"publish","type":"page","link":"https:\/\/moverdb.com\/de\/north-american-van-lines\/","title":{"rendered":"North American Van Lines: Internationale Umz\u00fcge Bewertungen"},"content":{"rendered":"<p>North American Van Lines bietet seinen Kunden Dienstleistungen f\u00fcr internationale, Unternehmens- und Inlandsumz\u00fcge an. Nachfolgend finden Sie eine Liste dieser Dienstleistungen sowie ein Unternehmensprofil und Bewertungen.<\/p>\n<p><strong>Internationale Umz\u00fcge f\u00fcr Privatpersonen und Unternehmen<\/strong><\/p>\n<ul>\n<li> Dienst von T\u00fcr zu T\u00fcr<\/li>\n<li> Verpacken, polstern und sch\u00fctzen von Gegenst\u00e4nden<\/li>\n<li> Demontage von M\u00f6beln<\/li>\n<li> <a href=\"https:\/\/moverdb.com\/de\/containerschifffahrt\/\">Schiffscontainer<\/a> f\u00fcr jede Anwendung<\/li>\n<li> Beratung dar\u00fcber, was man einpacken und was man aus Kostengr\u00fcnden verkaufen sollte<\/li>\n<li> Hilfe bei der Zollabfertigung<\/li>\n<li> Lieferung und Montage von M\u00f6beln<\/li>\n<li> 24\/7 Online-Versandverfolgung<\/li>\n<li> Wertsicherungsprogramm<\/li>\n<li> Kurzfristige und langfristige Lagerung vereinbart<\/li>\n<\/ul>\n<p><strong>Relocation Besondere Dienstleistungen<\/strong><\/p>\n<ul>\n<li> Erwerb von Wohneigentum und vor\u00fcbergehende Unterst\u00fctzung beim Wohnen<\/li>\n<li> Unterst\u00fctzung durch Finanz- und Versicherungsdienstleister<\/li>\n<li> Interkulturelle Ausbildung<\/li>\n<li> Sprachausbildung<\/li>\n<li> Kinderbetreuung und Schulempfehlungen<\/li>\n<li> Medizinische Versorgung und Ersatz von Medikamenten<\/li>\n<li> Autokauf und Dienstleistungen<\/li>\n<li> Fahrstunden<\/li>\n<\/ul>\n<p><strong>Firmenumz\u00fcge<\/strong><\/p>\n<ul>\n<li> Verpacken und Verpacken<\/li>\n<li> Lagerung<\/li>\n<li> Sendung<\/li>\n<li> Pers\u00f6nlicher Umzugskoordinator<\/li>\n<li> Unterst\u00fctzung beim Kauf und Verkauf von Immobilien<\/li>\n<li> Ausrichtung des Gebiets<\/li>\n<li> Unterst\u00fctzung durch den Ehepartner<\/li>\n<li> Hypotheken-Dienstleistungen<\/li>\n<li> Dienstleistungen zur Eingew\u00f6hnung<\/li>\n<\/ul>\n<p><strong>Umzugsdienste<\/strong><\/p>\n<ul>\n<li> Einpacken und Auspacken - do it yourself, nur zerbrechliche Gegenst\u00e4nde oder voll verpackt<\/li>\n<li> Gro\u00dfe Auswahl an Verpackungsmaterial<\/li>\n<li> Demontage und Wiedermontage von M\u00f6beln<\/li>\n<li> Entladen<\/li>\n<li> Auspacken, falls erforderlich<\/li>\n<li> Beseitigung von Schutt<\/li>\n<li> Langfristige und kurzfristige Lagerung<\/li>\n<li> Umzug von Haushalten<\/li>\n<li> Lokaler Umzug<\/li>\n<li> Umzug \u00fcber gro\u00dfe Entfernungen<\/li>\n<li> Milit\u00e4rischer Umzug<\/li>\n<li> L\u00e4nder\u00fcbergreifender Umzug<\/li>\n<li> Zwischenstaatlicher Umzug<\/li>\n<li> Express-Kleinsendung<\/li>\n<li> Nationale Umzugsunternehmen<\/li>\n<\/ul>\n<p><strong>Spezialisierte Umz\u00fcge<\/strong><\/p>\n<ul>\n<li> Klaviere<\/li>\n<li> Kunst und Antiquit\u00e4ten<\/li>\n<li> Boote<\/li>\n<li> <a href=\"https:\/\/moverdb.com\/de\/auto-transport-versand\/\">Fahrzeuge<\/a><\/li>\n<li> Beh\u00e4ltnisse<\/li>\n<\/ul>\n<h2>North American Van Lines Unternehmensprofil<\/h2>\n<p>North American Van Lines begann seine Lkw-T\u00e4tigkeit im Jahr 1933 mit 12 Vertretern. F\u00fcnf Jahre sp\u00e4ter hatte das Unternehmen \u00fcber 120 Vertreter. Das Unternehmen befasst sich mit Haus- und B\u00fcroumz\u00fcgen, sowohl auf lokaler als auch auf nationaler und internationaler Ebene. North American Van Lines wurde 1998 eine Tochtergesellschaft von SIRVA Inc. <\/p>\n<p>Das Unternehmen hat fast 8.000 Mitarbeiter und betreibt <strong>1.694 Lkw<\/strong>. Es wird gesch\u00e4tzt, dass ihre Fahrzeuge in den letzten Jahren <strong>37.256.707 Meilen<\/strong>.<\/p>\n<p>North American Van Lines hat \u00fcber 500 Vertreter in Nordamerika. Sie verf\u00fcgen \u00fcber eine Satellitenverfolgung, um alle Sendungen jederzeit lokalisieren zu k\u00f6nnen. Au\u00dferdem verwenden sie Kranwagen, mit denen sie gro\u00dfe Gegenst\u00e4nde ohne Laderampe auf- und abladen k\u00f6nnen. <\/p>\n<p>Das Unternehmen hat ein Qualit\u00e4tsprogramm eingef\u00fchrt, um alle Mitarbeiter und Agenten auf dem h\u00f6chstm\u00f6glichen Niveau zu schulen.<\/p>\n<p>Akkreditierungen und Zugeh\u00f6rigkeiten von North American Van Lines:<\/p>\n<ul>\n<li> Zoll-Handels-Partnerschaft gegen den Terrorismus (C-TPAT)<\/li>\n<li> <a href=\"https:\/\/moverdb.com\/de\/amsa\/\">Amerikanische Vereinigung f\u00fcr Umzug und Lagerung<\/a> (<a href=\"https:\/\/moverdb.com\/de\/amsa\/\" data-internallinksmanager029f6b8e52c=\"5\" title=\"American Moving &amp; Storage Association (AMSA) erkl\u00e4rt\">AMSA<\/a>) - <a href=\"https:\/\/moverdb.com\/de\/rim-promover\/\">ProMover<\/a><\/li>\n<li> BBB-akkreditiertes Unternehmen<\/li>\n<li> <a href=\"https:\/\/moverdb.com\/de\/kanadischer-verband-der-spediteure\/\">Kanadischer Verband der Spediteure<\/a> (<a href=\"https:\/\/moverdb.com\/de\/canadian-association-of-movers\/\" data-internallinksmanager029f6b8e52c=\"11\" title=\"Kanadischer Verband der Spediteure (CAM) erkl\u00e4rt\">CAM<\/a>)<\/li>\n<\/ul>\n<h2>North American Van Lines Bewertungen<\/h2>\n<p><strong>Positiv:<\/strong><\/p>\n<ul>\n<li>  <em>\"Wir ziehen st\u00e4ndig um, und dies war der beste Umzug, den wir je hatten. Wir hatten noch nie einen Umzug, bei dem alles so gut geklappt hat. Alles war einfach wunderbar.\"<\/em> - Justin P. Kunde <a href=\"https:\/\/www.northamerican.com\/\" target=\"_blank\" rel=\"noopener\">Zeugnis von ihrer Website<\/a>.<\/li>\n<li> <em>\"Immer p\u00fcnktlich, effizient, sympathisch und sehr hilfsbereit. Wir waren angenehm \u00fcberrascht, dass wir nach dem Verladen und Wiegen unserer Goofs tats\u00e4chlich weniger als den angegebenen Betrag zahlen mussten! Ich w\u00fcrde sie auf jeden Fall empfehlen!<\/em>\" - Candace \u00fcber <a href=\"http:\/\/www.bbb.org\/northernindiana\/business-reviews\/movers\/north-american-van-lines-in-fort-wayne-in-90077877\/customer-reviews\" target=\"_blank\" rel=\"noopener\">BBB<\/a><\/li>\n<li> <em>\"Der Umzug von einem Haus mit einer langen, windigen und engen Einfahrt in ein anderes, Hunderte von Meilen entferntes Haus, war f\u00fcr keinen Spediteur eine leichte Aufgabe. Aber North American Van Lines bot eine wunderbare Erfahrung, die den Umzug weniger stressig machte... und, ich wage zu sagen, Spa\u00df.\"<\/em> - Phyllis \u00fcber <a href=\"https:\/\/www.facebook.com\/northAmericanVL\/reviews#\" target=\"_blank\" rel=\"noopener\">Facebook<\/a><\/li>\n<\/ul>\n<p><strong>Negativ:<\/strong><\/p>\n<ul>\n<li> <em>\"Schreckliche Erfahrung mit dieser Firma. Ich habe sie f\u00fcr meinen Umzug von Baltimore nach <a href=\"https:\/\/moverdb.com\/de\/umziehen-nach-san-francisco\/\">San Francisco<\/a>.  Sie verwenden lokale <a href=\"https:\/\/moverdb.com\/de\/moving-companies\/\" data-internallinksmanager029f6b8e52c=\"79\" title=\"Top 25 Internationale Umzugsunternehmen Online\">Umzugsunternehmen<\/a> Sie haben einen Vertrag mit North American abgeschlossen, um Ihre Sachen abzuholen und abzuliefern.\"<\/em> - Nick \u00fcber <a href=\"http:\/\/www.mymovingreviews.com\/movers\/north-american-van-lines-287#33438\" target=\"_blank\" rel=\"noopener\">MyMovingReviews<\/a><\/li>\n<li> <em>\"Umzug von <a href=\"https:\/\/moverdb.com\/de\/moving-companies\/moving-companies-peru\/\" data-internallinksmanager029f6b8e52c=\"273\" title=\"Die 9 besten internationalen Umzugsunternehmen in Peru\">Peru<\/a> zu <a href=\"https:\/\/moverdb.com\/de\/moving-to-the-united-states\/moving-to-iowa\/\" data-internallinksmanager029f6b8e52c=\"463\" title=\"Umzug nach Iowa? 2024 Lebenshaltungskosten &amp; Umzugstipps\">Iowa<\/a> war ein Alptraum. Das Schlimmste war, dass der Lkw von \"Profis\" von North American Van Lines entladen wurde.<\/em> - Arthur \u00fcber <a href=\"https:\/\/www.consumeraffairs.com\/movers\/north_american.htm\" target=\"_blank\" rel=\"noopener\">Verbraucherangelegenheiten<\/a><\/li>\n<li> <em>\"Es ist 10 Tage her, dass meine Sachen aus dem Krankenhaus abgeholt wurden. <a href=\"https:\/\/moverdb.com\/de\/moving-to-the-united-states\/moving-to-oklahoma\/\" data-internallinksmanager029f6b8e52c=\"453\" title=\"Umzug nach Oklahoma? 2024 Lebenshaltungskosten &amp; Umzugstipps\">Oklahoma<\/a>Es sind nur noch 2 Werktage f\u00fcr die Zustellung \u00fcbrig und sie haben gerade herausgefunden, dass der Fahrer meine Sachen NIE abgeholt hat.\"<\/em> - \u00fcber <a href=\"http:\/\/north-american-van-lines.pissedconsumer.com\/left-my-stuff-behind-20160401821464.html\" target=\"_blank\" rel=\"noopener\">Ver\u00e4rgerter Verbraucher<\/a><\/li>\n<\/ul>\n<div itemprop=\"review\" itemscope itemtype=\"http:\/\/schema.org\/Review\">\n<span itemprop=\"author\" itemscope=\"\" itemtype=\"http:\/\/schema.org\/Organization\"><span itemprop=\"name\">MoverDB.com<\/span><\/span> Online Website \u00dcberpr\u00fcfung f\u00fcr <span itemprop=\"itemreviewed\" itemscope=\"\" itemtype=\"http:\/\/schema.org\/Brand\"><span itemprop=\"name\">North American Van Lines<\/span><\/span>:<\/p>\n<ol>\n<li> Klare Kontaktangaben auf der Website (einschlie\u00dflich Telefonnummer): <strong>Ja<\/strong><\/li>\n<li> Leicht zu bekommen <a href=\"https:\/\/moverdb.com\/de\/zitate\/\">Angebote f\u00fcr internationale Umz\u00fcge<\/a>? (Online-Formular f\u00fcr Kostenvoranschl\u00e4ge): <strong>Ja<\/strong><\/li>\n<li> Klare Informationen auf der Website: <strong>Ja<\/strong>Viele Informationen \u00fcber nationale und internationale Umz\u00fcge.<\/li>\n<li> Mitgliedschaft in international anerkannten Umzugsorganisationen: <strong>Ja<\/strong>, siehe oben<\/li>\n<li> Liste der Kunden und\/oder Zeugnisse von fr\u00fcheren Kunden. <strong>Ja,<\/strong> Auf der Seite gibt es viele Erfahrungsberichte, aber die meisten sind recht kurz.<\/li>\n<\/ol>\n<div itemprop=\"reviewRating\" itemscope itemtype=\"http:\/\/schema.org\/Rating\"><meta itemprop=\"worstRating\" content = \"0\" \/><meta itemprop=\"bestRating\" content=\"4.5\" \/><meta itemprop=\"ratingValue\" content=\"5\"><\/div>\n<p><strong>Gesamtbewertung: 4.5\/5<\/strong><br \/>\n<strong>Datum der \u00dcberpr\u00fcfung:<\/strong> <span itemprop=\"datePublished\" content=\"2016-08-24\">04\/08\/2016<\/span>\n<\/div>\n<p>Lesen Sie mehr \u00fcber <a href=\"https:\/\/moverdb.com\/de\/umzugsunternehmen\/\">internationale Umzugsunternehmen<\/a>, <a href=\"https:\/\/moverdb.com\/de\/us-kanada-umzuge\/\">Kanadische und US-Umzugsunternehmen<\/a> und unsere <a href=\"https:\/\/moverdb.com\/de\/bewertungen\/\">beweglicher \u00dcberpr\u00fcfungsprozess<\/a>.<\/p>\n<p><strong>Websites:<\/strong><br \/>\n<a href=\"https:\/\/moverdb.com\/de\/moving-to-the-united-states\/\" data-internallinksmanager029f6b8e52c=\"94\" title=\"Umzug in die Vereinigten Staaten? 2026 Lebenshaltungskosten &amp; Umzugstipps\">US<\/a>: <a href=\"https:\/\/www.northamerican.com\/\" target=\"_blank\" rel=\"noopener\">https:\/\/www.northamerican.com\/<\/a><br \/>\n<a href=\"https:\/\/moverdb.com\/de\/moving-to-canada\/\" data-internallinksmanager029f6b8e52c=\"265\" title=\"Umzug nach Kanada? 2026 Lebenshaltungskosten &amp; Umzugstipps\">Kanada<\/a>: <a href=\"http:\/\/www.northamericanvanlines.ca\/\" target=\"_blank\" rel=\"noopener\">http:\/\/www.northamericanvanlines.ca\/<\/a><\/p>","protected":false},"excerpt":{"rendered":"<p>North American Van Lines offer their customers services for international, corporate and domestic moves. A list of these services follows, together with a company profile and reviews. International Moving for Individuals and Companies Door to door service Packing, padding and protecting belongings Disassembling furniture Ship containers for every application Advice on what to pack and [&hellip;]<\/p>\n","protected":false},"author":1,"featured_media":0,"parent":0,"menu_order":0,"comment_status":"closed","ping_status":"closed","template":"","meta":{"_genesis_hide_title":false,"_genesis_hide_breadcrumbs":false,"_genesis_hide_singular_image":false,"_genesis_hide_footer_widgets":false,"_genesis_custom_body_class":"","_genesis_custom_post_class":"","_genesis_layout":"","footnotes":""},"class_list":{"0":"post-1075","1":"page","2":"type-page","3":"status-publish","5":"entry"},"_links":{"self":[{"href":"https:\/\/moverdb.com\/de\/wp-json\/wp\/v2\/pages\/1075","targetHints":{"allow":["GET"]}}],"collection":[{"href":"https:\/\/moverdb.com\/de\/wp-json\/wp\/v2\/pages"}],"about":[{"href":"https:\/\/moverdb.com\/de\/wp-json\/wp\/v2\/types\/page"}],"author":[{"embeddable":true,"href":"https:\/\/moverdb.com\/de\/wp-json\/wp\/v2\/users\/1"}],"replies":[{"embeddable":true,"href":"https:\/\/moverdb.com\/de\/wp-json\/wp\/v2\/comments?post=1075"}],"version-history":[{"count":11,"href":"https:\/\/moverdb.com\/de\/wp-json\/wp\/v2\/pages\/1075\/revisions"}],"predecessor-version":[{"id":6227,"href":"https:\/\/moverdb.com\/de\/wp-json\/wp\/v2\/pages\/1075\/revisions\/6227"}],"wp:attachment":[{"href":"https:\/\/moverdb.com\/de\/wp-json\/wp\/v2\/media?parent=1075"}],"curies":[{"name":"wp","href":"https:\/\/api.w.org\/{rel}","templated":true}]}}